{"id":47120,"date":"2025-12-02T12:53:42","date_gmt":"2025-12-02T10:53:42","guid":{"rendered":"https:\/\/miumjau.ee\/toode\/suns-guolis-bodyguard-sofa-bed-pilkas-s\/"},"modified":"2026-01-07T20:46:55","modified_gmt":"2026-01-07T18:46:55","slug":"suns-guolis-bodyguard-sofa-bed-pilkas-s","status":"publish","type":"product","link":"https:\/\/miumjau.ee\/lt\/produktas\/suns-guolis-bodyguard-sofa-bed-pilkas-s\/","title":{"rendered":"\u0160uns guolis Bodyguard Sofa Bed Pilkas S"},"content":{"rendered":"","protected":false},"excerpt":{"rendered":"<p data-start=\"3661\" data-end=\"4007\">\u0160is puikus \u0161uns guolis turi ypa\u010d stipr\u0173 u\u017epild\u0105, u\u017etikrinant\u012f optimal\u0173 komfort\u0105 ir puik\u0173 nakties mieg\u0105. Guolio vir\u0161us apsaugo j\u016bs\u0173 \u0161un\u012f, d\u0117ka specialiai apdorotos INSECT BODYGUARD apsaugos, o apa\u010dia padengta unikalia neslystan\u010dia med\u017eiaga. Kai \u0161uo guli ant guolio, erk\u0117s, blusos, erku\u010diai, uodai ir kiti vabzd\u017eiai, patek\u0119 \u012f kontakt\u0105, sunaikinami.<\/p>\n<p data-start=\"4009\" data-end=\"4297\"><strong data-start=\"4009\" data-end=\"4029\">Kaip tai veikia:<\/strong> INSECT BODYGUARD Sofa yra apdorotas biocidu Permithin, turin\u010diu aktyv\u0173 ekstrakt\u0105, pagr\u012fst\u0105 nat\u016braliu chrizantem\u0173 sekretu. \u0160i med\u017eiaga nekenksminga \u017emon\u0117ms ir gyv\u016bnams, ta\u010diau mirtina vabzd\u017eiams. Aktyvusis komponentas nei\u0161b\u0117ga i\u0161 guolio, u\u017etikrinant nuolatin\u0119 apsaug\u0105.<\/p>\n<p data-start=\"4299\" data-end=\"4471\"><strong data-start=\"4299\" data-end=\"4310\">Trukm\u0117:<\/strong> INSECT BODYGUARD poveikis i\u0161lieka iki 75 skalbim\u0173. Optimaliai apsaugai rekomenduojame reguliariai plauti guol\u012f, kad pa\u0161alintum\u0117te dulkes, ne\u0161varumus ir plaukus.<\/p>\n<p data-start=\"4473\" data-end=\"4637\"><strong data-start=\"4473\" data-end=\"4487\">Med\u017eiagos:<\/strong><br data-start=\"4487\" data-end=\"4490\" \/>Vir\u0161utinis dangalas: 65 % poliesteris, 35 % medviln\u0117<br data-start=\"4542\" data-end=\"4545\" \/>Apatinis dangalas: neslystantis, 100 % poliesteris<br data-start=\"4595\" data-end=\"4598\" \/>U\u017epildas: 100 % poliesteris (silikonas)<\/p>\n<p data-start=\"4639\" data-end=\"4664\"><strong data-start=\"4639\" data-end=\"4649\">Dydis:<\/strong> S \u2013 65 x 55 cm<\/p>\n","protected":false},"featured_media":46534,"template":"","meta":[],"product_brand":[],"product_cat":[856],"product_tag":[],"class_list":{"0":"post-47120","1":"product","2":"type-product","3":"status-publish","4":"has-post-thumbnail","6":"product_cat-lovos-kilimeliai-guoliai","8":"first","9":"instock","10":"taxable","11":"shipping-taxable","12":"purchasable","13":"product-type-simple"},"yoast_head":"<!-- This site is optimized with the Yoast SEO plugin v27.2 - https:\/\/yoast.com\/product\/yoast-seo-wordpress\/ -->\n<title>\u0160uns guolis Bodyguard Sofa Bed Pilkas S - MiuMjau<\/title>\n<meta name=\"robots\" content=\"index, follow, max-snippet:-1, max-image-preview:large, max-video-preview:-1\" \/>\n<link rel=\"canonical\" href=\"https:\/\/miumjau.ee\/lt\/produktas\/suns-guolis-bodyguard-sofa-bed-pilkas-s\/\" \/>\n<meta property=\"og:locale\" content=\"lt_LT\" \/>\n<meta property=\"og:type\" content=\"article\" \/>\n<meta property=\"og:title\" content=\"\u0160uns guolis Bodyguard Sofa Bed Pilkas S - MiuMjau\" \/>\n<meta property=\"og:description\" content=\"\u0160is puikus \u0161uns guolis turi ypa\u010d stipr\u0173 u\u017epild\u0105, u\u017etikrinant\u012f optimal\u0173 komfort\u0105 ir puik\u0173 nakties mieg\u0105. Guolio vir\u0161us apsaugo j\u016bs\u0173 \u0161un\u012f, d\u0117ka specialiai apdorotos INSECT BODYGUARD apsaugos, o apa\u010dia padengta unikalia neslystan\u010dia med\u017eiaga. Kai \u0161uo guli ant guolio, erk\u0117s, blusos, erku\u010diai, uodai ir kiti vabzd\u017eiai, patek\u0119 \u012f kontakt\u0105, sunaikinami. Kaip tai veikia: INSECT BODYGUARD Sofa yra apdorotas biocidu Permithin, turin\u010diu aktyv\u0173 ekstrakt\u0105, pagr\u012fst\u0105 nat\u016braliu chrizantem\u0173 sekretu. \u0160i med\u017eiaga nekenksminga \u017emon\u0117ms ir gyv\u016bnams, ta\u010diau mirtina vabzd\u017eiams. Aktyvusis komponentas nei\u0161b\u0117ga i\u0161 guolio, u\u017etikrinant nuolatin\u0119 apsaug\u0105. Trukm\u0117: INSECT BODYGUARD poveikis i\u0161lieka iki 75 skalbim\u0173. Optimaliai apsaugai rekomenduojame reguliariai plauti guol\u012f, kad pa\u0161alintum\u0117te dulkes, ne\u0161varumus ir plaukus. Med\u017eiagos:Vir\u0161utinis dangalas: 65 % poliesteris, 35 % medviln\u0117Apatinis dangalas: neslystantis, 100 % poliesterisU\u017epildas: 100 % poliesteris (silikonas) Dydis: S \u2013 65 x 55 cm\" \/>\n<meta property=\"og:url\" content=\"https:\/\/miumjau.ee\/lt\/produktas\/suns-guolis-bodyguard-sofa-bed-pilkas-s\/\" \/>\n<meta property=\"og:site_name\" content=\"MiuMjau\" \/>\n<meta property=\"article:publisher\" content=\"https:\/\/www.facebook.com\/miumjaupood\/\" \/>\n<meta property=\"article:modified_time\" content=\"2026-01-07T18:46:55+00:00\" \/>\n<meta property=\"og:image\" content=\"https:\/\/miumjau.ee\/wp-content\/uploads\/2025\/12\/bodyguard-sofa-bed-s-hall.jpg\" \/>\n\t<meta property=\"og:image:width\" content=\"600\" \/>\n\t<meta property=\"og:image:height\" content=\"800\" \/>\n\t<meta property=\"og:image:type\" content=\"image\/jpeg\" \/>\n<meta name=\"twitter:card\" content=\"summary_large_image\" \/>\n<script type=\"application\/ld+json\" class=\"yoast-schema-graph\">{\"@context\":\"https:\/\/schema.org\",\"@graph\":[{\"@type\":\"WebPage\",\"@id\":\"https:\/\/miumjau.ee\/lt\/produktas\/suns-guolis-bodyguard-sofa-bed-pilkas-s\/\",\"url\":\"https:\/\/miumjau.ee\/lt\/produktas\/suns-guolis-bodyguard-sofa-bed-pilkas-s\/\",\"name\":\"\u0160uns guolis Bodyguard Sofa Bed Pilkas S - MiuMjau\",\"isPartOf\":{\"@id\":\"https:\/\/miumjau.ee\/#website\"},\"primaryImageOfPage\":{\"@id\":\"https:\/\/miumjau.ee\/lt\/produktas\/suns-guolis-bodyguard-sofa-bed-pilkas-s\/#primaryimage\"},\"image\":{\"@id\":\"https:\/\/miumjau.ee\/lt\/produktas\/suns-guolis-bodyguard-sofa-bed-pilkas-s\/#primaryimage\"},\"thumbnailUrl\":\"https:\/\/miumjau.ee\/wp-content\/uploads\/2025\/12\/bodyguard-sofa-bed-s-hall.jpg\",\"datePublished\":\"2025-12-02T10:53:42+00:00\",\"dateModified\":\"2026-01-07T18:46:55+00:00\",\"breadcrumb\":{\"@id\":\"https:\/\/miumjau.ee\/lt\/produktas\/suns-guolis-bodyguard-sofa-bed-pilkas-s\/#breadcrumb\"},\"inLanguage\":\"lt-LT\",\"potentialAction\":[{\"@type\":\"ReadAction\",\"target\":[\"https:\/\/miumjau.ee\/lt\/produktas\/suns-guolis-bodyguard-sofa-bed-pilkas-s\/\"]}]},{\"@type\":\"ImageObject\",\"inLanguage\":\"lt-LT\",\"@id\":\"https:\/\/miumjau.ee\/lt\/produktas\/suns-guolis-bodyguard-sofa-bed-pilkas-s\/#primaryimage\",\"url\":\"https:\/\/miumjau.ee\/wp-content\/uploads\/2025\/12\/bodyguard-sofa-bed-s-hall.jpg\",\"contentUrl\":\"https:\/\/miumjau.ee\/wp-content\/uploads\/2025\/12\/bodyguard-sofa-bed-s-hall.jpg\",\"width\":600,\"height\":800,\"caption\":\"Pesa koerale Bodyguard Sofa Bed Grey S\"},{\"@type\":\"BreadcrumbList\",\"@id\":\"https:\/\/miumjau.ee\/lt\/produktas\/suns-guolis-bodyguard-sofa-bed-pilkas-s\/#breadcrumb\",\"itemListElement\":[{\"@type\":\"ListItem\",\"position\":1,\"name\":\"Home\",\"item\":\"https:\/\/miumjau.ee\/lt\/\"},{\"@type\":\"ListItem\",\"position\":2,\"name\":\"Parduotuv\u0117\",\"item\":\"https:\/\/miumjau.ee\/lt\/parduotuve\/\"},{\"@type\":\"ListItem\",\"position\":3,\"name\":\"\u0160uns guolis Bodyguard Sofa Bed Pilkas S\"}]},{\"@type\":\"WebSite\",\"@id\":\"https:\/\/miumjau.ee\/#website\",\"url\":\"https:\/\/miumjau.ee\/\",\"name\":\"MiuMjau\",\"description\":\"Kraapimispuud kassidele\",\"publisher\":{\"@id\":\"https:\/\/miumjau.ee\/#organization\"},\"potentialAction\":[{\"@type\":\"SearchAction\",\"target\":{\"@type\":\"EntryPoint\",\"urlTemplate\":\"https:\/\/miumjau.ee\/?s={search_term_string}\"},\"query-input\":{\"@type\":\"PropertyValueSpecification\",\"valueRequired\":true,\"valueName\":\"search_term_string\"}}],\"inLanguage\":\"lt-LT\"},{\"@type\":\"Organization\",\"@id\":\"https:\/\/miumjau.ee\/#organization\",\"name\":\"MiuMjau O\u00dc\",\"url\":\"https:\/\/miumjau.ee\/\",\"logo\":{\"@type\":\"ImageObject\",\"inLanguage\":\"lt-LT\",\"@id\":\"https:\/\/miumjau.ee\/#\/schema\/logo\/image\/\",\"url\":\"https:\/\/miumjau.ee\/wp-content\/uploads\/2022\/04\/MiuMjau-logo-kollane.png\",\"contentUrl\":\"https:\/\/miumjau.ee\/wp-content\/uploads\/2022\/04\/MiuMjau-logo-kollane.png\",\"width\":219,\"height\":100,\"caption\":\"MiuMjau O\u00dc\"},\"image\":{\"@id\":\"https:\/\/miumjau.ee\/#\/schema\/logo\/image\/\"},\"sameAs\":[\"https:\/\/www.facebook.com\/miumjaupood\/\"]}]}<\/script>\n<!-- \/ Yoast SEO plugin. -->","yoast_head_json":{"title":"\u0160uns guolis Bodyguard Sofa Bed Pilkas S - MiuMjau","robots":{"index":"index","follow":"follow","max-snippet":"max-snippet:-1","max-image-preview":"max-image-preview:large","max-video-preview":"max-video-preview:-1"},"canonical":"https:\/\/miumjau.ee\/lt\/produktas\/suns-guolis-bodyguard-sofa-bed-pilkas-s\/","og_locale":"lt_LT","og_type":"article","og_title":"\u0160uns guolis Bodyguard Sofa Bed Pilkas S - MiuMjau","og_description":"\u0160is puikus \u0161uns guolis turi ypa\u010d stipr\u0173 u\u017epild\u0105, u\u017etikrinant\u012f optimal\u0173 komfort\u0105 ir puik\u0173 nakties mieg\u0105. Guolio vir\u0161us apsaugo j\u016bs\u0173 \u0161un\u012f, d\u0117ka specialiai apdorotos INSECT BODYGUARD apsaugos, o apa\u010dia padengta unikalia neslystan\u010dia med\u017eiaga. Kai \u0161uo guli ant guolio, erk\u0117s, blusos, erku\u010diai, uodai ir kiti vabzd\u017eiai, patek\u0119 \u012f kontakt\u0105, sunaikinami. Kaip tai veikia: INSECT BODYGUARD Sofa yra apdorotas biocidu Permithin, turin\u010diu aktyv\u0173 ekstrakt\u0105, pagr\u012fst\u0105 nat\u016braliu chrizantem\u0173 sekretu. \u0160i med\u017eiaga nekenksminga \u017emon\u0117ms ir gyv\u016bnams, ta\u010diau mirtina vabzd\u017eiams. Aktyvusis komponentas nei\u0161b\u0117ga i\u0161 guolio, u\u017etikrinant nuolatin\u0119 apsaug\u0105. Trukm\u0117: INSECT BODYGUARD poveikis i\u0161lieka iki 75 skalbim\u0173. Optimaliai apsaugai rekomenduojame reguliariai plauti guol\u012f, kad pa\u0161alintum\u0117te dulkes, ne\u0161varumus ir plaukus. Med\u017eiagos:Vir\u0161utinis dangalas: 65 % poliesteris, 35 % medviln\u0117Apatinis dangalas: neslystantis, 100 % poliesterisU\u017epildas: 100 % poliesteris (silikonas) Dydis: S \u2013 65 x 55 cm","og_url":"https:\/\/miumjau.ee\/lt\/produktas\/suns-guolis-bodyguard-sofa-bed-pilkas-s\/","og_site_name":"MiuMjau","article_publisher":"https:\/\/www.facebook.com\/miumjaupood\/","article_modified_time":"2026-01-07T18:46:55+00:00","og_image":[{"width":600,"height":800,"url":"https:\/\/miumjau.ee\/wp-content\/uploads\/2025\/12\/bodyguard-sofa-bed-s-hall.jpg","type":"image\/jpeg"}],"twitter_card":"summary_large_image","schema":{"@context":"https:\/\/schema.org","@graph":[{"@type":"WebPage","@id":"https:\/\/miumjau.ee\/lt\/produktas\/suns-guolis-bodyguard-sofa-bed-pilkas-s\/","url":"https:\/\/miumjau.ee\/lt\/produktas\/suns-guolis-bodyguard-sofa-bed-pilkas-s\/","name":"\u0160uns guolis Bodyguard Sofa Bed Pilkas S - MiuMjau","isPartOf":{"@id":"https:\/\/miumjau.ee\/#website"},"primaryImageOfPage":{"@id":"https:\/\/miumjau.ee\/lt\/produktas\/suns-guolis-bodyguard-sofa-bed-pilkas-s\/#primaryimage"},"image":{"@id":"https:\/\/miumjau.ee\/lt\/produktas\/suns-guolis-bodyguard-sofa-bed-pilkas-s\/#primaryimage"},"thumbnailUrl":"https:\/\/miumjau.ee\/wp-content\/uploads\/2025\/12\/bodyguard-sofa-bed-s-hall.jpg","datePublished":"2025-12-02T10:53:42+00:00","dateModified":"2026-01-07T18:46:55+00:00","breadcrumb":{"@id":"https:\/\/miumjau.ee\/lt\/produktas\/suns-guolis-bodyguard-sofa-bed-pilkas-s\/#breadcrumb"},"inLanguage":"lt-LT","potentialAction":[{"@type":"ReadAction","target":["https:\/\/miumjau.ee\/lt\/produktas\/suns-guolis-bodyguard-sofa-bed-pilkas-s\/"]}]},{"@type":"ImageObject","inLanguage":"lt-LT","@id":"https:\/\/miumjau.ee\/lt\/produktas\/suns-guolis-bodyguard-sofa-bed-pilkas-s\/#primaryimage","url":"https:\/\/miumjau.ee\/wp-content\/uploads\/2025\/12\/bodyguard-sofa-bed-s-hall.jpg","contentUrl":"https:\/\/miumjau.ee\/wp-content\/uploads\/2025\/12\/bodyguard-sofa-bed-s-hall.jpg","width":600,"height":800,"caption":"Pesa koerale Bodyguard Sofa Bed Grey S"},{"@type":"BreadcrumbList","@id":"https:\/\/miumjau.ee\/lt\/produktas\/suns-guolis-bodyguard-sofa-bed-pilkas-s\/#breadcrumb","itemListElement":[{"@type":"ListItem","position":1,"name":"Home","item":"https:\/\/miumjau.ee\/lt\/"},{"@type":"ListItem","position":2,"name":"Parduotuv\u0117","item":"https:\/\/miumjau.ee\/lt\/parduotuve\/"},{"@type":"ListItem","position":3,"name":"\u0160uns guolis Bodyguard Sofa Bed Pilkas S"}]},{"@type":"WebSite","@id":"https:\/\/miumjau.ee\/#website","url":"https:\/\/miumjau.ee\/","name":"MiuMjau","description":"Kraapimispuud kassidele","publisher":{"@id":"https:\/\/miumjau.ee\/#organization"},"potentialAction":[{"@type":"SearchAction","target":{"@type":"EntryPoint","urlTemplate":"https:\/\/miumjau.ee\/?s={search_term_string}"},"query-input":{"@type":"PropertyValueSpecification","valueRequired":true,"valueName":"search_term_string"}}],"inLanguage":"lt-LT"},{"@type":"Organization","@id":"https:\/\/miumjau.ee\/#organization","name":"MiuMjau O\u00dc","url":"https:\/\/miumjau.ee\/","logo":{"@type":"ImageObject","inLanguage":"lt-LT","@id":"https:\/\/miumjau.ee\/#\/schema\/logo\/image\/","url":"https:\/\/miumjau.ee\/wp-content\/uploads\/2022\/04\/MiuMjau-logo-kollane.png","contentUrl":"https:\/\/miumjau.ee\/wp-content\/uploads\/2022\/04\/MiuMjau-logo-kollane.png","width":219,"height":100,"caption":"MiuMjau O\u00dc"},"image":{"@id":"https:\/\/miumjau.ee\/#\/schema\/logo\/image\/"},"sameAs":["https:\/\/www.facebook.com\/miumjaupood\/"]}]}},"_links":{"self":[{"href":"https:\/\/miumjau.ee\/lt\/wp-json\/wp\/v2\/product\/47120","targetHints":{"allow":["GET"]}}],"collection":[{"href":"https:\/\/miumjau.ee\/lt\/wp-json\/wp\/v2\/product"}],"about":[{"href":"https:\/\/miumjau.ee\/lt\/wp-json\/wp\/v2\/types\/product"}],"wp:featuredmedia":[{"embeddable":true,"href":"https:\/\/miumjau.ee\/lt\/wp-json\/wp\/v2\/media\/46534"}],"wp:attachment":[{"href":"https:\/\/miumjau.ee\/lt\/wp-json\/wp\/v2\/media?parent=47120"}],"wp:term":[{"taxonomy":"product_brand","embeddable":true,"href":"https:\/\/miumjau.ee\/lt\/wp-json\/wp\/v2\/product_brand?post=47120"},{"taxonomy":"product_cat","embeddable":true,"href":"https:\/\/miumjau.ee\/lt\/wp-json\/wp\/v2\/product_cat?post=47120"},{"taxonomy":"product_tag","embeddable":true,"href":"https:\/\/miumjau.ee\/lt\/wp-json\/wp\/v2\/product_tag?post=47120"}],"curies":[{"name":"wp","href":"https:\/\/api.w.org\/{rel}","templated":true}]}}