{"id":47112,"date":"2025-12-02T12:42:51","date_gmt":"2025-12-02T10:42:51","guid":{"rendered":"https:\/\/miumjau.ee\/toode\/suns-guolis-bodyguard-royal-bed-pilkas-s\/"},"modified":"2026-01-07T20:46:55","modified_gmt":"2026-01-07T18:46:55","slug":"suns-guolis-bodyguard-royal-bed-pilkas-s","status":"publish","type":"product","link":"https:\/\/miumjau.ee\/lt\/produktas\/suns-guolis-bodyguard-royal-bed-pilkas-s\/","title":{"rendered":"\u0160uns guolis Bodyguard Royal Bed Pilkas S"},"content":{"rendered":"","protected":false},"excerpt":{"rendered":"<p data-start=\"2972\" data-end=\"3075\">\u0160is puikus \u0161uns guolis turi stor\u0105 ir sustiprint\u0105 u\u017epild\u0105, u\u017etikrinant\u012f optimal\u0173 komfort\u0105 ir ram\u0173 mieg\u0105.<\/p>\n<p data-start=\"3077\" data-end=\"3446\"><strong data-start=\"3077\" data-end=\"3097\">Kaip tai veikia:<\/strong> INSECT BODYGUARD Royal Bed yra apdorotas biocidu Permithin, kuris turi aktyv\u0173 ekstrakt\u0105, pagr\u012fst\u0105 nat\u016braliu chrizantem\u0173 sekretu. \u0160i med\u017eiaga yra nekenksminga \u017emon\u0117ms ir gyv\u016bnams, ta\u010diau mirtina vabzd\u017eiams. Kai aktyvi med\u017eiaga pridedama prie \u0161uns guolio, ji nei\u0161silieja ir suteikia nuolatin\u0119 apsaug\u0105 nuo erki\u0173, blus\u0173, erku\u010di\u0173, uod\u0173 ir kit\u0173 vabzd\u017ei\u0173.<\/p>\n<p data-start=\"3448\" data-end=\"3605\"><strong data-start=\"3448\" data-end=\"3459\">Trukm\u0117:<\/strong> INSECT BODYGUARD poveikis i\u0161lieka iki 75 skalbim\u0173. Optimaliai apsaugai rekomenduojame guol\u012f reguliariai plauti (d\u0117l ne\u0161varum\u0173, dulki\u0173 ir plauk\u0173).<\/p>\n<p data-start=\"3607\" data-end=\"3771\"><strong data-start=\"3607\" data-end=\"3621\">Med\u017eiagos:<\/strong><br data-start=\"3621\" data-end=\"3624\" \/>Vir\u0161utinis dangalas: 65 % poliesteris, 35 % medviln\u0117<br data-start=\"3676\" data-end=\"3679\" \/>Apatinis dangalas: neslystantis, 100 % poliesteris<br data-start=\"3729\" data-end=\"3732\" \/>U\u017epildas: 100 % poliesteris (silikonas)<\/p>\n<p data-start=\"3773\" data-end=\"3807\"><strong data-start=\"3773\" data-end=\"3786\">Matmenys:<\/strong> Dydis S \u2013 65 x 50 cm<\/p>\n","protected":false},"featured_media":46528,"template":"","meta":[],"product_brand":[],"product_cat":[856],"product_tag":[],"class_list":{"0":"post-47112","1":"product","2":"type-product","3":"status-publish","4":"has-post-thumbnail","6":"product_cat-lovos-kilimeliai-guoliai","8":"first","9":"instock","10":"taxable","11":"shipping-taxable","12":"purchasable","13":"product-type-simple"},"yoast_head":"<!-- This site is optimized with the Yoast SEO plugin v27.2 - https:\/\/yoast.com\/product\/yoast-seo-wordpress\/ -->\n<title>\u0160uns guolis Bodyguard Royal Bed Pilkas S - MiuMjau<\/title>\n<meta name=\"robots\" content=\"index, follow, max-snippet:-1, max-image-preview:large, max-video-preview:-1\" \/>\n<link rel=\"canonical\" href=\"https:\/\/miumjau.ee\/lt\/produktas\/suns-guolis-bodyguard-royal-bed-pilkas-s\/\" \/>\n<meta property=\"og:locale\" content=\"lt_LT\" \/>\n<meta property=\"og:type\" content=\"article\" \/>\n<meta property=\"og:title\" content=\"\u0160uns guolis Bodyguard Royal Bed Pilkas S - MiuMjau\" \/>\n<meta property=\"og:description\" content=\"\u0160is puikus \u0161uns guolis turi stor\u0105 ir sustiprint\u0105 u\u017epild\u0105, u\u017etikrinant\u012f optimal\u0173 komfort\u0105 ir ram\u0173 mieg\u0105. Kaip tai veikia: INSECT BODYGUARD Royal Bed yra apdorotas biocidu Permithin, kuris turi aktyv\u0173 ekstrakt\u0105, pagr\u012fst\u0105 nat\u016braliu chrizantem\u0173 sekretu. \u0160i med\u017eiaga yra nekenksminga \u017emon\u0117ms ir gyv\u016bnams, ta\u010diau mirtina vabzd\u017eiams. Kai aktyvi med\u017eiaga pridedama prie \u0161uns guolio, ji nei\u0161silieja ir suteikia nuolatin\u0119 apsaug\u0105 nuo erki\u0173, blus\u0173, erku\u010di\u0173, uod\u0173 ir kit\u0173 vabzd\u017ei\u0173. Trukm\u0117: INSECT BODYGUARD poveikis i\u0161lieka iki 75 skalbim\u0173. Optimaliai apsaugai rekomenduojame guol\u012f reguliariai plauti (d\u0117l ne\u0161varum\u0173, dulki\u0173 ir plauk\u0173). Med\u017eiagos:Vir\u0161utinis dangalas: 65 % poliesteris, 35 % medviln\u0117Apatinis dangalas: neslystantis, 100 % poliesterisU\u017epildas: 100 % poliesteris (silikonas) Matmenys: Dydis S \u2013 65 x 50 cm\" \/>\n<meta property=\"og:url\" content=\"https:\/\/miumjau.ee\/lt\/produktas\/suns-guolis-bodyguard-royal-bed-pilkas-s\/\" \/>\n<meta property=\"og:site_name\" content=\"MiuMjau\" \/>\n<meta property=\"article:publisher\" content=\"https:\/\/www.facebook.com\/miumjaupood\/\" \/>\n<meta property=\"article:modified_time\" content=\"2026-01-07T18:46:55+00:00\" \/>\n<meta property=\"og:image\" content=\"https:\/\/miumjau.ee\/wp-content\/uploads\/2025\/12\/Bodyguard-royal-grey-s.jpg\" \/>\n\t<meta property=\"og:image:width\" content=\"600\" \/>\n\t<meta property=\"og:image:height\" content=\"800\" \/>\n\t<meta property=\"og:image:type\" content=\"image\/jpeg\" \/>\n<meta name=\"twitter:card\" content=\"summary_large_image\" \/>\n<script type=\"application\/ld+json\" class=\"yoast-schema-graph\">{\"@context\":\"https:\/\/schema.org\",\"@graph\":[{\"@type\":\"WebPage\",\"@id\":\"https:\/\/miumjau.ee\/lt\/produktas\/suns-guolis-bodyguard-royal-bed-pilkas-s\/\",\"url\":\"https:\/\/miumjau.ee\/lt\/produktas\/suns-guolis-bodyguard-royal-bed-pilkas-s\/\",\"name\":\"\u0160uns guolis Bodyguard Royal Bed Pilkas S - MiuMjau\",\"isPartOf\":{\"@id\":\"https:\/\/miumjau.ee\/#website\"},\"primaryImageOfPage\":{\"@id\":\"https:\/\/miumjau.ee\/lt\/produktas\/suns-guolis-bodyguard-royal-bed-pilkas-s\/#primaryimage\"},\"image\":{\"@id\":\"https:\/\/miumjau.ee\/lt\/produktas\/suns-guolis-bodyguard-royal-bed-pilkas-s\/#primaryimage\"},\"thumbnailUrl\":\"https:\/\/miumjau.ee\/wp-content\/uploads\/2025\/12\/Bodyguard-royal-grey-s.jpg\",\"datePublished\":\"2025-12-02T10:42:51+00:00\",\"dateModified\":\"2026-01-07T18:46:55+00:00\",\"breadcrumb\":{\"@id\":\"https:\/\/miumjau.ee\/lt\/produktas\/suns-guolis-bodyguard-royal-bed-pilkas-s\/#breadcrumb\"},\"inLanguage\":\"lt-LT\",\"potentialAction\":[{\"@type\":\"ReadAction\",\"target\":[\"https:\/\/miumjau.ee\/lt\/produktas\/suns-guolis-bodyguard-royal-bed-pilkas-s\/\"]}]},{\"@type\":\"ImageObject\",\"inLanguage\":\"lt-LT\",\"@id\":\"https:\/\/miumjau.ee\/lt\/produktas\/suns-guolis-bodyguard-royal-bed-pilkas-s\/#primaryimage\",\"url\":\"https:\/\/miumjau.ee\/wp-content\/uploads\/2025\/12\/Bodyguard-royal-grey-s.jpg\",\"contentUrl\":\"https:\/\/miumjau.ee\/wp-content\/uploads\/2025\/12\/Bodyguard-royal-grey-s.jpg\",\"width\":600,\"height\":800,\"caption\":\"Pesa koerale Bodyguard Royal Bed Grey S\"},{\"@type\":\"BreadcrumbList\",\"@id\":\"https:\/\/miumjau.ee\/lt\/produktas\/suns-guolis-bodyguard-royal-bed-pilkas-s\/#breadcrumb\",\"itemListElement\":[{\"@type\":\"ListItem\",\"position\":1,\"name\":\"Home\",\"item\":\"https:\/\/miumjau.ee\/lt\/\"},{\"@type\":\"ListItem\",\"position\":2,\"name\":\"Parduotuv\u0117\",\"item\":\"https:\/\/miumjau.ee\/lt\/parduotuve\/\"},{\"@type\":\"ListItem\",\"position\":3,\"name\":\"\u0160uns guolis Bodyguard Royal Bed Pilkas S\"}]},{\"@type\":\"WebSite\",\"@id\":\"https:\/\/miumjau.ee\/#website\",\"url\":\"https:\/\/miumjau.ee\/\",\"name\":\"MiuMjau\",\"description\":\"Kraapimispuud kassidele\",\"publisher\":{\"@id\":\"https:\/\/miumjau.ee\/#organization\"},\"potentialAction\":[{\"@type\":\"SearchAction\",\"target\":{\"@type\":\"EntryPoint\",\"urlTemplate\":\"https:\/\/miumjau.ee\/?s={search_term_string}\"},\"query-input\":{\"@type\":\"PropertyValueSpecification\",\"valueRequired\":true,\"valueName\":\"search_term_string\"}}],\"inLanguage\":\"lt-LT\"},{\"@type\":\"Organization\",\"@id\":\"https:\/\/miumjau.ee\/#organization\",\"name\":\"MiuMjau O\u00dc\",\"url\":\"https:\/\/miumjau.ee\/\",\"logo\":{\"@type\":\"ImageObject\",\"inLanguage\":\"lt-LT\",\"@id\":\"https:\/\/miumjau.ee\/#\/schema\/logo\/image\/\",\"url\":\"https:\/\/miumjau.ee\/wp-content\/uploads\/2022\/04\/MiuMjau-logo-kollane.png\",\"contentUrl\":\"https:\/\/miumjau.ee\/wp-content\/uploads\/2022\/04\/MiuMjau-logo-kollane.png\",\"width\":219,\"height\":100,\"caption\":\"MiuMjau O\u00dc\"},\"image\":{\"@id\":\"https:\/\/miumjau.ee\/#\/schema\/logo\/image\/\"},\"sameAs\":[\"https:\/\/www.facebook.com\/miumjaupood\/\"]}]}<\/script>\n<!-- \/ Yoast SEO plugin. -->","yoast_head_json":{"title":"\u0160uns guolis Bodyguard Royal Bed Pilkas S - MiuMjau","robots":{"index":"index","follow":"follow","max-snippet":"max-snippet:-1","max-image-preview":"max-image-preview:large","max-video-preview":"max-video-preview:-1"},"canonical":"https:\/\/miumjau.ee\/lt\/produktas\/suns-guolis-bodyguard-royal-bed-pilkas-s\/","og_locale":"lt_LT","og_type":"article","og_title":"\u0160uns guolis Bodyguard Royal Bed Pilkas S - MiuMjau","og_description":"\u0160is puikus \u0161uns guolis turi stor\u0105 ir sustiprint\u0105 u\u017epild\u0105, u\u017etikrinant\u012f optimal\u0173 komfort\u0105 ir ram\u0173 mieg\u0105. Kaip tai veikia: INSECT BODYGUARD Royal Bed yra apdorotas biocidu Permithin, kuris turi aktyv\u0173 ekstrakt\u0105, pagr\u012fst\u0105 nat\u016braliu chrizantem\u0173 sekretu. \u0160i med\u017eiaga yra nekenksminga \u017emon\u0117ms ir gyv\u016bnams, ta\u010diau mirtina vabzd\u017eiams. Kai aktyvi med\u017eiaga pridedama prie \u0161uns guolio, ji nei\u0161silieja ir suteikia nuolatin\u0119 apsaug\u0105 nuo erki\u0173, blus\u0173, erku\u010di\u0173, uod\u0173 ir kit\u0173 vabzd\u017ei\u0173. Trukm\u0117: INSECT BODYGUARD poveikis i\u0161lieka iki 75 skalbim\u0173. Optimaliai apsaugai rekomenduojame guol\u012f reguliariai plauti (d\u0117l ne\u0161varum\u0173, dulki\u0173 ir plauk\u0173). Med\u017eiagos:Vir\u0161utinis dangalas: 65 % poliesteris, 35 % medviln\u0117Apatinis dangalas: neslystantis, 100 % poliesterisU\u017epildas: 100 % poliesteris (silikonas) Matmenys: Dydis S \u2013 65 x 50 cm","og_url":"https:\/\/miumjau.ee\/lt\/produktas\/suns-guolis-bodyguard-royal-bed-pilkas-s\/","og_site_name":"MiuMjau","article_publisher":"https:\/\/www.facebook.com\/miumjaupood\/","article_modified_time":"2026-01-07T18:46:55+00:00","og_image":[{"width":600,"height":800,"url":"https:\/\/miumjau.ee\/wp-content\/uploads\/2025\/12\/Bodyguard-royal-grey-s.jpg","type":"image\/jpeg"}],"twitter_card":"summary_large_image","schema":{"@context":"https:\/\/schema.org","@graph":[{"@type":"WebPage","@id":"https:\/\/miumjau.ee\/lt\/produktas\/suns-guolis-bodyguard-royal-bed-pilkas-s\/","url":"https:\/\/miumjau.ee\/lt\/produktas\/suns-guolis-bodyguard-royal-bed-pilkas-s\/","name":"\u0160uns guolis Bodyguard Royal Bed Pilkas S - MiuMjau","isPartOf":{"@id":"https:\/\/miumjau.ee\/#website"},"primaryImageOfPage":{"@id":"https:\/\/miumjau.ee\/lt\/produktas\/suns-guolis-bodyguard-royal-bed-pilkas-s\/#primaryimage"},"image":{"@id":"https:\/\/miumjau.ee\/lt\/produktas\/suns-guolis-bodyguard-royal-bed-pilkas-s\/#primaryimage"},"thumbnailUrl":"https:\/\/miumjau.ee\/wp-content\/uploads\/2025\/12\/Bodyguard-royal-grey-s.jpg","datePublished":"2025-12-02T10:42:51+00:00","dateModified":"2026-01-07T18:46:55+00:00","breadcrumb":{"@id":"https:\/\/miumjau.ee\/lt\/produktas\/suns-guolis-bodyguard-royal-bed-pilkas-s\/#breadcrumb"},"inLanguage":"lt-LT","potentialAction":[{"@type":"ReadAction","target":["https:\/\/miumjau.ee\/lt\/produktas\/suns-guolis-bodyguard-royal-bed-pilkas-s\/"]}]},{"@type":"ImageObject","inLanguage":"lt-LT","@id":"https:\/\/miumjau.ee\/lt\/produktas\/suns-guolis-bodyguard-royal-bed-pilkas-s\/#primaryimage","url":"https:\/\/miumjau.ee\/wp-content\/uploads\/2025\/12\/Bodyguard-royal-grey-s.jpg","contentUrl":"https:\/\/miumjau.ee\/wp-content\/uploads\/2025\/12\/Bodyguard-royal-grey-s.jpg","width":600,"height":800,"caption":"Pesa koerale Bodyguard Royal Bed Grey S"},{"@type":"BreadcrumbList","@id":"https:\/\/miumjau.ee\/lt\/produktas\/suns-guolis-bodyguard-royal-bed-pilkas-s\/#breadcrumb","itemListElement":[{"@type":"ListItem","position":1,"name":"Home","item":"https:\/\/miumjau.ee\/lt\/"},{"@type":"ListItem","position":2,"name":"Parduotuv\u0117","item":"https:\/\/miumjau.ee\/lt\/parduotuve\/"},{"@type":"ListItem","position":3,"name":"\u0160uns guolis Bodyguard Royal Bed Pilkas S"}]},{"@type":"WebSite","@id":"https:\/\/miumjau.ee\/#website","url":"https:\/\/miumjau.ee\/","name":"MiuMjau","description":"Kraapimispuud kassidele","publisher":{"@id":"https:\/\/miumjau.ee\/#organization"},"potentialAction":[{"@type":"SearchAction","target":{"@type":"EntryPoint","urlTemplate":"https:\/\/miumjau.ee\/?s={search_term_string}"},"query-input":{"@type":"PropertyValueSpecification","valueRequired":true,"valueName":"search_term_string"}}],"inLanguage":"lt-LT"},{"@type":"Organization","@id":"https:\/\/miumjau.ee\/#organization","name":"MiuMjau O\u00dc","url":"https:\/\/miumjau.ee\/","logo":{"@type":"ImageObject","inLanguage":"lt-LT","@id":"https:\/\/miumjau.ee\/#\/schema\/logo\/image\/","url":"https:\/\/miumjau.ee\/wp-content\/uploads\/2022\/04\/MiuMjau-logo-kollane.png","contentUrl":"https:\/\/miumjau.ee\/wp-content\/uploads\/2022\/04\/MiuMjau-logo-kollane.png","width":219,"height":100,"caption":"MiuMjau O\u00dc"},"image":{"@id":"https:\/\/miumjau.ee\/#\/schema\/logo\/image\/"},"sameAs":["https:\/\/www.facebook.com\/miumjaupood\/"]}]}},"_links":{"self":[{"href":"https:\/\/miumjau.ee\/lt\/wp-json\/wp\/v2\/product\/47112","targetHints":{"allow":["GET"]}}],"collection":[{"href":"https:\/\/miumjau.ee\/lt\/wp-json\/wp\/v2\/product"}],"about":[{"href":"https:\/\/miumjau.ee\/lt\/wp-json\/wp\/v2\/types\/product"}],"wp:featuredmedia":[{"embeddable":true,"href":"https:\/\/miumjau.ee\/lt\/wp-json\/wp\/v2\/media\/46528"}],"wp:attachment":[{"href":"https:\/\/miumjau.ee\/lt\/wp-json\/wp\/v2\/media?parent=47112"}],"wp:term":[{"taxonomy":"product_brand","embeddable":true,"href":"https:\/\/miumjau.ee\/lt\/wp-json\/wp\/v2\/product_brand?post=47112"},{"taxonomy":"product_cat","embeddable":true,"href":"https:\/\/miumjau.ee\/lt\/wp-json\/wp\/v2\/product_cat?post=47112"},{"taxonomy":"product_tag","embeddable":true,"href":"https:\/\/miumjau.ee\/lt\/wp-json\/wp\/v2\/product_tag?post=47112"}],"curies":[{"name":"wp","href":"https:\/\/api.w.org\/{rel}","templated":true}]}}