{"id":47097,"date":"2025-12-02T11:18:11","date_gmt":"2025-12-02T09:18:11","guid":{"rendered":"https:\/\/miumjau.ee\/toode\/nightwalk-lempute-ant-antkaklio-melyna\/"},"modified":"2026-01-07T20:46:55","modified_gmt":"2026-01-07T18:46:55","slug":"nightwalk-lempute-ant-antkaklio-melyna","status":"publish","type":"product","link":"https:\/\/miumjau.ee\/lt\/produktas\/nightwalk-lempute-ant-antkaklio-melyna\/","title":{"rendered":"Nightwalk lemput\u0117 ant antkaklio, m\u0117lyna"},"content":{"rendered":"","protected":false},"excerpt":{"rendered":"<p data-start=\"1775\" data-end=\"1857\">R\u016bpinkit\u0117s savo \u0161uns saugumu net tamsoje! Lemput\u0117 skirta tvirtinti prie antkaklio.<\/p>\n<p data-start=\"1859\" data-end=\"2016\">Galima rinktis du re\u017eimus: pastovi \u0161viesa arba mirksinti \u0161viesa. Komplekte yra baterijos, kurios veikia iki 100 valand\u0173. \u0160viesa matoma iki 200 metr\u0173 atstumu.<\/p>\n<p data-start=\"2018\" data-end=\"2154\">U\u017etikrinkite, kad \u0161uo b\u016bt\u0173 gerai matomas tamsiuoju metu ar ni\u016briomis \u017eiemos dienomis. Taip gal\u0117site saugiai vaik\u0161\u010dioti net prieblandoje!<\/p>\n","protected":false},"featured_media":46457,"template":"","meta":[],"product_brand":[],"product_cat":[542],"product_tag":[],"class_list":{"0":"post-47097","1":"product","2":"type-product","3":"status-publish","4":"has-post-thumbnail","6":"product_cat-prieziuros-priemones-sunims","8":"first","9":"instock","10":"taxable","11":"shipping-taxable","12":"purchasable","13":"product-type-simple"},"yoast_head":"<!-- This site is optimized with the Yoast SEO plugin v27.2 - https:\/\/yoast.com\/product\/yoast-seo-wordpress\/ -->\n<title>Nightwalk lemput\u0117 ant antkaklio, m\u0117lyna - MiuMjau<\/title>\n<meta name=\"robots\" content=\"index, follow, max-snippet:-1, max-image-preview:large, max-video-preview:-1\" \/>\n<link rel=\"canonical\" href=\"https:\/\/miumjau.ee\/lt\/produktas\/nightwalk-lempute-ant-antkaklio-melyna\/\" \/>\n<meta property=\"og:locale\" content=\"lt_LT\" \/>\n<meta property=\"og:type\" content=\"article\" \/>\n<meta property=\"og:title\" content=\"Nightwalk lemput\u0117 ant antkaklio, m\u0117lyna - MiuMjau\" \/>\n<meta property=\"og:description\" content=\"R\u016bpinkit\u0117s savo \u0161uns saugumu net tamsoje! Lemput\u0117 skirta tvirtinti prie antkaklio. Galima rinktis du re\u017eimus: pastovi \u0161viesa arba mirksinti \u0161viesa. Komplekte yra baterijos, kurios veikia iki 100 valand\u0173. \u0160viesa matoma iki 200 metr\u0173 atstumu. U\u017etikrinkite, kad \u0161uo b\u016bt\u0173 gerai matomas tamsiuoju metu ar ni\u016briomis \u017eiemos dienomis. Taip gal\u0117site saugiai vaik\u0161\u010dioti net prieblandoje!\" \/>\n<meta property=\"og:url\" content=\"https:\/\/miumjau.ee\/lt\/produktas\/nightwalk-lempute-ant-antkaklio-melyna\/\" \/>\n<meta property=\"og:site_name\" content=\"MiuMjau\" \/>\n<meta property=\"article:publisher\" content=\"https:\/\/www.facebook.com\/miumjaupood\/\" \/>\n<meta property=\"article:modified_time\" content=\"2026-01-07T18:46:55+00:00\" \/>\n<meta property=\"og:image\" content=\"https:\/\/miumjau.ee\/wp-content\/uploads\/2025\/12\/nightwalk-lamp-koerale3.jpg\" \/>\n\t<meta property=\"og:image:width\" content=\"600\" \/>\n\t<meta property=\"og:image:height\" content=\"800\" \/>\n\t<meta property=\"og:image:type\" content=\"image\/jpeg\" \/>\n<meta name=\"twitter:card\" content=\"summary_large_image\" \/>\n<script type=\"application\/ld+json\" class=\"yoast-schema-graph\">{\"@context\":\"https:\/\/schema.org\",\"@graph\":[{\"@type\":\"WebPage\",\"@id\":\"https:\/\/miumjau.ee\/lt\/produktas\/nightwalk-lempute-ant-antkaklio-melyna\/\",\"url\":\"https:\/\/miumjau.ee\/lt\/produktas\/nightwalk-lempute-ant-antkaklio-melyna\/\",\"name\":\"Nightwalk lemput\u0117 ant antkaklio, m\u0117lyna - MiuMjau\",\"isPartOf\":{\"@id\":\"https:\/\/miumjau.ee\/#website\"},\"primaryImageOfPage\":{\"@id\":\"https:\/\/miumjau.ee\/lt\/produktas\/nightwalk-lempute-ant-antkaklio-melyna\/#primaryimage\"},\"image\":{\"@id\":\"https:\/\/miumjau.ee\/lt\/produktas\/nightwalk-lempute-ant-antkaklio-melyna\/#primaryimage\"},\"thumbnailUrl\":\"https:\/\/miumjau.ee\/wp-content\/uploads\/2025\/12\/nightwalk-lamp-koerale3.jpg\",\"datePublished\":\"2025-12-02T09:18:11+00:00\",\"dateModified\":\"2026-01-07T18:46:55+00:00\",\"breadcrumb\":{\"@id\":\"https:\/\/miumjau.ee\/lt\/produktas\/nightwalk-lempute-ant-antkaklio-melyna\/#breadcrumb\"},\"inLanguage\":\"lt-LT\",\"potentialAction\":[{\"@type\":\"ReadAction\",\"target\":[\"https:\/\/miumjau.ee\/lt\/produktas\/nightwalk-lempute-ant-antkaklio-melyna\/\"]}]},{\"@type\":\"ImageObject\",\"inLanguage\":\"lt-LT\",\"@id\":\"https:\/\/miumjau.ee\/lt\/produktas\/nightwalk-lempute-ant-antkaklio-melyna\/#primaryimage\",\"url\":\"https:\/\/miumjau.ee\/wp-content\/uploads\/2025\/12\/nightwalk-lamp-koerale3.jpg\",\"contentUrl\":\"https:\/\/miumjau.ee\/wp-content\/uploads\/2025\/12\/nightwalk-lamp-koerale3.jpg\",\"width\":600,\"height\":800,\"caption\":\"Nightwalk valgustus kaelarihmale, sinine\"},{\"@type\":\"BreadcrumbList\",\"@id\":\"https:\/\/miumjau.ee\/lt\/produktas\/nightwalk-lempute-ant-antkaklio-melyna\/#breadcrumb\",\"itemListElement\":[{\"@type\":\"ListItem\",\"position\":1,\"name\":\"Home\",\"item\":\"https:\/\/miumjau.ee\/lt\/\"},{\"@type\":\"ListItem\",\"position\":2,\"name\":\"Parduotuv\u0117\",\"item\":\"https:\/\/miumjau.ee\/lt\/parduotuve\/\"},{\"@type\":\"ListItem\",\"position\":3,\"name\":\"Nightwalk lemput\u0117 ant antkaklio, m\u0117lyna\"}]},{\"@type\":\"WebSite\",\"@id\":\"https:\/\/miumjau.ee\/#website\",\"url\":\"https:\/\/miumjau.ee\/\",\"name\":\"MiuMjau\",\"description\":\"Kraapimispuud kassidele\",\"publisher\":{\"@id\":\"https:\/\/miumjau.ee\/#organization\"},\"potentialAction\":[{\"@type\":\"SearchAction\",\"target\":{\"@type\":\"EntryPoint\",\"urlTemplate\":\"https:\/\/miumjau.ee\/?s={search_term_string}\"},\"query-input\":{\"@type\":\"PropertyValueSpecification\",\"valueRequired\":true,\"valueName\":\"search_term_string\"}}],\"inLanguage\":\"lt-LT\"},{\"@type\":\"Organization\",\"@id\":\"https:\/\/miumjau.ee\/#organization\",\"name\":\"MiuMjau O\u00dc\",\"url\":\"https:\/\/miumjau.ee\/\",\"logo\":{\"@type\":\"ImageObject\",\"inLanguage\":\"lt-LT\",\"@id\":\"https:\/\/miumjau.ee\/#\/schema\/logo\/image\/\",\"url\":\"https:\/\/miumjau.ee\/wp-content\/uploads\/2022\/04\/MiuMjau-logo-kollane.png\",\"contentUrl\":\"https:\/\/miumjau.ee\/wp-content\/uploads\/2022\/04\/MiuMjau-logo-kollane.png\",\"width\":219,\"height\":100,\"caption\":\"MiuMjau O\u00dc\"},\"image\":{\"@id\":\"https:\/\/miumjau.ee\/#\/schema\/logo\/image\/\"},\"sameAs\":[\"https:\/\/www.facebook.com\/miumjaupood\/\"]}]}<\/script>\n<!-- \/ Yoast SEO plugin. -->","yoast_head_json":{"title":"Nightwalk lemput\u0117 ant antkaklio, m\u0117lyna - MiuMjau","robots":{"index":"index","follow":"follow","max-snippet":"max-snippet:-1","max-image-preview":"max-image-preview:large","max-video-preview":"max-video-preview:-1"},"canonical":"https:\/\/miumjau.ee\/lt\/produktas\/nightwalk-lempute-ant-antkaklio-melyna\/","og_locale":"lt_LT","og_type":"article","og_title":"Nightwalk lemput\u0117 ant antkaklio, m\u0117lyna - MiuMjau","og_description":"R\u016bpinkit\u0117s savo \u0161uns saugumu net tamsoje! Lemput\u0117 skirta tvirtinti prie antkaklio. Galima rinktis du re\u017eimus: pastovi \u0161viesa arba mirksinti \u0161viesa. Komplekte yra baterijos, kurios veikia iki 100 valand\u0173. \u0160viesa matoma iki 200 metr\u0173 atstumu. U\u017etikrinkite, kad \u0161uo b\u016bt\u0173 gerai matomas tamsiuoju metu ar ni\u016briomis \u017eiemos dienomis. Taip gal\u0117site saugiai vaik\u0161\u010dioti net prieblandoje!","og_url":"https:\/\/miumjau.ee\/lt\/produktas\/nightwalk-lempute-ant-antkaklio-melyna\/","og_site_name":"MiuMjau","article_publisher":"https:\/\/www.facebook.com\/miumjaupood\/","article_modified_time":"2026-01-07T18:46:55+00:00","og_image":[{"width":600,"height":800,"url":"https:\/\/miumjau.ee\/wp-content\/uploads\/2025\/12\/nightwalk-lamp-koerale3.jpg","type":"image\/jpeg"}],"twitter_card":"summary_large_image","schema":{"@context":"https:\/\/schema.org","@graph":[{"@type":"WebPage","@id":"https:\/\/miumjau.ee\/lt\/produktas\/nightwalk-lempute-ant-antkaklio-melyna\/","url":"https:\/\/miumjau.ee\/lt\/produktas\/nightwalk-lempute-ant-antkaklio-melyna\/","name":"Nightwalk lemput\u0117 ant antkaklio, m\u0117lyna - MiuMjau","isPartOf":{"@id":"https:\/\/miumjau.ee\/#website"},"primaryImageOfPage":{"@id":"https:\/\/miumjau.ee\/lt\/produktas\/nightwalk-lempute-ant-antkaklio-melyna\/#primaryimage"},"image":{"@id":"https:\/\/miumjau.ee\/lt\/produktas\/nightwalk-lempute-ant-antkaklio-melyna\/#primaryimage"},"thumbnailUrl":"https:\/\/miumjau.ee\/wp-content\/uploads\/2025\/12\/nightwalk-lamp-koerale3.jpg","datePublished":"2025-12-02T09:18:11+00:00","dateModified":"2026-01-07T18:46:55+00:00","breadcrumb":{"@id":"https:\/\/miumjau.ee\/lt\/produktas\/nightwalk-lempute-ant-antkaklio-melyna\/#breadcrumb"},"inLanguage":"lt-LT","potentialAction":[{"@type":"ReadAction","target":["https:\/\/miumjau.ee\/lt\/produktas\/nightwalk-lempute-ant-antkaklio-melyna\/"]}]},{"@type":"ImageObject","inLanguage":"lt-LT","@id":"https:\/\/miumjau.ee\/lt\/produktas\/nightwalk-lempute-ant-antkaklio-melyna\/#primaryimage","url":"https:\/\/miumjau.ee\/wp-content\/uploads\/2025\/12\/nightwalk-lamp-koerale3.jpg","contentUrl":"https:\/\/miumjau.ee\/wp-content\/uploads\/2025\/12\/nightwalk-lamp-koerale3.jpg","width":600,"height":800,"caption":"Nightwalk valgustus kaelarihmale, sinine"},{"@type":"BreadcrumbList","@id":"https:\/\/miumjau.ee\/lt\/produktas\/nightwalk-lempute-ant-antkaklio-melyna\/#breadcrumb","itemListElement":[{"@type":"ListItem","position":1,"name":"Home","item":"https:\/\/miumjau.ee\/lt\/"},{"@type":"ListItem","position":2,"name":"Parduotuv\u0117","item":"https:\/\/miumjau.ee\/lt\/parduotuve\/"},{"@type":"ListItem","position":3,"name":"Nightwalk lemput\u0117 ant antkaklio, m\u0117lyna"}]},{"@type":"WebSite","@id":"https:\/\/miumjau.ee\/#website","url":"https:\/\/miumjau.ee\/","name":"MiuMjau","description":"Kraapimispuud kassidele","publisher":{"@id":"https:\/\/miumjau.ee\/#organization"},"potentialAction":[{"@type":"SearchAction","target":{"@type":"EntryPoint","urlTemplate":"https:\/\/miumjau.ee\/?s={search_term_string}"},"query-input":{"@type":"PropertyValueSpecification","valueRequired":true,"valueName":"search_term_string"}}],"inLanguage":"lt-LT"},{"@type":"Organization","@id":"https:\/\/miumjau.ee\/#organization","name":"MiuMjau O\u00dc","url":"https:\/\/miumjau.ee\/","logo":{"@type":"ImageObject","inLanguage":"lt-LT","@id":"https:\/\/miumjau.ee\/#\/schema\/logo\/image\/","url":"https:\/\/miumjau.ee\/wp-content\/uploads\/2022\/04\/MiuMjau-logo-kollane.png","contentUrl":"https:\/\/miumjau.ee\/wp-content\/uploads\/2022\/04\/MiuMjau-logo-kollane.png","width":219,"height":100,"caption":"MiuMjau O\u00dc"},"image":{"@id":"https:\/\/miumjau.ee\/#\/schema\/logo\/image\/"},"sameAs":["https:\/\/www.facebook.com\/miumjaupood\/"]}]}},"_links":{"self":[{"href":"https:\/\/miumjau.ee\/lt\/wp-json\/wp\/v2\/product\/47097","targetHints":{"allow":["GET"]}}],"collection":[{"href":"https:\/\/miumjau.ee\/lt\/wp-json\/wp\/v2\/product"}],"about":[{"href":"https:\/\/miumjau.ee\/lt\/wp-json\/wp\/v2\/types\/product"}],"wp:featuredmedia":[{"embeddable":true,"href":"https:\/\/miumjau.ee\/lt\/wp-json\/wp\/v2\/media\/46457"}],"wp:attachment":[{"href":"https:\/\/miumjau.ee\/lt\/wp-json\/wp\/v2\/media?parent=47097"}],"wp:term":[{"taxonomy":"product_brand","embeddable":true,"href":"https:\/\/miumjau.ee\/lt\/wp-json\/wp\/v2\/product_brand?post=47097"},{"taxonomy":"product_cat","embeddable":true,"href":"https:\/\/miumjau.ee\/lt\/wp-json\/wp\/v2\/product_cat?post=47097"},{"taxonomy":"product_tag","embeddable":true,"href":"https:\/\/miumjau.ee\/lt\/wp-json\/wp\/v2\/product_tag?post=47097"}],"curies":[{"name":"wp","href":"https:\/\/api.w.org\/{rel}","templated":true}]}}