{"id":47085,"date":"2025-12-02T11:31:01","date_gmt":"2025-12-02T09:31:01","guid":{"rendered":"https:\/\/miumjau.ee\/toode\/goo-eez-lietpaltis-su-atsvaitais-sunims-l\/"},"modified":"2026-01-07T20:47:03","modified_gmt":"2026-01-07T18:47:03","slug":"goo-eez-lietpaltis-su-atsvaitais-sunims-l","status":"publish","type":"product","link":"https:\/\/miumjau.ee\/lt\/produktas\/goo-eez-lietpaltis-su-atsvaitais-sunims-l\/","title":{"rendered":"Goo-eez lietpaltis su at\u0161vaitais \u0161unims, L"},"content":{"rendered":"","protected":false},"excerpt":{"rendered":"<p data-start=\"3985\" data-end=\"4243\">Goo-eez lietpaltis sukurtas taip, kad patogiai apsaugot\u0173 j\u016bs\u0173 i\u0161tikim\u0105 keturkoj\u012f draug\u0105 nuo v\u0117jo ir prast\u0173 oro s\u0105lyg\u0173. Paltas saugo nuo lietaus, kru\u0161os ir v\u0117jo, o at\u0161vaitai suteikia stiling\u0105 i\u0161vaizd\u0105 ir u\u017etikrina \u0161uns matomum\u0105 tamsoje bei ni\u016briomis dienomis.<\/p>\n<p data-start=\"4245\" data-end=\"4433\">Goo-eez naudoja med\u017eiagas, kurios u\u017etikrina ideal\u0173 prigludim\u0105, palaiko k\u016bno temperat\u016br\u0105 ir blokuoja \u0161alt\u0105 or\u0105. Med\u017eiaga tampri, tod\u0117l palt\u0105 lengva u\u017ed\u0117ti ir nuimti. Audinys nedirgina odos.<\/p>\n<p data-start=\"4435\" data-end=\"4588\"><strong data-start=\"4435\" data-end=\"4453\">Dyd\u017ei\u0173 lentel\u0117<\/strong><br data-start=\"4453\" data-end=\"4456\" \/>Nugaros ilgis matuojamas nuo kaklo iki uodegos prad\u017eios. Kr\u016btin\u0117s apimtis matuojama pla\u010diausioje kr\u016btin\u0117s vietoje u\u017e priekini\u0173 koj\u0173.<\/p>\n<p data-start=\"4590\" data-end=\"4800\">Dydis | Nugaros ilgis | Kr\u016btin\u0117s apimtis<br data-start=\"4630\" data-end=\"4633\" \/>XXS | 24 cm | 38\u201346 cm<br data-start=\"4655\" data-end=\"4658\" \/>XS | 29 cm | 43\u201351 cm<br data-start=\"4679\" data-end=\"4682\" \/>S | 40 cm | 48\u201356 cm<br data-start=\"4702\" data-end=\"4705\" \/>M | 45 cm | 53\u201364 cm<br data-start=\"4725\" data-end=\"4728\" \/>L | 52 cm | 61\u201374 cm<br data-start=\"4748\" data-end=\"4751\" \/>XL | 56 cm | 71\u201384 cm<br data-start=\"4772\" data-end=\"4775\" \/>XXL | 64 cm | 81\u2013102 cm<\/p>\n","protected":false},"featured_media":46473,"template":"","meta":[],"product_brand":[],"product_cat":[864],"product_tag":[],"class_list":{"0":"post-47085","1":"product","2":"type-product","3":"status-publish","4":"has-post-thumbnail","6":"product_cat-sunu-drabuziai-avalyne","8":"first","9":"instock","10":"taxable","11":"shipping-taxable","12":"purchasable","13":"product-type-simple"},"yoast_head":"<!-- This site is optimized with the Yoast SEO plugin v27.4 - https:\/\/yoast.com\/product\/yoast-seo-wordpress\/ -->\n<title>Goo-eez lietpaltis su at\u0161vaitais \u0161unims, L - MiuMjau<\/title>\n<meta name=\"robots\" content=\"index, follow, max-snippet:-1, max-image-preview:large, max-video-preview:-1\" \/>\n<link rel=\"canonical\" href=\"https:\/\/miumjau.ee\/lt\/produktas\/goo-eez-lietpaltis-su-atsvaitais-sunims-l\/\" \/>\n<meta property=\"og:locale\" content=\"lt_LT\" \/>\n<meta property=\"og:type\" content=\"article\" \/>\n<meta property=\"og:title\" content=\"Goo-eez lietpaltis su at\u0161vaitais \u0161unims, L - MiuMjau\" \/>\n<meta property=\"og:description\" content=\"Goo-eez lietpaltis sukurtas taip, kad patogiai apsaugot\u0173 j\u016bs\u0173 i\u0161tikim\u0105 keturkoj\u012f draug\u0105 nuo v\u0117jo ir prast\u0173 oro s\u0105lyg\u0173. Paltas saugo nuo lietaus, kru\u0161os ir v\u0117jo, o at\u0161vaitai suteikia stiling\u0105 i\u0161vaizd\u0105 ir u\u017etikrina \u0161uns matomum\u0105 tamsoje bei ni\u016briomis dienomis. Goo-eez naudoja med\u017eiagas, kurios u\u017etikrina ideal\u0173 prigludim\u0105, palaiko k\u016bno temperat\u016br\u0105 ir blokuoja \u0161alt\u0105 or\u0105. Med\u017eiaga tampri, tod\u0117l palt\u0105 lengva u\u017ed\u0117ti ir nuimti. Audinys nedirgina odos. Dyd\u017ei\u0173 lentel\u0117Nugaros ilgis matuojamas nuo kaklo iki uodegos prad\u017eios. Kr\u016btin\u0117s apimtis matuojama pla\u010diausioje kr\u016btin\u0117s vietoje u\u017e priekini\u0173 koj\u0173. Dydis | Nugaros ilgis | Kr\u016btin\u0117s apimtisXXS | 24 cm | 38\u201346 cmXS | 29 cm | 43\u201351 cmS | 40 cm | 48\u201356 cmM | 45 cm | 53\u201364 cmL | 52 cm | 61\u201374 cmXL | 56 cm | 71\u201384 cmXXL | 64 cm | 81\u2013102 cm\" \/>\n<meta property=\"og:url\" content=\"https:\/\/miumjau.ee\/lt\/produktas\/goo-eez-lietpaltis-su-atsvaitais-sunims-l\/\" \/>\n<meta property=\"og:site_name\" content=\"MiuMjau\" \/>\n<meta property=\"article:publisher\" content=\"https:\/\/www.facebook.com\/miumjaupood\/\" \/>\n<meta property=\"article:modified_time\" content=\"2026-01-07T18:47:03+00:00\" \/>\n<meta property=\"og:image\" content=\"https:\/\/miumjau.ee\/wp-content\/uploads\/2025\/12\/vihamjope-koertele-gooeez3.jpg\" \/>\n\t<meta property=\"og:image:width\" content=\"600\" \/>\n\t<meta property=\"og:image:height\" content=\"800\" \/>\n\t<meta property=\"og:image:type\" content=\"image\/jpeg\" \/>\n<meta name=\"twitter:card\" content=\"summary_large_image\" \/>\n<script type=\"application\/ld+json\" class=\"yoast-schema-graph\">{\"@context\":\"https:\\\/\\\/schema.org\",\"@graph\":[{\"@type\":\"WebPage\",\"@id\":\"https:\\\/\\\/miumjau.ee\\\/lt\\\/produktas\\\/goo-eez-lietpaltis-su-atsvaitais-sunims-l\\\/\",\"url\":\"https:\\\/\\\/miumjau.ee\\\/lt\\\/produktas\\\/goo-eez-lietpaltis-su-atsvaitais-sunims-l\\\/\",\"name\":\"Goo-eez lietpaltis su at\u0161vaitais \u0161unims, L - MiuMjau\",\"isPartOf\":{\"@id\":\"https:\\\/\\\/miumjau.ee\\\/#website\"},\"primaryImageOfPage\":{\"@id\":\"https:\\\/\\\/miumjau.ee\\\/lt\\\/produktas\\\/goo-eez-lietpaltis-su-atsvaitais-sunims-l\\\/#primaryimage\"},\"image\":{\"@id\":\"https:\\\/\\\/miumjau.ee\\\/lt\\\/produktas\\\/goo-eez-lietpaltis-su-atsvaitais-sunims-l\\\/#primaryimage\"},\"thumbnailUrl\":\"https:\\\/\\\/miumjau.ee\\\/wp-content\\\/uploads\\\/2025\\\/12\\\/vihamjope-koertele-gooeez3.jpg\",\"datePublished\":\"2025-12-02T09:31:01+00:00\",\"dateModified\":\"2026-01-07T18:47:03+00:00\",\"breadcrumb\":{\"@id\":\"https:\\\/\\\/miumjau.ee\\\/lt\\\/produktas\\\/goo-eez-lietpaltis-su-atsvaitais-sunims-l\\\/#breadcrumb\"},\"inLanguage\":\"lt-LT\",\"potentialAction\":[{\"@type\":\"ReadAction\",\"target\":[\"https:\\\/\\\/miumjau.ee\\\/lt\\\/produktas\\\/goo-eez-lietpaltis-su-atsvaitais-sunims-l\\\/\"]}]},{\"@type\":\"ImageObject\",\"inLanguage\":\"lt-LT\",\"@id\":\"https:\\\/\\\/miumjau.ee\\\/lt\\\/produktas\\\/goo-eez-lietpaltis-su-atsvaitais-sunims-l\\\/#primaryimage\",\"url\":\"https:\\\/\\\/miumjau.ee\\\/wp-content\\\/uploads\\\/2025\\\/12\\\/vihamjope-koertele-gooeez3.jpg\",\"contentUrl\":\"https:\\\/\\\/miumjau.ee\\\/wp-content\\\/uploads\\\/2025\\\/12\\\/vihamjope-koertele-gooeez3.jpg\",\"width\":600,\"height\":800,\"caption\":\"Goo-eez helkuritega vihmajope koertele, XS\"},{\"@type\":\"BreadcrumbList\",\"@id\":\"https:\\\/\\\/miumjau.ee\\\/lt\\\/produktas\\\/goo-eez-lietpaltis-su-atsvaitais-sunims-l\\\/#breadcrumb\",\"itemListElement\":[{\"@type\":\"ListItem\",\"position\":1,\"name\":\"Home\",\"item\":\"https:\\\/\\\/miumjau.ee\\\/lt\\\/\"},{\"@type\":\"ListItem\",\"position\":2,\"name\":\"Parduotuv\u0117\",\"item\":\"https:\\\/\\\/miumjau.ee\\\/lt\\\/parduotuve\\\/\"},{\"@type\":\"ListItem\",\"position\":3,\"name\":\"Goo-eez lietpaltis su at\u0161vaitais \u0161unims, L\"}]},{\"@type\":\"WebSite\",\"@id\":\"https:\\\/\\\/miumjau.ee\\\/#website\",\"url\":\"https:\\\/\\\/miumjau.ee\\\/\",\"name\":\"MiuMjau\",\"description\":\"Kraapimispuud kassidele\",\"publisher\":{\"@id\":\"https:\\\/\\\/miumjau.ee\\\/#organization\"},\"potentialAction\":[{\"@type\":\"SearchAction\",\"target\":{\"@type\":\"EntryPoint\",\"urlTemplate\":\"https:\\\/\\\/miumjau.ee\\\/?s={search_term_string}\"},\"query-input\":{\"@type\":\"PropertyValueSpecification\",\"valueRequired\":true,\"valueName\":\"search_term_string\"}}],\"inLanguage\":\"lt-LT\"},{\"@type\":\"Organization\",\"@id\":\"https:\\\/\\\/miumjau.ee\\\/#organization\",\"name\":\"MiuMjau O\u00dc\",\"url\":\"https:\\\/\\\/miumjau.ee\\\/\",\"logo\":{\"@type\":\"ImageObject\",\"inLanguage\":\"lt-LT\",\"@id\":\"https:\\\/\\\/miumjau.ee\\\/#\\\/schema\\\/logo\\\/image\\\/\",\"url\":\"https:\\\/\\\/miumjau.ee\\\/wp-content\\\/uploads\\\/2022\\\/04\\\/MiuMjau-logo-kollane.png\",\"contentUrl\":\"https:\\\/\\\/miumjau.ee\\\/wp-content\\\/uploads\\\/2022\\\/04\\\/MiuMjau-logo-kollane.png\",\"width\":219,\"height\":100,\"caption\":\"MiuMjau O\u00dc\"},\"image\":{\"@id\":\"https:\\\/\\\/miumjau.ee\\\/#\\\/schema\\\/logo\\\/image\\\/\"},\"sameAs\":[\"https:\\\/\\\/www.facebook.com\\\/miumjaupood\\\/\"]}]}<\/script>\n<!-- \/ Yoast SEO plugin. -->","yoast_head_json":{"title":"Goo-eez lietpaltis su at\u0161vaitais \u0161unims, L - MiuMjau","robots":{"index":"index","follow":"follow","max-snippet":"max-snippet:-1","max-image-preview":"max-image-preview:large","max-video-preview":"max-video-preview:-1"},"canonical":"https:\/\/miumjau.ee\/lt\/produktas\/goo-eez-lietpaltis-su-atsvaitais-sunims-l\/","og_locale":"lt_LT","og_type":"article","og_title":"Goo-eez lietpaltis su at\u0161vaitais \u0161unims, L - MiuMjau","og_description":"Goo-eez lietpaltis sukurtas taip, kad patogiai apsaugot\u0173 j\u016bs\u0173 i\u0161tikim\u0105 keturkoj\u012f draug\u0105 nuo v\u0117jo ir prast\u0173 oro s\u0105lyg\u0173. Paltas saugo nuo lietaus, kru\u0161os ir v\u0117jo, o at\u0161vaitai suteikia stiling\u0105 i\u0161vaizd\u0105 ir u\u017etikrina \u0161uns matomum\u0105 tamsoje bei ni\u016briomis dienomis. Goo-eez naudoja med\u017eiagas, kurios u\u017etikrina ideal\u0173 prigludim\u0105, palaiko k\u016bno temperat\u016br\u0105 ir blokuoja \u0161alt\u0105 or\u0105. Med\u017eiaga tampri, tod\u0117l palt\u0105 lengva u\u017ed\u0117ti ir nuimti. Audinys nedirgina odos. Dyd\u017ei\u0173 lentel\u0117Nugaros ilgis matuojamas nuo kaklo iki uodegos prad\u017eios. Kr\u016btin\u0117s apimtis matuojama pla\u010diausioje kr\u016btin\u0117s vietoje u\u017e priekini\u0173 koj\u0173. Dydis | Nugaros ilgis | Kr\u016btin\u0117s apimtisXXS | 24 cm | 38\u201346 cmXS | 29 cm | 43\u201351 cmS | 40 cm | 48\u201356 cmM | 45 cm | 53\u201364 cmL | 52 cm | 61\u201374 cmXL | 56 cm | 71\u201384 cmXXL | 64 cm | 81\u2013102 cm","og_url":"https:\/\/miumjau.ee\/lt\/produktas\/goo-eez-lietpaltis-su-atsvaitais-sunims-l\/","og_site_name":"MiuMjau","article_publisher":"https:\/\/www.facebook.com\/miumjaupood\/","article_modified_time":"2026-01-07T18:47:03+00:00","og_image":[{"width":600,"height":800,"url":"https:\/\/miumjau.ee\/wp-content\/uploads\/2025\/12\/vihamjope-koertele-gooeez3.jpg","type":"image\/jpeg"}],"twitter_card":"summary_large_image","schema":{"@context":"https:\/\/schema.org","@graph":[{"@type":"WebPage","@id":"https:\/\/miumjau.ee\/lt\/produktas\/goo-eez-lietpaltis-su-atsvaitais-sunims-l\/","url":"https:\/\/miumjau.ee\/lt\/produktas\/goo-eez-lietpaltis-su-atsvaitais-sunims-l\/","name":"Goo-eez lietpaltis su at\u0161vaitais \u0161unims, L - MiuMjau","isPartOf":{"@id":"https:\/\/miumjau.ee\/#website"},"primaryImageOfPage":{"@id":"https:\/\/miumjau.ee\/lt\/produktas\/goo-eez-lietpaltis-su-atsvaitais-sunims-l\/#primaryimage"},"image":{"@id":"https:\/\/miumjau.ee\/lt\/produktas\/goo-eez-lietpaltis-su-atsvaitais-sunims-l\/#primaryimage"},"thumbnailUrl":"https:\/\/miumjau.ee\/wp-content\/uploads\/2025\/12\/vihamjope-koertele-gooeez3.jpg","datePublished":"2025-12-02T09:31:01+00:00","dateModified":"2026-01-07T18:47:03+00:00","breadcrumb":{"@id":"https:\/\/miumjau.ee\/lt\/produktas\/goo-eez-lietpaltis-su-atsvaitais-sunims-l\/#breadcrumb"},"inLanguage":"lt-LT","potentialAction":[{"@type":"ReadAction","target":["https:\/\/miumjau.ee\/lt\/produktas\/goo-eez-lietpaltis-su-atsvaitais-sunims-l\/"]}]},{"@type":"ImageObject","inLanguage":"lt-LT","@id":"https:\/\/miumjau.ee\/lt\/produktas\/goo-eez-lietpaltis-su-atsvaitais-sunims-l\/#primaryimage","url":"https:\/\/miumjau.ee\/wp-content\/uploads\/2025\/12\/vihamjope-koertele-gooeez3.jpg","contentUrl":"https:\/\/miumjau.ee\/wp-content\/uploads\/2025\/12\/vihamjope-koertele-gooeez3.jpg","width":600,"height":800,"caption":"Goo-eez helkuritega vihmajope koertele, XS"},{"@type":"BreadcrumbList","@id":"https:\/\/miumjau.ee\/lt\/produktas\/goo-eez-lietpaltis-su-atsvaitais-sunims-l\/#breadcrumb","itemListElement":[{"@type":"ListItem","position":1,"name":"Home","item":"https:\/\/miumjau.ee\/lt\/"},{"@type":"ListItem","position":2,"name":"Parduotuv\u0117","item":"https:\/\/miumjau.ee\/lt\/parduotuve\/"},{"@type":"ListItem","position":3,"name":"Goo-eez lietpaltis su at\u0161vaitais \u0161unims, L"}]},{"@type":"WebSite","@id":"https:\/\/miumjau.ee\/#website","url":"https:\/\/miumjau.ee\/","name":"MiuMjau","description":"Kraapimispuud kassidele","publisher":{"@id":"https:\/\/miumjau.ee\/#organization"},"potentialAction":[{"@type":"SearchAction","target":{"@type":"EntryPoint","urlTemplate":"https:\/\/miumjau.ee\/?s={search_term_string}"},"query-input":{"@type":"PropertyValueSpecification","valueRequired":true,"valueName":"search_term_string"}}],"inLanguage":"lt-LT"},{"@type":"Organization","@id":"https:\/\/miumjau.ee\/#organization","name":"MiuMjau O\u00dc","url":"https:\/\/miumjau.ee\/","logo":{"@type":"ImageObject","inLanguage":"lt-LT","@id":"https:\/\/miumjau.ee\/#\/schema\/logo\/image\/","url":"https:\/\/miumjau.ee\/wp-content\/uploads\/2022\/04\/MiuMjau-logo-kollane.png","contentUrl":"https:\/\/miumjau.ee\/wp-content\/uploads\/2022\/04\/MiuMjau-logo-kollane.png","width":219,"height":100,"caption":"MiuMjau O\u00dc"},"image":{"@id":"https:\/\/miumjau.ee\/#\/schema\/logo\/image\/"},"sameAs":["https:\/\/www.facebook.com\/miumjaupood\/"]}]}},"_links":{"self":[{"href":"https:\/\/miumjau.ee\/lt\/wp-json\/wp\/v2\/product\/47085","targetHints":{"allow":["GET"]}}],"collection":[{"href":"https:\/\/miumjau.ee\/lt\/wp-json\/wp\/v2\/product"}],"about":[{"href":"https:\/\/miumjau.ee\/lt\/wp-json\/wp\/v2\/types\/product"}],"wp:featuredmedia":[{"embeddable":true,"href":"https:\/\/miumjau.ee\/lt\/wp-json\/wp\/v2\/media\/46473"}],"wp:attachment":[{"href":"https:\/\/miumjau.ee\/lt\/wp-json\/wp\/v2\/media?parent=47085"}],"wp:term":[{"taxonomy":"product_brand","embeddable":true,"href":"https:\/\/miumjau.ee\/lt\/wp-json\/wp\/v2\/product_brand?post=47085"},{"taxonomy":"product_cat","embeddable":true,"href":"https:\/\/miumjau.ee\/lt\/wp-json\/wp\/v2\/product_cat?post=47085"},{"taxonomy":"product_tag","embeddable":true,"href":"https:\/\/miumjau.ee\/lt\/wp-json\/wp\/v2\/product_tag?post=47085"}],"curies":[{"name":"wp","href":"https:\/\/api.w.org\/{rel}","templated":true}]}}