{"id":46432,"date":"2025-09-15T16:59:23","date_gmt":"2025-09-15T13:59:23","guid":{"rendered":"https:\/\/miumjau.ee\/toode\/prospera-plus-1-pastetas-su-vistiena-ir-jautiena-395g\/"},"modified":"2026-01-07T20:47:03","modified_gmt":"2026-01-07T18:47:03","slug":"prospera-plus-1-pastetas-su-vistiena-ir-jautiena-395g","status":"publish","type":"product","link":"https:\/\/miumjau.ee\/lt\/produktas\/prospera-plus-1-pastetas-su-vistiena-ir-jautiena-395g\/","title":{"rendered":"Prospera Plus 1+ pa\u0161tetas su vi\u0161tiena ir jautiena, 395g"},"content":{"rendered":"","protected":false},"excerpt":{"rendered":"<p data-start=\"1729\" data-end=\"1838\">Pilnavertis ir subalansuotas dr\u0117gnas maistas su vi\u0161tiena ir jautiena suaugusioms kat\u0117ms nuo 1 met\u0173 am\u017eiaus.<\/p>\n<ul data-start=\"1840\" data-end=\"2209\">\n<li data-start=\"1840\" data-end=\"1942\">\n<p data-start=\"1842\" data-end=\"1942\">Skanus pa\u0161tetas su dideliu m\u0117sos ir sultinio kiekiu, suteikia j\u016bs\u0173 katei reikaling\u0105 sveik\u0105 mityb\u0105.<\/p>\n<\/li>\n<li data-start=\"1943\" data-end=\"2041\">\n<p data-start=\"1945\" data-end=\"2041\">Sud\u0117tyje yra taurino \u2013 nepakei\u010diamos aminor\u016bg\u0161ties, svarbios \u0161irdies sveikatai ir gerai regai.<\/p>\n<\/li>\n<li data-start=\"2042\" data-end=\"2130\">\n<p data-start=\"2044\" data-end=\"2130\">Kokybi\u0161kos ir lengvai vir\u0161kinamos maistin\u0117s med\u017eiagos padeda palaikyti kailio b\u016bkl\u0119.<\/p>\n<\/li>\n<li data-start=\"2131\" data-end=\"2166\">\n<p data-start=\"2133\" data-end=\"2166\">Stiprina imunitet\u0105 ir raumenis.<\/p>\n<\/li>\n<li data-start=\"2167\" data-end=\"2209\">\n<p data-start=\"2169\" data-end=\"2209\">Be sojos, gr\u016bd\u0173 ir prid\u0117tinio cukraus.<\/p>\n<\/li>\n<\/ul>\n<p data-start=\"2211\" data-end=\"2302\"><strong data-start=\"2211\" data-end=\"2223\">Sud\u0117tis:<\/strong> vi\u0161tiena 46%, sultinys 38,5%, jautiena 14%, \u017euv\u0173 aliejus 1%, mineralai 0,5%.<\/p>\n<p data-start=\"2304\" data-end=\"2414\" data-is-last-node=\"\" data-is-only-node=\"\"><strong data-start=\"2304\" data-end=\"2326\">Analitin\u0117 sud\u0117tis:<\/strong> \u017eali baltymai 9%, \u017eali riebalai 6%, \u017eali pelenai 0,5%, \u017eali skaidulos 2,5%, dr\u0117gm\u0117 80%.<\/p>\n","protected":false},"featured_media":42234,"template":"","meta":[],"product_brand":[],"product_cat":[526],"product_tag":[],"class_list":{"0":"post-46432","1":"product","2":"type-product","3":"status-publish","4":"has-post-thumbnail","6":"product_cat-slapias-maistas","8":"first","9":"instock","10":"taxable","11":"shipping-taxable","12":"purchasable","13":"product-type-simple"},"yoast_head":"<!-- This site is optimized with the Yoast SEO plugin v27.4 - https:\/\/yoast.com\/product\/yoast-seo-wordpress\/ -->\n<title>Prospera Plus 1+ pa\u0161tetas su vi\u0161tiena ir jautiena, 395g - MiuMjau<\/title>\n<meta name=\"robots\" content=\"index, follow, max-snippet:-1, max-image-preview:large, max-video-preview:-1\" \/>\n<link rel=\"canonical\" href=\"https:\/\/miumjau.ee\/lt\/produktas\/prospera-plus-1-pastetas-su-vistiena-ir-jautiena-395g\/\" \/>\n<meta property=\"og:locale\" content=\"lt_LT\" \/>\n<meta property=\"og:type\" content=\"article\" \/>\n<meta property=\"og:title\" content=\"Prospera Plus 1+ pa\u0161tetas su vi\u0161tiena ir jautiena, 395g - MiuMjau\" \/>\n<meta property=\"og:description\" content=\"Pilnavertis ir subalansuotas dr\u0117gnas maistas su vi\u0161tiena ir jautiena suaugusioms kat\u0117ms nuo 1 met\u0173 am\u017eiaus.     Skanus pa\u0161tetas su dideliu m\u0117sos ir sultinio kiekiu, suteikia j\u016bs\u0173 katei reikaling\u0105 sveik\u0105 mityb\u0105.    Sud\u0117tyje yra taurino \u2013 nepakei\u010diamos aminor\u016bg\u0161ties, svarbios \u0161irdies sveikatai ir gerai regai.    Kokybi\u0161kos ir lengvai vir\u0161kinamos maistin\u0117s med\u017eiagos padeda palaikyti kailio b\u016bkl\u0119.    Stiprina imunitet\u0105 ir raumenis.    Be sojos, gr\u016bd\u0173 ir prid\u0117tinio cukraus.   Sud\u0117tis: vi\u0161tiena 46%, sultinys 38,5%, jautiena 14%, \u017euv\u0173 aliejus 1%, mineralai 0,5%. Analitin\u0117 sud\u0117tis: \u017eali baltymai 9%, \u017eali riebalai 6%, \u017eali pelenai 0,5%, \u017eali skaidulos 2,5%, dr\u0117gm\u0117 80%.\" \/>\n<meta property=\"og:url\" content=\"https:\/\/miumjau.ee\/lt\/produktas\/prospera-plus-1-pastetas-su-vistiena-ir-jautiena-395g\/\" \/>\n<meta property=\"og:site_name\" content=\"MiuMjau\" \/>\n<meta property=\"article:publisher\" content=\"https:\/\/www.facebook.com\/miumjaupood\/\" \/>\n<meta property=\"article:modified_time\" content=\"2026-01-07T18:47:03+00:00\" \/>\n<meta property=\"og:image\" content=\"https:\/\/miumjau.ee\/wp-content\/uploads\/2025\/09\/prospera-kassi-konserv-395g8.jpg\" \/>\n\t<meta property=\"og:image:width\" content=\"600\" \/>\n\t<meta property=\"og:image:height\" content=\"800\" \/>\n\t<meta property=\"og:image:type\" content=\"image\/jpeg\" \/>\n<meta name=\"twitter:card\" content=\"summary_large_image\" \/>\n<script type=\"application\/ld+json\" class=\"yoast-schema-graph\">{\"@context\":\"https:\\\/\\\/schema.org\",\"@graph\":[{\"@type\":\"WebPage\",\"@id\":\"https:\\\/\\\/miumjau.ee\\\/lt\\\/produktas\\\/prospera-plus-1-pastetas-su-vistiena-ir-jautiena-395g\\\/\",\"url\":\"https:\\\/\\\/miumjau.ee\\\/lt\\\/produktas\\\/prospera-plus-1-pastetas-su-vistiena-ir-jautiena-395g\\\/\",\"name\":\"Prospera Plus 1+ pa\u0161tetas su vi\u0161tiena ir jautiena, 395g - MiuMjau\",\"isPartOf\":{\"@id\":\"https:\\\/\\\/miumjau.ee\\\/#website\"},\"primaryImageOfPage\":{\"@id\":\"https:\\\/\\\/miumjau.ee\\\/lt\\\/produktas\\\/prospera-plus-1-pastetas-su-vistiena-ir-jautiena-395g\\\/#primaryimage\"},\"image\":{\"@id\":\"https:\\\/\\\/miumjau.ee\\\/lt\\\/produktas\\\/prospera-plus-1-pastetas-su-vistiena-ir-jautiena-395g\\\/#primaryimage\"},\"thumbnailUrl\":\"https:\\\/\\\/miumjau.ee\\\/wp-content\\\/uploads\\\/2025\\\/09\\\/prospera-kassi-konserv-395g8.jpg\",\"datePublished\":\"2025-09-15T13:59:23+00:00\",\"dateModified\":\"2026-01-07T18:47:03+00:00\",\"breadcrumb\":{\"@id\":\"https:\\\/\\\/miumjau.ee\\\/lt\\\/produktas\\\/prospera-plus-1-pastetas-su-vistiena-ir-jautiena-395g\\\/#breadcrumb\"},\"inLanguage\":\"lt-LT\",\"potentialAction\":[{\"@type\":\"ReadAction\",\"target\":[\"https:\\\/\\\/miumjau.ee\\\/lt\\\/produktas\\\/prospera-plus-1-pastetas-su-vistiena-ir-jautiena-395g\\\/\"]}]},{\"@type\":\"ImageObject\",\"inLanguage\":\"lt-LT\",\"@id\":\"https:\\\/\\\/miumjau.ee\\\/lt\\\/produktas\\\/prospera-plus-1-pastetas-su-vistiena-ir-jautiena-395g\\\/#primaryimage\",\"url\":\"https:\\\/\\\/miumjau.ee\\\/wp-content\\\/uploads\\\/2025\\\/09\\\/prospera-kassi-konserv-395g8.jpg\",\"contentUrl\":\"https:\\\/\\\/miumjau.ee\\\/wp-content\\\/uploads\\\/2025\\\/09\\\/prospera-kassi-konserv-395g8.jpg\",\"width\":600,\"height\":800,\"caption\":\"Prospera Plus 1+ kana- ja veisepasteet 395g\"},{\"@type\":\"BreadcrumbList\",\"@id\":\"https:\\\/\\\/miumjau.ee\\\/lt\\\/produktas\\\/prospera-plus-1-pastetas-su-vistiena-ir-jautiena-395g\\\/#breadcrumb\",\"itemListElement\":[{\"@type\":\"ListItem\",\"position\":1,\"name\":\"Home\",\"item\":\"https:\\\/\\\/miumjau.ee\\\/lt\\\/\"},{\"@type\":\"ListItem\",\"position\":2,\"name\":\"Parduotuv\u0117\",\"item\":\"https:\\\/\\\/miumjau.ee\\\/lt\\\/parduotuve\\\/\"},{\"@type\":\"ListItem\",\"position\":3,\"name\":\"Prospera Plus 1+ pa\u0161tetas su vi\u0161tiena ir jautiena, 395g\"}]},{\"@type\":\"WebSite\",\"@id\":\"https:\\\/\\\/miumjau.ee\\\/#website\",\"url\":\"https:\\\/\\\/miumjau.ee\\\/\",\"name\":\"MiuMjau\",\"description\":\"Kraapimispuud kassidele\",\"publisher\":{\"@id\":\"https:\\\/\\\/miumjau.ee\\\/#organization\"},\"potentialAction\":[{\"@type\":\"SearchAction\",\"target\":{\"@type\":\"EntryPoint\",\"urlTemplate\":\"https:\\\/\\\/miumjau.ee\\\/?s={search_term_string}\"},\"query-input\":{\"@type\":\"PropertyValueSpecification\",\"valueRequired\":true,\"valueName\":\"search_term_string\"}}],\"inLanguage\":\"lt-LT\"},{\"@type\":\"Organization\",\"@id\":\"https:\\\/\\\/miumjau.ee\\\/#organization\",\"name\":\"MiuMjau O\u00dc\",\"url\":\"https:\\\/\\\/miumjau.ee\\\/\",\"logo\":{\"@type\":\"ImageObject\",\"inLanguage\":\"lt-LT\",\"@id\":\"https:\\\/\\\/miumjau.ee\\\/#\\\/schema\\\/logo\\\/image\\\/\",\"url\":\"https:\\\/\\\/miumjau.ee\\\/wp-content\\\/uploads\\\/2022\\\/04\\\/MiuMjau-logo-kollane.png\",\"contentUrl\":\"https:\\\/\\\/miumjau.ee\\\/wp-content\\\/uploads\\\/2022\\\/04\\\/MiuMjau-logo-kollane.png\",\"width\":219,\"height\":100,\"caption\":\"MiuMjau O\u00dc\"},\"image\":{\"@id\":\"https:\\\/\\\/miumjau.ee\\\/#\\\/schema\\\/logo\\\/image\\\/\"},\"sameAs\":[\"https:\\\/\\\/www.facebook.com\\\/miumjaupood\\\/\"]}]}<\/script>\n<!-- \/ Yoast SEO plugin. -->","yoast_head_json":{"title":"Prospera Plus 1+ pa\u0161tetas su vi\u0161tiena ir jautiena, 395g - MiuMjau","robots":{"index":"index","follow":"follow","max-snippet":"max-snippet:-1","max-image-preview":"max-image-preview:large","max-video-preview":"max-video-preview:-1"},"canonical":"https:\/\/miumjau.ee\/lt\/produktas\/prospera-plus-1-pastetas-su-vistiena-ir-jautiena-395g\/","og_locale":"lt_LT","og_type":"article","og_title":"Prospera Plus 1+ pa\u0161tetas su vi\u0161tiena ir jautiena, 395g - MiuMjau","og_description":"Pilnavertis ir subalansuotas dr\u0117gnas maistas su vi\u0161tiena ir jautiena suaugusioms kat\u0117ms nuo 1 met\u0173 am\u017eiaus.     Skanus pa\u0161tetas su dideliu m\u0117sos ir sultinio kiekiu, suteikia j\u016bs\u0173 katei reikaling\u0105 sveik\u0105 mityb\u0105.    Sud\u0117tyje yra taurino \u2013 nepakei\u010diamos aminor\u016bg\u0161ties, svarbios \u0161irdies sveikatai ir gerai regai.    Kokybi\u0161kos ir lengvai vir\u0161kinamos maistin\u0117s med\u017eiagos padeda palaikyti kailio b\u016bkl\u0119.    Stiprina imunitet\u0105 ir raumenis.    Be sojos, gr\u016bd\u0173 ir prid\u0117tinio cukraus.   Sud\u0117tis: vi\u0161tiena 46%, sultinys 38,5%, jautiena 14%, \u017euv\u0173 aliejus 1%, mineralai 0,5%. Analitin\u0117 sud\u0117tis: \u017eali baltymai 9%, \u017eali riebalai 6%, \u017eali pelenai 0,5%, \u017eali skaidulos 2,5%, dr\u0117gm\u0117 80%.","og_url":"https:\/\/miumjau.ee\/lt\/produktas\/prospera-plus-1-pastetas-su-vistiena-ir-jautiena-395g\/","og_site_name":"MiuMjau","article_publisher":"https:\/\/www.facebook.com\/miumjaupood\/","article_modified_time":"2026-01-07T18:47:03+00:00","og_image":[{"width":600,"height":800,"url":"https:\/\/miumjau.ee\/wp-content\/uploads\/2025\/09\/prospera-kassi-konserv-395g8.jpg","type":"image\/jpeg"}],"twitter_card":"summary_large_image","schema":{"@context":"https:\/\/schema.org","@graph":[{"@type":"WebPage","@id":"https:\/\/miumjau.ee\/lt\/produktas\/prospera-plus-1-pastetas-su-vistiena-ir-jautiena-395g\/","url":"https:\/\/miumjau.ee\/lt\/produktas\/prospera-plus-1-pastetas-su-vistiena-ir-jautiena-395g\/","name":"Prospera Plus 1+ pa\u0161tetas su vi\u0161tiena ir jautiena, 395g - MiuMjau","isPartOf":{"@id":"https:\/\/miumjau.ee\/#website"},"primaryImageOfPage":{"@id":"https:\/\/miumjau.ee\/lt\/produktas\/prospera-plus-1-pastetas-su-vistiena-ir-jautiena-395g\/#primaryimage"},"image":{"@id":"https:\/\/miumjau.ee\/lt\/produktas\/prospera-plus-1-pastetas-su-vistiena-ir-jautiena-395g\/#primaryimage"},"thumbnailUrl":"https:\/\/miumjau.ee\/wp-content\/uploads\/2025\/09\/prospera-kassi-konserv-395g8.jpg","datePublished":"2025-09-15T13:59:23+00:00","dateModified":"2026-01-07T18:47:03+00:00","breadcrumb":{"@id":"https:\/\/miumjau.ee\/lt\/produktas\/prospera-plus-1-pastetas-su-vistiena-ir-jautiena-395g\/#breadcrumb"},"inLanguage":"lt-LT","potentialAction":[{"@type":"ReadAction","target":["https:\/\/miumjau.ee\/lt\/produktas\/prospera-plus-1-pastetas-su-vistiena-ir-jautiena-395g\/"]}]},{"@type":"ImageObject","inLanguage":"lt-LT","@id":"https:\/\/miumjau.ee\/lt\/produktas\/prospera-plus-1-pastetas-su-vistiena-ir-jautiena-395g\/#primaryimage","url":"https:\/\/miumjau.ee\/wp-content\/uploads\/2025\/09\/prospera-kassi-konserv-395g8.jpg","contentUrl":"https:\/\/miumjau.ee\/wp-content\/uploads\/2025\/09\/prospera-kassi-konserv-395g8.jpg","width":600,"height":800,"caption":"Prospera Plus 1+ kana- ja veisepasteet 395g"},{"@type":"BreadcrumbList","@id":"https:\/\/miumjau.ee\/lt\/produktas\/prospera-plus-1-pastetas-su-vistiena-ir-jautiena-395g\/#breadcrumb","itemListElement":[{"@type":"ListItem","position":1,"name":"Home","item":"https:\/\/miumjau.ee\/lt\/"},{"@type":"ListItem","position":2,"name":"Parduotuv\u0117","item":"https:\/\/miumjau.ee\/lt\/parduotuve\/"},{"@type":"ListItem","position":3,"name":"Prospera Plus 1+ pa\u0161tetas su vi\u0161tiena ir jautiena, 395g"}]},{"@type":"WebSite","@id":"https:\/\/miumjau.ee\/#website","url":"https:\/\/miumjau.ee\/","name":"MiuMjau","description":"Kraapimispuud kassidele","publisher":{"@id":"https:\/\/miumjau.ee\/#organization"},"potentialAction":[{"@type":"SearchAction","target":{"@type":"EntryPoint","urlTemplate":"https:\/\/miumjau.ee\/?s={search_term_string}"},"query-input":{"@type":"PropertyValueSpecification","valueRequired":true,"valueName":"search_term_string"}}],"inLanguage":"lt-LT"},{"@type":"Organization","@id":"https:\/\/miumjau.ee\/#organization","name":"MiuMjau O\u00dc","url":"https:\/\/miumjau.ee\/","logo":{"@type":"ImageObject","inLanguage":"lt-LT","@id":"https:\/\/miumjau.ee\/#\/schema\/logo\/image\/","url":"https:\/\/miumjau.ee\/wp-content\/uploads\/2022\/04\/MiuMjau-logo-kollane.png","contentUrl":"https:\/\/miumjau.ee\/wp-content\/uploads\/2022\/04\/MiuMjau-logo-kollane.png","width":219,"height":100,"caption":"MiuMjau O\u00dc"},"image":{"@id":"https:\/\/miumjau.ee\/#\/schema\/logo\/image\/"},"sameAs":["https:\/\/www.facebook.com\/miumjaupood\/"]}]}},"_links":{"self":[{"href":"https:\/\/miumjau.ee\/lt\/wp-json\/wp\/v2\/product\/46432","targetHints":{"allow":["GET"]}}],"collection":[{"href":"https:\/\/miumjau.ee\/lt\/wp-json\/wp\/v2\/product"}],"about":[{"href":"https:\/\/miumjau.ee\/lt\/wp-json\/wp\/v2\/types\/product"}],"wp:featuredmedia":[{"embeddable":true,"href":"https:\/\/miumjau.ee\/lt\/wp-json\/wp\/v2\/media\/42234"}],"wp:attachment":[{"href":"https:\/\/miumjau.ee\/lt\/wp-json\/wp\/v2\/media?parent=46432"}],"wp:term":[{"taxonomy":"product_brand","embeddable":true,"href":"https:\/\/miumjau.ee\/lt\/wp-json\/wp\/v2\/product_brand?post=46432"},{"taxonomy":"product_cat","embeddable":true,"href":"https:\/\/miumjau.ee\/lt\/wp-json\/wp\/v2\/product_cat?post=46432"},{"taxonomy":"product_tag","embeddable":true,"href":"https:\/\/miumjau.ee\/lt\/wp-json\/wp\/v2\/product_tag?post=46432"}],"curies":[{"name":"wp","href":"https:\/\/api.w.org\/{rel}","templated":true}]}}