{"id":46415,"date":"2025-09-16T09:54:45","date_gmt":"2025-09-16T06:54:45","guid":{"rendered":"https:\/\/miumjau.ee\/toode\/prospera-plus-asorti-sterilizuotoms-katems-12x85g\/"},"modified":"2026-01-07T20:47:10","modified_gmt":"2026-01-07T18:47:10","slug":"prospera-plus-asorti-sterilizuotoms-katems-12x85g","status":"publish","type":"product","link":"https:\/\/miumjau.ee\/lt\/produktas\/prospera-plus-asorti-sterilizuotoms-katems-12x85g\/","title":{"rendered":"Prospera Plus asorti sterilizuotoms kat\u0117ms, 12x85g"},"content":{"rendered":"","protected":false},"excerpt":{"rendered":"<p data-start=\"5278\" data-end=\"5571\">Pilnavertis ir subalansuotas konservuotas maistas sterilizuotoms kat\u0117ms nuo 1 met\u0173 am\u017eiaus. Pakuot\u0117je yra 3 porcijos su la\u0161i\u0161a ir \u017ealiaisiais \u017eirneliais pada\u017ee, 3 porcijos su jautiena ir moli\u016bgu, 3 porcijos su vi\u0161tienos kr\u016btin\u0117le ir morkomis, bei 3 porcijos su tunu ir \u017ealiaisiais pupel\u0117mis.<\/p>\n<ul data-start=\"5573\" data-end=\"5976\">\n<li data-start=\"5573\" data-end=\"5620\">\n<p data-start=\"5575\" data-end=\"5620\">Suteikia j\u016bs\u0173 katei reikiam\u0105 sveik\u0105 mityb\u0105.<\/p>\n<\/li>\n<li data-start=\"5621\" data-end=\"5713\">\n<p data-start=\"5623\" data-end=\"5713\">Sud\u0117tyje yra taurino \u2013 nepakei\u010diamos aminor\u016bg\u0161ties, svarbios \u0161irdies ir regos sveikatai.<\/p>\n<\/li>\n<li data-start=\"5714\" data-end=\"5813\">\n<p data-start=\"5716\" data-end=\"5813\">Kokybi\u0161kos ir lengvai vir\u0161kinamos maistin\u0117s med\u017eiagos palaiko raumen\u0173 sveikat\u0105 ir kailio b\u016bkl\u0119.<\/p>\n<\/li>\n<li data-start=\"5814\" data-end=\"5894\">\n<p data-start=\"5816\" data-end=\"5894\">Skan\u016bs m\u0117sos ir dar\u017eovi\u0173 gabaliukai pada\u017ee patiks net i\u0161rankiausioms kat\u0117ms.<\/p>\n<\/li>\n<li data-start=\"5895\" data-end=\"5933\">\n<p data-start=\"5897\" data-end=\"5933\">Palaiko sveik\u0105 \u017earnyno mikroflor\u0105.<\/p>\n<\/li>\n<li data-start=\"5934\" data-end=\"5976\">\n<p data-start=\"5936\" data-end=\"5976\">Be sojos, gr\u016bd\u0173 ir prid\u0117tinio cukraus.<\/p>\n<\/li>\n<\/ul>\n<p data-start=\"5978\" data-end=\"5992\"><strong data-start=\"5978\" data-end=\"5990\">Sud\u0117tis:<\/strong><\/p>\n<p data-start=\"5994\" data-end=\"6420\"><strong data-start=\"5994\" data-end=\"6026\">La\u0161i\u0161a ir \u017ealieji \u017eirneliai:<\/strong> m\u0117sa ir gyv\u016bnin\u0117s kilm\u0117s produktai (67,7% fil\u0117*, i\u0161 j\u0173 28,7% vi\u0161tiena, 27% kiauliena, 9,7% kiauliena, 6% jautiena*), \u017euvys ir \u017euvies produktai (20,3% la\u0161i\u0161os fil\u0117*), 1,7% mineralai, augalin\u0117s kilm\u0117s produktai (0,5% krakmolo, 0,8% skaidul\u0173, 0,4% cikorij\u0173 inulino), aliejai ir riebalai, dar\u017eov\u0117s (0,45% d\u017eiovinti \u017ealieji \u017eirneliai, atitinka 4% \u017eirneli\u0173). *Fil\u0117 paprastai sudaro 34,5% produkto.<\/p>\n<p data-start=\"6422\" data-end=\"6790\"><strong data-start=\"6422\" data-end=\"6447\">Jautiena ir moli\u016bgas:<\/strong> m\u0117sa ir gyv\u016bnin\u0117s kilm\u0117s produktai (88% fil\u0117*, i\u0161 j\u0173 40,6% jautiena, 27% kiaulienos kepenys, 14,4% vi\u0161tiena, 6% jautiena*), 1,7% mineralai, augalin\u0117s kilm\u0117s produktai (0,5% krakmolo, 0,8% skaidul\u0173, 0,4% cikorij\u0173 inulino), aliejai ir riebalai, dar\u017eov\u0117s (0,45% d\u017eiovintas moli\u016bgas, atitinka 4% moli\u016bgo). *Fil\u0117 paprastai sudaro 34,5% produkto.<\/p>\n<p data-start=\"6792\" data-end=\"7146\"><strong data-start=\"6792\" data-end=\"6815\">Vi\u0161tiena ir morkos:<\/strong> m\u0117sa ir gyv\u016bnin\u0117s kilm\u0117s produktai (88% fil\u0117*, i\u0161 j\u0173 40,6% vi\u0161tiena, 27% kiauliena, 14,4% kiauliena, 6% jautiena*), 1,7% mineralai, augalin\u0117s kilm\u0117s produktai (0,5% krakmolo, 0,8% skaidul\u0173, 0,4% cikorij\u0173 inulino), aliejai ir riebalai, dar\u017eov\u0117s (0,45% d\u017eiovintos morkos, atitinka 4% mork\u0173). *Fil\u0117 paprastai sudaro 34,5% produkto.<\/p>\n<p data-start=\"7148\" data-end=\"7575\"><strong data-start=\"7148\" data-end=\"7177\">Tunas ir \u017ealieji pupel\u0117s:<\/strong> m\u0117sa ir gyv\u016bnin\u0117s kilm\u0117s produktai (73,5% fil\u0117*, i\u0161 j\u0173 27% kiaulienos kepenys, 25% vi\u0161tiena, 15,5% kiauliena, 6% jautiena*), \u017euvys ir \u017euvies produktai (14,5% tuno fil\u0117*), 1,7% mineralai, augalin\u0117s kilm\u0117s produktai (0,6% krakmolo, 0,8% skaidul\u0173, 0,4% cikorij\u0173 inulino), aliejai ir riebalai, dar\u017eov\u0117s (0,45% d\u017eiovintos \u017ealieji pupeliai, atitinka 4% pupeli\u0173). *Fil\u0117 paprastai sudaro 34,5% produkto.<\/p>\n<p data-start=\"7577\" data-end=\"7747\" data-is-last-node=\"\" data-is-only-node=\"\"><strong data-start=\"7577\" data-end=\"7599\">Analitin\u0117 sud\u0117tis:<\/strong> \u017eali baltymai 10%, \u017eali riebalai 3%, \u017eali pelenai 1,9%, \u017eali skaidulos 1%, omega-3 riebal\u0173 r\u016bg\u0161tys 0,15%, omega-6 riebal\u0173 r\u016bg\u0161tys 0,8%, dr\u0117gm\u0117 82%.<\/p>\n","protected":false},"featured_media":42220,"template":"","meta":[],"product_brand":[],"product_cat":[526],"product_tag":[],"class_list":{"0":"post-46415","1":"product","2":"type-product","3":"status-publish","4":"has-post-thumbnail","6":"product_cat-slapias-maistas","8":"first","9":"instock","10":"sale","11":"taxable","12":"shipping-taxable","13":"purchasable","14":"product-type-simple"},"yoast_head":"<!-- This site is optimized with the Yoast SEO plugin v27.4 - https:\/\/yoast.com\/product\/yoast-seo-wordpress\/ -->\n<title>Prospera Plus asorti sterilizuotoms kat\u0117ms, 12x85g - MiuMjau<\/title>\n<meta name=\"robots\" content=\"index, follow, max-snippet:-1, max-image-preview:large, max-video-preview:-1\" \/>\n<link rel=\"canonical\" href=\"https:\/\/miumjau.ee\/lt\/produktas\/prospera-plus-asorti-sterilizuotoms-katems-12x85g\/\" \/>\n<meta property=\"og:locale\" content=\"lt_LT\" \/>\n<meta property=\"og:type\" content=\"article\" \/>\n<meta property=\"og:title\" content=\"Prospera Plus asorti sterilizuotoms kat\u0117ms, 12x85g - MiuMjau\" \/>\n<meta property=\"og:description\" content=\"Pilnavertis ir subalansuotas konservuotas maistas sterilizuotoms kat\u0117ms nuo 1 met\u0173 am\u017eiaus. Pakuot\u0117je yra 3 porcijos su la\u0161i\u0161a ir \u017ealiaisiais \u017eirneliais pada\u017ee, 3 porcijos su jautiena ir moli\u016bgu, 3 porcijos su vi\u0161tienos kr\u016btin\u0117le ir morkomis, bei 3 porcijos su tunu ir \u017ealiaisiais pupel\u0117mis.     Suteikia j\u016bs\u0173 katei reikiam\u0105 sveik\u0105 mityb\u0105.    Sud\u0117tyje yra taurino \u2013 nepakei\u010diamos aminor\u016bg\u0161ties, svarbios \u0161irdies ir regos sveikatai.    Kokybi\u0161kos ir lengvai vir\u0161kinamos maistin\u0117s med\u017eiagos palaiko raumen\u0173 sveikat\u0105 ir kailio b\u016bkl\u0119.    Skan\u016bs m\u0117sos ir dar\u017eovi\u0173 gabaliukai pada\u017ee patiks net i\u0161rankiausioms kat\u0117ms.    Palaiko sveik\u0105 \u017earnyno mikroflor\u0105.    Be sojos, gr\u016bd\u0173 ir prid\u0117tinio cukraus.   Sud\u0117tis: La\u0161i\u0161a ir \u017ealieji \u017eirneliai: m\u0117sa ir gyv\u016bnin\u0117s kilm\u0117s produktai (67,7% fil\u0117*, i\u0161 j\u0173 28,7% vi\u0161tiena, 27% kiauliena, 9,7% kiauliena, 6% jautiena*), \u017euvys ir \u017euvies produktai (20,3% la\u0161i\u0161os fil\u0117*), 1,7% mineralai, augalin\u0117s kilm\u0117s produktai (0,5% krakmolo, 0,8% skaidul\u0173, 0,4% cikorij\u0173 inulino), aliejai ir riebalai, dar\u017eov\u0117s (0,45% d\u017eiovinti \u017ealieji \u017eirneliai, atitinka 4% \u017eirneli\u0173). *Fil\u0117 paprastai sudaro 34,5% produkto. Jautiena ir moli\u016bgas: m\u0117sa ir gyv\u016bnin\u0117s kilm\u0117s produktai (88% fil\u0117*, i\u0161 j\u0173 40,6% jautiena, 27% kiaulienos kepenys, 14,4% vi\u0161tiena, 6% jautiena*), 1,7% mineralai, augalin\u0117s kilm\u0117s produktai (0,5% krakmolo, 0,8% skaidul\u0173, 0,4% cikorij\u0173 inulino), aliejai ir riebalai, dar\u017eov\u0117s (0,45% d\u017eiovintas moli\u016bgas, atitinka 4% moli\u016bgo). *Fil\u0117 paprastai sudaro 34,5% produkto. Vi\u0161tiena ir morkos: m\u0117sa ir gyv\u016bnin\u0117s kilm\u0117s produktai (88% fil\u0117*, i\u0161 j\u0173 40,6% vi\u0161tiena, 27% kiauliena, 14,4% kiauliena, 6% jautiena*), 1,7% mineralai, augalin\u0117s kilm\u0117s produktai (0,5% krakmolo, 0,8% skaidul\u0173, 0,4% cikorij\u0173 inulino), aliejai ir riebalai, dar\u017eov\u0117s (0,45% d\u017eiovintos morkos, atitinka 4% mork\u0173). *Fil\u0117 paprastai sudaro 34,5% produkto. Tunas ir \u017ealieji pupel\u0117s: m\u0117sa ir gyv\u016bnin\u0117s kilm\u0117s produktai (73,5% fil\u0117*, i\u0161 j\u0173 27% kiaulienos kepenys, 25% vi\u0161tiena, 15,5% kiauliena, 6% jautiena*), \u017euvys ir \u017euvies produktai (14,5% tuno fil\u0117*), 1,7% mineralai, augalin\u0117s kilm\u0117s produktai (0,6% krakmolo, 0,8% skaidul\u0173, 0,4% cikorij\u0173 inulino), aliejai ir riebalai, dar\u017eov\u0117s (0,45% d\u017eiovintos \u017ealieji pupeliai, atitinka 4% pupeli\u0173). *Fil\u0117 paprastai sudaro 34,5% produkto. Analitin\u0117 sud\u0117tis: \u017eali baltymai 10%, \u017eali riebalai 3%, \u017eali pelenai 1,9%, \u017eali skaidulos 1%, omega-3 riebal\u0173 r\u016bg\u0161tys 0,15%, omega-6 riebal\u0173 r\u016bg\u0161tys 0,8%, dr\u0117gm\u0117 82%.\" \/>\n<meta property=\"og:url\" content=\"https:\/\/miumjau.ee\/lt\/produktas\/prospera-plus-asorti-sterilizuotoms-katems-12x85g\/\" \/>\n<meta property=\"og:site_name\" content=\"MiuMjau\" \/>\n<meta property=\"article:publisher\" content=\"https:\/\/www.facebook.com\/miumjaupood\/\" \/>\n<meta property=\"article:modified_time\" content=\"2026-01-07T18:47:10+00:00\" \/>\n<meta property=\"og:image\" content=\"https:\/\/miumjau.ee\/wp-content\/uploads\/2025\/09\/prospera-plus-assortii-steriliseeritud.jpg\" \/>\n\t<meta property=\"og:image:width\" content=\"1200\" \/>\n\t<meta property=\"og:image:height\" content=\"1600\" \/>\n\t<meta property=\"og:image:type\" content=\"image\/jpeg\" \/>\n<meta name=\"twitter:card\" content=\"summary_large_image\" \/>\n<script type=\"application\/ld+json\" class=\"yoast-schema-graph\">{\"@context\":\"https:\\\/\\\/schema.org\",\"@graph\":[{\"@type\":\"WebPage\",\"@id\":\"https:\\\/\\\/miumjau.ee\\\/lt\\\/produktas\\\/prospera-plus-asorti-sterilizuotoms-katems-12x85g\\\/\",\"url\":\"https:\\\/\\\/miumjau.ee\\\/lt\\\/produktas\\\/prospera-plus-asorti-sterilizuotoms-katems-12x85g\\\/\",\"name\":\"Prospera Plus asorti sterilizuotoms kat\u0117ms, 12x85g - MiuMjau\",\"isPartOf\":{\"@id\":\"https:\\\/\\\/miumjau.ee\\\/#website\"},\"primaryImageOfPage\":{\"@id\":\"https:\\\/\\\/miumjau.ee\\\/lt\\\/produktas\\\/prospera-plus-asorti-sterilizuotoms-katems-12x85g\\\/#primaryimage\"},\"image\":{\"@id\":\"https:\\\/\\\/miumjau.ee\\\/lt\\\/produktas\\\/prospera-plus-asorti-sterilizuotoms-katems-12x85g\\\/#primaryimage\"},\"thumbnailUrl\":\"https:\\\/\\\/miumjau.ee\\\/wp-content\\\/uploads\\\/2025\\\/09\\\/prospera-plus-assortii-steriliseeritud.jpg\",\"datePublished\":\"2025-09-16T06:54:45+00:00\",\"dateModified\":\"2026-01-07T18:47:10+00:00\",\"breadcrumb\":{\"@id\":\"https:\\\/\\\/miumjau.ee\\\/lt\\\/produktas\\\/prospera-plus-asorti-sterilizuotoms-katems-12x85g\\\/#breadcrumb\"},\"inLanguage\":\"lt-LT\",\"potentialAction\":[{\"@type\":\"ReadAction\",\"target\":[\"https:\\\/\\\/miumjau.ee\\\/lt\\\/produktas\\\/prospera-plus-asorti-sterilizuotoms-katems-12x85g\\\/\"]}]},{\"@type\":\"ImageObject\",\"inLanguage\":\"lt-LT\",\"@id\":\"https:\\\/\\\/miumjau.ee\\\/lt\\\/produktas\\\/prospera-plus-asorti-sterilizuotoms-katems-12x85g\\\/#primaryimage\",\"url\":\"https:\\\/\\\/miumjau.ee\\\/wp-content\\\/uploads\\\/2025\\\/09\\\/prospera-plus-assortii-steriliseeritud.jpg\",\"contentUrl\":\"https:\\\/\\\/miumjau.ee\\\/wp-content\\\/uploads\\\/2025\\\/09\\\/prospera-plus-assortii-steriliseeritud.jpg\",\"width\":1200,\"height\":1600,\"caption\":\"Prospera Plus assortii steriliseeritud kassidele, 12x85g\"},{\"@type\":\"BreadcrumbList\",\"@id\":\"https:\\\/\\\/miumjau.ee\\\/lt\\\/produktas\\\/prospera-plus-asorti-sterilizuotoms-katems-12x85g\\\/#breadcrumb\",\"itemListElement\":[{\"@type\":\"ListItem\",\"position\":1,\"name\":\"Home\",\"item\":\"https:\\\/\\\/miumjau.ee\\\/lt\\\/\"},{\"@type\":\"ListItem\",\"position\":2,\"name\":\"Parduotuv\u0117\",\"item\":\"https:\\\/\\\/miumjau.ee\\\/lt\\\/parduotuve\\\/\"},{\"@type\":\"ListItem\",\"position\":3,\"name\":\"Prospera Plus asorti sterilizuotoms kat\u0117ms, 12x85g\"}]},{\"@type\":\"WebSite\",\"@id\":\"https:\\\/\\\/miumjau.ee\\\/#website\",\"url\":\"https:\\\/\\\/miumjau.ee\\\/\",\"name\":\"MiuMjau\",\"description\":\"Kraapimispuud kassidele\",\"publisher\":{\"@id\":\"https:\\\/\\\/miumjau.ee\\\/#organization\"},\"potentialAction\":[{\"@type\":\"SearchAction\",\"target\":{\"@type\":\"EntryPoint\",\"urlTemplate\":\"https:\\\/\\\/miumjau.ee\\\/?s={search_term_string}\"},\"query-input\":{\"@type\":\"PropertyValueSpecification\",\"valueRequired\":true,\"valueName\":\"search_term_string\"}}],\"inLanguage\":\"lt-LT\"},{\"@type\":\"Organization\",\"@id\":\"https:\\\/\\\/miumjau.ee\\\/#organization\",\"name\":\"MiuMjau O\u00dc\",\"url\":\"https:\\\/\\\/miumjau.ee\\\/\",\"logo\":{\"@type\":\"ImageObject\",\"inLanguage\":\"lt-LT\",\"@id\":\"https:\\\/\\\/miumjau.ee\\\/#\\\/schema\\\/logo\\\/image\\\/\",\"url\":\"https:\\\/\\\/miumjau.ee\\\/wp-content\\\/uploads\\\/2022\\\/04\\\/MiuMjau-logo-kollane.png\",\"contentUrl\":\"https:\\\/\\\/miumjau.ee\\\/wp-content\\\/uploads\\\/2022\\\/04\\\/MiuMjau-logo-kollane.png\",\"width\":219,\"height\":100,\"caption\":\"MiuMjau O\u00dc\"},\"image\":{\"@id\":\"https:\\\/\\\/miumjau.ee\\\/#\\\/schema\\\/logo\\\/image\\\/\"},\"sameAs\":[\"https:\\\/\\\/www.facebook.com\\\/miumjaupood\\\/\"]}]}<\/script>\n<!-- \/ Yoast SEO plugin. -->","yoast_head_json":{"title":"Prospera Plus asorti sterilizuotoms kat\u0117ms, 12x85g - MiuMjau","robots":{"index":"index","follow":"follow","max-snippet":"max-snippet:-1","max-image-preview":"max-image-preview:large","max-video-preview":"max-video-preview:-1"},"canonical":"https:\/\/miumjau.ee\/lt\/produktas\/prospera-plus-asorti-sterilizuotoms-katems-12x85g\/","og_locale":"lt_LT","og_type":"article","og_title":"Prospera Plus asorti sterilizuotoms kat\u0117ms, 12x85g - MiuMjau","og_description":"Pilnavertis ir subalansuotas konservuotas maistas sterilizuotoms kat\u0117ms nuo 1 met\u0173 am\u017eiaus. Pakuot\u0117je yra 3 porcijos su la\u0161i\u0161a ir \u017ealiaisiais \u017eirneliais pada\u017ee, 3 porcijos su jautiena ir moli\u016bgu, 3 porcijos su vi\u0161tienos kr\u016btin\u0117le ir morkomis, bei 3 porcijos su tunu ir \u017ealiaisiais pupel\u0117mis.     Suteikia j\u016bs\u0173 katei reikiam\u0105 sveik\u0105 mityb\u0105.    Sud\u0117tyje yra taurino \u2013 nepakei\u010diamos aminor\u016bg\u0161ties, svarbios \u0161irdies ir regos sveikatai.    Kokybi\u0161kos ir lengvai vir\u0161kinamos maistin\u0117s med\u017eiagos palaiko raumen\u0173 sveikat\u0105 ir kailio b\u016bkl\u0119.    Skan\u016bs m\u0117sos ir dar\u017eovi\u0173 gabaliukai pada\u017ee patiks net i\u0161rankiausioms kat\u0117ms.    Palaiko sveik\u0105 \u017earnyno mikroflor\u0105.    Be sojos, gr\u016bd\u0173 ir prid\u0117tinio cukraus.   Sud\u0117tis: La\u0161i\u0161a ir \u017ealieji \u017eirneliai: m\u0117sa ir gyv\u016bnin\u0117s kilm\u0117s produktai (67,7% fil\u0117*, i\u0161 j\u0173 28,7% vi\u0161tiena, 27% kiauliena, 9,7% kiauliena, 6% jautiena*), \u017euvys ir \u017euvies produktai (20,3% la\u0161i\u0161os fil\u0117*), 1,7% mineralai, augalin\u0117s kilm\u0117s produktai (0,5% krakmolo, 0,8% skaidul\u0173, 0,4% cikorij\u0173 inulino), aliejai ir riebalai, dar\u017eov\u0117s (0,45% d\u017eiovinti \u017ealieji \u017eirneliai, atitinka 4% \u017eirneli\u0173). *Fil\u0117 paprastai sudaro 34,5% produkto. Jautiena ir moli\u016bgas: m\u0117sa ir gyv\u016bnin\u0117s kilm\u0117s produktai (88% fil\u0117*, i\u0161 j\u0173 40,6% jautiena, 27% kiaulienos kepenys, 14,4% vi\u0161tiena, 6% jautiena*), 1,7% mineralai, augalin\u0117s kilm\u0117s produktai (0,5% krakmolo, 0,8% skaidul\u0173, 0,4% cikorij\u0173 inulino), aliejai ir riebalai, dar\u017eov\u0117s (0,45% d\u017eiovintas moli\u016bgas, atitinka 4% moli\u016bgo). *Fil\u0117 paprastai sudaro 34,5% produkto. Vi\u0161tiena ir morkos: m\u0117sa ir gyv\u016bnin\u0117s kilm\u0117s produktai (88% fil\u0117*, i\u0161 j\u0173 40,6% vi\u0161tiena, 27% kiauliena, 14,4% kiauliena, 6% jautiena*), 1,7% mineralai, augalin\u0117s kilm\u0117s produktai (0,5% krakmolo, 0,8% skaidul\u0173, 0,4% cikorij\u0173 inulino), aliejai ir riebalai, dar\u017eov\u0117s (0,45% d\u017eiovintos morkos, atitinka 4% mork\u0173). *Fil\u0117 paprastai sudaro 34,5% produkto. Tunas ir \u017ealieji pupel\u0117s: m\u0117sa ir gyv\u016bnin\u0117s kilm\u0117s produktai (73,5% fil\u0117*, i\u0161 j\u0173 27% kiaulienos kepenys, 25% vi\u0161tiena, 15,5% kiauliena, 6% jautiena*), \u017euvys ir \u017euvies produktai (14,5% tuno fil\u0117*), 1,7% mineralai, augalin\u0117s kilm\u0117s produktai (0,6% krakmolo, 0,8% skaidul\u0173, 0,4% cikorij\u0173 inulino), aliejai ir riebalai, dar\u017eov\u0117s (0,45% d\u017eiovintos \u017ealieji pupeliai, atitinka 4% pupeli\u0173). *Fil\u0117 paprastai sudaro 34,5% produkto. Analitin\u0117 sud\u0117tis: \u017eali baltymai 10%, \u017eali riebalai 3%, \u017eali pelenai 1,9%, \u017eali skaidulos 1%, omega-3 riebal\u0173 r\u016bg\u0161tys 0,15%, omega-6 riebal\u0173 r\u016bg\u0161tys 0,8%, dr\u0117gm\u0117 82%.","og_url":"https:\/\/miumjau.ee\/lt\/produktas\/prospera-plus-asorti-sterilizuotoms-katems-12x85g\/","og_site_name":"MiuMjau","article_publisher":"https:\/\/www.facebook.com\/miumjaupood\/","article_modified_time":"2026-01-07T18:47:10+00:00","og_image":[{"width":1200,"height":1600,"url":"https:\/\/miumjau.ee\/wp-content\/uploads\/2025\/09\/prospera-plus-assortii-steriliseeritud.jpg","type":"image\/jpeg"}],"twitter_card":"summary_large_image","schema":{"@context":"https:\/\/schema.org","@graph":[{"@type":"WebPage","@id":"https:\/\/miumjau.ee\/lt\/produktas\/prospera-plus-asorti-sterilizuotoms-katems-12x85g\/","url":"https:\/\/miumjau.ee\/lt\/produktas\/prospera-plus-asorti-sterilizuotoms-katems-12x85g\/","name":"Prospera Plus asorti sterilizuotoms kat\u0117ms, 12x85g - MiuMjau","isPartOf":{"@id":"https:\/\/miumjau.ee\/#website"},"primaryImageOfPage":{"@id":"https:\/\/miumjau.ee\/lt\/produktas\/prospera-plus-asorti-sterilizuotoms-katems-12x85g\/#primaryimage"},"image":{"@id":"https:\/\/miumjau.ee\/lt\/produktas\/prospera-plus-asorti-sterilizuotoms-katems-12x85g\/#primaryimage"},"thumbnailUrl":"https:\/\/miumjau.ee\/wp-content\/uploads\/2025\/09\/prospera-plus-assortii-steriliseeritud.jpg","datePublished":"2025-09-16T06:54:45+00:00","dateModified":"2026-01-07T18:47:10+00:00","breadcrumb":{"@id":"https:\/\/miumjau.ee\/lt\/produktas\/prospera-plus-asorti-sterilizuotoms-katems-12x85g\/#breadcrumb"},"inLanguage":"lt-LT","potentialAction":[{"@type":"ReadAction","target":["https:\/\/miumjau.ee\/lt\/produktas\/prospera-plus-asorti-sterilizuotoms-katems-12x85g\/"]}]},{"@type":"ImageObject","inLanguage":"lt-LT","@id":"https:\/\/miumjau.ee\/lt\/produktas\/prospera-plus-asorti-sterilizuotoms-katems-12x85g\/#primaryimage","url":"https:\/\/miumjau.ee\/wp-content\/uploads\/2025\/09\/prospera-plus-assortii-steriliseeritud.jpg","contentUrl":"https:\/\/miumjau.ee\/wp-content\/uploads\/2025\/09\/prospera-plus-assortii-steriliseeritud.jpg","width":1200,"height":1600,"caption":"Prospera Plus assortii steriliseeritud kassidele, 12x85g"},{"@type":"BreadcrumbList","@id":"https:\/\/miumjau.ee\/lt\/produktas\/prospera-plus-asorti-sterilizuotoms-katems-12x85g\/#breadcrumb","itemListElement":[{"@type":"ListItem","position":1,"name":"Home","item":"https:\/\/miumjau.ee\/lt\/"},{"@type":"ListItem","position":2,"name":"Parduotuv\u0117","item":"https:\/\/miumjau.ee\/lt\/parduotuve\/"},{"@type":"ListItem","position":3,"name":"Prospera Plus asorti sterilizuotoms kat\u0117ms, 12x85g"}]},{"@type":"WebSite","@id":"https:\/\/miumjau.ee\/#website","url":"https:\/\/miumjau.ee\/","name":"MiuMjau","description":"Kraapimispuud kassidele","publisher":{"@id":"https:\/\/miumjau.ee\/#organization"},"potentialAction":[{"@type":"SearchAction","target":{"@type":"EntryPoint","urlTemplate":"https:\/\/miumjau.ee\/?s={search_term_string}"},"query-input":{"@type":"PropertyValueSpecification","valueRequired":true,"valueName":"search_term_string"}}],"inLanguage":"lt-LT"},{"@type":"Organization","@id":"https:\/\/miumjau.ee\/#organization","name":"MiuMjau O\u00dc","url":"https:\/\/miumjau.ee\/","logo":{"@type":"ImageObject","inLanguage":"lt-LT","@id":"https:\/\/miumjau.ee\/#\/schema\/logo\/image\/","url":"https:\/\/miumjau.ee\/wp-content\/uploads\/2022\/04\/MiuMjau-logo-kollane.png","contentUrl":"https:\/\/miumjau.ee\/wp-content\/uploads\/2022\/04\/MiuMjau-logo-kollane.png","width":219,"height":100,"caption":"MiuMjau O\u00dc"},"image":{"@id":"https:\/\/miumjau.ee\/#\/schema\/logo\/image\/"},"sameAs":["https:\/\/www.facebook.com\/miumjaupood\/"]}]}},"_links":{"self":[{"href":"https:\/\/miumjau.ee\/lt\/wp-json\/wp\/v2\/product\/46415","targetHints":{"allow":["GET"]}}],"collection":[{"href":"https:\/\/miumjau.ee\/lt\/wp-json\/wp\/v2\/product"}],"about":[{"href":"https:\/\/miumjau.ee\/lt\/wp-json\/wp\/v2\/types\/product"}],"wp:featuredmedia":[{"embeddable":true,"href":"https:\/\/miumjau.ee\/lt\/wp-json\/wp\/v2\/media\/42220"}],"wp:attachment":[{"href":"https:\/\/miumjau.ee\/lt\/wp-json\/wp\/v2\/media?parent=46415"}],"wp:term":[{"taxonomy":"product_brand","embeddable":true,"href":"https:\/\/miumjau.ee\/lt\/wp-json\/wp\/v2\/product_brand?post=46415"},{"taxonomy":"product_cat","embeddable":true,"href":"https:\/\/miumjau.ee\/lt\/wp-json\/wp\/v2\/product_cat?post=46415"},{"taxonomy":"product_tag","embeddable":true,"href":"https:\/\/miumjau.ee\/lt\/wp-json\/wp\/v2\/product_tag?post=46415"}],"curies":[{"name":"wp","href":"https:\/\/api.w.org\/{rel}","templated":true}]}}