{"id":46407,"date":"2025-09-16T09:41:21","date_gmt":"2025-09-16T06:41:21","guid":{"rendered":"https:\/\/miumjau.ee\/toode\/prospera-plus-asorti-kaciukams-12x85g\/"},"modified":"2026-01-07T20:47:10","modified_gmt":"2026-01-07T18:47:10","slug":"prospera-plus-asorti-kaciukams-12x85g","status":"publish","type":"product","link":"https:\/\/miumjau.ee\/lt\/produktas\/prospera-plus-asorti-kaciukams-12x85g\/","title":{"rendered":"Prospera Plus asorti ka\u010diukams 12x85g"},"content":{"rendered":"","protected":false},"excerpt":{"rendered":"<p data-start=\"3624\" data-end=\"3817\">Pilnavertis ir subalansuotas konservuotas maistas ka\u010diukams nuo 4 savai\u010di\u0173 iki 1 met\u0173. Pakuot\u0117je yra 6 porcijos su la\u0161i\u0161a ir morkomis pada\u017ee bei 6 porcijos su antimi ir \u017ealiaisiais pupel\u0117mis.<\/p>\n<ul data-start=\"3819\" data-end=\"4224\">\n<li data-start=\"3819\" data-end=\"3880\">\n<p data-start=\"3821\" data-end=\"3880\">Sveikas maistas, palaikantis ka\u010diuko augim\u0105 ir vystym\u0105si.<\/p>\n<\/li>\n<li data-start=\"3881\" data-end=\"3981\">\n<p data-start=\"3883\" data-end=\"3981\">Sud\u0117tyje yra taurino \u2013 nepakei\u010diamos aminor\u016bg\u0161ties, svarbios ka\u010diuko \u0161irdies ir regos sveikatai.<\/p>\n<\/li>\n<li data-start=\"3982\" data-end=\"4094\">\n<p data-start=\"3984\" data-end=\"4094\">Kokybi\u0161kos ir lengvai vir\u0161kinamos maistin\u0117s med\u017eiagos suteikia pakankamai energijos ir palaiko kailio b\u016bkl\u0119.<\/p>\n<\/li>\n<li data-start=\"4095\" data-end=\"4137\">\n<p data-start=\"4097\" data-end=\"4137\">Be sojos, gr\u016bd\u0173 ir be prid\u0117to cukraus.<\/p>\n<\/li>\n<li data-start=\"4138\" data-end=\"4224\">\n<p data-start=\"4140\" data-end=\"4224\">Skan\u016bs m\u0117sos ir dar\u017eovi\u0173 gabaliukai pada\u017ee patiks net i\u0161rankiausiems augintiniams.<\/p>\n<\/li>\n<\/ul>\n<p data-start=\"4226\" data-end=\"4240\"><strong data-start=\"4226\" data-end=\"4238\">Sud\u0117tis:<\/strong><\/p>\n<p data-start=\"4242\" data-end=\"4680\"><strong data-start=\"4242\" data-end=\"4263\">La\u0161i\u0161a ir morkos:<\/strong> m\u0117sa ir gyv\u016bnin\u0117s kilm\u0117s produktai (67,7% fil\u0117*, i\u0161 j\u0173 27% kiaulienos kepenys, 25% vi\u0161tiena, 9,7% kiauliena, 6% jautiena*), \u017euvys ir \u017euvies produktai (20,3% la\u0161i\u0161os fil\u0117*), 1,5% mineralai, augalin\u0117s kilm\u0117s produktai (0,6% krakmolo, 0,6% skaidul\u0173, 0,4% cikorij\u0173 inulino), aliejai ir riebalai (0,5% la\u0161i\u0161os aliejaus), dar\u017eov\u0117s (0,45% d\u017eiovintos morkos, atitinkan\u010dios 4% mork\u0173). *Fil\u0117 paprastai sudaro 34,5% produkto.<\/p>\n<p data-start=\"4682\" data-end=\"5105\"><strong data-start=\"4682\" data-end=\"4712\">Antis ir \u017ealieji pupeliai:<\/strong> m\u0117sa ir gyv\u016bnin\u0117s kilm\u0117s produktai (88% fil\u0117*, i\u0161 j\u0173 40,6% antis, 25% kiaulienos kepenys, 10,4% vi\u0161tiena, 6% kiauliena, 6% jautiena*), 1,5% mineralai, augalin\u0117s kilm\u0117s produktai (0,6% krakmolo, 0,5% skaidul\u0173, 0,4% cikorij\u0173 inulino), aliejai ir riebalai (0,5% la\u0161i\u0161os aliejaus), dar\u017eov\u0117s (0,45% d\u017eiovinti \u017ealieji pupeliai, atitinka 4% \u017eali\u0173j\u0173 pupeli\u0173). *Fil\u0117 paprastai sudaro 34,5% produkto.<\/p>\n<p data-start=\"5107\" data-end=\"5308\"><strong data-start=\"5107\" data-end=\"5129\">Analitin\u0117 sud\u0117tis:<\/strong> \u017eali baltymai 10%, \u017eali riebalai 5%, \u017eali pelenai 2%, \u017eali skaidulos 0,3%, kalcis 0,3%, fosforas 0,25%, omega-3 riebal\u0173 r\u016bg\u0161tys 0,15%, omega-6 riebal\u0173 r\u016bg\u0161tys 0,8%, dr\u0117gm\u0117 78%.<\/p>\n","protected":false},"featured_media":42224,"template":"","meta":[],"product_brand":[],"product_cat":[526],"product_tag":[],"class_list":{"0":"post-46407","1":"product","2":"type-product","3":"status-publish","4":"has-post-thumbnail","6":"product_cat-slapias-maistas","8":"first","9":"instock","10":"sale","11":"taxable","12":"shipping-taxable","13":"purchasable","14":"product-type-simple"},"yoast_head":"<!-- This site is optimized with the Yoast SEO plugin v27.4 - https:\/\/yoast.com\/product\/yoast-seo-wordpress\/ -->\n<title>Prospera Plus asorti ka\u010diukams 12x85g - MiuMjau<\/title>\n<meta name=\"robots\" content=\"index, follow, max-snippet:-1, max-image-preview:large, max-video-preview:-1\" \/>\n<link rel=\"canonical\" href=\"https:\/\/miumjau.ee\/lt\/produktas\/prospera-plus-asorti-kaciukams-12x85g\/\" \/>\n<meta property=\"og:locale\" content=\"lt_LT\" \/>\n<meta property=\"og:type\" content=\"article\" \/>\n<meta property=\"og:title\" content=\"Prospera Plus asorti ka\u010diukams 12x85g - MiuMjau\" \/>\n<meta property=\"og:description\" content=\"Pilnavertis ir subalansuotas konservuotas maistas ka\u010diukams nuo 4 savai\u010di\u0173 iki 1 met\u0173. Pakuot\u0117je yra 6 porcijos su la\u0161i\u0161a ir morkomis pada\u017ee bei 6 porcijos su antimi ir \u017ealiaisiais pupel\u0117mis.     Sveikas maistas, palaikantis ka\u010diuko augim\u0105 ir vystym\u0105si.    Sud\u0117tyje yra taurino \u2013 nepakei\u010diamos aminor\u016bg\u0161ties, svarbios ka\u010diuko \u0161irdies ir regos sveikatai.    Kokybi\u0161kos ir lengvai vir\u0161kinamos maistin\u0117s med\u017eiagos suteikia pakankamai energijos ir palaiko kailio b\u016bkl\u0119.    Be sojos, gr\u016bd\u0173 ir be prid\u0117to cukraus.    Skan\u016bs m\u0117sos ir dar\u017eovi\u0173 gabaliukai pada\u017ee patiks net i\u0161rankiausiems augintiniams.   Sud\u0117tis: La\u0161i\u0161a ir morkos: m\u0117sa ir gyv\u016bnin\u0117s kilm\u0117s produktai (67,7% fil\u0117*, i\u0161 j\u0173 27% kiaulienos kepenys, 25% vi\u0161tiena, 9,7% kiauliena, 6% jautiena*), \u017euvys ir \u017euvies produktai (20,3% la\u0161i\u0161os fil\u0117*), 1,5% mineralai, augalin\u0117s kilm\u0117s produktai (0,6% krakmolo, 0,6% skaidul\u0173, 0,4% cikorij\u0173 inulino), aliejai ir riebalai (0,5% la\u0161i\u0161os aliejaus), dar\u017eov\u0117s (0,45% d\u017eiovintos morkos, atitinkan\u010dios 4% mork\u0173). *Fil\u0117 paprastai sudaro 34,5% produkto. Antis ir \u017ealieji pupeliai: m\u0117sa ir gyv\u016bnin\u0117s kilm\u0117s produktai (88% fil\u0117*, i\u0161 j\u0173 40,6% antis, 25% kiaulienos kepenys, 10,4% vi\u0161tiena, 6% kiauliena, 6% jautiena*), 1,5% mineralai, augalin\u0117s kilm\u0117s produktai (0,6% krakmolo, 0,5% skaidul\u0173, 0,4% cikorij\u0173 inulino), aliejai ir riebalai (0,5% la\u0161i\u0161os aliejaus), dar\u017eov\u0117s (0,45% d\u017eiovinti \u017ealieji pupeliai, atitinka 4% \u017eali\u0173j\u0173 pupeli\u0173). *Fil\u0117 paprastai sudaro 34,5% produkto. Analitin\u0117 sud\u0117tis: \u017eali baltymai 10%, \u017eali riebalai 5%, \u017eali pelenai 2%, \u017eali skaidulos 0,3%, kalcis 0,3%, fosforas 0,25%, omega-3 riebal\u0173 r\u016bg\u0161tys 0,15%, omega-6 riebal\u0173 r\u016bg\u0161tys 0,8%, dr\u0117gm\u0117 78%.\" \/>\n<meta property=\"og:url\" content=\"https:\/\/miumjau.ee\/lt\/produktas\/prospera-plus-asorti-kaciukams-12x85g\/\" \/>\n<meta property=\"og:site_name\" content=\"MiuMjau\" \/>\n<meta property=\"article:publisher\" content=\"https:\/\/www.facebook.com\/miumjaupood\/\" \/>\n<meta property=\"article:modified_time\" content=\"2026-01-07T18:47:10+00:00\" \/>\n<meta property=\"og:image\" content=\"https:\/\/miumjau.ee\/wp-content\/uploads\/2025\/09\/prospera-kassitoit-assortii1.jpg\" \/>\n\t<meta property=\"og:image:width\" content=\"600\" \/>\n\t<meta property=\"og:image:height\" content=\"800\" \/>\n\t<meta property=\"og:image:type\" content=\"image\/jpeg\" \/>\n<meta name=\"twitter:card\" content=\"summary_large_image\" \/>\n<script type=\"application\/ld+json\" class=\"yoast-schema-graph\">{\"@context\":\"https:\\\/\\\/schema.org\",\"@graph\":[{\"@type\":\"WebPage\",\"@id\":\"https:\\\/\\\/miumjau.ee\\\/lt\\\/produktas\\\/prospera-plus-asorti-kaciukams-12x85g\\\/\",\"url\":\"https:\\\/\\\/miumjau.ee\\\/lt\\\/produktas\\\/prospera-plus-asorti-kaciukams-12x85g\\\/\",\"name\":\"Prospera Plus asorti ka\u010diukams 12x85g - MiuMjau\",\"isPartOf\":{\"@id\":\"https:\\\/\\\/miumjau.ee\\\/#website\"},\"primaryImageOfPage\":{\"@id\":\"https:\\\/\\\/miumjau.ee\\\/lt\\\/produktas\\\/prospera-plus-asorti-kaciukams-12x85g\\\/#primaryimage\"},\"image\":{\"@id\":\"https:\\\/\\\/miumjau.ee\\\/lt\\\/produktas\\\/prospera-plus-asorti-kaciukams-12x85g\\\/#primaryimage\"},\"thumbnailUrl\":\"https:\\\/\\\/miumjau.ee\\\/wp-content\\\/uploads\\\/2025\\\/09\\\/prospera-kassitoit-assortii1.jpg\",\"datePublished\":\"2025-09-16T06:41:21+00:00\",\"dateModified\":\"2026-01-07T18:47:10+00:00\",\"breadcrumb\":{\"@id\":\"https:\\\/\\\/miumjau.ee\\\/lt\\\/produktas\\\/prospera-plus-asorti-kaciukams-12x85g\\\/#breadcrumb\"},\"inLanguage\":\"lt-LT\",\"potentialAction\":[{\"@type\":\"ReadAction\",\"target\":[\"https:\\\/\\\/miumjau.ee\\\/lt\\\/produktas\\\/prospera-plus-asorti-kaciukams-12x85g\\\/\"]}]},{\"@type\":\"ImageObject\",\"inLanguage\":\"lt-LT\",\"@id\":\"https:\\\/\\\/miumjau.ee\\\/lt\\\/produktas\\\/prospera-plus-asorti-kaciukams-12x85g\\\/#primaryimage\",\"url\":\"https:\\\/\\\/miumjau.ee\\\/wp-content\\\/uploads\\\/2025\\\/09\\\/prospera-kassitoit-assortii1.jpg\",\"contentUrl\":\"https:\\\/\\\/miumjau.ee\\\/wp-content\\\/uploads\\\/2025\\\/09\\\/prospera-kassitoit-assortii1.jpg\",\"width\":600,\"height\":800,\"caption\":\"Prospera Plus assortii kassipoegadele 12x85g\"},{\"@type\":\"BreadcrumbList\",\"@id\":\"https:\\\/\\\/miumjau.ee\\\/lt\\\/produktas\\\/prospera-plus-asorti-kaciukams-12x85g\\\/#breadcrumb\",\"itemListElement\":[{\"@type\":\"ListItem\",\"position\":1,\"name\":\"Home\",\"item\":\"https:\\\/\\\/miumjau.ee\\\/lt\\\/\"},{\"@type\":\"ListItem\",\"position\":2,\"name\":\"Parduotuv\u0117\",\"item\":\"https:\\\/\\\/miumjau.ee\\\/lt\\\/parduotuve\\\/\"},{\"@type\":\"ListItem\",\"position\":3,\"name\":\"Prospera Plus asorti ka\u010diukams 12x85g\"}]},{\"@type\":\"WebSite\",\"@id\":\"https:\\\/\\\/miumjau.ee\\\/#website\",\"url\":\"https:\\\/\\\/miumjau.ee\\\/\",\"name\":\"MiuMjau\",\"description\":\"Kraapimispuud kassidele\",\"publisher\":{\"@id\":\"https:\\\/\\\/miumjau.ee\\\/#organization\"},\"potentialAction\":[{\"@type\":\"SearchAction\",\"target\":{\"@type\":\"EntryPoint\",\"urlTemplate\":\"https:\\\/\\\/miumjau.ee\\\/?s={search_term_string}\"},\"query-input\":{\"@type\":\"PropertyValueSpecification\",\"valueRequired\":true,\"valueName\":\"search_term_string\"}}],\"inLanguage\":\"lt-LT\"},{\"@type\":\"Organization\",\"@id\":\"https:\\\/\\\/miumjau.ee\\\/#organization\",\"name\":\"MiuMjau O\u00dc\",\"url\":\"https:\\\/\\\/miumjau.ee\\\/\",\"logo\":{\"@type\":\"ImageObject\",\"inLanguage\":\"lt-LT\",\"@id\":\"https:\\\/\\\/miumjau.ee\\\/#\\\/schema\\\/logo\\\/image\\\/\",\"url\":\"https:\\\/\\\/miumjau.ee\\\/wp-content\\\/uploads\\\/2022\\\/04\\\/MiuMjau-logo-kollane.png\",\"contentUrl\":\"https:\\\/\\\/miumjau.ee\\\/wp-content\\\/uploads\\\/2022\\\/04\\\/MiuMjau-logo-kollane.png\",\"width\":219,\"height\":100,\"caption\":\"MiuMjau O\u00dc\"},\"image\":{\"@id\":\"https:\\\/\\\/miumjau.ee\\\/#\\\/schema\\\/logo\\\/image\\\/\"},\"sameAs\":[\"https:\\\/\\\/www.facebook.com\\\/miumjaupood\\\/\"]}]}<\/script>\n<!-- \/ Yoast SEO plugin. -->","yoast_head_json":{"title":"Prospera Plus asorti ka\u010diukams 12x85g - MiuMjau","robots":{"index":"index","follow":"follow","max-snippet":"max-snippet:-1","max-image-preview":"max-image-preview:large","max-video-preview":"max-video-preview:-1"},"canonical":"https:\/\/miumjau.ee\/lt\/produktas\/prospera-plus-asorti-kaciukams-12x85g\/","og_locale":"lt_LT","og_type":"article","og_title":"Prospera Plus asorti ka\u010diukams 12x85g - MiuMjau","og_description":"Pilnavertis ir subalansuotas konservuotas maistas ka\u010diukams nuo 4 savai\u010di\u0173 iki 1 met\u0173. Pakuot\u0117je yra 6 porcijos su la\u0161i\u0161a ir morkomis pada\u017ee bei 6 porcijos su antimi ir \u017ealiaisiais pupel\u0117mis.     Sveikas maistas, palaikantis ka\u010diuko augim\u0105 ir vystym\u0105si.    Sud\u0117tyje yra taurino \u2013 nepakei\u010diamos aminor\u016bg\u0161ties, svarbios ka\u010diuko \u0161irdies ir regos sveikatai.    Kokybi\u0161kos ir lengvai vir\u0161kinamos maistin\u0117s med\u017eiagos suteikia pakankamai energijos ir palaiko kailio b\u016bkl\u0119.    Be sojos, gr\u016bd\u0173 ir be prid\u0117to cukraus.    Skan\u016bs m\u0117sos ir dar\u017eovi\u0173 gabaliukai pada\u017ee patiks net i\u0161rankiausiems augintiniams.   Sud\u0117tis: La\u0161i\u0161a ir morkos: m\u0117sa ir gyv\u016bnin\u0117s kilm\u0117s produktai (67,7% fil\u0117*, i\u0161 j\u0173 27% kiaulienos kepenys, 25% vi\u0161tiena, 9,7% kiauliena, 6% jautiena*), \u017euvys ir \u017euvies produktai (20,3% la\u0161i\u0161os fil\u0117*), 1,5% mineralai, augalin\u0117s kilm\u0117s produktai (0,6% krakmolo, 0,6% skaidul\u0173, 0,4% cikorij\u0173 inulino), aliejai ir riebalai (0,5% la\u0161i\u0161os aliejaus), dar\u017eov\u0117s (0,45% d\u017eiovintos morkos, atitinkan\u010dios 4% mork\u0173). *Fil\u0117 paprastai sudaro 34,5% produkto. Antis ir \u017ealieji pupeliai: m\u0117sa ir gyv\u016bnin\u0117s kilm\u0117s produktai (88% fil\u0117*, i\u0161 j\u0173 40,6% antis, 25% kiaulienos kepenys, 10,4% vi\u0161tiena, 6% kiauliena, 6% jautiena*), 1,5% mineralai, augalin\u0117s kilm\u0117s produktai (0,6% krakmolo, 0,5% skaidul\u0173, 0,4% cikorij\u0173 inulino), aliejai ir riebalai (0,5% la\u0161i\u0161os aliejaus), dar\u017eov\u0117s (0,45% d\u017eiovinti \u017ealieji pupeliai, atitinka 4% \u017eali\u0173j\u0173 pupeli\u0173). *Fil\u0117 paprastai sudaro 34,5% produkto. Analitin\u0117 sud\u0117tis: \u017eali baltymai 10%, \u017eali riebalai 5%, \u017eali pelenai 2%, \u017eali skaidulos 0,3%, kalcis 0,3%, fosforas 0,25%, omega-3 riebal\u0173 r\u016bg\u0161tys 0,15%, omega-6 riebal\u0173 r\u016bg\u0161tys 0,8%, dr\u0117gm\u0117 78%.","og_url":"https:\/\/miumjau.ee\/lt\/produktas\/prospera-plus-asorti-kaciukams-12x85g\/","og_site_name":"MiuMjau","article_publisher":"https:\/\/www.facebook.com\/miumjaupood\/","article_modified_time":"2026-01-07T18:47:10+00:00","og_image":[{"width":600,"height":800,"url":"https:\/\/miumjau.ee\/wp-content\/uploads\/2025\/09\/prospera-kassitoit-assortii1.jpg","type":"image\/jpeg"}],"twitter_card":"summary_large_image","schema":{"@context":"https:\/\/schema.org","@graph":[{"@type":"WebPage","@id":"https:\/\/miumjau.ee\/lt\/produktas\/prospera-plus-asorti-kaciukams-12x85g\/","url":"https:\/\/miumjau.ee\/lt\/produktas\/prospera-plus-asorti-kaciukams-12x85g\/","name":"Prospera Plus asorti ka\u010diukams 12x85g - MiuMjau","isPartOf":{"@id":"https:\/\/miumjau.ee\/#website"},"primaryImageOfPage":{"@id":"https:\/\/miumjau.ee\/lt\/produktas\/prospera-plus-asorti-kaciukams-12x85g\/#primaryimage"},"image":{"@id":"https:\/\/miumjau.ee\/lt\/produktas\/prospera-plus-asorti-kaciukams-12x85g\/#primaryimage"},"thumbnailUrl":"https:\/\/miumjau.ee\/wp-content\/uploads\/2025\/09\/prospera-kassitoit-assortii1.jpg","datePublished":"2025-09-16T06:41:21+00:00","dateModified":"2026-01-07T18:47:10+00:00","breadcrumb":{"@id":"https:\/\/miumjau.ee\/lt\/produktas\/prospera-plus-asorti-kaciukams-12x85g\/#breadcrumb"},"inLanguage":"lt-LT","potentialAction":[{"@type":"ReadAction","target":["https:\/\/miumjau.ee\/lt\/produktas\/prospera-plus-asorti-kaciukams-12x85g\/"]}]},{"@type":"ImageObject","inLanguage":"lt-LT","@id":"https:\/\/miumjau.ee\/lt\/produktas\/prospera-plus-asorti-kaciukams-12x85g\/#primaryimage","url":"https:\/\/miumjau.ee\/wp-content\/uploads\/2025\/09\/prospera-kassitoit-assortii1.jpg","contentUrl":"https:\/\/miumjau.ee\/wp-content\/uploads\/2025\/09\/prospera-kassitoit-assortii1.jpg","width":600,"height":800,"caption":"Prospera Plus assortii kassipoegadele 12x85g"},{"@type":"BreadcrumbList","@id":"https:\/\/miumjau.ee\/lt\/produktas\/prospera-plus-asorti-kaciukams-12x85g\/#breadcrumb","itemListElement":[{"@type":"ListItem","position":1,"name":"Home","item":"https:\/\/miumjau.ee\/lt\/"},{"@type":"ListItem","position":2,"name":"Parduotuv\u0117","item":"https:\/\/miumjau.ee\/lt\/parduotuve\/"},{"@type":"ListItem","position":3,"name":"Prospera Plus asorti ka\u010diukams 12x85g"}]},{"@type":"WebSite","@id":"https:\/\/miumjau.ee\/#website","url":"https:\/\/miumjau.ee\/","name":"MiuMjau","description":"Kraapimispuud kassidele","publisher":{"@id":"https:\/\/miumjau.ee\/#organization"},"potentialAction":[{"@type":"SearchAction","target":{"@type":"EntryPoint","urlTemplate":"https:\/\/miumjau.ee\/?s={search_term_string}"},"query-input":{"@type":"PropertyValueSpecification","valueRequired":true,"valueName":"search_term_string"}}],"inLanguage":"lt-LT"},{"@type":"Organization","@id":"https:\/\/miumjau.ee\/#organization","name":"MiuMjau O\u00dc","url":"https:\/\/miumjau.ee\/","logo":{"@type":"ImageObject","inLanguage":"lt-LT","@id":"https:\/\/miumjau.ee\/#\/schema\/logo\/image\/","url":"https:\/\/miumjau.ee\/wp-content\/uploads\/2022\/04\/MiuMjau-logo-kollane.png","contentUrl":"https:\/\/miumjau.ee\/wp-content\/uploads\/2022\/04\/MiuMjau-logo-kollane.png","width":219,"height":100,"caption":"MiuMjau O\u00dc"},"image":{"@id":"https:\/\/miumjau.ee\/#\/schema\/logo\/image\/"},"sameAs":["https:\/\/www.facebook.com\/miumjaupood\/"]}]}},"_links":{"self":[{"href":"https:\/\/miumjau.ee\/lt\/wp-json\/wp\/v2\/product\/46407","targetHints":{"allow":["GET"]}}],"collection":[{"href":"https:\/\/miumjau.ee\/lt\/wp-json\/wp\/v2\/product"}],"about":[{"href":"https:\/\/miumjau.ee\/lt\/wp-json\/wp\/v2\/types\/product"}],"wp:featuredmedia":[{"embeddable":true,"href":"https:\/\/miumjau.ee\/lt\/wp-json\/wp\/v2\/media\/42224"}],"wp:attachment":[{"href":"https:\/\/miumjau.ee\/lt\/wp-json\/wp\/v2\/media?parent=46407"}],"wp:term":[{"taxonomy":"product_brand","embeddable":true,"href":"https:\/\/miumjau.ee\/lt\/wp-json\/wp\/v2\/product_brand?post=46407"},{"taxonomy":"product_cat","embeddable":true,"href":"https:\/\/miumjau.ee\/lt\/wp-json\/wp\/v2\/product_cat?post=46407"},{"taxonomy":"product_tag","embeddable":true,"href":"https:\/\/miumjau.ee\/lt\/wp-json\/wp\/v2\/product_tag?post=46407"}],"curies":[{"name":"wp","href":"https:\/\/api.w.org\/{rel}","templated":true}]}}