{"id":46402,"date":"2025-09-16T13:31:29","date_gmt":"2025-09-16T10:31:29","guid":{"rendered":"https:\/\/miumjau.ee\/toode\/prospera-plus-adult-1-delicate-digestion-7-kg\/"},"modified":"2026-01-07T20:47:10","modified_gmt":"2026-01-07T18:47:10","slug":"prospera-plus-adult-1-delicate-digestion-7-kg","status":"publish","type":"product","link":"https:\/\/miumjau.ee\/lt\/produktas\/prospera-plus-adult-1-delicate-digestion-7-kg\/","title":{"rendered":"Prospera Plus Adult 1+ Delicate Digestion, 7 kg"},"content":{"rendered":"","protected":false},"excerpt":{"rendered":"<p data-start=\"2153\" data-end=\"2330\">Prospera Plus Adult 1+ Delicate Digestion yra superpremium sauso maisto dieta suaugusioms kat\u0117ms (nuo 1 met\u0173 am\u017eiaus), specialiai sukurta kat\u0117ms, turin\u010dioms jautr\u0173 vir\u0161kinim\u0105.<\/p>\n<ul data-start=\"2332\" data-end=\"2846\">\n<li data-start=\"2332\" data-end=\"2459\">\n<p data-start=\"2334\" data-end=\"2459\"><strong data-start=\"2334\" data-end=\"2357\">Jautrus vir\u0161kinimas<\/strong> \u2013 sud\u0117tis parinkta taip, kad suma\u017eint\u0173 vir\u0161kinimo trakto dirginim\u0105 ir palaikyt\u0173 normal\u0173 vir\u0161kinim\u0105.<\/p>\n<\/li>\n<li data-start=\"2460\" data-end=\"2573\">\n<p data-start=\"2462\" data-end=\"2573\"><strong data-start=\"2462\" data-end=\"2490\">\u0160velnus ir skanus skonis<\/strong> \u2013 vi\u0161tienos ir kepen\u0117li\u0173 turinys suteikia gard\u0173 patiekal\u0105 net i\u0161rankioms kat\u0117ms.<\/p>\n<\/li>\n<li data-start=\"2574\" data-end=\"2707\">\n<p data-start=\"2576\" data-end=\"2707\"><strong data-start=\"2576\" data-end=\"2621\">Sveikai subalansuotos maistin\u0117s med\u017eiagos<\/strong> \u2013 palaiko \u017earnyno mikrofloros pusiausvyr\u0105 ir gerina maistini\u0173 med\u017eiag\u0173 \u012fsisavinim\u0105.<\/p>\n<\/li>\n<li data-start=\"2708\" data-end=\"2846\">\n<p data-start=\"2710\" data-end=\"2846\"><strong data-start=\"2710\" data-end=\"2747\">Papildomas komponent\u0173 stiprinimas<\/strong> \u2013 taurinas, ciber\u017eol\u0117, rozmarinas, spanguol\u0117s. Padeda odos, kailio sveikatai ir bendrai gerovei.<\/p>\n<\/li>\n<\/ul>\n<p data-start=\"2848\" data-end=\"3265\"><strong data-start=\"2848\" data-end=\"2860\">Sud\u0117tis:<\/strong> vi\u0161tienos baltymai (42%), kukur\u016bzai (30%), pauk\u0161\u010di\u0173 taukai (10%), hidrolizuota vi\u0161tienos kepen\u0117l\u0117 (5%), ry\u017eiai (5%), d\u017eiovintos burok\u0117li\u0173 \u0161aknys (4%), alaus miel\u0117s (2%), la\u0161i\u0161os aliejus (1,5%), \u017eirni\u0173 miltai (0,459%), manan-oligosacharidai (0,011%), fruktooligosacharidai (0,009%), jukka schidigera (0,006%), d\u017eiovintas rozmarinas (0,005%), d\u017eiovinta ciber\u017eol\u0117 (0,005%), d\u017eiovintos spanguol\u0117s (0,005%).<\/p>\n<p data-start=\"3267\" data-end=\"3480\"><strong data-start=\"3267\" data-end=\"3289\">Analitin\u0117 sud\u0117tis:<\/strong> baltymai 36,0%, riebalai 16,0%, pelenai 6,5%, skaidulos 2,8%, dr\u0117gm\u0117 9,0%, kalcis 1,3%, fosforas 1,1%, natrio 0,2%, magnis 0,1%, omega-3 riebal\u0173 r\u016bg\u0161tys 0,2%, omega-6 riebal\u0173 r\u016bg\u0161tys 2,1%.<\/p>\n<p data-start=\"3482\" data-end=\"3754\"><strong data-start=\"3482\" data-end=\"3507\">Papildai 1 kg maisto:<\/strong> A vitaminas 20000 SV, D\u2083 vitaminas 700 SV, E vitaminas 500 mg, C vitaminas 200 mg, cholino chloridas 1600 mg, kalio jodidas 2,2 mg, cinkas 108 mg, manganas 40 mg, varis 8 mg, gele\u017eis 34 mg, selenas 0,13 mg, L-karnitinas 45 mg, taurinas 1800 mg.<\/p>\n<p data-start=\"3756\" data-end=\"3867\"><strong data-start=\"3756\" data-end=\"3789\">Technologiniai papildai 1 kg:<\/strong> tokoferoli\u0173 ekstraktai i\u0161 augalini\u0173 aliej\u0173 35 mg, askorbilpalmitatas 25 mg.<\/p>\n<p data-start=\"3869\" data-end=\"3913\"><strong data-start=\"3869\" data-end=\"3898\">Metabolizuojama energija:<\/strong> 3890 kcal\/kg<\/p>\n<p data-start=\"3915\" data-end=\"3956\"><strong data-start=\"3915\" data-end=\"3954\">\u0160\u0117rimo rekomendacija (dienos norma)<\/strong><\/p>\n<div class=\"_tableContainer_1rjym_1\">\n<div class=\"group _tableWrapper_1rjym_13 flex w-fit flex-col-reverse\" tabindex=\"-1\">\n<table class=\"w-fit min-w-(--thread-content-width)\" data-start=\"3958\" data-end=\"4159\">\n<thead data-start=\"3958\" data-end=\"4004\">\n<tr data-start=\"3958\" data-end=\"4004\">\n<th data-start=\"3958\" data-end=\"3984\" data-col-size=\"sm\">Kat\u0117s svoris (suaugusi)<\/th>\n<th data-start=\"3984\" data-end=\"4004\" data-col-size=\"sm\">Dienos norma (g)<\/th>\n<\/tr>\n<\/thead>\n<tbody data-start=\"4051\" data-end=\"4159\">\n<tr data-start=\"4051\" data-end=\"4071\">\n<td data-start=\"4051\" data-end=\"4060\" data-col-size=\"sm\">2\u20133 kg<\/td>\n<td data-start=\"4060\" data-end=\"4071\" data-col-size=\"sm\">30\u201345 g<\/td>\n<\/tr>\n<tr data-start=\"4072\" data-end=\"4092\">\n<td data-start=\"4072\" data-end=\"4081\" data-col-size=\"sm\">3\u20135 kg<\/td>\n<td data-start=\"4081\" data-end=\"4092\" data-col-size=\"sm\">45\u201365 g<\/td>\n<\/tr>\n<tr data-start=\"4093\" data-end=\"4113\">\n<td data-start=\"4093\" data-end=\"4102\" data-col-size=\"sm\">5\u20137 kg<\/td>\n<td data-start=\"4102\" data-end=\"4113\" data-col-size=\"sm\">65\u201375 g<\/td>\n<\/tr>\n<tr data-start=\"4114\" data-end=\"4134\">\n<td data-start=\"4114\" data-end=\"4123\" data-col-size=\"sm\">7\u20139 kg<\/td>\n<td data-start=\"4123\" data-end=\"4134\" data-col-size=\"sm\">75\u201390 g<\/td>\n<\/tr>\n<tr data-start=\"4135\" data-end=\"4159\">\n<td data-start=\"4135\" data-end=\"4145\" data-col-size=\"sm\">9\u201312 kg<\/td>\n<td data-start=\"4145\" data-end=\"4159\" data-col-size=\"sm\">95\u2013115 g<\/td>\n<\/tr>\n<\/tbody>\n<\/table>\n<\/div>\n<\/div>\n","protected":false},"featured_media":42172,"template":"","meta":[],"product_brand":[],"product_cat":[528],"product_tag":[],"class_list":{"0":"post-46402","1":"product","2":"type-product","3":"status-publish","4":"has-post-thumbnail","6":"product_cat-sausas-maistas","8":"first","9":"instock","10":"sale","11":"taxable","12":"shipping-taxable","13":"purchasable","14":"product-type-simple"},"yoast_head":"<!-- This site is optimized with the Yoast SEO plugin v27.4 - https:\/\/yoast.com\/product\/yoast-seo-wordpress\/ -->\n<title>Prospera Plus Adult 1+ Delicate Digestion, 7 kg - MiuMjau<\/title>\n<meta name=\"robots\" content=\"index, follow, max-snippet:-1, max-image-preview:large, max-video-preview:-1\" \/>\n<link rel=\"canonical\" href=\"https:\/\/miumjau.ee\/lt\/produktas\/prospera-plus-adult-1-delicate-digestion-7-kg\/\" \/>\n<meta property=\"og:locale\" content=\"lt_LT\" \/>\n<meta property=\"og:type\" content=\"article\" \/>\n<meta property=\"og:title\" content=\"Prospera Plus Adult 1+ Delicate Digestion, 7 kg - MiuMjau\" \/>\n<meta property=\"og:description\" content=\"Prospera Plus Adult 1+ Delicate Digestion yra superpremium sauso maisto dieta suaugusioms kat\u0117ms (nuo 1 met\u0173 am\u017eiaus), specialiai sukurta kat\u0117ms, turin\u010dioms jautr\u0173 vir\u0161kinim\u0105.     Jautrus vir\u0161kinimas \u2013 sud\u0117tis parinkta taip, kad suma\u017eint\u0173 vir\u0161kinimo trakto dirginim\u0105 ir palaikyt\u0173 normal\u0173 vir\u0161kinim\u0105.    \u0160velnus ir skanus skonis \u2013 vi\u0161tienos ir kepen\u0117li\u0173 turinys suteikia gard\u0173 patiekal\u0105 net i\u0161rankioms kat\u0117ms.    Sveikai subalansuotos maistin\u0117s med\u017eiagos \u2013 palaiko \u017earnyno mikrofloros pusiausvyr\u0105 ir gerina maistini\u0173 med\u017eiag\u0173 \u012fsisavinim\u0105.    Papildomas komponent\u0173 stiprinimas \u2013 taurinas, ciber\u017eol\u0117, rozmarinas, spanguol\u0117s. Padeda odos, kailio sveikatai ir bendrai gerovei.   Sud\u0117tis: vi\u0161tienos baltymai (42%), kukur\u016bzai (30%), pauk\u0161\u010di\u0173 taukai (10%), hidrolizuota vi\u0161tienos kepen\u0117l\u0117 (5%), ry\u017eiai (5%), d\u017eiovintos burok\u0117li\u0173 \u0161aknys (4%), alaus miel\u0117s (2%), la\u0161i\u0161os aliejus (1,5%), \u017eirni\u0173 miltai (0,459%), manan-oligosacharidai (0,011%), fruktooligosacharidai (0,009%), jukka schidigera (0,006%), d\u017eiovintas rozmarinas (0,005%), d\u017eiovinta ciber\u017eol\u0117 (0,005%), d\u017eiovintos spanguol\u0117s (0,005%). Analitin\u0117 sud\u0117tis: baltymai 36,0%, riebalai 16,0%, pelenai 6,5%, skaidulos 2,8%, dr\u0117gm\u0117 9,0%, kalcis 1,3%, fosforas 1,1%, natrio 0,2%, magnis 0,1%, omega-3 riebal\u0173 r\u016bg\u0161tys 0,2%, omega-6 riebal\u0173 r\u016bg\u0161tys 2,1%. Papildai 1 kg maisto: A vitaminas 20000 SV, D\u2083 vitaminas 700 SV, E vitaminas 500 mg, C vitaminas 200 mg, cholino chloridas 1600 mg, kalio jodidas 2,2 mg, cinkas 108 mg, manganas 40 mg, varis 8 mg, gele\u017eis 34 mg, selenas 0,13 mg, L-karnitinas 45 mg, taurinas 1800 mg. Technologiniai papildai 1 kg: tokoferoli\u0173 ekstraktai i\u0161 augalini\u0173 aliej\u0173 35 mg, askorbilpalmitatas 25 mg. Metabolizuojama energija: 3890 kcal\/kg \u0160\u0117rimo rekomendacija (dienos norma)       Kat\u0117s svoris (suaugusi) Dienos norma (g)     2\u20133 kg 30\u201345 g   3\u20135 kg 45\u201365 g   5\u20137 kg 65\u201375 g   7\u20139 kg 75\u201390 g   9\u201312 kg 95\u2013115 g\" \/>\n<meta property=\"og:url\" content=\"https:\/\/miumjau.ee\/lt\/produktas\/prospera-plus-adult-1-delicate-digestion-7-kg\/\" \/>\n<meta property=\"og:site_name\" content=\"MiuMjau\" \/>\n<meta property=\"article:publisher\" content=\"https:\/\/www.facebook.com\/miumjaupood\/\" \/>\n<meta property=\"article:modified_time\" content=\"2026-01-07T18:47:10+00:00\" \/>\n<meta property=\"og:image\" content=\"https:\/\/miumjau.ee\/wp-content\/uploads\/2025\/09\/prospera-kassitoit-delicate-digestion4.jpg\" \/>\n\t<meta property=\"og:image:width\" content=\"600\" \/>\n\t<meta property=\"og:image:height\" content=\"800\" \/>\n\t<meta property=\"og:image:type\" content=\"image\/jpeg\" \/>\n<meta name=\"twitter:card\" content=\"summary_large_image\" \/>\n<script type=\"application\/ld+json\" class=\"yoast-schema-graph\">{\"@context\":\"https:\\\/\\\/schema.org\",\"@graph\":[{\"@type\":\"WebPage\",\"@id\":\"https:\\\/\\\/miumjau.ee\\\/lt\\\/produktas\\\/prospera-plus-adult-1-delicate-digestion-7-kg\\\/\",\"url\":\"https:\\\/\\\/miumjau.ee\\\/lt\\\/produktas\\\/prospera-plus-adult-1-delicate-digestion-7-kg\\\/\",\"name\":\"Prospera Plus Adult 1+ Delicate Digestion, 7 kg - MiuMjau\",\"isPartOf\":{\"@id\":\"https:\\\/\\\/miumjau.ee\\\/#website\"},\"primaryImageOfPage\":{\"@id\":\"https:\\\/\\\/miumjau.ee\\\/lt\\\/produktas\\\/prospera-plus-adult-1-delicate-digestion-7-kg\\\/#primaryimage\"},\"image\":{\"@id\":\"https:\\\/\\\/miumjau.ee\\\/lt\\\/produktas\\\/prospera-plus-adult-1-delicate-digestion-7-kg\\\/#primaryimage\"},\"thumbnailUrl\":\"https:\\\/\\\/miumjau.ee\\\/wp-content\\\/uploads\\\/2025\\\/09\\\/prospera-kassitoit-delicate-digestion4.jpg\",\"datePublished\":\"2025-09-16T10:31:29+00:00\",\"dateModified\":\"2026-01-07T18:47:10+00:00\",\"breadcrumb\":{\"@id\":\"https:\\\/\\\/miumjau.ee\\\/lt\\\/produktas\\\/prospera-plus-adult-1-delicate-digestion-7-kg\\\/#breadcrumb\"},\"inLanguage\":\"lt-LT\",\"potentialAction\":[{\"@type\":\"ReadAction\",\"target\":[\"https:\\\/\\\/miumjau.ee\\\/lt\\\/produktas\\\/prospera-plus-adult-1-delicate-digestion-7-kg\\\/\"]}]},{\"@type\":\"ImageObject\",\"inLanguage\":\"lt-LT\",\"@id\":\"https:\\\/\\\/miumjau.ee\\\/lt\\\/produktas\\\/prospera-plus-adult-1-delicate-digestion-7-kg\\\/#primaryimage\",\"url\":\"https:\\\/\\\/miumjau.ee\\\/wp-content\\\/uploads\\\/2025\\\/09\\\/prospera-kassitoit-delicate-digestion4.jpg\",\"contentUrl\":\"https:\\\/\\\/miumjau.ee\\\/wp-content\\\/uploads\\\/2025\\\/09\\\/prospera-kassitoit-delicate-digestion4.jpg\",\"width\":600,\"height\":800,\"caption\":\"Prospera Plus Adult 1+ Delicate Digestion 7kg\"},{\"@type\":\"BreadcrumbList\",\"@id\":\"https:\\\/\\\/miumjau.ee\\\/lt\\\/produktas\\\/prospera-plus-adult-1-delicate-digestion-7-kg\\\/#breadcrumb\",\"itemListElement\":[{\"@type\":\"ListItem\",\"position\":1,\"name\":\"Home\",\"item\":\"https:\\\/\\\/miumjau.ee\\\/lt\\\/\"},{\"@type\":\"ListItem\",\"position\":2,\"name\":\"Parduotuv\u0117\",\"item\":\"https:\\\/\\\/miumjau.ee\\\/lt\\\/parduotuve\\\/\"},{\"@type\":\"ListItem\",\"position\":3,\"name\":\"Prospera Plus Adult 1+ Delicate Digestion, 7 kg\"}]},{\"@type\":\"WebSite\",\"@id\":\"https:\\\/\\\/miumjau.ee\\\/#website\",\"url\":\"https:\\\/\\\/miumjau.ee\\\/\",\"name\":\"MiuMjau\",\"description\":\"Kraapimispuud kassidele\",\"publisher\":{\"@id\":\"https:\\\/\\\/miumjau.ee\\\/#organization\"},\"potentialAction\":[{\"@type\":\"SearchAction\",\"target\":{\"@type\":\"EntryPoint\",\"urlTemplate\":\"https:\\\/\\\/miumjau.ee\\\/?s={search_term_string}\"},\"query-input\":{\"@type\":\"PropertyValueSpecification\",\"valueRequired\":true,\"valueName\":\"search_term_string\"}}],\"inLanguage\":\"lt-LT\"},{\"@type\":\"Organization\",\"@id\":\"https:\\\/\\\/miumjau.ee\\\/#organization\",\"name\":\"MiuMjau O\u00dc\",\"url\":\"https:\\\/\\\/miumjau.ee\\\/\",\"logo\":{\"@type\":\"ImageObject\",\"inLanguage\":\"lt-LT\",\"@id\":\"https:\\\/\\\/miumjau.ee\\\/#\\\/schema\\\/logo\\\/image\\\/\",\"url\":\"https:\\\/\\\/miumjau.ee\\\/wp-content\\\/uploads\\\/2022\\\/04\\\/MiuMjau-logo-kollane.png\",\"contentUrl\":\"https:\\\/\\\/miumjau.ee\\\/wp-content\\\/uploads\\\/2022\\\/04\\\/MiuMjau-logo-kollane.png\",\"width\":219,\"height\":100,\"caption\":\"MiuMjau O\u00dc\"},\"image\":{\"@id\":\"https:\\\/\\\/miumjau.ee\\\/#\\\/schema\\\/logo\\\/image\\\/\"},\"sameAs\":[\"https:\\\/\\\/www.facebook.com\\\/miumjaupood\\\/\"]}]}<\/script>\n<!-- \/ Yoast SEO plugin. -->","yoast_head_json":{"title":"Prospera Plus Adult 1+ Delicate Digestion, 7 kg - MiuMjau","robots":{"index":"index","follow":"follow","max-snippet":"max-snippet:-1","max-image-preview":"max-image-preview:large","max-video-preview":"max-video-preview:-1"},"canonical":"https:\/\/miumjau.ee\/lt\/produktas\/prospera-plus-adult-1-delicate-digestion-7-kg\/","og_locale":"lt_LT","og_type":"article","og_title":"Prospera Plus Adult 1+ Delicate Digestion, 7 kg - MiuMjau","og_description":"Prospera Plus Adult 1+ Delicate Digestion yra superpremium sauso maisto dieta suaugusioms kat\u0117ms (nuo 1 met\u0173 am\u017eiaus), specialiai sukurta kat\u0117ms, turin\u010dioms jautr\u0173 vir\u0161kinim\u0105.     Jautrus vir\u0161kinimas \u2013 sud\u0117tis parinkta taip, kad suma\u017eint\u0173 vir\u0161kinimo trakto dirginim\u0105 ir palaikyt\u0173 normal\u0173 vir\u0161kinim\u0105.    \u0160velnus ir skanus skonis \u2013 vi\u0161tienos ir kepen\u0117li\u0173 turinys suteikia gard\u0173 patiekal\u0105 net i\u0161rankioms kat\u0117ms.    Sveikai subalansuotos maistin\u0117s med\u017eiagos \u2013 palaiko \u017earnyno mikrofloros pusiausvyr\u0105 ir gerina maistini\u0173 med\u017eiag\u0173 \u012fsisavinim\u0105.    Papildomas komponent\u0173 stiprinimas \u2013 taurinas, ciber\u017eol\u0117, rozmarinas, spanguol\u0117s. Padeda odos, kailio sveikatai ir bendrai gerovei.   Sud\u0117tis: vi\u0161tienos baltymai (42%), kukur\u016bzai (30%), pauk\u0161\u010di\u0173 taukai (10%), hidrolizuota vi\u0161tienos kepen\u0117l\u0117 (5%), ry\u017eiai (5%), d\u017eiovintos burok\u0117li\u0173 \u0161aknys (4%), alaus miel\u0117s (2%), la\u0161i\u0161os aliejus (1,5%), \u017eirni\u0173 miltai (0,459%), manan-oligosacharidai (0,011%), fruktooligosacharidai (0,009%), jukka schidigera (0,006%), d\u017eiovintas rozmarinas (0,005%), d\u017eiovinta ciber\u017eol\u0117 (0,005%), d\u017eiovintos spanguol\u0117s (0,005%). Analitin\u0117 sud\u0117tis: baltymai 36,0%, riebalai 16,0%, pelenai 6,5%, skaidulos 2,8%, dr\u0117gm\u0117 9,0%, kalcis 1,3%, fosforas 1,1%, natrio 0,2%, magnis 0,1%, omega-3 riebal\u0173 r\u016bg\u0161tys 0,2%, omega-6 riebal\u0173 r\u016bg\u0161tys 2,1%. Papildai 1 kg maisto: A vitaminas 20000 SV, D\u2083 vitaminas 700 SV, E vitaminas 500 mg, C vitaminas 200 mg, cholino chloridas 1600 mg, kalio jodidas 2,2 mg, cinkas 108 mg, manganas 40 mg, varis 8 mg, gele\u017eis 34 mg, selenas 0,13 mg, L-karnitinas 45 mg, taurinas 1800 mg. Technologiniai papildai 1 kg: tokoferoli\u0173 ekstraktai i\u0161 augalini\u0173 aliej\u0173 35 mg, askorbilpalmitatas 25 mg. Metabolizuojama energija: 3890 kcal\/kg \u0160\u0117rimo rekomendacija (dienos norma)       Kat\u0117s svoris (suaugusi) Dienos norma (g)     2\u20133 kg 30\u201345 g   3\u20135 kg 45\u201365 g   5\u20137 kg 65\u201375 g   7\u20139 kg 75\u201390 g   9\u201312 kg 95\u2013115 g","og_url":"https:\/\/miumjau.ee\/lt\/produktas\/prospera-plus-adult-1-delicate-digestion-7-kg\/","og_site_name":"MiuMjau","article_publisher":"https:\/\/www.facebook.com\/miumjaupood\/","article_modified_time":"2026-01-07T18:47:10+00:00","og_image":[{"width":600,"height":800,"url":"https:\/\/miumjau.ee\/wp-content\/uploads\/2025\/09\/prospera-kassitoit-delicate-digestion4.jpg","type":"image\/jpeg"}],"twitter_card":"summary_large_image","schema":{"@context":"https:\/\/schema.org","@graph":[{"@type":"WebPage","@id":"https:\/\/miumjau.ee\/lt\/produktas\/prospera-plus-adult-1-delicate-digestion-7-kg\/","url":"https:\/\/miumjau.ee\/lt\/produktas\/prospera-plus-adult-1-delicate-digestion-7-kg\/","name":"Prospera Plus Adult 1+ Delicate Digestion, 7 kg - MiuMjau","isPartOf":{"@id":"https:\/\/miumjau.ee\/#website"},"primaryImageOfPage":{"@id":"https:\/\/miumjau.ee\/lt\/produktas\/prospera-plus-adult-1-delicate-digestion-7-kg\/#primaryimage"},"image":{"@id":"https:\/\/miumjau.ee\/lt\/produktas\/prospera-plus-adult-1-delicate-digestion-7-kg\/#primaryimage"},"thumbnailUrl":"https:\/\/miumjau.ee\/wp-content\/uploads\/2025\/09\/prospera-kassitoit-delicate-digestion4.jpg","datePublished":"2025-09-16T10:31:29+00:00","dateModified":"2026-01-07T18:47:10+00:00","breadcrumb":{"@id":"https:\/\/miumjau.ee\/lt\/produktas\/prospera-plus-adult-1-delicate-digestion-7-kg\/#breadcrumb"},"inLanguage":"lt-LT","potentialAction":[{"@type":"ReadAction","target":["https:\/\/miumjau.ee\/lt\/produktas\/prospera-plus-adult-1-delicate-digestion-7-kg\/"]}]},{"@type":"ImageObject","inLanguage":"lt-LT","@id":"https:\/\/miumjau.ee\/lt\/produktas\/prospera-plus-adult-1-delicate-digestion-7-kg\/#primaryimage","url":"https:\/\/miumjau.ee\/wp-content\/uploads\/2025\/09\/prospera-kassitoit-delicate-digestion4.jpg","contentUrl":"https:\/\/miumjau.ee\/wp-content\/uploads\/2025\/09\/prospera-kassitoit-delicate-digestion4.jpg","width":600,"height":800,"caption":"Prospera Plus Adult 1+ Delicate Digestion 7kg"},{"@type":"BreadcrumbList","@id":"https:\/\/miumjau.ee\/lt\/produktas\/prospera-plus-adult-1-delicate-digestion-7-kg\/#breadcrumb","itemListElement":[{"@type":"ListItem","position":1,"name":"Home","item":"https:\/\/miumjau.ee\/lt\/"},{"@type":"ListItem","position":2,"name":"Parduotuv\u0117","item":"https:\/\/miumjau.ee\/lt\/parduotuve\/"},{"@type":"ListItem","position":3,"name":"Prospera Plus Adult 1+ Delicate Digestion, 7 kg"}]},{"@type":"WebSite","@id":"https:\/\/miumjau.ee\/#website","url":"https:\/\/miumjau.ee\/","name":"MiuMjau","description":"Kraapimispuud kassidele","publisher":{"@id":"https:\/\/miumjau.ee\/#organization"},"potentialAction":[{"@type":"SearchAction","target":{"@type":"EntryPoint","urlTemplate":"https:\/\/miumjau.ee\/?s={search_term_string}"},"query-input":{"@type":"PropertyValueSpecification","valueRequired":true,"valueName":"search_term_string"}}],"inLanguage":"lt-LT"},{"@type":"Organization","@id":"https:\/\/miumjau.ee\/#organization","name":"MiuMjau O\u00dc","url":"https:\/\/miumjau.ee\/","logo":{"@type":"ImageObject","inLanguage":"lt-LT","@id":"https:\/\/miumjau.ee\/#\/schema\/logo\/image\/","url":"https:\/\/miumjau.ee\/wp-content\/uploads\/2022\/04\/MiuMjau-logo-kollane.png","contentUrl":"https:\/\/miumjau.ee\/wp-content\/uploads\/2022\/04\/MiuMjau-logo-kollane.png","width":219,"height":100,"caption":"MiuMjau O\u00dc"},"image":{"@id":"https:\/\/miumjau.ee\/#\/schema\/logo\/image\/"},"sameAs":["https:\/\/www.facebook.com\/miumjaupood\/"]}]}},"_links":{"self":[{"href":"https:\/\/miumjau.ee\/lt\/wp-json\/wp\/v2\/product\/46402","targetHints":{"allow":["GET"]}}],"collection":[{"href":"https:\/\/miumjau.ee\/lt\/wp-json\/wp\/v2\/product"}],"about":[{"href":"https:\/\/miumjau.ee\/lt\/wp-json\/wp\/v2\/types\/product"}],"wp:featuredmedia":[{"embeddable":true,"href":"https:\/\/miumjau.ee\/lt\/wp-json\/wp\/v2\/media\/42172"}],"wp:attachment":[{"href":"https:\/\/miumjau.ee\/lt\/wp-json\/wp\/v2\/media?parent=46402"}],"wp:term":[{"taxonomy":"product_brand","embeddable":true,"href":"https:\/\/miumjau.ee\/lt\/wp-json\/wp\/v2\/product_brand?post=46402"},{"taxonomy":"product_cat","embeddable":true,"href":"https:\/\/miumjau.ee\/lt\/wp-json\/wp\/v2\/product_cat?post=46402"},{"taxonomy":"product_tag","embeddable":true,"href":"https:\/\/miumjau.ee\/lt\/wp-json\/wp\/v2\/product_tag?post=46402"}],"curies":[{"name":"wp","href":"https:\/\/api.w.org\/{rel}","templated":true}]}}