{"id":46391,"date":"2025-09-16T13:14:04","date_gmt":"2025-09-16T10:14:04","guid":{"rendered":"https:\/\/miumjau.ee\/toode\/prospera-plus-sterilized-1-chicken-urinary-0-4kg\/"},"modified":"2026-01-07T20:47:16","modified_gmt":"2026-01-07T18:47:16","slug":"prospera-plus-sterilized-1-chicken-urinary-0-4kg","status":"publish","type":"product","link":"https:\/\/miumjau.ee\/lt\/produktas\/prospera-plus-sterilized-1-chicken-urinary-0-4kg\/","title":{"rendered":"Prospera Plus Sterilized 1+ Chicken Urinary, 0.4kg"},"content":{"rendered":"","protected":false},"excerpt":{"rendered":"<p data-start=\"1363\" data-end=\"1463\">Pilnavert\u0117 sauso maisto dieta su vi\u0161tiena sterilizuotoms ir kastruotoms kat\u0117ms nuo 1 met\u0173 am\u017eiaus.<\/p>\n<p data-start=\"1465\" data-end=\"1776\">Sukurta \u0161lapimo tak\u0173 sveikatai gerinti ir \u0161lapimo akmen\u0173 susidarymo prevencijai.<br data-start=\"1545\" data-end=\"1548\" \/>Omega riebal\u0173 r\u016bg\u0161tys i\u0161 la\u0161i\u0161os aliejaus padeda palaikyti sveik\u0105 od\u0105 ir gra\u017e\u0173 kail\u012f.<br data-start=\"1633\" data-end=\"1636\" \/>Sud\u0117tyje yra prebiotini\u0173 skaidul\u0173, kurios palaiko sveik\u0105 \u017earnyno mikroflor\u0105.<br data-start=\"1712\" data-end=\"1715\" \/>Praturtintas taurinu, ciber\u017eole, rozmarinu ir spanguol\u0117mis.<\/p>\n<p data-start=\"1778\" data-end=\"2183\"><strong data-start=\"1778\" data-end=\"1790\">Sud\u0117tis:<\/strong> vi\u0161tienos baltymai (40%), kukur\u016bzai (39%), pauk\u0161\u010di\u0173 taukai (5%), ry\u017eiai (5%), d\u017eiovintos burok\u0117li\u0173 \u0161aknys (3,5%), hidrolizuota vi\u0161tienos kepen\u0117l\u0117 (3%), alaus miel\u0117s (3%), la\u0161i\u0161os aliejus (1%), \u017eirni\u0173 miltai (0,459%), manan-oligosacharidai (0,011%), fruktooligosacharidai (0,009%), jukka (0,006%), d\u017eiovintas rozmarinas (0,005%), d\u017eiovinta ciber\u017eol\u0117 (0,005%), d\u017eiovintos spanguol\u0117s (0,005%).<\/p>\n<p data-start=\"2185\" data-end=\"2399\"><strong data-start=\"2185\" data-end=\"2207\">Analitin\u0117 sud\u0117tis:<\/strong> baltymai 34,0%, riebalai 12,0%, pelenai 5,5%, skaidulos 2,5%, dr\u0117gm\u0117 9,0%, kalcis 1,2%, fosforas 0,9%, natrio 0,3%, magnis 0,05%, omega-3 riebal\u0173 r\u016bg\u0161tys 0,1%, omega-6 riebal\u0173 r\u016bg\u0161tys 1,7%.<\/p>\n<p data-start=\"2401\" data-end=\"2556\"><strong data-start=\"2401\" data-end=\"2426\">\u0160\u0117rimo rekomendacija:<\/strong><br data-start=\"2426\" data-end=\"2429\" \/><strong data-start=\"2429\" data-end=\"2460\">Gyv\u016bno svoris (suaug\u0119s, kg)<\/strong> 2\u20133 | 3\u20135 | 5\u20137 | 7\u20139 | 9\u201312<br data-start=\"2490\" data-end=\"2493\" \/><strong data-start=\"2493\" data-end=\"2512\">Paros norma (g)<\/strong> 35\u201345 | 45\u201370 | 70\u201380 | 80\u2013100 | 100\u2013125<\/p>\n","protected":false},"featured_media":42185,"template":"","meta":[],"product_brand":[],"product_cat":[528],"product_tag":[],"class_list":{"0":"post-46391","1":"product","2":"type-product","3":"status-publish","4":"has-post-thumbnail","6":"product_cat-sausas-maistas","8":"first","9":"instock","10":"sale","11":"taxable","12":"shipping-taxable","13":"purchasable","14":"product-type-simple"},"yoast_head":"<!-- This site is optimized with the Yoast SEO plugin v27.4 - https:\/\/yoast.com\/product\/yoast-seo-wordpress\/ -->\n<title>Prospera Plus Sterilized 1+ Chicken Urinary, 0.4kg - MiuMjau<\/title>\n<meta name=\"robots\" content=\"index, follow, max-snippet:-1, max-image-preview:large, max-video-preview:-1\" \/>\n<link rel=\"canonical\" href=\"https:\/\/miumjau.ee\/lt\/produktas\/prospera-plus-sterilized-1-chicken-urinary-0-4kg\/\" \/>\n<meta property=\"og:locale\" content=\"lt_LT\" \/>\n<meta property=\"og:type\" content=\"article\" \/>\n<meta property=\"og:title\" content=\"Prospera Plus Sterilized 1+ Chicken Urinary, 0.4kg - MiuMjau\" \/>\n<meta property=\"og:description\" content=\"Pilnavert\u0117 sauso maisto dieta su vi\u0161tiena sterilizuotoms ir kastruotoms kat\u0117ms nuo 1 met\u0173 am\u017eiaus. Sukurta \u0161lapimo tak\u0173 sveikatai gerinti ir \u0161lapimo akmen\u0173 susidarymo prevencijai.Omega riebal\u0173 r\u016bg\u0161tys i\u0161 la\u0161i\u0161os aliejaus padeda palaikyti sveik\u0105 od\u0105 ir gra\u017e\u0173 kail\u012f.Sud\u0117tyje yra prebiotini\u0173 skaidul\u0173, kurios palaiko sveik\u0105 \u017earnyno mikroflor\u0105.Praturtintas taurinu, ciber\u017eole, rozmarinu ir spanguol\u0117mis. Sud\u0117tis: vi\u0161tienos baltymai (40%), kukur\u016bzai (39%), pauk\u0161\u010di\u0173 taukai (5%), ry\u017eiai (5%), d\u017eiovintos burok\u0117li\u0173 \u0161aknys (3,5%), hidrolizuota vi\u0161tienos kepen\u0117l\u0117 (3%), alaus miel\u0117s (3%), la\u0161i\u0161os aliejus (1%), \u017eirni\u0173 miltai (0,459%), manan-oligosacharidai (0,011%), fruktooligosacharidai (0,009%), jukka (0,006%), d\u017eiovintas rozmarinas (0,005%), d\u017eiovinta ciber\u017eol\u0117 (0,005%), d\u017eiovintos spanguol\u0117s (0,005%). Analitin\u0117 sud\u0117tis: baltymai 34,0%, riebalai 12,0%, pelenai 5,5%, skaidulos 2,5%, dr\u0117gm\u0117 9,0%, kalcis 1,2%, fosforas 0,9%, natrio 0,3%, magnis 0,05%, omega-3 riebal\u0173 r\u016bg\u0161tys 0,1%, omega-6 riebal\u0173 r\u016bg\u0161tys 1,7%. \u0160\u0117rimo rekomendacija:Gyv\u016bno svoris (suaug\u0119s, kg) 2\u20133 | 3\u20135 | 5\u20137 | 7\u20139 | 9\u201312Paros norma (g) 35\u201345 | 45\u201370 | 70\u201380 | 80\u2013100 | 100\u2013125\" \/>\n<meta property=\"og:url\" content=\"https:\/\/miumjau.ee\/lt\/produktas\/prospera-plus-sterilized-1-chicken-urinary-0-4kg\/\" \/>\n<meta property=\"og:site_name\" content=\"MiuMjau\" \/>\n<meta property=\"article:publisher\" content=\"https:\/\/www.facebook.com\/miumjaupood\/\" \/>\n<meta property=\"article:modified_time\" content=\"2026-01-07T18:47:16+00:00\" \/>\n<meta property=\"og:image\" content=\"https:\/\/miumjau.ee\/wp-content\/uploads\/2025\/09\/prospera-kuivtoit-kassile28.jpg\" \/>\n\t<meta property=\"og:image:width\" content=\"600\" \/>\n\t<meta property=\"og:image:height\" content=\"800\" \/>\n\t<meta property=\"og:image:type\" content=\"image\/jpeg\" \/>\n<meta name=\"twitter:card\" content=\"summary_large_image\" \/>\n<script type=\"application\/ld+json\" class=\"yoast-schema-graph\">{\"@context\":\"https:\\\/\\\/schema.org\",\"@graph\":[{\"@type\":\"WebPage\",\"@id\":\"https:\\\/\\\/miumjau.ee\\\/lt\\\/produktas\\\/prospera-plus-sterilized-1-chicken-urinary-0-4kg\\\/\",\"url\":\"https:\\\/\\\/miumjau.ee\\\/lt\\\/produktas\\\/prospera-plus-sterilized-1-chicken-urinary-0-4kg\\\/\",\"name\":\"Prospera Plus Sterilized 1+ Chicken Urinary, 0.4kg - MiuMjau\",\"isPartOf\":{\"@id\":\"https:\\\/\\\/miumjau.ee\\\/#website\"},\"primaryImageOfPage\":{\"@id\":\"https:\\\/\\\/miumjau.ee\\\/lt\\\/produktas\\\/prospera-plus-sterilized-1-chicken-urinary-0-4kg\\\/#primaryimage\"},\"image\":{\"@id\":\"https:\\\/\\\/miumjau.ee\\\/lt\\\/produktas\\\/prospera-plus-sterilized-1-chicken-urinary-0-4kg\\\/#primaryimage\"},\"thumbnailUrl\":\"https:\\\/\\\/miumjau.ee\\\/wp-content\\\/uploads\\\/2025\\\/09\\\/prospera-kuivtoit-kassile28.jpg\",\"datePublished\":\"2025-09-16T10:14:04+00:00\",\"dateModified\":\"2026-01-07T18:47:16+00:00\",\"breadcrumb\":{\"@id\":\"https:\\\/\\\/miumjau.ee\\\/lt\\\/produktas\\\/prospera-plus-sterilized-1-chicken-urinary-0-4kg\\\/#breadcrumb\"},\"inLanguage\":\"lt-LT\",\"potentialAction\":[{\"@type\":\"ReadAction\",\"target\":[\"https:\\\/\\\/miumjau.ee\\\/lt\\\/produktas\\\/prospera-plus-sterilized-1-chicken-urinary-0-4kg\\\/\"]}]},{\"@type\":\"ImageObject\",\"inLanguage\":\"lt-LT\",\"@id\":\"https:\\\/\\\/miumjau.ee\\\/lt\\\/produktas\\\/prospera-plus-sterilized-1-chicken-urinary-0-4kg\\\/#primaryimage\",\"url\":\"https:\\\/\\\/miumjau.ee\\\/wp-content\\\/uploads\\\/2025\\\/09\\\/prospera-kuivtoit-kassile28.jpg\",\"contentUrl\":\"https:\\\/\\\/miumjau.ee\\\/wp-content\\\/uploads\\\/2025\\\/09\\\/prospera-kuivtoit-kassile28.jpg\",\"width\":600,\"height\":800,\"caption\":\"Prospera Plus Sterilized 1+ Chicken Urinary, 0.4kg\"},{\"@type\":\"BreadcrumbList\",\"@id\":\"https:\\\/\\\/miumjau.ee\\\/lt\\\/produktas\\\/prospera-plus-sterilized-1-chicken-urinary-0-4kg\\\/#breadcrumb\",\"itemListElement\":[{\"@type\":\"ListItem\",\"position\":1,\"name\":\"Home\",\"item\":\"https:\\\/\\\/miumjau.ee\\\/lt\\\/\"},{\"@type\":\"ListItem\",\"position\":2,\"name\":\"Parduotuv\u0117\",\"item\":\"https:\\\/\\\/miumjau.ee\\\/lt\\\/parduotuve\\\/\"},{\"@type\":\"ListItem\",\"position\":3,\"name\":\"Prospera Plus Sterilized 1+ Chicken Urinary, 0.4kg\"}]},{\"@type\":\"WebSite\",\"@id\":\"https:\\\/\\\/miumjau.ee\\\/#website\",\"url\":\"https:\\\/\\\/miumjau.ee\\\/\",\"name\":\"MiuMjau\",\"description\":\"Kraapimispuud kassidele\",\"publisher\":{\"@id\":\"https:\\\/\\\/miumjau.ee\\\/#organization\"},\"potentialAction\":[{\"@type\":\"SearchAction\",\"target\":{\"@type\":\"EntryPoint\",\"urlTemplate\":\"https:\\\/\\\/miumjau.ee\\\/?s={search_term_string}\"},\"query-input\":{\"@type\":\"PropertyValueSpecification\",\"valueRequired\":true,\"valueName\":\"search_term_string\"}}],\"inLanguage\":\"lt-LT\"},{\"@type\":\"Organization\",\"@id\":\"https:\\\/\\\/miumjau.ee\\\/#organization\",\"name\":\"MiuMjau O\u00dc\",\"url\":\"https:\\\/\\\/miumjau.ee\\\/\",\"logo\":{\"@type\":\"ImageObject\",\"inLanguage\":\"lt-LT\",\"@id\":\"https:\\\/\\\/miumjau.ee\\\/#\\\/schema\\\/logo\\\/image\\\/\",\"url\":\"https:\\\/\\\/miumjau.ee\\\/wp-content\\\/uploads\\\/2022\\\/04\\\/MiuMjau-logo-kollane.png\",\"contentUrl\":\"https:\\\/\\\/miumjau.ee\\\/wp-content\\\/uploads\\\/2022\\\/04\\\/MiuMjau-logo-kollane.png\",\"width\":219,\"height\":100,\"caption\":\"MiuMjau O\u00dc\"},\"image\":{\"@id\":\"https:\\\/\\\/miumjau.ee\\\/#\\\/schema\\\/logo\\\/image\\\/\"},\"sameAs\":[\"https:\\\/\\\/www.facebook.com\\\/miumjaupood\\\/\"]}]}<\/script>\n<!-- \/ Yoast SEO plugin. -->","yoast_head_json":{"title":"Prospera Plus Sterilized 1+ Chicken Urinary, 0.4kg - MiuMjau","robots":{"index":"index","follow":"follow","max-snippet":"max-snippet:-1","max-image-preview":"max-image-preview:large","max-video-preview":"max-video-preview:-1"},"canonical":"https:\/\/miumjau.ee\/lt\/produktas\/prospera-plus-sterilized-1-chicken-urinary-0-4kg\/","og_locale":"lt_LT","og_type":"article","og_title":"Prospera Plus Sterilized 1+ Chicken Urinary, 0.4kg - MiuMjau","og_description":"Pilnavert\u0117 sauso maisto dieta su vi\u0161tiena sterilizuotoms ir kastruotoms kat\u0117ms nuo 1 met\u0173 am\u017eiaus. Sukurta \u0161lapimo tak\u0173 sveikatai gerinti ir \u0161lapimo akmen\u0173 susidarymo prevencijai.Omega riebal\u0173 r\u016bg\u0161tys i\u0161 la\u0161i\u0161os aliejaus padeda palaikyti sveik\u0105 od\u0105 ir gra\u017e\u0173 kail\u012f.Sud\u0117tyje yra prebiotini\u0173 skaidul\u0173, kurios palaiko sveik\u0105 \u017earnyno mikroflor\u0105.Praturtintas taurinu, ciber\u017eole, rozmarinu ir spanguol\u0117mis. Sud\u0117tis: vi\u0161tienos baltymai (40%), kukur\u016bzai (39%), pauk\u0161\u010di\u0173 taukai (5%), ry\u017eiai (5%), d\u017eiovintos burok\u0117li\u0173 \u0161aknys (3,5%), hidrolizuota vi\u0161tienos kepen\u0117l\u0117 (3%), alaus miel\u0117s (3%), la\u0161i\u0161os aliejus (1%), \u017eirni\u0173 miltai (0,459%), manan-oligosacharidai (0,011%), fruktooligosacharidai (0,009%), jukka (0,006%), d\u017eiovintas rozmarinas (0,005%), d\u017eiovinta ciber\u017eol\u0117 (0,005%), d\u017eiovintos spanguol\u0117s (0,005%). Analitin\u0117 sud\u0117tis: baltymai 34,0%, riebalai 12,0%, pelenai 5,5%, skaidulos 2,5%, dr\u0117gm\u0117 9,0%, kalcis 1,2%, fosforas 0,9%, natrio 0,3%, magnis 0,05%, omega-3 riebal\u0173 r\u016bg\u0161tys 0,1%, omega-6 riebal\u0173 r\u016bg\u0161tys 1,7%. \u0160\u0117rimo rekomendacija:Gyv\u016bno svoris (suaug\u0119s, kg) 2\u20133 | 3\u20135 | 5\u20137 | 7\u20139 | 9\u201312Paros norma (g) 35\u201345 | 45\u201370 | 70\u201380 | 80\u2013100 | 100\u2013125","og_url":"https:\/\/miumjau.ee\/lt\/produktas\/prospera-plus-sterilized-1-chicken-urinary-0-4kg\/","og_site_name":"MiuMjau","article_publisher":"https:\/\/www.facebook.com\/miumjaupood\/","article_modified_time":"2026-01-07T18:47:16+00:00","og_image":[{"width":600,"height":800,"url":"https:\/\/miumjau.ee\/wp-content\/uploads\/2025\/09\/prospera-kuivtoit-kassile28.jpg","type":"image\/jpeg"}],"twitter_card":"summary_large_image","schema":{"@context":"https:\/\/schema.org","@graph":[{"@type":"WebPage","@id":"https:\/\/miumjau.ee\/lt\/produktas\/prospera-plus-sterilized-1-chicken-urinary-0-4kg\/","url":"https:\/\/miumjau.ee\/lt\/produktas\/prospera-plus-sterilized-1-chicken-urinary-0-4kg\/","name":"Prospera Plus Sterilized 1+ Chicken Urinary, 0.4kg - MiuMjau","isPartOf":{"@id":"https:\/\/miumjau.ee\/#website"},"primaryImageOfPage":{"@id":"https:\/\/miumjau.ee\/lt\/produktas\/prospera-plus-sterilized-1-chicken-urinary-0-4kg\/#primaryimage"},"image":{"@id":"https:\/\/miumjau.ee\/lt\/produktas\/prospera-plus-sterilized-1-chicken-urinary-0-4kg\/#primaryimage"},"thumbnailUrl":"https:\/\/miumjau.ee\/wp-content\/uploads\/2025\/09\/prospera-kuivtoit-kassile28.jpg","datePublished":"2025-09-16T10:14:04+00:00","dateModified":"2026-01-07T18:47:16+00:00","breadcrumb":{"@id":"https:\/\/miumjau.ee\/lt\/produktas\/prospera-plus-sterilized-1-chicken-urinary-0-4kg\/#breadcrumb"},"inLanguage":"lt-LT","potentialAction":[{"@type":"ReadAction","target":["https:\/\/miumjau.ee\/lt\/produktas\/prospera-plus-sterilized-1-chicken-urinary-0-4kg\/"]}]},{"@type":"ImageObject","inLanguage":"lt-LT","@id":"https:\/\/miumjau.ee\/lt\/produktas\/prospera-plus-sterilized-1-chicken-urinary-0-4kg\/#primaryimage","url":"https:\/\/miumjau.ee\/wp-content\/uploads\/2025\/09\/prospera-kuivtoit-kassile28.jpg","contentUrl":"https:\/\/miumjau.ee\/wp-content\/uploads\/2025\/09\/prospera-kuivtoit-kassile28.jpg","width":600,"height":800,"caption":"Prospera Plus Sterilized 1+ Chicken Urinary, 0.4kg"},{"@type":"BreadcrumbList","@id":"https:\/\/miumjau.ee\/lt\/produktas\/prospera-plus-sterilized-1-chicken-urinary-0-4kg\/#breadcrumb","itemListElement":[{"@type":"ListItem","position":1,"name":"Home","item":"https:\/\/miumjau.ee\/lt\/"},{"@type":"ListItem","position":2,"name":"Parduotuv\u0117","item":"https:\/\/miumjau.ee\/lt\/parduotuve\/"},{"@type":"ListItem","position":3,"name":"Prospera Plus Sterilized 1+ Chicken Urinary, 0.4kg"}]},{"@type":"WebSite","@id":"https:\/\/miumjau.ee\/#website","url":"https:\/\/miumjau.ee\/","name":"MiuMjau","description":"Kraapimispuud kassidele","publisher":{"@id":"https:\/\/miumjau.ee\/#organization"},"potentialAction":[{"@type":"SearchAction","target":{"@type":"EntryPoint","urlTemplate":"https:\/\/miumjau.ee\/?s={search_term_string}"},"query-input":{"@type":"PropertyValueSpecification","valueRequired":true,"valueName":"search_term_string"}}],"inLanguage":"lt-LT"},{"@type":"Organization","@id":"https:\/\/miumjau.ee\/#organization","name":"MiuMjau O\u00dc","url":"https:\/\/miumjau.ee\/","logo":{"@type":"ImageObject","inLanguage":"lt-LT","@id":"https:\/\/miumjau.ee\/#\/schema\/logo\/image\/","url":"https:\/\/miumjau.ee\/wp-content\/uploads\/2022\/04\/MiuMjau-logo-kollane.png","contentUrl":"https:\/\/miumjau.ee\/wp-content\/uploads\/2022\/04\/MiuMjau-logo-kollane.png","width":219,"height":100,"caption":"MiuMjau O\u00dc"},"image":{"@id":"https:\/\/miumjau.ee\/#\/schema\/logo\/image\/"},"sameAs":["https:\/\/www.facebook.com\/miumjaupood\/"]}]}},"_links":{"self":[{"href":"https:\/\/miumjau.ee\/lt\/wp-json\/wp\/v2\/product\/46391","targetHints":{"allow":["GET"]}}],"collection":[{"href":"https:\/\/miumjau.ee\/lt\/wp-json\/wp\/v2\/product"}],"about":[{"href":"https:\/\/miumjau.ee\/lt\/wp-json\/wp\/v2\/types\/product"}],"wp:featuredmedia":[{"embeddable":true,"href":"https:\/\/miumjau.ee\/lt\/wp-json\/wp\/v2\/media\/42185"}],"wp:attachment":[{"href":"https:\/\/miumjau.ee\/lt\/wp-json\/wp\/v2\/media?parent=46391"}],"wp:term":[{"taxonomy":"product_brand","embeddable":true,"href":"https:\/\/miumjau.ee\/lt\/wp-json\/wp\/v2\/product_brand?post=46391"},{"taxonomy":"product_cat","embeddable":true,"href":"https:\/\/miumjau.ee\/lt\/wp-json\/wp\/v2\/product_cat?post=46391"},{"taxonomy":"product_tag","embeddable":true,"href":"https:\/\/miumjau.ee\/lt\/wp-json\/wp\/v2\/product_tag?post=46391"}],"curies":[{"name":"wp","href":"https:\/\/api.w.org\/{rel}","templated":true}]}}