{"id":46386,"date":"2025-09-16T13:52:10","date_gmt":"2025-09-16T10:52:10","guid":{"rendered":"https:\/\/miumjau.ee\/toode\/prospera-plus-kitten-chicken-healthy-development-2-kg\/"},"modified":"2026-01-07T20:47:16","modified_gmt":"2026-01-07T18:47:16","slug":"prospera-plus-kitten-chicken-healthy-development-2-kg","status":"publish","type":"product","link":"https:\/\/miumjau.ee\/lt\/produktas\/prospera-plus-kitten-chicken-healthy-development-2-kg\/","title":{"rendered":"Prospera Plus Kitten Chicken Healthy Development, 2 kg"},"content":{"rendered":"","protected":false},"excerpt":{"rendered":"<p data-start=\"1432\" data-end=\"1524\">Pilnavert\u0117 sauso maisto dieta su vi\u0161tiena ka\u010diukams nuo 4 savai\u010di\u0173 iki 12 m\u0117nesi\u0173 am\u017eiaus.<\/p>\n<p data-start=\"1526\" data-end=\"1910\">U\u017etikrina sveik\u0105 ka\u010diuko augim\u0105 ir vystym\u0105si.<br data-start=\"1571\" data-end=\"1574\" \/>Tinka ir n\u0117\u0161\u010dioms bei \u017eindan\u010dioms kat\u0117ms.<br data-start=\"1615\" data-end=\"1618\" \/>Palaiko sveik\u0105 smegen\u0173 ir regos vystym\u0105si d\u0117l DHA ir taurino i\u0161 la\u0161i\u0161os aliejaus.<br data-start=\"1699\" data-end=\"1702\" \/>Padeda augti sveikiems dantims ir kaulams d\u0117l subalansuoto mineral\u0173 santykio.<br data-start=\"1779\" data-end=\"1782\" \/>Sud\u0117tyje yra kokybi\u0161k\u0173 baltym\u0173, kurie palaiko raumen\u0173 vystym\u0105si.<br data-start=\"1846\" data-end=\"1849\" \/>Praturtintas taurinu, ciber\u017eole, rozmarinu ir spanguol\u0117mis.<\/p>\n<p data-start=\"1912\" data-end=\"2319\"><strong data-start=\"1912\" data-end=\"1924\">Sud\u0117tis:<\/strong> vi\u0161tienos baltymas (42%), kukur\u016bzai (30%), pauk\u0161\u010di\u0173 taukai (13%), ry\u017eiai (5%), hidrolizuota vi\u0161tienos kepen\u0117l\u0117 (3%), d\u017eiovintos burok\u0117li\u0173 \u0161aknys (3%), alaus miel\u0117s (2%), la\u0161i\u0161os aliejus (1,5%), \u017eirni\u0173 miltai (0,4565%), manan-oligosacharidai (0,012%), fruktooligosacharidai (0,01%), jukka (0,0065%), d\u017eiovintas rozmarinas (0,005%), d\u017eiovinta ciber\u017eol\u0117 (0,005%), d\u017eiovintos spanguol\u0117s (0,005%).<\/p>\n<p data-start=\"2321\" data-end=\"2534\"><strong data-start=\"2321\" data-end=\"2343\">Analitin\u0117 sud\u0117tis:<\/strong> baltymai 36,0%, riebalai 17,0%, pelenai 6,0%, skaidulos 1,5%, dr\u0117gm\u0117 9,0%, kalcis 1,4%, fosforas 1,1%, natrio 0,2%, magnis 0,1%, omega-3 riebal\u0173 r\u016bg\u0161tys 0,2%, omega-6 riebal\u0173 r\u016bg\u0161tys 2,2%.<\/p>\n<p data-start=\"2536\" data-end=\"2633\"><strong data-start=\"2536\" data-end=\"2567\">Gyv\u016bno svoris (suaug\u0119s, kg)<\/strong> 1\u20134 | 4\u20137 | 7\u201312<br data-start=\"2585\" data-end=\"2588\" \/><strong data-start=\"2588\" data-end=\"2607\">Paros norma (g)<\/strong> 30\u201360 | 60\u201385 | 85\u2013110<\/p>\n","protected":false},"featured_media":42182,"template":"","meta":[],"product_brand":[],"product_cat":[528],"product_tag":[],"class_list":{"0":"post-46386","1":"product","2":"type-product","3":"status-publish","4":"has-post-thumbnail","6":"product_cat-sausas-maistas","8":"first","9":"instock","10":"taxable","11":"shipping-taxable","12":"purchasable","13":"product-type-simple"},"yoast_head":"<!-- This site is optimized with the Yoast SEO plugin v27.4 - https:\/\/yoast.com\/product\/yoast-seo-wordpress\/ -->\n<title>Prospera Plus Kitten Chicken Healthy Development, 2 kg - MiuMjau<\/title>\n<meta name=\"robots\" content=\"index, follow, max-snippet:-1, max-image-preview:large, max-video-preview:-1\" \/>\n<link rel=\"canonical\" href=\"https:\/\/miumjau.ee\/lt\/produktas\/prospera-plus-kitten-chicken-healthy-development-2-kg\/\" \/>\n<meta property=\"og:locale\" content=\"lt_LT\" \/>\n<meta property=\"og:type\" content=\"article\" \/>\n<meta property=\"og:title\" content=\"Prospera Plus Kitten Chicken Healthy Development, 2 kg - MiuMjau\" \/>\n<meta property=\"og:description\" content=\"Pilnavert\u0117 sauso maisto dieta su vi\u0161tiena ka\u010diukams nuo 4 savai\u010di\u0173 iki 12 m\u0117nesi\u0173 am\u017eiaus. U\u017etikrina sveik\u0105 ka\u010diuko augim\u0105 ir vystym\u0105si.Tinka ir n\u0117\u0161\u010dioms bei \u017eindan\u010dioms kat\u0117ms.Palaiko sveik\u0105 smegen\u0173 ir regos vystym\u0105si d\u0117l DHA ir taurino i\u0161 la\u0161i\u0161os aliejaus.Padeda augti sveikiems dantims ir kaulams d\u0117l subalansuoto mineral\u0173 santykio.Sud\u0117tyje yra kokybi\u0161k\u0173 baltym\u0173, kurie palaiko raumen\u0173 vystym\u0105si.Praturtintas taurinu, ciber\u017eole, rozmarinu ir spanguol\u0117mis. Sud\u0117tis: vi\u0161tienos baltymas (42%), kukur\u016bzai (30%), pauk\u0161\u010di\u0173 taukai (13%), ry\u017eiai (5%), hidrolizuota vi\u0161tienos kepen\u0117l\u0117 (3%), d\u017eiovintos burok\u0117li\u0173 \u0161aknys (3%), alaus miel\u0117s (2%), la\u0161i\u0161os aliejus (1,5%), \u017eirni\u0173 miltai (0,4565%), manan-oligosacharidai (0,012%), fruktooligosacharidai (0,01%), jukka (0,0065%), d\u017eiovintas rozmarinas (0,005%), d\u017eiovinta ciber\u017eol\u0117 (0,005%), d\u017eiovintos spanguol\u0117s (0,005%). Analitin\u0117 sud\u0117tis: baltymai 36,0%, riebalai 17,0%, pelenai 6,0%, skaidulos 1,5%, dr\u0117gm\u0117 9,0%, kalcis 1,4%, fosforas 1,1%, natrio 0,2%, magnis 0,1%, omega-3 riebal\u0173 r\u016bg\u0161tys 0,2%, omega-6 riebal\u0173 r\u016bg\u0161tys 2,2%. Gyv\u016bno svoris (suaug\u0119s, kg) 1\u20134 | 4\u20137 | 7\u201312Paros norma (g) 30\u201360 | 60\u201385 | 85\u2013110\" \/>\n<meta property=\"og:url\" content=\"https:\/\/miumjau.ee\/lt\/produktas\/prospera-plus-kitten-chicken-healthy-development-2-kg\/\" \/>\n<meta property=\"og:site_name\" content=\"MiuMjau\" \/>\n<meta property=\"article:publisher\" content=\"https:\/\/www.facebook.com\/miumjaupood\/\" \/>\n<meta property=\"article:modified_time\" content=\"2026-01-07T18:47:16+00:00\" \/>\n<meta property=\"og:image\" content=\"https:\/\/miumjau.ee\/wp-content\/uploads\/2025\/09\/prospera-kuivtoit-kassile25.jpg\" \/>\n\t<meta property=\"og:image:width\" content=\"600\" \/>\n\t<meta property=\"og:image:height\" content=\"800\" \/>\n\t<meta property=\"og:image:type\" content=\"image\/jpeg\" \/>\n<meta name=\"twitter:card\" content=\"summary_large_image\" \/>\n<script type=\"application\/ld+json\" class=\"yoast-schema-graph\">{\"@context\":\"https:\\\/\\\/schema.org\",\"@graph\":[{\"@type\":\"WebPage\",\"@id\":\"https:\\\/\\\/miumjau.ee\\\/lt\\\/produktas\\\/prospera-plus-kitten-chicken-healthy-development-2-kg\\\/\",\"url\":\"https:\\\/\\\/miumjau.ee\\\/lt\\\/produktas\\\/prospera-plus-kitten-chicken-healthy-development-2-kg\\\/\",\"name\":\"Prospera Plus Kitten Chicken Healthy Development, 2 kg - MiuMjau\",\"isPartOf\":{\"@id\":\"https:\\\/\\\/miumjau.ee\\\/#website\"},\"primaryImageOfPage\":{\"@id\":\"https:\\\/\\\/miumjau.ee\\\/lt\\\/produktas\\\/prospera-plus-kitten-chicken-healthy-development-2-kg\\\/#primaryimage\"},\"image\":{\"@id\":\"https:\\\/\\\/miumjau.ee\\\/lt\\\/produktas\\\/prospera-plus-kitten-chicken-healthy-development-2-kg\\\/#primaryimage\"},\"thumbnailUrl\":\"https:\\\/\\\/miumjau.ee\\\/wp-content\\\/uploads\\\/2025\\\/09\\\/prospera-kuivtoit-kassile25.jpg\",\"datePublished\":\"2025-09-16T10:52:10+00:00\",\"dateModified\":\"2026-01-07T18:47:16+00:00\",\"breadcrumb\":{\"@id\":\"https:\\\/\\\/miumjau.ee\\\/lt\\\/produktas\\\/prospera-plus-kitten-chicken-healthy-development-2-kg\\\/#breadcrumb\"},\"inLanguage\":\"lt-LT\",\"potentialAction\":[{\"@type\":\"ReadAction\",\"target\":[\"https:\\\/\\\/miumjau.ee\\\/lt\\\/produktas\\\/prospera-plus-kitten-chicken-healthy-development-2-kg\\\/\"]}]},{\"@type\":\"ImageObject\",\"inLanguage\":\"lt-LT\",\"@id\":\"https:\\\/\\\/miumjau.ee\\\/lt\\\/produktas\\\/prospera-plus-kitten-chicken-healthy-development-2-kg\\\/#primaryimage\",\"url\":\"https:\\\/\\\/miumjau.ee\\\/wp-content\\\/uploads\\\/2025\\\/09\\\/prospera-kuivtoit-kassile25.jpg\",\"contentUrl\":\"https:\\\/\\\/miumjau.ee\\\/wp-content\\\/uploads\\\/2025\\\/09\\\/prospera-kuivtoit-kassile25.jpg\",\"width\":600,\"height\":800,\"caption\":\"Prospera Plus Kitten Chicken Healthy Development, 2kg\"},{\"@type\":\"BreadcrumbList\",\"@id\":\"https:\\\/\\\/miumjau.ee\\\/lt\\\/produktas\\\/prospera-plus-kitten-chicken-healthy-development-2-kg\\\/#breadcrumb\",\"itemListElement\":[{\"@type\":\"ListItem\",\"position\":1,\"name\":\"Home\",\"item\":\"https:\\\/\\\/miumjau.ee\\\/lt\\\/\"},{\"@type\":\"ListItem\",\"position\":2,\"name\":\"Parduotuv\u0117\",\"item\":\"https:\\\/\\\/miumjau.ee\\\/lt\\\/parduotuve\\\/\"},{\"@type\":\"ListItem\",\"position\":3,\"name\":\"Prospera Plus Kitten Chicken Healthy Development, 2 kg\"}]},{\"@type\":\"WebSite\",\"@id\":\"https:\\\/\\\/miumjau.ee\\\/#website\",\"url\":\"https:\\\/\\\/miumjau.ee\\\/\",\"name\":\"MiuMjau\",\"description\":\"Kraapimispuud kassidele\",\"publisher\":{\"@id\":\"https:\\\/\\\/miumjau.ee\\\/#organization\"},\"potentialAction\":[{\"@type\":\"SearchAction\",\"target\":{\"@type\":\"EntryPoint\",\"urlTemplate\":\"https:\\\/\\\/miumjau.ee\\\/?s={search_term_string}\"},\"query-input\":{\"@type\":\"PropertyValueSpecification\",\"valueRequired\":true,\"valueName\":\"search_term_string\"}}],\"inLanguage\":\"lt-LT\"},{\"@type\":\"Organization\",\"@id\":\"https:\\\/\\\/miumjau.ee\\\/#organization\",\"name\":\"MiuMjau O\u00dc\",\"url\":\"https:\\\/\\\/miumjau.ee\\\/\",\"logo\":{\"@type\":\"ImageObject\",\"inLanguage\":\"lt-LT\",\"@id\":\"https:\\\/\\\/miumjau.ee\\\/#\\\/schema\\\/logo\\\/image\\\/\",\"url\":\"https:\\\/\\\/miumjau.ee\\\/wp-content\\\/uploads\\\/2022\\\/04\\\/MiuMjau-logo-kollane.png\",\"contentUrl\":\"https:\\\/\\\/miumjau.ee\\\/wp-content\\\/uploads\\\/2022\\\/04\\\/MiuMjau-logo-kollane.png\",\"width\":219,\"height\":100,\"caption\":\"MiuMjau O\u00dc\"},\"image\":{\"@id\":\"https:\\\/\\\/miumjau.ee\\\/#\\\/schema\\\/logo\\\/image\\\/\"},\"sameAs\":[\"https:\\\/\\\/www.facebook.com\\\/miumjaupood\\\/\"]}]}<\/script>\n<!-- \/ Yoast SEO plugin. -->","yoast_head_json":{"title":"Prospera Plus Kitten Chicken Healthy Development, 2 kg - MiuMjau","robots":{"index":"index","follow":"follow","max-snippet":"max-snippet:-1","max-image-preview":"max-image-preview:large","max-video-preview":"max-video-preview:-1"},"canonical":"https:\/\/miumjau.ee\/lt\/produktas\/prospera-plus-kitten-chicken-healthy-development-2-kg\/","og_locale":"lt_LT","og_type":"article","og_title":"Prospera Plus Kitten Chicken Healthy Development, 2 kg - MiuMjau","og_description":"Pilnavert\u0117 sauso maisto dieta su vi\u0161tiena ka\u010diukams nuo 4 savai\u010di\u0173 iki 12 m\u0117nesi\u0173 am\u017eiaus. U\u017etikrina sveik\u0105 ka\u010diuko augim\u0105 ir vystym\u0105si.Tinka ir n\u0117\u0161\u010dioms bei \u017eindan\u010dioms kat\u0117ms.Palaiko sveik\u0105 smegen\u0173 ir regos vystym\u0105si d\u0117l DHA ir taurino i\u0161 la\u0161i\u0161os aliejaus.Padeda augti sveikiems dantims ir kaulams d\u0117l subalansuoto mineral\u0173 santykio.Sud\u0117tyje yra kokybi\u0161k\u0173 baltym\u0173, kurie palaiko raumen\u0173 vystym\u0105si.Praturtintas taurinu, ciber\u017eole, rozmarinu ir spanguol\u0117mis. Sud\u0117tis: vi\u0161tienos baltymas (42%), kukur\u016bzai (30%), pauk\u0161\u010di\u0173 taukai (13%), ry\u017eiai (5%), hidrolizuota vi\u0161tienos kepen\u0117l\u0117 (3%), d\u017eiovintos burok\u0117li\u0173 \u0161aknys (3%), alaus miel\u0117s (2%), la\u0161i\u0161os aliejus (1,5%), \u017eirni\u0173 miltai (0,4565%), manan-oligosacharidai (0,012%), fruktooligosacharidai (0,01%), jukka (0,0065%), d\u017eiovintas rozmarinas (0,005%), d\u017eiovinta ciber\u017eol\u0117 (0,005%), d\u017eiovintos spanguol\u0117s (0,005%). Analitin\u0117 sud\u0117tis: baltymai 36,0%, riebalai 17,0%, pelenai 6,0%, skaidulos 1,5%, dr\u0117gm\u0117 9,0%, kalcis 1,4%, fosforas 1,1%, natrio 0,2%, magnis 0,1%, omega-3 riebal\u0173 r\u016bg\u0161tys 0,2%, omega-6 riebal\u0173 r\u016bg\u0161tys 2,2%. Gyv\u016bno svoris (suaug\u0119s, kg) 1\u20134 | 4\u20137 | 7\u201312Paros norma (g) 30\u201360 | 60\u201385 | 85\u2013110","og_url":"https:\/\/miumjau.ee\/lt\/produktas\/prospera-plus-kitten-chicken-healthy-development-2-kg\/","og_site_name":"MiuMjau","article_publisher":"https:\/\/www.facebook.com\/miumjaupood\/","article_modified_time":"2026-01-07T18:47:16+00:00","og_image":[{"width":600,"height":800,"url":"https:\/\/miumjau.ee\/wp-content\/uploads\/2025\/09\/prospera-kuivtoit-kassile25.jpg","type":"image\/jpeg"}],"twitter_card":"summary_large_image","schema":{"@context":"https:\/\/schema.org","@graph":[{"@type":"WebPage","@id":"https:\/\/miumjau.ee\/lt\/produktas\/prospera-plus-kitten-chicken-healthy-development-2-kg\/","url":"https:\/\/miumjau.ee\/lt\/produktas\/prospera-plus-kitten-chicken-healthy-development-2-kg\/","name":"Prospera Plus Kitten Chicken Healthy Development, 2 kg - MiuMjau","isPartOf":{"@id":"https:\/\/miumjau.ee\/#website"},"primaryImageOfPage":{"@id":"https:\/\/miumjau.ee\/lt\/produktas\/prospera-plus-kitten-chicken-healthy-development-2-kg\/#primaryimage"},"image":{"@id":"https:\/\/miumjau.ee\/lt\/produktas\/prospera-plus-kitten-chicken-healthy-development-2-kg\/#primaryimage"},"thumbnailUrl":"https:\/\/miumjau.ee\/wp-content\/uploads\/2025\/09\/prospera-kuivtoit-kassile25.jpg","datePublished":"2025-09-16T10:52:10+00:00","dateModified":"2026-01-07T18:47:16+00:00","breadcrumb":{"@id":"https:\/\/miumjau.ee\/lt\/produktas\/prospera-plus-kitten-chicken-healthy-development-2-kg\/#breadcrumb"},"inLanguage":"lt-LT","potentialAction":[{"@type":"ReadAction","target":["https:\/\/miumjau.ee\/lt\/produktas\/prospera-plus-kitten-chicken-healthy-development-2-kg\/"]}]},{"@type":"ImageObject","inLanguage":"lt-LT","@id":"https:\/\/miumjau.ee\/lt\/produktas\/prospera-plus-kitten-chicken-healthy-development-2-kg\/#primaryimage","url":"https:\/\/miumjau.ee\/wp-content\/uploads\/2025\/09\/prospera-kuivtoit-kassile25.jpg","contentUrl":"https:\/\/miumjau.ee\/wp-content\/uploads\/2025\/09\/prospera-kuivtoit-kassile25.jpg","width":600,"height":800,"caption":"Prospera Plus Kitten Chicken Healthy Development, 2kg"},{"@type":"BreadcrumbList","@id":"https:\/\/miumjau.ee\/lt\/produktas\/prospera-plus-kitten-chicken-healthy-development-2-kg\/#breadcrumb","itemListElement":[{"@type":"ListItem","position":1,"name":"Home","item":"https:\/\/miumjau.ee\/lt\/"},{"@type":"ListItem","position":2,"name":"Parduotuv\u0117","item":"https:\/\/miumjau.ee\/lt\/parduotuve\/"},{"@type":"ListItem","position":3,"name":"Prospera Plus Kitten Chicken Healthy Development, 2 kg"}]},{"@type":"WebSite","@id":"https:\/\/miumjau.ee\/#website","url":"https:\/\/miumjau.ee\/","name":"MiuMjau","description":"Kraapimispuud kassidele","publisher":{"@id":"https:\/\/miumjau.ee\/#organization"},"potentialAction":[{"@type":"SearchAction","target":{"@type":"EntryPoint","urlTemplate":"https:\/\/miumjau.ee\/?s={search_term_string}"},"query-input":{"@type":"PropertyValueSpecification","valueRequired":true,"valueName":"search_term_string"}}],"inLanguage":"lt-LT"},{"@type":"Organization","@id":"https:\/\/miumjau.ee\/#organization","name":"MiuMjau O\u00dc","url":"https:\/\/miumjau.ee\/","logo":{"@type":"ImageObject","inLanguage":"lt-LT","@id":"https:\/\/miumjau.ee\/#\/schema\/logo\/image\/","url":"https:\/\/miumjau.ee\/wp-content\/uploads\/2022\/04\/MiuMjau-logo-kollane.png","contentUrl":"https:\/\/miumjau.ee\/wp-content\/uploads\/2022\/04\/MiuMjau-logo-kollane.png","width":219,"height":100,"caption":"MiuMjau O\u00dc"},"image":{"@id":"https:\/\/miumjau.ee\/#\/schema\/logo\/image\/"},"sameAs":["https:\/\/www.facebook.com\/miumjaupood\/"]}]}},"_links":{"self":[{"href":"https:\/\/miumjau.ee\/lt\/wp-json\/wp\/v2\/product\/46386","targetHints":{"allow":["GET"]}}],"collection":[{"href":"https:\/\/miumjau.ee\/lt\/wp-json\/wp\/v2\/product"}],"about":[{"href":"https:\/\/miumjau.ee\/lt\/wp-json\/wp\/v2\/types\/product"}],"wp:featuredmedia":[{"embeddable":true,"href":"https:\/\/miumjau.ee\/lt\/wp-json\/wp\/v2\/media\/42182"}],"wp:attachment":[{"href":"https:\/\/miumjau.ee\/lt\/wp-json\/wp\/v2\/media?parent=46386"}],"wp:term":[{"taxonomy":"product_brand","embeddable":true,"href":"https:\/\/miumjau.ee\/lt\/wp-json\/wp\/v2\/product_brand?post=46386"},{"taxonomy":"product_cat","embeddable":true,"href":"https:\/\/miumjau.ee\/lt\/wp-json\/wp\/v2\/product_cat?post=46386"},{"taxonomy":"product_tag","embeddable":true,"href":"https:\/\/miumjau.ee\/lt\/wp-json\/wp\/v2\/product_tag?post=46386"}],"curies":[{"name":"wp","href":"https:\/\/api.w.org\/{rel}","templated":true}]}}