{"id":46379,"date":"2025-09-16T13:12:39","date_gmt":"2025-09-16T10:12:39","guid":{"rendered":"https:\/\/miumjau.ee\/toode\/prospera-plus-adult-1-chicken-optimal-wellness-04-kg\/"},"modified":"2026-01-07T20:47:16","modified_gmt":"2026-01-07T18:47:16","slug":"prospera-plus-adult-1-chicken-optimal-wellness-04-kg","status":"publish","type":"product","link":"https:\/\/miumjau.ee\/lt\/produktas\/prospera-plus-adult-1-chicken-optimal-wellness-04-kg\/","title":{"rendered":"Prospera Plus Adult 1+ Chicken Optimal Wellness, 0,4 kg"},"content":{"rendered":"","protected":false},"excerpt":{"rendered":"<p data-start=\"1386\" data-end=\"1468\">Pilnavert\u0117 sauso maisto dieta su vi\u0161tiena suaugusioms kat\u0117ms nuo 1 met\u0173 am\u017eiaus.<\/p>\n<p data-start=\"1470\" data-end=\"1825\">U\u017etikrina kat\u0117s optimali\u0105 sveikat\u0105 ir gerov\u0119.<br data-start=\"1515\" data-end=\"1518\" \/>Palaiko \u0161irdies ir aki\u0173 sveikat\u0105 d\u0117ka taurino ir omega riebal\u0173 r\u016bg\u0161\u010di\u0173.<br data-start=\"1589\" data-end=\"1592\" \/>Sud\u0117tyje yra prebiotini\u0173 skaidul\u0173, kurios palaiko sveik\u0105 \u017earnyno mikroflor\u0105.<br data-start=\"1668\" data-end=\"1671\" \/>Kokybi\u0161ki baltym\u0173 \u0161altiniai ir la\u0161i\u0161os aliejus padeda palaikyti sveik\u0105 od\u0105 ir gra\u017e\u0173 kail\u012f.<br data-start=\"1761\" data-end=\"1764\" \/>Praturtintas taurinu, ciber\u017eole, rozmarinu ir spanguol\u0117mis.<\/p>\n<p data-start=\"1827\" data-end=\"2232\"><strong data-start=\"1827\" data-end=\"1839\">Sud\u0117tis:<\/strong> vi\u0161tienos baltymas (40%), kukur\u016bzai (37%), pauk\u0161\u010di\u0173 taukai (8%), ry\u017eiai (5%), hidrolizuota vi\u0161tienos kepen\u0117l\u0117 (3%), d\u017eiovintos burok\u0117li\u0173 \u0161aknys (3%), alaus miel\u0117s (2%), la\u0161i\u0161os aliejus (1,5%), \u017eirni\u0173 miltai (0,459%), manan-oligosacharidai (0,011%), fruktooligosacharidai (0,009%), jukka (0,006%), d\u017eiovintas rozmarinas (0,005%), d\u017eiovinta ciber\u017eol\u0117 (0,005%), d\u017eiovintos spanguol\u0117s (0,005%).<\/p>\n<p data-start=\"2234\" data-end=\"2447\"><strong data-start=\"2234\" data-end=\"2256\">Analitin\u0117 sud\u0117tis:<\/strong> baltymai 34,0%, riebalai 15,0%, pelenai 6,5%, skaidulos 1,8%, dr\u0117gm\u0117 9,0%, kalcis 1,3%, fosforas 1,0%, natrio 0,2%, magnis 0,1%, omega-3 riebal\u0173 r\u016bg\u0161tys 0,2%, omega-6 riebal\u0173 r\u016bg\u0161tys 2,0%.<\/p>\n<p data-start=\"2449\" data-end=\"2574\"><strong data-start=\"2449\" data-end=\"2480\">Gyv\u016bno svoris (suaug\u0119s, kg)<\/strong> 2\u20133 | 3\u20135 | 5\u20137 | 7\u20139 | 9\u201312<br data-start=\"2510\" data-end=\"2513\" \/><strong data-start=\"2513\" data-end=\"2532\">Paros norma (g)<\/strong> 30\u201345 | 45\u201365 | 65\u201375 | 75\u201395 | 90\u2013115<\/p>\n","protected":false},"featured_media":42183,"template":"","meta":[],"product_brand":[],"product_cat":[528],"product_tag":[],"class_list":{"0":"post-46379","1":"product","2":"type-product","3":"status-publish","4":"has-post-thumbnail","6":"product_cat-sausas-maistas","8":"first","9":"instock","10":"sale","11":"taxable","12":"shipping-taxable","13":"purchasable","14":"product-type-simple"},"yoast_head":"<!-- This site is optimized with the Yoast SEO plugin v27.4 - https:\/\/yoast.com\/product\/yoast-seo-wordpress\/ -->\n<title>Prospera Plus Adult 1+ Chicken Optimal Wellness, 0,4 kg - MiuMjau<\/title>\n<meta name=\"robots\" content=\"index, follow, max-snippet:-1, max-image-preview:large, max-video-preview:-1\" \/>\n<link rel=\"canonical\" href=\"https:\/\/miumjau.ee\/lt\/produktas\/prospera-plus-adult-1-chicken-optimal-wellness-04-kg\/\" \/>\n<meta property=\"og:locale\" content=\"lt_LT\" \/>\n<meta property=\"og:type\" content=\"article\" \/>\n<meta property=\"og:title\" content=\"Prospera Plus Adult 1+ Chicken Optimal Wellness, 0,4 kg - MiuMjau\" \/>\n<meta property=\"og:description\" content=\"Pilnavert\u0117 sauso maisto dieta su vi\u0161tiena suaugusioms kat\u0117ms nuo 1 met\u0173 am\u017eiaus. U\u017etikrina kat\u0117s optimali\u0105 sveikat\u0105 ir gerov\u0119.Palaiko \u0161irdies ir aki\u0173 sveikat\u0105 d\u0117ka taurino ir omega riebal\u0173 r\u016bg\u0161\u010di\u0173.Sud\u0117tyje yra prebiotini\u0173 skaidul\u0173, kurios palaiko sveik\u0105 \u017earnyno mikroflor\u0105.Kokybi\u0161ki baltym\u0173 \u0161altiniai ir la\u0161i\u0161os aliejus padeda palaikyti sveik\u0105 od\u0105 ir gra\u017e\u0173 kail\u012f.Praturtintas taurinu, ciber\u017eole, rozmarinu ir spanguol\u0117mis. Sud\u0117tis: vi\u0161tienos baltymas (40%), kukur\u016bzai (37%), pauk\u0161\u010di\u0173 taukai (8%), ry\u017eiai (5%), hidrolizuota vi\u0161tienos kepen\u0117l\u0117 (3%), d\u017eiovintos burok\u0117li\u0173 \u0161aknys (3%), alaus miel\u0117s (2%), la\u0161i\u0161os aliejus (1,5%), \u017eirni\u0173 miltai (0,459%), manan-oligosacharidai (0,011%), fruktooligosacharidai (0,009%), jukka (0,006%), d\u017eiovintas rozmarinas (0,005%), d\u017eiovinta ciber\u017eol\u0117 (0,005%), d\u017eiovintos spanguol\u0117s (0,005%). Analitin\u0117 sud\u0117tis: baltymai 34,0%, riebalai 15,0%, pelenai 6,5%, skaidulos 1,8%, dr\u0117gm\u0117 9,0%, kalcis 1,3%, fosforas 1,0%, natrio 0,2%, magnis 0,1%, omega-3 riebal\u0173 r\u016bg\u0161tys 0,2%, omega-6 riebal\u0173 r\u016bg\u0161tys 2,0%. Gyv\u016bno svoris (suaug\u0119s, kg) 2\u20133 | 3\u20135 | 5\u20137 | 7\u20139 | 9\u201312Paros norma (g) 30\u201345 | 45\u201365 | 65\u201375 | 75\u201395 | 90\u2013115\" \/>\n<meta property=\"og:url\" content=\"https:\/\/miumjau.ee\/lt\/produktas\/prospera-plus-adult-1-chicken-optimal-wellness-04-kg\/\" \/>\n<meta property=\"og:site_name\" content=\"MiuMjau\" \/>\n<meta property=\"article:publisher\" content=\"https:\/\/www.facebook.com\/miumjaupood\/\" \/>\n<meta property=\"article:modified_time\" content=\"2026-01-07T18:47:16+00:00\" \/>\n<meta property=\"og:image\" content=\"https:\/\/miumjau.ee\/wp-content\/uploads\/2025\/09\/prospera-kuivtoit-kassile26.jpg\" \/>\n\t<meta property=\"og:image:width\" content=\"600\" \/>\n\t<meta property=\"og:image:height\" content=\"800\" \/>\n\t<meta property=\"og:image:type\" content=\"image\/jpeg\" \/>\n<meta name=\"twitter:card\" content=\"summary_large_image\" \/>\n<script type=\"application\/ld+json\" class=\"yoast-schema-graph\">{\"@context\":\"https:\\\/\\\/schema.org\",\"@graph\":[{\"@type\":\"WebPage\",\"@id\":\"https:\\\/\\\/miumjau.ee\\\/lt\\\/produktas\\\/prospera-plus-adult-1-chicken-optimal-wellness-04-kg\\\/\",\"url\":\"https:\\\/\\\/miumjau.ee\\\/lt\\\/produktas\\\/prospera-plus-adult-1-chicken-optimal-wellness-04-kg\\\/\",\"name\":\"Prospera Plus Adult 1+ Chicken Optimal Wellness, 0,4 kg - MiuMjau\",\"isPartOf\":{\"@id\":\"https:\\\/\\\/miumjau.ee\\\/#website\"},\"primaryImageOfPage\":{\"@id\":\"https:\\\/\\\/miumjau.ee\\\/lt\\\/produktas\\\/prospera-plus-adult-1-chicken-optimal-wellness-04-kg\\\/#primaryimage\"},\"image\":{\"@id\":\"https:\\\/\\\/miumjau.ee\\\/lt\\\/produktas\\\/prospera-plus-adult-1-chicken-optimal-wellness-04-kg\\\/#primaryimage\"},\"thumbnailUrl\":\"https:\\\/\\\/miumjau.ee\\\/wp-content\\\/uploads\\\/2025\\\/09\\\/prospera-kuivtoit-kassile26.jpg\",\"datePublished\":\"2025-09-16T10:12:39+00:00\",\"dateModified\":\"2026-01-07T18:47:16+00:00\",\"breadcrumb\":{\"@id\":\"https:\\\/\\\/miumjau.ee\\\/lt\\\/produktas\\\/prospera-plus-adult-1-chicken-optimal-wellness-04-kg\\\/#breadcrumb\"},\"inLanguage\":\"lt-LT\",\"potentialAction\":[{\"@type\":\"ReadAction\",\"target\":[\"https:\\\/\\\/miumjau.ee\\\/lt\\\/produktas\\\/prospera-plus-adult-1-chicken-optimal-wellness-04-kg\\\/\"]}]},{\"@type\":\"ImageObject\",\"inLanguage\":\"lt-LT\",\"@id\":\"https:\\\/\\\/miumjau.ee\\\/lt\\\/produktas\\\/prospera-plus-adult-1-chicken-optimal-wellness-04-kg\\\/#primaryimage\",\"url\":\"https:\\\/\\\/miumjau.ee\\\/wp-content\\\/uploads\\\/2025\\\/09\\\/prospera-kuivtoit-kassile26.jpg\",\"contentUrl\":\"https:\\\/\\\/miumjau.ee\\\/wp-content\\\/uploads\\\/2025\\\/09\\\/prospera-kuivtoit-kassile26.jpg\",\"width\":600,\"height\":800,\"caption\":\"Prospera Plus Adult 1+ Chicken Optimal Wellness, 0.4kg\"},{\"@type\":\"BreadcrumbList\",\"@id\":\"https:\\\/\\\/miumjau.ee\\\/lt\\\/produktas\\\/prospera-plus-adult-1-chicken-optimal-wellness-04-kg\\\/#breadcrumb\",\"itemListElement\":[{\"@type\":\"ListItem\",\"position\":1,\"name\":\"Home\",\"item\":\"https:\\\/\\\/miumjau.ee\\\/lt\\\/\"},{\"@type\":\"ListItem\",\"position\":2,\"name\":\"Parduotuv\u0117\",\"item\":\"https:\\\/\\\/miumjau.ee\\\/lt\\\/parduotuve\\\/\"},{\"@type\":\"ListItem\",\"position\":3,\"name\":\"Prospera Plus Adult 1+ Chicken Optimal Wellness, 0,4 kg\"}]},{\"@type\":\"WebSite\",\"@id\":\"https:\\\/\\\/miumjau.ee\\\/#website\",\"url\":\"https:\\\/\\\/miumjau.ee\\\/\",\"name\":\"MiuMjau\",\"description\":\"Kraapimispuud kassidele\",\"publisher\":{\"@id\":\"https:\\\/\\\/miumjau.ee\\\/#organization\"},\"potentialAction\":[{\"@type\":\"SearchAction\",\"target\":{\"@type\":\"EntryPoint\",\"urlTemplate\":\"https:\\\/\\\/miumjau.ee\\\/?s={search_term_string}\"},\"query-input\":{\"@type\":\"PropertyValueSpecification\",\"valueRequired\":true,\"valueName\":\"search_term_string\"}}],\"inLanguage\":\"lt-LT\"},{\"@type\":\"Organization\",\"@id\":\"https:\\\/\\\/miumjau.ee\\\/#organization\",\"name\":\"MiuMjau O\u00dc\",\"url\":\"https:\\\/\\\/miumjau.ee\\\/\",\"logo\":{\"@type\":\"ImageObject\",\"inLanguage\":\"lt-LT\",\"@id\":\"https:\\\/\\\/miumjau.ee\\\/#\\\/schema\\\/logo\\\/image\\\/\",\"url\":\"https:\\\/\\\/miumjau.ee\\\/wp-content\\\/uploads\\\/2022\\\/04\\\/MiuMjau-logo-kollane.png\",\"contentUrl\":\"https:\\\/\\\/miumjau.ee\\\/wp-content\\\/uploads\\\/2022\\\/04\\\/MiuMjau-logo-kollane.png\",\"width\":219,\"height\":100,\"caption\":\"MiuMjau O\u00dc\"},\"image\":{\"@id\":\"https:\\\/\\\/miumjau.ee\\\/#\\\/schema\\\/logo\\\/image\\\/\"},\"sameAs\":[\"https:\\\/\\\/www.facebook.com\\\/miumjaupood\\\/\"]}]}<\/script>\n<!-- \/ Yoast SEO plugin. -->","yoast_head_json":{"title":"Prospera Plus Adult 1+ Chicken Optimal Wellness, 0,4 kg - MiuMjau","robots":{"index":"index","follow":"follow","max-snippet":"max-snippet:-1","max-image-preview":"max-image-preview:large","max-video-preview":"max-video-preview:-1"},"canonical":"https:\/\/miumjau.ee\/lt\/produktas\/prospera-plus-adult-1-chicken-optimal-wellness-04-kg\/","og_locale":"lt_LT","og_type":"article","og_title":"Prospera Plus Adult 1+ Chicken Optimal Wellness, 0,4 kg - MiuMjau","og_description":"Pilnavert\u0117 sauso maisto dieta su vi\u0161tiena suaugusioms kat\u0117ms nuo 1 met\u0173 am\u017eiaus. U\u017etikrina kat\u0117s optimali\u0105 sveikat\u0105 ir gerov\u0119.Palaiko \u0161irdies ir aki\u0173 sveikat\u0105 d\u0117ka taurino ir omega riebal\u0173 r\u016bg\u0161\u010di\u0173.Sud\u0117tyje yra prebiotini\u0173 skaidul\u0173, kurios palaiko sveik\u0105 \u017earnyno mikroflor\u0105.Kokybi\u0161ki baltym\u0173 \u0161altiniai ir la\u0161i\u0161os aliejus padeda palaikyti sveik\u0105 od\u0105 ir gra\u017e\u0173 kail\u012f.Praturtintas taurinu, ciber\u017eole, rozmarinu ir spanguol\u0117mis. Sud\u0117tis: vi\u0161tienos baltymas (40%), kukur\u016bzai (37%), pauk\u0161\u010di\u0173 taukai (8%), ry\u017eiai (5%), hidrolizuota vi\u0161tienos kepen\u0117l\u0117 (3%), d\u017eiovintos burok\u0117li\u0173 \u0161aknys (3%), alaus miel\u0117s (2%), la\u0161i\u0161os aliejus (1,5%), \u017eirni\u0173 miltai (0,459%), manan-oligosacharidai (0,011%), fruktooligosacharidai (0,009%), jukka (0,006%), d\u017eiovintas rozmarinas (0,005%), d\u017eiovinta ciber\u017eol\u0117 (0,005%), d\u017eiovintos spanguol\u0117s (0,005%). Analitin\u0117 sud\u0117tis: baltymai 34,0%, riebalai 15,0%, pelenai 6,5%, skaidulos 1,8%, dr\u0117gm\u0117 9,0%, kalcis 1,3%, fosforas 1,0%, natrio 0,2%, magnis 0,1%, omega-3 riebal\u0173 r\u016bg\u0161tys 0,2%, omega-6 riebal\u0173 r\u016bg\u0161tys 2,0%. Gyv\u016bno svoris (suaug\u0119s, kg) 2\u20133 | 3\u20135 | 5\u20137 | 7\u20139 | 9\u201312Paros norma (g) 30\u201345 | 45\u201365 | 65\u201375 | 75\u201395 | 90\u2013115","og_url":"https:\/\/miumjau.ee\/lt\/produktas\/prospera-plus-adult-1-chicken-optimal-wellness-04-kg\/","og_site_name":"MiuMjau","article_publisher":"https:\/\/www.facebook.com\/miumjaupood\/","article_modified_time":"2026-01-07T18:47:16+00:00","og_image":[{"width":600,"height":800,"url":"https:\/\/miumjau.ee\/wp-content\/uploads\/2025\/09\/prospera-kuivtoit-kassile26.jpg","type":"image\/jpeg"}],"twitter_card":"summary_large_image","schema":{"@context":"https:\/\/schema.org","@graph":[{"@type":"WebPage","@id":"https:\/\/miumjau.ee\/lt\/produktas\/prospera-plus-adult-1-chicken-optimal-wellness-04-kg\/","url":"https:\/\/miumjau.ee\/lt\/produktas\/prospera-plus-adult-1-chicken-optimal-wellness-04-kg\/","name":"Prospera Plus Adult 1+ Chicken Optimal Wellness, 0,4 kg - MiuMjau","isPartOf":{"@id":"https:\/\/miumjau.ee\/#website"},"primaryImageOfPage":{"@id":"https:\/\/miumjau.ee\/lt\/produktas\/prospera-plus-adult-1-chicken-optimal-wellness-04-kg\/#primaryimage"},"image":{"@id":"https:\/\/miumjau.ee\/lt\/produktas\/prospera-plus-adult-1-chicken-optimal-wellness-04-kg\/#primaryimage"},"thumbnailUrl":"https:\/\/miumjau.ee\/wp-content\/uploads\/2025\/09\/prospera-kuivtoit-kassile26.jpg","datePublished":"2025-09-16T10:12:39+00:00","dateModified":"2026-01-07T18:47:16+00:00","breadcrumb":{"@id":"https:\/\/miumjau.ee\/lt\/produktas\/prospera-plus-adult-1-chicken-optimal-wellness-04-kg\/#breadcrumb"},"inLanguage":"lt-LT","potentialAction":[{"@type":"ReadAction","target":["https:\/\/miumjau.ee\/lt\/produktas\/prospera-plus-adult-1-chicken-optimal-wellness-04-kg\/"]}]},{"@type":"ImageObject","inLanguage":"lt-LT","@id":"https:\/\/miumjau.ee\/lt\/produktas\/prospera-plus-adult-1-chicken-optimal-wellness-04-kg\/#primaryimage","url":"https:\/\/miumjau.ee\/wp-content\/uploads\/2025\/09\/prospera-kuivtoit-kassile26.jpg","contentUrl":"https:\/\/miumjau.ee\/wp-content\/uploads\/2025\/09\/prospera-kuivtoit-kassile26.jpg","width":600,"height":800,"caption":"Prospera Plus Adult 1+ Chicken Optimal Wellness, 0.4kg"},{"@type":"BreadcrumbList","@id":"https:\/\/miumjau.ee\/lt\/produktas\/prospera-plus-adult-1-chicken-optimal-wellness-04-kg\/#breadcrumb","itemListElement":[{"@type":"ListItem","position":1,"name":"Home","item":"https:\/\/miumjau.ee\/lt\/"},{"@type":"ListItem","position":2,"name":"Parduotuv\u0117","item":"https:\/\/miumjau.ee\/lt\/parduotuve\/"},{"@type":"ListItem","position":3,"name":"Prospera Plus Adult 1+ Chicken Optimal Wellness, 0,4 kg"}]},{"@type":"WebSite","@id":"https:\/\/miumjau.ee\/#website","url":"https:\/\/miumjau.ee\/","name":"MiuMjau","description":"Kraapimispuud kassidele","publisher":{"@id":"https:\/\/miumjau.ee\/#organization"},"potentialAction":[{"@type":"SearchAction","target":{"@type":"EntryPoint","urlTemplate":"https:\/\/miumjau.ee\/?s={search_term_string}"},"query-input":{"@type":"PropertyValueSpecification","valueRequired":true,"valueName":"search_term_string"}}],"inLanguage":"lt-LT"},{"@type":"Organization","@id":"https:\/\/miumjau.ee\/#organization","name":"MiuMjau O\u00dc","url":"https:\/\/miumjau.ee\/","logo":{"@type":"ImageObject","inLanguage":"lt-LT","@id":"https:\/\/miumjau.ee\/#\/schema\/logo\/image\/","url":"https:\/\/miumjau.ee\/wp-content\/uploads\/2022\/04\/MiuMjau-logo-kollane.png","contentUrl":"https:\/\/miumjau.ee\/wp-content\/uploads\/2022\/04\/MiuMjau-logo-kollane.png","width":219,"height":100,"caption":"MiuMjau O\u00dc"},"image":{"@id":"https:\/\/miumjau.ee\/#\/schema\/logo\/image\/"},"sameAs":["https:\/\/www.facebook.com\/miumjaupood\/"]}]}},"_links":{"self":[{"href":"https:\/\/miumjau.ee\/lt\/wp-json\/wp\/v2\/product\/46379","targetHints":{"allow":["GET"]}}],"collection":[{"href":"https:\/\/miumjau.ee\/lt\/wp-json\/wp\/v2\/product"}],"about":[{"href":"https:\/\/miumjau.ee\/lt\/wp-json\/wp\/v2\/types\/product"}],"wp:featuredmedia":[{"embeddable":true,"href":"https:\/\/miumjau.ee\/lt\/wp-json\/wp\/v2\/media\/42183"}],"wp:attachment":[{"href":"https:\/\/miumjau.ee\/lt\/wp-json\/wp\/v2\/media?parent=46379"}],"wp:term":[{"taxonomy":"product_brand","embeddable":true,"href":"https:\/\/miumjau.ee\/lt\/wp-json\/wp\/v2\/product_brand?post=46379"},{"taxonomy":"product_cat","embeddable":true,"href":"https:\/\/miumjau.ee\/lt\/wp-json\/wp\/v2\/product_cat?post=46379"},{"taxonomy":"product_tag","embeddable":true,"href":"https:\/\/miumjau.ee\/lt\/wp-json\/wp\/v2\/product_tag?post=46379"}],"curies":[{"name":"wp","href":"https:\/\/api.w.org\/{rel}","templated":true}]}}