{"id":46375,"date":"2025-09-16T13:57:20","date_gmt":"2025-09-16T10:57:20","guid":{"rendered":"https:\/\/miumjau.ee\/toode\/prospera-plus-indoor-1-salmon-long-hair-2-kg\/"},"modified":"2026-01-07T20:47:16","modified_gmt":"2026-01-07T18:47:16","slug":"prospera-plus-indoor-1-salmon-long-hair-2-kg","status":"publish","type":"product","link":"https:\/\/miumjau.ee\/lt\/produktas\/prospera-plus-indoor-1-salmon-long-hair-2-kg\/","title":{"rendered":"Prospera Plus Indoor 1+ Salmon Long Hair, 2 kg"},"content":{"rendered":"","protected":false},"excerpt":{"rendered":"<p data-start=\"1368\" data-end=\"1448\">Pilnavert\u0117 sauso maisto dieta su la\u0161i\u0161a suaugusioms kat\u0117ms nuo 1 met\u0173 am\u017eiaus.<\/p>\n<p data-start=\"1450\" data-end=\"1799\">Tinka kambario kat\u0117ms, ypa\u010d ilgaplaukiams kat\u0117ms.<br data-start=\"1499\" data-end=\"1502\" \/>Riebal\u0173 r\u016bg\u0161tys i\u0161 la\u0161i\u0161os aliejaus padeda palaikyti sveik\u0105 od\u0105 ir gra\u017ei\u0105 kail\u012f.<br data-start=\"1582\" data-end=\"1585\" \/>Skaidul\u0173 turtingas, padeda nat\u016braliai pa\u0161alinti bezoarus (nurytus plauk\u0173 kamuoliukus).<br data-start=\"1671\" data-end=\"1674\" \/>Sud\u0117tyje yra MOS ir FOS prebiotik\u0173, kurie palaiko vir\u0161kinim\u0105.<br data-start=\"1735\" data-end=\"1738\" \/>Praturtintas taurinu, ciber\u017eole, rozmarinu ir spanguol\u0117mis.<\/p>\n<p data-start=\"1801\" data-end=\"2226\"><strong data-start=\"1801\" data-end=\"1813\">Sud\u0117tis:<\/strong> la\u0161i\u0161os baltymai (36%), kukur\u016bzai (36%), pauk\u0161\u010di\u0173 taukai (8%), ry\u017eiai (5%), lignoceliulioz\u0117 (5%), hidrolizuota vi\u0161tienos kepen\u0117l\u0117 (3%), d\u017eiovintos burok\u0117li\u0173 \u0161aknys (3%), alaus miel\u0117s (2%), la\u0161i\u0161os aliejus (1,5%), \u017eirni\u0173 miltai (0,459%), manan-oligosacharidai (0,011%), fruktooligosacharidai (0,009%), jukka (0,006%), d\u017eiovintas rozmarinas (0,005%), d\u017eiovinta ciber\u017eol\u0117 (0,005%), d\u017eiovintos spanguol\u0117s (0,005%).<\/p>\n<p data-start=\"2228\" data-end=\"2442\"><strong data-start=\"2228\" data-end=\"2250\">Analitin\u0117 sud\u0117tis:<\/strong> baltymai 34,0%, riebalai 14,0%, pelenai 5,5%, skaidulos 5,2%, dr\u0117gm\u0117 10,0%, kalcis 1,2%, fosforas 0,8%, natrio 0,2%, magnis 0,1%, omega-3 riebal\u0173 r\u016bg\u0161tys 0,4%, omega-6 riebal\u0173 r\u016bg\u0161tys 1,9%.<\/p>\n<p data-start=\"2444\" data-end=\"2569\"><strong data-start=\"2444\" data-end=\"2475\">Gyv\u016bno svoris (suaug\u0119s, kg)<\/strong> 2\u20133 | 3\u20135 | 5\u20137 | 7\u20139 | 9\u201312<br data-start=\"2505\" data-end=\"2508\" \/><strong data-start=\"2508\" data-end=\"2527\">Paros norma (g)<\/strong> 35\u201345 | 45\u201365 | 65\u201375 | 75\u201395 | 95\u2013130<\/p>\n","protected":false},"featured_media":42191,"template":"","meta":[],"product_brand":[],"product_cat":[528],"product_tag":[],"class_list":{"0":"post-46375","1":"product","2":"type-product","3":"status-publish","4":"has-post-thumbnail","6":"product_cat-sausas-maistas","8":"first","9":"instock","10":"sale","11":"taxable","12":"shipping-taxable","13":"purchasable","14":"product-type-simple"},"yoast_head":"<!-- This site is optimized with the Yoast SEO plugin v27.4 - https:\/\/yoast.com\/product\/yoast-seo-wordpress\/ -->\n<title>Prospera Plus Indoor 1+ Salmon Long Hair, 2 kg - MiuMjau<\/title>\n<meta name=\"robots\" content=\"index, follow, max-snippet:-1, max-image-preview:large, max-video-preview:-1\" \/>\n<link rel=\"canonical\" href=\"https:\/\/miumjau.ee\/lt\/produktas\/prospera-plus-indoor-1-salmon-long-hair-2-kg\/\" \/>\n<meta property=\"og:locale\" content=\"lt_LT\" \/>\n<meta property=\"og:type\" content=\"article\" \/>\n<meta property=\"og:title\" content=\"Prospera Plus Indoor 1+ Salmon Long Hair, 2 kg - MiuMjau\" \/>\n<meta property=\"og:description\" content=\"Pilnavert\u0117 sauso maisto dieta su la\u0161i\u0161a suaugusioms kat\u0117ms nuo 1 met\u0173 am\u017eiaus. Tinka kambario kat\u0117ms, ypa\u010d ilgaplaukiams kat\u0117ms.Riebal\u0173 r\u016bg\u0161tys i\u0161 la\u0161i\u0161os aliejaus padeda palaikyti sveik\u0105 od\u0105 ir gra\u017ei\u0105 kail\u012f.Skaidul\u0173 turtingas, padeda nat\u016braliai pa\u0161alinti bezoarus (nurytus plauk\u0173 kamuoliukus).Sud\u0117tyje yra MOS ir FOS prebiotik\u0173, kurie palaiko vir\u0161kinim\u0105.Praturtintas taurinu, ciber\u017eole, rozmarinu ir spanguol\u0117mis. Sud\u0117tis: la\u0161i\u0161os baltymai (36%), kukur\u016bzai (36%), pauk\u0161\u010di\u0173 taukai (8%), ry\u017eiai (5%), lignoceliulioz\u0117 (5%), hidrolizuota vi\u0161tienos kepen\u0117l\u0117 (3%), d\u017eiovintos burok\u0117li\u0173 \u0161aknys (3%), alaus miel\u0117s (2%), la\u0161i\u0161os aliejus (1,5%), \u017eirni\u0173 miltai (0,459%), manan-oligosacharidai (0,011%), fruktooligosacharidai (0,009%), jukka (0,006%), d\u017eiovintas rozmarinas (0,005%), d\u017eiovinta ciber\u017eol\u0117 (0,005%), d\u017eiovintos spanguol\u0117s (0,005%). Analitin\u0117 sud\u0117tis: baltymai 34,0%, riebalai 14,0%, pelenai 5,5%, skaidulos 5,2%, dr\u0117gm\u0117 10,0%, kalcis 1,2%, fosforas 0,8%, natrio 0,2%, magnis 0,1%, omega-3 riebal\u0173 r\u016bg\u0161tys 0,4%, omega-6 riebal\u0173 r\u016bg\u0161tys 1,9%. Gyv\u016bno svoris (suaug\u0119s, kg) 2\u20133 | 3\u20135 | 5\u20137 | 7\u20139 | 9\u201312Paros norma (g) 35\u201345 | 45\u201365 | 65\u201375 | 75\u201395 | 95\u2013130\" \/>\n<meta property=\"og:url\" content=\"https:\/\/miumjau.ee\/lt\/produktas\/prospera-plus-indoor-1-salmon-long-hair-2-kg\/\" \/>\n<meta property=\"og:site_name\" content=\"MiuMjau\" \/>\n<meta property=\"article:publisher\" content=\"https:\/\/www.facebook.com\/miumjaupood\/\" \/>\n<meta property=\"article:modified_time\" content=\"2026-01-07T18:47:16+00:00\" \/>\n<meta property=\"og:image\" content=\"https:\/\/miumjau.ee\/wp-content\/uploads\/2025\/09\/prospera-kuivtoit-kassile34.jpg\" \/>\n\t<meta property=\"og:image:width\" content=\"600\" \/>\n\t<meta property=\"og:image:height\" content=\"800\" \/>\n\t<meta property=\"og:image:type\" content=\"image\/jpeg\" \/>\n<meta name=\"twitter:card\" content=\"summary_large_image\" \/>\n<script type=\"application\/ld+json\" class=\"yoast-schema-graph\">{\"@context\":\"https:\\\/\\\/schema.org\",\"@graph\":[{\"@type\":\"WebPage\",\"@id\":\"https:\\\/\\\/miumjau.ee\\\/lt\\\/produktas\\\/prospera-plus-indoor-1-salmon-long-hair-2-kg\\\/\",\"url\":\"https:\\\/\\\/miumjau.ee\\\/lt\\\/produktas\\\/prospera-plus-indoor-1-salmon-long-hair-2-kg\\\/\",\"name\":\"Prospera Plus Indoor 1+ Salmon Long Hair, 2 kg - MiuMjau\",\"isPartOf\":{\"@id\":\"https:\\\/\\\/miumjau.ee\\\/#website\"},\"primaryImageOfPage\":{\"@id\":\"https:\\\/\\\/miumjau.ee\\\/lt\\\/produktas\\\/prospera-plus-indoor-1-salmon-long-hair-2-kg\\\/#primaryimage\"},\"image\":{\"@id\":\"https:\\\/\\\/miumjau.ee\\\/lt\\\/produktas\\\/prospera-plus-indoor-1-salmon-long-hair-2-kg\\\/#primaryimage\"},\"thumbnailUrl\":\"https:\\\/\\\/miumjau.ee\\\/wp-content\\\/uploads\\\/2025\\\/09\\\/prospera-kuivtoit-kassile34.jpg\",\"datePublished\":\"2025-09-16T10:57:20+00:00\",\"dateModified\":\"2026-01-07T18:47:16+00:00\",\"breadcrumb\":{\"@id\":\"https:\\\/\\\/miumjau.ee\\\/lt\\\/produktas\\\/prospera-plus-indoor-1-salmon-long-hair-2-kg\\\/#breadcrumb\"},\"inLanguage\":\"lt-LT\",\"potentialAction\":[{\"@type\":\"ReadAction\",\"target\":[\"https:\\\/\\\/miumjau.ee\\\/lt\\\/produktas\\\/prospera-plus-indoor-1-salmon-long-hair-2-kg\\\/\"]}]},{\"@type\":\"ImageObject\",\"inLanguage\":\"lt-LT\",\"@id\":\"https:\\\/\\\/miumjau.ee\\\/lt\\\/produktas\\\/prospera-plus-indoor-1-salmon-long-hair-2-kg\\\/#primaryimage\",\"url\":\"https:\\\/\\\/miumjau.ee\\\/wp-content\\\/uploads\\\/2025\\\/09\\\/prospera-kuivtoit-kassile34.jpg\",\"contentUrl\":\"https:\\\/\\\/miumjau.ee\\\/wp-content\\\/uploads\\\/2025\\\/09\\\/prospera-kuivtoit-kassile34.jpg\",\"width\":600,\"height\":800,\"caption\":\"Prospera Plus Indoor 1+ Salmon Long Hair, 2kg\"},{\"@type\":\"BreadcrumbList\",\"@id\":\"https:\\\/\\\/miumjau.ee\\\/lt\\\/produktas\\\/prospera-plus-indoor-1-salmon-long-hair-2-kg\\\/#breadcrumb\",\"itemListElement\":[{\"@type\":\"ListItem\",\"position\":1,\"name\":\"Home\",\"item\":\"https:\\\/\\\/miumjau.ee\\\/lt\\\/\"},{\"@type\":\"ListItem\",\"position\":2,\"name\":\"Parduotuv\u0117\",\"item\":\"https:\\\/\\\/miumjau.ee\\\/lt\\\/parduotuve\\\/\"},{\"@type\":\"ListItem\",\"position\":3,\"name\":\"Prospera Plus Indoor 1+ Salmon Long Hair, 2 kg\"}]},{\"@type\":\"WebSite\",\"@id\":\"https:\\\/\\\/miumjau.ee\\\/#website\",\"url\":\"https:\\\/\\\/miumjau.ee\\\/\",\"name\":\"MiuMjau\",\"description\":\"Kraapimispuud kassidele\",\"publisher\":{\"@id\":\"https:\\\/\\\/miumjau.ee\\\/#organization\"},\"potentialAction\":[{\"@type\":\"SearchAction\",\"target\":{\"@type\":\"EntryPoint\",\"urlTemplate\":\"https:\\\/\\\/miumjau.ee\\\/?s={search_term_string}\"},\"query-input\":{\"@type\":\"PropertyValueSpecification\",\"valueRequired\":true,\"valueName\":\"search_term_string\"}}],\"inLanguage\":\"lt-LT\"},{\"@type\":\"Organization\",\"@id\":\"https:\\\/\\\/miumjau.ee\\\/#organization\",\"name\":\"MiuMjau O\u00dc\",\"url\":\"https:\\\/\\\/miumjau.ee\\\/\",\"logo\":{\"@type\":\"ImageObject\",\"inLanguage\":\"lt-LT\",\"@id\":\"https:\\\/\\\/miumjau.ee\\\/#\\\/schema\\\/logo\\\/image\\\/\",\"url\":\"https:\\\/\\\/miumjau.ee\\\/wp-content\\\/uploads\\\/2022\\\/04\\\/MiuMjau-logo-kollane.png\",\"contentUrl\":\"https:\\\/\\\/miumjau.ee\\\/wp-content\\\/uploads\\\/2022\\\/04\\\/MiuMjau-logo-kollane.png\",\"width\":219,\"height\":100,\"caption\":\"MiuMjau O\u00dc\"},\"image\":{\"@id\":\"https:\\\/\\\/miumjau.ee\\\/#\\\/schema\\\/logo\\\/image\\\/\"},\"sameAs\":[\"https:\\\/\\\/www.facebook.com\\\/miumjaupood\\\/\"]}]}<\/script>\n<!-- \/ Yoast SEO plugin. -->","yoast_head_json":{"title":"Prospera Plus Indoor 1+ Salmon Long Hair, 2 kg - MiuMjau","robots":{"index":"index","follow":"follow","max-snippet":"max-snippet:-1","max-image-preview":"max-image-preview:large","max-video-preview":"max-video-preview:-1"},"canonical":"https:\/\/miumjau.ee\/lt\/produktas\/prospera-plus-indoor-1-salmon-long-hair-2-kg\/","og_locale":"lt_LT","og_type":"article","og_title":"Prospera Plus Indoor 1+ Salmon Long Hair, 2 kg - MiuMjau","og_description":"Pilnavert\u0117 sauso maisto dieta su la\u0161i\u0161a suaugusioms kat\u0117ms nuo 1 met\u0173 am\u017eiaus. Tinka kambario kat\u0117ms, ypa\u010d ilgaplaukiams kat\u0117ms.Riebal\u0173 r\u016bg\u0161tys i\u0161 la\u0161i\u0161os aliejaus padeda palaikyti sveik\u0105 od\u0105 ir gra\u017ei\u0105 kail\u012f.Skaidul\u0173 turtingas, padeda nat\u016braliai pa\u0161alinti bezoarus (nurytus plauk\u0173 kamuoliukus).Sud\u0117tyje yra MOS ir FOS prebiotik\u0173, kurie palaiko vir\u0161kinim\u0105.Praturtintas taurinu, ciber\u017eole, rozmarinu ir spanguol\u0117mis. Sud\u0117tis: la\u0161i\u0161os baltymai (36%), kukur\u016bzai (36%), pauk\u0161\u010di\u0173 taukai (8%), ry\u017eiai (5%), lignoceliulioz\u0117 (5%), hidrolizuota vi\u0161tienos kepen\u0117l\u0117 (3%), d\u017eiovintos burok\u0117li\u0173 \u0161aknys (3%), alaus miel\u0117s (2%), la\u0161i\u0161os aliejus (1,5%), \u017eirni\u0173 miltai (0,459%), manan-oligosacharidai (0,011%), fruktooligosacharidai (0,009%), jukka (0,006%), d\u017eiovintas rozmarinas (0,005%), d\u017eiovinta ciber\u017eol\u0117 (0,005%), d\u017eiovintos spanguol\u0117s (0,005%). Analitin\u0117 sud\u0117tis: baltymai 34,0%, riebalai 14,0%, pelenai 5,5%, skaidulos 5,2%, dr\u0117gm\u0117 10,0%, kalcis 1,2%, fosforas 0,8%, natrio 0,2%, magnis 0,1%, omega-3 riebal\u0173 r\u016bg\u0161tys 0,4%, omega-6 riebal\u0173 r\u016bg\u0161tys 1,9%. Gyv\u016bno svoris (suaug\u0119s, kg) 2\u20133 | 3\u20135 | 5\u20137 | 7\u20139 | 9\u201312Paros norma (g) 35\u201345 | 45\u201365 | 65\u201375 | 75\u201395 | 95\u2013130","og_url":"https:\/\/miumjau.ee\/lt\/produktas\/prospera-plus-indoor-1-salmon-long-hair-2-kg\/","og_site_name":"MiuMjau","article_publisher":"https:\/\/www.facebook.com\/miumjaupood\/","article_modified_time":"2026-01-07T18:47:16+00:00","og_image":[{"width":600,"height":800,"url":"https:\/\/miumjau.ee\/wp-content\/uploads\/2025\/09\/prospera-kuivtoit-kassile34.jpg","type":"image\/jpeg"}],"twitter_card":"summary_large_image","schema":{"@context":"https:\/\/schema.org","@graph":[{"@type":"WebPage","@id":"https:\/\/miumjau.ee\/lt\/produktas\/prospera-plus-indoor-1-salmon-long-hair-2-kg\/","url":"https:\/\/miumjau.ee\/lt\/produktas\/prospera-plus-indoor-1-salmon-long-hair-2-kg\/","name":"Prospera Plus Indoor 1+ Salmon Long Hair, 2 kg - MiuMjau","isPartOf":{"@id":"https:\/\/miumjau.ee\/#website"},"primaryImageOfPage":{"@id":"https:\/\/miumjau.ee\/lt\/produktas\/prospera-plus-indoor-1-salmon-long-hair-2-kg\/#primaryimage"},"image":{"@id":"https:\/\/miumjau.ee\/lt\/produktas\/prospera-plus-indoor-1-salmon-long-hair-2-kg\/#primaryimage"},"thumbnailUrl":"https:\/\/miumjau.ee\/wp-content\/uploads\/2025\/09\/prospera-kuivtoit-kassile34.jpg","datePublished":"2025-09-16T10:57:20+00:00","dateModified":"2026-01-07T18:47:16+00:00","breadcrumb":{"@id":"https:\/\/miumjau.ee\/lt\/produktas\/prospera-plus-indoor-1-salmon-long-hair-2-kg\/#breadcrumb"},"inLanguage":"lt-LT","potentialAction":[{"@type":"ReadAction","target":["https:\/\/miumjau.ee\/lt\/produktas\/prospera-plus-indoor-1-salmon-long-hair-2-kg\/"]}]},{"@type":"ImageObject","inLanguage":"lt-LT","@id":"https:\/\/miumjau.ee\/lt\/produktas\/prospera-plus-indoor-1-salmon-long-hair-2-kg\/#primaryimage","url":"https:\/\/miumjau.ee\/wp-content\/uploads\/2025\/09\/prospera-kuivtoit-kassile34.jpg","contentUrl":"https:\/\/miumjau.ee\/wp-content\/uploads\/2025\/09\/prospera-kuivtoit-kassile34.jpg","width":600,"height":800,"caption":"Prospera Plus Indoor 1+ Salmon Long Hair, 2kg"},{"@type":"BreadcrumbList","@id":"https:\/\/miumjau.ee\/lt\/produktas\/prospera-plus-indoor-1-salmon-long-hair-2-kg\/#breadcrumb","itemListElement":[{"@type":"ListItem","position":1,"name":"Home","item":"https:\/\/miumjau.ee\/lt\/"},{"@type":"ListItem","position":2,"name":"Parduotuv\u0117","item":"https:\/\/miumjau.ee\/lt\/parduotuve\/"},{"@type":"ListItem","position":3,"name":"Prospera Plus Indoor 1+ Salmon Long Hair, 2 kg"}]},{"@type":"WebSite","@id":"https:\/\/miumjau.ee\/#website","url":"https:\/\/miumjau.ee\/","name":"MiuMjau","description":"Kraapimispuud kassidele","publisher":{"@id":"https:\/\/miumjau.ee\/#organization"},"potentialAction":[{"@type":"SearchAction","target":{"@type":"EntryPoint","urlTemplate":"https:\/\/miumjau.ee\/?s={search_term_string}"},"query-input":{"@type":"PropertyValueSpecification","valueRequired":true,"valueName":"search_term_string"}}],"inLanguage":"lt-LT"},{"@type":"Organization","@id":"https:\/\/miumjau.ee\/#organization","name":"MiuMjau O\u00dc","url":"https:\/\/miumjau.ee\/","logo":{"@type":"ImageObject","inLanguage":"lt-LT","@id":"https:\/\/miumjau.ee\/#\/schema\/logo\/image\/","url":"https:\/\/miumjau.ee\/wp-content\/uploads\/2022\/04\/MiuMjau-logo-kollane.png","contentUrl":"https:\/\/miumjau.ee\/wp-content\/uploads\/2022\/04\/MiuMjau-logo-kollane.png","width":219,"height":100,"caption":"MiuMjau O\u00dc"},"image":{"@id":"https:\/\/miumjau.ee\/#\/schema\/logo\/image\/"},"sameAs":["https:\/\/www.facebook.com\/miumjaupood\/"]}]}},"_links":{"self":[{"href":"https:\/\/miumjau.ee\/lt\/wp-json\/wp\/v2\/product\/46375","targetHints":{"allow":["GET"]}}],"collection":[{"href":"https:\/\/miumjau.ee\/lt\/wp-json\/wp\/v2\/product"}],"about":[{"href":"https:\/\/miumjau.ee\/lt\/wp-json\/wp\/v2\/types\/product"}],"wp:featuredmedia":[{"embeddable":true,"href":"https:\/\/miumjau.ee\/lt\/wp-json\/wp\/v2\/media\/42191"}],"wp:attachment":[{"href":"https:\/\/miumjau.ee\/lt\/wp-json\/wp\/v2\/media?parent=46375"}],"wp:term":[{"taxonomy":"product_brand","embeddable":true,"href":"https:\/\/miumjau.ee\/lt\/wp-json\/wp\/v2\/product_brand?post=46375"},{"taxonomy":"product_cat","embeddable":true,"href":"https:\/\/miumjau.ee\/lt\/wp-json\/wp\/v2\/product_cat?post=46375"},{"taxonomy":"product_tag","embeddable":true,"href":"https:\/\/miumjau.ee\/lt\/wp-json\/wp\/v2\/product_tag?post=46375"}],"curies":[{"name":"wp","href":"https:\/\/api.w.org\/{rel}","templated":true}]}}