{"id":46368,"date":"2025-09-16T13:57:26","date_gmt":"2025-09-16T10:57:26","guid":{"rendered":"https:\/\/miumjau.ee\/toode\/prospera-plus-sterilized-1-chicken-weight-balance-7kg\/"},"modified":"2026-01-07T20:47:24","modified_gmt":"2026-01-07T18:47:24","slug":"prospera-plus-sterilized-1-chicken-weight-balance-7kg","status":"publish","type":"product","link":"https:\/\/miumjau.ee\/lt\/produktas\/prospera-plus-sterilized-1-chicken-weight-balance-7kg\/","title":{"rendered":"Prospera Plus Sterilized 1+ Chicken Weight Balance, 7kg"},"content":{"rendered":"","protected":false},"excerpt":{"rendered":"<p data-start=\"1496\" data-end=\"1578\">Pilnavert\u0117 sauso maisto dieta su vi\u0161tiena suaugusioms kat\u0117ms nuo 1 met\u0173 am\u017eiaus.<\/p>\n<p data-start=\"1580\" data-end=\"1930\">Tinka kat\u0117ms, kurios linkusios priaugti svorio.<br data-start=\"1627\" data-end=\"1630\" \/>Skaidul\u0173 turtingas, padeda kontroliuoti apetit\u0105 ir palaikyti optimal\u0173 k\u016bno b\u016bkl\u0119.<br data-start=\"1711\" data-end=\"1714\" \/>Palaiko \u0161lapimo tak\u0173 sveikat\u0105, padeda i\u0161vengti \u0161lapimo akmen\u0173 susidarymo.<br data-start=\"1787\" data-end=\"1790\" \/>Sud\u0117tyje yra prebiotini\u0173 skaidul\u0173, kurios palaiko sveik\u0105 \u017earnyno mikroflor\u0105.<br data-start=\"1866\" data-end=\"1869\" \/>Praturtintas taurinu, ciber\u017eole, rozmarinu ir spanguol\u0117mis.<\/p>\n<p data-start=\"1932\" data-end=\"2359\"><strong data-start=\"1932\" data-end=\"1944\">Sud\u0117tis:<\/strong> vi\u0161tienos baltymas (43%), kukur\u016bzai (30%), lignoceliulioz\u0117 (8%), ry\u017eiai (5%), d\u017eiovintos burok\u0117li\u0173 \u0161aknys (4,5%), hidrolizuota vi\u0161tienos kepen\u0117l\u0117 (3%), alaus miel\u0117s (3%), pauk\u0161\u010di\u0173 taukai (2%), la\u0161i\u0161os aliejus (1%), \u017eirni\u0173 miltai (0,459%), manan-oligosacharidai (0,011%), fruktooligosacharidai (0,009%), jukka (0,006%), d\u017eiovintas rozmarinas (0,005%), d\u017eiovinta ciber\u017eol\u0117 (0,005%), d\u017eiovintos spanguol\u0117s (0,005%).<\/p>\n<p data-start=\"2361\" data-end=\"2574\"><strong data-start=\"2361\" data-end=\"2383\">Analitin\u0117 sud\u0117tis:<\/strong> baltymai 36,0%, riebalai 10,0%, pelenai 5,2%, skaidulos 7,5%, dr\u0117gm\u0117 9,0%, kalcis 1,3%, fosforas 1,0%, natrio 0,2%, magnis 0,1%, omega-3 riebal\u0173 r\u016bg\u0161tys 0,1%, omega-6 riebal\u0173 r\u016bg\u0161tys 1,1%.<\/p>\n<p data-start=\"2576\" data-end=\"2784\"><strong data-start=\"2576\" data-end=\"2607\">Gyv\u016bno svoris (suaug\u0119s, kg)<\/strong> 2\u20133 | 3\u20135 | 5\u20137 | 7\u20139 | 9\u201312<br data-start=\"2637\" data-end=\"2640\" \/><strong data-start=\"2640\" data-end=\"2659\">Paros norma (g)<\/strong> 40\u201355 | 55\u201375 | 75\u201390 | 90\u2013110 | 110\u2013140<br data-start=\"2701\" data-end=\"2704\" \/><strong data-start=\"2704\" data-end=\"2742\">Paros norma \/ svorio ma\u017einimui (g)<\/strong> 35\u201345 | 45\u201365 | 65\u201380 | 80\u201395 | 95\u2013130<\/p>\n","protected":false},"featured_media":42179,"template":"","meta":[],"product_brand":[],"product_cat":[528],"product_tag":[],"class_list":{"0":"post-46368","1":"product","2":"type-product","3":"status-publish","4":"has-post-thumbnail","6":"product_cat-sausas-maistas","8":"first","9":"instock","10":"sale","11":"taxable","12":"shipping-taxable","13":"purchasable","14":"product-type-simple"},"yoast_head":"<!-- This site is optimized with the Yoast SEO plugin v27.4 - https:\/\/yoast.com\/product\/yoast-seo-wordpress\/ -->\n<title>Prospera Plus Sterilized 1+ Chicken Weight Balance, 7kg - MiuMjau<\/title>\n<meta name=\"robots\" content=\"index, follow, max-snippet:-1, max-image-preview:large, max-video-preview:-1\" \/>\n<link rel=\"canonical\" href=\"https:\/\/miumjau.ee\/lt\/produktas\/prospera-plus-sterilized-1-chicken-weight-balance-7kg\/\" \/>\n<meta property=\"og:locale\" content=\"lt_LT\" \/>\n<meta property=\"og:type\" content=\"article\" \/>\n<meta property=\"og:title\" content=\"Prospera Plus Sterilized 1+ Chicken Weight Balance, 7kg - MiuMjau\" \/>\n<meta property=\"og:description\" content=\"Pilnavert\u0117 sauso maisto dieta su vi\u0161tiena suaugusioms kat\u0117ms nuo 1 met\u0173 am\u017eiaus. Tinka kat\u0117ms, kurios linkusios priaugti svorio.Skaidul\u0173 turtingas, padeda kontroliuoti apetit\u0105 ir palaikyti optimal\u0173 k\u016bno b\u016bkl\u0119.Palaiko \u0161lapimo tak\u0173 sveikat\u0105, padeda i\u0161vengti \u0161lapimo akmen\u0173 susidarymo.Sud\u0117tyje yra prebiotini\u0173 skaidul\u0173, kurios palaiko sveik\u0105 \u017earnyno mikroflor\u0105.Praturtintas taurinu, ciber\u017eole, rozmarinu ir spanguol\u0117mis. Sud\u0117tis: vi\u0161tienos baltymas (43%), kukur\u016bzai (30%), lignoceliulioz\u0117 (8%), ry\u017eiai (5%), d\u017eiovintos burok\u0117li\u0173 \u0161aknys (4,5%), hidrolizuota vi\u0161tienos kepen\u0117l\u0117 (3%), alaus miel\u0117s (3%), pauk\u0161\u010di\u0173 taukai (2%), la\u0161i\u0161os aliejus (1%), \u017eirni\u0173 miltai (0,459%), manan-oligosacharidai (0,011%), fruktooligosacharidai (0,009%), jukka (0,006%), d\u017eiovintas rozmarinas (0,005%), d\u017eiovinta ciber\u017eol\u0117 (0,005%), d\u017eiovintos spanguol\u0117s (0,005%). Analitin\u0117 sud\u0117tis: baltymai 36,0%, riebalai 10,0%, pelenai 5,2%, skaidulos 7,5%, dr\u0117gm\u0117 9,0%, kalcis 1,3%, fosforas 1,0%, natrio 0,2%, magnis 0,1%, omega-3 riebal\u0173 r\u016bg\u0161tys 0,1%, omega-6 riebal\u0173 r\u016bg\u0161tys 1,1%. Gyv\u016bno svoris (suaug\u0119s, kg) 2\u20133 | 3\u20135 | 5\u20137 | 7\u20139 | 9\u201312Paros norma (g) 40\u201355 | 55\u201375 | 75\u201390 | 90\u2013110 | 110\u2013140Paros norma \/ svorio ma\u017einimui (g) 35\u201345 | 45\u201365 | 65\u201380 | 80\u201395 | 95\u2013130\" \/>\n<meta property=\"og:url\" content=\"https:\/\/miumjau.ee\/lt\/produktas\/prospera-plus-sterilized-1-chicken-weight-balance-7kg\/\" \/>\n<meta property=\"og:site_name\" content=\"MiuMjau\" \/>\n<meta property=\"article:publisher\" content=\"https:\/\/www.facebook.com\/miumjaupood\/\" \/>\n<meta property=\"article:modified_time\" content=\"2026-01-07T18:47:24+00:00\" \/>\n<meta property=\"og:image\" content=\"https:\/\/miumjau.ee\/wp-content\/uploads\/2025\/09\/prospera-kuivtoit-kassile22.jpg\" \/>\n\t<meta property=\"og:image:width\" content=\"600\" \/>\n\t<meta property=\"og:image:height\" content=\"800\" \/>\n\t<meta property=\"og:image:type\" content=\"image\/jpeg\" \/>\n<meta name=\"twitter:card\" content=\"summary_large_image\" \/>\n<script type=\"application\/ld+json\" class=\"yoast-schema-graph\">{\"@context\":\"https:\\\/\\\/schema.org\",\"@graph\":[{\"@type\":\"WebPage\",\"@id\":\"https:\\\/\\\/miumjau.ee\\\/lt\\\/produktas\\\/prospera-plus-sterilized-1-chicken-weight-balance-7kg\\\/\",\"url\":\"https:\\\/\\\/miumjau.ee\\\/lt\\\/produktas\\\/prospera-plus-sterilized-1-chicken-weight-balance-7kg\\\/\",\"name\":\"Prospera Plus Sterilized 1+ Chicken Weight Balance, 7kg - MiuMjau\",\"isPartOf\":{\"@id\":\"https:\\\/\\\/miumjau.ee\\\/#website\"},\"primaryImageOfPage\":{\"@id\":\"https:\\\/\\\/miumjau.ee\\\/lt\\\/produktas\\\/prospera-plus-sterilized-1-chicken-weight-balance-7kg\\\/#primaryimage\"},\"image\":{\"@id\":\"https:\\\/\\\/miumjau.ee\\\/lt\\\/produktas\\\/prospera-plus-sterilized-1-chicken-weight-balance-7kg\\\/#primaryimage\"},\"thumbnailUrl\":\"https:\\\/\\\/miumjau.ee\\\/wp-content\\\/uploads\\\/2025\\\/09\\\/prospera-kuivtoit-kassile22.jpg\",\"datePublished\":\"2025-09-16T10:57:26+00:00\",\"dateModified\":\"2026-01-07T18:47:24+00:00\",\"breadcrumb\":{\"@id\":\"https:\\\/\\\/miumjau.ee\\\/lt\\\/produktas\\\/prospera-plus-sterilized-1-chicken-weight-balance-7kg\\\/#breadcrumb\"},\"inLanguage\":\"lt-LT\",\"potentialAction\":[{\"@type\":\"ReadAction\",\"target\":[\"https:\\\/\\\/miumjau.ee\\\/lt\\\/produktas\\\/prospera-plus-sterilized-1-chicken-weight-balance-7kg\\\/\"]}]},{\"@type\":\"ImageObject\",\"inLanguage\":\"lt-LT\",\"@id\":\"https:\\\/\\\/miumjau.ee\\\/lt\\\/produktas\\\/prospera-plus-sterilized-1-chicken-weight-balance-7kg\\\/#primaryimage\",\"url\":\"https:\\\/\\\/miumjau.ee\\\/wp-content\\\/uploads\\\/2025\\\/09\\\/prospera-kuivtoit-kassile22.jpg\",\"contentUrl\":\"https:\\\/\\\/miumjau.ee\\\/wp-content\\\/uploads\\\/2025\\\/09\\\/prospera-kuivtoit-kassile22.jpg\",\"width\":600,\"height\":800,\"caption\":\"Prospera Plus Sterilized 1+ Chicken Weight Balance, 7kg\"},{\"@type\":\"BreadcrumbList\",\"@id\":\"https:\\\/\\\/miumjau.ee\\\/lt\\\/produktas\\\/prospera-plus-sterilized-1-chicken-weight-balance-7kg\\\/#breadcrumb\",\"itemListElement\":[{\"@type\":\"ListItem\",\"position\":1,\"name\":\"Home\",\"item\":\"https:\\\/\\\/miumjau.ee\\\/lt\\\/\"},{\"@type\":\"ListItem\",\"position\":2,\"name\":\"Parduotuv\u0117\",\"item\":\"https:\\\/\\\/miumjau.ee\\\/lt\\\/parduotuve\\\/\"},{\"@type\":\"ListItem\",\"position\":3,\"name\":\"Prospera Plus Sterilized 1+ Chicken Weight Balance, 7kg\"}]},{\"@type\":\"WebSite\",\"@id\":\"https:\\\/\\\/miumjau.ee\\\/#website\",\"url\":\"https:\\\/\\\/miumjau.ee\\\/\",\"name\":\"MiuMjau\",\"description\":\"Kraapimispuud kassidele\",\"publisher\":{\"@id\":\"https:\\\/\\\/miumjau.ee\\\/#organization\"},\"potentialAction\":[{\"@type\":\"SearchAction\",\"target\":{\"@type\":\"EntryPoint\",\"urlTemplate\":\"https:\\\/\\\/miumjau.ee\\\/?s={search_term_string}\"},\"query-input\":{\"@type\":\"PropertyValueSpecification\",\"valueRequired\":true,\"valueName\":\"search_term_string\"}}],\"inLanguage\":\"lt-LT\"},{\"@type\":\"Organization\",\"@id\":\"https:\\\/\\\/miumjau.ee\\\/#organization\",\"name\":\"MiuMjau O\u00dc\",\"url\":\"https:\\\/\\\/miumjau.ee\\\/\",\"logo\":{\"@type\":\"ImageObject\",\"inLanguage\":\"lt-LT\",\"@id\":\"https:\\\/\\\/miumjau.ee\\\/#\\\/schema\\\/logo\\\/image\\\/\",\"url\":\"https:\\\/\\\/miumjau.ee\\\/wp-content\\\/uploads\\\/2022\\\/04\\\/MiuMjau-logo-kollane.png\",\"contentUrl\":\"https:\\\/\\\/miumjau.ee\\\/wp-content\\\/uploads\\\/2022\\\/04\\\/MiuMjau-logo-kollane.png\",\"width\":219,\"height\":100,\"caption\":\"MiuMjau O\u00dc\"},\"image\":{\"@id\":\"https:\\\/\\\/miumjau.ee\\\/#\\\/schema\\\/logo\\\/image\\\/\"},\"sameAs\":[\"https:\\\/\\\/www.facebook.com\\\/miumjaupood\\\/\"]}]}<\/script>\n<!-- \/ Yoast SEO plugin. -->","yoast_head_json":{"title":"Prospera Plus Sterilized 1+ Chicken Weight Balance, 7kg - MiuMjau","robots":{"index":"index","follow":"follow","max-snippet":"max-snippet:-1","max-image-preview":"max-image-preview:large","max-video-preview":"max-video-preview:-1"},"canonical":"https:\/\/miumjau.ee\/lt\/produktas\/prospera-plus-sterilized-1-chicken-weight-balance-7kg\/","og_locale":"lt_LT","og_type":"article","og_title":"Prospera Plus Sterilized 1+ Chicken Weight Balance, 7kg - MiuMjau","og_description":"Pilnavert\u0117 sauso maisto dieta su vi\u0161tiena suaugusioms kat\u0117ms nuo 1 met\u0173 am\u017eiaus. Tinka kat\u0117ms, kurios linkusios priaugti svorio.Skaidul\u0173 turtingas, padeda kontroliuoti apetit\u0105 ir palaikyti optimal\u0173 k\u016bno b\u016bkl\u0119.Palaiko \u0161lapimo tak\u0173 sveikat\u0105, padeda i\u0161vengti \u0161lapimo akmen\u0173 susidarymo.Sud\u0117tyje yra prebiotini\u0173 skaidul\u0173, kurios palaiko sveik\u0105 \u017earnyno mikroflor\u0105.Praturtintas taurinu, ciber\u017eole, rozmarinu ir spanguol\u0117mis. Sud\u0117tis: vi\u0161tienos baltymas (43%), kukur\u016bzai (30%), lignoceliulioz\u0117 (8%), ry\u017eiai (5%), d\u017eiovintos burok\u0117li\u0173 \u0161aknys (4,5%), hidrolizuota vi\u0161tienos kepen\u0117l\u0117 (3%), alaus miel\u0117s (3%), pauk\u0161\u010di\u0173 taukai (2%), la\u0161i\u0161os aliejus (1%), \u017eirni\u0173 miltai (0,459%), manan-oligosacharidai (0,011%), fruktooligosacharidai (0,009%), jukka (0,006%), d\u017eiovintas rozmarinas (0,005%), d\u017eiovinta ciber\u017eol\u0117 (0,005%), d\u017eiovintos spanguol\u0117s (0,005%). Analitin\u0117 sud\u0117tis: baltymai 36,0%, riebalai 10,0%, pelenai 5,2%, skaidulos 7,5%, dr\u0117gm\u0117 9,0%, kalcis 1,3%, fosforas 1,0%, natrio 0,2%, magnis 0,1%, omega-3 riebal\u0173 r\u016bg\u0161tys 0,1%, omega-6 riebal\u0173 r\u016bg\u0161tys 1,1%. Gyv\u016bno svoris (suaug\u0119s, kg) 2\u20133 | 3\u20135 | 5\u20137 | 7\u20139 | 9\u201312Paros norma (g) 40\u201355 | 55\u201375 | 75\u201390 | 90\u2013110 | 110\u2013140Paros norma \/ svorio ma\u017einimui (g) 35\u201345 | 45\u201365 | 65\u201380 | 80\u201395 | 95\u2013130","og_url":"https:\/\/miumjau.ee\/lt\/produktas\/prospera-plus-sterilized-1-chicken-weight-balance-7kg\/","og_site_name":"MiuMjau","article_publisher":"https:\/\/www.facebook.com\/miumjaupood\/","article_modified_time":"2026-01-07T18:47:24+00:00","og_image":[{"width":600,"height":800,"url":"https:\/\/miumjau.ee\/wp-content\/uploads\/2025\/09\/prospera-kuivtoit-kassile22.jpg","type":"image\/jpeg"}],"twitter_card":"summary_large_image","schema":{"@context":"https:\/\/schema.org","@graph":[{"@type":"WebPage","@id":"https:\/\/miumjau.ee\/lt\/produktas\/prospera-plus-sterilized-1-chicken-weight-balance-7kg\/","url":"https:\/\/miumjau.ee\/lt\/produktas\/prospera-plus-sterilized-1-chicken-weight-balance-7kg\/","name":"Prospera Plus Sterilized 1+ Chicken Weight Balance, 7kg - MiuMjau","isPartOf":{"@id":"https:\/\/miumjau.ee\/#website"},"primaryImageOfPage":{"@id":"https:\/\/miumjau.ee\/lt\/produktas\/prospera-plus-sterilized-1-chicken-weight-balance-7kg\/#primaryimage"},"image":{"@id":"https:\/\/miumjau.ee\/lt\/produktas\/prospera-plus-sterilized-1-chicken-weight-balance-7kg\/#primaryimage"},"thumbnailUrl":"https:\/\/miumjau.ee\/wp-content\/uploads\/2025\/09\/prospera-kuivtoit-kassile22.jpg","datePublished":"2025-09-16T10:57:26+00:00","dateModified":"2026-01-07T18:47:24+00:00","breadcrumb":{"@id":"https:\/\/miumjau.ee\/lt\/produktas\/prospera-plus-sterilized-1-chicken-weight-balance-7kg\/#breadcrumb"},"inLanguage":"lt-LT","potentialAction":[{"@type":"ReadAction","target":["https:\/\/miumjau.ee\/lt\/produktas\/prospera-plus-sterilized-1-chicken-weight-balance-7kg\/"]}]},{"@type":"ImageObject","inLanguage":"lt-LT","@id":"https:\/\/miumjau.ee\/lt\/produktas\/prospera-plus-sterilized-1-chicken-weight-balance-7kg\/#primaryimage","url":"https:\/\/miumjau.ee\/wp-content\/uploads\/2025\/09\/prospera-kuivtoit-kassile22.jpg","contentUrl":"https:\/\/miumjau.ee\/wp-content\/uploads\/2025\/09\/prospera-kuivtoit-kassile22.jpg","width":600,"height":800,"caption":"Prospera Plus Sterilized 1+ Chicken Weight Balance, 7kg"},{"@type":"BreadcrumbList","@id":"https:\/\/miumjau.ee\/lt\/produktas\/prospera-plus-sterilized-1-chicken-weight-balance-7kg\/#breadcrumb","itemListElement":[{"@type":"ListItem","position":1,"name":"Home","item":"https:\/\/miumjau.ee\/lt\/"},{"@type":"ListItem","position":2,"name":"Parduotuv\u0117","item":"https:\/\/miumjau.ee\/lt\/parduotuve\/"},{"@type":"ListItem","position":3,"name":"Prospera Plus Sterilized 1+ Chicken Weight Balance, 7kg"}]},{"@type":"WebSite","@id":"https:\/\/miumjau.ee\/#website","url":"https:\/\/miumjau.ee\/","name":"MiuMjau","description":"Kraapimispuud kassidele","publisher":{"@id":"https:\/\/miumjau.ee\/#organization"},"potentialAction":[{"@type":"SearchAction","target":{"@type":"EntryPoint","urlTemplate":"https:\/\/miumjau.ee\/?s={search_term_string}"},"query-input":{"@type":"PropertyValueSpecification","valueRequired":true,"valueName":"search_term_string"}}],"inLanguage":"lt-LT"},{"@type":"Organization","@id":"https:\/\/miumjau.ee\/#organization","name":"MiuMjau O\u00dc","url":"https:\/\/miumjau.ee\/","logo":{"@type":"ImageObject","inLanguage":"lt-LT","@id":"https:\/\/miumjau.ee\/#\/schema\/logo\/image\/","url":"https:\/\/miumjau.ee\/wp-content\/uploads\/2022\/04\/MiuMjau-logo-kollane.png","contentUrl":"https:\/\/miumjau.ee\/wp-content\/uploads\/2022\/04\/MiuMjau-logo-kollane.png","width":219,"height":100,"caption":"MiuMjau O\u00dc"},"image":{"@id":"https:\/\/miumjau.ee\/#\/schema\/logo\/image\/"},"sameAs":["https:\/\/www.facebook.com\/miumjaupood\/"]}]}},"_links":{"self":[{"href":"https:\/\/miumjau.ee\/lt\/wp-json\/wp\/v2\/product\/46368","targetHints":{"allow":["GET"]}}],"collection":[{"href":"https:\/\/miumjau.ee\/lt\/wp-json\/wp\/v2\/product"}],"about":[{"href":"https:\/\/miumjau.ee\/lt\/wp-json\/wp\/v2\/types\/product"}],"wp:featuredmedia":[{"embeddable":true,"href":"https:\/\/miumjau.ee\/lt\/wp-json\/wp\/v2\/media\/42179"}],"wp:attachment":[{"href":"https:\/\/miumjau.ee\/lt\/wp-json\/wp\/v2\/media?parent=46368"}],"wp:term":[{"taxonomy":"product_brand","embeddable":true,"href":"https:\/\/miumjau.ee\/lt\/wp-json\/wp\/v2\/product_brand?post=46368"},{"taxonomy":"product_cat","embeddable":true,"href":"https:\/\/miumjau.ee\/lt\/wp-json\/wp\/v2\/product_cat?post=46368"},{"taxonomy":"product_tag","embeddable":true,"href":"https:\/\/miumjau.ee\/lt\/wp-json\/wp\/v2\/product_tag?post=46368"}],"curies":[{"name":"wp","href":"https:\/\/api.w.org\/{rel}","templated":true}]}}