{"id":46218,"date":"2025-12-01T15:51:37","date_gmt":"2025-12-01T13:51:37","guid":{"rendered":"https:\/\/miumjau.ee\/?post_type=product&#038;p=46218"},"modified":"2026-01-07T20:47:31","modified_gmt":"2026-01-07T18:47:31","slug":"prospera-plus-kitten-su-antis-ir-zaliosiomis-pupelemis-85-g-kopeeri","status":"publish","type":"product","link":"https:\/\/miumjau.ee\/lt\/produktas\/prospera-plus-kitten-su-antis-ir-zaliosiomis-pupelemis-85-g-kopeeri\/","title":{"rendered":"Prospera Plus Kitten, su antis ir \u017ealiosiomis pupel\u0117mis, 24x 85g"},"content":{"rendered":"","protected":false},"excerpt":{"rendered":"<p data-start=\"1346\" data-end=\"1471\">Visavertis ir subalansuotas konservu pa\u0161aras su antiena ir \u017ealiosiomis pupel\u0117mis ka\u010diukams nuo 4 savai\u010di\u0173 iki 1 met\u0173 am\u017eiaus.<\/p>\n<p data-start=\"1473\" data-end=\"1908\">Sveikas mitybos pa\u0161aras, kuris padeda j\u016bs\u0173 ka\u010diukui augti ir vystytis.<br data-start=\"1543\" data-end=\"1546\" \/>Sud\u0117tyje yra taurino \u2013 nepakei\u010diamos aminor\u016bg\u0161ties, svarbios kat\u0117s \u0161irdies ir reg\u0117jimo sveikatai.<br data-start=\"1643\" data-end=\"1646\" \/>Auk\u0161tos kokyb\u0117s ir lengvai vir\u0161kinamos maistin\u0117s med\u017eiagos suteikia ka\u010diukui pakankamai energijos ir padeda palaikyti jo kailio b\u016bkl\u0119.<br data-start=\"1780\" data-end=\"1783\" \/>Be sojos, gr\u016bd\u0173 ir prid\u0117tinio cukraus.<br data-start=\"1821\" data-end=\"1824\" \/>Skan\u016bs m\u0117sos ir dar\u017eovi\u0173 gabal\u0117liai pada\u017ee patiks net i\u0161rankiausiems augintiniams.<\/p>\n<p data-start=\"1910\" data-end=\"2324\"><strong data-start=\"1910\" data-end=\"1922\">Sud\u0117tis:<\/strong> m\u0117sa ir gyv\u016bnin\u0117s kilm\u0117s produktai (88% fil\u0117*, i\u0161 kuri\u0173 40,6% antiena, 25% kiaul\u0117s kepenys, 10,4% vi\u0161tiena, 6% kiauliena, 6% jautiena*), 1,5% mineralin\u0117s med\u017eiagos, augaliniai produktai (0,6% krakmolas, 0,5% skaidulos, 0,4% cikorij\u0173 inulinas), aliejai ir riebalai (0,5% la\u0161i\u0161\u0173 aliejus), dar\u017eov\u0117s (0,45% d\u017eiovintos \u017ealiosios pupel\u0117s, atitinka 4% \u017eali\u0173j\u0173 pupeli\u0173). *Fil\u0117 paprastai sudaro 34,5% produkto.<\/p>\n<p data-start=\"2326\" data-end=\"2527\"><strong data-start=\"2326\" data-end=\"2348\">Analitin\u0117 sud\u0117tis:<\/strong> \u017eali baltymai 10%, \u017eali riebalai 5%, \u017eali pelenai 2%, \u017ealios skaidulos 0,3%, kalcis 0,3%, fosforas 0,25%, omega-3 riebal\u0173 r\u016bg\u0161tys 0,15%, omega-6 riebal\u0173 r\u016bg\u0161tys 0,8%, dr\u0117gm\u0117 78%.<\/p>\n","protected":false},"featured_media":46285,"template":"","meta":[],"product_brand":[],"product_cat":[526],"product_tag":[],"class_list":{"0":"post-46218","1":"product","2":"type-product","3":"status-publish","4":"has-post-thumbnail","6":"product_cat-slapias-maistas","8":"first","9":"instock","10":"sale","11":"taxable","12":"shipping-taxable","13":"purchasable","14":"product-type-simple"},"yoast_head":"<!-- This site is optimized with the Yoast SEO plugin v27.4 - https:\/\/yoast.com\/product\/yoast-seo-wordpress\/ -->\n<title>Prospera Plus Kitten, su antis ir \u017ealiosiomis pupel\u0117mis, 24x 85g - MiuMjau<\/title>\n<meta name=\"robots\" content=\"index, follow, max-snippet:-1, max-image-preview:large, max-video-preview:-1\" \/>\n<link rel=\"canonical\" href=\"https:\/\/miumjau.ee\/lt\/produktas\/prospera-plus-kitten-su-antis-ir-zaliosiomis-pupelemis-85-g-kopeeri\/\" \/>\n<meta property=\"og:locale\" content=\"lt_LT\" \/>\n<meta property=\"og:type\" content=\"article\" \/>\n<meta property=\"og:title\" content=\"Prospera Plus Kitten, su antis ir \u017ealiosiomis pupel\u0117mis, 24x 85g - MiuMjau\" \/>\n<meta property=\"og:description\" content=\"Visavertis ir subalansuotas konservu pa\u0161aras su antiena ir \u017ealiosiomis pupel\u0117mis ka\u010diukams nuo 4 savai\u010di\u0173 iki 1 met\u0173 am\u017eiaus. Sveikas mitybos pa\u0161aras, kuris padeda j\u016bs\u0173 ka\u010diukui augti ir vystytis.Sud\u0117tyje yra taurino \u2013 nepakei\u010diamos aminor\u016bg\u0161ties, svarbios kat\u0117s \u0161irdies ir reg\u0117jimo sveikatai.Auk\u0161tos kokyb\u0117s ir lengvai vir\u0161kinamos maistin\u0117s med\u017eiagos suteikia ka\u010diukui pakankamai energijos ir padeda palaikyti jo kailio b\u016bkl\u0119.Be sojos, gr\u016bd\u0173 ir prid\u0117tinio cukraus.Skan\u016bs m\u0117sos ir dar\u017eovi\u0173 gabal\u0117liai pada\u017ee patiks net i\u0161rankiausiems augintiniams. Sud\u0117tis: m\u0117sa ir gyv\u016bnin\u0117s kilm\u0117s produktai (88% fil\u0117*, i\u0161 kuri\u0173 40,6% antiena, 25% kiaul\u0117s kepenys, 10,4% vi\u0161tiena, 6% kiauliena, 6% jautiena*), 1,5% mineralin\u0117s med\u017eiagos, augaliniai produktai (0,6% krakmolas, 0,5% skaidulos, 0,4% cikorij\u0173 inulinas), aliejai ir riebalai (0,5% la\u0161i\u0161\u0173 aliejus), dar\u017eov\u0117s (0,45% d\u017eiovintos \u017ealiosios pupel\u0117s, atitinka 4% \u017eali\u0173j\u0173 pupeli\u0173). *Fil\u0117 paprastai sudaro 34,5% produkto. Analitin\u0117 sud\u0117tis: \u017eali baltymai 10%, \u017eali riebalai 5%, \u017eali pelenai 2%, \u017ealios skaidulos 0,3%, kalcis 0,3%, fosforas 0,25%, omega-3 riebal\u0173 r\u016bg\u0161tys 0,15%, omega-6 riebal\u0173 r\u016bg\u0161tys 0,8%, dr\u0117gm\u0117 78%.\" \/>\n<meta property=\"og:url\" content=\"https:\/\/miumjau.ee\/lt\/produktas\/prospera-plus-kitten-su-antis-ir-zaliosiomis-pupelemis-85-g-kopeeri\/\" \/>\n<meta property=\"og:site_name\" content=\"MiuMjau\" \/>\n<meta property=\"article:publisher\" content=\"https:\/\/www.facebook.com\/miumjaupood\/\" \/>\n<meta property=\"article:modified_time\" content=\"2026-01-07T18:47:31+00:00\" \/>\n<meta property=\"og:image\" content=\"https:\/\/miumjau.ee\/wp-content\/uploads\/2025\/12\/prospera-plus-kassitoit-multipakk11.png\" \/>\n\t<meta property=\"og:image:width\" content=\"600\" \/>\n\t<meta property=\"og:image:height\" content=\"800\" \/>\n\t<meta property=\"og:image:type\" content=\"image\/png\" \/>\n<meta name=\"twitter:card\" content=\"summary_large_image\" \/>\n<script type=\"application\/ld+json\" class=\"yoast-schema-graph\">{\"@context\":\"https:\\\/\\\/schema.org\",\"@graph\":[{\"@type\":\"WebPage\",\"@id\":\"https:\\\/\\\/miumjau.ee\\\/lt\\\/produktas\\\/prospera-plus-kitten-su-antis-ir-zaliosiomis-pupelemis-85-g-kopeeri\\\/\",\"url\":\"https:\\\/\\\/miumjau.ee\\\/lt\\\/produktas\\\/prospera-plus-kitten-su-antis-ir-zaliosiomis-pupelemis-85-g-kopeeri\\\/\",\"name\":\"Prospera Plus Kitten, su antis ir \u017ealiosiomis pupel\u0117mis, 24x 85g - MiuMjau\",\"isPartOf\":{\"@id\":\"https:\\\/\\\/miumjau.ee\\\/#website\"},\"primaryImageOfPage\":{\"@id\":\"https:\\\/\\\/miumjau.ee\\\/lt\\\/produktas\\\/prospera-plus-kitten-su-antis-ir-zaliosiomis-pupelemis-85-g-kopeeri\\\/#primaryimage\"},\"image\":{\"@id\":\"https:\\\/\\\/miumjau.ee\\\/lt\\\/produktas\\\/prospera-plus-kitten-su-antis-ir-zaliosiomis-pupelemis-85-g-kopeeri\\\/#primaryimage\"},\"thumbnailUrl\":\"https:\\\/\\\/miumjau.ee\\\/wp-content\\\/uploads\\\/2025\\\/12\\\/prospera-plus-kassitoit-multipakk11.png\",\"datePublished\":\"2025-12-01T13:51:37+00:00\",\"dateModified\":\"2026-01-07T18:47:31+00:00\",\"breadcrumb\":{\"@id\":\"https:\\\/\\\/miumjau.ee\\\/lt\\\/produktas\\\/prospera-plus-kitten-su-antis-ir-zaliosiomis-pupelemis-85-g-kopeeri\\\/#breadcrumb\"},\"inLanguage\":\"lt-LT\",\"potentialAction\":[{\"@type\":\"ReadAction\",\"target\":[\"https:\\\/\\\/miumjau.ee\\\/lt\\\/produktas\\\/prospera-plus-kitten-su-antis-ir-zaliosiomis-pupelemis-85-g-kopeeri\\\/\"]}]},{\"@type\":\"ImageObject\",\"inLanguage\":\"lt-LT\",\"@id\":\"https:\\\/\\\/miumjau.ee\\\/lt\\\/produktas\\\/prospera-plus-kitten-su-antis-ir-zaliosiomis-pupelemis-85-g-kopeeri\\\/#primaryimage\",\"url\":\"https:\\\/\\\/miumjau.ee\\\/wp-content\\\/uploads\\\/2025\\\/12\\\/prospera-plus-kassitoit-multipakk11.png\",\"contentUrl\":\"https:\\\/\\\/miumjau.ee\\\/wp-content\\\/uploads\\\/2025\\\/12\\\/prospera-plus-kassitoit-multipakk11.png\",\"width\":600,\"height\":800,\"caption\":\"Prospera Plus Kitten, pardi ja roheliste ubadega, 24x85g\"},{\"@type\":\"BreadcrumbList\",\"@id\":\"https:\\\/\\\/miumjau.ee\\\/lt\\\/produktas\\\/prospera-plus-kitten-su-antis-ir-zaliosiomis-pupelemis-85-g-kopeeri\\\/#breadcrumb\",\"itemListElement\":[{\"@type\":\"ListItem\",\"position\":1,\"name\":\"Home\",\"item\":\"https:\\\/\\\/miumjau.ee\\\/lt\\\/\"},{\"@type\":\"ListItem\",\"position\":2,\"name\":\"Parduotuv\u0117\",\"item\":\"https:\\\/\\\/miumjau.ee\\\/lt\\\/parduotuve\\\/\"},{\"@type\":\"ListItem\",\"position\":3,\"name\":\"Prospera Plus Kitten, su antis ir \u017ealiosiomis pupel\u0117mis, 24x 85g\"}]},{\"@type\":\"WebSite\",\"@id\":\"https:\\\/\\\/miumjau.ee\\\/#website\",\"url\":\"https:\\\/\\\/miumjau.ee\\\/\",\"name\":\"MiuMjau\",\"description\":\"Kraapimispuud kassidele\",\"publisher\":{\"@id\":\"https:\\\/\\\/miumjau.ee\\\/#organization\"},\"potentialAction\":[{\"@type\":\"SearchAction\",\"target\":{\"@type\":\"EntryPoint\",\"urlTemplate\":\"https:\\\/\\\/miumjau.ee\\\/?s={search_term_string}\"},\"query-input\":{\"@type\":\"PropertyValueSpecification\",\"valueRequired\":true,\"valueName\":\"search_term_string\"}}],\"inLanguage\":\"lt-LT\"},{\"@type\":\"Organization\",\"@id\":\"https:\\\/\\\/miumjau.ee\\\/#organization\",\"name\":\"MiuMjau O\u00dc\",\"url\":\"https:\\\/\\\/miumjau.ee\\\/\",\"logo\":{\"@type\":\"ImageObject\",\"inLanguage\":\"lt-LT\",\"@id\":\"https:\\\/\\\/miumjau.ee\\\/#\\\/schema\\\/logo\\\/image\\\/\",\"url\":\"https:\\\/\\\/miumjau.ee\\\/wp-content\\\/uploads\\\/2022\\\/04\\\/MiuMjau-logo-kollane.png\",\"contentUrl\":\"https:\\\/\\\/miumjau.ee\\\/wp-content\\\/uploads\\\/2022\\\/04\\\/MiuMjau-logo-kollane.png\",\"width\":219,\"height\":100,\"caption\":\"MiuMjau O\u00dc\"},\"image\":{\"@id\":\"https:\\\/\\\/miumjau.ee\\\/#\\\/schema\\\/logo\\\/image\\\/\"},\"sameAs\":[\"https:\\\/\\\/www.facebook.com\\\/miumjaupood\\\/\"]}]}<\/script>\n<!-- \/ Yoast SEO plugin. -->","yoast_head_json":{"title":"Prospera Plus Kitten, su antis ir \u017ealiosiomis pupel\u0117mis, 24x 85g - MiuMjau","robots":{"index":"index","follow":"follow","max-snippet":"max-snippet:-1","max-image-preview":"max-image-preview:large","max-video-preview":"max-video-preview:-1"},"canonical":"https:\/\/miumjau.ee\/lt\/produktas\/prospera-plus-kitten-su-antis-ir-zaliosiomis-pupelemis-85-g-kopeeri\/","og_locale":"lt_LT","og_type":"article","og_title":"Prospera Plus Kitten, su antis ir \u017ealiosiomis pupel\u0117mis, 24x 85g - MiuMjau","og_description":"Visavertis ir subalansuotas konservu pa\u0161aras su antiena ir \u017ealiosiomis pupel\u0117mis ka\u010diukams nuo 4 savai\u010di\u0173 iki 1 met\u0173 am\u017eiaus. Sveikas mitybos pa\u0161aras, kuris padeda j\u016bs\u0173 ka\u010diukui augti ir vystytis.Sud\u0117tyje yra taurino \u2013 nepakei\u010diamos aminor\u016bg\u0161ties, svarbios kat\u0117s \u0161irdies ir reg\u0117jimo sveikatai.Auk\u0161tos kokyb\u0117s ir lengvai vir\u0161kinamos maistin\u0117s med\u017eiagos suteikia ka\u010diukui pakankamai energijos ir padeda palaikyti jo kailio b\u016bkl\u0119.Be sojos, gr\u016bd\u0173 ir prid\u0117tinio cukraus.Skan\u016bs m\u0117sos ir dar\u017eovi\u0173 gabal\u0117liai pada\u017ee patiks net i\u0161rankiausiems augintiniams. Sud\u0117tis: m\u0117sa ir gyv\u016bnin\u0117s kilm\u0117s produktai (88% fil\u0117*, i\u0161 kuri\u0173 40,6% antiena, 25% kiaul\u0117s kepenys, 10,4% vi\u0161tiena, 6% kiauliena, 6% jautiena*), 1,5% mineralin\u0117s med\u017eiagos, augaliniai produktai (0,6% krakmolas, 0,5% skaidulos, 0,4% cikorij\u0173 inulinas), aliejai ir riebalai (0,5% la\u0161i\u0161\u0173 aliejus), dar\u017eov\u0117s (0,45% d\u017eiovintos \u017ealiosios pupel\u0117s, atitinka 4% \u017eali\u0173j\u0173 pupeli\u0173). *Fil\u0117 paprastai sudaro 34,5% produkto. Analitin\u0117 sud\u0117tis: \u017eali baltymai 10%, \u017eali riebalai 5%, \u017eali pelenai 2%, \u017ealios skaidulos 0,3%, kalcis 0,3%, fosforas 0,25%, omega-3 riebal\u0173 r\u016bg\u0161tys 0,15%, omega-6 riebal\u0173 r\u016bg\u0161tys 0,8%, dr\u0117gm\u0117 78%.","og_url":"https:\/\/miumjau.ee\/lt\/produktas\/prospera-plus-kitten-su-antis-ir-zaliosiomis-pupelemis-85-g-kopeeri\/","og_site_name":"MiuMjau","article_publisher":"https:\/\/www.facebook.com\/miumjaupood\/","article_modified_time":"2026-01-07T18:47:31+00:00","og_image":[{"width":600,"height":800,"url":"https:\/\/miumjau.ee\/wp-content\/uploads\/2025\/12\/prospera-plus-kassitoit-multipakk11.png","type":"image\/png"}],"twitter_card":"summary_large_image","schema":{"@context":"https:\/\/schema.org","@graph":[{"@type":"WebPage","@id":"https:\/\/miumjau.ee\/lt\/produktas\/prospera-plus-kitten-su-antis-ir-zaliosiomis-pupelemis-85-g-kopeeri\/","url":"https:\/\/miumjau.ee\/lt\/produktas\/prospera-plus-kitten-su-antis-ir-zaliosiomis-pupelemis-85-g-kopeeri\/","name":"Prospera Plus Kitten, su antis ir \u017ealiosiomis pupel\u0117mis, 24x 85g - MiuMjau","isPartOf":{"@id":"https:\/\/miumjau.ee\/#website"},"primaryImageOfPage":{"@id":"https:\/\/miumjau.ee\/lt\/produktas\/prospera-plus-kitten-su-antis-ir-zaliosiomis-pupelemis-85-g-kopeeri\/#primaryimage"},"image":{"@id":"https:\/\/miumjau.ee\/lt\/produktas\/prospera-plus-kitten-su-antis-ir-zaliosiomis-pupelemis-85-g-kopeeri\/#primaryimage"},"thumbnailUrl":"https:\/\/miumjau.ee\/wp-content\/uploads\/2025\/12\/prospera-plus-kassitoit-multipakk11.png","datePublished":"2025-12-01T13:51:37+00:00","dateModified":"2026-01-07T18:47:31+00:00","breadcrumb":{"@id":"https:\/\/miumjau.ee\/lt\/produktas\/prospera-plus-kitten-su-antis-ir-zaliosiomis-pupelemis-85-g-kopeeri\/#breadcrumb"},"inLanguage":"lt-LT","potentialAction":[{"@type":"ReadAction","target":["https:\/\/miumjau.ee\/lt\/produktas\/prospera-plus-kitten-su-antis-ir-zaliosiomis-pupelemis-85-g-kopeeri\/"]}]},{"@type":"ImageObject","inLanguage":"lt-LT","@id":"https:\/\/miumjau.ee\/lt\/produktas\/prospera-plus-kitten-su-antis-ir-zaliosiomis-pupelemis-85-g-kopeeri\/#primaryimage","url":"https:\/\/miumjau.ee\/wp-content\/uploads\/2025\/12\/prospera-plus-kassitoit-multipakk11.png","contentUrl":"https:\/\/miumjau.ee\/wp-content\/uploads\/2025\/12\/prospera-plus-kassitoit-multipakk11.png","width":600,"height":800,"caption":"Prospera Plus Kitten, pardi ja roheliste ubadega, 24x85g"},{"@type":"BreadcrumbList","@id":"https:\/\/miumjau.ee\/lt\/produktas\/prospera-plus-kitten-su-antis-ir-zaliosiomis-pupelemis-85-g-kopeeri\/#breadcrumb","itemListElement":[{"@type":"ListItem","position":1,"name":"Home","item":"https:\/\/miumjau.ee\/lt\/"},{"@type":"ListItem","position":2,"name":"Parduotuv\u0117","item":"https:\/\/miumjau.ee\/lt\/parduotuve\/"},{"@type":"ListItem","position":3,"name":"Prospera Plus Kitten, su antis ir \u017ealiosiomis pupel\u0117mis, 24x 85g"}]},{"@type":"WebSite","@id":"https:\/\/miumjau.ee\/#website","url":"https:\/\/miumjau.ee\/","name":"MiuMjau","description":"Kraapimispuud kassidele","publisher":{"@id":"https:\/\/miumjau.ee\/#organization"},"potentialAction":[{"@type":"SearchAction","target":{"@type":"EntryPoint","urlTemplate":"https:\/\/miumjau.ee\/?s={search_term_string}"},"query-input":{"@type":"PropertyValueSpecification","valueRequired":true,"valueName":"search_term_string"}}],"inLanguage":"lt-LT"},{"@type":"Organization","@id":"https:\/\/miumjau.ee\/#organization","name":"MiuMjau O\u00dc","url":"https:\/\/miumjau.ee\/","logo":{"@type":"ImageObject","inLanguage":"lt-LT","@id":"https:\/\/miumjau.ee\/#\/schema\/logo\/image\/","url":"https:\/\/miumjau.ee\/wp-content\/uploads\/2022\/04\/MiuMjau-logo-kollane.png","contentUrl":"https:\/\/miumjau.ee\/wp-content\/uploads\/2022\/04\/MiuMjau-logo-kollane.png","width":219,"height":100,"caption":"MiuMjau O\u00dc"},"image":{"@id":"https:\/\/miumjau.ee\/#\/schema\/logo\/image\/"},"sameAs":["https:\/\/www.facebook.com\/miumjaupood\/"]}]}},"_links":{"self":[{"href":"https:\/\/miumjau.ee\/lt\/wp-json\/wp\/v2\/product\/46218","targetHints":{"allow":["GET"]}}],"collection":[{"href":"https:\/\/miumjau.ee\/lt\/wp-json\/wp\/v2\/product"}],"about":[{"href":"https:\/\/miumjau.ee\/lt\/wp-json\/wp\/v2\/types\/product"}],"wp:featuredmedia":[{"embeddable":true,"href":"https:\/\/miumjau.ee\/lt\/wp-json\/wp\/v2\/media\/46285"}],"wp:attachment":[{"href":"https:\/\/miumjau.ee\/lt\/wp-json\/wp\/v2\/media?parent=46218"}],"wp:term":[{"taxonomy":"product_brand","embeddable":true,"href":"https:\/\/miumjau.ee\/lt\/wp-json\/wp\/v2\/product_brand?post=46218"},{"taxonomy":"product_cat","embeddable":true,"href":"https:\/\/miumjau.ee\/lt\/wp-json\/wp\/v2\/product_cat?post=46218"},{"taxonomy":"product_tag","embeddable":true,"href":"https:\/\/miumjau.ee\/lt\/wp-json\/wp\/v2\/product_tag?post=46218"}],"curies":[{"name":"wp","href":"https:\/\/api.w.org\/{rel}","templated":true}]}}