{"id":46206,"date":"2025-12-01T15:51:30","date_gmt":"2025-12-01T13:51:30","guid":{"rendered":"https:\/\/miumjau.ee\/?post_type=product&#038;p=46206"},"modified":"2026-01-07T20:47:31","modified_gmt":"2026-01-07T18:47:31","slug":"prospera-plus-1-suaugusiems-su-vistiena-ir-pupelemis-85-g-kopeeri","status":"publish","type":"product","link":"https:\/\/miumjau.ee\/lt\/produktas\/prospera-plus-1-suaugusiems-su-vistiena-ir-pupelemis-85-g-kopeeri\/","title":{"rendered":"Prospera Plus 1+ suaugusiems, su vi\u0161tiena ir pupel\u0117mis, 24x 85g"},"content":{"rendered":"","protected":false},"excerpt":{"rendered":"<p data-start=\"1252\" data-end=\"1347\">Visavertis ir subalansuotas konservu pa\u0161aras su vi\u0161tiena ir pupel\u0117mis pada\u017ee kat\u0117ms nuo 1 met\u0173.<\/p>\n<p data-start=\"1349\" data-end=\"1780\">Suteikia j\u016bs\u0173 katei visavert\u0119 ir sveik\u0105 mityb\u0105.<br data-start=\"1396\" data-end=\"1399\" \/>Sud\u0117tyje yra taurino \u2013 nepakei\u010diamos aminor\u016bg\u0161ties, svarbios kat\u0117s \u0161irdies ir reg\u0117jimo sveikatai.<br data-start=\"1496\" data-end=\"1499\" \/>Auk\u0161tos kokyb\u0117s ir lengvai vir\u0161kinamos maistin\u0117s med\u017eiagos padeda palaikyti raumen\u0173 sveikat\u0105 ir kailio b\u016bkl\u0119.<br data-start=\"1608\" data-end=\"1611\" \/>Skan\u016bs m\u0117sos ir dar\u017eovi\u0173 gabal\u0117liai pada\u017ee patiks net i\u0161rankiausiems augintiniams.<br data-start=\"1693\" data-end=\"1696\" \/>Padeda palaikyti sveik\u0105 \u017earnyno mikroflor\u0105.<br data-start=\"1739\" data-end=\"1742\" \/>Be sojos, gr\u016bd\u0173 ir prid\u0117tinio cukraus.<\/p>\n<p data-start=\"1782\" data-end=\"2159\"><strong data-start=\"1782\" data-end=\"1794\">Sud\u0117tis:<\/strong> m\u0117sa ir gyv\u016bnin\u0117s kilm\u0117s produktai (88% fil\u0117*, i\u0161 kuri\u0173 40,6% vi\u0161tiena, 27% kiaul\u0117s kepenys, 14,4% kiauliena, 6% jautiena*), 1,5% mineralin\u0117s med\u017eiagos, augaliniai produktai (0,6% krakmolas, 0,5% skaidulos, 0,4% cikorij\u0173 inulinas), aliejai ir riebalai, dar\u017eov\u0117s (0,45% d\u017eiovintos \u017ealios pupel\u0117s, atitinka 4% \u017eali\u0173j\u0173 pupeli\u0173). *Fil\u0117 paprastai sudaro 34,5% produkto.<\/p>\n<p data-start=\"2161\" data-end=\"2333\"><strong data-start=\"2161\" data-end=\"2183\">Analitin\u0117 sud\u0117tis:<\/strong> \u017eali baltymai 10%, \u017eali riebalai 4%, \u017eali pelenai 2%, \u017ealios skaidulos 0,4%, omega-3 riebal\u0173 r\u016bg\u0161tys 0,15%, omega-6 riebal\u0173 r\u016bg\u0161tys 0,8%, dr\u0117gm\u0117 80%.<\/p>\n","protected":false},"featured_media":46303,"template":"","meta":[],"product_brand":[],"product_cat":[526],"product_tag":[],"class_list":{"0":"post-46206","1":"product","2":"type-product","3":"status-publish","4":"has-post-thumbnail","6":"product_cat-slapias-maistas","8":"first","9":"instock","10":"sale","11":"taxable","12":"shipping-taxable","13":"purchasable","14":"product-type-simple"},"yoast_head":"<!-- This site is optimized with the Yoast SEO plugin v27.2 - https:\/\/yoast.com\/product\/yoast-seo-wordpress\/ -->\n<title>Prospera Plus 1+ suaugusiems, su vi\u0161tiena ir pupel\u0117mis, 24x 85g - MiuMjau<\/title>\n<meta name=\"robots\" content=\"index, follow, max-snippet:-1, max-image-preview:large, max-video-preview:-1\" \/>\n<link rel=\"canonical\" href=\"https:\/\/miumjau.ee\/lt\/produktas\/prospera-plus-1-suaugusiems-su-vistiena-ir-pupelemis-85-g-kopeeri\/\" \/>\n<meta property=\"og:locale\" content=\"lt_LT\" \/>\n<meta property=\"og:type\" content=\"article\" \/>\n<meta property=\"og:title\" content=\"Prospera Plus 1+ suaugusiems, su vi\u0161tiena ir pupel\u0117mis, 24x 85g - MiuMjau\" \/>\n<meta property=\"og:description\" content=\"Visavertis ir subalansuotas konservu pa\u0161aras su vi\u0161tiena ir pupel\u0117mis pada\u017ee kat\u0117ms nuo 1 met\u0173. Suteikia j\u016bs\u0173 katei visavert\u0119 ir sveik\u0105 mityb\u0105.Sud\u0117tyje yra taurino \u2013 nepakei\u010diamos aminor\u016bg\u0161ties, svarbios kat\u0117s \u0161irdies ir reg\u0117jimo sveikatai.Auk\u0161tos kokyb\u0117s ir lengvai vir\u0161kinamos maistin\u0117s med\u017eiagos padeda palaikyti raumen\u0173 sveikat\u0105 ir kailio b\u016bkl\u0119.Skan\u016bs m\u0117sos ir dar\u017eovi\u0173 gabal\u0117liai pada\u017ee patiks net i\u0161rankiausiems augintiniams.Padeda palaikyti sveik\u0105 \u017earnyno mikroflor\u0105.Be sojos, gr\u016bd\u0173 ir prid\u0117tinio cukraus. Sud\u0117tis: m\u0117sa ir gyv\u016bnin\u0117s kilm\u0117s produktai (88% fil\u0117*, i\u0161 kuri\u0173 40,6% vi\u0161tiena, 27% kiaul\u0117s kepenys, 14,4% kiauliena, 6% jautiena*), 1,5% mineralin\u0117s med\u017eiagos, augaliniai produktai (0,6% krakmolas, 0,5% skaidulos, 0,4% cikorij\u0173 inulinas), aliejai ir riebalai, dar\u017eov\u0117s (0,45% d\u017eiovintos \u017ealios pupel\u0117s, atitinka 4% \u017eali\u0173j\u0173 pupeli\u0173). *Fil\u0117 paprastai sudaro 34,5% produkto. Analitin\u0117 sud\u0117tis: \u017eali baltymai 10%, \u017eali riebalai 4%, \u017eali pelenai 2%, \u017ealios skaidulos 0,4%, omega-3 riebal\u0173 r\u016bg\u0161tys 0,15%, omega-6 riebal\u0173 r\u016bg\u0161tys 0,8%, dr\u0117gm\u0117 80%.\" \/>\n<meta property=\"og:url\" content=\"https:\/\/miumjau.ee\/lt\/produktas\/prospera-plus-1-suaugusiems-su-vistiena-ir-pupelemis-85-g-kopeeri\/\" \/>\n<meta property=\"og:site_name\" content=\"MiuMjau\" \/>\n<meta property=\"article:publisher\" content=\"https:\/\/www.facebook.com\/miumjaupood\/\" \/>\n<meta property=\"article:modified_time\" content=\"2026-01-07T18:47:31+00:00\" \/>\n<meta property=\"og:image\" content=\"https:\/\/miumjau.ee\/wp-content\/uploads\/2025\/12\/prospera-plus-kassitoit-multipakk14.png\" \/>\n\t<meta property=\"og:image:width\" content=\"600\" \/>\n\t<meta property=\"og:image:height\" content=\"800\" \/>\n\t<meta property=\"og:image:type\" content=\"image\/png\" \/>\n<meta name=\"twitter:card\" content=\"summary_large_image\" \/>\n<script type=\"application\/ld+json\" class=\"yoast-schema-graph\">{\"@context\":\"https:\/\/schema.org\",\"@graph\":[{\"@type\":\"WebPage\",\"@id\":\"https:\/\/miumjau.ee\/lt\/produktas\/prospera-plus-1-suaugusiems-su-vistiena-ir-pupelemis-85-g-kopeeri\/\",\"url\":\"https:\/\/miumjau.ee\/lt\/produktas\/prospera-plus-1-suaugusiems-su-vistiena-ir-pupelemis-85-g-kopeeri\/\",\"name\":\"Prospera Plus 1+ suaugusiems, su vi\u0161tiena ir pupel\u0117mis, 24x 85g - MiuMjau\",\"isPartOf\":{\"@id\":\"https:\/\/miumjau.ee\/#website\"},\"primaryImageOfPage\":{\"@id\":\"https:\/\/miumjau.ee\/lt\/produktas\/prospera-plus-1-suaugusiems-su-vistiena-ir-pupelemis-85-g-kopeeri\/#primaryimage\"},\"image\":{\"@id\":\"https:\/\/miumjau.ee\/lt\/produktas\/prospera-plus-1-suaugusiems-su-vistiena-ir-pupelemis-85-g-kopeeri\/#primaryimage\"},\"thumbnailUrl\":\"https:\/\/miumjau.ee\/wp-content\/uploads\/2025\/12\/prospera-plus-kassitoit-multipakk14.png\",\"datePublished\":\"2025-12-01T13:51:30+00:00\",\"dateModified\":\"2026-01-07T18:47:31+00:00\",\"breadcrumb\":{\"@id\":\"https:\/\/miumjau.ee\/lt\/produktas\/prospera-plus-1-suaugusiems-su-vistiena-ir-pupelemis-85-g-kopeeri\/#breadcrumb\"},\"inLanguage\":\"lt-LT\",\"potentialAction\":[{\"@type\":\"ReadAction\",\"target\":[\"https:\/\/miumjau.ee\/lt\/produktas\/prospera-plus-1-suaugusiems-su-vistiena-ir-pupelemis-85-g-kopeeri\/\"]}]},{\"@type\":\"ImageObject\",\"inLanguage\":\"lt-LT\",\"@id\":\"https:\/\/miumjau.ee\/lt\/produktas\/prospera-plus-1-suaugusiems-su-vistiena-ir-pupelemis-85-g-kopeeri\/#primaryimage\",\"url\":\"https:\/\/miumjau.ee\/wp-content\/uploads\/2025\/12\/prospera-plus-kassitoit-multipakk14.png\",\"contentUrl\":\"https:\/\/miumjau.ee\/wp-content\/uploads\/2025\/12\/prospera-plus-kassitoit-multipakk14.png\",\"width\":600,\"height\":800,\"caption\":\"Prospera Plus 1+ t\u00e4iskasvanule, kana ja oad, 24x 85g\"},{\"@type\":\"BreadcrumbList\",\"@id\":\"https:\/\/miumjau.ee\/lt\/produktas\/prospera-plus-1-suaugusiems-su-vistiena-ir-pupelemis-85-g-kopeeri\/#breadcrumb\",\"itemListElement\":[{\"@type\":\"ListItem\",\"position\":1,\"name\":\"Home\",\"item\":\"https:\/\/miumjau.ee\/lt\/\"},{\"@type\":\"ListItem\",\"position\":2,\"name\":\"Parduotuv\u0117\",\"item\":\"https:\/\/miumjau.ee\/lt\/parduotuve\/\"},{\"@type\":\"ListItem\",\"position\":3,\"name\":\"Prospera Plus 1+ suaugusiems, su vi\u0161tiena ir pupel\u0117mis, 24x 85g\"}]},{\"@type\":\"WebSite\",\"@id\":\"https:\/\/miumjau.ee\/#website\",\"url\":\"https:\/\/miumjau.ee\/\",\"name\":\"MiuMjau\",\"description\":\"Kraapimispuud kassidele\",\"publisher\":{\"@id\":\"https:\/\/miumjau.ee\/#organization\"},\"potentialAction\":[{\"@type\":\"SearchAction\",\"target\":{\"@type\":\"EntryPoint\",\"urlTemplate\":\"https:\/\/miumjau.ee\/?s={search_term_string}\"},\"query-input\":{\"@type\":\"PropertyValueSpecification\",\"valueRequired\":true,\"valueName\":\"search_term_string\"}}],\"inLanguage\":\"lt-LT\"},{\"@type\":\"Organization\",\"@id\":\"https:\/\/miumjau.ee\/#organization\",\"name\":\"MiuMjau O\u00dc\",\"url\":\"https:\/\/miumjau.ee\/\",\"logo\":{\"@type\":\"ImageObject\",\"inLanguage\":\"lt-LT\",\"@id\":\"https:\/\/miumjau.ee\/#\/schema\/logo\/image\/\",\"url\":\"https:\/\/miumjau.ee\/wp-content\/uploads\/2022\/04\/MiuMjau-logo-kollane.png\",\"contentUrl\":\"https:\/\/miumjau.ee\/wp-content\/uploads\/2022\/04\/MiuMjau-logo-kollane.png\",\"width\":219,\"height\":100,\"caption\":\"MiuMjau O\u00dc\"},\"image\":{\"@id\":\"https:\/\/miumjau.ee\/#\/schema\/logo\/image\/\"},\"sameAs\":[\"https:\/\/www.facebook.com\/miumjaupood\/\"]}]}<\/script>\n<!-- \/ Yoast SEO plugin. -->","yoast_head_json":{"title":"Prospera Plus 1+ suaugusiems, su vi\u0161tiena ir pupel\u0117mis, 24x 85g - MiuMjau","robots":{"index":"index","follow":"follow","max-snippet":"max-snippet:-1","max-image-preview":"max-image-preview:large","max-video-preview":"max-video-preview:-1"},"canonical":"https:\/\/miumjau.ee\/lt\/produktas\/prospera-plus-1-suaugusiems-su-vistiena-ir-pupelemis-85-g-kopeeri\/","og_locale":"lt_LT","og_type":"article","og_title":"Prospera Plus 1+ suaugusiems, su vi\u0161tiena ir pupel\u0117mis, 24x 85g - MiuMjau","og_description":"Visavertis ir subalansuotas konservu pa\u0161aras su vi\u0161tiena ir pupel\u0117mis pada\u017ee kat\u0117ms nuo 1 met\u0173. Suteikia j\u016bs\u0173 katei visavert\u0119 ir sveik\u0105 mityb\u0105.Sud\u0117tyje yra taurino \u2013 nepakei\u010diamos aminor\u016bg\u0161ties, svarbios kat\u0117s \u0161irdies ir reg\u0117jimo sveikatai.Auk\u0161tos kokyb\u0117s ir lengvai vir\u0161kinamos maistin\u0117s med\u017eiagos padeda palaikyti raumen\u0173 sveikat\u0105 ir kailio b\u016bkl\u0119.Skan\u016bs m\u0117sos ir dar\u017eovi\u0173 gabal\u0117liai pada\u017ee patiks net i\u0161rankiausiems augintiniams.Padeda palaikyti sveik\u0105 \u017earnyno mikroflor\u0105.Be sojos, gr\u016bd\u0173 ir prid\u0117tinio cukraus. Sud\u0117tis: m\u0117sa ir gyv\u016bnin\u0117s kilm\u0117s produktai (88% fil\u0117*, i\u0161 kuri\u0173 40,6% vi\u0161tiena, 27% kiaul\u0117s kepenys, 14,4% kiauliena, 6% jautiena*), 1,5% mineralin\u0117s med\u017eiagos, augaliniai produktai (0,6% krakmolas, 0,5% skaidulos, 0,4% cikorij\u0173 inulinas), aliejai ir riebalai, dar\u017eov\u0117s (0,45% d\u017eiovintos \u017ealios pupel\u0117s, atitinka 4% \u017eali\u0173j\u0173 pupeli\u0173). *Fil\u0117 paprastai sudaro 34,5% produkto. Analitin\u0117 sud\u0117tis: \u017eali baltymai 10%, \u017eali riebalai 4%, \u017eali pelenai 2%, \u017ealios skaidulos 0,4%, omega-3 riebal\u0173 r\u016bg\u0161tys 0,15%, omega-6 riebal\u0173 r\u016bg\u0161tys 0,8%, dr\u0117gm\u0117 80%.","og_url":"https:\/\/miumjau.ee\/lt\/produktas\/prospera-plus-1-suaugusiems-su-vistiena-ir-pupelemis-85-g-kopeeri\/","og_site_name":"MiuMjau","article_publisher":"https:\/\/www.facebook.com\/miumjaupood\/","article_modified_time":"2026-01-07T18:47:31+00:00","og_image":[{"width":600,"height":800,"url":"https:\/\/miumjau.ee\/wp-content\/uploads\/2025\/12\/prospera-plus-kassitoit-multipakk14.png","type":"image\/png"}],"twitter_card":"summary_large_image","schema":{"@context":"https:\/\/schema.org","@graph":[{"@type":"WebPage","@id":"https:\/\/miumjau.ee\/lt\/produktas\/prospera-plus-1-suaugusiems-su-vistiena-ir-pupelemis-85-g-kopeeri\/","url":"https:\/\/miumjau.ee\/lt\/produktas\/prospera-plus-1-suaugusiems-su-vistiena-ir-pupelemis-85-g-kopeeri\/","name":"Prospera Plus 1+ suaugusiems, su vi\u0161tiena ir pupel\u0117mis, 24x 85g - MiuMjau","isPartOf":{"@id":"https:\/\/miumjau.ee\/#website"},"primaryImageOfPage":{"@id":"https:\/\/miumjau.ee\/lt\/produktas\/prospera-plus-1-suaugusiems-su-vistiena-ir-pupelemis-85-g-kopeeri\/#primaryimage"},"image":{"@id":"https:\/\/miumjau.ee\/lt\/produktas\/prospera-plus-1-suaugusiems-su-vistiena-ir-pupelemis-85-g-kopeeri\/#primaryimage"},"thumbnailUrl":"https:\/\/miumjau.ee\/wp-content\/uploads\/2025\/12\/prospera-plus-kassitoit-multipakk14.png","datePublished":"2025-12-01T13:51:30+00:00","dateModified":"2026-01-07T18:47:31+00:00","breadcrumb":{"@id":"https:\/\/miumjau.ee\/lt\/produktas\/prospera-plus-1-suaugusiems-su-vistiena-ir-pupelemis-85-g-kopeeri\/#breadcrumb"},"inLanguage":"lt-LT","potentialAction":[{"@type":"ReadAction","target":["https:\/\/miumjau.ee\/lt\/produktas\/prospera-plus-1-suaugusiems-su-vistiena-ir-pupelemis-85-g-kopeeri\/"]}]},{"@type":"ImageObject","inLanguage":"lt-LT","@id":"https:\/\/miumjau.ee\/lt\/produktas\/prospera-plus-1-suaugusiems-su-vistiena-ir-pupelemis-85-g-kopeeri\/#primaryimage","url":"https:\/\/miumjau.ee\/wp-content\/uploads\/2025\/12\/prospera-plus-kassitoit-multipakk14.png","contentUrl":"https:\/\/miumjau.ee\/wp-content\/uploads\/2025\/12\/prospera-plus-kassitoit-multipakk14.png","width":600,"height":800,"caption":"Prospera Plus 1+ t\u00e4iskasvanule, kana ja oad, 24x 85g"},{"@type":"BreadcrumbList","@id":"https:\/\/miumjau.ee\/lt\/produktas\/prospera-plus-1-suaugusiems-su-vistiena-ir-pupelemis-85-g-kopeeri\/#breadcrumb","itemListElement":[{"@type":"ListItem","position":1,"name":"Home","item":"https:\/\/miumjau.ee\/lt\/"},{"@type":"ListItem","position":2,"name":"Parduotuv\u0117","item":"https:\/\/miumjau.ee\/lt\/parduotuve\/"},{"@type":"ListItem","position":3,"name":"Prospera Plus 1+ suaugusiems, su vi\u0161tiena ir pupel\u0117mis, 24x 85g"}]},{"@type":"WebSite","@id":"https:\/\/miumjau.ee\/#website","url":"https:\/\/miumjau.ee\/","name":"MiuMjau","description":"Kraapimispuud kassidele","publisher":{"@id":"https:\/\/miumjau.ee\/#organization"},"potentialAction":[{"@type":"SearchAction","target":{"@type":"EntryPoint","urlTemplate":"https:\/\/miumjau.ee\/?s={search_term_string}"},"query-input":{"@type":"PropertyValueSpecification","valueRequired":true,"valueName":"search_term_string"}}],"inLanguage":"lt-LT"},{"@type":"Organization","@id":"https:\/\/miumjau.ee\/#organization","name":"MiuMjau O\u00dc","url":"https:\/\/miumjau.ee\/","logo":{"@type":"ImageObject","inLanguage":"lt-LT","@id":"https:\/\/miumjau.ee\/#\/schema\/logo\/image\/","url":"https:\/\/miumjau.ee\/wp-content\/uploads\/2022\/04\/MiuMjau-logo-kollane.png","contentUrl":"https:\/\/miumjau.ee\/wp-content\/uploads\/2022\/04\/MiuMjau-logo-kollane.png","width":219,"height":100,"caption":"MiuMjau O\u00dc"},"image":{"@id":"https:\/\/miumjau.ee\/#\/schema\/logo\/image\/"},"sameAs":["https:\/\/www.facebook.com\/miumjaupood\/"]}]}},"_links":{"self":[{"href":"https:\/\/miumjau.ee\/lt\/wp-json\/wp\/v2\/product\/46206","targetHints":{"allow":["GET"]}}],"collection":[{"href":"https:\/\/miumjau.ee\/lt\/wp-json\/wp\/v2\/product"}],"about":[{"href":"https:\/\/miumjau.ee\/lt\/wp-json\/wp\/v2\/types\/product"}],"wp:featuredmedia":[{"embeddable":true,"href":"https:\/\/miumjau.ee\/lt\/wp-json\/wp\/v2\/media\/46303"}],"wp:attachment":[{"href":"https:\/\/miumjau.ee\/lt\/wp-json\/wp\/v2\/media?parent=46206"}],"wp:term":[{"taxonomy":"product_brand","embeddable":true,"href":"https:\/\/miumjau.ee\/lt\/wp-json\/wp\/v2\/product_brand?post=46206"},{"taxonomy":"product_cat","embeddable":true,"href":"https:\/\/miumjau.ee\/lt\/wp-json\/wp\/v2\/product_cat?post=46206"},{"taxonomy":"product_tag","embeddable":true,"href":"https:\/\/miumjau.ee\/lt\/wp-json\/wp\/v2\/product_tag?post=46206"}],"curies":[{"name":"wp","href":"https:\/\/api.w.org\/{rel}","templated":true}]}}