{"id":46169,"date":"2025-09-16T10:57:22","date_gmt":"2025-09-16T07:57:22","guid":{"rendered":"https:\/\/miumjau.ee\/toode\/prospera-plus-ster-1-su-tunu-ir-zaliosiomis-pupelemis-85-g\/"},"modified":"2026-01-07T20:47:46","modified_gmt":"2026-01-07T18:47:46","slug":"prospera-plus-ster-1-su-tunu-ir-zaliosiomis-pupelemis-85-g","status":"publish","type":"product","link":"https:\/\/miumjau.ee\/lt\/produktas\/prospera-plus-ster-1-su-tunu-ir-zaliosiomis-pupelemis-85-g\/","title":{"rendered":"Prospera Plus ster. 1+, su tunu ir \u017ealiosiomis pupel\u0117mis, 85 g"},"content":{"rendered":"","protected":false},"excerpt":{"rendered":"<p data-start=\"2810\" data-end=\"2942\">Visavertis ir subalansuotas konservu pa\u0161aras su tunu ir \u017eali\u0173j\u0173 pupeli\u0173 pada\u017ee sterilizuotoms ir nesterilizuotoms kat\u0117ms nuo 1 met\u0173.<\/p>\n<p data-start=\"2944\" data-end=\"3364\">Suteikia j\u016bs\u0173 katei reikaling\u0105 sveik\u0105 mityb\u0105.<br data-start=\"2989\" data-end=\"2992\" \/>Sud\u0117tyje yra taurino \u2013 nepakei\u010diamos aminor\u016bg\u0161ties, svarbios \u0161irdies ir reg\u0117jimo sveikatai.<br data-start=\"3083\" data-end=\"3086\" \/>Auk\u0161tos kokyb\u0117s ir lengvai vir\u0161kinamos maisto med\u017eiagos padeda palaikyti raumen\u0173 sveikat\u0105 ir kailio b\u016bkl\u0119.<br data-start=\"3192\" data-end=\"3195\" \/>Skan\u016bs m\u0117sos ir dar\u017eovi\u0173 gabal\u0117liai pada\u017ee patiks net i\u0161rankiausiems augintiniams.<br data-start=\"3277\" data-end=\"3280\" \/>Padeda palaikyti sveik\u0105 \u017earnyno mikroflor\u0105.<br data-start=\"3323\" data-end=\"3326\" \/>Be sojos, gr\u016bd\u0173 ir prid\u0117tinio cukraus.<\/p>\n<p data-start=\"3366\" data-end=\"3808\"><strong data-start=\"3366\" data-end=\"3378\">Sud\u0117tis:<\/strong> m\u0117sa ir gyv\u016bnin\u0117s kilm\u0117s produktai (73,5 % fil\u0117*, i\u0161 j\u0173 27 % kiaulienos kepenys, 25 % vi\u0161tiena, 15,5 % kiauliena, 6 % jautiena*), \u017euvis ir \u017euv\u0173 produktai (14,5 % tuno fil\u0117*), 1,7 % mineralai, augalin\u0117s kilm\u0117s produktai (0,6 % krakmolas, 0,8 % skaidulos, 0,4 % inulinas i\u0161 cikorij\u0173), aliejai ir riebalai, dar\u017eov\u0117s (0,45 % d\u017eiovintos \u017ealiosios pupel\u0117s, atitinka 4 % \u0161vie\u017ei\u0173 \u017eali\u0173j\u0173 pupeli\u0173). *Fil\u0117 paprastai sudaro 34,5 % produkto.<\/p>\n<p data-start=\"3810\" data-end=\"3978\"><strong data-start=\"3810\" data-end=\"3832\">Analitin\u0117 sud\u0117tis:<\/strong> \u017ealiosios baltymai 10 %, riebalai 3 %, pelenai 1,9 %, l\u0105steliena 1 %, omega-3 riebal\u0173 r\u016bg\u0161tys 0,15 %, omega-6 riebal\u0173 r\u016bg\u0161tys 0,8 %, dr\u0117gm\u0117 82 %.<\/p>\n","protected":false},"featured_media":42216,"template":"","meta":[],"product_brand":[],"product_cat":[526],"product_tag":[],"class_list":{"0":"post-46169","1":"product","2":"type-product","3":"status-publish","4":"has-post-thumbnail","6":"product_cat-slapias-maistas","8":"first","9":"instock","10":"taxable","11":"shipping-taxable","12":"purchasable","13":"product-type-simple"},"yoast_head":"<!-- This site is optimized with the Yoast SEO plugin v27.4 - https:\/\/yoast.com\/product\/yoast-seo-wordpress\/ -->\n<title>Prospera Plus ster. 1+, su tunu ir \u017ealiosiomis pupel\u0117mis, 85 g - MiuMjau<\/title>\n<meta name=\"robots\" content=\"index, follow, max-snippet:-1, max-image-preview:large, max-video-preview:-1\" \/>\n<link rel=\"canonical\" href=\"https:\/\/miumjau.ee\/lt\/produktas\/prospera-plus-ster-1-su-tunu-ir-zaliosiomis-pupelemis-85-g\/\" \/>\n<meta property=\"og:locale\" content=\"lt_LT\" \/>\n<meta property=\"og:type\" content=\"article\" \/>\n<meta property=\"og:title\" content=\"Prospera Plus ster. 1+, su tunu ir \u017ealiosiomis pupel\u0117mis, 85 g - MiuMjau\" \/>\n<meta property=\"og:description\" content=\"Visavertis ir subalansuotas konservu pa\u0161aras su tunu ir \u017eali\u0173j\u0173 pupeli\u0173 pada\u017ee sterilizuotoms ir nesterilizuotoms kat\u0117ms nuo 1 met\u0173. Suteikia j\u016bs\u0173 katei reikaling\u0105 sveik\u0105 mityb\u0105.Sud\u0117tyje yra taurino \u2013 nepakei\u010diamos aminor\u016bg\u0161ties, svarbios \u0161irdies ir reg\u0117jimo sveikatai.Auk\u0161tos kokyb\u0117s ir lengvai vir\u0161kinamos maisto med\u017eiagos padeda palaikyti raumen\u0173 sveikat\u0105 ir kailio b\u016bkl\u0119.Skan\u016bs m\u0117sos ir dar\u017eovi\u0173 gabal\u0117liai pada\u017ee patiks net i\u0161rankiausiems augintiniams.Padeda palaikyti sveik\u0105 \u017earnyno mikroflor\u0105.Be sojos, gr\u016bd\u0173 ir prid\u0117tinio cukraus. Sud\u0117tis: m\u0117sa ir gyv\u016bnin\u0117s kilm\u0117s produktai (73,5 % fil\u0117*, i\u0161 j\u0173 27 % kiaulienos kepenys, 25 % vi\u0161tiena, 15,5 % kiauliena, 6 % jautiena*), \u017euvis ir \u017euv\u0173 produktai (14,5 % tuno fil\u0117*), 1,7 % mineralai, augalin\u0117s kilm\u0117s produktai (0,6 % krakmolas, 0,8 % skaidulos, 0,4 % inulinas i\u0161 cikorij\u0173), aliejai ir riebalai, dar\u017eov\u0117s (0,45 % d\u017eiovintos \u017ealiosios pupel\u0117s, atitinka 4 % \u0161vie\u017ei\u0173 \u017eali\u0173j\u0173 pupeli\u0173). *Fil\u0117 paprastai sudaro 34,5 % produkto. Analitin\u0117 sud\u0117tis: \u017ealiosios baltymai 10 %, riebalai 3 %, pelenai 1,9 %, l\u0105steliena 1 %, omega-3 riebal\u0173 r\u016bg\u0161tys 0,15 %, omega-6 riebal\u0173 r\u016bg\u0161tys 0,8 %, dr\u0117gm\u0117 82 %.\" \/>\n<meta property=\"og:url\" content=\"https:\/\/miumjau.ee\/lt\/produktas\/prospera-plus-ster-1-su-tunu-ir-zaliosiomis-pupelemis-85-g\/\" \/>\n<meta property=\"og:site_name\" content=\"MiuMjau\" \/>\n<meta property=\"article:publisher\" content=\"https:\/\/www.facebook.com\/miumjaupood\/\" \/>\n<meta property=\"article:modified_time\" content=\"2026-01-07T18:47:46+00:00\" \/>\n<meta property=\"og:image\" content=\"https:\/\/miumjau.ee\/wp-content\/uploads\/2025\/09\/prospera-konservid-kassidele-85g-8.jpg\" \/>\n\t<meta property=\"og:image:width\" content=\"460\" \/>\n\t<meta property=\"og:image:height\" content=\"650\" \/>\n\t<meta property=\"og:image:type\" content=\"image\/jpeg\" \/>\n<meta name=\"twitter:card\" content=\"summary_large_image\" \/>\n<script type=\"application\/ld+json\" class=\"yoast-schema-graph\">{\"@context\":\"https:\\\/\\\/schema.org\",\"@graph\":[{\"@type\":\"WebPage\",\"@id\":\"https:\\\/\\\/miumjau.ee\\\/lt\\\/produktas\\\/prospera-plus-ster-1-su-tunu-ir-zaliosiomis-pupelemis-85-g\\\/\",\"url\":\"https:\\\/\\\/miumjau.ee\\\/lt\\\/produktas\\\/prospera-plus-ster-1-su-tunu-ir-zaliosiomis-pupelemis-85-g\\\/\",\"name\":\"Prospera Plus ster. 1+, su tunu ir \u017ealiosiomis pupel\u0117mis, 85 g - MiuMjau\",\"isPartOf\":{\"@id\":\"https:\\\/\\\/miumjau.ee\\\/#website\"},\"primaryImageOfPage\":{\"@id\":\"https:\\\/\\\/miumjau.ee\\\/lt\\\/produktas\\\/prospera-plus-ster-1-su-tunu-ir-zaliosiomis-pupelemis-85-g\\\/#primaryimage\"},\"image\":{\"@id\":\"https:\\\/\\\/miumjau.ee\\\/lt\\\/produktas\\\/prospera-plus-ster-1-su-tunu-ir-zaliosiomis-pupelemis-85-g\\\/#primaryimage\"},\"thumbnailUrl\":\"https:\\\/\\\/miumjau.ee\\\/wp-content\\\/uploads\\\/2025\\\/09\\\/prospera-konservid-kassidele-85g-8.jpg\",\"datePublished\":\"2025-09-16T07:57:22+00:00\",\"dateModified\":\"2026-01-07T18:47:46+00:00\",\"breadcrumb\":{\"@id\":\"https:\\\/\\\/miumjau.ee\\\/lt\\\/produktas\\\/prospera-plus-ster-1-su-tunu-ir-zaliosiomis-pupelemis-85-g\\\/#breadcrumb\"},\"inLanguage\":\"lt-LT\",\"potentialAction\":[{\"@type\":\"ReadAction\",\"target\":[\"https:\\\/\\\/miumjau.ee\\\/lt\\\/produktas\\\/prospera-plus-ster-1-su-tunu-ir-zaliosiomis-pupelemis-85-g\\\/\"]}]},{\"@type\":\"ImageObject\",\"inLanguage\":\"lt-LT\",\"@id\":\"https:\\\/\\\/miumjau.ee\\\/lt\\\/produktas\\\/prospera-plus-ster-1-su-tunu-ir-zaliosiomis-pupelemis-85-g\\\/#primaryimage\",\"url\":\"https:\\\/\\\/miumjau.ee\\\/wp-content\\\/uploads\\\/2025\\\/09\\\/prospera-konservid-kassidele-85g-8.jpg\",\"contentUrl\":\"https:\\\/\\\/miumjau.ee\\\/wp-content\\\/uploads\\\/2025\\\/09\\\/prospera-konservid-kassidele-85g-8.jpg\",\"width\":460,\"height\":650,\"caption\":\"Prospera Plus ster. 1+, tuunikala ja ubadega, 85g\"},{\"@type\":\"BreadcrumbList\",\"@id\":\"https:\\\/\\\/miumjau.ee\\\/lt\\\/produktas\\\/prospera-plus-ster-1-su-tunu-ir-zaliosiomis-pupelemis-85-g\\\/#breadcrumb\",\"itemListElement\":[{\"@type\":\"ListItem\",\"position\":1,\"name\":\"Home\",\"item\":\"https:\\\/\\\/miumjau.ee\\\/lt\\\/\"},{\"@type\":\"ListItem\",\"position\":2,\"name\":\"Parduotuv\u0117\",\"item\":\"https:\\\/\\\/miumjau.ee\\\/lt\\\/parduotuve\\\/\"},{\"@type\":\"ListItem\",\"position\":3,\"name\":\"Prospera Plus ster. 1+, su tunu ir \u017ealiosiomis pupel\u0117mis, 85 g\"}]},{\"@type\":\"WebSite\",\"@id\":\"https:\\\/\\\/miumjau.ee\\\/#website\",\"url\":\"https:\\\/\\\/miumjau.ee\\\/\",\"name\":\"MiuMjau\",\"description\":\"Kraapimispuud kassidele\",\"publisher\":{\"@id\":\"https:\\\/\\\/miumjau.ee\\\/#organization\"},\"potentialAction\":[{\"@type\":\"SearchAction\",\"target\":{\"@type\":\"EntryPoint\",\"urlTemplate\":\"https:\\\/\\\/miumjau.ee\\\/?s={search_term_string}\"},\"query-input\":{\"@type\":\"PropertyValueSpecification\",\"valueRequired\":true,\"valueName\":\"search_term_string\"}}],\"inLanguage\":\"lt-LT\"},{\"@type\":\"Organization\",\"@id\":\"https:\\\/\\\/miumjau.ee\\\/#organization\",\"name\":\"MiuMjau O\u00dc\",\"url\":\"https:\\\/\\\/miumjau.ee\\\/\",\"logo\":{\"@type\":\"ImageObject\",\"inLanguage\":\"lt-LT\",\"@id\":\"https:\\\/\\\/miumjau.ee\\\/#\\\/schema\\\/logo\\\/image\\\/\",\"url\":\"https:\\\/\\\/miumjau.ee\\\/wp-content\\\/uploads\\\/2022\\\/04\\\/MiuMjau-logo-kollane.png\",\"contentUrl\":\"https:\\\/\\\/miumjau.ee\\\/wp-content\\\/uploads\\\/2022\\\/04\\\/MiuMjau-logo-kollane.png\",\"width\":219,\"height\":100,\"caption\":\"MiuMjau O\u00dc\"},\"image\":{\"@id\":\"https:\\\/\\\/miumjau.ee\\\/#\\\/schema\\\/logo\\\/image\\\/\"},\"sameAs\":[\"https:\\\/\\\/www.facebook.com\\\/miumjaupood\\\/\"]}]}<\/script>\n<!-- \/ Yoast SEO plugin. -->","yoast_head_json":{"title":"Prospera Plus ster. 1+, su tunu ir \u017ealiosiomis pupel\u0117mis, 85 g - MiuMjau","robots":{"index":"index","follow":"follow","max-snippet":"max-snippet:-1","max-image-preview":"max-image-preview:large","max-video-preview":"max-video-preview:-1"},"canonical":"https:\/\/miumjau.ee\/lt\/produktas\/prospera-plus-ster-1-su-tunu-ir-zaliosiomis-pupelemis-85-g\/","og_locale":"lt_LT","og_type":"article","og_title":"Prospera Plus ster. 1+, su tunu ir \u017ealiosiomis pupel\u0117mis, 85 g - MiuMjau","og_description":"Visavertis ir subalansuotas konservu pa\u0161aras su tunu ir \u017eali\u0173j\u0173 pupeli\u0173 pada\u017ee sterilizuotoms ir nesterilizuotoms kat\u0117ms nuo 1 met\u0173. Suteikia j\u016bs\u0173 katei reikaling\u0105 sveik\u0105 mityb\u0105.Sud\u0117tyje yra taurino \u2013 nepakei\u010diamos aminor\u016bg\u0161ties, svarbios \u0161irdies ir reg\u0117jimo sveikatai.Auk\u0161tos kokyb\u0117s ir lengvai vir\u0161kinamos maisto med\u017eiagos padeda palaikyti raumen\u0173 sveikat\u0105 ir kailio b\u016bkl\u0119.Skan\u016bs m\u0117sos ir dar\u017eovi\u0173 gabal\u0117liai pada\u017ee patiks net i\u0161rankiausiems augintiniams.Padeda palaikyti sveik\u0105 \u017earnyno mikroflor\u0105.Be sojos, gr\u016bd\u0173 ir prid\u0117tinio cukraus. Sud\u0117tis: m\u0117sa ir gyv\u016bnin\u0117s kilm\u0117s produktai (73,5 % fil\u0117*, i\u0161 j\u0173 27 % kiaulienos kepenys, 25 % vi\u0161tiena, 15,5 % kiauliena, 6 % jautiena*), \u017euvis ir \u017euv\u0173 produktai (14,5 % tuno fil\u0117*), 1,7 % mineralai, augalin\u0117s kilm\u0117s produktai (0,6 % krakmolas, 0,8 % skaidulos, 0,4 % inulinas i\u0161 cikorij\u0173), aliejai ir riebalai, dar\u017eov\u0117s (0,45 % d\u017eiovintos \u017ealiosios pupel\u0117s, atitinka 4 % \u0161vie\u017ei\u0173 \u017eali\u0173j\u0173 pupeli\u0173). *Fil\u0117 paprastai sudaro 34,5 % produkto. Analitin\u0117 sud\u0117tis: \u017ealiosios baltymai 10 %, riebalai 3 %, pelenai 1,9 %, l\u0105steliena 1 %, omega-3 riebal\u0173 r\u016bg\u0161tys 0,15 %, omega-6 riebal\u0173 r\u016bg\u0161tys 0,8 %, dr\u0117gm\u0117 82 %.","og_url":"https:\/\/miumjau.ee\/lt\/produktas\/prospera-plus-ster-1-su-tunu-ir-zaliosiomis-pupelemis-85-g\/","og_site_name":"MiuMjau","article_publisher":"https:\/\/www.facebook.com\/miumjaupood\/","article_modified_time":"2026-01-07T18:47:46+00:00","og_image":[{"width":460,"height":650,"url":"https:\/\/miumjau.ee\/wp-content\/uploads\/2025\/09\/prospera-konservid-kassidele-85g-8.jpg","type":"image\/jpeg"}],"twitter_card":"summary_large_image","schema":{"@context":"https:\/\/schema.org","@graph":[{"@type":"WebPage","@id":"https:\/\/miumjau.ee\/lt\/produktas\/prospera-plus-ster-1-su-tunu-ir-zaliosiomis-pupelemis-85-g\/","url":"https:\/\/miumjau.ee\/lt\/produktas\/prospera-plus-ster-1-su-tunu-ir-zaliosiomis-pupelemis-85-g\/","name":"Prospera Plus ster. 1+, su tunu ir \u017ealiosiomis pupel\u0117mis, 85 g - MiuMjau","isPartOf":{"@id":"https:\/\/miumjau.ee\/#website"},"primaryImageOfPage":{"@id":"https:\/\/miumjau.ee\/lt\/produktas\/prospera-plus-ster-1-su-tunu-ir-zaliosiomis-pupelemis-85-g\/#primaryimage"},"image":{"@id":"https:\/\/miumjau.ee\/lt\/produktas\/prospera-plus-ster-1-su-tunu-ir-zaliosiomis-pupelemis-85-g\/#primaryimage"},"thumbnailUrl":"https:\/\/miumjau.ee\/wp-content\/uploads\/2025\/09\/prospera-konservid-kassidele-85g-8.jpg","datePublished":"2025-09-16T07:57:22+00:00","dateModified":"2026-01-07T18:47:46+00:00","breadcrumb":{"@id":"https:\/\/miumjau.ee\/lt\/produktas\/prospera-plus-ster-1-su-tunu-ir-zaliosiomis-pupelemis-85-g\/#breadcrumb"},"inLanguage":"lt-LT","potentialAction":[{"@type":"ReadAction","target":["https:\/\/miumjau.ee\/lt\/produktas\/prospera-plus-ster-1-su-tunu-ir-zaliosiomis-pupelemis-85-g\/"]}]},{"@type":"ImageObject","inLanguage":"lt-LT","@id":"https:\/\/miumjau.ee\/lt\/produktas\/prospera-plus-ster-1-su-tunu-ir-zaliosiomis-pupelemis-85-g\/#primaryimage","url":"https:\/\/miumjau.ee\/wp-content\/uploads\/2025\/09\/prospera-konservid-kassidele-85g-8.jpg","contentUrl":"https:\/\/miumjau.ee\/wp-content\/uploads\/2025\/09\/prospera-konservid-kassidele-85g-8.jpg","width":460,"height":650,"caption":"Prospera Plus ster. 1+, tuunikala ja ubadega, 85g"},{"@type":"BreadcrumbList","@id":"https:\/\/miumjau.ee\/lt\/produktas\/prospera-plus-ster-1-su-tunu-ir-zaliosiomis-pupelemis-85-g\/#breadcrumb","itemListElement":[{"@type":"ListItem","position":1,"name":"Home","item":"https:\/\/miumjau.ee\/lt\/"},{"@type":"ListItem","position":2,"name":"Parduotuv\u0117","item":"https:\/\/miumjau.ee\/lt\/parduotuve\/"},{"@type":"ListItem","position":3,"name":"Prospera Plus ster. 1+, su tunu ir \u017ealiosiomis pupel\u0117mis, 85 g"}]},{"@type":"WebSite","@id":"https:\/\/miumjau.ee\/#website","url":"https:\/\/miumjau.ee\/","name":"MiuMjau","description":"Kraapimispuud kassidele","publisher":{"@id":"https:\/\/miumjau.ee\/#organization"},"potentialAction":[{"@type":"SearchAction","target":{"@type":"EntryPoint","urlTemplate":"https:\/\/miumjau.ee\/?s={search_term_string}"},"query-input":{"@type":"PropertyValueSpecification","valueRequired":true,"valueName":"search_term_string"}}],"inLanguage":"lt-LT"},{"@type":"Organization","@id":"https:\/\/miumjau.ee\/#organization","name":"MiuMjau O\u00dc","url":"https:\/\/miumjau.ee\/","logo":{"@type":"ImageObject","inLanguage":"lt-LT","@id":"https:\/\/miumjau.ee\/#\/schema\/logo\/image\/","url":"https:\/\/miumjau.ee\/wp-content\/uploads\/2022\/04\/MiuMjau-logo-kollane.png","contentUrl":"https:\/\/miumjau.ee\/wp-content\/uploads\/2022\/04\/MiuMjau-logo-kollane.png","width":219,"height":100,"caption":"MiuMjau O\u00dc"},"image":{"@id":"https:\/\/miumjau.ee\/#\/schema\/logo\/image\/"},"sameAs":["https:\/\/www.facebook.com\/miumjaupood\/"]}]}},"_links":{"self":[{"href":"https:\/\/miumjau.ee\/lt\/wp-json\/wp\/v2\/product\/46169","targetHints":{"allow":["GET"]}}],"collection":[{"href":"https:\/\/miumjau.ee\/lt\/wp-json\/wp\/v2\/product"}],"about":[{"href":"https:\/\/miumjau.ee\/lt\/wp-json\/wp\/v2\/types\/product"}],"wp:featuredmedia":[{"embeddable":true,"href":"https:\/\/miumjau.ee\/lt\/wp-json\/wp\/v2\/media\/42216"}],"wp:attachment":[{"href":"https:\/\/miumjau.ee\/lt\/wp-json\/wp\/v2\/media?parent=46169"}],"wp:term":[{"taxonomy":"product_brand","embeddable":true,"href":"https:\/\/miumjau.ee\/lt\/wp-json\/wp\/v2\/product_brand?post=46169"},{"taxonomy":"product_cat","embeddable":true,"href":"https:\/\/miumjau.ee\/lt\/wp-json\/wp\/v2\/product_cat?post=46169"},{"taxonomy":"product_tag","embeddable":true,"href":"https:\/\/miumjau.ee\/lt\/wp-json\/wp\/v2\/product_tag?post=46169"}],"curies":[{"name":"wp","href":"https:\/\/api.w.org\/{rel}","templated":true}]}}