{"id":46154,"date":"2025-09-16T10:57:45","date_gmt":"2025-09-16T07:57:45","guid":{"rendered":"https:\/\/miumjau.ee\/toode\/prospera-plus-ster-1-su-jautiena-ir-moliugu-85-g\/"},"modified":"2026-01-07T20:47:46","modified_gmt":"2026-01-07T18:47:46","slug":"prospera-plus-ster-1-su-jautiena-ir-moliugu-85-g","status":"publish","type":"product","link":"https:\/\/miumjau.ee\/lt\/produktas\/prospera-plus-ster-1-su-jautiena-ir-moliugu-85-g\/","title":{"rendered":"Prospera Plus ster. 1+, su jautiena ir moli\u016bgu, 85 g"},"content":{"rendered":"","protected":false},"excerpt":{"rendered":"<p data-start=\"2648\" data-end=\"2776\">Visavertis ir subalansuotas konservu pa\u0161aras su jautiena ir moli\u016bgu pada\u017ee sterilizuotoms ir nesterilizuotoms kat\u0117ms nuo 1 met\u0173.<\/p>\n<p data-start=\"2778\" data-end=\"3198\">Suteikia j\u016bs\u0173 katei reikaling\u0105 sveik\u0105 mityb\u0105.<br data-start=\"2823\" data-end=\"2826\" \/>Sud\u0117tyje yra taurino \u2013 nepakei\u010diamos aminor\u016bg\u0161ties, svarbios \u0161irdies ir reg\u0117jimo sveikatai.<br data-start=\"2917\" data-end=\"2920\" \/>Auk\u0161tos kokyb\u0117s ir lengvai vir\u0161kinamos maisto med\u017eiagos padeda palaikyti raumen\u0173 sveikat\u0105 ir kailio b\u016bkl\u0119.<br data-start=\"3026\" data-end=\"3029\" \/>Skan\u016bs m\u0117sos ir dar\u017eovi\u0173 gabal\u0117liai pada\u017ee patiks net i\u0161rankiausiems augintiniams.<br data-start=\"3111\" data-end=\"3114\" \/>Padeda palaikyti sveik\u0105 \u017earnyno mikroflor\u0105.<br data-start=\"3157\" data-end=\"3160\" \/>Be sojos, gr\u016bd\u0173 ir prid\u0117tinio cukraus.<\/p>\n<p data-start=\"3200\" data-end=\"3579\"><strong data-start=\"3200\" data-end=\"3212\">Sud\u0117tis:<\/strong> m\u0117sa ir gyv\u016bnin\u0117s kilm\u0117s produktai (88 % fil\u0117*, i\u0161 j\u0173 40,6 % jautiena, 27 % kiaulienos kepenys, 14,4 % vi\u0161tiena, 5 % jautiena*), 1,7 % mineralai, augalin\u0117s kilm\u0117s produktai (0,5 % krakmolas, 0,8 % skaidulos, 0,4 % inulinas i\u0161 cikorij\u0173), aliejai ir riebalai, dar\u017eov\u0117s (0,45 % d\u017eiovintas moli\u016bgas, atitinka 4 % \u0161vie\u017eio moli\u016bgo). *Fil\u0117 paprastai sudaro 34,5 % produkto.<\/p>\n<p data-start=\"3581\" data-end=\"3749\"><strong data-start=\"3581\" data-end=\"3603\">Analitin\u0117 sud\u0117tis:<\/strong> \u017ealiosios baltymai 10 %, riebalai 3 %, pelenai 1,9 %, l\u0105steliena 1 %, omega-3 riebal\u0173 r\u016bg\u0161tys 0,15 %, omega-6 riebal\u0173 r\u016bg\u0161tys 0,8 %, dr\u0117gm\u0117 82 %.<\/p>\n","protected":false},"featured_media":42214,"template":"","meta":[],"product_brand":[],"product_cat":[526],"product_tag":[],"class_list":{"0":"post-46154","1":"product","2":"type-product","3":"status-publish","4":"has-post-thumbnail","6":"product_cat-slapias-maistas","8":"first","9":"instock","10":"taxable","11":"shipping-taxable","12":"purchasable","13":"product-type-simple"},"yoast_head":"<!-- This site is optimized with the Yoast SEO plugin v27.4 - https:\/\/yoast.com\/product\/yoast-seo-wordpress\/ -->\n<title>Prospera Plus ster. 1+, su jautiena ir moli\u016bgu, 85 g - MiuMjau<\/title>\n<meta name=\"robots\" content=\"index, follow, max-snippet:-1, max-image-preview:large, max-video-preview:-1\" \/>\n<link rel=\"canonical\" href=\"https:\/\/miumjau.ee\/lt\/produktas\/prospera-plus-ster-1-su-jautiena-ir-moliugu-85-g\/\" \/>\n<meta property=\"og:locale\" content=\"lt_LT\" \/>\n<meta property=\"og:type\" content=\"article\" \/>\n<meta property=\"og:title\" content=\"Prospera Plus ster. 1+, su jautiena ir moli\u016bgu, 85 g - MiuMjau\" \/>\n<meta property=\"og:description\" content=\"Visavertis ir subalansuotas konservu pa\u0161aras su jautiena ir moli\u016bgu pada\u017ee sterilizuotoms ir nesterilizuotoms kat\u0117ms nuo 1 met\u0173. Suteikia j\u016bs\u0173 katei reikaling\u0105 sveik\u0105 mityb\u0105.Sud\u0117tyje yra taurino \u2013 nepakei\u010diamos aminor\u016bg\u0161ties, svarbios \u0161irdies ir reg\u0117jimo sveikatai.Auk\u0161tos kokyb\u0117s ir lengvai vir\u0161kinamos maisto med\u017eiagos padeda palaikyti raumen\u0173 sveikat\u0105 ir kailio b\u016bkl\u0119.Skan\u016bs m\u0117sos ir dar\u017eovi\u0173 gabal\u0117liai pada\u017ee patiks net i\u0161rankiausiems augintiniams.Padeda palaikyti sveik\u0105 \u017earnyno mikroflor\u0105.Be sojos, gr\u016bd\u0173 ir prid\u0117tinio cukraus. Sud\u0117tis: m\u0117sa ir gyv\u016bnin\u0117s kilm\u0117s produktai (88 % fil\u0117*, i\u0161 j\u0173 40,6 % jautiena, 27 % kiaulienos kepenys, 14,4 % vi\u0161tiena, 5 % jautiena*), 1,7 % mineralai, augalin\u0117s kilm\u0117s produktai (0,5 % krakmolas, 0,8 % skaidulos, 0,4 % inulinas i\u0161 cikorij\u0173), aliejai ir riebalai, dar\u017eov\u0117s (0,45 % d\u017eiovintas moli\u016bgas, atitinka 4 % \u0161vie\u017eio moli\u016bgo). *Fil\u0117 paprastai sudaro 34,5 % produkto. Analitin\u0117 sud\u0117tis: \u017ealiosios baltymai 10 %, riebalai 3 %, pelenai 1,9 %, l\u0105steliena 1 %, omega-3 riebal\u0173 r\u016bg\u0161tys 0,15 %, omega-6 riebal\u0173 r\u016bg\u0161tys 0,8 %, dr\u0117gm\u0117 82 %.\" \/>\n<meta property=\"og:url\" content=\"https:\/\/miumjau.ee\/lt\/produktas\/prospera-plus-ster-1-su-jautiena-ir-moliugu-85-g\/\" \/>\n<meta property=\"og:site_name\" content=\"MiuMjau\" \/>\n<meta property=\"article:publisher\" content=\"https:\/\/www.facebook.com\/miumjaupood\/\" \/>\n<meta property=\"article:modified_time\" content=\"2026-01-07T18:47:46+00:00\" \/>\n<meta property=\"og:image\" content=\"https:\/\/miumjau.ee\/wp-content\/uploads\/2025\/09\/prospera-konservid-kassidele-85g-6.jpg\" \/>\n\t<meta property=\"og:image:width\" content=\"460\" \/>\n\t<meta property=\"og:image:height\" content=\"650\" \/>\n\t<meta property=\"og:image:type\" content=\"image\/jpeg\" \/>\n<meta name=\"twitter:card\" content=\"summary_large_image\" \/>\n<script type=\"application\/ld+json\" class=\"yoast-schema-graph\">{\"@context\":\"https:\\\/\\\/schema.org\",\"@graph\":[{\"@type\":\"WebPage\",\"@id\":\"https:\\\/\\\/miumjau.ee\\\/lt\\\/produktas\\\/prospera-plus-ster-1-su-jautiena-ir-moliugu-85-g\\\/\",\"url\":\"https:\\\/\\\/miumjau.ee\\\/lt\\\/produktas\\\/prospera-plus-ster-1-su-jautiena-ir-moliugu-85-g\\\/\",\"name\":\"Prospera Plus ster. 1+, su jautiena ir moli\u016bgu, 85 g - MiuMjau\",\"isPartOf\":{\"@id\":\"https:\\\/\\\/miumjau.ee\\\/#website\"},\"primaryImageOfPage\":{\"@id\":\"https:\\\/\\\/miumjau.ee\\\/lt\\\/produktas\\\/prospera-plus-ster-1-su-jautiena-ir-moliugu-85-g\\\/#primaryimage\"},\"image\":{\"@id\":\"https:\\\/\\\/miumjau.ee\\\/lt\\\/produktas\\\/prospera-plus-ster-1-su-jautiena-ir-moliugu-85-g\\\/#primaryimage\"},\"thumbnailUrl\":\"https:\\\/\\\/miumjau.ee\\\/wp-content\\\/uploads\\\/2025\\\/09\\\/prospera-konservid-kassidele-85g-6.jpg\",\"datePublished\":\"2025-09-16T07:57:45+00:00\",\"dateModified\":\"2026-01-07T18:47:46+00:00\",\"breadcrumb\":{\"@id\":\"https:\\\/\\\/miumjau.ee\\\/lt\\\/produktas\\\/prospera-plus-ster-1-su-jautiena-ir-moliugu-85-g\\\/#breadcrumb\"},\"inLanguage\":\"lt-LT\",\"potentialAction\":[{\"@type\":\"ReadAction\",\"target\":[\"https:\\\/\\\/miumjau.ee\\\/lt\\\/produktas\\\/prospera-plus-ster-1-su-jautiena-ir-moliugu-85-g\\\/\"]}]},{\"@type\":\"ImageObject\",\"inLanguage\":\"lt-LT\",\"@id\":\"https:\\\/\\\/miumjau.ee\\\/lt\\\/produktas\\\/prospera-plus-ster-1-su-jautiena-ir-moliugu-85-g\\\/#primaryimage\",\"url\":\"https:\\\/\\\/miumjau.ee\\\/wp-content\\\/uploads\\\/2025\\\/09\\\/prospera-konservid-kassidele-85g-6.jpg\",\"contentUrl\":\"https:\\\/\\\/miumjau.ee\\\/wp-content\\\/uploads\\\/2025\\\/09\\\/prospera-konservid-kassidele-85g-6.jpg\",\"width\":460,\"height\":650,\"caption\":\"Prospera Plus ster. 1+, veise ja k\u00f5rvitsaga, 85g\"},{\"@type\":\"BreadcrumbList\",\"@id\":\"https:\\\/\\\/miumjau.ee\\\/lt\\\/produktas\\\/prospera-plus-ster-1-su-jautiena-ir-moliugu-85-g\\\/#breadcrumb\",\"itemListElement\":[{\"@type\":\"ListItem\",\"position\":1,\"name\":\"Home\",\"item\":\"https:\\\/\\\/miumjau.ee\\\/lt\\\/\"},{\"@type\":\"ListItem\",\"position\":2,\"name\":\"Parduotuv\u0117\",\"item\":\"https:\\\/\\\/miumjau.ee\\\/lt\\\/parduotuve\\\/\"},{\"@type\":\"ListItem\",\"position\":3,\"name\":\"Prospera Plus ster. 1+, su jautiena ir moli\u016bgu, 85 g\"}]},{\"@type\":\"WebSite\",\"@id\":\"https:\\\/\\\/miumjau.ee\\\/#website\",\"url\":\"https:\\\/\\\/miumjau.ee\\\/\",\"name\":\"MiuMjau\",\"description\":\"Kraapimispuud kassidele\",\"publisher\":{\"@id\":\"https:\\\/\\\/miumjau.ee\\\/#organization\"},\"potentialAction\":[{\"@type\":\"SearchAction\",\"target\":{\"@type\":\"EntryPoint\",\"urlTemplate\":\"https:\\\/\\\/miumjau.ee\\\/?s={search_term_string}\"},\"query-input\":{\"@type\":\"PropertyValueSpecification\",\"valueRequired\":true,\"valueName\":\"search_term_string\"}}],\"inLanguage\":\"lt-LT\"},{\"@type\":\"Organization\",\"@id\":\"https:\\\/\\\/miumjau.ee\\\/#organization\",\"name\":\"MiuMjau O\u00dc\",\"url\":\"https:\\\/\\\/miumjau.ee\\\/\",\"logo\":{\"@type\":\"ImageObject\",\"inLanguage\":\"lt-LT\",\"@id\":\"https:\\\/\\\/miumjau.ee\\\/#\\\/schema\\\/logo\\\/image\\\/\",\"url\":\"https:\\\/\\\/miumjau.ee\\\/wp-content\\\/uploads\\\/2022\\\/04\\\/MiuMjau-logo-kollane.png\",\"contentUrl\":\"https:\\\/\\\/miumjau.ee\\\/wp-content\\\/uploads\\\/2022\\\/04\\\/MiuMjau-logo-kollane.png\",\"width\":219,\"height\":100,\"caption\":\"MiuMjau O\u00dc\"},\"image\":{\"@id\":\"https:\\\/\\\/miumjau.ee\\\/#\\\/schema\\\/logo\\\/image\\\/\"},\"sameAs\":[\"https:\\\/\\\/www.facebook.com\\\/miumjaupood\\\/\"]}]}<\/script>\n<!-- \/ Yoast SEO plugin. -->","yoast_head_json":{"title":"Prospera Plus ster. 1+, su jautiena ir moli\u016bgu, 85 g - MiuMjau","robots":{"index":"index","follow":"follow","max-snippet":"max-snippet:-1","max-image-preview":"max-image-preview:large","max-video-preview":"max-video-preview:-1"},"canonical":"https:\/\/miumjau.ee\/lt\/produktas\/prospera-plus-ster-1-su-jautiena-ir-moliugu-85-g\/","og_locale":"lt_LT","og_type":"article","og_title":"Prospera Plus ster. 1+, su jautiena ir moli\u016bgu, 85 g - MiuMjau","og_description":"Visavertis ir subalansuotas konservu pa\u0161aras su jautiena ir moli\u016bgu pada\u017ee sterilizuotoms ir nesterilizuotoms kat\u0117ms nuo 1 met\u0173. Suteikia j\u016bs\u0173 katei reikaling\u0105 sveik\u0105 mityb\u0105.Sud\u0117tyje yra taurino \u2013 nepakei\u010diamos aminor\u016bg\u0161ties, svarbios \u0161irdies ir reg\u0117jimo sveikatai.Auk\u0161tos kokyb\u0117s ir lengvai vir\u0161kinamos maisto med\u017eiagos padeda palaikyti raumen\u0173 sveikat\u0105 ir kailio b\u016bkl\u0119.Skan\u016bs m\u0117sos ir dar\u017eovi\u0173 gabal\u0117liai pada\u017ee patiks net i\u0161rankiausiems augintiniams.Padeda palaikyti sveik\u0105 \u017earnyno mikroflor\u0105.Be sojos, gr\u016bd\u0173 ir prid\u0117tinio cukraus. Sud\u0117tis: m\u0117sa ir gyv\u016bnin\u0117s kilm\u0117s produktai (88 % fil\u0117*, i\u0161 j\u0173 40,6 % jautiena, 27 % kiaulienos kepenys, 14,4 % vi\u0161tiena, 5 % jautiena*), 1,7 % mineralai, augalin\u0117s kilm\u0117s produktai (0,5 % krakmolas, 0,8 % skaidulos, 0,4 % inulinas i\u0161 cikorij\u0173), aliejai ir riebalai, dar\u017eov\u0117s (0,45 % d\u017eiovintas moli\u016bgas, atitinka 4 % \u0161vie\u017eio moli\u016bgo). *Fil\u0117 paprastai sudaro 34,5 % produkto. Analitin\u0117 sud\u0117tis: \u017ealiosios baltymai 10 %, riebalai 3 %, pelenai 1,9 %, l\u0105steliena 1 %, omega-3 riebal\u0173 r\u016bg\u0161tys 0,15 %, omega-6 riebal\u0173 r\u016bg\u0161tys 0,8 %, dr\u0117gm\u0117 82 %.","og_url":"https:\/\/miumjau.ee\/lt\/produktas\/prospera-plus-ster-1-su-jautiena-ir-moliugu-85-g\/","og_site_name":"MiuMjau","article_publisher":"https:\/\/www.facebook.com\/miumjaupood\/","article_modified_time":"2026-01-07T18:47:46+00:00","og_image":[{"width":460,"height":650,"url":"https:\/\/miumjau.ee\/wp-content\/uploads\/2025\/09\/prospera-konservid-kassidele-85g-6.jpg","type":"image\/jpeg"}],"twitter_card":"summary_large_image","schema":{"@context":"https:\/\/schema.org","@graph":[{"@type":"WebPage","@id":"https:\/\/miumjau.ee\/lt\/produktas\/prospera-plus-ster-1-su-jautiena-ir-moliugu-85-g\/","url":"https:\/\/miumjau.ee\/lt\/produktas\/prospera-plus-ster-1-su-jautiena-ir-moliugu-85-g\/","name":"Prospera Plus ster. 1+, su jautiena ir moli\u016bgu, 85 g - MiuMjau","isPartOf":{"@id":"https:\/\/miumjau.ee\/#website"},"primaryImageOfPage":{"@id":"https:\/\/miumjau.ee\/lt\/produktas\/prospera-plus-ster-1-su-jautiena-ir-moliugu-85-g\/#primaryimage"},"image":{"@id":"https:\/\/miumjau.ee\/lt\/produktas\/prospera-plus-ster-1-su-jautiena-ir-moliugu-85-g\/#primaryimage"},"thumbnailUrl":"https:\/\/miumjau.ee\/wp-content\/uploads\/2025\/09\/prospera-konservid-kassidele-85g-6.jpg","datePublished":"2025-09-16T07:57:45+00:00","dateModified":"2026-01-07T18:47:46+00:00","breadcrumb":{"@id":"https:\/\/miumjau.ee\/lt\/produktas\/prospera-plus-ster-1-su-jautiena-ir-moliugu-85-g\/#breadcrumb"},"inLanguage":"lt-LT","potentialAction":[{"@type":"ReadAction","target":["https:\/\/miumjau.ee\/lt\/produktas\/prospera-plus-ster-1-su-jautiena-ir-moliugu-85-g\/"]}]},{"@type":"ImageObject","inLanguage":"lt-LT","@id":"https:\/\/miumjau.ee\/lt\/produktas\/prospera-plus-ster-1-su-jautiena-ir-moliugu-85-g\/#primaryimage","url":"https:\/\/miumjau.ee\/wp-content\/uploads\/2025\/09\/prospera-konservid-kassidele-85g-6.jpg","contentUrl":"https:\/\/miumjau.ee\/wp-content\/uploads\/2025\/09\/prospera-konservid-kassidele-85g-6.jpg","width":460,"height":650,"caption":"Prospera Plus ster. 1+, veise ja k\u00f5rvitsaga, 85g"},{"@type":"BreadcrumbList","@id":"https:\/\/miumjau.ee\/lt\/produktas\/prospera-plus-ster-1-su-jautiena-ir-moliugu-85-g\/#breadcrumb","itemListElement":[{"@type":"ListItem","position":1,"name":"Home","item":"https:\/\/miumjau.ee\/lt\/"},{"@type":"ListItem","position":2,"name":"Parduotuv\u0117","item":"https:\/\/miumjau.ee\/lt\/parduotuve\/"},{"@type":"ListItem","position":3,"name":"Prospera Plus ster. 1+, su jautiena ir moli\u016bgu, 85 g"}]},{"@type":"WebSite","@id":"https:\/\/miumjau.ee\/#website","url":"https:\/\/miumjau.ee\/","name":"MiuMjau","description":"Kraapimispuud kassidele","publisher":{"@id":"https:\/\/miumjau.ee\/#organization"},"potentialAction":[{"@type":"SearchAction","target":{"@type":"EntryPoint","urlTemplate":"https:\/\/miumjau.ee\/?s={search_term_string}"},"query-input":{"@type":"PropertyValueSpecification","valueRequired":true,"valueName":"search_term_string"}}],"inLanguage":"lt-LT"},{"@type":"Organization","@id":"https:\/\/miumjau.ee\/#organization","name":"MiuMjau O\u00dc","url":"https:\/\/miumjau.ee\/","logo":{"@type":"ImageObject","inLanguage":"lt-LT","@id":"https:\/\/miumjau.ee\/#\/schema\/logo\/image\/","url":"https:\/\/miumjau.ee\/wp-content\/uploads\/2022\/04\/MiuMjau-logo-kollane.png","contentUrl":"https:\/\/miumjau.ee\/wp-content\/uploads\/2022\/04\/MiuMjau-logo-kollane.png","width":219,"height":100,"caption":"MiuMjau O\u00dc"},"image":{"@id":"https:\/\/miumjau.ee\/#\/schema\/logo\/image\/"},"sameAs":["https:\/\/www.facebook.com\/miumjaupood\/"]}]}},"_links":{"self":[{"href":"https:\/\/miumjau.ee\/lt\/wp-json\/wp\/v2\/product\/46154","targetHints":{"allow":["GET"]}}],"collection":[{"href":"https:\/\/miumjau.ee\/lt\/wp-json\/wp\/v2\/product"}],"about":[{"href":"https:\/\/miumjau.ee\/lt\/wp-json\/wp\/v2\/types\/product"}],"wp:featuredmedia":[{"embeddable":true,"href":"https:\/\/miumjau.ee\/lt\/wp-json\/wp\/v2\/media\/42214"}],"wp:attachment":[{"href":"https:\/\/miumjau.ee\/lt\/wp-json\/wp\/v2\/media?parent=46154"}],"wp:term":[{"taxonomy":"product_brand","embeddable":true,"href":"https:\/\/miumjau.ee\/lt\/wp-json\/wp\/v2\/product_brand?post=46154"},{"taxonomy":"product_cat","embeddable":true,"href":"https:\/\/miumjau.ee\/lt\/wp-json\/wp\/v2\/product_cat?post=46154"},{"taxonomy":"product_tag","embeddable":true,"href":"https:\/\/miumjau.ee\/lt\/wp-json\/wp\/v2\/product_tag?post=46154"}],"curies":[{"name":"wp","href":"https:\/\/api.w.org\/{rel}","templated":true}]}}