{"id":46003,"date":"2025-04-30T13:24:41","date_gmt":"2025-04-30T10:24:41","guid":{"rendered":"https:\/\/miumjau.ee\/toode\/ontario-pastetas-sunims-versiena-zoleles-800-g\/"},"modified":"2026-01-07T20:47:46","modified_gmt":"2026-01-07T18:47:46","slug":"ontario-pastetas-sunims-versiena-zoleles-800-g","status":"publish","type":"product","link":"https:\/\/miumjau.ee\/lt\/produktas\/ontario-pastetas-sunims-versiena-zoleles-800-g\/","title":{"rendered":"Ontario pa\u0161tetas \u0161unims \u2013 ver\u0161iena &#038; \u017eolel\u0117s 800 g"},"content":{"rendered":"","protected":false},"excerpt":{"rendered":"<p data-start=\"3202\" data-end=\"3265\">Pilnavertis maistas vis\u0173 suaugusi\u0173 \u0161un\u0173 veisli\u0173 (nuo 1 met\u0173).<\/p>\n<p data-start=\"3267\" data-end=\"3590\">\u010ciobreliai ir rozmarinas yra turtingi fenolio r\u016bg\u0161timis ir flavonoidais, \u017einomais d\u0117l antioksidacini\u0173, antimikrobini\u0173 ir prie\u0161u\u017edegimini\u0173 savybi\u0173.<br data-start=\"3413\" data-end=\"3416\" \/>Sud\u0117tyje yra vitamin\u0173 ir mineral\u0173, padedan\u010di\u0173 \u0161uniui i\u0161laikyti ger\u0105 form\u0105. D3 vitaminas palaiko sveikus kaulus ir dantis, E vitaminas \u2013 normali\u0105 imunin\u0117s sistemos funkcij\u0105.<\/p>\n<p data-start=\"3592\" data-end=\"3805\"><strong data-start=\"3592\" data-end=\"3604\">Sud\u0117tis:<\/strong> ver\u0161iena 30 %, sultinys 27,2 %, kiauliena 23 %, vi\u0161tiena 11 %, jautiena 6 %, saul\u0117gr\u0105\u017e\u0173 aliejus 1,6 %, mineralai 0,7 %, inulinas 0,4 %, la\u0161i\u0161\u0173 aliejus 0,025 %, \u010diobreliai 0,025 %, rozmarinas 0,025 %<\/p>\n<p data-start=\"3807\" data-end=\"3917\"><strong data-start=\"3807\" data-end=\"3829\">Analitin\u0117 sud\u0117tis:<\/strong> \u017eali baltymai 11 %, \u017eali riebalai 6,5 %, pelenai 2,5 %, l\u0105steliena 0,6 %, dr\u0117gm\u0117 77 %<\/p>\n<p data-start=\"3919\" data-end=\"4147\"><strong data-start=\"3919\" data-end=\"3937\">Papildai 1 kg:<\/strong> D3 vitaminas 160 TV, E vitaminas 100 mg, cinkas (cinko sulfato monohidratas) 10 mg, manganas (mangano oksidas) 2 mg, varis (vario sulfato pentahidratas) 1,2 mg, jodas (kalcio jodatas) 0,2 mg, biotinas 100 \u00b5g<\/p>\n","protected":false},"featured_media":45996,"template":"","meta":[],"product_brand":[],"product_cat":[539],"product_tag":[],"class_list":{"0":"post-46003","1":"product","2":"type-product","3":"status-publish","4":"has-post-thumbnail","6":"product_cat-slapias-maistas-sunims","8":"first","9":"instock","10":"taxable","11":"shipping-taxable","12":"purchasable","13":"product-type-simple"},"yoast_head":"<!-- This site is optimized with the Yoast SEO plugin v27.2 - https:\/\/yoast.com\/product\/yoast-seo-wordpress\/ -->\n<title>Ontario pa\u0161tetas \u0161unims \u2013 ver\u0161iena &amp; \u017eolel\u0117s 800 g - MiuMjau<\/title>\n<meta name=\"robots\" content=\"index, follow, max-snippet:-1, max-image-preview:large, max-video-preview:-1\" \/>\n<link rel=\"canonical\" href=\"https:\/\/miumjau.ee\/lt\/produktas\/ontario-pastetas-sunims-versiena-zoleles-800-g\/\" \/>\n<meta property=\"og:locale\" content=\"lt_LT\" \/>\n<meta property=\"og:type\" content=\"article\" \/>\n<meta property=\"og:title\" content=\"Ontario pa\u0161tetas \u0161unims \u2013 ver\u0161iena &amp; \u017eolel\u0117s 800 g - MiuMjau\" \/>\n<meta property=\"og:description\" content=\"Pilnavertis maistas vis\u0173 suaugusi\u0173 \u0161un\u0173 veisli\u0173 (nuo 1 met\u0173). \u010ciobreliai ir rozmarinas yra turtingi fenolio r\u016bg\u0161timis ir flavonoidais, \u017einomais d\u0117l antioksidacini\u0173, antimikrobini\u0173 ir prie\u0161u\u017edegimini\u0173 savybi\u0173.Sud\u0117tyje yra vitamin\u0173 ir mineral\u0173, padedan\u010di\u0173 \u0161uniui i\u0161laikyti ger\u0105 form\u0105. D3 vitaminas palaiko sveikus kaulus ir dantis, E vitaminas \u2013 normali\u0105 imunin\u0117s sistemos funkcij\u0105. Sud\u0117tis: ver\u0161iena 30 %, sultinys 27,2 %, kiauliena 23 %, vi\u0161tiena 11 %, jautiena 6 %, saul\u0117gr\u0105\u017e\u0173 aliejus 1,6 %, mineralai 0,7 %, inulinas 0,4 %, la\u0161i\u0161\u0173 aliejus 0,025 %, \u010diobreliai 0,025 %, rozmarinas 0,025 % Analitin\u0117 sud\u0117tis: \u017eali baltymai 11 %, \u017eali riebalai 6,5 %, pelenai 2,5 %, l\u0105steliena 0,6 %, dr\u0117gm\u0117 77 % Papildai 1 kg: D3 vitaminas 160 TV, E vitaminas 100 mg, cinkas (cinko sulfato monohidratas) 10 mg, manganas (mangano oksidas) 2 mg, varis (vario sulfato pentahidratas) 1,2 mg, jodas (kalcio jodatas) 0,2 mg, biotinas 100 \u00b5g\" \/>\n<meta property=\"og:url\" content=\"https:\/\/miumjau.ee\/lt\/produktas\/ontario-pastetas-sunims-versiena-zoleles-800-g\/\" \/>\n<meta property=\"og:site_name\" content=\"MiuMjau\" \/>\n<meta property=\"article:publisher\" content=\"https:\/\/www.facebook.com\/miumjaupood\/\" \/>\n<meta property=\"article:modified_time\" content=\"2026-01-07T18:47:46+00:00\" \/>\n<meta property=\"og:image\" content=\"https:\/\/miumjau.ee\/wp-content\/uploads\/2025\/04\/21685-800x800-Photoroom.webp\" \/>\n\t<meta property=\"og:image:width\" content=\"1200\" \/>\n\t<meta property=\"og:image:height\" content=\"1600\" \/>\n\t<meta property=\"og:image:type\" content=\"image\/webp\" \/>\n<meta name=\"twitter:card\" content=\"summary_large_image\" \/>\n<script type=\"application\/ld+json\" class=\"yoast-schema-graph\">{\"@context\":\"https:\/\/schema.org\",\"@graph\":[{\"@type\":\"WebPage\",\"@id\":\"https:\/\/miumjau.ee\/lt\/produktas\/ontario-pastetas-sunims-versiena-zoleles-800-g\/\",\"url\":\"https:\/\/miumjau.ee\/lt\/produktas\/ontario-pastetas-sunims-versiena-zoleles-800-g\/\",\"name\":\"Ontario pa\u0161tetas \u0161unims \u2013 ver\u0161iena & \u017eolel\u0117s 800 g - MiuMjau\",\"isPartOf\":{\"@id\":\"https:\/\/miumjau.ee\/#website\"},\"primaryImageOfPage\":{\"@id\":\"https:\/\/miumjau.ee\/lt\/produktas\/ontario-pastetas-sunims-versiena-zoleles-800-g\/#primaryimage\"},\"image\":{\"@id\":\"https:\/\/miumjau.ee\/lt\/produktas\/ontario-pastetas-sunims-versiena-zoleles-800-g\/#primaryimage\"},\"thumbnailUrl\":\"https:\/\/miumjau.ee\/wp-content\/uploads\/2025\/04\/21685-800x800-Photoroom.webp\",\"datePublished\":\"2025-04-30T10:24:41+00:00\",\"dateModified\":\"2026-01-07T18:47:46+00:00\",\"breadcrumb\":{\"@id\":\"https:\/\/miumjau.ee\/lt\/produktas\/ontario-pastetas-sunims-versiena-zoleles-800-g\/#breadcrumb\"},\"inLanguage\":\"lt-LT\",\"potentialAction\":[{\"@type\":\"ReadAction\",\"target\":[\"https:\/\/miumjau.ee\/lt\/produktas\/ontario-pastetas-sunims-versiena-zoleles-800-g\/\"]}]},{\"@type\":\"ImageObject\",\"inLanguage\":\"lt-LT\",\"@id\":\"https:\/\/miumjau.ee\/lt\/produktas\/ontario-pastetas-sunims-versiena-zoleles-800-g\/#primaryimage\",\"url\":\"https:\/\/miumjau.ee\/wp-content\/uploads\/2025\/04\/21685-800x800-Photoroom.webp\",\"contentUrl\":\"https:\/\/miumjau.ee\/wp-content\/uploads\/2025\/04\/21685-800x800-Photoroom.webp\",\"width\":1200,\"height\":1600},{\"@type\":\"BreadcrumbList\",\"@id\":\"https:\/\/miumjau.ee\/lt\/produktas\/ontario-pastetas-sunims-versiena-zoleles-800-g\/#breadcrumb\",\"itemListElement\":[{\"@type\":\"ListItem\",\"position\":1,\"name\":\"Home\",\"item\":\"https:\/\/miumjau.ee\/lt\/\"},{\"@type\":\"ListItem\",\"position\":2,\"name\":\"Parduotuv\u0117\",\"item\":\"https:\/\/miumjau.ee\/lt\/parduotuve\/\"},{\"@type\":\"ListItem\",\"position\":3,\"name\":\"Ontario pa\u0161tetas \u0161unims \u2013 ver\u0161iena &#038; \u017eolel\u0117s 800 g\"}]},{\"@type\":\"WebSite\",\"@id\":\"https:\/\/miumjau.ee\/#website\",\"url\":\"https:\/\/miumjau.ee\/\",\"name\":\"MiuMjau\",\"description\":\"Kraapimispuud kassidele\",\"publisher\":{\"@id\":\"https:\/\/miumjau.ee\/#organization\"},\"potentialAction\":[{\"@type\":\"SearchAction\",\"target\":{\"@type\":\"EntryPoint\",\"urlTemplate\":\"https:\/\/miumjau.ee\/?s={search_term_string}\"},\"query-input\":{\"@type\":\"PropertyValueSpecification\",\"valueRequired\":true,\"valueName\":\"search_term_string\"}}],\"inLanguage\":\"lt-LT\"},{\"@type\":\"Organization\",\"@id\":\"https:\/\/miumjau.ee\/#organization\",\"name\":\"MiuMjau O\u00dc\",\"url\":\"https:\/\/miumjau.ee\/\",\"logo\":{\"@type\":\"ImageObject\",\"inLanguage\":\"lt-LT\",\"@id\":\"https:\/\/miumjau.ee\/#\/schema\/logo\/image\/\",\"url\":\"https:\/\/miumjau.ee\/wp-content\/uploads\/2022\/04\/MiuMjau-logo-kollane.png\",\"contentUrl\":\"https:\/\/miumjau.ee\/wp-content\/uploads\/2022\/04\/MiuMjau-logo-kollane.png\",\"width\":219,\"height\":100,\"caption\":\"MiuMjau O\u00dc\"},\"image\":{\"@id\":\"https:\/\/miumjau.ee\/#\/schema\/logo\/image\/\"},\"sameAs\":[\"https:\/\/www.facebook.com\/miumjaupood\/\"]}]}<\/script>\n<!-- \/ Yoast SEO plugin. -->","yoast_head_json":{"title":"Ontario pa\u0161tetas \u0161unims \u2013 ver\u0161iena & \u017eolel\u0117s 800 g - MiuMjau","robots":{"index":"index","follow":"follow","max-snippet":"max-snippet:-1","max-image-preview":"max-image-preview:large","max-video-preview":"max-video-preview:-1"},"canonical":"https:\/\/miumjau.ee\/lt\/produktas\/ontario-pastetas-sunims-versiena-zoleles-800-g\/","og_locale":"lt_LT","og_type":"article","og_title":"Ontario pa\u0161tetas \u0161unims \u2013 ver\u0161iena & \u017eolel\u0117s 800 g - MiuMjau","og_description":"Pilnavertis maistas vis\u0173 suaugusi\u0173 \u0161un\u0173 veisli\u0173 (nuo 1 met\u0173). \u010ciobreliai ir rozmarinas yra turtingi fenolio r\u016bg\u0161timis ir flavonoidais, \u017einomais d\u0117l antioksidacini\u0173, antimikrobini\u0173 ir prie\u0161u\u017edegimini\u0173 savybi\u0173.Sud\u0117tyje yra vitamin\u0173 ir mineral\u0173, padedan\u010di\u0173 \u0161uniui i\u0161laikyti ger\u0105 form\u0105. D3 vitaminas palaiko sveikus kaulus ir dantis, E vitaminas \u2013 normali\u0105 imunin\u0117s sistemos funkcij\u0105. Sud\u0117tis: ver\u0161iena 30 %, sultinys 27,2 %, kiauliena 23 %, vi\u0161tiena 11 %, jautiena 6 %, saul\u0117gr\u0105\u017e\u0173 aliejus 1,6 %, mineralai 0,7 %, inulinas 0,4 %, la\u0161i\u0161\u0173 aliejus 0,025 %, \u010diobreliai 0,025 %, rozmarinas 0,025 % Analitin\u0117 sud\u0117tis: \u017eali baltymai 11 %, \u017eali riebalai 6,5 %, pelenai 2,5 %, l\u0105steliena 0,6 %, dr\u0117gm\u0117 77 % Papildai 1 kg: D3 vitaminas 160 TV, E vitaminas 100 mg, cinkas (cinko sulfato monohidratas) 10 mg, manganas (mangano oksidas) 2 mg, varis (vario sulfato pentahidratas) 1,2 mg, jodas (kalcio jodatas) 0,2 mg, biotinas 100 \u00b5g","og_url":"https:\/\/miumjau.ee\/lt\/produktas\/ontario-pastetas-sunims-versiena-zoleles-800-g\/","og_site_name":"MiuMjau","article_publisher":"https:\/\/www.facebook.com\/miumjaupood\/","article_modified_time":"2026-01-07T18:47:46+00:00","og_image":[{"width":1200,"height":1600,"url":"https:\/\/miumjau.ee\/wp-content\/uploads\/2025\/04\/21685-800x800-Photoroom.webp","type":"image\/webp"}],"twitter_card":"summary_large_image","schema":{"@context":"https:\/\/schema.org","@graph":[{"@type":"WebPage","@id":"https:\/\/miumjau.ee\/lt\/produktas\/ontario-pastetas-sunims-versiena-zoleles-800-g\/","url":"https:\/\/miumjau.ee\/lt\/produktas\/ontario-pastetas-sunims-versiena-zoleles-800-g\/","name":"Ontario pa\u0161tetas \u0161unims \u2013 ver\u0161iena & \u017eolel\u0117s 800 g - MiuMjau","isPartOf":{"@id":"https:\/\/miumjau.ee\/#website"},"primaryImageOfPage":{"@id":"https:\/\/miumjau.ee\/lt\/produktas\/ontario-pastetas-sunims-versiena-zoleles-800-g\/#primaryimage"},"image":{"@id":"https:\/\/miumjau.ee\/lt\/produktas\/ontario-pastetas-sunims-versiena-zoleles-800-g\/#primaryimage"},"thumbnailUrl":"https:\/\/miumjau.ee\/wp-content\/uploads\/2025\/04\/21685-800x800-Photoroom.webp","datePublished":"2025-04-30T10:24:41+00:00","dateModified":"2026-01-07T18:47:46+00:00","breadcrumb":{"@id":"https:\/\/miumjau.ee\/lt\/produktas\/ontario-pastetas-sunims-versiena-zoleles-800-g\/#breadcrumb"},"inLanguage":"lt-LT","potentialAction":[{"@type":"ReadAction","target":["https:\/\/miumjau.ee\/lt\/produktas\/ontario-pastetas-sunims-versiena-zoleles-800-g\/"]}]},{"@type":"ImageObject","inLanguage":"lt-LT","@id":"https:\/\/miumjau.ee\/lt\/produktas\/ontario-pastetas-sunims-versiena-zoleles-800-g\/#primaryimage","url":"https:\/\/miumjau.ee\/wp-content\/uploads\/2025\/04\/21685-800x800-Photoroom.webp","contentUrl":"https:\/\/miumjau.ee\/wp-content\/uploads\/2025\/04\/21685-800x800-Photoroom.webp","width":1200,"height":1600},{"@type":"BreadcrumbList","@id":"https:\/\/miumjau.ee\/lt\/produktas\/ontario-pastetas-sunims-versiena-zoleles-800-g\/#breadcrumb","itemListElement":[{"@type":"ListItem","position":1,"name":"Home","item":"https:\/\/miumjau.ee\/lt\/"},{"@type":"ListItem","position":2,"name":"Parduotuv\u0117","item":"https:\/\/miumjau.ee\/lt\/parduotuve\/"},{"@type":"ListItem","position":3,"name":"Ontario pa\u0161tetas \u0161unims \u2013 ver\u0161iena &#038; \u017eolel\u0117s 800 g"}]},{"@type":"WebSite","@id":"https:\/\/miumjau.ee\/#website","url":"https:\/\/miumjau.ee\/","name":"MiuMjau","description":"Kraapimispuud kassidele","publisher":{"@id":"https:\/\/miumjau.ee\/#organization"},"potentialAction":[{"@type":"SearchAction","target":{"@type":"EntryPoint","urlTemplate":"https:\/\/miumjau.ee\/?s={search_term_string}"},"query-input":{"@type":"PropertyValueSpecification","valueRequired":true,"valueName":"search_term_string"}}],"inLanguage":"lt-LT"},{"@type":"Organization","@id":"https:\/\/miumjau.ee\/#organization","name":"MiuMjau O\u00dc","url":"https:\/\/miumjau.ee\/","logo":{"@type":"ImageObject","inLanguage":"lt-LT","@id":"https:\/\/miumjau.ee\/#\/schema\/logo\/image\/","url":"https:\/\/miumjau.ee\/wp-content\/uploads\/2022\/04\/MiuMjau-logo-kollane.png","contentUrl":"https:\/\/miumjau.ee\/wp-content\/uploads\/2022\/04\/MiuMjau-logo-kollane.png","width":219,"height":100,"caption":"MiuMjau O\u00dc"},"image":{"@id":"https:\/\/miumjau.ee\/#\/schema\/logo\/image\/"},"sameAs":["https:\/\/www.facebook.com\/miumjaupood\/"]}]}},"_links":{"self":[{"href":"https:\/\/miumjau.ee\/lt\/wp-json\/wp\/v2\/product\/46003","targetHints":{"allow":["GET"]}}],"collection":[{"href":"https:\/\/miumjau.ee\/lt\/wp-json\/wp\/v2\/product"}],"about":[{"href":"https:\/\/miumjau.ee\/lt\/wp-json\/wp\/v2\/types\/product"}],"wp:featuredmedia":[{"embeddable":true,"href":"https:\/\/miumjau.ee\/lt\/wp-json\/wp\/v2\/media\/45996"}],"wp:attachment":[{"href":"https:\/\/miumjau.ee\/lt\/wp-json\/wp\/v2\/media?parent=46003"}],"wp:term":[{"taxonomy":"product_brand","embeddable":true,"href":"https:\/\/miumjau.ee\/lt\/wp-json\/wp\/v2\/product_brand?post=46003"},{"taxonomy":"product_cat","embeddable":true,"href":"https:\/\/miumjau.ee\/lt\/wp-json\/wp\/v2\/product_cat?post=46003"},{"taxonomy":"product_tag","embeddable":true,"href":"https:\/\/miumjau.ee\/lt\/wp-json\/wp\/v2\/product_tag?post=46003"}],"curies":[{"name":"wp","href":"https:\/\/api.w.org\/{rel}","templated":true}]}}