{"id":45915,"date":"2025-04-30T15:40:27","date_gmt":"2025-04-30T12:40:27","guid":{"rendered":"https:\/\/miumjau.ee\/toode\/ontario-pakelis-sunims-jautiena-ir-darzoves-sultinyje-300-g\/"},"modified":"2026-01-07T20:48:01","modified_gmt":"2026-01-07T18:48:01","slug":"ontario-pakelis-sunims-jautiena-ir-darzoves-sultinyje-300-g","status":"publish","type":"product","link":"https:\/\/miumjau.ee\/lt\/produktas\/ontario-pakelis-sunims-jautiena-ir-darzoves-sultinyje-300-g\/","title":{"rendered":"Ontario pakelis \u0161unims \u2013 jautiena ir dar\u017eov\u0117s sultinyje 300 g"},"content":{"rendered":"","protected":false},"excerpt":{"rendered":"<p data-start=\"3333\" data-end=\"3462\">Jautiena su dar\u017eov\u0117mis sultinyje. BARF \u012fkv\u0117pta monoproteino pilnavert\u0117 maisto forma \u0161unims vis\u0173 am\u017eiaus grupi\u0173 (nuo 2 m\u0117nesi\u0173).<\/p>\n<p data-start=\"3464\" data-end=\"3762\">Smulkiai supjaustyta jautiena aromatingame sultinyje su didesniais \u0161varios m\u0117sos gabal\u0117liais, bulv\u0117mis, \u017eirniais ir morkomis.<br data-start=\"3589\" data-end=\"3592\" \/>M\u0117sa tinka \u017emoni\u0173 maistui.<br data-start=\"3618\" data-end=\"3621\" \/>Pakeli\u0173 turinys yra kar\u0161tuoju b\u016bdu sterilizuotas, nesud\u0117tyti konservantai.<br data-start=\"3695\" data-end=\"3698\" \/>Nat\u016brali i\u0161vaizda ir aromatas be joki\u0173 kvap\u0173 ar spalv\u0173 pried\u0173.<\/p>\n<p data-start=\"3764\" data-end=\"3844\"><strong data-start=\"3764\" data-end=\"3776\">Sud\u0117tis:<\/strong> jautiena 72 %, sultinys 18 %, bulv\u0117s 4 %, \u017eirniai 3 %, morkos 3 %<\/p>\n<p data-start=\"3846\" data-end=\"3951\"><strong data-start=\"3846\" data-end=\"3868\">Analitin\u0117 sud\u0117tis:<\/strong> \u017eali baltymai 11 %, \u017eali riebalai 11 %, l\u0105steliena 2 %, pelenai 0 %, dr\u0117gm\u0117 83 %<\/p>\n<p data-start=\"3953\" data-end=\"4302\"><strong data-start=\"3953\" data-end=\"3976\">\u0160\u0117rimo instrukcija:<\/strong> \u0160erti 1\u20132 kartus per dien\u0105, ne daugiau kaip 200 g \/ 5 kg k\u016bno svorio. Laikyti neatidaryt\u0105 sausai 5\u201320 \u00b0C temperat\u016broje, toliau nuo tiesiogini\u0173 saul\u0117s spinduli\u0173. Patiekti kambario temperat\u016broje. Naudoti i\u0161kart po atidarymo. Neskirta \u017emoni\u0173 maistui. Visada u\u017etikrinkite, kad \u0161uo tur\u0117t\u0173 prieig\u0105 prie \u0161vie\u017eio geriamojo vandens.<\/p>\n","protected":false},"featured_media":45916,"template":"","meta":[],"product_brand":[],"product_cat":[539],"product_tag":[],"class_list":{"0":"post-45915","1":"product","2":"type-product","3":"status-publish","4":"has-post-thumbnail","6":"product_cat-slapias-maistas-sunims","8":"first","9":"instock","10":"taxable","11":"shipping-taxable","12":"purchasable","13":"product-type-simple"},"yoast_head":"<!-- This site is optimized with the Yoast SEO plugin v27.2 - https:\/\/yoast.com\/product\/yoast-seo-wordpress\/ -->\n<title>Ontario pakelis \u0161unims \u2013 jautiena ir dar\u017eov\u0117s sultinyje 300 g - MiuMjau<\/title>\n<meta name=\"robots\" content=\"index, follow, max-snippet:-1, max-image-preview:large, max-video-preview:-1\" \/>\n<link rel=\"canonical\" href=\"https:\/\/miumjau.ee\/lt\/produktas\/ontario-pakelis-sunims-jautiena-ir-darzoves-sultinyje-300-g\/\" \/>\n<meta property=\"og:locale\" content=\"lt_LT\" \/>\n<meta property=\"og:type\" content=\"article\" \/>\n<meta property=\"og:title\" content=\"Ontario pakelis \u0161unims \u2013 jautiena ir dar\u017eov\u0117s sultinyje 300 g - MiuMjau\" \/>\n<meta property=\"og:description\" content=\"Jautiena su dar\u017eov\u0117mis sultinyje. BARF \u012fkv\u0117pta monoproteino pilnavert\u0117 maisto forma \u0161unims vis\u0173 am\u017eiaus grupi\u0173 (nuo 2 m\u0117nesi\u0173). Smulkiai supjaustyta jautiena aromatingame sultinyje su didesniais \u0161varios m\u0117sos gabal\u0117liais, bulv\u0117mis, \u017eirniais ir morkomis.M\u0117sa tinka \u017emoni\u0173 maistui.Pakeli\u0173 turinys yra kar\u0161tuoju b\u016bdu sterilizuotas, nesud\u0117tyti konservantai.Nat\u016brali i\u0161vaizda ir aromatas be joki\u0173 kvap\u0173 ar spalv\u0173 pried\u0173. Sud\u0117tis: jautiena 72 %, sultinys 18 %, bulv\u0117s 4 %, \u017eirniai 3 %, morkos 3 % Analitin\u0117 sud\u0117tis: \u017eali baltymai 11 %, \u017eali riebalai 11 %, l\u0105steliena 2 %, pelenai 0 %, dr\u0117gm\u0117 83 % \u0160\u0117rimo instrukcija: \u0160erti 1\u20132 kartus per dien\u0105, ne daugiau kaip 200 g \/ 5 kg k\u016bno svorio. Laikyti neatidaryt\u0105 sausai 5\u201320 \u00b0C temperat\u016broje, toliau nuo tiesiogini\u0173 saul\u0117s spinduli\u0173. Patiekti kambario temperat\u016broje. Naudoti i\u0161kart po atidarymo. Neskirta \u017emoni\u0173 maistui. Visada u\u017etikrinkite, kad \u0161uo tur\u0117t\u0173 prieig\u0105 prie \u0161vie\u017eio geriamojo vandens.\" \/>\n<meta property=\"og:url\" content=\"https:\/\/miumjau.ee\/lt\/produktas\/ontario-pakelis-sunims-jautiena-ir-darzoves-sultinyje-300-g\/\" \/>\n<meta property=\"og:site_name\" content=\"MiuMjau\" \/>\n<meta property=\"article:publisher\" content=\"https:\/\/www.facebook.com\/miumjaupood\/\" \/>\n<meta property=\"article:modified_time\" content=\"2026-01-07T18:48:01+00:00\" \/>\n<meta property=\"og:image\" content=\"https:\/\/miumjau.ee\/wp-content\/uploads\/2025\/04\/ontario-einekotike-koerale-300g-13.webp\" \/>\n\t<meta property=\"og:image:width\" content=\"1200\" \/>\n\t<meta property=\"og:image:height\" content=\"1600\" \/>\n\t<meta property=\"og:image:type\" content=\"image\/webp\" \/>\n<meta name=\"twitter:card\" content=\"summary_large_image\" \/>\n<script type=\"application\/ld+json\" class=\"yoast-schema-graph\">{\"@context\":\"https:\/\/schema.org\",\"@graph\":[{\"@type\":\"WebPage\",\"@id\":\"https:\/\/miumjau.ee\/lt\/produktas\/ontario-pakelis-sunims-jautiena-ir-darzoves-sultinyje-300-g\/\",\"url\":\"https:\/\/miumjau.ee\/lt\/produktas\/ontario-pakelis-sunims-jautiena-ir-darzoves-sultinyje-300-g\/\",\"name\":\"Ontario pakelis \u0161unims \u2013 jautiena ir dar\u017eov\u0117s sultinyje 300 g - MiuMjau\",\"isPartOf\":{\"@id\":\"https:\/\/miumjau.ee\/#website\"},\"primaryImageOfPage\":{\"@id\":\"https:\/\/miumjau.ee\/lt\/produktas\/ontario-pakelis-sunims-jautiena-ir-darzoves-sultinyje-300-g\/#primaryimage\"},\"image\":{\"@id\":\"https:\/\/miumjau.ee\/lt\/produktas\/ontario-pakelis-sunims-jautiena-ir-darzoves-sultinyje-300-g\/#primaryimage\"},\"thumbnailUrl\":\"https:\/\/miumjau.ee\/wp-content\/uploads\/2025\/04\/ontario-einekotike-koerale-300g-13.webp\",\"datePublished\":\"2025-04-30T12:40:27+00:00\",\"dateModified\":\"2026-01-07T18:48:01+00:00\",\"breadcrumb\":{\"@id\":\"https:\/\/miumjau.ee\/lt\/produktas\/ontario-pakelis-sunims-jautiena-ir-darzoves-sultinyje-300-g\/#breadcrumb\"},\"inLanguage\":\"lt-LT\",\"potentialAction\":[{\"@type\":\"ReadAction\",\"target\":[\"https:\/\/miumjau.ee\/lt\/produktas\/ontario-pakelis-sunims-jautiena-ir-darzoves-sultinyje-300-g\/\"]}]},{\"@type\":\"ImageObject\",\"inLanguage\":\"lt-LT\",\"@id\":\"https:\/\/miumjau.ee\/lt\/produktas\/ontario-pakelis-sunims-jautiena-ir-darzoves-sultinyje-300-g\/#primaryimage\",\"url\":\"https:\/\/miumjau.ee\/wp-content\/uploads\/2025\/04\/ontario-einekotike-koerale-300g-13.webp\",\"contentUrl\":\"https:\/\/miumjau.ee\/wp-content\/uploads\/2025\/04\/ontario-einekotike-koerale-300g-13.webp\",\"width\":1200,\"height\":1600},{\"@type\":\"BreadcrumbList\",\"@id\":\"https:\/\/miumjau.ee\/lt\/produktas\/ontario-pakelis-sunims-jautiena-ir-darzoves-sultinyje-300-g\/#breadcrumb\",\"itemListElement\":[{\"@type\":\"ListItem\",\"position\":1,\"name\":\"Home\",\"item\":\"https:\/\/miumjau.ee\/lt\/\"},{\"@type\":\"ListItem\",\"position\":2,\"name\":\"Parduotuv\u0117\",\"item\":\"https:\/\/miumjau.ee\/lt\/parduotuve\/\"},{\"@type\":\"ListItem\",\"position\":3,\"name\":\"Ontario pakelis \u0161unims \u2013 jautiena ir dar\u017eov\u0117s sultinyje 300 g\"}]},{\"@type\":\"WebSite\",\"@id\":\"https:\/\/miumjau.ee\/#website\",\"url\":\"https:\/\/miumjau.ee\/\",\"name\":\"MiuMjau\",\"description\":\"Kraapimispuud kassidele\",\"publisher\":{\"@id\":\"https:\/\/miumjau.ee\/#organization\"},\"potentialAction\":[{\"@type\":\"SearchAction\",\"target\":{\"@type\":\"EntryPoint\",\"urlTemplate\":\"https:\/\/miumjau.ee\/?s={search_term_string}\"},\"query-input\":{\"@type\":\"PropertyValueSpecification\",\"valueRequired\":true,\"valueName\":\"search_term_string\"}}],\"inLanguage\":\"lt-LT\"},{\"@type\":\"Organization\",\"@id\":\"https:\/\/miumjau.ee\/#organization\",\"name\":\"MiuMjau O\u00dc\",\"url\":\"https:\/\/miumjau.ee\/\",\"logo\":{\"@type\":\"ImageObject\",\"inLanguage\":\"lt-LT\",\"@id\":\"https:\/\/miumjau.ee\/#\/schema\/logo\/image\/\",\"url\":\"https:\/\/miumjau.ee\/wp-content\/uploads\/2022\/04\/MiuMjau-logo-kollane.png\",\"contentUrl\":\"https:\/\/miumjau.ee\/wp-content\/uploads\/2022\/04\/MiuMjau-logo-kollane.png\",\"width\":219,\"height\":100,\"caption\":\"MiuMjau O\u00dc\"},\"image\":{\"@id\":\"https:\/\/miumjau.ee\/#\/schema\/logo\/image\/\"},\"sameAs\":[\"https:\/\/www.facebook.com\/miumjaupood\/\"]}]}<\/script>\n<!-- \/ Yoast SEO plugin. -->","yoast_head_json":{"title":"Ontario pakelis \u0161unims \u2013 jautiena ir dar\u017eov\u0117s sultinyje 300 g - MiuMjau","robots":{"index":"index","follow":"follow","max-snippet":"max-snippet:-1","max-image-preview":"max-image-preview:large","max-video-preview":"max-video-preview:-1"},"canonical":"https:\/\/miumjau.ee\/lt\/produktas\/ontario-pakelis-sunims-jautiena-ir-darzoves-sultinyje-300-g\/","og_locale":"lt_LT","og_type":"article","og_title":"Ontario pakelis \u0161unims \u2013 jautiena ir dar\u017eov\u0117s sultinyje 300 g - MiuMjau","og_description":"Jautiena su dar\u017eov\u0117mis sultinyje. BARF \u012fkv\u0117pta monoproteino pilnavert\u0117 maisto forma \u0161unims vis\u0173 am\u017eiaus grupi\u0173 (nuo 2 m\u0117nesi\u0173). Smulkiai supjaustyta jautiena aromatingame sultinyje su didesniais \u0161varios m\u0117sos gabal\u0117liais, bulv\u0117mis, \u017eirniais ir morkomis.M\u0117sa tinka \u017emoni\u0173 maistui.Pakeli\u0173 turinys yra kar\u0161tuoju b\u016bdu sterilizuotas, nesud\u0117tyti konservantai.Nat\u016brali i\u0161vaizda ir aromatas be joki\u0173 kvap\u0173 ar spalv\u0173 pried\u0173. Sud\u0117tis: jautiena 72 %, sultinys 18 %, bulv\u0117s 4 %, \u017eirniai 3 %, morkos 3 % Analitin\u0117 sud\u0117tis: \u017eali baltymai 11 %, \u017eali riebalai 11 %, l\u0105steliena 2 %, pelenai 0 %, dr\u0117gm\u0117 83 % \u0160\u0117rimo instrukcija: \u0160erti 1\u20132 kartus per dien\u0105, ne daugiau kaip 200 g \/ 5 kg k\u016bno svorio. Laikyti neatidaryt\u0105 sausai 5\u201320 \u00b0C temperat\u016broje, toliau nuo tiesiogini\u0173 saul\u0117s spinduli\u0173. Patiekti kambario temperat\u016broje. Naudoti i\u0161kart po atidarymo. Neskirta \u017emoni\u0173 maistui. Visada u\u017etikrinkite, kad \u0161uo tur\u0117t\u0173 prieig\u0105 prie \u0161vie\u017eio geriamojo vandens.","og_url":"https:\/\/miumjau.ee\/lt\/produktas\/ontario-pakelis-sunims-jautiena-ir-darzoves-sultinyje-300-g\/","og_site_name":"MiuMjau","article_publisher":"https:\/\/www.facebook.com\/miumjaupood\/","article_modified_time":"2026-01-07T18:48:01+00:00","og_image":[{"width":1200,"height":1600,"url":"https:\/\/miumjau.ee\/wp-content\/uploads\/2025\/04\/ontario-einekotike-koerale-300g-13.webp","type":"image\/webp"}],"twitter_card":"summary_large_image","schema":{"@context":"https:\/\/schema.org","@graph":[{"@type":"WebPage","@id":"https:\/\/miumjau.ee\/lt\/produktas\/ontario-pakelis-sunims-jautiena-ir-darzoves-sultinyje-300-g\/","url":"https:\/\/miumjau.ee\/lt\/produktas\/ontario-pakelis-sunims-jautiena-ir-darzoves-sultinyje-300-g\/","name":"Ontario pakelis \u0161unims \u2013 jautiena ir dar\u017eov\u0117s sultinyje 300 g - MiuMjau","isPartOf":{"@id":"https:\/\/miumjau.ee\/#website"},"primaryImageOfPage":{"@id":"https:\/\/miumjau.ee\/lt\/produktas\/ontario-pakelis-sunims-jautiena-ir-darzoves-sultinyje-300-g\/#primaryimage"},"image":{"@id":"https:\/\/miumjau.ee\/lt\/produktas\/ontario-pakelis-sunims-jautiena-ir-darzoves-sultinyje-300-g\/#primaryimage"},"thumbnailUrl":"https:\/\/miumjau.ee\/wp-content\/uploads\/2025\/04\/ontario-einekotike-koerale-300g-13.webp","datePublished":"2025-04-30T12:40:27+00:00","dateModified":"2026-01-07T18:48:01+00:00","breadcrumb":{"@id":"https:\/\/miumjau.ee\/lt\/produktas\/ontario-pakelis-sunims-jautiena-ir-darzoves-sultinyje-300-g\/#breadcrumb"},"inLanguage":"lt-LT","potentialAction":[{"@type":"ReadAction","target":["https:\/\/miumjau.ee\/lt\/produktas\/ontario-pakelis-sunims-jautiena-ir-darzoves-sultinyje-300-g\/"]}]},{"@type":"ImageObject","inLanguage":"lt-LT","@id":"https:\/\/miumjau.ee\/lt\/produktas\/ontario-pakelis-sunims-jautiena-ir-darzoves-sultinyje-300-g\/#primaryimage","url":"https:\/\/miumjau.ee\/wp-content\/uploads\/2025\/04\/ontario-einekotike-koerale-300g-13.webp","contentUrl":"https:\/\/miumjau.ee\/wp-content\/uploads\/2025\/04\/ontario-einekotike-koerale-300g-13.webp","width":1200,"height":1600},{"@type":"BreadcrumbList","@id":"https:\/\/miumjau.ee\/lt\/produktas\/ontario-pakelis-sunims-jautiena-ir-darzoves-sultinyje-300-g\/#breadcrumb","itemListElement":[{"@type":"ListItem","position":1,"name":"Home","item":"https:\/\/miumjau.ee\/lt\/"},{"@type":"ListItem","position":2,"name":"Parduotuv\u0117","item":"https:\/\/miumjau.ee\/lt\/parduotuve\/"},{"@type":"ListItem","position":3,"name":"Ontario pakelis \u0161unims \u2013 jautiena ir dar\u017eov\u0117s sultinyje 300 g"}]},{"@type":"WebSite","@id":"https:\/\/miumjau.ee\/#website","url":"https:\/\/miumjau.ee\/","name":"MiuMjau","description":"Kraapimispuud kassidele","publisher":{"@id":"https:\/\/miumjau.ee\/#organization"},"potentialAction":[{"@type":"SearchAction","target":{"@type":"EntryPoint","urlTemplate":"https:\/\/miumjau.ee\/?s={search_term_string}"},"query-input":{"@type":"PropertyValueSpecification","valueRequired":true,"valueName":"search_term_string"}}],"inLanguage":"lt-LT"},{"@type":"Organization","@id":"https:\/\/miumjau.ee\/#organization","name":"MiuMjau O\u00dc","url":"https:\/\/miumjau.ee\/","logo":{"@type":"ImageObject","inLanguage":"lt-LT","@id":"https:\/\/miumjau.ee\/#\/schema\/logo\/image\/","url":"https:\/\/miumjau.ee\/wp-content\/uploads\/2022\/04\/MiuMjau-logo-kollane.png","contentUrl":"https:\/\/miumjau.ee\/wp-content\/uploads\/2022\/04\/MiuMjau-logo-kollane.png","width":219,"height":100,"caption":"MiuMjau O\u00dc"},"image":{"@id":"https:\/\/miumjau.ee\/#\/schema\/logo\/image\/"},"sameAs":["https:\/\/www.facebook.com\/miumjaupood\/"]}]}},"_links":{"self":[{"href":"https:\/\/miumjau.ee\/lt\/wp-json\/wp\/v2\/product\/45915","targetHints":{"allow":["GET"]}}],"collection":[{"href":"https:\/\/miumjau.ee\/lt\/wp-json\/wp\/v2\/product"}],"about":[{"href":"https:\/\/miumjau.ee\/lt\/wp-json\/wp\/v2\/types\/product"}],"wp:featuredmedia":[{"embeddable":true,"href":"https:\/\/miumjau.ee\/lt\/wp-json\/wp\/v2\/media\/45916"}],"wp:attachment":[{"href":"https:\/\/miumjau.ee\/lt\/wp-json\/wp\/v2\/media?parent=45915"}],"wp:term":[{"taxonomy":"product_brand","embeddable":true,"href":"https:\/\/miumjau.ee\/lt\/wp-json\/wp\/v2\/product_brand?post=45915"},{"taxonomy":"product_cat","embeddable":true,"href":"https:\/\/miumjau.ee\/lt\/wp-json\/wp\/v2\/product_cat?post=45915"},{"taxonomy":"product_tag","embeddable":true,"href":"https:\/\/miumjau.ee\/lt\/wp-json\/wp\/v2\/product_tag?post=45915"}],"curies":[{"name":"wp","href":"https:\/\/api.w.org\/{rel}","templated":true}]}}