{"id":45894,"date":"2025-03-31T13:57:07","date_gmt":"2025-03-31T10:57:07","guid":{"rendered":"https:\/\/miumjau.ee\/toode\/brit-premium-sunu-desra-vistiena-ir-triusis-800-g\/"},"modified":"2026-01-07T20:48:08","modified_gmt":"2026-01-07T18:48:08","slug":"brit-premium-sunu-desra-vistiena-ir-triusis-800-g","status":"publish","type":"product","link":"https:\/\/miumjau.ee\/lt\/produktas\/brit-premium-sunu-desra-vistiena-ir-triusis-800-g\/","title":{"rendered":"Brit Premium \u0161un\u0173 de\u0161ra \u2013 vi\u0161tiena ir triu\u0161is 800 g"},"content":{"rendered":"","protected":false},"excerpt":{"rendered":"<p data-start=\"2517\" data-end=\"2750\">Brit Premium \u0161un\u0173 de\u0161ra \u2013 pilnavertis \u0161un\u0173 maistas. Skani ir m\u0117singa de\u0161ra su triu\u0161iu suteikia maisting\u0173j\u0173 med\u017eiag\u0173 ir skonio kiekvieno \u0161uns racionui. Daug baltym\u0173 i\u0161 gyv\u016bnin\u0117s kilm\u0117s \u2013 palaiko ir gerina j\u016bs\u0173 augintinio vir\u0161kinim\u0105.<\/p>\n<p data-start=\"2752\" data-end=\"2895\"><strong data-start=\"2752\" data-end=\"2764\">Sud\u0117tis:<\/strong> 85 % vi\u0161tiena (vi\u0161tienos m\u0117sa, kepenys, \u0161irdys, kaklai, skrand\u017eiai), 10 % triu\u0161is, 3,6 % ry\u017eiai, 0,9 % sultinys, 0,5 % kolagenas<\/p>\n<p data-start=\"2897\" data-end=\"3011\"><strong data-start=\"2897\" data-end=\"2919\">Analitin\u0117 sud\u0117tis:<\/strong> dr\u0117gm\u0117 68,0 %, \u017eali baltymai 12,0 %, \u017eali riebalai 9,5 %, pelenai 5,0 %, l\u0105steliena 0,5 %<\/p>\n<p data-start=\"3013\" data-end=\"3213\"><strong data-start=\"3013\" data-end=\"3036\">Maistiniai priedai:<\/strong> vitaminas D3 (E671) 250 TV, vitaminas E (3a700) 100 mg, cinkas (3b606) 12 mg, gele\u017eis (E1) 10 mg, manganas (E5) 2 mg, jodas (3b201) 0,7 mg, varis (E4) 0,5 mg, biotinas 0,3 mg<\/p>\n<p data-start=\"3215\" data-end=\"3260\"><strong data-start=\"3215\" data-end=\"3244\">Metabolizuojama energija:<\/strong> 1 505 kcal\/kg<\/p>\n","protected":false},"featured_media":45889,"template":"","meta":[],"product_brand":[],"product_cat":[539],"product_tag":[],"class_list":{"0":"post-45894","1":"product","2":"type-product","3":"status-publish","4":"has-post-thumbnail","6":"product_cat-slapias-maistas-sunims","8":"first","9":"instock","10":"taxable","11":"shipping-taxable","12":"purchasable","13":"product-type-simple"},"yoast_head":"<!-- This site is optimized with the Yoast SEO plugin v27.2 - https:\/\/yoast.com\/product\/yoast-seo-wordpress\/ -->\n<title>Brit Premium \u0161un\u0173 de\u0161ra \u2013 vi\u0161tiena ir triu\u0161is 800 g - MiuMjau<\/title>\n<meta name=\"robots\" content=\"index, follow, max-snippet:-1, max-image-preview:large, max-video-preview:-1\" \/>\n<link rel=\"canonical\" href=\"https:\/\/miumjau.ee\/lt\/produktas\/brit-premium-sunu-desra-vistiena-ir-triusis-800-g\/\" \/>\n<meta property=\"og:locale\" content=\"lt_LT\" \/>\n<meta property=\"og:type\" content=\"article\" \/>\n<meta property=\"og:title\" content=\"Brit Premium \u0161un\u0173 de\u0161ra \u2013 vi\u0161tiena ir triu\u0161is 800 g - MiuMjau\" \/>\n<meta property=\"og:description\" content=\"Brit Premium \u0161un\u0173 de\u0161ra \u2013 pilnavertis \u0161un\u0173 maistas. Skani ir m\u0117singa de\u0161ra su triu\u0161iu suteikia maisting\u0173j\u0173 med\u017eiag\u0173 ir skonio kiekvieno \u0161uns racionui. Daug baltym\u0173 i\u0161 gyv\u016bnin\u0117s kilm\u0117s \u2013 palaiko ir gerina j\u016bs\u0173 augintinio vir\u0161kinim\u0105. Sud\u0117tis: 85 % vi\u0161tiena (vi\u0161tienos m\u0117sa, kepenys, \u0161irdys, kaklai, skrand\u017eiai), 10 % triu\u0161is, 3,6 % ry\u017eiai, 0,9 % sultinys, 0,5 % kolagenas Analitin\u0117 sud\u0117tis: dr\u0117gm\u0117 68,0 %, \u017eali baltymai 12,0 %, \u017eali riebalai 9,5 %, pelenai 5,0 %, l\u0105steliena 0,5 % Maistiniai priedai: vitaminas D3 (E671) 250 TV, vitaminas E (3a700) 100 mg, cinkas (3b606) 12 mg, gele\u017eis (E1) 10 mg, manganas (E5) 2 mg, jodas (3b201) 0,7 mg, varis (E4) 0,5 mg, biotinas 0,3 mg Metabolizuojama energija: 1 505 kcal\/kg\" \/>\n<meta property=\"og:url\" content=\"https:\/\/miumjau.ee\/lt\/produktas\/brit-premium-sunu-desra-vistiena-ir-triusis-800-g\/\" \/>\n<meta property=\"og:site_name\" content=\"MiuMjau\" \/>\n<meta property=\"article:publisher\" content=\"https:\/\/www.facebook.com\/miumjaupood\/\" \/>\n<meta property=\"article:modified_time\" content=\"2026-01-07T18:48:08+00:00\" \/>\n<meta property=\"og:image\" content=\"https:\/\/miumjau.ee\/wp-content\/uploads\/2025\/03\/koeravorst-brit-premium-800g1.jpg\" \/>\n\t<meta property=\"og:image:width\" content=\"600\" \/>\n\t<meta property=\"og:image:height\" content=\"800\" \/>\n\t<meta property=\"og:image:type\" content=\"image\/jpeg\" \/>\n<meta name=\"twitter:card\" content=\"summary_large_image\" \/>\n<script type=\"application\/ld+json\" class=\"yoast-schema-graph\">{\"@context\":\"https:\/\/schema.org\",\"@graph\":[{\"@type\":\"WebPage\",\"@id\":\"https:\/\/miumjau.ee\/lt\/produktas\/brit-premium-sunu-desra-vistiena-ir-triusis-800-g\/\",\"url\":\"https:\/\/miumjau.ee\/lt\/produktas\/brit-premium-sunu-desra-vistiena-ir-triusis-800-g\/\",\"name\":\"Brit Premium \u0161un\u0173 de\u0161ra \u2013 vi\u0161tiena ir triu\u0161is 800 g - MiuMjau\",\"isPartOf\":{\"@id\":\"https:\/\/miumjau.ee\/#website\"},\"primaryImageOfPage\":{\"@id\":\"https:\/\/miumjau.ee\/lt\/produktas\/brit-premium-sunu-desra-vistiena-ir-triusis-800-g\/#primaryimage\"},\"image\":{\"@id\":\"https:\/\/miumjau.ee\/lt\/produktas\/brit-premium-sunu-desra-vistiena-ir-triusis-800-g\/#primaryimage\"},\"thumbnailUrl\":\"https:\/\/miumjau.ee\/wp-content\/uploads\/2025\/03\/koeravorst-brit-premium-800g1.jpg\",\"datePublished\":\"2025-03-31T10:57:07+00:00\",\"dateModified\":\"2026-01-07T18:48:08+00:00\",\"breadcrumb\":{\"@id\":\"https:\/\/miumjau.ee\/lt\/produktas\/brit-premium-sunu-desra-vistiena-ir-triusis-800-g\/#breadcrumb\"},\"inLanguage\":\"lt-LT\",\"potentialAction\":[{\"@type\":\"ReadAction\",\"target\":[\"https:\/\/miumjau.ee\/lt\/produktas\/brit-premium-sunu-desra-vistiena-ir-triusis-800-g\/\"]}]},{\"@type\":\"ImageObject\",\"inLanguage\":\"lt-LT\",\"@id\":\"https:\/\/miumjau.ee\/lt\/produktas\/brit-premium-sunu-desra-vistiena-ir-triusis-800-g\/#primaryimage\",\"url\":\"https:\/\/miumjau.ee\/wp-content\/uploads\/2025\/03\/koeravorst-brit-premium-800g1.jpg\",\"contentUrl\":\"https:\/\/miumjau.ee\/wp-content\/uploads\/2025\/03\/koeravorst-brit-premium-800g1.jpg\",\"width\":600,\"height\":800},{\"@type\":\"BreadcrumbList\",\"@id\":\"https:\/\/miumjau.ee\/lt\/produktas\/brit-premium-sunu-desra-vistiena-ir-triusis-800-g\/#breadcrumb\",\"itemListElement\":[{\"@type\":\"ListItem\",\"position\":1,\"name\":\"Home\",\"item\":\"https:\/\/miumjau.ee\/lt\/\"},{\"@type\":\"ListItem\",\"position\":2,\"name\":\"Parduotuv\u0117\",\"item\":\"https:\/\/miumjau.ee\/lt\/parduotuve\/\"},{\"@type\":\"ListItem\",\"position\":3,\"name\":\"Brit Premium \u0161un\u0173 de\u0161ra \u2013 vi\u0161tiena ir triu\u0161is 800 g\"}]},{\"@type\":\"WebSite\",\"@id\":\"https:\/\/miumjau.ee\/#website\",\"url\":\"https:\/\/miumjau.ee\/\",\"name\":\"MiuMjau\",\"description\":\"Kraapimispuud kassidele\",\"publisher\":{\"@id\":\"https:\/\/miumjau.ee\/#organization\"},\"potentialAction\":[{\"@type\":\"SearchAction\",\"target\":{\"@type\":\"EntryPoint\",\"urlTemplate\":\"https:\/\/miumjau.ee\/?s={search_term_string}\"},\"query-input\":{\"@type\":\"PropertyValueSpecification\",\"valueRequired\":true,\"valueName\":\"search_term_string\"}}],\"inLanguage\":\"lt-LT\"},{\"@type\":\"Organization\",\"@id\":\"https:\/\/miumjau.ee\/#organization\",\"name\":\"MiuMjau O\u00dc\",\"url\":\"https:\/\/miumjau.ee\/\",\"logo\":{\"@type\":\"ImageObject\",\"inLanguage\":\"lt-LT\",\"@id\":\"https:\/\/miumjau.ee\/#\/schema\/logo\/image\/\",\"url\":\"https:\/\/miumjau.ee\/wp-content\/uploads\/2022\/04\/MiuMjau-logo-kollane.png\",\"contentUrl\":\"https:\/\/miumjau.ee\/wp-content\/uploads\/2022\/04\/MiuMjau-logo-kollane.png\",\"width\":219,\"height\":100,\"caption\":\"MiuMjau O\u00dc\"},\"image\":{\"@id\":\"https:\/\/miumjau.ee\/#\/schema\/logo\/image\/\"},\"sameAs\":[\"https:\/\/www.facebook.com\/miumjaupood\/\"]}]}<\/script>\n<!-- \/ Yoast SEO plugin. -->","yoast_head_json":{"title":"Brit Premium \u0161un\u0173 de\u0161ra \u2013 vi\u0161tiena ir triu\u0161is 800 g - MiuMjau","robots":{"index":"index","follow":"follow","max-snippet":"max-snippet:-1","max-image-preview":"max-image-preview:large","max-video-preview":"max-video-preview:-1"},"canonical":"https:\/\/miumjau.ee\/lt\/produktas\/brit-premium-sunu-desra-vistiena-ir-triusis-800-g\/","og_locale":"lt_LT","og_type":"article","og_title":"Brit Premium \u0161un\u0173 de\u0161ra \u2013 vi\u0161tiena ir triu\u0161is 800 g - MiuMjau","og_description":"Brit Premium \u0161un\u0173 de\u0161ra \u2013 pilnavertis \u0161un\u0173 maistas. Skani ir m\u0117singa de\u0161ra su triu\u0161iu suteikia maisting\u0173j\u0173 med\u017eiag\u0173 ir skonio kiekvieno \u0161uns racionui. Daug baltym\u0173 i\u0161 gyv\u016bnin\u0117s kilm\u0117s \u2013 palaiko ir gerina j\u016bs\u0173 augintinio vir\u0161kinim\u0105. Sud\u0117tis: 85 % vi\u0161tiena (vi\u0161tienos m\u0117sa, kepenys, \u0161irdys, kaklai, skrand\u017eiai), 10 % triu\u0161is, 3,6 % ry\u017eiai, 0,9 % sultinys, 0,5 % kolagenas Analitin\u0117 sud\u0117tis: dr\u0117gm\u0117 68,0 %, \u017eali baltymai 12,0 %, \u017eali riebalai 9,5 %, pelenai 5,0 %, l\u0105steliena 0,5 % Maistiniai priedai: vitaminas D3 (E671) 250 TV, vitaminas E (3a700) 100 mg, cinkas (3b606) 12 mg, gele\u017eis (E1) 10 mg, manganas (E5) 2 mg, jodas (3b201) 0,7 mg, varis (E4) 0,5 mg, biotinas 0,3 mg Metabolizuojama energija: 1 505 kcal\/kg","og_url":"https:\/\/miumjau.ee\/lt\/produktas\/brit-premium-sunu-desra-vistiena-ir-triusis-800-g\/","og_site_name":"MiuMjau","article_publisher":"https:\/\/www.facebook.com\/miumjaupood\/","article_modified_time":"2026-01-07T18:48:08+00:00","og_image":[{"width":600,"height":800,"url":"https:\/\/miumjau.ee\/wp-content\/uploads\/2025\/03\/koeravorst-brit-premium-800g1.jpg","type":"image\/jpeg"}],"twitter_card":"summary_large_image","schema":{"@context":"https:\/\/schema.org","@graph":[{"@type":"WebPage","@id":"https:\/\/miumjau.ee\/lt\/produktas\/brit-premium-sunu-desra-vistiena-ir-triusis-800-g\/","url":"https:\/\/miumjau.ee\/lt\/produktas\/brit-premium-sunu-desra-vistiena-ir-triusis-800-g\/","name":"Brit Premium \u0161un\u0173 de\u0161ra \u2013 vi\u0161tiena ir triu\u0161is 800 g - MiuMjau","isPartOf":{"@id":"https:\/\/miumjau.ee\/#website"},"primaryImageOfPage":{"@id":"https:\/\/miumjau.ee\/lt\/produktas\/brit-premium-sunu-desra-vistiena-ir-triusis-800-g\/#primaryimage"},"image":{"@id":"https:\/\/miumjau.ee\/lt\/produktas\/brit-premium-sunu-desra-vistiena-ir-triusis-800-g\/#primaryimage"},"thumbnailUrl":"https:\/\/miumjau.ee\/wp-content\/uploads\/2025\/03\/koeravorst-brit-premium-800g1.jpg","datePublished":"2025-03-31T10:57:07+00:00","dateModified":"2026-01-07T18:48:08+00:00","breadcrumb":{"@id":"https:\/\/miumjau.ee\/lt\/produktas\/brit-premium-sunu-desra-vistiena-ir-triusis-800-g\/#breadcrumb"},"inLanguage":"lt-LT","potentialAction":[{"@type":"ReadAction","target":["https:\/\/miumjau.ee\/lt\/produktas\/brit-premium-sunu-desra-vistiena-ir-triusis-800-g\/"]}]},{"@type":"ImageObject","inLanguage":"lt-LT","@id":"https:\/\/miumjau.ee\/lt\/produktas\/brit-premium-sunu-desra-vistiena-ir-triusis-800-g\/#primaryimage","url":"https:\/\/miumjau.ee\/wp-content\/uploads\/2025\/03\/koeravorst-brit-premium-800g1.jpg","contentUrl":"https:\/\/miumjau.ee\/wp-content\/uploads\/2025\/03\/koeravorst-brit-premium-800g1.jpg","width":600,"height":800},{"@type":"BreadcrumbList","@id":"https:\/\/miumjau.ee\/lt\/produktas\/brit-premium-sunu-desra-vistiena-ir-triusis-800-g\/#breadcrumb","itemListElement":[{"@type":"ListItem","position":1,"name":"Home","item":"https:\/\/miumjau.ee\/lt\/"},{"@type":"ListItem","position":2,"name":"Parduotuv\u0117","item":"https:\/\/miumjau.ee\/lt\/parduotuve\/"},{"@type":"ListItem","position":3,"name":"Brit Premium \u0161un\u0173 de\u0161ra \u2013 vi\u0161tiena ir triu\u0161is 800 g"}]},{"@type":"WebSite","@id":"https:\/\/miumjau.ee\/#website","url":"https:\/\/miumjau.ee\/","name":"MiuMjau","description":"Kraapimispuud kassidele","publisher":{"@id":"https:\/\/miumjau.ee\/#organization"},"potentialAction":[{"@type":"SearchAction","target":{"@type":"EntryPoint","urlTemplate":"https:\/\/miumjau.ee\/?s={search_term_string}"},"query-input":{"@type":"PropertyValueSpecification","valueRequired":true,"valueName":"search_term_string"}}],"inLanguage":"lt-LT"},{"@type":"Organization","@id":"https:\/\/miumjau.ee\/#organization","name":"MiuMjau O\u00dc","url":"https:\/\/miumjau.ee\/","logo":{"@type":"ImageObject","inLanguage":"lt-LT","@id":"https:\/\/miumjau.ee\/#\/schema\/logo\/image\/","url":"https:\/\/miumjau.ee\/wp-content\/uploads\/2022\/04\/MiuMjau-logo-kollane.png","contentUrl":"https:\/\/miumjau.ee\/wp-content\/uploads\/2022\/04\/MiuMjau-logo-kollane.png","width":219,"height":100,"caption":"MiuMjau O\u00dc"},"image":{"@id":"https:\/\/miumjau.ee\/#\/schema\/logo\/image\/"},"sameAs":["https:\/\/www.facebook.com\/miumjaupood\/"]}]}},"_links":{"self":[{"href":"https:\/\/miumjau.ee\/lt\/wp-json\/wp\/v2\/product\/45894","targetHints":{"allow":["GET"]}}],"collection":[{"href":"https:\/\/miumjau.ee\/lt\/wp-json\/wp\/v2\/product"}],"about":[{"href":"https:\/\/miumjau.ee\/lt\/wp-json\/wp\/v2\/types\/product"}],"wp:featuredmedia":[{"embeddable":true,"href":"https:\/\/miumjau.ee\/lt\/wp-json\/wp\/v2\/media\/45889"}],"wp:attachment":[{"href":"https:\/\/miumjau.ee\/lt\/wp-json\/wp\/v2\/media?parent=45894"}],"wp:term":[{"taxonomy":"product_brand","embeddable":true,"href":"https:\/\/miumjau.ee\/lt\/wp-json\/wp\/v2\/product_brand?post=45894"},{"taxonomy":"product_cat","embeddable":true,"href":"https:\/\/miumjau.ee\/lt\/wp-json\/wp\/v2\/product_cat?post=45894"},{"taxonomy":"product_tag","embeddable":true,"href":"https:\/\/miumjau.ee\/lt\/wp-json\/wp\/v2\/product_tag?post=45894"}],"curies":[{"name":"wp","href":"https:\/\/api.w.org\/{rel}","templated":true}]}}