{"id":45886,"date":"2025-03-31T14:54:59","date_gmt":"2025-03-31T11:54:59","guid":{"rendered":"https:\/\/miumjau.ee\/toode\/brit-premium-by-nature-sunu-konservai-eriena-ir-grikiai-800-g\/"},"modified":"2026-01-07T20:48:08","modified_gmt":"2026-01-07T18:48:08","slug":"brit-premium-by-nature-sunu-konservai-eriena-ir-grikiai-800-g","status":"publish","type":"product","link":"https:\/\/miumjau.ee\/lt\/produktas\/brit-premium-by-nature-sunu-konservai-eriena-ir-grikiai-800-g\/","title":{"rendered":"Brit Premium by Nature \u0161un\u0173 konservai \u2013 \u0117riena ir grikiai 800 g"},"content":{"rendered":"","protected":false},"excerpt":{"rendered":"<p data-start=\"3980\" data-end=\"4051\">Brit Premium \u2013 jei ie\u0161kote pilnaver\u010dio ir skanaus maisto savo \u0161uniui!<\/p>\n<p data-start=\"4053\" data-end=\"4338\">Puikus priedas prie sauso maisto. Gali b\u016bti naudojamas kaip pilnavertis maistas, u\u017ekandis arba papildomas skonis sausam maistui suaugusiems \u0161unims vis\u0173 veisli\u0173. Gerina apetit\u0105 ir hidratacij\u0105. Sud\u0117tyje yra kolageno sveikiems s\u0105nariams, kartu su la\u0161i\u0161\u0173 aliejumi, vaisiais ir \u017eolel\u0117mis.<\/p>\n<p data-start=\"4340\" data-end=\"4381\">Pilnavertis maistas suaugusiems \u0161unims.<\/p>\n<p data-start=\"4383\" data-end=\"4533\"><strong data-start=\"4383\" data-end=\"4426\">Puikus vir\u0161kinamumas ir subtilus skonis<\/strong><br data-start=\"4426\" data-end=\"4429\" \/><strong data-start=\"4429\" data-end=\"4494\">Subalansuotas maistini\u0173 med\u017eiag\u0173, vitamin\u0173 ir mineral\u0173 kiekis<\/strong><br data-start=\"4494\" data-end=\"4497\" \/><strong data-start=\"4497\" data-end=\"4531\">BE GR\u016aD\u0172 \u2013 BE DRUSKOS \u2013 BE GMO<\/strong><\/p>\n<p data-start=\"4535\" data-end=\"4667\"><strong data-start=\"4535\" data-end=\"4547\">Sud\u0117tis:<\/strong> \u0117riena (36 %), vi\u0161tiena (22 %), grikiai (4 %), obuolys (1 %), \u017eirni\u0173 miltai, lignoceliulioz\u0117, la\u0161i\u0161\u0173 aliejus (0,5 %).<\/p>\n<p data-start=\"4669\" data-end=\"4827\"><strong data-start=\"4669\" data-end=\"4691\">Analitin\u0117 sud\u0117tis:<\/strong> \u017eali baltymai 8,0 %, \u017eali riebalai 5,0 %, l\u0105steliena 0,3 %, pelenai 2,7 %, dr\u0117gm\u0117 78,0 %, kalcis 0,3 %, fosforas 0,3 %, natris 0,5 %.<\/p>\n<p data-start=\"4829\" data-end=\"5074\"><strong data-start=\"4829\" data-end=\"4852\">Maistiniai priedai:<\/strong> vitaminas A (3a672a) 800 TV, vitaminas D3 (E671) 200 TV, vitaminas E (3a700) 100 mg, vitaminas B1 (3a821) 1,3 mg, biotinas (3a880) 0,5 mg, cinkas (3b606) 10 mg, gele\u017eis 6 mg, manganas (3b504) 2 mg, jodas (3b201) 0,5 mg.<\/p>\n<p data-start=\"5076\" data-end=\"5121\"><strong data-start=\"5076\" data-end=\"5105\">Metabolizuojama energija:<\/strong> 1,000 kcal\/kg<\/p>\n<p data-start=\"5123\" data-end=\"5237\"><strong data-start=\"5123\" data-end=\"5136\">Laikymas:<\/strong> Laikyti v\u0117sioje, sausoje vietoje. Atidarius konserv\u0105, laikyti \u0161aldytuve ir sunaudoti per 3 dienas.<\/p>\n","protected":false},"featured_media":45884,"template":"","meta":[],"product_brand":[],"product_cat":[539],"product_tag":[],"class_list":{"0":"post-45886","1":"product","2":"type-product","3":"status-publish","4":"has-post-thumbnail","6":"product_cat-slapias-maistas-sunims","8":"first","9":"instock","10":"taxable","11":"shipping-taxable","12":"purchasable","13":"product-type-simple"},"yoast_head":"<!-- This site is optimized with the Yoast SEO plugin v27.2 - https:\/\/yoast.com\/product\/yoast-seo-wordpress\/ -->\n<title>Brit Premium by Nature \u0161un\u0173 konservai \u2013 \u0117riena ir grikiai 800 g - MiuMjau<\/title>\n<meta name=\"robots\" content=\"index, follow, max-snippet:-1, max-image-preview:large, max-video-preview:-1\" \/>\n<link rel=\"canonical\" href=\"https:\/\/miumjau.ee\/lt\/produktas\/brit-premium-by-nature-sunu-konservai-eriena-ir-grikiai-800-g\/\" \/>\n<meta property=\"og:locale\" content=\"lt_LT\" \/>\n<meta property=\"og:type\" content=\"article\" \/>\n<meta property=\"og:title\" content=\"Brit Premium by Nature \u0161un\u0173 konservai \u2013 \u0117riena ir grikiai 800 g - MiuMjau\" \/>\n<meta property=\"og:description\" content=\"Brit Premium \u2013 jei ie\u0161kote pilnaver\u010dio ir skanaus maisto savo \u0161uniui! Puikus priedas prie sauso maisto. Gali b\u016bti naudojamas kaip pilnavertis maistas, u\u017ekandis arba papildomas skonis sausam maistui suaugusiems \u0161unims vis\u0173 veisli\u0173. Gerina apetit\u0105 ir hidratacij\u0105. Sud\u0117tyje yra kolageno sveikiems s\u0105nariams, kartu su la\u0161i\u0161\u0173 aliejumi, vaisiais ir \u017eolel\u0117mis. Pilnavertis maistas suaugusiems \u0161unims. Puikus vir\u0161kinamumas ir subtilus skonisSubalansuotas maistini\u0173 med\u017eiag\u0173, vitamin\u0173 ir mineral\u0173 kiekisBE GR\u016aD\u0172 \u2013 BE DRUSKOS \u2013 BE GMO Sud\u0117tis: \u0117riena (36 %), vi\u0161tiena (22 %), grikiai (4 %), obuolys (1 %), \u017eirni\u0173 miltai, lignoceliulioz\u0117, la\u0161i\u0161\u0173 aliejus (0,5 %). Analitin\u0117 sud\u0117tis: \u017eali baltymai 8,0 %, \u017eali riebalai 5,0 %, l\u0105steliena 0,3 %, pelenai 2,7 %, dr\u0117gm\u0117 78,0 %, kalcis 0,3 %, fosforas 0,3 %, natris 0,5 %. Maistiniai priedai: vitaminas A (3a672a) 800 TV, vitaminas D3 (E671) 200 TV, vitaminas E (3a700) 100 mg, vitaminas B1 (3a821) 1,3 mg, biotinas (3a880) 0,5 mg, cinkas (3b606) 10 mg, gele\u017eis 6 mg, manganas (3b504) 2 mg, jodas (3b201) 0,5 mg. Metabolizuojama energija: 1,000 kcal\/kg Laikymas: Laikyti v\u0117sioje, sausoje vietoje. Atidarius konserv\u0105, laikyti \u0161aldytuve ir sunaudoti per 3 dienas.\" \/>\n<meta property=\"og:url\" content=\"https:\/\/miumjau.ee\/lt\/produktas\/brit-premium-by-nature-sunu-konservai-eriena-ir-grikiai-800-g\/\" \/>\n<meta property=\"og:site_name\" content=\"MiuMjau\" \/>\n<meta property=\"article:publisher\" content=\"https:\/\/www.facebook.com\/miumjaupood\/\" \/>\n<meta property=\"article:modified_time\" content=\"2026-01-07T18:48:08+00:00\" \/>\n<meta property=\"og:image\" content=\"https:\/\/miumjau.ee\/wp-content\/uploads\/2025\/03\/brit-premium-lammas-tatar2-Photoroom.webp\" \/>\n\t<meta property=\"og:image:width\" content=\"600\" \/>\n\t<meta property=\"og:image:height\" content=\"800\" \/>\n\t<meta property=\"og:image:type\" content=\"image\/webp\" \/>\n<meta name=\"twitter:card\" content=\"summary_large_image\" \/>\n<script type=\"application\/ld+json\" class=\"yoast-schema-graph\">{\"@context\":\"https:\/\/schema.org\",\"@graph\":[{\"@type\":\"WebPage\",\"@id\":\"https:\/\/miumjau.ee\/lt\/produktas\/brit-premium-by-nature-sunu-konservai-eriena-ir-grikiai-800-g\/\",\"url\":\"https:\/\/miumjau.ee\/lt\/produktas\/brit-premium-by-nature-sunu-konservai-eriena-ir-grikiai-800-g\/\",\"name\":\"Brit Premium by Nature \u0161un\u0173 konservai \u2013 \u0117riena ir grikiai 800 g - MiuMjau\",\"isPartOf\":{\"@id\":\"https:\/\/miumjau.ee\/#website\"},\"primaryImageOfPage\":{\"@id\":\"https:\/\/miumjau.ee\/lt\/produktas\/brit-premium-by-nature-sunu-konservai-eriena-ir-grikiai-800-g\/#primaryimage\"},\"image\":{\"@id\":\"https:\/\/miumjau.ee\/lt\/produktas\/brit-premium-by-nature-sunu-konservai-eriena-ir-grikiai-800-g\/#primaryimage\"},\"thumbnailUrl\":\"https:\/\/miumjau.ee\/wp-content\/uploads\/2025\/03\/brit-premium-lammas-tatar2-Photoroom.webp\",\"datePublished\":\"2025-03-31T11:54:59+00:00\",\"dateModified\":\"2026-01-07T18:48:08+00:00\",\"breadcrumb\":{\"@id\":\"https:\/\/miumjau.ee\/lt\/produktas\/brit-premium-by-nature-sunu-konservai-eriena-ir-grikiai-800-g\/#breadcrumb\"},\"inLanguage\":\"lt-LT\",\"potentialAction\":[{\"@type\":\"ReadAction\",\"target\":[\"https:\/\/miumjau.ee\/lt\/produktas\/brit-premium-by-nature-sunu-konservai-eriena-ir-grikiai-800-g\/\"]}]},{\"@type\":\"ImageObject\",\"inLanguage\":\"lt-LT\",\"@id\":\"https:\/\/miumjau.ee\/lt\/produktas\/brit-premium-by-nature-sunu-konservai-eriena-ir-grikiai-800-g\/#primaryimage\",\"url\":\"https:\/\/miumjau.ee\/wp-content\/uploads\/2025\/03\/brit-premium-lammas-tatar2-Photoroom.webp\",\"contentUrl\":\"https:\/\/miumjau.ee\/wp-content\/uploads\/2025\/03\/brit-premium-lammas-tatar2-Photoroom.webp\",\"width\":600,\"height\":800},{\"@type\":\"BreadcrumbList\",\"@id\":\"https:\/\/miumjau.ee\/lt\/produktas\/brit-premium-by-nature-sunu-konservai-eriena-ir-grikiai-800-g\/#breadcrumb\",\"itemListElement\":[{\"@type\":\"ListItem\",\"position\":1,\"name\":\"Home\",\"item\":\"https:\/\/miumjau.ee\/lt\/\"},{\"@type\":\"ListItem\",\"position\":2,\"name\":\"Parduotuv\u0117\",\"item\":\"https:\/\/miumjau.ee\/lt\/parduotuve\/\"},{\"@type\":\"ListItem\",\"position\":3,\"name\":\"Brit Premium by Nature \u0161un\u0173 konservai \u2013 \u0117riena ir grikiai 800 g\"}]},{\"@type\":\"WebSite\",\"@id\":\"https:\/\/miumjau.ee\/#website\",\"url\":\"https:\/\/miumjau.ee\/\",\"name\":\"MiuMjau\",\"description\":\"Kraapimispuud kassidele\",\"publisher\":{\"@id\":\"https:\/\/miumjau.ee\/#organization\"},\"potentialAction\":[{\"@type\":\"SearchAction\",\"target\":{\"@type\":\"EntryPoint\",\"urlTemplate\":\"https:\/\/miumjau.ee\/?s={search_term_string}\"},\"query-input\":{\"@type\":\"PropertyValueSpecification\",\"valueRequired\":true,\"valueName\":\"search_term_string\"}}],\"inLanguage\":\"lt-LT\"},{\"@type\":\"Organization\",\"@id\":\"https:\/\/miumjau.ee\/#organization\",\"name\":\"MiuMjau O\u00dc\",\"url\":\"https:\/\/miumjau.ee\/\",\"logo\":{\"@type\":\"ImageObject\",\"inLanguage\":\"lt-LT\",\"@id\":\"https:\/\/miumjau.ee\/#\/schema\/logo\/image\/\",\"url\":\"https:\/\/miumjau.ee\/wp-content\/uploads\/2022\/04\/MiuMjau-logo-kollane.png\",\"contentUrl\":\"https:\/\/miumjau.ee\/wp-content\/uploads\/2022\/04\/MiuMjau-logo-kollane.png\",\"width\":219,\"height\":100,\"caption\":\"MiuMjau O\u00dc\"},\"image\":{\"@id\":\"https:\/\/miumjau.ee\/#\/schema\/logo\/image\/\"},\"sameAs\":[\"https:\/\/www.facebook.com\/miumjaupood\/\"]}]}<\/script>\n<!-- \/ Yoast SEO plugin. -->","yoast_head_json":{"title":"Brit Premium by Nature \u0161un\u0173 konservai \u2013 \u0117riena ir grikiai 800 g - MiuMjau","robots":{"index":"index","follow":"follow","max-snippet":"max-snippet:-1","max-image-preview":"max-image-preview:large","max-video-preview":"max-video-preview:-1"},"canonical":"https:\/\/miumjau.ee\/lt\/produktas\/brit-premium-by-nature-sunu-konservai-eriena-ir-grikiai-800-g\/","og_locale":"lt_LT","og_type":"article","og_title":"Brit Premium by Nature \u0161un\u0173 konservai \u2013 \u0117riena ir grikiai 800 g - MiuMjau","og_description":"Brit Premium \u2013 jei ie\u0161kote pilnaver\u010dio ir skanaus maisto savo \u0161uniui! Puikus priedas prie sauso maisto. Gali b\u016bti naudojamas kaip pilnavertis maistas, u\u017ekandis arba papildomas skonis sausam maistui suaugusiems \u0161unims vis\u0173 veisli\u0173. Gerina apetit\u0105 ir hidratacij\u0105. Sud\u0117tyje yra kolageno sveikiems s\u0105nariams, kartu su la\u0161i\u0161\u0173 aliejumi, vaisiais ir \u017eolel\u0117mis. Pilnavertis maistas suaugusiems \u0161unims. Puikus vir\u0161kinamumas ir subtilus skonisSubalansuotas maistini\u0173 med\u017eiag\u0173, vitamin\u0173 ir mineral\u0173 kiekisBE GR\u016aD\u0172 \u2013 BE DRUSKOS \u2013 BE GMO Sud\u0117tis: \u0117riena (36 %), vi\u0161tiena (22 %), grikiai (4 %), obuolys (1 %), \u017eirni\u0173 miltai, lignoceliulioz\u0117, la\u0161i\u0161\u0173 aliejus (0,5 %). Analitin\u0117 sud\u0117tis: \u017eali baltymai 8,0 %, \u017eali riebalai 5,0 %, l\u0105steliena 0,3 %, pelenai 2,7 %, dr\u0117gm\u0117 78,0 %, kalcis 0,3 %, fosforas 0,3 %, natris 0,5 %. Maistiniai priedai: vitaminas A (3a672a) 800 TV, vitaminas D3 (E671) 200 TV, vitaminas E (3a700) 100 mg, vitaminas B1 (3a821) 1,3 mg, biotinas (3a880) 0,5 mg, cinkas (3b606) 10 mg, gele\u017eis 6 mg, manganas (3b504) 2 mg, jodas (3b201) 0,5 mg. Metabolizuojama energija: 1,000 kcal\/kg Laikymas: Laikyti v\u0117sioje, sausoje vietoje. Atidarius konserv\u0105, laikyti \u0161aldytuve ir sunaudoti per 3 dienas.","og_url":"https:\/\/miumjau.ee\/lt\/produktas\/brit-premium-by-nature-sunu-konservai-eriena-ir-grikiai-800-g\/","og_site_name":"MiuMjau","article_publisher":"https:\/\/www.facebook.com\/miumjaupood\/","article_modified_time":"2026-01-07T18:48:08+00:00","og_image":[{"width":600,"height":800,"url":"https:\/\/miumjau.ee\/wp-content\/uploads\/2025\/03\/brit-premium-lammas-tatar2-Photoroom.webp","type":"image\/webp"}],"twitter_card":"summary_large_image","schema":{"@context":"https:\/\/schema.org","@graph":[{"@type":"WebPage","@id":"https:\/\/miumjau.ee\/lt\/produktas\/brit-premium-by-nature-sunu-konservai-eriena-ir-grikiai-800-g\/","url":"https:\/\/miumjau.ee\/lt\/produktas\/brit-premium-by-nature-sunu-konservai-eriena-ir-grikiai-800-g\/","name":"Brit Premium by Nature \u0161un\u0173 konservai \u2013 \u0117riena ir grikiai 800 g - MiuMjau","isPartOf":{"@id":"https:\/\/miumjau.ee\/#website"},"primaryImageOfPage":{"@id":"https:\/\/miumjau.ee\/lt\/produktas\/brit-premium-by-nature-sunu-konservai-eriena-ir-grikiai-800-g\/#primaryimage"},"image":{"@id":"https:\/\/miumjau.ee\/lt\/produktas\/brit-premium-by-nature-sunu-konservai-eriena-ir-grikiai-800-g\/#primaryimage"},"thumbnailUrl":"https:\/\/miumjau.ee\/wp-content\/uploads\/2025\/03\/brit-premium-lammas-tatar2-Photoroom.webp","datePublished":"2025-03-31T11:54:59+00:00","dateModified":"2026-01-07T18:48:08+00:00","breadcrumb":{"@id":"https:\/\/miumjau.ee\/lt\/produktas\/brit-premium-by-nature-sunu-konservai-eriena-ir-grikiai-800-g\/#breadcrumb"},"inLanguage":"lt-LT","potentialAction":[{"@type":"ReadAction","target":["https:\/\/miumjau.ee\/lt\/produktas\/brit-premium-by-nature-sunu-konservai-eriena-ir-grikiai-800-g\/"]}]},{"@type":"ImageObject","inLanguage":"lt-LT","@id":"https:\/\/miumjau.ee\/lt\/produktas\/brit-premium-by-nature-sunu-konservai-eriena-ir-grikiai-800-g\/#primaryimage","url":"https:\/\/miumjau.ee\/wp-content\/uploads\/2025\/03\/brit-premium-lammas-tatar2-Photoroom.webp","contentUrl":"https:\/\/miumjau.ee\/wp-content\/uploads\/2025\/03\/brit-premium-lammas-tatar2-Photoroom.webp","width":600,"height":800},{"@type":"BreadcrumbList","@id":"https:\/\/miumjau.ee\/lt\/produktas\/brit-premium-by-nature-sunu-konservai-eriena-ir-grikiai-800-g\/#breadcrumb","itemListElement":[{"@type":"ListItem","position":1,"name":"Home","item":"https:\/\/miumjau.ee\/lt\/"},{"@type":"ListItem","position":2,"name":"Parduotuv\u0117","item":"https:\/\/miumjau.ee\/lt\/parduotuve\/"},{"@type":"ListItem","position":3,"name":"Brit Premium by Nature \u0161un\u0173 konservai \u2013 \u0117riena ir grikiai 800 g"}]},{"@type":"WebSite","@id":"https:\/\/miumjau.ee\/#website","url":"https:\/\/miumjau.ee\/","name":"MiuMjau","description":"Kraapimispuud kassidele","publisher":{"@id":"https:\/\/miumjau.ee\/#organization"},"potentialAction":[{"@type":"SearchAction","target":{"@type":"EntryPoint","urlTemplate":"https:\/\/miumjau.ee\/?s={search_term_string}"},"query-input":{"@type":"PropertyValueSpecification","valueRequired":true,"valueName":"search_term_string"}}],"inLanguage":"lt-LT"},{"@type":"Organization","@id":"https:\/\/miumjau.ee\/#organization","name":"MiuMjau O\u00dc","url":"https:\/\/miumjau.ee\/","logo":{"@type":"ImageObject","inLanguage":"lt-LT","@id":"https:\/\/miumjau.ee\/#\/schema\/logo\/image\/","url":"https:\/\/miumjau.ee\/wp-content\/uploads\/2022\/04\/MiuMjau-logo-kollane.png","contentUrl":"https:\/\/miumjau.ee\/wp-content\/uploads\/2022\/04\/MiuMjau-logo-kollane.png","width":219,"height":100,"caption":"MiuMjau O\u00dc"},"image":{"@id":"https:\/\/miumjau.ee\/#\/schema\/logo\/image\/"},"sameAs":["https:\/\/www.facebook.com\/miumjaupood\/"]}]}},"_links":{"self":[{"href":"https:\/\/miumjau.ee\/lt\/wp-json\/wp\/v2\/product\/45886","targetHints":{"allow":["GET"]}}],"collection":[{"href":"https:\/\/miumjau.ee\/lt\/wp-json\/wp\/v2\/product"}],"about":[{"href":"https:\/\/miumjau.ee\/lt\/wp-json\/wp\/v2\/types\/product"}],"wp:featuredmedia":[{"embeddable":true,"href":"https:\/\/miumjau.ee\/lt\/wp-json\/wp\/v2\/media\/45884"}],"wp:attachment":[{"href":"https:\/\/miumjau.ee\/lt\/wp-json\/wp\/v2\/media?parent=45886"}],"wp:term":[{"taxonomy":"product_brand","embeddable":true,"href":"https:\/\/miumjau.ee\/lt\/wp-json\/wp\/v2\/product_brand?post=45886"},{"taxonomy":"product_cat","embeddable":true,"href":"https:\/\/miumjau.ee\/lt\/wp-json\/wp\/v2\/product_cat?post=45886"},{"taxonomy":"product_tag","embeddable":true,"href":"https:\/\/miumjau.ee\/lt\/wp-json\/wp\/v2\/product_tag?post=45886"}],"curies":[{"name":"wp","href":"https:\/\/api.w.org\/{rel}","templated":true}]}}