{"id":45840,"date":"2025-03-31T15:10:34","date_gmt":"2025-03-31T12:10:34","guid":{"rendered":"https:\/\/miumjau.ee\/toode\/brit-premium-by-nature-sunu-konservai-vistiena-ir-sirdeles-800-g\/"},"modified":"2026-01-07T20:48:15","modified_gmt":"2026-01-07T18:48:15","slug":"brit-premium-by-nature-sunu-konservai-vistiena-ir-sirdeles-800-g","status":"publish","type":"product","link":"https:\/\/miumjau.ee\/lt\/produktas\/brit-premium-by-nature-sunu-konservai-vistiena-ir-sirdeles-800-g\/","title":{"rendered":"Brit Premium by Nature \u0161un\u0173 konservai \u2013 vi\u0161tiena ir \u0161irdel\u0117s 800 g"},"content":{"rendered":"","protected":false},"excerpt":{"rendered":"<p data-start=\"3550\" data-end=\"3825\">Puikus priedas prie sauso maisto. Gali b\u016bti naudojamas kaip visavertis pa\u0161aras, u\u017ekandis arba skonis sustiprinimui suaugusiems \u0161unims bet kurios veisl\u0117s. Gerina maisto suvartojim\u0105 ir hidratacij\u0105. Sud\u0117tyje yra imunitet\u0105 palaikan\u010di\u0173 m\u0117lyni\u0173, la\u0161i\u0161\u0173 aliejaus, vaisi\u0173 ir \u017eoleli\u0173.<\/p>\n<p data-start=\"3827\" data-end=\"3908\">Visavertis pa\u0161aras suaugusiems \u0161unims. M\u0117si\u0161kas pa\u0161tetas su vi\u0161tienos \u0161irdel\u0117mis.<\/p>\n<p data-start=\"3910\" data-end=\"4057\"><strong data-start=\"3910\" data-end=\"3952\">Puikus vir\u0161kinamumas ir \u0161velnus skonis<\/strong><br data-start=\"3952\" data-end=\"3955\" \/><strong data-start=\"3955\" data-end=\"4020\">Subalansuotas maistini\u0173 med\u017eiag\u0173, vitamin\u0173 ir mineral\u0173 kiekis<\/strong><br data-start=\"4020\" data-end=\"4023\" \/><strong data-start=\"4023\" data-end=\"4057\">Be gr\u016bd\u0173 \u2013 be druskos \u2013 be GMO<\/strong><\/p>\n<p data-start=\"4059\" data-end=\"4194\"><strong data-start=\"4059\" data-end=\"4071\">Sud\u0117tis:<\/strong> vi\u0161tiena (58 %), vi\u0161tienos \u0161irdys (4 %), d\u017eiovintos m\u0117lyn\u0117s (1 %), \u017eirni\u0173 miltai, lignoceliulioz\u0117, la\u0161i\u0161\u0173 aliejus (0,5 %).<\/p>\n<p data-start=\"4196\" data-end=\"4352\"><strong data-start=\"4196\" data-end=\"4218\">Analitin\u0117 sud\u0117tis:<\/strong> \u017eali baltymai 8,0 %, \u017eali riebalai 6,0 %, l\u0105steliena 0,4 %, pelenai 2,9 %, dr\u0117gm\u0117 78,0 %, kalcis 0,3 %, fosforas 0,3 %, natris 0,5 %.<\/p>\n<p data-start=\"4354\" data-end=\"4594\"><strong data-start=\"4354\" data-end=\"4377\">Maistiniai priedai:<\/strong> vitaminas A (3a672a) 800 TV, vitaminas D3 (E671) 200 TV, vitaminas E (3a700) 100 mg, vitaminas B1 (3a821) 1,3 mg, biotinas (3a880) 0,5 mg, cinkas (3b606) 10 mg, gele\u017eis 6 mg, varis (3b502) 2 mg, jodas (3b201) 0,5 mg.<\/p>\n<p data-start=\"4596\" data-end=\"4639\"><strong data-start=\"4596\" data-end=\"4625\">Metabolizuojama energija:<\/strong> 1030 kcal\/kg.<\/p>\n","protected":false},"featured_media":45841,"template":"","meta":[],"product_brand":[],"product_cat":[539],"product_tag":[],"class_list":{"0":"post-45840","1":"product","2":"type-product","3":"status-publish","4":"has-post-thumbnail","6":"product_cat-slapias-maistas-sunims","8":"first","9":"instock","10":"taxable","11":"shipping-taxable","12":"purchasable","13":"product-type-simple"},"yoast_head":"<!-- This site is optimized with the Yoast SEO plugin v27.2 - https:\/\/yoast.com\/product\/yoast-seo-wordpress\/ -->\n<title>Brit Premium by Nature \u0161un\u0173 konservai \u2013 vi\u0161tiena ir \u0161irdel\u0117s 800 g - MiuMjau<\/title>\n<meta name=\"robots\" content=\"index, follow, max-snippet:-1, max-image-preview:large, max-video-preview:-1\" \/>\n<link rel=\"canonical\" href=\"https:\/\/miumjau.ee\/lt\/produktas\/brit-premium-by-nature-sunu-konservai-vistiena-ir-sirdeles-800-g\/\" \/>\n<meta property=\"og:locale\" content=\"lt_LT\" \/>\n<meta property=\"og:type\" content=\"article\" \/>\n<meta property=\"og:title\" content=\"Brit Premium by Nature \u0161un\u0173 konservai \u2013 vi\u0161tiena ir \u0161irdel\u0117s 800 g - MiuMjau\" \/>\n<meta property=\"og:description\" content=\"Puikus priedas prie sauso maisto. Gali b\u016bti naudojamas kaip visavertis pa\u0161aras, u\u017ekandis arba skonis sustiprinimui suaugusiems \u0161unims bet kurios veisl\u0117s. Gerina maisto suvartojim\u0105 ir hidratacij\u0105. Sud\u0117tyje yra imunitet\u0105 palaikan\u010di\u0173 m\u0117lyni\u0173, la\u0161i\u0161\u0173 aliejaus, vaisi\u0173 ir \u017eoleli\u0173. Visavertis pa\u0161aras suaugusiems \u0161unims. M\u0117si\u0161kas pa\u0161tetas su vi\u0161tienos \u0161irdel\u0117mis. Puikus vir\u0161kinamumas ir \u0161velnus skonisSubalansuotas maistini\u0173 med\u017eiag\u0173, vitamin\u0173 ir mineral\u0173 kiekisBe gr\u016bd\u0173 \u2013 be druskos \u2013 be GMO Sud\u0117tis: vi\u0161tiena (58 %), vi\u0161tienos \u0161irdys (4 %), d\u017eiovintos m\u0117lyn\u0117s (1 %), \u017eirni\u0173 miltai, lignoceliulioz\u0117, la\u0161i\u0161\u0173 aliejus (0,5 %). Analitin\u0117 sud\u0117tis: \u017eali baltymai 8,0 %, \u017eali riebalai 6,0 %, l\u0105steliena 0,4 %, pelenai 2,9 %, dr\u0117gm\u0117 78,0 %, kalcis 0,3 %, fosforas 0,3 %, natris 0,5 %. Maistiniai priedai: vitaminas A (3a672a) 800 TV, vitaminas D3 (E671) 200 TV, vitaminas E (3a700) 100 mg, vitaminas B1 (3a821) 1,3 mg, biotinas (3a880) 0,5 mg, cinkas (3b606) 10 mg, gele\u017eis 6 mg, varis (3b502) 2 mg, jodas (3b201) 0,5 mg. Metabolizuojama energija: 1030 kcal\/kg.\" \/>\n<meta property=\"og:url\" content=\"https:\/\/miumjau.ee\/lt\/produktas\/brit-premium-by-nature-sunu-konservai-vistiena-ir-sirdeles-800-g\/\" \/>\n<meta property=\"og:site_name\" content=\"MiuMjau\" \/>\n<meta property=\"article:publisher\" content=\"https:\/\/www.facebook.com\/miumjaupood\/\" \/>\n<meta property=\"article:modified_time\" content=\"2026-01-07T18:48:15+00:00\" \/>\n<meta property=\"og:image\" content=\"https:\/\/miumjau.ee\/wp-content\/uploads\/2025\/03\/brit-premium-koeratoit-kana-suda2-Photoroom.webp\" \/>\n\t<meta property=\"og:image:width\" content=\"600\" \/>\n\t<meta property=\"og:image:height\" content=\"800\" \/>\n\t<meta property=\"og:image:type\" content=\"image\/webp\" \/>\n<meta name=\"twitter:card\" content=\"summary_large_image\" \/>\n<script type=\"application\/ld+json\" class=\"yoast-schema-graph\">{\"@context\":\"https:\/\/schema.org\",\"@graph\":[{\"@type\":\"WebPage\",\"@id\":\"https:\/\/miumjau.ee\/lt\/produktas\/brit-premium-by-nature-sunu-konservai-vistiena-ir-sirdeles-800-g\/\",\"url\":\"https:\/\/miumjau.ee\/lt\/produktas\/brit-premium-by-nature-sunu-konservai-vistiena-ir-sirdeles-800-g\/\",\"name\":\"Brit Premium by Nature \u0161un\u0173 konservai \u2013 vi\u0161tiena ir \u0161irdel\u0117s 800 g - MiuMjau\",\"isPartOf\":{\"@id\":\"https:\/\/miumjau.ee\/#website\"},\"primaryImageOfPage\":{\"@id\":\"https:\/\/miumjau.ee\/lt\/produktas\/brit-premium-by-nature-sunu-konservai-vistiena-ir-sirdeles-800-g\/#primaryimage\"},\"image\":{\"@id\":\"https:\/\/miumjau.ee\/lt\/produktas\/brit-premium-by-nature-sunu-konservai-vistiena-ir-sirdeles-800-g\/#primaryimage\"},\"thumbnailUrl\":\"https:\/\/miumjau.ee\/wp-content\/uploads\/2025\/03\/brit-premium-koeratoit-kana-suda2-Photoroom.webp\",\"datePublished\":\"2025-03-31T12:10:34+00:00\",\"dateModified\":\"2026-01-07T18:48:15+00:00\",\"breadcrumb\":{\"@id\":\"https:\/\/miumjau.ee\/lt\/produktas\/brit-premium-by-nature-sunu-konservai-vistiena-ir-sirdeles-800-g\/#breadcrumb\"},\"inLanguage\":\"lt-LT\",\"potentialAction\":[{\"@type\":\"ReadAction\",\"target\":[\"https:\/\/miumjau.ee\/lt\/produktas\/brit-premium-by-nature-sunu-konservai-vistiena-ir-sirdeles-800-g\/\"]}]},{\"@type\":\"ImageObject\",\"inLanguage\":\"lt-LT\",\"@id\":\"https:\/\/miumjau.ee\/lt\/produktas\/brit-premium-by-nature-sunu-konservai-vistiena-ir-sirdeles-800-g\/#primaryimage\",\"url\":\"https:\/\/miumjau.ee\/wp-content\/uploads\/2025\/03\/brit-premium-koeratoit-kana-suda2-Photoroom.webp\",\"contentUrl\":\"https:\/\/miumjau.ee\/wp-content\/uploads\/2025\/03\/brit-premium-koeratoit-kana-suda2-Photoroom.webp\",\"width\":600,\"height\":800},{\"@type\":\"BreadcrumbList\",\"@id\":\"https:\/\/miumjau.ee\/lt\/produktas\/brit-premium-by-nature-sunu-konservai-vistiena-ir-sirdeles-800-g\/#breadcrumb\",\"itemListElement\":[{\"@type\":\"ListItem\",\"position\":1,\"name\":\"Home\",\"item\":\"https:\/\/miumjau.ee\/lt\/\"},{\"@type\":\"ListItem\",\"position\":2,\"name\":\"Parduotuv\u0117\",\"item\":\"https:\/\/miumjau.ee\/lt\/parduotuve\/\"},{\"@type\":\"ListItem\",\"position\":3,\"name\":\"Brit Premium by Nature \u0161un\u0173 konservai \u2013 vi\u0161tiena ir \u0161irdel\u0117s 800 g\"}]},{\"@type\":\"WebSite\",\"@id\":\"https:\/\/miumjau.ee\/#website\",\"url\":\"https:\/\/miumjau.ee\/\",\"name\":\"MiuMjau\",\"description\":\"Kraapimispuud kassidele\",\"publisher\":{\"@id\":\"https:\/\/miumjau.ee\/#organization\"},\"potentialAction\":[{\"@type\":\"SearchAction\",\"target\":{\"@type\":\"EntryPoint\",\"urlTemplate\":\"https:\/\/miumjau.ee\/?s={search_term_string}\"},\"query-input\":{\"@type\":\"PropertyValueSpecification\",\"valueRequired\":true,\"valueName\":\"search_term_string\"}}],\"inLanguage\":\"lt-LT\"},{\"@type\":\"Organization\",\"@id\":\"https:\/\/miumjau.ee\/#organization\",\"name\":\"MiuMjau O\u00dc\",\"url\":\"https:\/\/miumjau.ee\/\",\"logo\":{\"@type\":\"ImageObject\",\"inLanguage\":\"lt-LT\",\"@id\":\"https:\/\/miumjau.ee\/#\/schema\/logo\/image\/\",\"url\":\"https:\/\/miumjau.ee\/wp-content\/uploads\/2022\/04\/MiuMjau-logo-kollane.png\",\"contentUrl\":\"https:\/\/miumjau.ee\/wp-content\/uploads\/2022\/04\/MiuMjau-logo-kollane.png\",\"width\":219,\"height\":100,\"caption\":\"MiuMjau O\u00dc\"},\"image\":{\"@id\":\"https:\/\/miumjau.ee\/#\/schema\/logo\/image\/\"},\"sameAs\":[\"https:\/\/www.facebook.com\/miumjaupood\/\"]}]}<\/script>\n<!-- \/ Yoast SEO plugin. -->","yoast_head_json":{"title":"Brit Premium by Nature \u0161un\u0173 konservai \u2013 vi\u0161tiena ir \u0161irdel\u0117s 800 g - MiuMjau","robots":{"index":"index","follow":"follow","max-snippet":"max-snippet:-1","max-image-preview":"max-image-preview:large","max-video-preview":"max-video-preview:-1"},"canonical":"https:\/\/miumjau.ee\/lt\/produktas\/brit-premium-by-nature-sunu-konservai-vistiena-ir-sirdeles-800-g\/","og_locale":"lt_LT","og_type":"article","og_title":"Brit Premium by Nature \u0161un\u0173 konservai \u2013 vi\u0161tiena ir \u0161irdel\u0117s 800 g - MiuMjau","og_description":"Puikus priedas prie sauso maisto. Gali b\u016bti naudojamas kaip visavertis pa\u0161aras, u\u017ekandis arba skonis sustiprinimui suaugusiems \u0161unims bet kurios veisl\u0117s. Gerina maisto suvartojim\u0105 ir hidratacij\u0105. Sud\u0117tyje yra imunitet\u0105 palaikan\u010di\u0173 m\u0117lyni\u0173, la\u0161i\u0161\u0173 aliejaus, vaisi\u0173 ir \u017eoleli\u0173. Visavertis pa\u0161aras suaugusiems \u0161unims. M\u0117si\u0161kas pa\u0161tetas su vi\u0161tienos \u0161irdel\u0117mis. Puikus vir\u0161kinamumas ir \u0161velnus skonisSubalansuotas maistini\u0173 med\u017eiag\u0173, vitamin\u0173 ir mineral\u0173 kiekisBe gr\u016bd\u0173 \u2013 be druskos \u2013 be GMO Sud\u0117tis: vi\u0161tiena (58 %), vi\u0161tienos \u0161irdys (4 %), d\u017eiovintos m\u0117lyn\u0117s (1 %), \u017eirni\u0173 miltai, lignoceliulioz\u0117, la\u0161i\u0161\u0173 aliejus (0,5 %). Analitin\u0117 sud\u0117tis: \u017eali baltymai 8,0 %, \u017eali riebalai 6,0 %, l\u0105steliena 0,4 %, pelenai 2,9 %, dr\u0117gm\u0117 78,0 %, kalcis 0,3 %, fosforas 0,3 %, natris 0,5 %. Maistiniai priedai: vitaminas A (3a672a) 800 TV, vitaminas D3 (E671) 200 TV, vitaminas E (3a700) 100 mg, vitaminas B1 (3a821) 1,3 mg, biotinas (3a880) 0,5 mg, cinkas (3b606) 10 mg, gele\u017eis 6 mg, varis (3b502) 2 mg, jodas (3b201) 0,5 mg. Metabolizuojama energija: 1030 kcal\/kg.","og_url":"https:\/\/miumjau.ee\/lt\/produktas\/brit-premium-by-nature-sunu-konservai-vistiena-ir-sirdeles-800-g\/","og_site_name":"MiuMjau","article_publisher":"https:\/\/www.facebook.com\/miumjaupood\/","article_modified_time":"2026-01-07T18:48:15+00:00","og_image":[{"width":600,"height":800,"url":"https:\/\/miumjau.ee\/wp-content\/uploads\/2025\/03\/brit-premium-koeratoit-kana-suda2-Photoroom.webp","type":"image\/webp"}],"twitter_card":"summary_large_image","schema":{"@context":"https:\/\/schema.org","@graph":[{"@type":"WebPage","@id":"https:\/\/miumjau.ee\/lt\/produktas\/brit-premium-by-nature-sunu-konservai-vistiena-ir-sirdeles-800-g\/","url":"https:\/\/miumjau.ee\/lt\/produktas\/brit-premium-by-nature-sunu-konservai-vistiena-ir-sirdeles-800-g\/","name":"Brit Premium by Nature \u0161un\u0173 konservai \u2013 vi\u0161tiena ir \u0161irdel\u0117s 800 g - MiuMjau","isPartOf":{"@id":"https:\/\/miumjau.ee\/#website"},"primaryImageOfPage":{"@id":"https:\/\/miumjau.ee\/lt\/produktas\/brit-premium-by-nature-sunu-konservai-vistiena-ir-sirdeles-800-g\/#primaryimage"},"image":{"@id":"https:\/\/miumjau.ee\/lt\/produktas\/brit-premium-by-nature-sunu-konservai-vistiena-ir-sirdeles-800-g\/#primaryimage"},"thumbnailUrl":"https:\/\/miumjau.ee\/wp-content\/uploads\/2025\/03\/brit-premium-koeratoit-kana-suda2-Photoroom.webp","datePublished":"2025-03-31T12:10:34+00:00","dateModified":"2026-01-07T18:48:15+00:00","breadcrumb":{"@id":"https:\/\/miumjau.ee\/lt\/produktas\/brit-premium-by-nature-sunu-konservai-vistiena-ir-sirdeles-800-g\/#breadcrumb"},"inLanguage":"lt-LT","potentialAction":[{"@type":"ReadAction","target":["https:\/\/miumjau.ee\/lt\/produktas\/brit-premium-by-nature-sunu-konservai-vistiena-ir-sirdeles-800-g\/"]}]},{"@type":"ImageObject","inLanguage":"lt-LT","@id":"https:\/\/miumjau.ee\/lt\/produktas\/brit-premium-by-nature-sunu-konservai-vistiena-ir-sirdeles-800-g\/#primaryimage","url":"https:\/\/miumjau.ee\/wp-content\/uploads\/2025\/03\/brit-premium-koeratoit-kana-suda2-Photoroom.webp","contentUrl":"https:\/\/miumjau.ee\/wp-content\/uploads\/2025\/03\/brit-premium-koeratoit-kana-suda2-Photoroom.webp","width":600,"height":800},{"@type":"BreadcrumbList","@id":"https:\/\/miumjau.ee\/lt\/produktas\/brit-premium-by-nature-sunu-konservai-vistiena-ir-sirdeles-800-g\/#breadcrumb","itemListElement":[{"@type":"ListItem","position":1,"name":"Home","item":"https:\/\/miumjau.ee\/lt\/"},{"@type":"ListItem","position":2,"name":"Parduotuv\u0117","item":"https:\/\/miumjau.ee\/lt\/parduotuve\/"},{"@type":"ListItem","position":3,"name":"Brit Premium by Nature \u0161un\u0173 konservai \u2013 vi\u0161tiena ir \u0161irdel\u0117s 800 g"}]},{"@type":"WebSite","@id":"https:\/\/miumjau.ee\/#website","url":"https:\/\/miumjau.ee\/","name":"MiuMjau","description":"Kraapimispuud kassidele","publisher":{"@id":"https:\/\/miumjau.ee\/#organization"},"potentialAction":[{"@type":"SearchAction","target":{"@type":"EntryPoint","urlTemplate":"https:\/\/miumjau.ee\/?s={search_term_string}"},"query-input":{"@type":"PropertyValueSpecification","valueRequired":true,"valueName":"search_term_string"}}],"inLanguage":"lt-LT"},{"@type":"Organization","@id":"https:\/\/miumjau.ee\/#organization","name":"MiuMjau O\u00dc","url":"https:\/\/miumjau.ee\/","logo":{"@type":"ImageObject","inLanguage":"lt-LT","@id":"https:\/\/miumjau.ee\/#\/schema\/logo\/image\/","url":"https:\/\/miumjau.ee\/wp-content\/uploads\/2022\/04\/MiuMjau-logo-kollane.png","contentUrl":"https:\/\/miumjau.ee\/wp-content\/uploads\/2022\/04\/MiuMjau-logo-kollane.png","width":219,"height":100,"caption":"MiuMjau O\u00dc"},"image":{"@id":"https:\/\/miumjau.ee\/#\/schema\/logo\/image\/"},"sameAs":["https:\/\/www.facebook.com\/miumjaupood\/"]}]}},"_links":{"self":[{"href":"https:\/\/miumjau.ee\/lt\/wp-json\/wp\/v2\/product\/45840","targetHints":{"allow":["GET"]}}],"collection":[{"href":"https:\/\/miumjau.ee\/lt\/wp-json\/wp\/v2\/product"}],"about":[{"href":"https:\/\/miumjau.ee\/lt\/wp-json\/wp\/v2\/types\/product"}],"wp:featuredmedia":[{"embeddable":true,"href":"https:\/\/miumjau.ee\/lt\/wp-json\/wp\/v2\/media\/45841"}],"wp:attachment":[{"href":"https:\/\/miumjau.ee\/lt\/wp-json\/wp\/v2\/media?parent=45840"}],"wp:term":[{"taxonomy":"product_brand","embeddable":true,"href":"https:\/\/miumjau.ee\/lt\/wp-json\/wp\/v2\/product_brand?post=45840"},{"taxonomy":"product_cat","embeddable":true,"href":"https:\/\/miumjau.ee\/lt\/wp-json\/wp\/v2\/product_cat?post=45840"},{"taxonomy":"product_tag","embeddable":true,"href":"https:\/\/miumjau.ee\/lt\/wp-json\/wp\/v2\/product_tag?post=45840"}],"curies":[{"name":"wp","href":"https:\/\/api.w.org\/{rel}","templated":true}]}}