{"id":45833,"date":"2025-04-28T12:20:30","date_gmt":"2025-04-28T09:20:30","guid":{"rendered":"https:\/\/miumjau.ee\/toode\/kennels-favourite-sunu-konservai-su-jautiena-1240-g\/"},"modified":"2026-01-07T20:48:15","modified_gmt":"2026-01-07T18:48:15","slug":"kennels-favourite-sunu-konservai-su-jautiena-1240-g","status":"publish","type":"product","link":"https:\/\/miumjau.ee\/lt\/produktas\/kennels-favourite-sunu-konservai-su-jautiena-1240-g\/","title":{"rendered":"Kennels Favourite \u0161un\u0173 konservai su jautiena 1240 g"},"content":{"rendered":"","protected":false},"excerpt":{"rendered":"<p data-start=\"4471\" data-end=\"4754\">Kennels Favourite konservai yra praturtinti vitaminais ir be gr\u016bd\u0173. \u0160is pilnavertis, sultingas konservu maistas puikiai papildo j\u016bs\u0173 \u0161uns racion\u0105. Puikiai tinka kaip alternatyva arba papildas sausam pa\u0161arui. 100 g yra 93 kcal. N\u0117ra prid\u0117t\u0173 konservant\u0173, da\u017eikli\u0173 ar skonio stiprikli\u0173.<\/p>\n<p data-start=\"4756\" data-end=\"4869\"><strong data-start=\"4756\" data-end=\"4768\">Sud\u0117tis:<\/strong> m\u0117sa ir gyv\u016bniniai produktai (ma\u017eiausiai 4 % jautiena), augaliniai dariniai, vitaminai ir mineralai.<\/p>\n<p data-start=\"4871\" data-end=\"5207\"><strong data-start=\"4871\" data-end=\"4904\">Priedai (maistiniai priedai):<\/strong> Vitaminas A 2250 TV\/kg, vitaminas D3 328 TV\/kg, vitaminas E 26 mg\/kg, cinko sulfato monohidratas 24,0 mg\/kg, gele\u017eies(II) sulfato monohidratas 12,5 mg\/kg, vario sulfato pentahidratas 2,50 mg\/kg, mangano sulfato monohidratas 2,00 mg\/kg, natrio selenitas 0,04 mg\/kg, bevandenis kalcio jodatas 0,45 mg\/kg.<\/p>\n<p data-start=\"5209\" data-end=\"5331\"><strong data-start=\"5209\" data-end=\"5231\">Analitin\u0117 sud\u0117tis:<\/strong> \u017eali baltymai 10,0 %, \u017eali riebalai 6,0 %, \u017eali pelenai 3,0 %, \u017ealia l\u0105steliena 0,4 %, dr\u0117gm\u0117 80 %.<\/p>\n<p data-start=\"5333\" data-end=\"5580\"><strong data-start=\"5333\" data-end=\"5359\">\u0160\u0117rimo rekomendacijos:<\/strong> Vidutinio dyd\u017eio \u0161uniukui reikia \u00be\u2013\u00bd skardin\u0117s per dien\u0105. Didel\u0117s veisl\u0117s \u0161uniukui reikia 1\u20131\u2153 skardin\u0117s per dien\u0105. Labai didel\u0117s veisl\u0117s \u0161uniukui \u2014 1\u00bd\u20132\u00bc skardin\u0117s per dien\u0105. \u0160vie\u017eias vanduo visada turi b\u016bti prieinamas.<\/p>\n<p data-start=\"5582\" data-end=\"5771\"><strong data-start=\"5582\" data-end=\"5595\">Laikymas:<\/strong> Laikyti v\u0117sioje, sausoje vietoje. Atidarius laikyti \u0161aldytuve u\u017edarame inde ir suvartoti per 48 valandas. Geriausia patiekti kambario temperat\u016bros. Patiekti \u0161variame dubenyje.<\/p>\n","protected":false},"featured_media":45834,"template":"","meta":[],"product_brand":[],"product_cat":[539],"product_tag":[],"class_list":{"0":"post-45833","1":"product","2":"type-product","3":"status-publish","4":"has-post-thumbnail","6":"product_cat-slapias-maistas-sunims","8":"first","9":"instock","10":"sale","11":"taxable","12":"shipping-taxable","13":"purchasable","14":"product-type-simple"},"yoast_head":"<!-- This site is optimized with the Yoast SEO plugin v27.2 - https:\/\/yoast.com\/product\/yoast-seo-wordpress\/ -->\n<title>Kennels Favourite \u0161un\u0173 konservai su jautiena 1240 g - MiuMjau<\/title>\n<meta name=\"robots\" content=\"index, follow, max-snippet:-1, max-image-preview:large, max-video-preview:-1\" \/>\n<link rel=\"canonical\" href=\"https:\/\/miumjau.ee\/lt\/produktas\/kennels-favourite-sunu-konservai-su-jautiena-1240-g\/\" \/>\n<meta property=\"og:locale\" content=\"lt_LT\" \/>\n<meta property=\"og:type\" content=\"article\" \/>\n<meta property=\"og:title\" content=\"Kennels Favourite \u0161un\u0173 konservai su jautiena 1240 g - MiuMjau\" \/>\n<meta property=\"og:description\" content=\"Kennels Favourite konservai yra praturtinti vitaminais ir be gr\u016bd\u0173. \u0160is pilnavertis, sultingas konservu maistas puikiai papildo j\u016bs\u0173 \u0161uns racion\u0105. Puikiai tinka kaip alternatyva arba papildas sausam pa\u0161arui. 100 g yra 93 kcal. N\u0117ra prid\u0117t\u0173 konservant\u0173, da\u017eikli\u0173 ar skonio stiprikli\u0173. Sud\u0117tis: m\u0117sa ir gyv\u016bniniai produktai (ma\u017eiausiai 4 % jautiena), augaliniai dariniai, vitaminai ir mineralai. Priedai (maistiniai priedai): Vitaminas A 2250 TV\/kg, vitaminas D3 328 TV\/kg, vitaminas E 26 mg\/kg, cinko sulfato monohidratas 24,0 mg\/kg, gele\u017eies(II) sulfato monohidratas 12,5 mg\/kg, vario sulfato pentahidratas 2,50 mg\/kg, mangano sulfato monohidratas 2,00 mg\/kg, natrio selenitas 0,04 mg\/kg, bevandenis kalcio jodatas 0,45 mg\/kg. Analitin\u0117 sud\u0117tis: \u017eali baltymai 10,0 %, \u017eali riebalai 6,0 %, \u017eali pelenai 3,0 %, \u017ealia l\u0105steliena 0,4 %, dr\u0117gm\u0117 80 %. \u0160\u0117rimo rekomendacijos: Vidutinio dyd\u017eio \u0161uniukui reikia \u00be\u2013\u00bd skardin\u0117s per dien\u0105. Didel\u0117s veisl\u0117s \u0161uniukui reikia 1\u20131\u2153 skardin\u0117s per dien\u0105. Labai didel\u0117s veisl\u0117s \u0161uniukui \u2014 1\u00bd\u20132\u00bc skardin\u0117s per dien\u0105. \u0160vie\u017eias vanduo visada turi b\u016bti prieinamas. Laikymas: Laikyti v\u0117sioje, sausoje vietoje. Atidarius laikyti \u0161aldytuve u\u017edarame inde ir suvartoti per 48 valandas. Geriausia patiekti kambario temperat\u016bros. Patiekti \u0161variame dubenyje.\" \/>\n<meta property=\"og:url\" content=\"https:\/\/miumjau.ee\/lt\/produktas\/kennels-favourite-sunu-konservai-su-jautiena-1240-g\/\" \/>\n<meta property=\"og:site_name\" content=\"MiuMjau\" \/>\n<meta property=\"article:publisher\" content=\"https:\/\/www.facebook.com\/miumjaupood\/\" \/>\n<meta property=\"article:modified_time\" content=\"2026-01-07T18:48:15+00:00\" \/>\n<meta property=\"og:image\" content=\"https:\/\/miumjau.ee\/wp-content\/uploads\/2025\/04\/kennels-favourite-konserv-koerale7-Photoroom.webp\" \/>\n\t<meta property=\"og:image:width\" content=\"600\" \/>\n\t<meta property=\"og:image:height\" content=\"800\" \/>\n\t<meta property=\"og:image:type\" content=\"image\/webp\" \/>\n<meta name=\"twitter:card\" content=\"summary_large_image\" \/>\n<script type=\"application\/ld+json\" class=\"yoast-schema-graph\">{\"@context\":\"https:\/\/schema.org\",\"@graph\":[{\"@type\":\"WebPage\",\"@id\":\"https:\/\/miumjau.ee\/lt\/produktas\/kennels-favourite-sunu-konservai-su-jautiena-1240-g\/\",\"url\":\"https:\/\/miumjau.ee\/lt\/produktas\/kennels-favourite-sunu-konservai-su-jautiena-1240-g\/\",\"name\":\"Kennels Favourite \u0161un\u0173 konservai su jautiena 1240 g - MiuMjau\",\"isPartOf\":{\"@id\":\"https:\/\/miumjau.ee\/#website\"},\"primaryImageOfPage\":{\"@id\":\"https:\/\/miumjau.ee\/lt\/produktas\/kennels-favourite-sunu-konservai-su-jautiena-1240-g\/#primaryimage\"},\"image\":{\"@id\":\"https:\/\/miumjau.ee\/lt\/produktas\/kennels-favourite-sunu-konservai-su-jautiena-1240-g\/#primaryimage\"},\"thumbnailUrl\":\"https:\/\/miumjau.ee\/wp-content\/uploads\/2025\/04\/kennels-favourite-konserv-koerale7-Photoroom.webp\",\"datePublished\":\"2025-04-28T09:20:30+00:00\",\"dateModified\":\"2026-01-07T18:48:15+00:00\",\"breadcrumb\":{\"@id\":\"https:\/\/miumjau.ee\/lt\/produktas\/kennels-favourite-sunu-konservai-su-jautiena-1240-g\/#breadcrumb\"},\"inLanguage\":\"lt-LT\",\"potentialAction\":[{\"@type\":\"ReadAction\",\"target\":[\"https:\/\/miumjau.ee\/lt\/produktas\/kennels-favourite-sunu-konservai-su-jautiena-1240-g\/\"]}]},{\"@type\":\"ImageObject\",\"inLanguage\":\"lt-LT\",\"@id\":\"https:\/\/miumjau.ee\/lt\/produktas\/kennels-favourite-sunu-konservai-su-jautiena-1240-g\/#primaryimage\",\"url\":\"https:\/\/miumjau.ee\/wp-content\/uploads\/2025\/04\/kennels-favourite-konserv-koerale7-Photoroom.webp\",\"contentUrl\":\"https:\/\/miumjau.ee\/wp-content\/uploads\/2025\/04\/kennels-favourite-konserv-koerale7-Photoroom.webp\",\"width\":600,\"height\":800},{\"@type\":\"BreadcrumbList\",\"@id\":\"https:\/\/miumjau.ee\/lt\/produktas\/kennels-favourite-sunu-konservai-su-jautiena-1240-g\/#breadcrumb\",\"itemListElement\":[{\"@type\":\"ListItem\",\"position\":1,\"name\":\"Home\",\"item\":\"https:\/\/miumjau.ee\/lt\/\"},{\"@type\":\"ListItem\",\"position\":2,\"name\":\"Parduotuv\u0117\",\"item\":\"https:\/\/miumjau.ee\/lt\/parduotuve\/\"},{\"@type\":\"ListItem\",\"position\":3,\"name\":\"Kennels Favourite \u0161un\u0173 konservai su jautiena 1240 g\"}]},{\"@type\":\"WebSite\",\"@id\":\"https:\/\/miumjau.ee\/#website\",\"url\":\"https:\/\/miumjau.ee\/\",\"name\":\"MiuMjau\",\"description\":\"Kraapimispuud kassidele\",\"publisher\":{\"@id\":\"https:\/\/miumjau.ee\/#organization\"},\"potentialAction\":[{\"@type\":\"SearchAction\",\"target\":{\"@type\":\"EntryPoint\",\"urlTemplate\":\"https:\/\/miumjau.ee\/?s={search_term_string}\"},\"query-input\":{\"@type\":\"PropertyValueSpecification\",\"valueRequired\":true,\"valueName\":\"search_term_string\"}}],\"inLanguage\":\"lt-LT\"},{\"@type\":\"Organization\",\"@id\":\"https:\/\/miumjau.ee\/#organization\",\"name\":\"MiuMjau O\u00dc\",\"url\":\"https:\/\/miumjau.ee\/\",\"logo\":{\"@type\":\"ImageObject\",\"inLanguage\":\"lt-LT\",\"@id\":\"https:\/\/miumjau.ee\/#\/schema\/logo\/image\/\",\"url\":\"https:\/\/miumjau.ee\/wp-content\/uploads\/2022\/04\/MiuMjau-logo-kollane.png\",\"contentUrl\":\"https:\/\/miumjau.ee\/wp-content\/uploads\/2022\/04\/MiuMjau-logo-kollane.png\",\"width\":219,\"height\":100,\"caption\":\"MiuMjau O\u00dc\"},\"image\":{\"@id\":\"https:\/\/miumjau.ee\/#\/schema\/logo\/image\/\"},\"sameAs\":[\"https:\/\/www.facebook.com\/miumjaupood\/\"]}]}<\/script>\n<!-- \/ Yoast SEO plugin. -->","yoast_head_json":{"title":"Kennels Favourite \u0161un\u0173 konservai su jautiena 1240 g - MiuMjau","robots":{"index":"index","follow":"follow","max-snippet":"max-snippet:-1","max-image-preview":"max-image-preview:large","max-video-preview":"max-video-preview:-1"},"canonical":"https:\/\/miumjau.ee\/lt\/produktas\/kennels-favourite-sunu-konservai-su-jautiena-1240-g\/","og_locale":"lt_LT","og_type":"article","og_title":"Kennels Favourite \u0161un\u0173 konservai su jautiena 1240 g - MiuMjau","og_description":"Kennels Favourite konservai yra praturtinti vitaminais ir be gr\u016bd\u0173. \u0160is pilnavertis, sultingas konservu maistas puikiai papildo j\u016bs\u0173 \u0161uns racion\u0105. Puikiai tinka kaip alternatyva arba papildas sausam pa\u0161arui. 100 g yra 93 kcal. N\u0117ra prid\u0117t\u0173 konservant\u0173, da\u017eikli\u0173 ar skonio stiprikli\u0173. Sud\u0117tis: m\u0117sa ir gyv\u016bniniai produktai (ma\u017eiausiai 4 % jautiena), augaliniai dariniai, vitaminai ir mineralai. Priedai (maistiniai priedai): Vitaminas A 2250 TV\/kg, vitaminas D3 328 TV\/kg, vitaminas E 26 mg\/kg, cinko sulfato monohidratas 24,0 mg\/kg, gele\u017eies(II) sulfato monohidratas 12,5 mg\/kg, vario sulfato pentahidratas 2,50 mg\/kg, mangano sulfato monohidratas 2,00 mg\/kg, natrio selenitas 0,04 mg\/kg, bevandenis kalcio jodatas 0,45 mg\/kg. Analitin\u0117 sud\u0117tis: \u017eali baltymai 10,0 %, \u017eali riebalai 6,0 %, \u017eali pelenai 3,0 %, \u017ealia l\u0105steliena 0,4 %, dr\u0117gm\u0117 80 %. \u0160\u0117rimo rekomendacijos: Vidutinio dyd\u017eio \u0161uniukui reikia \u00be\u2013\u00bd skardin\u0117s per dien\u0105. Didel\u0117s veisl\u0117s \u0161uniukui reikia 1\u20131\u2153 skardin\u0117s per dien\u0105. Labai didel\u0117s veisl\u0117s \u0161uniukui \u2014 1\u00bd\u20132\u00bc skardin\u0117s per dien\u0105. \u0160vie\u017eias vanduo visada turi b\u016bti prieinamas. Laikymas: Laikyti v\u0117sioje, sausoje vietoje. Atidarius laikyti \u0161aldytuve u\u017edarame inde ir suvartoti per 48 valandas. Geriausia patiekti kambario temperat\u016bros. Patiekti \u0161variame dubenyje.","og_url":"https:\/\/miumjau.ee\/lt\/produktas\/kennels-favourite-sunu-konservai-su-jautiena-1240-g\/","og_site_name":"MiuMjau","article_publisher":"https:\/\/www.facebook.com\/miumjaupood\/","article_modified_time":"2026-01-07T18:48:15+00:00","og_image":[{"width":600,"height":800,"url":"https:\/\/miumjau.ee\/wp-content\/uploads\/2025\/04\/kennels-favourite-konserv-koerale7-Photoroom.webp","type":"image\/webp"}],"twitter_card":"summary_large_image","schema":{"@context":"https:\/\/schema.org","@graph":[{"@type":"WebPage","@id":"https:\/\/miumjau.ee\/lt\/produktas\/kennels-favourite-sunu-konservai-su-jautiena-1240-g\/","url":"https:\/\/miumjau.ee\/lt\/produktas\/kennels-favourite-sunu-konservai-su-jautiena-1240-g\/","name":"Kennels Favourite \u0161un\u0173 konservai su jautiena 1240 g - MiuMjau","isPartOf":{"@id":"https:\/\/miumjau.ee\/#website"},"primaryImageOfPage":{"@id":"https:\/\/miumjau.ee\/lt\/produktas\/kennels-favourite-sunu-konservai-su-jautiena-1240-g\/#primaryimage"},"image":{"@id":"https:\/\/miumjau.ee\/lt\/produktas\/kennels-favourite-sunu-konservai-su-jautiena-1240-g\/#primaryimage"},"thumbnailUrl":"https:\/\/miumjau.ee\/wp-content\/uploads\/2025\/04\/kennels-favourite-konserv-koerale7-Photoroom.webp","datePublished":"2025-04-28T09:20:30+00:00","dateModified":"2026-01-07T18:48:15+00:00","breadcrumb":{"@id":"https:\/\/miumjau.ee\/lt\/produktas\/kennels-favourite-sunu-konservai-su-jautiena-1240-g\/#breadcrumb"},"inLanguage":"lt-LT","potentialAction":[{"@type":"ReadAction","target":["https:\/\/miumjau.ee\/lt\/produktas\/kennels-favourite-sunu-konservai-su-jautiena-1240-g\/"]}]},{"@type":"ImageObject","inLanguage":"lt-LT","@id":"https:\/\/miumjau.ee\/lt\/produktas\/kennels-favourite-sunu-konservai-su-jautiena-1240-g\/#primaryimage","url":"https:\/\/miumjau.ee\/wp-content\/uploads\/2025\/04\/kennels-favourite-konserv-koerale7-Photoroom.webp","contentUrl":"https:\/\/miumjau.ee\/wp-content\/uploads\/2025\/04\/kennels-favourite-konserv-koerale7-Photoroom.webp","width":600,"height":800},{"@type":"BreadcrumbList","@id":"https:\/\/miumjau.ee\/lt\/produktas\/kennels-favourite-sunu-konservai-su-jautiena-1240-g\/#breadcrumb","itemListElement":[{"@type":"ListItem","position":1,"name":"Home","item":"https:\/\/miumjau.ee\/lt\/"},{"@type":"ListItem","position":2,"name":"Parduotuv\u0117","item":"https:\/\/miumjau.ee\/lt\/parduotuve\/"},{"@type":"ListItem","position":3,"name":"Kennels Favourite \u0161un\u0173 konservai su jautiena 1240 g"}]},{"@type":"WebSite","@id":"https:\/\/miumjau.ee\/#website","url":"https:\/\/miumjau.ee\/","name":"MiuMjau","description":"Kraapimispuud kassidele","publisher":{"@id":"https:\/\/miumjau.ee\/#organization"},"potentialAction":[{"@type":"SearchAction","target":{"@type":"EntryPoint","urlTemplate":"https:\/\/miumjau.ee\/?s={search_term_string}"},"query-input":{"@type":"PropertyValueSpecification","valueRequired":true,"valueName":"search_term_string"}}],"inLanguage":"lt-LT"},{"@type":"Organization","@id":"https:\/\/miumjau.ee\/#organization","name":"MiuMjau O\u00dc","url":"https:\/\/miumjau.ee\/","logo":{"@type":"ImageObject","inLanguage":"lt-LT","@id":"https:\/\/miumjau.ee\/#\/schema\/logo\/image\/","url":"https:\/\/miumjau.ee\/wp-content\/uploads\/2022\/04\/MiuMjau-logo-kollane.png","contentUrl":"https:\/\/miumjau.ee\/wp-content\/uploads\/2022\/04\/MiuMjau-logo-kollane.png","width":219,"height":100,"caption":"MiuMjau O\u00dc"},"image":{"@id":"https:\/\/miumjau.ee\/#\/schema\/logo\/image\/"},"sameAs":["https:\/\/www.facebook.com\/miumjaupood\/"]}]}},"_links":{"self":[{"href":"https:\/\/miumjau.ee\/lt\/wp-json\/wp\/v2\/product\/45833","targetHints":{"allow":["GET"]}}],"collection":[{"href":"https:\/\/miumjau.ee\/lt\/wp-json\/wp\/v2\/product"}],"about":[{"href":"https:\/\/miumjau.ee\/lt\/wp-json\/wp\/v2\/types\/product"}],"wp:featuredmedia":[{"embeddable":true,"href":"https:\/\/miumjau.ee\/lt\/wp-json\/wp\/v2\/media\/45834"}],"wp:attachment":[{"href":"https:\/\/miumjau.ee\/lt\/wp-json\/wp\/v2\/media?parent=45833"}],"wp:term":[{"taxonomy":"product_brand","embeddable":true,"href":"https:\/\/miumjau.ee\/lt\/wp-json\/wp\/v2\/product_brand?post=45833"},{"taxonomy":"product_cat","embeddable":true,"href":"https:\/\/miumjau.ee\/lt\/wp-json\/wp\/v2\/product_cat?post=45833"},{"taxonomy":"product_tag","embeddable":true,"href":"https:\/\/miumjau.ee\/lt\/wp-json\/wp\/v2\/product_tag?post=45833"}],"curies":[{"name":"wp","href":"https:\/\/api.w.org\/{rel}","templated":true}]}}