{"id":45678,"date":"2025-11-24T20:47:40","date_gmt":"2025-11-24T18:47:40","guid":{"rendered":"https:\/\/miumjau.ee\/toode\/ibero-natural-saltai-spaustas-pasaras-m-l-adult-su-eriena-3-kg\/"},"modified":"2026-01-07T20:48:29","modified_gmt":"2026-01-07T18:48:29","slug":"ibero-natural-saltai-spaustas-pasaras-m-l-adult-su-eriena-3-kg","status":"publish","type":"product","link":"https:\/\/miumjau.ee\/lt\/produktas\/ibero-natural-saltai-spaustas-pasaras-m-l-adult-su-eriena-3-kg\/","title":{"rendered":"Ibero Natural \u0161altai spaustas pa\u0161aras M\/L Adult su \u0117riena 3 kg"},"content":{"rendered":"","protected":false},"excerpt":{"rendered":"<p data-start=\"7639\" data-end=\"7794\">Visavertis \u0161altai spaustas pa\u0161aras, kuriame yra visi reikalingi maisto med\u017eiag\u0173 vidutini\u0173 ir dideli\u0173 veisli\u0173 suaugusiems \u0161unims (su didesniais grudeliais).<\/p>\n<p data-start=\"7796\" data-end=\"7850\">Pa\u0161aras atsi\u017evelgia \u012f \u0161i\u0173 dyd\u017ei\u0173 poreikius, \u012fskaitant:<\/p>\n<ul data-start=\"7852\" data-end=\"8315\">\n<li data-start=\"7852\" data-end=\"7981\">\n<p data-start=\"7854\" data-end=\"7981\">labai koncentruota formul\u0117 \u2013 \u0161uo gauna lengvai vir\u0161kinam\u0105 maist\u0105 ma\u017eesne porcija, o tai suma\u017eina skrand\u017eio apsivertimo rizik\u0105<\/p>\n<\/li>\n<li data-start=\"7982\" data-end=\"8078\">\n<p data-start=\"7984\" data-end=\"8078\">turtingas skonis d\u0117l i\u0161saugot\u0173 nat\u016brali\u0173 maistini\u0173 med\u017eiag\u0173 ir aromat\u0173, kurie didina apetit\u0105<\/p>\n<\/li>\n<li data-start=\"8079\" data-end=\"8131\">\n<p data-start=\"8081\" data-end=\"8131\">gliukozaminas ir chondroitinas s\u0105nari\u0173 sveikatai<\/p>\n<\/li>\n<li data-start=\"8132\" data-end=\"8181\">\n<p data-start=\"8134\" data-end=\"8181\">beta-gliukanai imunin\u0117s sistemos pusiausvyrai<\/p>\n<\/li>\n<li data-start=\"8182\" data-end=\"8268\">\n<p data-start=\"8184\" data-end=\"8268\">neso\u010diosios riebal\u0173 r\u016bg\u0161tys u\u017edegim\u0173 prevencijai ir organizmo funkcijoms palaikyti<\/p>\n<\/li>\n<li data-start=\"8269\" data-end=\"8315\">\n<p data-start=\"8271\" data-end=\"8315\">biotinas ir cinkas sveikai odai ir kailiui<\/p>\n<\/li>\n<\/ul>\n<p data-start=\"8317\" data-end=\"8418\">D\u0117l gamybos technologijos \u0161is pa\u0161aras ypa\u010d tinka aktyviems \u0161unims bei n\u0117\u0161\u010dioms ir \u017eindan\u010dioms kal\u0117ms.<\/p>\n<p data-start=\"8420\" data-end=\"8827\"><strong data-start=\"8420\" data-end=\"8432\">Sud\u0117tis:<\/strong> D\u017eiovinta \u0117riena (30%), galvij\u0173 riebalai (14%), d\u017eiovinta saldi bulv\u0117, d\u017eiovinta bulv\u0117, ry\u017ei\u0173 miltai (8%), avi\u017e\u0173 dribsniai (4%), \u0117rienos kepenys (5%), d\u017eiovintas moli\u016bgas (2%), d\u017eiovintos \u0117rienos kepenys (2%), kukur\u016bz\u0173 dribsniai, d\u017eiovintos morkos (1,2%), lin\u0173 s\u0117menys, cikorij\u0173 ekstraktas, d\u017eiovinti \u017eoleliai, beta-gliukanai, gliukozaminas, chondroitino sulfatas, vitamin\u0173 ir mineral\u0173 mi\u0161inys.<\/p>\n<p data-start=\"8829\" data-end=\"8984\"><strong data-start=\"8829\" data-end=\"8851\">Analitin\u0117 sud\u0117tis:<\/strong> \u017dali baltymai 24 %, \u017eali riebalai 14 %, \u017ealia l\u0105steliena 3,2 %, vitaminas A 17 331 TV, kalcis 1,10 %, fosforas 0,85 %, 3840 kcal\/kg.<\/p>\n<p data-start=\"8986\" data-end=\"9530\"><strong data-start=\"8986\" data-end=\"9001\">Priedai\/kg:<\/strong> vitaminas A 17 331 TV, vitaminas D3 1733 TV, vitaminas E 173 mg, vitaminas B1 5,09 mg, vitaminas B2 9 mg, vitaminas B6 6,9 mg, vitaminas B12 0,07 mg, vitaminas C 121 mg, niacinas 43,1 mg, pantoteno r\u016bg\u0161tis 17,8 mg, folio r\u016bg\u0161tis 0,69 mg, biotinas 0,43 mg, jodas 4,6 mg, selenas 0,38 mg, gele\u017eis 101 mg, varis 12,1 mg, cinkas 129 mg, manganas 12,1 mg, cholino chloridas 1872 mg, gliukozaminas 404 mg\/kg, chondroitino sulfatas 353 mg\/kg. Technologiniai priedai: antioksidantai (tokoferoliais turtingi augalini\u0173 aliej\u0173 ekstraktai).<\/p>\n<p data-start=\"9532\" data-end=\"9575\"><strong data-start=\"9532\" data-end=\"9561\">Metabolizuojama energija:<\/strong> 3840 kcal\/kg.<\/p>\n<p data-start=\"9577\" data-end=\"9946\"><strong data-start=\"9577\" data-end=\"9603\">\u0160\u0117rimo rekomendacijos:<\/strong> Pratinkite \u0161un\u012f prie naujo pa\u0161aro palaipsniui. U\u017etikrinkite nuolatin\u0119 prieig\u0105 prie \u0161vie\u017eio vandens. Kei\u010diant ekstruzin\u012f pa\u0161ar\u0105 \u012f \u0161altai spaust\u0105, per\u0117jim\u0105 atlikite per 7\u201310 dien\u0173, nes \u0161ie pa\u0161arai vir\u0161kinami skirtingai \u2013 \u0161altai spaustas i\u0161tirpsta skrandyje, o ekstruzinis i\u0161brinksta, tod\u0117l staigus pakeitimas gali sukelti vir\u0161kinimo sutrikimus.<\/p>\n<p data-start=\"9948\" data-end=\"10119\"><strong data-start=\"9948\" data-end=\"9982\">Rekomenduojamos dienos normos:<\/strong><br data-start=\"9982\" data-end=\"9985\" \/>10 kg \u2013 125 g; 12 kg \u2013 145 g; 15 kg \u2013 165 g; 20 kg \u2013 220 g; 25 kg \u2013 250 g; 30 kg \u2013 270 g; 35 kg \u2013 300 g; 40 kg \u2013 350 g; 50 kg \u2013 410 g.<\/p>\n","protected":false},"featured_media":44977,"template":"","meta":[],"product_brand":[],"product_cat":[538],"product_tag":[],"class_list":{"0":"post-45678","1":"product","2":"type-product","3":"status-publish","4":"has-post-thumbnail","6":"product_cat-sausas-maistas-sunims","8":"first","9":"instock","10":"sale","11":"taxable","12":"shipping-taxable","13":"purchasable","14":"product-type-simple"},"yoast_head":"<!-- This site is optimized with the Yoast SEO plugin v27.2 - https:\/\/yoast.com\/product\/yoast-seo-wordpress\/ -->\n<title>Ibero Natural \u0161altai spaustas pa\u0161aras M\/L Adult su \u0117riena 3 kg - MiuMjau<\/title>\n<meta name=\"robots\" content=\"index, follow, max-snippet:-1, max-image-preview:large, max-video-preview:-1\" \/>\n<link rel=\"canonical\" href=\"https:\/\/miumjau.ee\/lt\/produktas\/ibero-natural-saltai-spaustas-pasaras-m-l-adult-su-eriena-3-kg\/\" \/>\n<meta property=\"og:locale\" content=\"lt_LT\" \/>\n<meta property=\"og:type\" content=\"article\" \/>\n<meta property=\"og:title\" content=\"Ibero Natural \u0161altai spaustas pa\u0161aras M\/L Adult su \u0117riena 3 kg - MiuMjau\" \/>\n<meta property=\"og:description\" content=\"Visavertis \u0161altai spaustas pa\u0161aras, kuriame yra visi reikalingi maisto med\u017eiag\u0173 vidutini\u0173 ir dideli\u0173 veisli\u0173 suaugusiems \u0161unims (su didesniais grudeliais). Pa\u0161aras atsi\u017evelgia \u012f \u0161i\u0173 dyd\u017ei\u0173 poreikius, \u012fskaitant:     labai koncentruota formul\u0117 \u2013 \u0161uo gauna lengvai vir\u0161kinam\u0105 maist\u0105 ma\u017eesne porcija, o tai suma\u017eina skrand\u017eio apsivertimo rizik\u0105    turtingas skonis d\u0117l i\u0161saugot\u0173 nat\u016brali\u0173 maistini\u0173 med\u017eiag\u0173 ir aromat\u0173, kurie didina apetit\u0105    gliukozaminas ir chondroitinas s\u0105nari\u0173 sveikatai    beta-gliukanai imunin\u0117s sistemos pusiausvyrai    neso\u010diosios riebal\u0173 r\u016bg\u0161tys u\u017edegim\u0173 prevencijai ir organizmo funkcijoms palaikyti    biotinas ir cinkas sveikai odai ir kailiui   D\u0117l gamybos technologijos \u0161is pa\u0161aras ypa\u010d tinka aktyviems \u0161unims bei n\u0117\u0161\u010dioms ir \u017eindan\u010dioms kal\u0117ms. Sud\u0117tis: D\u017eiovinta \u0117riena (30%), galvij\u0173 riebalai (14%), d\u017eiovinta saldi bulv\u0117, d\u017eiovinta bulv\u0117, ry\u017ei\u0173 miltai (8%), avi\u017e\u0173 dribsniai (4%), \u0117rienos kepenys (5%), d\u017eiovintas moli\u016bgas (2%), d\u017eiovintos \u0117rienos kepenys (2%), kukur\u016bz\u0173 dribsniai, d\u017eiovintos morkos (1,2%), lin\u0173 s\u0117menys, cikorij\u0173 ekstraktas, d\u017eiovinti \u017eoleliai, beta-gliukanai, gliukozaminas, chondroitino sulfatas, vitamin\u0173 ir mineral\u0173 mi\u0161inys. Analitin\u0117 sud\u0117tis: \u017dali baltymai 24 %, \u017eali riebalai 14 %, \u017ealia l\u0105steliena 3,2 %, vitaminas A 17 331 TV, kalcis 1,10 %, fosforas 0,85 %, 3840 kcal\/kg. Priedai\/kg: vitaminas A 17 331 TV, vitaminas D3 1733 TV, vitaminas E 173 mg, vitaminas B1 5,09 mg, vitaminas B2 9 mg, vitaminas B6 6,9 mg, vitaminas B12 0,07 mg, vitaminas C 121 mg, niacinas 43,1 mg, pantoteno r\u016bg\u0161tis 17,8 mg, folio r\u016bg\u0161tis 0,69 mg, biotinas 0,43 mg, jodas 4,6 mg, selenas 0,38 mg, gele\u017eis 101 mg, varis 12,1 mg, cinkas 129 mg, manganas 12,1 mg, cholino chloridas 1872 mg, gliukozaminas 404 mg\/kg, chondroitino sulfatas 353 mg\/kg. Technologiniai priedai: antioksidantai (tokoferoliais turtingi augalini\u0173 aliej\u0173 ekstraktai). Metabolizuojama energija: 3840 kcal\/kg. \u0160\u0117rimo rekomendacijos: Pratinkite \u0161un\u012f prie naujo pa\u0161aro palaipsniui. U\u017etikrinkite nuolatin\u0119 prieig\u0105 prie \u0161vie\u017eio vandens. Kei\u010diant ekstruzin\u012f pa\u0161ar\u0105 \u012f \u0161altai spaust\u0105, per\u0117jim\u0105 atlikite per 7\u201310 dien\u0173, nes \u0161ie pa\u0161arai vir\u0161kinami skirtingai \u2013 \u0161altai spaustas i\u0161tirpsta skrandyje, o ekstruzinis i\u0161brinksta, tod\u0117l staigus pakeitimas gali sukelti vir\u0161kinimo sutrikimus. Rekomenduojamos dienos normos:10 kg \u2013 125 g; 12 kg \u2013 145 g; 15 kg \u2013 165 g; 20 kg \u2013 220 g; 25 kg \u2013 250 g; 30 kg \u2013 270 g; 35 kg \u2013 300 g; 40 kg \u2013 350 g; 50 kg \u2013 410 g.\" \/>\n<meta property=\"og:url\" content=\"https:\/\/miumjau.ee\/lt\/produktas\/ibero-natural-saltai-spaustas-pasaras-m-l-adult-su-eriena-3-kg\/\" \/>\n<meta property=\"og:site_name\" content=\"MiuMjau\" \/>\n<meta property=\"article:publisher\" content=\"https:\/\/www.facebook.com\/miumjaupood\/\" \/>\n<meta property=\"article:modified_time\" content=\"2026-01-07T18:48:29+00:00\" \/>\n<meta property=\"og:image\" content=\"https:\/\/miumjau.ee\/wp-content\/uploads\/2025\/11\/ibero-adult-ml-lamb-3kg-.jpg\" \/>\n\t<meta property=\"og:image:width\" content=\"600\" \/>\n\t<meta property=\"og:image:height\" content=\"800\" \/>\n\t<meta property=\"og:image:type\" content=\"image\/jpeg\" \/>\n<meta name=\"twitter:card\" content=\"summary_large_image\" \/>\n<script type=\"application\/ld+json\" class=\"yoast-schema-graph\">{\"@context\":\"https:\/\/schema.org\",\"@graph\":[{\"@type\":\"WebPage\",\"@id\":\"https:\/\/miumjau.ee\/lt\/produktas\/ibero-natural-saltai-spaustas-pasaras-m-l-adult-su-eriena-3-kg\/\",\"url\":\"https:\/\/miumjau.ee\/lt\/produktas\/ibero-natural-saltai-spaustas-pasaras-m-l-adult-su-eriena-3-kg\/\",\"name\":\"Ibero Natural \u0161altai spaustas pa\u0161aras M\/L Adult su \u0117riena 3 kg - MiuMjau\",\"isPartOf\":{\"@id\":\"https:\/\/miumjau.ee\/#website\"},\"primaryImageOfPage\":{\"@id\":\"https:\/\/miumjau.ee\/lt\/produktas\/ibero-natural-saltai-spaustas-pasaras-m-l-adult-su-eriena-3-kg\/#primaryimage\"},\"image\":{\"@id\":\"https:\/\/miumjau.ee\/lt\/produktas\/ibero-natural-saltai-spaustas-pasaras-m-l-adult-su-eriena-3-kg\/#primaryimage\"},\"thumbnailUrl\":\"https:\/\/miumjau.ee\/wp-content\/uploads\/2025\/11\/ibero-adult-ml-lamb-3kg-.jpg\",\"datePublished\":\"2025-11-24T18:47:40+00:00\",\"dateModified\":\"2026-01-07T18:48:29+00:00\",\"breadcrumb\":{\"@id\":\"https:\/\/miumjau.ee\/lt\/produktas\/ibero-natural-saltai-spaustas-pasaras-m-l-adult-su-eriena-3-kg\/#breadcrumb\"},\"inLanguage\":\"lt-LT\",\"potentialAction\":[{\"@type\":\"ReadAction\",\"target\":[\"https:\/\/miumjau.ee\/lt\/produktas\/ibero-natural-saltai-spaustas-pasaras-m-l-adult-su-eriena-3-kg\/\"]}]},{\"@type\":\"ImageObject\",\"inLanguage\":\"lt-LT\",\"@id\":\"https:\/\/miumjau.ee\/lt\/produktas\/ibero-natural-saltai-spaustas-pasaras-m-l-adult-su-eriena-3-kg\/#primaryimage\",\"url\":\"https:\/\/miumjau.ee\/wp-content\/uploads\/2025\/11\/ibero-adult-ml-lamb-3kg-.jpg\",\"contentUrl\":\"https:\/\/miumjau.ee\/wp-content\/uploads\/2025\/11\/ibero-adult-ml-lamb-3kg-.jpg\",\"width\":600,\"height\":800,\"caption\":\"Ibero Natural k\u00fclmpressitud toit M\/L Adult lambaga 3kg\"},{\"@type\":\"BreadcrumbList\",\"@id\":\"https:\/\/miumjau.ee\/lt\/produktas\/ibero-natural-saltai-spaustas-pasaras-m-l-adult-su-eriena-3-kg\/#breadcrumb\",\"itemListElement\":[{\"@type\":\"ListItem\",\"position\":1,\"name\":\"Home\",\"item\":\"https:\/\/miumjau.ee\/lt\/\"},{\"@type\":\"ListItem\",\"position\":2,\"name\":\"Parduotuv\u0117\",\"item\":\"https:\/\/miumjau.ee\/lt\/parduotuve\/\"},{\"@type\":\"ListItem\",\"position\":3,\"name\":\"Ibero Natural \u0161altai spaustas pa\u0161aras M\/L Adult su \u0117riena 3 kg\"}]},{\"@type\":\"WebSite\",\"@id\":\"https:\/\/miumjau.ee\/#website\",\"url\":\"https:\/\/miumjau.ee\/\",\"name\":\"MiuMjau\",\"description\":\"Kraapimispuud kassidele\",\"publisher\":{\"@id\":\"https:\/\/miumjau.ee\/#organization\"},\"potentialAction\":[{\"@type\":\"SearchAction\",\"target\":{\"@type\":\"EntryPoint\",\"urlTemplate\":\"https:\/\/miumjau.ee\/?s={search_term_string}\"},\"query-input\":{\"@type\":\"PropertyValueSpecification\",\"valueRequired\":true,\"valueName\":\"search_term_string\"}}],\"inLanguage\":\"lt-LT\"},{\"@type\":\"Organization\",\"@id\":\"https:\/\/miumjau.ee\/#organization\",\"name\":\"MiuMjau O\u00dc\",\"url\":\"https:\/\/miumjau.ee\/\",\"logo\":{\"@type\":\"ImageObject\",\"inLanguage\":\"lt-LT\",\"@id\":\"https:\/\/miumjau.ee\/#\/schema\/logo\/image\/\",\"url\":\"https:\/\/miumjau.ee\/wp-content\/uploads\/2022\/04\/MiuMjau-logo-kollane.png\",\"contentUrl\":\"https:\/\/miumjau.ee\/wp-content\/uploads\/2022\/04\/MiuMjau-logo-kollane.png\",\"width\":219,\"height\":100,\"caption\":\"MiuMjau O\u00dc\"},\"image\":{\"@id\":\"https:\/\/miumjau.ee\/#\/schema\/logo\/image\/\"},\"sameAs\":[\"https:\/\/www.facebook.com\/miumjaupood\/\"]}]}<\/script>\n<!-- \/ Yoast SEO plugin. -->","yoast_head_json":{"title":"Ibero Natural \u0161altai spaustas pa\u0161aras M\/L Adult su \u0117riena 3 kg - MiuMjau","robots":{"index":"index","follow":"follow","max-snippet":"max-snippet:-1","max-image-preview":"max-image-preview:large","max-video-preview":"max-video-preview:-1"},"canonical":"https:\/\/miumjau.ee\/lt\/produktas\/ibero-natural-saltai-spaustas-pasaras-m-l-adult-su-eriena-3-kg\/","og_locale":"lt_LT","og_type":"article","og_title":"Ibero Natural \u0161altai spaustas pa\u0161aras M\/L Adult su \u0117riena 3 kg - MiuMjau","og_description":"Visavertis \u0161altai spaustas pa\u0161aras, kuriame yra visi reikalingi maisto med\u017eiag\u0173 vidutini\u0173 ir dideli\u0173 veisli\u0173 suaugusiems \u0161unims (su didesniais grudeliais). Pa\u0161aras atsi\u017evelgia \u012f \u0161i\u0173 dyd\u017ei\u0173 poreikius, \u012fskaitant:     labai koncentruota formul\u0117 \u2013 \u0161uo gauna lengvai vir\u0161kinam\u0105 maist\u0105 ma\u017eesne porcija, o tai suma\u017eina skrand\u017eio apsivertimo rizik\u0105    turtingas skonis d\u0117l i\u0161saugot\u0173 nat\u016brali\u0173 maistini\u0173 med\u017eiag\u0173 ir aromat\u0173, kurie didina apetit\u0105    gliukozaminas ir chondroitinas s\u0105nari\u0173 sveikatai    beta-gliukanai imunin\u0117s sistemos pusiausvyrai    neso\u010diosios riebal\u0173 r\u016bg\u0161tys u\u017edegim\u0173 prevencijai ir organizmo funkcijoms palaikyti    biotinas ir cinkas sveikai odai ir kailiui   D\u0117l gamybos technologijos \u0161is pa\u0161aras ypa\u010d tinka aktyviems \u0161unims bei n\u0117\u0161\u010dioms ir \u017eindan\u010dioms kal\u0117ms. Sud\u0117tis: D\u017eiovinta \u0117riena (30%), galvij\u0173 riebalai (14%), d\u017eiovinta saldi bulv\u0117, d\u017eiovinta bulv\u0117, ry\u017ei\u0173 miltai (8%), avi\u017e\u0173 dribsniai (4%), \u0117rienos kepenys (5%), d\u017eiovintas moli\u016bgas (2%), d\u017eiovintos \u0117rienos kepenys (2%), kukur\u016bz\u0173 dribsniai, d\u017eiovintos morkos (1,2%), lin\u0173 s\u0117menys, cikorij\u0173 ekstraktas, d\u017eiovinti \u017eoleliai, beta-gliukanai, gliukozaminas, chondroitino sulfatas, vitamin\u0173 ir mineral\u0173 mi\u0161inys. Analitin\u0117 sud\u0117tis: \u017dali baltymai 24 %, \u017eali riebalai 14 %, \u017ealia l\u0105steliena 3,2 %, vitaminas A 17 331 TV, kalcis 1,10 %, fosforas 0,85 %, 3840 kcal\/kg. Priedai\/kg: vitaminas A 17 331 TV, vitaminas D3 1733 TV, vitaminas E 173 mg, vitaminas B1 5,09 mg, vitaminas B2 9 mg, vitaminas B6 6,9 mg, vitaminas B12 0,07 mg, vitaminas C 121 mg, niacinas 43,1 mg, pantoteno r\u016bg\u0161tis 17,8 mg, folio r\u016bg\u0161tis 0,69 mg, biotinas 0,43 mg, jodas 4,6 mg, selenas 0,38 mg, gele\u017eis 101 mg, varis 12,1 mg, cinkas 129 mg, manganas 12,1 mg, cholino chloridas 1872 mg, gliukozaminas 404 mg\/kg, chondroitino sulfatas 353 mg\/kg. Technologiniai priedai: antioksidantai (tokoferoliais turtingi augalini\u0173 aliej\u0173 ekstraktai). Metabolizuojama energija: 3840 kcal\/kg. \u0160\u0117rimo rekomendacijos: Pratinkite \u0161un\u012f prie naujo pa\u0161aro palaipsniui. U\u017etikrinkite nuolatin\u0119 prieig\u0105 prie \u0161vie\u017eio vandens. Kei\u010diant ekstruzin\u012f pa\u0161ar\u0105 \u012f \u0161altai spaust\u0105, per\u0117jim\u0105 atlikite per 7\u201310 dien\u0173, nes \u0161ie pa\u0161arai vir\u0161kinami skirtingai \u2013 \u0161altai spaustas i\u0161tirpsta skrandyje, o ekstruzinis i\u0161brinksta, tod\u0117l staigus pakeitimas gali sukelti vir\u0161kinimo sutrikimus. Rekomenduojamos dienos normos:10 kg \u2013 125 g; 12 kg \u2013 145 g; 15 kg \u2013 165 g; 20 kg \u2013 220 g; 25 kg \u2013 250 g; 30 kg \u2013 270 g; 35 kg \u2013 300 g; 40 kg \u2013 350 g; 50 kg \u2013 410 g.","og_url":"https:\/\/miumjau.ee\/lt\/produktas\/ibero-natural-saltai-spaustas-pasaras-m-l-adult-su-eriena-3-kg\/","og_site_name":"MiuMjau","article_publisher":"https:\/\/www.facebook.com\/miumjaupood\/","article_modified_time":"2026-01-07T18:48:29+00:00","og_image":[{"width":600,"height":800,"url":"https:\/\/miumjau.ee\/wp-content\/uploads\/2025\/11\/ibero-adult-ml-lamb-3kg-.jpg","type":"image\/jpeg"}],"twitter_card":"summary_large_image","schema":{"@context":"https:\/\/schema.org","@graph":[{"@type":"WebPage","@id":"https:\/\/miumjau.ee\/lt\/produktas\/ibero-natural-saltai-spaustas-pasaras-m-l-adult-su-eriena-3-kg\/","url":"https:\/\/miumjau.ee\/lt\/produktas\/ibero-natural-saltai-spaustas-pasaras-m-l-adult-su-eriena-3-kg\/","name":"Ibero Natural \u0161altai spaustas pa\u0161aras M\/L Adult su \u0117riena 3 kg - MiuMjau","isPartOf":{"@id":"https:\/\/miumjau.ee\/#website"},"primaryImageOfPage":{"@id":"https:\/\/miumjau.ee\/lt\/produktas\/ibero-natural-saltai-spaustas-pasaras-m-l-adult-su-eriena-3-kg\/#primaryimage"},"image":{"@id":"https:\/\/miumjau.ee\/lt\/produktas\/ibero-natural-saltai-spaustas-pasaras-m-l-adult-su-eriena-3-kg\/#primaryimage"},"thumbnailUrl":"https:\/\/miumjau.ee\/wp-content\/uploads\/2025\/11\/ibero-adult-ml-lamb-3kg-.jpg","datePublished":"2025-11-24T18:47:40+00:00","dateModified":"2026-01-07T18:48:29+00:00","breadcrumb":{"@id":"https:\/\/miumjau.ee\/lt\/produktas\/ibero-natural-saltai-spaustas-pasaras-m-l-adult-su-eriena-3-kg\/#breadcrumb"},"inLanguage":"lt-LT","potentialAction":[{"@type":"ReadAction","target":["https:\/\/miumjau.ee\/lt\/produktas\/ibero-natural-saltai-spaustas-pasaras-m-l-adult-su-eriena-3-kg\/"]}]},{"@type":"ImageObject","inLanguage":"lt-LT","@id":"https:\/\/miumjau.ee\/lt\/produktas\/ibero-natural-saltai-spaustas-pasaras-m-l-adult-su-eriena-3-kg\/#primaryimage","url":"https:\/\/miumjau.ee\/wp-content\/uploads\/2025\/11\/ibero-adult-ml-lamb-3kg-.jpg","contentUrl":"https:\/\/miumjau.ee\/wp-content\/uploads\/2025\/11\/ibero-adult-ml-lamb-3kg-.jpg","width":600,"height":800,"caption":"Ibero Natural k\u00fclmpressitud toit M\/L Adult lambaga 3kg"},{"@type":"BreadcrumbList","@id":"https:\/\/miumjau.ee\/lt\/produktas\/ibero-natural-saltai-spaustas-pasaras-m-l-adult-su-eriena-3-kg\/#breadcrumb","itemListElement":[{"@type":"ListItem","position":1,"name":"Home","item":"https:\/\/miumjau.ee\/lt\/"},{"@type":"ListItem","position":2,"name":"Parduotuv\u0117","item":"https:\/\/miumjau.ee\/lt\/parduotuve\/"},{"@type":"ListItem","position":3,"name":"Ibero Natural \u0161altai spaustas pa\u0161aras M\/L Adult su \u0117riena 3 kg"}]},{"@type":"WebSite","@id":"https:\/\/miumjau.ee\/#website","url":"https:\/\/miumjau.ee\/","name":"MiuMjau","description":"Kraapimispuud kassidele","publisher":{"@id":"https:\/\/miumjau.ee\/#organization"},"potentialAction":[{"@type":"SearchAction","target":{"@type":"EntryPoint","urlTemplate":"https:\/\/miumjau.ee\/?s={search_term_string}"},"query-input":{"@type":"PropertyValueSpecification","valueRequired":true,"valueName":"search_term_string"}}],"inLanguage":"lt-LT"},{"@type":"Organization","@id":"https:\/\/miumjau.ee\/#organization","name":"MiuMjau O\u00dc","url":"https:\/\/miumjau.ee\/","logo":{"@type":"ImageObject","inLanguage":"lt-LT","@id":"https:\/\/miumjau.ee\/#\/schema\/logo\/image\/","url":"https:\/\/miumjau.ee\/wp-content\/uploads\/2022\/04\/MiuMjau-logo-kollane.png","contentUrl":"https:\/\/miumjau.ee\/wp-content\/uploads\/2022\/04\/MiuMjau-logo-kollane.png","width":219,"height":100,"caption":"MiuMjau O\u00dc"},"image":{"@id":"https:\/\/miumjau.ee\/#\/schema\/logo\/image\/"},"sameAs":["https:\/\/www.facebook.com\/miumjaupood\/"]}]}},"_links":{"self":[{"href":"https:\/\/miumjau.ee\/lt\/wp-json\/wp\/v2\/product\/45678","targetHints":{"allow":["GET"]}}],"collection":[{"href":"https:\/\/miumjau.ee\/lt\/wp-json\/wp\/v2\/product"}],"about":[{"href":"https:\/\/miumjau.ee\/lt\/wp-json\/wp\/v2\/types\/product"}],"wp:featuredmedia":[{"embeddable":true,"href":"https:\/\/miumjau.ee\/lt\/wp-json\/wp\/v2\/media\/44977"}],"wp:attachment":[{"href":"https:\/\/miumjau.ee\/lt\/wp-json\/wp\/v2\/media?parent=45678"}],"wp:term":[{"taxonomy":"product_brand","embeddable":true,"href":"https:\/\/miumjau.ee\/lt\/wp-json\/wp\/v2\/product_brand?post=45678"},{"taxonomy":"product_cat","embeddable":true,"href":"https:\/\/miumjau.ee\/lt\/wp-json\/wp\/v2\/product_cat?post=45678"},{"taxonomy":"product_tag","embeddable":true,"href":"https:\/\/miumjau.ee\/lt\/wp-json\/wp\/v2\/product_tag?post=45678"}],"curies":[{"name":"wp","href":"https:\/\/api.w.org\/{rel}","templated":true}]}}