{"id":45672,"date":"2025-11-26T11:17:21","date_gmt":"2025-11-26T09:17:21","guid":{"rendered":"https:\/\/miumjau.ee\/toode\/ibero-natural-mini-adult-saltai-spaustas-maistas-su-eriena-3-kg\/"},"modified":"2026-01-07T20:48:29","modified_gmt":"2026-01-07T18:48:29","slug":"ibero-natural-mini-adult-saltai-spaustas-maistas-su-eriena-3-kg","status":"publish","type":"product","link":"https:\/\/miumjau.ee\/lt\/produktas\/ibero-natural-mini-adult-saltai-spaustas-maistas-su-eriena-3-kg\/","title":{"rendered":"Ibero Natural Mini Adult \u0161altai spaustas maistas su \u0117riena, 3 kg"},"content":{"rendered":"","protected":false},"excerpt":{"rendered":"<p data-start=\"5667\" data-end=\"5744\">\u0160altai spaustas visavertis pa\u0161aras ma\u017e\u0173 veisli\u0173 suaugusiems \u0161unims su \u0117riena.<\/p>\n<p data-start=\"5746\" data-end=\"5820\">Sujungia \u0161altai spausto maisto privalumus ir naujus Ibero linijos skonius.<\/p>\n<p data-start=\"5822\" data-end=\"5902\">Daug d\u017eiovintos m\u0117sos i\u0161 vietini\u0173 \u016bki\u0173.<br data-start=\"5861\" data-end=\"5864\" \/>100 % NAT\u016aRALUS \u2013 be chemikal\u0173 ir GMO.<\/p>\n<p data-start=\"5904\" data-end=\"5966\">\u0160altai spaustas maistas maistingesnis, tod\u0117l jo reikia ma\u017eiau.<\/p>\n<p data-start=\"5968\" data-end=\"6027\"><strong data-start=\"5968\" data-end=\"5978\">Tinka:<\/strong> stresuotiems \u0161unims, n\u0117\u0161\u010dioms kal\u0117ms, veis\u0117jams.<\/p>\n<p data-start=\"6029\" data-end=\"6122\"><strong data-start=\"6029\" data-end=\"6044\">Naudojimas:<\/strong><br data-start=\"6044\" data-end=\"6047\" \/>Palaipsniui pereikite prie naujo maisto.<br data-start=\"6087\" data-end=\"6090\" \/>Visada palikite \u0161vie\u017eio vandens.<\/p>\n<p data-start=\"6124\" data-end=\"6239\"><strong data-start=\"6124\" data-end=\"6136\">SUD\u0116TIS:<\/strong> D\u017eiovinta \u0117riena (32%), sald\u017eiosios bulv\u0117s, bulv\u0117s, jautienos riebalai (14%), ry\u017ei\u0173 miltai (8%) ir kt.<\/p>\n<p data-start=\"6241\" data-end=\"6322\"><strong data-start=\"6241\" data-end=\"6253\">ANALIZ\u0116:<\/strong> Baltymai 25 %, riebalai 14 %, l\u0105steliena 3,4 %, pelenai 6,8 % ir kt.<\/p>\n<p data-start=\"6324\" data-end=\"6384\"><strong data-start=\"6324\" data-end=\"6339\">Priedai\/kg:<\/strong> Vitaminai ir mineralai kaip angl\u0173 versijoje.<\/p>\n<p data-start=\"6386\" data-end=\"6424\"><strong data-start=\"6386\" data-end=\"6410\">Metabolin\u0117 energija:<\/strong> 3830 kcal\/kg.<\/p>\n<p data-start=\"6426\" data-end=\"6475\"><strong data-start=\"6426\" data-end=\"6443\">Dienos norma:<\/strong><br data-start=\"6443\" data-end=\"6446\" \/>1 kg \u2013 27 g \u2026 10 kg \u2013 115 g<\/p>\n","protected":false},"featured_media":45613,"template":"","meta":[],"product_brand":[],"product_cat":[538],"product_tag":[],"class_list":{"0":"post-45672","1":"product","2":"type-product","3":"status-publish","4":"has-post-thumbnail","6":"product_cat-sausas-maistas-sunims","8":"first","9":"instock","10":"sale","11":"taxable","12":"shipping-taxable","13":"purchasable","14":"product-type-simple"},"yoast_head":"<!-- This site is optimized with the Yoast SEO plugin v27.2 - https:\/\/yoast.com\/product\/yoast-seo-wordpress\/ -->\n<title>Ibero Natural Mini Adult \u0161altai spaustas maistas su \u0117riena, 3 kg - MiuMjau<\/title>\n<meta name=\"robots\" content=\"index, follow, max-snippet:-1, max-image-preview:large, max-video-preview:-1\" \/>\n<link rel=\"canonical\" href=\"https:\/\/miumjau.ee\/lt\/produktas\/ibero-natural-mini-adult-saltai-spaustas-maistas-su-eriena-3-kg\/\" \/>\n<meta property=\"og:locale\" content=\"lt_LT\" \/>\n<meta property=\"og:type\" content=\"article\" \/>\n<meta property=\"og:title\" content=\"Ibero Natural Mini Adult \u0161altai spaustas maistas su \u0117riena, 3 kg - MiuMjau\" \/>\n<meta property=\"og:description\" content=\"\u0160altai spaustas visavertis pa\u0161aras ma\u017e\u0173 veisli\u0173 suaugusiems \u0161unims su \u0117riena. Sujungia \u0161altai spausto maisto privalumus ir naujus Ibero linijos skonius. Daug d\u017eiovintos m\u0117sos i\u0161 vietini\u0173 \u016bki\u0173.100 % NAT\u016aRALUS \u2013 be chemikal\u0173 ir GMO. \u0160altai spaustas maistas maistingesnis, tod\u0117l jo reikia ma\u017eiau. Tinka: stresuotiems \u0161unims, n\u0117\u0161\u010dioms kal\u0117ms, veis\u0117jams. Naudojimas:Palaipsniui pereikite prie naujo maisto.Visada palikite \u0161vie\u017eio vandens. SUD\u0116TIS: D\u017eiovinta \u0117riena (32%), sald\u017eiosios bulv\u0117s, bulv\u0117s, jautienos riebalai (14%), ry\u017ei\u0173 miltai (8%) ir kt. ANALIZ\u0116: Baltymai 25 %, riebalai 14 %, l\u0105steliena 3,4 %, pelenai 6,8 % ir kt. Priedai\/kg: Vitaminai ir mineralai kaip angl\u0173 versijoje. Metabolin\u0117 energija: 3830 kcal\/kg. Dienos norma:1 kg \u2013 27 g \u2026 10 kg \u2013 115 g\" \/>\n<meta property=\"og:url\" content=\"https:\/\/miumjau.ee\/lt\/produktas\/ibero-natural-mini-adult-saltai-spaustas-maistas-su-eriena-3-kg\/\" \/>\n<meta property=\"og:site_name\" content=\"MiuMjau\" \/>\n<meta property=\"article:publisher\" content=\"https:\/\/www.facebook.com\/miumjaupood\/\" \/>\n<meta property=\"article:modified_time\" content=\"2026-01-07T18:48:29+00:00\" \/>\n<meta property=\"og:image\" content=\"https:\/\/miumjau.ee\/wp-content\/uploads\/2025\/11\/ibero-natural-kulmpress-mini-adult-lamb3.jpg\" \/>\n\t<meta property=\"og:image:width\" content=\"600\" \/>\n\t<meta property=\"og:image:height\" content=\"800\" \/>\n\t<meta property=\"og:image:type\" content=\"image\/jpeg\" \/>\n<meta name=\"twitter:card\" content=\"summary_large_image\" \/>\n<script type=\"application\/ld+json\" class=\"yoast-schema-graph\">{\"@context\":\"https:\/\/schema.org\",\"@graph\":[{\"@type\":\"WebPage\",\"@id\":\"https:\/\/miumjau.ee\/lt\/produktas\/ibero-natural-mini-adult-saltai-spaustas-maistas-su-eriena-3-kg\/\",\"url\":\"https:\/\/miumjau.ee\/lt\/produktas\/ibero-natural-mini-adult-saltai-spaustas-maistas-su-eriena-3-kg\/\",\"name\":\"Ibero Natural Mini Adult \u0161altai spaustas maistas su \u0117riena, 3 kg - MiuMjau\",\"isPartOf\":{\"@id\":\"https:\/\/miumjau.ee\/#website\"},\"primaryImageOfPage\":{\"@id\":\"https:\/\/miumjau.ee\/lt\/produktas\/ibero-natural-mini-adult-saltai-spaustas-maistas-su-eriena-3-kg\/#primaryimage\"},\"image\":{\"@id\":\"https:\/\/miumjau.ee\/lt\/produktas\/ibero-natural-mini-adult-saltai-spaustas-maistas-su-eriena-3-kg\/#primaryimage\"},\"thumbnailUrl\":\"https:\/\/miumjau.ee\/wp-content\/uploads\/2025\/11\/ibero-natural-kulmpress-mini-adult-lamb3.jpg\",\"datePublished\":\"2025-11-26T09:17:21+00:00\",\"dateModified\":\"2026-01-07T18:48:29+00:00\",\"breadcrumb\":{\"@id\":\"https:\/\/miumjau.ee\/lt\/produktas\/ibero-natural-mini-adult-saltai-spaustas-maistas-su-eriena-3-kg\/#breadcrumb\"},\"inLanguage\":\"lt-LT\",\"potentialAction\":[{\"@type\":\"ReadAction\",\"target\":[\"https:\/\/miumjau.ee\/lt\/produktas\/ibero-natural-mini-adult-saltai-spaustas-maistas-su-eriena-3-kg\/\"]}]},{\"@type\":\"ImageObject\",\"inLanguage\":\"lt-LT\",\"@id\":\"https:\/\/miumjau.ee\/lt\/produktas\/ibero-natural-mini-adult-saltai-spaustas-maistas-su-eriena-3-kg\/#primaryimage\",\"url\":\"https:\/\/miumjau.ee\/wp-content\/uploads\/2025\/11\/ibero-natural-kulmpress-mini-adult-lamb3.jpg\",\"contentUrl\":\"https:\/\/miumjau.ee\/wp-content\/uploads\/2025\/11\/ibero-natural-kulmpress-mini-adult-lamb3.jpg\",\"width\":600,\"height\":800,\"caption\":\"Ibero Natural Mini Adult k\u00fclmpressitud toit lambaga, 3kg\"},{\"@type\":\"BreadcrumbList\",\"@id\":\"https:\/\/miumjau.ee\/lt\/produktas\/ibero-natural-mini-adult-saltai-spaustas-maistas-su-eriena-3-kg\/#breadcrumb\",\"itemListElement\":[{\"@type\":\"ListItem\",\"position\":1,\"name\":\"Home\",\"item\":\"https:\/\/miumjau.ee\/lt\/\"},{\"@type\":\"ListItem\",\"position\":2,\"name\":\"Parduotuv\u0117\",\"item\":\"https:\/\/miumjau.ee\/lt\/parduotuve\/\"},{\"@type\":\"ListItem\",\"position\":3,\"name\":\"Ibero Natural Mini Adult \u0161altai spaustas maistas su \u0117riena, 3 kg\"}]},{\"@type\":\"WebSite\",\"@id\":\"https:\/\/miumjau.ee\/#website\",\"url\":\"https:\/\/miumjau.ee\/\",\"name\":\"MiuMjau\",\"description\":\"Kraapimispuud kassidele\",\"publisher\":{\"@id\":\"https:\/\/miumjau.ee\/#organization\"},\"potentialAction\":[{\"@type\":\"SearchAction\",\"target\":{\"@type\":\"EntryPoint\",\"urlTemplate\":\"https:\/\/miumjau.ee\/?s={search_term_string}\"},\"query-input\":{\"@type\":\"PropertyValueSpecification\",\"valueRequired\":true,\"valueName\":\"search_term_string\"}}],\"inLanguage\":\"lt-LT\"},{\"@type\":\"Organization\",\"@id\":\"https:\/\/miumjau.ee\/#organization\",\"name\":\"MiuMjau O\u00dc\",\"url\":\"https:\/\/miumjau.ee\/\",\"logo\":{\"@type\":\"ImageObject\",\"inLanguage\":\"lt-LT\",\"@id\":\"https:\/\/miumjau.ee\/#\/schema\/logo\/image\/\",\"url\":\"https:\/\/miumjau.ee\/wp-content\/uploads\/2022\/04\/MiuMjau-logo-kollane.png\",\"contentUrl\":\"https:\/\/miumjau.ee\/wp-content\/uploads\/2022\/04\/MiuMjau-logo-kollane.png\",\"width\":219,\"height\":100,\"caption\":\"MiuMjau O\u00dc\"},\"image\":{\"@id\":\"https:\/\/miumjau.ee\/#\/schema\/logo\/image\/\"},\"sameAs\":[\"https:\/\/www.facebook.com\/miumjaupood\/\"]}]}<\/script>\n<!-- \/ Yoast SEO plugin. -->","yoast_head_json":{"title":"Ibero Natural Mini Adult \u0161altai spaustas maistas su \u0117riena, 3 kg - MiuMjau","robots":{"index":"index","follow":"follow","max-snippet":"max-snippet:-1","max-image-preview":"max-image-preview:large","max-video-preview":"max-video-preview:-1"},"canonical":"https:\/\/miumjau.ee\/lt\/produktas\/ibero-natural-mini-adult-saltai-spaustas-maistas-su-eriena-3-kg\/","og_locale":"lt_LT","og_type":"article","og_title":"Ibero Natural Mini Adult \u0161altai spaustas maistas su \u0117riena, 3 kg - MiuMjau","og_description":"\u0160altai spaustas visavertis pa\u0161aras ma\u017e\u0173 veisli\u0173 suaugusiems \u0161unims su \u0117riena. Sujungia \u0161altai spausto maisto privalumus ir naujus Ibero linijos skonius. Daug d\u017eiovintos m\u0117sos i\u0161 vietini\u0173 \u016bki\u0173.100 % NAT\u016aRALUS \u2013 be chemikal\u0173 ir GMO. \u0160altai spaustas maistas maistingesnis, tod\u0117l jo reikia ma\u017eiau. Tinka: stresuotiems \u0161unims, n\u0117\u0161\u010dioms kal\u0117ms, veis\u0117jams. Naudojimas:Palaipsniui pereikite prie naujo maisto.Visada palikite \u0161vie\u017eio vandens. SUD\u0116TIS: D\u017eiovinta \u0117riena (32%), sald\u017eiosios bulv\u0117s, bulv\u0117s, jautienos riebalai (14%), ry\u017ei\u0173 miltai (8%) ir kt. ANALIZ\u0116: Baltymai 25 %, riebalai 14 %, l\u0105steliena 3,4 %, pelenai 6,8 % ir kt. Priedai\/kg: Vitaminai ir mineralai kaip angl\u0173 versijoje. Metabolin\u0117 energija: 3830 kcal\/kg. Dienos norma:1 kg \u2013 27 g \u2026 10 kg \u2013 115 g","og_url":"https:\/\/miumjau.ee\/lt\/produktas\/ibero-natural-mini-adult-saltai-spaustas-maistas-su-eriena-3-kg\/","og_site_name":"MiuMjau","article_publisher":"https:\/\/www.facebook.com\/miumjaupood\/","article_modified_time":"2026-01-07T18:48:29+00:00","og_image":[{"width":600,"height":800,"url":"https:\/\/miumjau.ee\/wp-content\/uploads\/2025\/11\/ibero-natural-kulmpress-mini-adult-lamb3.jpg","type":"image\/jpeg"}],"twitter_card":"summary_large_image","schema":{"@context":"https:\/\/schema.org","@graph":[{"@type":"WebPage","@id":"https:\/\/miumjau.ee\/lt\/produktas\/ibero-natural-mini-adult-saltai-spaustas-maistas-su-eriena-3-kg\/","url":"https:\/\/miumjau.ee\/lt\/produktas\/ibero-natural-mini-adult-saltai-spaustas-maistas-su-eriena-3-kg\/","name":"Ibero Natural Mini Adult \u0161altai spaustas maistas su \u0117riena, 3 kg - MiuMjau","isPartOf":{"@id":"https:\/\/miumjau.ee\/#website"},"primaryImageOfPage":{"@id":"https:\/\/miumjau.ee\/lt\/produktas\/ibero-natural-mini-adult-saltai-spaustas-maistas-su-eriena-3-kg\/#primaryimage"},"image":{"@id":"https:\/\/miumjau.ee\/lt\/produktas\/ibero-natural-mini-adult-saltai-spaustas-maistas-su-eriena-3-kg\/#primaryimage"},"thumbnailUrl":"https:\/\/miumjau.ee\/wp-content\/uploads\/2025\/11\/ibero-natural-kulmpress-mini-adult-lamb3.jpg","datePublished":"2025-11-26T09:17:21+00:00","dateModified":"2026-01-07T18:48:29+00:00","breadcrumb":{"@id":"https:\/\/miumjau.ee\/lt\/produktas\/ibero-natural-mini-adult-saltai-spaustas-maistas-su-eriena-3-kg\/#breadcrumb"},"inLanguage":"lt-LT","potentialAction":[{"@type":"ReadAction","target":["https:\/\/miumjau.ee\/lt\/produktas\/ibero-natural-mini-adult-saltai-spaustas-maistas-su-eriena-3-kg\/"]}]},{"@type":"ImageObject","inLanguage":"lt-LT","@id":"https:\/\/miumjau.ee\/lt\/produktas\/ibero-natural-mini-adult-saltai-spaustas-maistas-su-eriena-3-kg\/#primaryimage","url":"https:\/\/miumjau.ee\/wp-content\/uploads\/2025\/11\/ibero-natural-kulmpress-mini-adult-lamb3.jpg","contentUrl":"https:\/\/miumjau.ee\/wp-content\/uploads\/2025\/11\/ibero-natural-kulmpress-mini-adult-lamb3.jpg","width":600,"height":800,"caption":"Ibero Natural Mini Adult k\u00fclmpressitud toit lambaga, 3kg"},{"@type":"BreadcrumbList","@id":"https:\/\/miumjau.ee\/lt\/produktas\/ibero-natural-mini-adult-saltai-spaustas-maistas-su-eriena-3-kg\/#breadcrumb","itemListElement":[{"@type":"ListItem","position":1,"name":"Home","item":"https:\/\/miumjau.ee\/lt\/"},{"@type":"ListItem","position":2,"name":"Parduotuv\u0117","item":"https:\/\/miumjau.ee\/lt\/parduotuve\/"},{"@type":"ListItem","position":3,"name":"Ibero Natural Mini Adult \u0161altai spaustas maistas su \u0117riena, 3 kg"}]},{"@type":"WebSite","@id":"https:\/\/miumjau.ee\/#website","url":"https:\/\/miumjau.ee\/","name":"MiuMjau","description":"Kraapimispuud kassidele","publisher":{"@id":"https:\/\/miumjau.ee\/#organization"},"potentialAction":[{"@type":"SearchAction","target":{"@type":"EntryPoint","urlTemplate":"https:\/\/miumjau.ee\/?s={search_term_string}"},"query-input":{"@type":"PropertyValueSpecification","valueRequired":true,"valueName":"search_term_string"}}],"inLanguage":"lt-LT"},{"@type":"Organization","@id":"https:\/\/miumjau.ee\/#organization","name":"MiuMjau O\u00dc","url":"https:\/\/miumjau.ee\/","logo":{"@type":"ImageObject","inLanguage":"lt-LT","@id":"https:\/\/miumjau.ee\/#\/schema\/logo\/image\/","url":"https:\/\/miumjau.ee\/wp-content\/uploads\/2022\/04\/MiuMjau-logo-kollane.png","contentUrl":"https:\/\/miumjau.ee\/wp-content\/uploads\/2022\/04\/MiuMjau-logo-kollane.png","width":219,"height":100,"caption":"MiuMjau O\u00dc"},"image":{"@id":"https:\/\/miumjau.ee\/#\/schema\/logo\/image\/"},"sameAs":["https:\/\/www.facebook.com\/miumjaupood\/"]}]}},"_links":{"self":[{"href":"https:\/\/miumjau.ee\/lt\/wp-json\/wp\/v2\/product\/45672","targetHints":{"allow":["GET"]}}],"collection":[{"href":"https:\/\/miumjau.ee\/lt\/wp-json\/wp\/v2\/product"}],"about":[{"href":"https:\/\/miumjau.ee\/lt\/wp-json\/wp\/v2\/types\/product"}],"wp:featuredmedia":[{"embeddable":true,"href":"https:\/\/miumjau.ee\/lt\/wp-json\/wp\/v2\/media\/45613"}],"wp:attachment":[{"href":"https:\/\/miumjau.ee\/lt\/wp-json\/wp\/v2\/media?parent=45672"}],"wp:term":[{"taxonomy":"product_brand","embeddable":true,"href":"https:\/\/miumjau.ee\/lt\/wp-json\/wp\/v2\/product_brand?post=45672"},{"taxonomy":"product_cat","embeddable":true,"href":"https:\/\/miumjau.ee\/lt\/wp-json\/wp\/v2\/product_cat?post=45672"},{"taxonomy":"product_tag","embeddable":true,"href":"https:\/\/miumjau.ee\/lt\/wp-json\/wp\/v2\/product_tag?post=45672"}],"curies":[{"name":"wp","href":"https:\/\/api.w.org\/{rel}","templated":true}]}}