{"id":45667,"date":"2025-11-26T11:25:15","date_gmt":"2025-11-26T09:25:15","guid":{"rendered":"https:\/\/miumjau.ee\/toode\/ibero-natural-mini-junior-saltai-presuotas-pasaras-su-eriena-3-kg\/"},"modified":"2026-01-07T20:48:38","modified_gmt":"2026-01-07T18:48:38","slug":"ibero-natural-mini-junior-saltai-presuotas-pasaras-su-eriena-3-kg","status":"publish","type":"product","link":"https:\/\/miumjau.ee\/lt\/produktas\/ibero-natural-mini-junior-saltai-presuotas-pasaras-su-eriena-3-kg\/","title":{"rendered":"Ibero Natural Mini Junior \u0161altai presuotas pa\u0161aras su \u0117riena, 3 kg"},"content":{"rendered":"","protected":false},"excerpt":{"rendered":"<p data-start=\"7721\" data-end=\"7837\">Visavertis \u0161altai presuotas \u0161un\u0173 pa\u0161aras, turintis visas reikalingas maistines med\u017eiagas ma\u017e\u0173 veisli\u0173 JUNIOR \u0161unims.<\/p>\n<p data-start=\"7839\" data-end=\"7915\">Sujungia \u0161altai presuoto pa\u0161aro privalumus ir naujus skonius Ibero linijoje.<\/p>\n<p data-start=\"7917\" data-end=\"8004\">I\u0161laiko pagrindinius Ibero serijos privalumus \u2013 daug d\u017eiovintos m\u0117sos i\u0161 vietini\u0173 \u016bki\u0173.<\/p>\n<p data-start=\"8006\" data-end=\"8072\">100 % NAT\u016aRALUS \u2013 kaip ir visa Ibero linija \u2013 be chemikal\u0173 ir GMO.<\/p>\n<p data-start=\"8074\" data-end=\"8176\">\u0160altai presuoto pa\u0161aro reikia ma\u017eiau, nes jis maistingesnis, tod\u0117l ilgainiui gali b\u016bti ekonomi\u0161kesnis.<\/p>\n<p data-start=\"8178\" data-end=\"8209\">\u0160altai presuotas pa\u0161aras tinka:<\/p>\n<ul data-start=\"8211\" data-end=\"8360\">\n<li data-start=\"8211\" data-end=\"8242\">\n<p data-start=\"8213\" data-end=\"8242\">Stres\u0105 patiriantiems \u0161unims<\/p>\n<\/li>\n<li data-start=\"8243\" data-end=\"8299\">\n<p data-start=\"8245\" data-end=\"8299\">N\u0117\u0161\u010dioms kal\u0117ms \u2013 maistingesn\u0117 dieta jai ir \u0161uniukui<\/p>\n<\/li>\n<li data-start=\"8300\" data-end=\"8360\">\n<p data-start=\"8302\" data-end=\"8360\">Veis\u0117jams, kurie renkasi kitoki\u0105 apdorojimo technologij\u0105<\/p>\n<\/li>\n<\/ul>\n<p data-start=\"8362\" data-end=\"8379\"><strong data-start=\"8362\" data-end=\"8379\">Instrukcijos:<\/strong><\/p>\n<p data-start=\"8381\" data-end=\"8455\">Palaipsniui pereikite prie \u0161io pa\u0161aro.<br data-start=\"8419\" data-end=\"8422\" \/>Visada suteikite \u0161vie\u017eio vandens.<\/p>\n<p data-start=\"8457\" data-end=\"8829\"><strong data-start=\"8457\" data-end=\"8469\">SUD\u0116TIS:<\/strong> D\u017eiovinta \u0117riena (34%), d\u017eiovintos sald\u017eiosios bulv\u0117s, d\u017eiovintos bulv\u0117s, jautienos riebalai (15%), ry\u017ei\u0173 miltai (8%), \u0117rienos kepenys (5%), avi\u017eos (4%), d\u017eiovintas moli\u016bgas (2%), d\u017eiovintos \u0117rienos kepenys (2%), kukur\u016bz\u0173 dribsniai, d\u017eiovintos morkos (1,2%), lin\u0173 s\u0117menys, cikorij\u0173 ekstraktas, d\u017eiovintos \u017eolel\u0117s, beta-gliukanai, vitamin\u0173 ir mineral\u0173 mi\u0161inys.<\/p>\n<p data-start=\"8831\" data-end=\"9000\"><strong data-start=\"8831\" data-end=\"8853\">ANALITIN\u0116 SUD\u0116TIS:<\/strong> \u017dali baltymai 26 %, \u017eali riebalai 14 %, \u017ealios skaidulos 3,4 %, \u017eali pelenai 6,8 %, kalcis 1,3 %, fosforas 0,95 %, natris 0,15 %, dr\u0117gm\u0117 iki 10 %.<\/p>\n<p data-start=\"9002\" data-end=\"9422\"><strong data-start=\"9002\" data-end=\"9021\">PRIEDAI (1 kg):<\/strong><br data-start=\"9021\" data-end=\"9024\" \/>Vitaminai: A 16988 IU, D3 1698 IU, E 170 mg, B1 4,98 mg, B2 8,83 mg, B6 6,78 mg, B12 0,07 mg, C 118 mg, Niacinas 42,25 mg, Pantoteno r\u016bg\u0161tis 17,47 mg, Folio r\u016bg\u0161tis 0,68 mg, Biotinas 0,42 mg.<br data-start=\"9215\" data-end=\"9218\" \/>Mineralai: Jodas 4,07 mg, Selenas 0,37 mg, Gele\u017eis 99 mg, Varis 11,88 mg, Cinkas 125,7 mg, Manganas 11,88 mg, Cholino chloridas 1835 mg.<br data-start=\"9354\" data-end=\"9357\" \/>Antioksidantai: augal\u0173 aliej\u0173 ekstraktai, turtingi tokoferoliais.<\/p>\n<p data-start=\"9424\" data-end=\"9457\">Metabolin\u0117 energija: 3860 kcal\/kg<\/p>\n<p data-start=\"9459\" data-end=\"9543\"><strong data-start=\"9459\" data-end=\"9543\">Rekomenduojama paros norma JUNIOR \u0161uniukams pagal am\u017ei\u0173 ir suaugusio \u0161uns svor\u012f:<\/strong><\/p>\n<div class=\"_tableContainer_1rjym_1\">\n<div class=\"group _tableWrapper_1rjym_13 flex w-fit flex-col-reverse\" tabindex=\"-1\">\n<table class=\"w-fit min-w-(--thread-content-width)\" data-start=\"9545\" data-end=\"9918\">\n<thead data-start=\"9545\" data-end=\"9617\">\n<tr data-start=\"9545\" data-end=\"9617\">\n<th data-start=\"9545\" data-end=\"9573\" data-col-size=\"sm\">Am\u017eius \/ Suaugusio svoris<\/th>\n<th data-start=\"9573\" data-end=\"9580\" data-col-size=\"sm\">1 kg<\/th>\n<th data-start=\"9580\" data-end=\"9587\" data-col-size=\"sm\">2 kg<\/th>\n<th data-start=\"9587\" data-end=\"9594\" data-col-size=\"sm\">3 kg<\/th>\n<th data-start=\"9594\" data-end=\"9601\" data-col-size=\"sm\">5 kg<\/th>\n<th data-start=\"9601\" data-end=\"9608\" data-col-size=\"sm\">7 kg<\/th>\n<th data-start=\"9608\" data-end=\"9617\" data-col-size=\"sm\">10 kg<\/th>\n<\/tr>\n<\/thead>\n<tbody data-start=\"9691\" data-end=\"9918\">\n<tr data-start=\"9691\" data-end=\"9746\">\n<td data-start=\"9691\" data-end=\"9702\" data-col-size=\"sm\">2\u20133 m\u0117n.<\/td>\n<td data-col-size=\"sm\" data-start=\"9702\" data-end=\"9709\">30 g<\/td>\n<td data-col-size=\"sm\" data-start=\"9709\" data-end=\"9716\">35 g<\/td>\n<td data-col-size=\"sm\" data-start=\"9716\" data-end=\"9723\">50 g<\/td>\n<td data-col-size=\"sm\" data-start=\"9723\" data-end=\"9730\">60 g<\/td>\n<td data-col-size=\"sm\" data-start=\"9730\" data-end=\"9737\">75 g<\/td>\n<td data-col-size=\"sm\" data-start=\"9737\" data-end=\"9746\">100 g<\/td>\n<\/tr>\n<tr data-start=\"9747\" data-end=\"9802\">\n<td data-start=\"9747\" data-end=\"9758\" data-col-size=\"sm\">3\u20134 m\u0117n.<\/td>\n<td data-col-size=\"sm\" data-start=\"9758\" data-end=\"9765\">45 g<\/td>\n<td data-col-size=\"sm\" data-start=\"9765\" data-end=\"9772\">50 g<\/td>\n<td data-col-size=\"sm\" data-start=\"9772\" data-end=\"9779\">65 g<\/td>\n<td data-col-size=\"sm\" data-start=\"9779\" data-end=\"9786\">75 g<\/td>\n<td data-col-size=\"sm\" data-start=\"9786\" data-end=\"9793\">90 g<\/td>\n<td data-col-size=\"sm\" data-start=\"9793\" data-end=\"9802\">130 g<\/td>\n<\/tr>\n<tr data-start=\"9803\" data-end=\"9859\">\n<td data-start=\"9803\" data-end=\"9814\" data-col-size=\"sm\">4\u20136 m\u0117n.<\/td>\n<td data-col-size=\"sm\" data-start=\"9814\" data-end=\"9821\">55 g<\/td>\n<td data-col-size=\"sm\" data-start=\"9821\" data-end=\"9828\">60 g<\/td>\n<td data-col-size=\"sm\" data-start=\"9828\" data-end=\"9835\">75 g<\/td>\n<td data-col-size=\"sm\" data-start=\"9835\" data-end=\"9842\">90 g<\/td>\n<td data-col-size=\"sm\" data-start=\"9842\" data-end=\"9850\">120 g<\/td>\n<td data-col-size=\"sm\" data-start=\"9850\" data-end=\"9859\">150 g<\/td>\n<\/tr>\n<tr data-start=\"9860\" data-end=\"9918\">\n<td data-start=\"9860\" data-end=\"9872\" data-col-size=\"sm\">6\u201312 m\u0117n.<\/td>\n<td data-col-size=\"sm\" data-start=\"9872\" data-end=\"9879\">60 g<\/td>\n<td data-col-size=\"sm\" data-start=\"9879\" data-end=\"9886\">65 g<\/td>\n<td data-col-size=\"sm\" data-start=\"9886\" data-end=\"9893\">80 g<\/td>\n<td data-col-size=\"sm\" data-start=\"9893\" data-end=\"9901\">120 g<\/td>\n<td data-col-size=\"sm\" data-start=\"9901\" data-end=\"9909\">140 g<\/td>\n<td data-col-size=\"sm\" data-start=\"9909\" data-end=\"9918\">180 g<\/td>\n<\/tr>\n<\/tbody>\n<\/table>\n<\/div>\n<\/div>\n","protected":false},"featured_media":45625,"template":"","meta":[],"product_brand":[],"product_cat":[538],"product_tag":[],"class_list":{"0":"post-45667","1":"product","2":"type-product","3":"status-publish","4":"has-post-thumbnail","6":"product_cat-sausas-maistas-sunims","8":"first","9":"instock","10":"sale","11":"taxable","12":"shipping-taxable","13":"purchasable","14":"product-type-simple"},"yoast_head":"<!-- This site is optimized with the Yoast SEO plugin v27.2 - https:\/\/yoast.com\/product\/yoast-seo-wordpress\/ -->\n<title>Ibero Natural Mini Junior \u0161altai presuotas pa\u0161aras su \u0117riena, 3 kg - MiuMjau<\/title>\n<meta name=\"robots\" content=\"index, follow, max-snippet:-1, max-image-preview:large, max-video-preview:-1\" \/>\n<link rel=\"canonical\" href=\"https:\/\/miumjau.ee\/lt\/produktas\/ibero-natural-mini-junior-saltai-presuotas-pasaras-su-eriena-3-kg\/\" \/>\n<meta property=\"og:locale\" content=\"lt_LT\" \/>\n<meta property=\"og:type\" content=\"article\" \/>\n<meta property=\"og:title\" content=\"Ibero Natural Mini Junior \u0161altai presuotas pa\u0161aras su \u0117riena, 3 kg - MiuMjau\" \/>\n<meta property=\"og:description\" content=\"Visavertis \u0161altai presuotas \u0161un\u0173 pa\u0161aras, turintis visas reikalingas maistines med\u017eiagas ma\u017e\u0173 veisli\u0173 JUNIOR \u0161unims. Sujungia \u0161altai presuoto pa\u0161aro privalumus ir naujus skonius Ibero linijoje. I\u0161laiko pagrindinius Ibero serijos privalumus \u2013 daug d\u017eiovintos m\u0117sos i\u0161 vietini\u0173 \u016bki\u0173. 100 % NAT\u016aRALUS \u2013 kaip ir visa Ibero linija \u2013 be chemikal\u0173 ir GMO. \u0160altai presuoto pa\u0161aro reikia ma\u017eiau, nes jis maistingesnis, tod\u0117l ilgainiui gali b\u016bti ekonomi\u0161kesnis. \u0160altai presuotas pa\u0161aras tinka:     Stres\u0105 patiriantiems \u0161unims    N\u0117\u0161\u010dioms kal\u0117ms \u2013 maistingesn\u0117 dieta jai ir \u0161uniukui    Veis\u0117jams, kurie renkasi kitoki\u0105 apdorojimo technologij\u0105   Instrukcijos: Palaipsniui pereikite prie \u0161io pa\u0161aro.Visada suteikite \u0161vie\u017eio vandens. SUD\u0116TIS: D\u017eiovinta \u0117riena (34%), d\u017eiovintos sald\u017eiosios bulv\u0117s, d\u017eiovintos bulv\u0117s, jautienos riebalai (15%), ry\u017ei\u0173 miltai (8%), \u0117rienos kepenys (5%), avi\u017eos (4%), d\u017eiovintas moli\u016bgas (2%), d\u017eiovintos \u0117rienos kepenys (2%), kukur\u016bz\u0173 dribsniai, d\u017eiovintos morkos (1,2%), lin\u0173 s\u0117menys, cikorij\u0173 ekstraktas, d\u017eiovintos \u017eolel\u0117s, beta-gliukanai, vitamin\u0173 ir mineral\u0173 mi\u0161inys. ANALITIN\u0116 SUD\u0116TIS: \u017dali baltymai 26 %, \u017eali riebalai 14 %, \u017ealios skaidulos 3,4 %, \u017eali pelenai 6,8 %, kalcis 1,3 %, fosforas 0,95 %, natris 0,15 %, dr\u0117gm\u0117 iki 10 %. PRIEDAI (1 kg):Vitaminai: A 16988 IU, D3 1698 IU, E 170 mg, B1 4,98 mg, B2 8,83 mg, B6 6,78 mg, B12 0,07 mg, C 118 mg, Niacinas 42,25 mg, Pantoteno r\u016bg\u0161tis 17,47 mg, Folio r\u016bg\u0161tis 0,68 mg, Biotinas 0,42 mg.Mineralai: Jodas 4,07 mg, Selenas 0,37 mg, Gele\u017eis 99 mg, Varis 11,88 mg, Cinkas 125,7 mg, Manganas 11,88 mg, Cholino chloridas 1835 mg.Antioksidantai: augal\u0173 aliej\u0173 ekstraktai, turtingi tokoferoliais. Metabolin\u0117 energija: 3860 kcal\/kg Rekomenduojama paros norma JUNIOR \u0161uniukams pagal am\u017ei\u0173 ir suaugusio \u0161uns svor\u012f:       Am\u017eius \/ Suaugusio svoris 1 kg 2 kg 3 kg 5 kg 7 kg 10 kg     2\u20133 m\u0117n. 30 g 35 g 50 g 60 g 75 g 100 g   3\u20134 m\u0117n. 45 g 50 g 65 g 75 g 90 g 130 g   4\u20136 m\u0117n. 55 g 60 g 75 g 90 g 120 g 150 g   6\u201312 m\u0117n. 60 g 65 g 80 g 120 g 140 g 180 g\" \/>\n<meta property=\"og:url\" content=\"https:\/\/miumjau.ee\/lt\/produktas\/ibero-natural-mini-junior-saltai-presuotas-pasaras-su-eriena-3-kg\/\" \/>\n<meta property=\"og:site_name\" content=\"MiuMjau\" \/>\n<meta property=\"article:publisher\" content=\"https:\/\/www.facebook.com\/miumjaupood\/\" \/>\n<meta property=\"article:modified_time\" content=\"2026-01-07T18:48:38+00:00\" \/>\n<meta property=\"og:image\" content=\"https:\/\/miumjau.ee\/wp-content\/uploads\/2025\/11\/ibero-natural-kulmpress-mini-lamb-junior.jpg\" \/>\n\t<meta property=\"og:image:width\" content=\"600\" \/>\n\t<meta property=\"og:image:height\" content=\"800\" \/>\n\t<meta property=\"og:image:type\" content=\"image\/jpeg\" \/>\n<meta name=\"twitter:card\" content=\"summary_large_image\" \/>\n<script type=\"application\/ld+json\" class=\"yoast-schema-graph\">{\"@context\":\"https:\/\/schema.org\",\"@graph\":[{\"@type\":\"WebPage\",\"@id\":\"https:\/\/miumjau.ee\/lt\/produktas\/ibero-natural-mini-junior-saltai-presuotas-pasaras-su-eriena-3-kg\/\",\"url\":\"https:\/\/miumjau.ee\/lt\/produktas\/ibero-natural-mini-junior-saltai-presuotas-pasaras-su-eriena-3-kg\/\",\"name\":\"Ibero Natural Mini Junior \u0161altai presuotas pa\u0161aras su \u0117riena, 3 kg - MiuMjau\",\"isPartOf\":{\"@id\":\"https:\/\/miumjau.ee\/#website\"},\"primaryImageOfPage\":{\"@id\":\"https:\/\/miumjau.ee\/lt\/produktas\/ibero-natural-mini-junior-saltai-presuotas-pasaras-su-eriena-3-kg\/#primaryimage\"},\"image\":{\"@id\":\"https:\/\/miumjau.ee\/lt\/produktas\/ibero-natural-mini-junior-saltai-presuotas-pasaras-su-eriena-3-kg\/#primaryimage\"},\"thumbnailUrl\":\"https:\/\/miumjau.ee\/wp-content\/uploads\/2025\/11\/ibero-natural-kulmpress-mini-lamb-junior.jpg\",\"datePublished\":\"2025-11-26T09:25:15+00:00\",\"dateModified\":\"2026-01-07T18:48:38+00:00\",\"breadcrumb\":{\"@id\":\"https:\/\/miumjau.ee\/lt\/produktas\/ibero-natural-mini-junior-saltai-presuotas-pasaras-su-eriena-3-kg\/#breadcrumb\"},\"inLanguage\":\"lt-LT\",\"potentialAction\":[{\"@type\":\"ReadAction\",\"target\":[\"https:\/\/miumjau.ee\/lt\/produktas\/ibero-natural-mini-junior-saltai-presuotas-pasaras-su-eriena-3-kg\/\"]}]},{\"@type\":\"ImageObject\",\"inLanguage\":\"lt-LT\",\"@id\":\"https:\/\/miumjau.ee\/lt\/produktas\/ibero-natural-mini-junior-saltai-presuotas-pasaras-su-eriena-3-kg\/#primaryimage\",\"url\":\"https:\/\/miumjau.ee\/wp-content\/uploads\/2025\/11\/ibero-natural-kulmpress-mini-lamb-junior.jpg\",\"contentUrl\":\"https:\/\/miumjau.ee\/wp-content\/uploads\/2025\/11\/ibero-natural-kulmpress-mini-lamb-junior.jpg\",\"width\":600,\"height\":800,\"caption\":\"Ibero Natural Mini Adult Iberico k\u00fclmpressitud toit, 3kg\"},{\"@type\":\"BreadcrumbList\",\"@id\":\"https:\/\/miumjau.ee\/lt\/produktas\/ibero-natural-mini-junior-saltai-presuotas-pasaras-su-eriena-3-kg\/#breadcrumb\",\"itemListElement\":[{\"@type\":\"ListItem\",\"position\":1,\"name\":\"Home\",\"item\":\"https:\/\/miumjau.ee\/lt\/\"},{\"@type\":\"ListItem\",\"position\":2,\"name\":\"Parduotuv\u0117\",\"item\":\"https:\/\/miumjau.ee\/lt\/parduotuve\/\"},{\"@type\":\"ListItem\",\"position\":3,\"name\":\"Ibero Natural Mini Junior \u0161altai presuotas pa\u0161aras su \u0117riena, 3 kg\"}]},{\"@type\":\"WebSite\",\"@id\":\"https:\/\/miumjau.ee\/#website\",\"url\":\"https:\/\/miumjau.ee\/\",\"name\":\"MiuMjau\",\"description\":\"Kraapimispuud kassidele\",\"publisher\":{\"@id\":\"https:\/\/miumjau.ee\/#organization\"},\"potentialAction\":[{\"@type\":\"SearchAction\",\"target\":{\"@type\":\"EntryPoint\",\"urlTemplate\":\"https:\/\/miumjau.ee\/?s={search_term_string}\"},\"query-input\":{\"@type\":\"PropertyValueSpecification\",\"valueRequired\":true,\"valueName\":\"search_term_string\"}}],\"inLanguage\":\"lt-LT\"},{\"@type\":\"Organization\",\"@id\":\"https:\/\/miumjau.ee\/#organization\",\"name\":\"MiuMjau O\u00dc\",\"url\":\"https:\/\/miumjau.ee\/\",\"logo\":{\"@type\":\"ImageObject\",\"inLanguage\":\"lt-LT\",\"@id\":\"https:\/\/miumjau.ee\/#\/schema\/logo\/image\/\",\"url\":\"https:\/\/miumjau.ee\/wp-content\/uploads\/2022\/04\/MiuMjau-logo-kollane.png\",\"contentUrl\":\"https:\/\/miumjau.ee\/wp-content\/uploads\/2022\/04\/MiuMjau-logo-kollane.png\",\"width\":219,\"height\":100,\"caption\":\"MiuMjau O\u00dc\"},\"image\":{\"@id\":\"https:\/\/miumjau.ee\/#\/schema\/logo\/image\/\"},\"sameAs\":[\"https:\/\/www.facebook.com\/miumjaupood\/\"]}]}<\/script>\n<!-- \/ Yoast SEO plugin. -->","yoast_head_json":{"title":"Ibero Natural Mini Junior \u0161altai presuotas pa\u0161aras su \u0117riena, 3 kg - MiuMjau","robots":{"index":"index","follow":"follow","max-snippet":"max-snippet:-1","max-image-preview":"max-image-preview:large","max-video-preview":"max-video-preview:-1"},"canonical":"https:\/\/miumjau.ee\/lt\/produktas\/ibero-natural-mini-junior-saltai-presuotas-pasaras-su-eriena-3-kg\/","og_locale":"lt_LT","og_type":"article","og_title":"Ibero Natural Mini Junior \u0161altai presuotas pa\u0161aras su \u0117riena, 3 kg - MiuMjau","og_description":"Visavertis \u0161altai presuotas \u0161un\u0173 pa\u0161aras, turintis visas reikalingas maistines med\u017eiagas ma\u017e\u0173 veisli\u0173 JUNIOR \u0161unims. Sujungia \u0161altai presuoto pa\u0161aro privalumus ir naujus skonius Ibero linijoje. I\u0161laiko pagrindinius Ibero serijos privalumus \u2013 daug d\u017eiovintos m\u0117sos i\u0161 vietini\u0173 \u016bki\u0173. 100 % NAT\u016aRALUS \u2013 kaip ir visa Ibero linija \u2013 be chemikal\u0173 ir GMO. \u0160altai presuoto pa\u0161aro reikia ma\u017eiau, nes jis maistingesnis, tod\u0117l ilgainiui gali b\u016bti ekonomi\u0161kesnis. \u0160altai presuotas pa\u0161aras tinka:     Stres\u0105 patiriantiems \u0161unims    N\u0117\u0161\u010dioms kal\u0117ms \u2013 maistingesn\u0117 dieta jai ir \u0161uniukui    Veis\u0117jams, kurie renkasi kitoki\u0105 apdorojimo technologij\u0105   Instrukcijos: Palaipsniui pereikite prie \u0161io pa\u0161aro.Visada suteikite \u0161vie\u017eio vandens. SUD\u0116TIS: D\u017eiovinta \u0117riena (34%), d\u017eiovintos sald\u017eiosios bulv\u0117s, d\u017eiovintos bulv\u0117s, jautienos riebalai (15%), ry\u017ei\u0173 miltai (8%), \u0117rienos kepenys (5%), avi\u017eos (4%), d\u017eiovintas moli\u016bgas (2%), d\u017eiovintos \u0117rienos kepenys (2%), kukur\u016bz\u0173 dribsniai, d\u017eiovintos morkos (1,2%), lin\u0173 s\u0117menys, cikorij\u0173 ekstraktas, d\u017eiovintos \u017eolel\u0117s, beta-gliukanai, vitamin\u0173 ir mineral\u0173 mi\u0161inys. ANALITIN\u0116 SUD\u0116TIS: \u017dali baltymai 26 %, \u017eali riebalai 14 %, \u017ealios skaidulos 3,4 %, \u017eali pelenai 6,8 %, kalcis 1,3 %, fosforas 0,95 %, natris 0,15 %, dr\u0117gm\u0117 iki 10 %. PRIEDAI (1 kg):Vitaminai: A 16988 IU, D3 1698 IU, E 170 mg, B1 4,98 mg, B2 8,83 mg, B6 6,78 mg, B12 0,07 mg, C 118 mg, Niacinas 42,25 mg, Pantoteno r\u016bg\u0161tis 17,47 mg, Folio r\u016bg\u0161tis 0,68 mg, Biotinas 0,42 mg.Mineralai: Jodas 4,07 mg, Selenas 0,37 mg, Gele\u017eis 99 mg, Varis 11,88 mg, Cinkas 125,7 mg, Manganas 11,88 mg, Cholino chloridas 1835 mg.Antioksidantai: augal\u0173 aliej\u0173 ekstraktai, turtingi tokoferoliais. Metabolin\u0117 energija: 3860 kcal\/kg Rekomenduojama paros norma JUNIOR \u0161uniukams pagal am\u017ei\u0173 ir suaugusio \u0161uns svor\u012f:       Am\u017eius \/ Suaugusio svoris 1 kg 2 kg 3 kg 5 kg 7 kg 10 kg     2\u20133 m\u0117n. 30 g 35 g 50 g 60 g 75 g 100 g   3\u20134 m\u0117n. 45 g 50 g 65 g 75 g 90 g 130 g   4\u20136 m\u0117n. 55 g 60 g 75 g 90 g 120 g 150 g   6\u201312 m\u0117n. 60 g 65 g 80 g 120 g 140 g 180 g","og_url":"https:\/\/miumjau.ee\/lt\/produktas\/ibero-natural-mini-junior-saltai-presuotas-pasaras-su-eriena-3-kg\/","og_site_name":"MiuMjau","article_publisher":"https:\/\/www.facebook.com\/miumjaupood\/","article_modified_time":"2026-01-07T18:48:38+00:00","og_image":[{"width":600,"height":800,"url":"https:\/\/miumjau.ee\/wp-content\/uploads\/2025\/11\/ibero-natural-kulmpress-mini-lamb-junior.jpg","type":"image\/jpeg"}],"twitter_card":"summary_large_image","schema":{"@context":"https:\/\/schema.org","@graph":[{"@type":"WebPage","@id":"https:\/\/miumjau.ee\/lt\/produktas\/ibero-natural-mini-junior-saltai-presuotas-pasaras-su-eriena-3-kg\/","url":"https:\/\/miumjau.ee\/lt\/produktas\/ibero-natural-mini-junior-saltai-presuotas-pasaras-su-eriena-3-kg\/","name":"Ibero Natural Mini Junior \u0161altai presuotas pa\u0161aras su \u0117riena, 3 kg - MiuMjau","isPartOf":{"@id":"https:\/\/miumjau.ee\/#website"},"primaryImageOfPage":{"@id":"https:\/\/miumjau.ee\/lt\/produktas\/ibero-natural-mini-junior-saltai-presuotas-pasaras-su-eriena-3-kg\/#primaryimage"},"image":{"@id":"https:\/\/miumjau.ee\/lt\/produktas\/ibero-natural-mini-junior-saltai-presuotas-pasaras-su-eriena-3-kg\/#primaryimage"},"thumbnailUrl":"https:\/\/miumjau.ee\/wp-content\/uploads\/2025\/11\/ibero-natural-kulmpress-mini-lamb-junior.jpg","datePublished":"2025-11-26T09:25:15+00:00","dateModified":"2026-01-07T18:48:38+00:00","breadcrumb":{"@id":"https:\/\/miumjau.ee\/lt\/produktas\/ibero-natural-mini-junior-saltai-presuotas-pasaras-su-eriena-3-kg\/#breadcrumb"},"inLanguage":"lt-LT","potentialAction":[{"@type":"ReadAction","target":["https:\/\/miumjau.ee\/lt\/produktas\/ibero-natural-mini-junior-saltai-presuotas-pasaras-su-eriena-3-kg\/"]}]},{"@type":"ImageObject","inLanguage":"lt-LT","@id":"https:\/\/miumjau.ee\/lt\/produktas\/ibero-natural-mini-junior-saltai-presuotas-pasaras-su-eriena-3-kg\/#primaryimage","url":"https:\/\/miumjau.ee\/wp-content\/uploads\/2025\/11\/ibero-natural-kulmpress-mini-lamb-junior.jpg","contentUrl":"https:\/\/miumjau.ee\/wp-content\/uploads\/2025\/11\/ibero-natural-kulmpress-mini-lamb-junior.jpg","width":600,"height":800,"caption":"Ibero Natural Mini Adult Iberico k\u00fclmpressitud toit, 3kg"},{"@type":"BreadcrumbList","@id":"https:\/\/miumjau.ee\/lt\/produktas\/ibero-natural-mini-junior-saltai-presuotas-pasaras-su-eriena-3-kg\/#breadcrumb","itemListElement":[{"@type":"ListItem","position":1,"name":"Home","item":"https:\/\/miumjau.ee\/lt\/"},{"@type":"ListItem","position":2,"name":"Parduotuv\u0117","item":"https:\/\/miumjau.ee\/lt\/parduotuve\/"},{"@type":"ListItem","position":3,"name":"Ibero Natural Mini Junior \u0161altai presuotas pa\u0161aras su \u0117riena, 3 kg"}]},{"@type":"WebSite","@id":"https:\/\/miumjau.ee\/#website","url":"https:\/\/miumjau.ee\/","name":"MiuMjau","description":"Kraapimispuud kassidele","publisher":{"@id":"https:\/\/miumjau.ee\/#organization"},"potentialAction":[{"@type":"SearchAction","target":{"@type":"EntryPoint","urlTemplate":"https:\/\/miumjau.ee\/?s={search_term_string}"},"query-input":{"@type":"PropertyValueSpecification","valueRequired":true,"valueName":"search_term_string"}}],"inLanguage":"lt-LT"},{"@type":"Organization","@id":"https:\/\/miumjau.ee\/#organization","name":"MiuMjau O\u00dc","url":"https:\/\/miumjau.ee\/","logo":{"@type":"ImageObject","inLanguage":"lt-LT","@id":"https:\/\/miumjau.ee\/#\/schema\/logo\/image\/","url":"https:\/\/miumjau.ee\/wp-content\/uploads\/2022\/04\/MiuMjau-logo-kollane.png","contentUrl":"https:\/\/miumjau.ee\/wp-content\/uploads\/2022\/04\/MiuMjau-logo-kollane.png","width":219,"height":100,"caption":"MiuMjau O\u00dc"},"image":{"@id":"https:\/\/miumjau.ee\/#\/schema\/logo\/image\/"},"sameAs":["https:\/\/www.facebook.com\/miumjaupood\/"]}]}},"_links":{"self":[{"href":"https:\/\/miumjau.ee\/lt\/wp-json\/wp\/v2\/product\/45667","targetHints":{"allow":["GET"]}}],"collection":[{"href":"https:\/\/miumjau.ee\/lt\/wp-json\/wp\/v2\/product"}],"about":[{"href":"https:\/\/miumjau.ee\/lt\/wp-json\/wp\/v2\/types\/product"}],"wp:featuredmedia":[{"embeddable":true,"href":"https:\/\/miumjau.ee\/lt\/wp-json\/wp\/v2\/media\/45625"}],"wp:attachment":[{"href":"https:\/\/miumjau.ee\/lt\/wp-json\/wp\/v2\/media?parent=45667"}],"wp:term":[{"taxonomy":"product_brand","embeddable":true,"href":"https:\/\/miumjau.ee\/lt\/wp-json\/wp\/v2\/product_brand?post=45667"},{"taxonomy":"product_cat","embeddable":true,"href":"https:\/\/miumjau.ee\/lt\/wp-json\/wp\/v2\/product_cat?post=45667"},{"taxonomy":"product_tag","embeddable":true,"href":"https:\/\/miumjau.ee\/lt\/wp-json\/wp\/v2\/product_tag?post=45667"}],"curies":[{"name":"wp","href":"https:\/\/api.w.org\/{rel}","templated":true}]}}