{"id":45662,"date":"2025-11-26T11:26:24","date_gmt":"2025-11-26T09:26:24","guid":{"rendered":"https:\/\/miumjau.ee\/toode\/ibero-natural-mini-adult-iberico-saltai-presuotas-pasaras-3-kg\/"},"modified":"2026-02-01T21:12:44","modified_gmt":"2026-02-01T19:12:44","slug":"ibero-natural-mini-adult-iberico-saltai-presuotas-pasaras-3-kg","status":"publish","type":"product","link":"https:\/\/miumjau.ee\/lt\/produktas\/ibero-natural-mini-adult-iberico-saltai-presuotas-pasaras-3-kg\/","title":{"rendered":"Ibero Natural Mini Adult Iberico \u0161altai presuotas pa\u0161aras, 3 kg"},"content":{"rendered":"","protected":false},"excerpt":{"rendered":"<p data-start=\"7345\" data-end=\"7489\">Visavertis \u0161altai presuotas \u0161un\u0173 pa\u0161aras, turintis visas reikalingas maistines med\u017eiagas suaugusiems ma\u017e\u0173 veisli\u0173 \u0161unims \u2013 su Iberico kiauliena.<\/p>\n<p data-start=\"7491\" data-end=\"7578\">I\u0161laiko pagrindinius Ibero linijos privalumus \u2013 daug d\u017eiovintos m\u0117sos i\u0161 vietini\u0173 \u016bki\u0173.<\/p>\n<p data-start=\"7580\" data-end=\"7646\">100 % NAT\u016aRALUS \u2013 kaip ir visa Ibero linija \u2013 be chemikal\u0173 ir GMO.<\/p>\n<p data-start=\"7648\" data-end=\"7804\">\u0160altai presuoto pa\u0161aro reikia ma\u017eiau \u2013 jis maistingesnis, tod\u0117l, net jei pa\u0161aras brangesnis, gal\u0173 gale gali b\u016bti ekonomi\u0161kesnis, nes mai\u0161as tarnauja ilgiau.<\/p>\n<p data-start=\"7806\" data-end=\"7837\">\u0160altai presuotas pa\u0161aras tinka:<\/p>\n<ul data-start=\"7839\" data-end=\"8154\">\n<li data-start=\"7839\" data-end=\"7908\">\n<p data-start=\"7841\" data-end=\"7908\">Stres\u0105 patiriantiems \u0161unims \u2013 koncentruotas ir maistingas maistas<\/p>\n<\/li>\n<li data-start=\"7909\" data-end=\"8013\">\n<p data-start=\"7911\" data-end=\"8013\">N\u0117\u0161\u010dioms kal\u0117ms \u2013 maistingesn\u0117 dieta jai ir \u0161uniukui, suma\u017einanti pilvo apimt\u012f d\u0117l augan\u010dio vaisiaus<\/p>\n<\/li>\n<li data-start=\"8014\" data-end=\"8154\">\n<p data-start=\"8016\" data-end=\"8154\">Veis\u0117jams, kurie renkasi kitoki\u0105 apdorojimo technologij\u0105 \u2013 artimesn\u0119 nat\u016braliam racionui, ta\u010diau saugiai apdorot\u0105 pri\u017ei\u016brint veterinarui<\/p>\n<\/li>\n<\/ul>\n<p data-start=\"8156\" data-end=\"8172\"><strong data-start=\"8156\" data-end=\"8172\">Instrukcija:<\/strong><\/p>\n<p data-start=\"8174\" data-end=\"8254\">Palaipsniui pereikite prie \u0161io sauso pa\u0161aro.<br data-start=\"8218\" data-end=\"8221\" \/>Visada suteikite \u0161vie\u017eio vandens.<\/p>\n<p data-start=\"8256\" data-end=\"8674\"><strong data-start=\"8256\" data-end=\"8268\">SUD\u0116TIS:<\/strong> D\u017eiovinta Iberico kiauliena (20%), d\u017eiovinta kalakutiena (14%), d\u017eiovintos sald\u017eiosios bulv\u0117s, d\u017eiovintos bulv\u0117s, jautienos riebalai (13%), avi\u017eos (8%), kiaulienos kepenys (5%), d\u017eiovinta moli\u016bg\u0173 (2%), d\u017eiovintos kiaulienos kepenys (2%), kukur\u016bz\u0173 dribsniai, d\u017eiovintos morkos (1,2%), lin\u0173 s\u0117menys, cikorij\u0173 ekstraktas, d\u017eiovintos \u017eolel\u0117s, beta-gliukanai, kremzl\u0117s ekstraktas, vitamin\u0173 ir mineral\u0173 mi\u0161inys.<\/p>\n<p data-start=\"8676\" data-end=\"8838\"><strong data-start=\"8676\" data-end=\"8698\">ANALITIN\u0116 SUD\u0116TIS:<\/strong> \u017dali baltymai 24%, \u017eali riebalai 14%, \u017ealios skaidulos 3,4%, \u017eali pelenai 7,3%, kalcis 1,1%, fosforas 0,85%, natris 0,15%, dr\u0117gm\u0117 max. 10%.<\/p>\n<p data-start=\"8840\" data-end=\"9318\"><strong data-start=\"8840\" data-end=\"8859\">PRIEDAI (1 kg):<\/strong><br data-start=\"8859\" data-end=\"8862\" \/>Vitaminai: A 17331 IU, D3 1733 IU, E 173 mg, B1 5,09 mg, B2 9 mg, B6 6,9 mg, B12 0,07 mg, C 121 mg, Niacinas 43,1 mg, Pantoteno r\u016bg\u0161tis 17,8 mg, Folio r\u016bg\u0161tis 0,69 mg, Biotinas 0,43 mg.<br data-start=\"9047\" data-end=\"9050\" \/>Mineralai: Jodas 4,6 mg, Selenas 0,38 mg, Gele\u017eis 101 mg, Varis 12,1 mg, Cinkas 129 mg, Manganas 12,1 mg, Cholino chloridas 1872 mg.<br data-start=\"9182\" data-end=\"9185\" \/>S\u0105nariams: Gliukozaminas 404 mg, Chondroitino sulfatas 353 mg.<br data-start=\"9247\" data-end=\"9250\" \/>Antioksidantai: augalini\u0173 aliej\u0173 ekstraktai, turtingi tokoferoliais.<\/p>\n<p data-start=\"9320\" data-end=\"9353\">Metabolin\u0117 energija: 3880 kcal\/kg<\/p>\n<p data-start=\"9355\" data-end=\"9403\"><strong data-start=\"9355\" data-end=\"9403\">Rekomenduojama paros norma pagal \u0161uns svor\u012f:<\/strong><\/p>\n<div class=\"_tableContainer_1rjym_1\">\n<div class=\"group _tableWrapper_1rjym_13 flex w-fit flex-col-reverse\" tabindex=\"-1\">\n<table class=\"w-fit min-w-(--thread-content-width)\" data-start=\"9405\" data-end=\"9570\">\n<thead data-start=\"9405\" data-end=\"9458\">\n<tr data-start=\"9405\" data-end=\"9458\">\n<th data-start=\"9405\" data-end=\"9414\" data-col-size=\"sm\">Svoris<\/th>\n<th data-start=\"9414\" data-end=\"9421\" data-col-size=\"sm\">1 kg<\/th>\n<th data-start=\"9421\" data-end=\"9428\" data-col-size=\"sm\">2 kg<\/th>\n<th data-start=\"9428\" data-end=\"9435\" data-col-size=\"sm\">3 kg<\/th>\n<th data-start=\"9435\" data-end=\"9442\" data-col-size=\"sm\">5 kg<\/th>\n<th data-start=\"9442\" data-end=\"9449\" data-col-size=\"sm\">7 kg<\/th>\n<th data-start=\"9449\" data-end=\"9458\" data-col-size=\"sm\">10 kg<\/th>\n<\/tr>\n<\/thead>\n<tbody data-start=\"9512\" data-end=\"9570\">\n<tr data-start=\"9512\" data-end=\"9570\">\n<td data-start=\"9512\" data-end=\"9526\" data-col-size=\"sm\">Paros norma<\/td>\n<td data-col-size=\"sm\" data-start=\"9526\" data-end=\"9533\">27 g<\/td>\n<td data-col-size=\"sm\" data-start=\"9533\" data-end=\"9540\">35 g<\/td>\n<td data-col-size=\"sm\" data-start=\"9540\" data-end=\"9547\">45 g<\/td>\n<td data-col-size=\"sm\" data-start=\"9547\" data-end=\"9554\">65 g<\/td>\n<td data-col-size=\"sm\" data-start=\"9554\" data-end=\"9561\">85 g<\/td>\n<td data-col-size=\"sm\" data-start=\"9561\" data-end=\"9570\">115 g<\/td>\n<\/tr>\n<\/tbody>\n<\/table>\n<\/div>\n<\/div>\n","protected":false},"featured_media":45619,"template":"","meta":[],"product_brand":[],"product_cat":[538],"product_tag":[],"class_list":{"0":"post-45662","1":"product","2":"type-product","3":"status-publish","4":"has-post-thumbnail","6":"product_cat-sausas-maistas-sunims","8":"first","9":"instock","10":"sale","11":"taxable","12":"shipping-taxable","13":"purchasable","14":"product-type-simple"},"yoast_head":"<!-- This site is optimized with the Yoast SEO plugin v27.2 - https:\/\/yoast.com\/product\/yoast-seo-wordpress\/ -->\n<title>Ibero Natural Mini Adult Iberico \u0161altai presuotas pa\u0161aras, 3 kg - MiuMjau<\/title>\n<meta name=\"robots\" content=\"index, follow, max-snippet:-1, max-image-preview:large, max-video-preview:-1\" \/>\n<link rel=\"canonical\" href=\"https:\/\/miumjau.ee\/lt\/produktas\/ibero-natural-mini-adult-iberico-saltai-presuotas-pasaras-3-kg\/\" \/>\n<meta property=\"og:locale\" content=\"lt_LT\" \/>\n<meta property=\"og:type\" content=\"article\" \/>\n<meta property=\"og:title\" content=\"Ibero Natural Mini Adult Iberico \u0161altai presuotas pa\u0161aras, 3 kg - MiuMjau\" \/>\n<meta property=\"og:description\" content=\"Visavertis \u0161altai presuotas \u0161un\u0173 pa\u0161aras, turintis visas reikalingas maistines med\u017eiagas suaugusiems ma\u017e\u0173 veisli\u0173 \u0161unims \u2013 su Iberico kiauliena. I\u0161laiko pagrindinius Ibero linijos privalumus \u2013 daug d\u017eiovintos m\u0117sos i\u0161 vietini\u0173 \u016bki\u0173. 100 % NAT\u016aRALUS \u2013 kaip ir visa Ibero linija \u2013 be chemikal\u0173 ir GMO. \u0160altai presuoto pa\u0161aro reikia ma\u017eiau \u2013 jis maistingesnis, tod\u0117l, net jei pa\u0161aras brangesnis, gal\u0173 gale gali b\u016bti ekonomi\u0161kesnis, nes mai\u0161as tarnauja ilgiau. \u0160altai presuotas pa\u0161aras tinka:     Stres\u0105 patiriantiems \u0161unims \u2013 koncentruotas ir maistingas maistas    N\u0117\u0161\u010dioms kal\u0117ms \u2013 maistingesn\u0117 dieta jai ir \u0161uniukui, suma\u017einanti pilvo apimt\u012f d\u0117l augan\u010dio vaisiaus    Veis\u0117jams, kurie renkasi kitoki\u0105 apdorojimo technologij\u0105 \u2013 artimesn\u0119 nat\u016braliam racionui, ta\u010diau saugiai apdorot\u0105 pri\u017ei\u016brint veterinarui   Instrukcija: Palaipsniui pereikite prie \u0161io sauso pa\u0161aro.Visada suteikite \u0161vie\u017eio vandens. SUD\u0116TIS: D\u017eiovinta Iberico kiauliena (20%), d\u017eiovinta kalakutiena (14%), d\u017eiovintos sald\u017eiosios bulv\u0117s, d\u017eiovintos bulv\u0117s, jautienos riebalai (13%), avi\u017eos (8%), kiaulienos kepenys (5%), d\u017eiovinta moli\u016bg\u0173 (2%), d\u017eiovintos kiaulienos kepenys (2%), kukur\u016bz\u0173 dribsniai, d\u017eiovintos morkos (1,2%), lin\u0173 s\u0117menys, cikorij\u0173 ekstraktas, d\u017eiovintos \u017eolel\u0117s, beta-gliukanai, kremzl\u0117s ekstraktas, vitamin\u0173 ir mineral\u0173 mi\u0161inys. ANALITIN\u0116 SUD\u0116TIS: \u017dali baltymai 24%, \u017eali riebalai 14%, \u017ealios skaidulos 3,4%, \u017eali pelenai 7,3%, kalcis 1,1%, fosforas 0,85%, natris 0,15%, dr\u0117gm\u0117 max. 10%. PRIEDAI (1 kg):Vitaminai: A 17331 IU, D3 1733 IU, E 173 mg, B1 5,09 mg, B2 9 mg, B6 6,9 mg, B12 0,07 mg, C 121 mg, Niacinas 43,1 mg, Pantoteno r\u016bg\u0161tis 17,8 mg, Folio r\u016bg\u0161tis 0,69 mg, Biotinas 0,43 mg.Mineralai: Jodas 4,6 mg, Selenas 0,38 mg, Gele\u017eis 101 mg, Varis 12,1 mg, Cinkas 129 mg, Manganas 12,1 mg, Cholino chloridas 1872 mg.S\u0105nariams: Gliukozaminas 404 mg, Chondroitino sulfatas 353 mg.Antioksidantai: augalini\u0173 aliej\u0173 ekstraktai, turtingi tokoferoliais. Metabolin\u0117 energija: 3880 kcal\/kg Rekomenduojama paros norma pagal \u0161uns svor\u012f:       Svoris 1 kg 2 kg 3 kg 5 kg 7 kg 10 kg     Paros norma 27 g 35 g 45 g 65 g 85 g 115 g\" \/>\n<meta property=\"og:url\" content=\"https:\/\/miumjau.ee\/lt\/produktas\/ibero-natural-mini-adult-iberico-saltai-presuotas-pasaras-3-kg\/\" \/>\n<meta property=\"og:site_name\" content=\"MiuMjau\" \/>\n<meta property=\"article:publisher\" content=\"https:\/\/www.facebook.com\/miumjaupood\/\" \/>\n<meta property=\"article:modified_time\" content=\"2026-02-01T19:12:44+00:00\" \/>\n<meta property=\"og:image\" content=\"https:\/\/miumjau.ee\/wp-content\/uploads\/2025\/11\/ibero-natural-kulmpress-mini-iberico.jpg\" \/>\n\t<meta property=\"og:image:width\" content=\"600\" \/>\n\t<meta property=\"og:image:height\" content=\"800\" \/>\n\t<meta property=\"og:image:type\" content=\"image\/jpeg\" \/>\n<meta name=\"twitter:card\" content=\"summary_large_image\" \/>\n<script type=\"application\/ld+json\" class=\"yoast-schema-graph\">{\"@context\":\"https:\/\/schema.org\",\"@graph\":[{\"@type\":\"WebPage\",\"@id\":\"https:\/\/miumjau.ee\/lt\/produktas\/ibero-natural-mini-adult-iberico-saltai-presuotas-pasaras-3-kg\/\",\"url\":\"https:\/\/miumjau.ee\/lt\/produktas\/ibero-natural-mini-adult-iberico-saltai-presuotas-pasaras-3-kg\/\",\"name\":\"Ibero Natural Mini Adult Iberico \u0161altai presuotas pa\u0161aras, 3 kg - MiuMjau\",\"isPartOf\":{\"@id\":\"https:\/\/miumjau.ee\/#website\"},\"primaryImageOfPage\":{\"@id\":\"https:\/\/miumjau.ee\/lt\/produktas\/ibero-natural-mini-adult-iberico-saltai-presuotas-pasaras-3-kg\/#primaryimage\"},\"image\":{\"@id\":\"https:\/\/miumjau.ee\/lt\/produktas\/ibero-natural-mini-adult-iberico-saltai-presuotas-pasaras-3-kg\/#primaryimage\"},\"thumbnailUrl\":\"https:\/\/miumjau.ee\/wp-content\/uploads\/2025\/11\/ibero-natural-kulmpress-mini-iberico.jpg\",\"datePublished\":\"2025-11-26T09:26:24+00:00\",\"dateModified\":\"2026-02-01T19:12:44+00:00\",\"breadcrumb\":{\"@id\":\"https:\/\/miumjau.ee\/lt\/produktas\/ibero-natural-mini-adult-iberico-saltai-presuotas-pasaras-3-kg\/#breadcrumb\"},\"inLanguage\":\"lt-LT\",\"potentialAction\":[{\"@type\":\"ReadAction\",\"target\":[\"https:\/\/miumjau.ee\/lt\/produktas\/ibero-natural-mini-adult-iberico-saltai-presuotas-pasaras-3-kg\/\"]}]},{\"@type\":\"ImageObject\",\"inLanguage\":\"lt-LT\",\"@id\":\"https:\/\/miumjau.ee\/lt\/produktas\/ibero-natural-mini-adult-iberico-saltai-presuotas-pasaras-3-kg\/#primaryimage\",\"url\":\"https:\/\/miumjau.ee\/wp-content\/uploads\/2025\/11\/ibero-natural-kulmpress-mini-iberico.jpg\",\"contentUrl\":\"https:\/\/miumjau.ee\/wp-content\/uploads\/2025\/11\/ibero-natural-kulmpress-mini-iberico.jpg\",\"width\":600,\"height\":800,\"caption\":\"Ibero Natural Mini Adult Iberico k\u00fclmpressitud toit, 3kg\"},{\"@type\":\"BreadcrumbList\",\"@id\":\"https:\/\/miumjau.ee\/lt\/produktas\/ibero-natural-mini-adult-iberico-saltai-presuotas-pasaras-3-kg\/#breadcrumb\",\"itemListElement\":[{\"@type\":\"ListItem\",\"position\":1,\"name\":\"Home\",\"item\":\"https:\/\/miumjau.ee\/lt\/\"},{\"@type\":\"ListItem\",\"position\":2,\"name\":\"Parduotuv\u0117\",\"item\":\"https:\/\/miumjau.ee\/lt\/parduotuve\/\"},{\"@type\":\"ListItem\",\"position\":3,\"name\":\"Ibero Natural Mini Adult Iberico \u0161altai presuotas pa\u0161aras, 3 kg\"}]},{\"@type\":\"WebSite\",\"@id\":\"https:\/\/miumjau.ee\/#website\",\"url\":\"https:\/\/miumjau.ee\/\",\"name\":\"MiuMjau\",\"description\":\"Kraapimispuud kassidele\",\"publisher\":{\"@id\":\"https:\/\/miumjau.ee\/#organization\"},\"potentialAction\":[{\"@type\":\"SearchAction\",\"target\":{\"@type\":\"EntryPoint\",\"urlTemplate\":\"https:\/\/miumjau.ee\/?s={search_term_string}\"},\"query-input\":{\"@type\":\"PropertyValueSpecification\",\"valueRequired\":true,\"valueName\":\"search_term_string\"}}],\"inLanguage\":\"lt-LT\"},{\"@type\":\"Organization\",\"@id\":\"https:\/\/miumjau.ee\/#organization\",\"name\":\"MiuMjau O\u00dc\",\"url\":\"https:\/\/miumjau.ee\/\",\"logo\":{\"@type\":\"ImageObject\",\"inLanguage\":\"lt-LT\",\"@id\":\"https:\/\/miumjau.ee\/#\/schema\/logo\/image\/\",\"url\":\"https:\/\/miumjau.ee\/wp-content\/uploads\/2022\/04\/MiuMjau-logo-kollane.png\",\"contentUrl\":\"https:\/\/miumjau.ee\/wp-content\/uploads\/2022\/04\/MiuMjau-logo-kollane.png\",\"width\":219,\"height\":100,\"caption\":\"MiuMjau O\u00dc\"},\"image\":{\"@id\":\"https:\/\/miumjau.ee\/#\/schema\/logo\/image\/\"},\"sameAs\":[\"https:\/\/www.facebook.com\/miumjaupood\/\"]}]}<\/script>\n<!-- \/ Yoast SEO plugin. -->","yoast_head_json":{"title":"Ibero Natural Mini Adult Iberico \u0161altai presuotas pa\u0161aras, 3 kg - MiuMjau","robots":{"index":"index","follow":"follow","max-snippet":"max-snippet:-1","max-image-preview":"max-image-preview:large","max-video-preview":"max-video-preview:-1"},"canonical":"https:\/\/miumjau.ee\/lt\/produktas\/ibero-natural-mini-adult-iberico-saltai-presuotas-pasaras-3-kg\/","og_locale":"lt_LT","og_type":"article","og_title":"Ibero Natural Mini Adult Iberico \u0161altai presuotas pa\u0161aras, 3 kg - MiuMjau","og_description":"Visavertis \u0161altai presuotas \u0161un\u0173 pa\u0161aras, turintis visas reikalingas maistines med\u017eiagas suaugusiems ma\u017e\u0173 veisli\u0173 \u0161unims \u2013 su Iberico kiauliena. I\u0161laiko pagrindinius Ibero linijos privalumus \u2013 daug d\u017eiovintos m\u0117sos i\u0161 vietini\u0173 \u016bki\u0173. 100 % NAT\u016aRALUS \u2013 kaip ir visa Ibero linija \u2013 be chemikal\u0173 ir GMO. \u0160altai presuoto pa\u0161aro reikia ma\u017eiau \u2013 jis maistingesnis, tod\u0117l, net jei pa\u0161aras brangesnis, gal\u0173 gale gali b\u016bti ekonomi\u0161kesnis, nes mai\u0161as tarnauja ilgiau. \u0160altai presuotas pa\u0161aras tinka:     Stres\u0105 patiriantiems \u0161unims \u2013 koncentruotas ir maistingas maistas    N\u0117\u0161\u010dioms kal\u0117ms \u2013 maistingesn\u0117 dieta jai ir \u0161uniukui, suma\u017einanti pilvo apimt\u012f d\u0117l augan\u010dio vaisiaus    Veis\u0117jams, kurie renkasi kitoki\u0105 apdorojimo technologij\u0105 \u2013 artimesn\u0119 nat\u016braliam racionui, ta\u010diau saugiai apdorot\u0105 pri\u017ei\u016brint veterinarui   Instrukcija: Palaipsniui pereikite prie \u0161io sauso pa\u0161aro.Visada suteikite \u0161vie\u017eio vandens. SUD\u0116TIS: D\u017eiovinta Iberico kiauliena (20%), d\u017eiovinta kalakutiena (14%), d\u017eiovintos sald\u017eiosios bulv\u0117s, d\u017eiovintos bulv\u0117s, jautienos riebalai (13%), avi\u017eos (8%), kiaulienos kepenys (5%), d\u017eiovinta moli\u016bg\u0173 (2%), d\u017eiovintos kiaulienos kepenys (2%), kukur\u016bz\u0173 dribsniai, d\u017eiovintos morkos (1,2%), lin\u0173 s\u0117menys, cikorij\u0173 ekstraktas, d\u017eiovintos \u017eolel\u0117s, beta-gliukanai, kremzl\u0117s ekstraktas, vitamin\u0173 ir mineral\u0173 mi\u0161inys. ANALITIN\u0116 SUD\u0116TIS: \u017dali baltymai 24%, \u017eali riebalai 14%, \u017ealios skaidulos 3,4%, \u017eali pelenai 7,3%, kalcis 1,1%, fosforas 0,85%, natris 0,15%, dr\u0117gm\u0117 max. 10%. PRIEDAI (1 kg):Vitaminai: A 17331 IU, D3 1733 IU, E 173 mg, B1 5,09 mg, B2 9 mg, B6 6,9 mg, B12 0,07 mg, C 121 mg, Niacinas 43,1 mg, Pantoteno r\u016bg\u0161tis 17,8 mg, Folio r\u016bg\u0161tis 0,69 mg, Biotinas 0,43 mg.Mineralai: Jodas 4,6 mg, Selenas 0,38 mg, Gele\u017eis 101 mg, Varis 12,1 mg, Cinkas 129 mg, Manganas 12,1 mg, Cholino chloridas 1872 mg.S\u0105nariams: Gliukozaminas 404 mg, Chondroitino sulfatas 353 mg.Antioksidantai: augalini\u0173 aliej\u0173 ekstraktai, turtingi tokoferoliais. Metabolin\u0117 energija: 3880 kcal\/kg Rekomenduojama paros norma pagal \u0161uns svor\u012f:       Svoris 1 kg 2 kg 3 kg 5 kg 7 kg 10 kg     Paros norma 27 g 35 g 45 g 65 g 85 g 115 g","og_url":"https:\/\/miumjau.ee\/lt\/produktas\/ibero-natural-mini-adult-iberico-saltai-presuotas-pasaras-3-kg\/","og_site_name":"MiuMjau","article_publisher":"https:\/\/www.facebook.com\/miumjaupood\/","article_modified_time":"2026-02-01T19:12:44+00:00","og_image":[{"width":600,"height":800,"url":"https:\/\/miumjau.ee\/wp-content\/uploads\/2025\/11\/ibero-natural-kulmpress-mini-iberico.jpg","type":"image\/jpeg"}],"twitter_card":"summary_large_image","schema":{"@context":"https:\/\/schema.org","@graph":[{"@type":"WebPage","@id":"https:\/\/miumjau.ee\/lt\/produktas\/ibero-natural-mini-adult-iberico-saltai-presuotas-pasaras-3-kg\/","url":"https:\/\/miumjau.ee\/lt\/produktas\/ibero-natural-mini-adult-iberico-saltai-presuotas-pasaras-3-kg\/","name":"Ibero Natural Mini Adult Iberico \u0161altai presuotas pa\u0161aras, 3 kg - MiuMjau","isPartOf":{"@id":"https:\/\/miumjau.ee\/#website"},"primaryImageOfPage":{"@id":"https:\/\/miumjau.ee\/lt\/produktas\/ibero-natural-mini-adult-iberico-saltai-presuotas-pasaras-3-kg\/#primaryimage"},"image":{"@id":"https:\/\/miumjau.ee\/lt\/produktas\/ibero-natural-mini-adult-iberico-saltai-presuotas-pasaras-3-kg\/#primaryimage"},"thumbnailUrl":"https:\/\/miumjau.ee\/wp-content\/uploads\/2025\/11\/ibero-natural-kulmpress-mini-iberico.jpg","datePublished":"2025-11-26T09:26:24+00:00","dateModified":"2026-02-01T19:12:44+00:00","breadcrumb":{"@id":"https:\/\/miumjau.ee\/lt\/produktas\/ibero-natural-mini-adult-iberico-saltai-presuotas-pasaras-3-kg\/#breadcrumb"},"inLanguage":"lt-LT","potentialAction":[{"@type":"ReadAction","target":["https:\/\/miumjau.ee\/lt\/produktas\/ibero-natural-mini-adult-iberico-saltai-presuotas-pasaras-3-kg\/"]}]},{"@type":"ImageObject","inLanguage":"lt-LT","@id":"https:\/\/miumjau.ee\/lt\/produktas\/ibero-natural-mini-adult-iberico-saltai-presuotas-pasaras-3-kg\/#primaryimage","url":"https:\/\/miumjau.ee\/wp-content\/uploads\/2025\/11\/ibero-natural-kulmpress-mini-iberico.jpg","contentUrl":"https:\/\/miumjau.ee\/wp-content\/uploads\/2025\/11\/ibero-natural-kulmpress-mini-iberico.jpg","width":600,"height":800,"caption":"Ibero Natural Mini Adult Iberico k\u00fclmpressitud toit, 3kg"},{"@type":"BreadcrumbList","@id":"https:\/\/miumjau.ee\/lt\/produktas\/ibero-natural-mini-adult-iberico-saltai-presuotas-pasaras-3-kg\/#breadcrumb","itemListElement":[{"@type":"ListItem","position":1,"name":"Home","item":"https:\/\/miumjau.ee\/lt\/"},{"@type":"ListItem","position":2,"name":"Parduotuv\u0117","item":"https:\/\/miumjau.ee\/lt\/parduotuve\/"},{"@type":"ListItem","position":3,"name":"Ibero Natural Mini Adult Iberico \u0161altai presuotas pa\u0161aras, 3 kg"}]},{"@type":"WebSite","@id":"https:\/\/miumjau.ee\/#website","url":"https:\/\/miumjau.ee\/","name":"MiuMjau","description":"Kraapimispuud kassidele","publisher":{"@id":"https:\/\/miumjau.ee\/#organization"},"potentialAction":[{"@type":"SearchAction","target":{"@type":"EntryPoint","urlTemplate":"https:\/\/miumjau.ee\/?s={search_term_string}"},"query-input":{"@type":"PropertyValueSpecification","valueRequired":true,"valueName":"search_term_string"}}],"inLanguage":"lt-LT"},{"@type":"Organization","@id":"https:\/\/miumjau.ee\/#organization","name":"MiuMjau O\u00dc","url":"https:\/\/miumjau.ee\/","logo":{"@type":"ImageObject","inLanguage":"lt-LT","@id":"https:\/\/miumjau.ee\/#\/schema\/logo\/image\/","url":"https:\/\/miumjau.ee\/wp-content\/uploads\/2022\/04\/MiuMjau-logo-kollane.png","contentUrl":"https:\/\/miumjau.ee\/wp-content\/uploads\/2022\/04\/MiuMjau-logo-kollane.png","width":219,"height":100,"caption":"MiuMjau O\u00dc"},"image":{"@id":"https:\/\/miumjau.ee\/#\/schema\/logo\/image\/"},"sameAs":["https:\/\/www.facebook.com\/miumjaupood\/"]}]}},"_links":{"self":[{"href":"https:\/\/miumjau.ee\/lt\/wp-json\/wp\/v2\/product\/45662","targetHints":{"allow":["GET"]}}],"collection":[{"href":"https:\/\/miumjau.ee\/lt\/wp-json\/wp\/v2\/product"}],"about":[{"href":"https:\/\/miumjau.ee\/lt\/wp-json\/wp\/v2\/types\/product"}],"wp:featuredmedia":[{"embeddable":true,"href":"https:\/\/miumjau.ee\/lt\/wp-json\/wp\/v2\/media\/45619"}],"wp:attachment":[{"href":"https:\/\/miumjau.ee\/lt\/wp-json\/wp\/v2\/media?parent=45662"}],"wp:term":[{"taxonomy":"product_brand","embeddable":true,"href":"https:\/\/miumjau.ee\/lt\/wp-json\/wp\/v2\/product_brand?post=45662"},{"taxonomy":"product_cat","embeddable":true,"href":"https:\/\/miumjau.ee\/lt\/wp-json\/wp\/v2\/product_cat?post=45662"},{"taxonomy":"product_tag","embeddable":true,"href":"https:\/\/miumjau.ee\/lt\/wp-json\/wp\/v2\/product_tag?post=45662"}],"curies":[{"name":"wp","href":"https:\/\/api.w.org\/{rel}","templated":true}]}}