{"id":45464,"date":"2025-09-02T15:35:48","date_gmt":"2025-09-02T12:35:48","guid":{"rendered":"https:\/\/miumjau.ee\/toode\/katinu-pakinktai-pavadelis-melyna-rozine-dydis-xs-2-3-kg\/"},"modified":"2026-01-07T20:48:52","modified_gmt":"2026-01-07T18:48:52","slug":"katinu-pakinktai-pavadelis-melyna-rozine-dydis-xs-2-3-kg","status":"publish","type":"product","link":"https:\/\/miumjau.ee\/lt\/produktas\/katinu-pakinktai-pavadelis-melyna-rozine-dydis-xs-2-3-kg\/","title":{"rendered":"Katin\u0173 pakinktai + pavad\u0117lis, m\u0117lyna\/ro\u017ein\u0117, dydis XS (2\u20133 kg)"},"content":{"rendered":"","protected":false},"excerpt":{"rendered":"<p data-start=\"1801\" data-end=\"2155\">Jei esate vienas i\u0161 t\u0173 smagi\u0173 \u017emoni\u0173, kurie kartais saugiai veda savo kambario kat\u0119 pasivaik\u0161\u010dioti ar kelion\u0117je, rekomenduojame \u012fsigyti patogius ir kv\u0117puojan\u010dius kat\u0117s pakinktus, kurie nespaud\u017eia ir yra tikrai patog\u016bs. Lengva u\u017emauti. Komplekte taip pat yra pavad\u0117lis. Atkreipkite d\u0117mes\u012f, kad kaklo dir\u017eelis n\u0117ra komplekte (paveiksl\u0117lis iliustracinis).<\/p>\n<p data-start=\"2157\" data-end=\"2224\">Pakinktai yra labai mieli ir stilingi! Tikras d\u0117mesio traukiklis!<\/p>\n<p data-start=\"2226\" data-end=\"2275\">Dydis XS, \u017ei\u016br\u0117kite dyd\u017ei\u0173 lentel\u0119 nuotraukoje.<\/p>\n","protected":false},"featured_media":43847,"template":"","meta":[],"product_brand":[],"product_cat":[534],"product_tag":[],"class_list":{"0":"post-45464","1":"product","2":"type-product","3":"status-publish","4":"has-post-thumbnail","6":"product_cat-pavadeliai-ir-antkakliai","8":"first","9":"instock","10":"taxable","11":"shipping-taxable","12":"purchasable","13":"product-type-simple"},"yoast_head":"<!-- This site is optimized with the Yoast SEO plugin v27.2 - https:\/\/yoast.com\/product\/yoast-seo-wordpress\/ -->\n<title>Katin\u0173 pakinktai + pavad\u0117lis, m\u0117lyna\/ro\u017ein\u0117, dydis XS (2\u20133 kg) - MiuMjau<\/title>\n<meta name=\"robots\" content=\"index, follow, max-snippet:-1, max-image-preview:large, max-video-preview:-1\" \/>\n<link rel=\"canonical\" href=\"https:\/\/miumjau.ee\/lt\/produktas\/katinu-pakinktai-pavadelis-melyna-rozine-dydis-xs-2-3-kg\/\" \/>\n<meta property=\"og:locale\" content=\"lt_LT\" \/>\n<meta property=\"og:type\" content=\"article\" \/>\n<meta property=\"og:title\" content=\"Katin\u0173 pakinktai + pavad\u0117lis, m\u0117lyna\/ro\u017ein\u0117, dydis XS (2\u20133 kg) - MiuMjau\" \/>\n<meta property=\"og:description\" content=\"Jei esate vienas i\u0161 t\u0173 smagi\u0173 \u017emoni\u0173, kurie kartais saugiai veda savo kambario kat\u0119 pasivaik\u0161\u010dioti ar kelion\u0117je, rekomenduojame \u012fsigyti patogius ir kv\u0117puojan\u010dius kat\u0117s pakinktus, kurie nespaud\u017eia ir yra tikrai patog\u016bs. Lengva u\u017emauti. Komplekte taip pat yra pavad\u0117lis. Atkreipkite d\u0117mes\u012f, kad kaklo dir\u017eelis n\u0117ra komplekte (paveiksl\u0117lis iliustracinis). Pakinktai yra labai mieli ir stilingi! Tikras d\u0117mesio traukiklis! Dydis XS, \u017ei\u016br\u0117kite dyd\u017ei\u0173 lentel\u0119 nuotraukoje.\" \/>\n<meta property=\"og:url\" content=\"https:\/\/miumjau.ee\/lt\/produktas\/katinu-pakinktai-pavadelis-melyna-rozine-dydis-xs-2-3-kg\/\" \/>\n<meta property=\"og:site_name\" content=\"MiuMjau\" \/>\n<meta property=\"article:publisher\" content=\"https:\/\/www.facebook.com\/miumjaupood\/\" \/>\n<meta property=\"article:modified_time\" content=\"2026-01-07T18:48:52+00:00\" \/>\n<meta property=\"og:image\" content=\"https:\/\/miumjau.ee\/wp-content\/uploads\/2025\/09\/kassi-traksid-ergonoomilised4.jpg\" \/>\n\t<meta property=\"og:image:width\" content=\"600\" \/>\n\t<meta property=\"og:image:height\" content=\"800\" \/>\n\t<meta property=\"og:image:type\" content=\"image\/jpeg\" \/>\n<meta name=\"twitter:card\" content=\"summary_large_image\" \/>\n<script type=\"application\/ld+json\" class=\"yoast-schema-graph\">{\"@context\":\"https:\/\/schema.org\",\"@graph\":[{\"@type\":\"WebPage\",\"@id\":\"https:\/\/miumjau.ee\/lt\/produktas\/katinu-pakinktai-pavadelis-melyna-rozine-dydis-xs-2-3-kg\/\",\"url\":\"https:\/\/miumjau.ee\/lt\/produktas\/katinu-pakinktai-pavadelis-melyna-rozine-dydis-xs-2-3-kg\/\",\"name\":\"Katin\u0173 pakinktai + pavad\u0117lis, m\u0117lyna\/ro\u017ein\u0117, dydis XS (2\u20133 kg) - MiuMjau\",\"isPartOf\":{\"@id\":\"https:\/\/miumjau.ee\/#website\"},\"primaryImageOfPage\":{\"@id\":\"https:\/\/miumjau.ee\/lt\/produktas\/katinu-pakinktai-pavadelis-melyna-rozine-dydis-xs-2-3-kg\/#primaryimage\"},\"image\":{\"@id\":\"https:\/\/miumjau.ee\/lt\/produktas\/katinu-pakinktai-pavadelis-melyna-rozine-dydis-xs-2-3-kg\/#primaryimage\"},\"thumbnailUrl\":\"https:\/\/miumjau.ee\/wp-content\/uploads\/2025\/09\/kassi-traksid-ergonoomilised4.jpg\",\"datePublished\":\"2025-09-02T12:35:48+00:00\",\"dateModified\":\"2026-01-07T18:48:52+00:00\",\"breadcrumb\":{\"@id\":\"https:\/\/miumjau.ee\/lt\/produktas\/katinu-pakinktai-pavadelis-melyna-rozine-dydis-xs-2-3-kg\/#breadcrumb\"},\"inLanguage\":\"lt-LT\",\"potentialAction\":[{\"@type\":\"ReadAction\",\"target\":[\"https:\/\/miumjau.ee\/lt\/produktas\/katinu-pakinktai-pavadelis-melyna-rozine-dydis-xs-2-3-kg\/\"]}]},{\"@type\":\"ImageObject\",\"inLanguage\":\"lt-LT\",\"@id\":\"https:\/\/miumjau.ee\/lt\/produktas\/katinu-pakinktai-pavadelis-melyna-rozine-dydis-xs-2-3-kg\/#primaryimage\",\"url\":\"https:\/\/miumjau.ee\/wp-content\/uploads\/2025\/09\/kassi-traksid-ergonoomilised4.jpg\",\"contentUrl\":\"https:\/\/miumjau.ee\/wp-content\/uploads\/2025\/09\/kassi-traksid-ergonoomilised4.jpg\",\"width\":600,\"height\":800,\"caption\":\"Kassi traksid ergonoomilised ja reguleeritavad\"},{\"@type\":\"BreadcrumbList\",\"@id\":\"https:\/\/miumjau.ee\/lt\/produktas\/katinu-pakinktai-pavadelis-melyna-rozine-dydis-xs-2-3-kg\/#breadcrumb\",\"itemListElement\":[{\"@type\":\"ListItem\",\"position\":1,\"name\":\"Home\",\"item\":\"https:\/\/miumjau.ee\/lt\/\"},{\"@type\":\"ListItem\",\"position\":2,\"name\":\"Parduotuv\u0117\",\"item\":\"https:\/\/miumjau.ee\/lt\/parduotuve\/\"},{\"@type\":\"ListItem\",\"position\":3,\"name\":\"Katin\u0173 pakinktai + pavad\u0117lis, m\u0117lyna\/ro\u017ein\u0117, dydis XS (2\u20133 kg)\"}]},{\"@type\":\"WebSite\",\"@id\":\"https:\/\/miumjau.ee\/#website\",\"url\":\"https:\/\/miumjau.ee\/\",\"name\":\"MiuMjau\",\"description\":\"Kraapimispuud kassidele\",\"publisher\":{\"@id\":\"https:\/\/miumjau.ee\/#organization\"},\"potentialAction\":[{\"@type\":\"SearchAction\",\"target\":{\"@type\":\"EntryPoint\",\"urlTemplate\":\"https:\/\/miumjau.ee\/?s={search_term_string}\"},\"query-input\":{\"@type\":\"PropertyValueSpecification\",\"valueRequired\":true,\"valueName\":\"search_term_string\"}}],\"inLanguage\":\"lt-LT\"},{\"@type\":\"Organization\",\"@id\":\"https:\/\/miumjau.ee\/#organization\",\"name\":\"MiuMjau O\u00dc\",\"url\":\"https:\/\/miumjau.ee\/\",\"logo\":{\"@type\":\"ImageObject\",\"inLanguage\":\"lt-LT\",\"@id\":\"https:\/\/miumjau.ee\/#\/schema\/logo\/image\/\",\"url\":\"https:\/\/miumjau.ee\/wp-content\/uploads\/2022\/04\/MiuMjau-logo-kollane.png\",\"contentUrl\":\"https:\/\/miumjau.ee\/wp-content\/uploads\/2022\/04\/MiuMjau-logo-kollane.png\",\"width\":219,\"height\":100,\"caption\":\"MiuMjau O\u00dc\"},\"image\":{\"@id\":\"https:\/\/miumjau.ee\/#\/schema\/logo\/image\/\"},\"sameAs\":[\"https:\/\/www.facebook.com\/miumjaupood\/\"]}]}<\/script>\n<!-- \/ Yoast SEO plugin. -->","yoast_head_json":{"title":"Katin\u0173 pakinktai + pavad\u0117lis, m\u0117lyna\/ro\u017ein\u0117, dydis XS (2\u20133 kg) - MiuMjau","robots":{"index":"index","follow":"follow","max-snippet":"max-snippet:-1","max-image-preview":"max-image-preview:large","max-video-preview":"max-video-preview:-1"},"canonical":"https:\/\/miumjau.ee\/lt\/produktas\/katinu-pakinktai-pavadelis-melyna-rozine-dydis-xs-2-3-kg\/","og_locale":"lt_LT","og_type":"article","og_title":"Katin\u0173 pakinktai + pavad\u0117lis, m\u0117lyna\/ro\u017ein\u0117, dydis XS (2\u20133 kg) - MiuMjau","og_description":"Jei esate vienas i\u0161 t\u0173 smagi\u0173 \u017emoni\u0173, kurie kartais saugiai veda savo kambario kat\u0119 pasivaik\u0161\u010dioti ar kelion\u0117je, rekomenduojame \u012fsigyti patogius ir kv\u0117puojan\u010dius kat\u0117s pakinktus, kurie nespaud\u017eia ir yra tikrai patog\u016bs. Lengva u\u017emauti. Komplekte taip pat yra pavad\u0117lis. Atkreipkite d\u0117mes\u012f, kad kaklo dir\u017eelis n\u0117ra komplekte (paveiksl\u0117lis iliustracinis). Pakinktai yra labai mieli ir stilingi! Tikras d\u0117mesio traukiklis! Dydis XS, \u017ei\u016br\u0117kite dyd\u017ei\u0173 lentel\u0119 nuotraukoje.","og_url":"https:\/\/miumjau.ee\/lt\/produktas\/katinu-pakinktai-pavadelis-melyna-rozine-dydis-xs-2-3-kg\/","og_site_name":"MiuMjau","article_publisher":"https:\/\/www.facebook.com\/miumjaupood\/","article_modified_time":"2026-01-07T18:48:52+00:00","og_image":[{"width":600,"height":800,"url":"https:\/\/miumjau.ee\/wp-content\/uploads\/2025\/09\/kassi-traksid-ergonoomilised4.jpg","type":"image\/jpeg"}],"twitter_card":"summary_large_image","schema":{"@context":"https:\/\/schema.org","@graph":[{"@type":"WebPage","@id":"https:\/\/miumjau.ee\/lt\/produktas\/katinu-pakinktai-pavadelis-melyna-rozine-dydis-xs-2-3-kg\/","url":"https:\/\/miumjau.ee\/lt\/produktas\/katinu-pakinktai-pavadelis-melyna-rozine-dydis-xs-2-3-kg\/","name":"Katin\u0173 pakinktai + pavad\u0117lis, m\u0117lyna\/ro\u017ein\u0117, dydis XS (2\u20133 kg) - MiuMjau","isPartOf":{"@id":"https:\/\/miumjau.ee\/#website"},"primaryImageOfPage":{"@id":"https:\/\/miumjau.ee\/lt\/produktas\/katinu-pakinktai-pavadelis-melyna-rozine-dydis-xs-2-3-kg\/#primaryimage"},"image":{"@id":"https:\/\/miumjau.ee\/lt\/produktas\/katinu-pakinktai-pavadelis-melyna-rozine-dydis-xs-2-3-kg\/#primaryimage"},"thumbnailUrl":"https:\/\/miumjau.ee\/wp-content\/uploads\/2025\/09\/kassi-traksid-ergonoomilised4.jpg","datePublished":"2025-09-02T12:35:48+00:00","dateModified":"2026-01-07T18:48:52+00:00","breadcrumb":{"@id":"https:\/\/miumjau.ee\/lt\/produktas\/katinu-pakinktai-pavadelis-melyna-rozine-dydis-xs-2-3-kg\/#breadcrumb"},"inLanguage":"lt-LT","potentialAction":[{"@type":"ReadAction","target":["https:\/\/miumjau.ee\/lt\/produktas\/katinu-pakinktai-pavadelis-melyna-rozine-dydis-xs-2-3-kg\/"]}]},{"@type":"ImageObject","inLanguage":"lt-LT","@id":"https:\/\/miumjau.ee\/lt\/produktas\/katinu-pakinktai-pavadelis-melyna-rozine-dydis-xs-2-3-kg\/#primaryimage","url":"https:\/\/miumjau.ee\/wp-content\/uploads\/2025\/09\/kassi-traksid-ergonoomilised4.jpg","contentUrl":"https:\/\/miumjau.ee\/wp-content\/uploads\/2025\/09\/kassi-traksid-ergonoomilised4.jpg","width":600,"height":800,"caption":"Kassi traksid ergonoomilised ja reguleeritavad"},{"@type":"BreadcrumbList","@id":"https:\/\/miumjau.ee\/lt\/produktas\/katinu-pakinktai-pavadelis-melyna-rozine-dydis-xs-2-3-kg\/#breadcrumb","itemListElement":[{"@type":"ListItem","position":1,"name":"Home","item":"https:\/\/miumjau.ee\/lt\/"},{"@type":"ListItem","position":2,"name":"Parduotuv\u0117","item":"https:\/\/miumjau.ee\/lt\/parduotuve\/"},{"@type":"ListItem","position":3,"name":"Katin\u0173 pakinktai + pavad\u0117lis, m\u0117lyna\/ro\u017ein\u0117, dydis XS (2\u20133 kg)"}]},{"@type":"WebSite","@id":"https:\/\/miumjau.ee\/#website","url":"https:\/\/miumjau.ee\/","name":"MiuMjau","description":"Kraapimispuud kassidele","publisher":{"@id":"https:\/\/miumjau.ee\/#organization"},"potentialAction":[{"@type":"SearchAction","target":{"@type":"EntryPoint","urlTemplate":"https:\/\/miumjau.ee\/?s={search_term_string}"},"query-input":{"@type":"PropertyValueSpecification","valueRequired":true,"valueName":"search_term_string"}}],"inLanguage":"lt-LT"},{"@type":"Organization","@id":"https:\/\/miumjau.ee\/#organization","name":"MiuMjau O\u00dc","url":"https:\/\/miumjau.ee\/","logo":{"@type":"ImageObject","inLanguage":"lt-LT","@id":"https:\/\/miumjau.ee\/#\/schema\/logo\/image\/","url":"https:\/\/miumjau.ee\/wp-content\/uploads\/2022\/04\/MiuMjau-logo-kollane.png","contentUrl":"https:\/\/miumjau.ee\/wp-content\/uploads\/2022\/04\/MiuMjau-logo-kollane.png","width":219,"height":100,"caption":"MiuMjau O\u00dc"},"image":{"@id":"https:\/\/miumjau.ee\/#\/schema\/logo\/image\/"},"sameAs":["https:\/\/www.facebook.com\/miumjaupood\/"]}]}},"_links":{"self":[{"href":"https:\/\/miumjau.ee\/lt\/wp-json\/wp\/v2\/product\/45464","targetHints":{"allow":["GET"]}}],"collection":[{"href":"https:\/\/miumjau.ee\/lt\/wp-json\/wp\/v2\/product"}],"about":[{"href":"https:\/\/miumjau.ee\/lt\/wp-json\/wp\/v2\/types\/product"}],"wp:featuredmedia":[{"embeddable":true,"href":"https:\/\/miumjau.ee\/lt\/wp-json\/wp\/v2\/media\/43847"}],"wp:attachment":[{"href":"https:\/\/miumjau.ee\/lt\/wp-json\/wp\/v2\/media?parent=45464"}],"wp:term":[{"taxonomy":"product_brand","embeddable":true,"href":"https:\/\/miumjau.ee\/lt\/wp-json\/wp\/v2\/product_brand?post=45464"},{"taxonomy":"product_cat","embeddable":true,"href":"https:\/\/miumjau.ee\/lt\/wp-json\/wp\/v2\/product_cat?post=45464"},{"taxonomy":"product_tag","embeddable":true,"href":"https:\/\/miumjau.ee\/lt\/wp-json\/wp\/v2\/product_tag?post=45464"}],"curies":[{"name":"wp","href":"https:\/\/api.w.org\/{rel}","templated":true}]}}