{"id":45442,"date":"2024-12-20T10:09:28","date_gmt":"2024-12-20T08:09:28","guid":{"rendered":"https:\/\/miumjau.ee\/toode\/katinu-pakinktai-su-pavadele-oranziniai-dydis-xs\/"},"modified":"2026-01-07T20:48:59","modified_gmt":"2026-01-07T18:48:59","slug":"katinu-pakinktai-su-pavadele-oranziniai-dydis-xs","status":"publish","type":"product","link":"https:\/\/miumjau.ee\/lt\/produktas\/katinu-pakinktai-su-pavadele-oranziniai-dydis-xs\/","title":{"rendered":"Katin\u0173 pakinktai su pavad\u0117le, oran\u017einiai, dydis XS"},"content":{"rendered":"","protected":false},"excerpt":{"rendered":"<p data-start=\"2123\" data-end=\"2512\">Katin\u0173 pakinktai su pavad\u0117le, tinkami vidutinio dyd\u017eio kat\u0117ms: Matmenys \u2014 kaklo apimtis: 21,5\u201328 cm, kr\u016btin\u0117s apimtis: 34\u201341 cm. Pra\u0161ome atid\u017eiai pamatuoti savo kat\u0119 ir prie\u0161 u\u017esakant per\u017ei\u016br\u0117ti dyd\u017ei\u0173 lentel\u0119. (Patarimas: kat\u0117s galvos apimtis tur\u0117t\u0173 b\u016bti bent 25 cm, kitaip ji gali i\u0161spr\u016bsti i\u0161 pakinkt\u0173.) Pakuot\u0117je yra: 1x ma\u017eas kat\u0117s pakinkt\u0173 liemen\u0117 ir 1x nailono pavad\u0117lis (150 cm).<\/p>\n<p data-start=\"2514\" data-end=\"2882\"><strong data-start=\"2514\" data-end=\"2542\">Patog\u016bs lauko pakinktai:<\/strong> \u0160ie itin patog\u016bs pakinktai glaud\u017eiai priglunda prie kat\u0117s k\u016bno ir leid\u017eia jai jaustis v\u0117siai d\u0117l kv\u0117puojan\u010dio tinklelio audinio. Mink\u0161ti ir lengvi (apie 100 g), puikiai tinka kasdieniam vaik\u0161\u010diojimui, b\u0117giojimui, mank\u0161tai ir kitai lauko veiklai. Taip pat idealu, kai vedate kat\u0119 \u012f nepa\u017e\u012fstam\u0105 viet\u0105, pvz., pas veterinar\u0105 ar pri\u017ei\u016br\u0117toj\u0105.<\/p>\n<p data-start=\"2884\" data-end=\"3251\"><strong data-start=\"2884\" data-end=\"2912\">Nesprunkantys pakinktai:<\/strong> \u0160ie reguliuojami pakinktai turi 4 reguliavimo dir\u017eelius, leid\u017eian\u010dius rasti ideal\u0173 dyd\u012f net judriai katei. Kiekvienoje pus\u0117je yra tvirta saugos sagtis, u\u017etikrinanti patikim\u0105 fiksacij\u0105 \u2014 jums nereik\u0117s jaudintis, kad kat\u0117 pab\u0117gs lauke. (Patarimas: pakinktai turi b\u016bti pakankamai priglud\u0119, kad tarp j\u0173 ir kat\u0117s k\u016bno tilpt\u0173 vienas pir\u0161tas.)<\/p>\n<p data-start=\"3253\" data-end=\"3652\"><strong data-start=\"3253\" data-end=\"3281\">Katin\u0173 saugos pakinktai:<\/strong> Galite pritvirtinti ilg\u0105 ir patvar\u0173 nailono pavad\u0117l\u012f prie pakinkt\u0173 metalin\u0117s kilpos, kad kat\u0117 gal\u0117t\u0173 saugiai ir maloniai tyrin\u0117ti gamt\u0105. Liemen\u0117s tipo dizainas tolygiai paskirsto apkrov\u0105 per kr\u016btin\u0119 ir pe\u010dius, i\u0161vengiant smaugimo ar kaklo \u012ftampos \u2014 tai daug saugiau ir patogiau nei \u012fprasti ar H formos pakinktai. At\u0161vaitin\u0117s juostel\u0117s u\u017etikrina kat\u0117s matomum\u0105 tamsoje.<\/p>\n<p data-start=\"3654\" data-end=\"3954\"><strong data-start=\"3654\" data-end=\"3685\">Lengvai u\u017ededami pakinktai:<\/strong> \u0160iuos lengvai u\u017ededamus pakinktus labai paprasta u\u017emauti ir nuimti, naudojant dvi \u0161onines sagtis ir keturis visi\u0161kai reguliuojamus dir\u017eelius. (Patarimas: kad j\u016bs\u0173 jautrus augintinis priprast\u0173 prie nauj\u0173 pakinkt\u0173, pad\u0117kite juos \u0161alia kat\u0117s miego ar maitinimosi metu.)<\/p>\n","protected":false},"featured_media":45405,"template":"","meta":[],"product_brand":[],"product_cat":[534],"product_tag":[],"class_list":{"0":"post-45442","1":"product","2":"type-product","3":"status-publish","4":"has-post-thumbnail","6":"product_cat-pavadeliai-ir-antkakliai","8":"first","9":"outofstock","10":"taxable","11":"shipping-taxable","12":"purchasable","13":"product-type-simple"},"yoast_head":"<!-- This site is optimized with the Yoast SEO plugin v27.2 - https:\/\/yoast.com\/product\/yoast-seo-wordpress\/ -->\n<title>Katin\u0173 pakinktai su pavad\u0117le, oran\u017einiai, dydis XS - MiuMjau<\/title>\n<meta name=\"robots\" content=\"index, follow, max-snippet:-1, max-image-preview:large, max-video-preview:-1\" \/>\n<link rel=\"canonical\" href=\"https:\/\/miumjau.ee\/lt\/produktas\/katinu-pakinktai-su-pavadele-oranziniai-dydis-xs\/\" \/>\n<meta property=\"og:locale\" content=\"lt_LT\" \/>\n<meta property=\"og:type\" content=\"article\" \/>\n<meta property=\"og:title\" content=\"Katin\u0173 pakinktai su pavad\u0117le, oran\u017einiai, dydis XS - MiuMjau\" \/>\n<meta property=\"og:description\" content=\"Katin\u0173 pakinktai su pavad\u0117le, tinkami vidutinio dyd\u017eio kat\u0117ms: Matmenys \u2014 kaklo apimtis: 21,5\u201328 cm, kr\u016btin\u0117s apimtis: 34\u201341 cm. Pra\u0161ome atid\u017eiai pamatuoti savo kat\u0119 ir prie\u0161 u\u017esakant per\u017ei\u016br\u0117ti dyd\u017ei\u0173 lentel\u0119. (Patarimas: kat\u0117s galvos apimtis tur\u0117t\u0173 b\u016bti bent 25 cm, kitaip ji gali i\u0161spr\u016bsti i\u0161 pakinkt\u0173.) Pakuot\u0117je yra: 1x ma\u017eas kat\u0117s pakinkt\u0173 liemen\u0117 ir 1x nailono pavad\u0117lis (150 cm). Patog\u016bs lauko pakinktai: \u0160ie itin patog\u016bs pakinktai glaud\u017eiai priglunda prie kat\u0117s k\u016bno ir leid\u017eia jai jaustis v\u0117siai d\u0117l kv\u0117puojan\u010dio tinklelio audinio. Mink\u0161ti ir lengvi (apie 100 g), puikiai tinka kasdieniam vaik\u0161\u010diojimui, b\u0117giojimui, mank\u0161tai ir kitai lauko veiklai. Taip pat idealu, kai vedate kat\u0119 \u012f nepa\u017e\u012fstam\u0105 viet\u0105, pvz., pas veterinar\u0105 ar pri\u017ei\u016br\u0117toj\u0105. Nesprunkantys pakinktai: \u0160ie reguliuojami pakinktai turi 4 reguliavimo dir\u017eelius, leid\u017eian\u010dius rasti ideal\u0173 dyd\u012f net judriai katei. Kiekvienoje pus\u0117je yra tvirta saugos sagtis, u\u017etikrinanti patikim\u0105 fiksacij\u0105 \u2014 jums nereik\u0117s jaudintis, kad kat\u0117 pab\u0117gs lauke. (Patarimas: pakinktai turi b\u016bti pakankamai priglud\u0119, kad tarp j\u0173 ir kat\u0117s k\u016bno tilpt\u0173 vienas pir\u0161tas.) Katin\u0173 saugos pakinktai: Galite pritvirtinti ilg\u0105 ir patvar\u0173 nailono pavad\u0117l\u012f prie pakinkt\u0173 metalin\u0117s kilpos, kad kat\u0117 gal\u0117t\u0173 saugiai ir maloniai tyrin\u0117ti gamt\u0105. Liemen\u0117s tipo dizainas tolygiai paskirsto apkrov\u0105 per kr\u016btin\u0119 ir pe\u010dius, i\u0161vengiant smaugimo ar kaklo \u012ftampos \u2014 tai daug saugiau ir patogiau nei \u012fprasti ar H formos pakinktai. At\u0161vaitin\u0117s juostel\u0117s u\u017etikrina kat\u0117s matomum\u0105 tamsoje. Lengvai u\u017ededami pakinktai: \u0160iuos lengvai u\u017ededamus pakinktus labai paprasta u\u017emauti ir nuimti, naudojant dvi \u0161onines sagtis ir keturis visi\u0161kai reguliuojamus dir\u017eelius. (Patarimas: kad j\u016bs\u0173 jautrus augintinis priprast\u0173 prie nauj\u0173 pakinkt\u0173, pad\u0117kite juos \u0161alia kat\u0117s miego ar maitinimosi metu.)\" \/>\n<meta property=\"og:url\" content=\"https:\/\/miumjau.ee\/lt\/produktas\/katinu-pakinktai-su-pavadele-oranziniai-dydis-xs\/\" \/>\n<meta property=\"og:site_name\" content=\"MiuMjau\" \/>\n<meta property=\"article:publisher\" content=\"https:\/\/www.facebook.com\/miumjaupood\/\" \/>\n<meta property=\"article:modified_time\" content=\"2026-01-07T18:48:59+00:00\" \/>\n<meta property=\"og:image\" content=\"https:\/\/miumjau.ee\/wp-content\/uploads\/2024\/12\/traksid-oranz-S-Photoroom.jpg\" \/>\n\t<meta property=\"og:image:width\" content=\"600\" \/>\n\t<meta property=\"og:image:height\" content=\"800\" \/>\n\t<meta property=\"og:image:type\" content=\"image\/jpeg\" \/>\n<meta name=\"twitter:card\" content=\"summary_large_image\" \/>\n<script type=\"application\/ld+json\" class=\"yoast-schema-graph\">{\"@context\":\"https:\/\/schema.org\",\"@graph\":[{\"@type\":\"WebPage\",\"@id\":\"https:\/\/miumjau.ee\/lt\/produktas\/katinu-pakinktai-su-pavadele-oranziniai-dydis-xs\/\",\"url\":\"https:\/\/miumjau.ee\/lt\/produktas\/katinu-pakinktai-su-pavadele-oranziniai-dydis-xs\/\",\"name\":\"Katin\u0173 pakinktai su pavad\u0117le, oran\u017einiai, dydis XS - MiuMjau\",\"isPartOf\":{\"@id\":\"https:\/\/miumjau.ee\/#website\"},\"primaryImageOfPage\":{\"@id\":\"https:\/\/miumjau.ee\/lt\/produktas\/katinu-pakinktai-su-pavadele-oranziniai-dydis-xs\/#primaryimage\"},\"image\":{\"@id\":\"https:\/\/miumjau.ee\/lt\/produktas\/katinu-pakinktai-su-pavadele-oranziniai-dydis-xs\/#primaryimage\"},\"thumbnailUrl\":\"https:\/\/miumjau.ee\/wp-content\/uploads\/2024\/12\/traksid-oranz-S-Photoroom.jpg\",\"datePublished\":\"2024-12-20T08:09:28+00:00\",\"dateModified\":\"2026-01-07T18:48:59+00:00\",\"breadcrumb\":{\"@id\":\"https:\/\/miumjau.ee\/lt\/produktas\/katinu-pakinktai-su-pavadele-oranziniai-dydis-xs\/#breadcrumb\"},\"inLanguage\":\"lt-LT\",\"potentialAction\":[{\"@type\":\"ReadAction\",\"target\":[\"https:\/\/miumjau.ee\/lt\/produktas\/katinu-pakinktai-su-pavadele-oranziniai-dydis-xs\/\"]}]},{\"@type\":\"ImageObject\",\"inLanguage\":\"lt-LT\",\"@id\":\"https:\/\/miumjau.ee\/lt\/produktas\/katinu-pakinktai-su-pavadele-oranziniai-dydis-xs\/#primaryimage\",\"url\":\"https:\/\/miumjau.ee\/wp-content\/uploads\/2024\/12\/traksid-oranz-S-Photoroom.jpg\",\"contentUrl\":\"https:\/\/miumjau.ee\/wp-content\/uploads\/2024\/12\/traksid-oranz-S-Photoroom.jpg\",\"width\":600,\"height\":800},{\"@type\":\"BreadcrumbList\",\"@id\":\"https:\/\/miumjau.ee\/lt\/produktas\/katinu-pakinktai-su-pavadele-oranziniai-dydis-xs\/#breadcrumb\",\"itemListElement\":[{\"@type\":\"ListItem\",\"position\":1,\"name\":\"Home\",\"item\":\"https:\/\/miumjau.ee\/lt\/\"},{\"@type\":\"ListItem\",\"position\":2,\"name\":\"Parduotuv\u0117\",\"item\":\"https:\/\/miumjau.ee\/lt\/parduotuve\/\"},{\"@type\":\"ListItem\",\"position\":3,\"name\":\"Katin\u0173 pakinktai su pavad\u0117le, oran\u017einiai, dydis XS\"}]},{\"@type\":\"WebSite\",\"@id\":\"https:\/\/miumjau.ee\/#website\",\"url\":\"https:\/\/miumjau.ee\/\",\"name\":\"MiuMjau\",\"description\":\"Kraapimispuud kassidele\",\"publisher\":{\"@id\":\"https:\/\/miumjau.ee\/#organization\"},\"potentialAction\":[{\"@type\":\"SearchAction\",\"target\":{\"@type\":\"EntryPoint\",\"urlTemplate\":\"https:\/\/miumjau.ee\/?s={search_term_string}\"},\"query-input\":{\"@type\":\"PropertyValueSpecification\",\"valueRequired\":true,\"valueName\":\"search_term_string\"}}],\"inLanguage\":\"lt-LT\"},{\"@type\":\"Organization\",\"@id\":\"https:\/\/miumjau.ee\/#organization\",\"name\":\"MiuMjau O\u00dc\",\"url\":\"https:\/\/miumjau.ee\/\",\"logo\":{\"@type\":\"ImageObject\",\"inLanguage\":\"lt-LT\",\"@id\":\"https:\/\/miumjau.ee\/#\/schema\/logo\/image\/\",\"url\":\"https:\/\/miumjau.ee\/wp-content\/uploads\/2022\/04\/MiuMjau-logo-kollane.png\",\"contentUrl\":\"https:\/\/miumjau.ee\/wp-content\/uploads\/2022\/04\/MiuMjau-logo-kollane.png\",\"width\":219,\"height\":100,\"caption\":\"MiuMjau O\u00dc\"},\"image\":{\"@id\":\"https:\/\/miumjau.ee\/#\/schema\/logo\/image\/\"},\"sameAs\":[\"https:\/\/www.facebook.com\/miumjaupood\/\"]}]}<\/script>\n<!-- \/ Yoast SEO plugin. -->","yoast_head_json":{"title":"Katin\u0173 pakinktai su pavad\u0117le, oran\u017einiai, dydis XS - MiuMjau","robots":{"index":"index","follow":"follow","max-snippet":"max-snippet:-1","max-image-preview":"max-image-preview:large","max-video-preview":"max-video-preview:-1"},"canonical":"https:\/\/miumjau.ee\/lt\/produktas\/katinu-pakinktai-su-pavadele-oranziniai-dydis-xs\/","og_locale":"lt_LT","og_type":"article","og_title":"Katin\u0173 pakinktai su pavad\u0117le, oran\u017einiai, dydis XS - MiuMjau","og_description":"Katin\u0173 pakinktai su pavad\u0117le, tinkami vidutinio dyd\u017eio kat\u0117ms: Matmenys \u2014 kaklo apimtis: 21,5\u201328 cm, kr\u016btin\u0117s apimtis: 34\u201341 cm. Pra\u0161ome atid\u017eiai pamatuoti savo kat\u0119 ir prie\u0161 u\u017esakant per\u017ei\u016br\u0117ti dyd\u017ei\u0173 lentel\u0119. (Patarimas: kat\u0117s galvos apimtis tur\u0117t\u0173 b\u016bti bent 25 cm, kitaip ji gali i\u0161spr\u016bsti i\u0161 pakinkt\u0173.) Pakuot\u0117je yra: 1x ma\u017eas kat\u0117s pakinkt\u0173 liemen\u0117 ir 1x nailono pavad\u0117lis (150 cm). Patog\u016bs lauko pakinktai: \u0160ie itin patog\u016bs pakinktai glaud\u017eiai priglunda prie kat\u0117s k\u016bno ir leid\u017eia jai jaustis v\u0117siai d\u0117l kv\u0117puojan\u010dio tinklelio audinio. Mink\u0161ti ir lengvi (apie 100 g), puikiai tinka kasdieniam vaik\u0161\u010diojimui, b\u0117giojimui, mank\u0161tai ir kitai lauko veiklai. Taip pat idealu, kai vedate kat\u0119 \u012f nepa\u017e\u012fstam\u0105 viet\u0105, pvz., pas veterinar\u0105 ar pri\u017ei\u016br\u0117toj\u0105. Nesprunkantys pakinktai: \u0160ie reguliuojami pakinktai turi 4 reguliavimo dir\u017eelius, leid\u017eian\u010dius rasti ideal\u0173 dyd\u012f net judriai katei. Kiekvienoje pus\u0117je yra tvirta saugos sagtis, u\u017etikrinanti patikim\u0105 fiksacij\u0105 \u2014 jums nereik\u0117s jaudintis, kad kat\u0117 pab\u0117gs lauke. (Patarimas: pakinktai turi b\u016bti pakankamai priglud\u0119, kad tarp j\u0173 ir kat\u0117s k\u016bno tilpt\u0173 vienas pir\u0161tas.) Katin\u0173 saugos pakinktai: Galite pritvirtinti ilg\u0105 ir patvar\u0173 nailono pavad\u0117l\u012f prie pakinkt\u0173 metalin\u0117s kilpos, kad kat\u0117 gal\u0117t\u0173 saugiai ir maloniai tyrin\u0117ti gamt\u0105. Liemen\u0117s tipo dizainas tolygiai paskirsto apkrov\u0105 per kr\u016btin\u0119 ir pe\u010dius, i\u0161vengiant smaugimo ar kaklo \u012ftampos \u2014 tai daug saugiau ir patogiau nei \u012fprasti ar H formos pakinktai. At\u0161vaitin\u0117s juostel\u0117s u\u017etikrina kat\u0117s matomum\u0105 tamsoje. Lengvai u\u017ededami pakinktai: \u0160iuos lengvai u\u017ededamus pakinktus labai paprasta u\u017emauti ir nuimti, naudojant dvi \u0161onines sagtis ir keturis visi\u0161kai reguliuojamus dir\u017eelius. (Patarimas: kad j\u016bs\u0173 jautrus augintinis priprast\u0173 prie nauj\u0173 pakinkt\u0173, pad\u0117kite juos \u0161alia kat\u0117s miego ar maitinimosi metu.)","og_url":"https:\/\/miumjau.ee\/lt\/produktas\/katinu-pakinktai-su-pavadele-oranziniai-dydis-xs\/","og_site_name":"MiuMjau","article_publisher":"https:\/\/www.facebook.com\/miumjaupood\/","article_modified_time":"2026-01-07T18:48:59+00:00","og_image":[{"width":600,"height":800,"url":"https:\/\/miumjau.ee\/wp-content\/uploads\/2024\/12\/traksid-oranz-S-Photoroom.jpg","type":"image\/jpeg"}],"twitter_card":"summary_large_image","schema":{"@context":"https:\/\/schema.org","@graph":[{"@type":"WebPage","@id":"https:\/\/miumjau.ee\/lt\/produktas\/katinu-pakinktai-su-pavadele-oranziniai-dydis-xs\/","url":"https:\/\/miumjau.ee\/lt\/produktas\/katinu-pakinktai-su-pavadele-oranziniai-dydis-xs\/","name":"Katin\u0173 pakinktai su pavad\u0117le, oran\u017einiai, dydis XS - MiuMjau","isPartOf":{"@id":"https:\/\/miumjau.ee\/#website"},"primaryImageOfPage":{"@id":"https:\/\/miumjau.ee\/lt\/produktas\/katinu-pakinktai-su-pavadele-oranziniai-dydis-xs\/#primaryimage"},"image":{"@id":"https:\/\/miumjau.ee\/lt\/produktas\/katinu-pakinktai-su-pavadele-oranziniai-dydis-xs\/#primaryimage"},"thumbnailUrl":"https:\/\/miumjau.ee\/wp-content\/uploads\/2024\/12\/traksid-oranz-S-Photoroom.jpg","datePublished":"2024-12-20T08:09:28+00:00","dateModified":"2026-01-07T18:48:59+00:00","breadcrumb":{"@id":"https:\/\/miumjau.ee\/lt\/produktas\/katinu-pakinktai-su-pavadele-oranziniai-dydis-xs\/#breadcrumb"},"inLanguage":"lt-LT","potentialAction":[{"@type":"ReadAction","target":["https:\/\/miumjau.ee\/lt\/produktas\/katinu-pakinktai-su-pavadele-oranziniai-dydis-xs\/"]}]},{"@type":"ImageObject","inLanguage":"lt-LT","@id":"https:\/\/miumjau.ee\/lt\/produktas\/katinu-pakinktai-su-pavadele-oranziniai-dydis-xs\/#primaryimage","url":"https:\/\/miumjau.ee\/wp-content\/uploads\/2024\/12\/traksid-oranz-S-Photoroom.jpg","contentUrl":"https:\/\/miumjau.ee\/wp-content\/uploads\/2024\/12\/traksid-oranz-S-Photoroom.jpg","width":600,"height":800},{"@type":"BreadcrumbList","@id":"https:\/\/miumjau.ee\/lt\/produktas\/katinu-pakinktai-su-pavadele-oranziniai-dydis-xs\/#breadcrumb","itemListElement":[{"@type":"ListItem","position":1,"name":"Home","item":"https:\/\/miumjau.ee\/lt\/"},{"@type":"ListItem","position":2,"name":"Parduotuv\u0117","item":"https:\/\/miumjau.ee\/lt\/parduotuve\/"},{"@type":"ListItem","position":3,"name":"Katin\u0173 pakinktai su pavad\u0117le, oran\u017einiai, dydis XS"}]},{"@type":"WebSite","@id":"https:\/\/miumjau.ee\/#website","url":"https:\/\/miumjau.ee\/","name":"MiuMjau","description":"Kraapimispuud kassidele","publisher":{"@id":"https:\/\/miumjau.ee\/#organization"},"potentialAction":[{"@type":"SearchAction","target":{"@type":"EntryPoint","urlTemplate":"https:\/\/miumjau.ee\/?s={search_term_string}"},"query-input":{"@type":"PropertyValueSpecification","valueRequired":true,"valueName":"search_term_string"}}],"inLanguage":"lt-LT"},{"@type":"Organization","@id":"https:\/\/miumjau.ee\/#organization","name":"MiuMjau O\u00dc","url":"https:\/\/miumjau.ee\/","logo":{"@type":"ImageObject","inLanguage":"lt-LT","@id":"https:\/\/miumjau.ee\/#\/schema\/logo\/image\/","url":"https:\/\/miumjau.ee\/wp-content\/uploads\/2022\/04\/MiuMjau-logo-kollane.png","contentUrl":"https:\/\/miumjau.ee\/wp-content\/uploads\/2022\/04\/MiuMjau-logo-kollane.png","width":219,"height":100,"caption":"MiuMjau O\u00dc"},"image":{"@id":"https:\/\/miumjau.ee\/#\/schema\/logo\/image\/"},"sameAs":["https:\/\/www.facebook.com\/miumjaupood\/"]}]}},"_links":{"self":[{"href":"https:\/\/miumjau.ee\/lt\/wp-json\/wp\/v2\/product\/45442","targetHints":{"allow":["GET"]}}],"collection":[{"href":"https:\/\/miumjau.ee\/lt\/wp-json\/wp\/v2\/product"}],"about":[{"href":"https:\/\/miumjau.ee\/lt\/wp-json\/wp\/v2\/types\/product"}],"wp:featuredmedia":[{"embeddable":true,"href":"https:\/\/miumjau.ee\/lt\/wp-json\/wp\/v2\/media\/45405"}],"wp:attachment":[{"href":"https:\/\/miumjau.ee\/lt\/wp-json\/wp\/v2\/media?parent=45442"}],"wp:term":[{"taxonomy":"product_brand","embeddable":true,"href":"https:\/\/miumjau.ee\/lt\/wp-json\/wp\/v2\/product_brand?post=45442"},{"taxonomy":"product_cat","embeddable":true,"href":"https:\/\/miumjau.ee\/lt\/wp-json\/wp\/v2\/product_cat?post=45442"},{"taxonomy":"product_tag","embeddable":true,"href":"https:\/\/miumjau.ee\/lt\/wp-json\/wp\/v2\/product_tag?post=45442"}],"curies":[{"name":"wp","href":"https:\/\/api.w.org\/{rel}","templated":true}]}}