{"id":45404,"date":"2024-12-20T09:57:06","date_gmt":"2024-12-20T07:57:06","guid":{"rendered":"https:\/\/miumjau.ee\/toode\/katinu-pakinktai-su-pavadele-oranziniai-dydis-s\/"},"modified":"2026-01-07T20:49:07","modified_gmt":"2026-01-07T18:49:07","slug":"katinu-pakinktai-su-pavadele-oranziniai-dydis-s","status":"publish","type":"product","link":"https:\/\/miumjau.ee\/lt\/produktas\/katinu-pakinktai-su-pavadele-oranziniai-dydis-s\/","title":{"rendered":"Katin\u0173 pakinktai su pavad\u0117le, oran\u017einiai, dydis S"},"content":{"rendered":"","protected":false},"excerpt":{"rendered":"<p data-start=\"2109\" data-end=\"2502\">Katin\u0173 pakinktai su pavad\u0117le, tinkami vidutinio dyd\u017eio kat\u0117ms: Matmenys \u2014 kaklo apimtis: 27,9\u201334,8 cm, kr\u016btin\u0117s apimtis: 45,7\u201350,8 cm. Pra\u0161ome atid\u017eiai pamatuoti savo kat\u0119 ir prie\u0161 u\u017esakant per\u017ei\u016br\u0117ti dyd\u017ei\u0173 lentel\u0119. (Patarimas: kat\u0117s galvos apimtis tur\u0117t\u0173 b\u016bti bent 25 cm, kitaip ji gali i\u0161spr\u016bsti i\u0161 pakinkt\u0173.) Pakuot\u0117je yra: 1x ma\u017eas kat\u0117s pakinkt\u0173 liemen\u0117 ir 1x nailono pavad\u0117lis (150 cm).<\/p>\n<p data-start=\"2504\" data-end=\"2905\"><strong data-start=\"2504\" data-end=\"2532\">Patog\u016bs lauko pakinktai:<\/strong> \u0160ie itin patog\u016bs pakinktai glaud\u017eiai priglunda prie kat\u0117s k\u016bno ir leid\u017eia jai jaustis v\u0117siai d\u0117l kv\u0117puojan\u010dio tinklelio med\u017eiagos. Mink\u0161ti ir lengvi (apie 100 g), jie puikiai tinka kasdieniam vaik\u0161\u010diojimui, b\u0117giojimui, mank\u0161tai ir kitai veiklai lauke. Taip pat ideal\u016bs kaip saugos pakinktai, kai ve\u017eate kat\u0119 \u012f nepa\u017e\u012fstam\u0105 viet\u0105, pavyzd\u017eiui, pas veterinar\u0105 ar pri\u017ei\u016br\u0117toj\u0105.<\/p>\n<p data-start=\"2907\" data-end=\"3289\"><strong data-start=\"2907\" data-end=\"2935\">Nesprunkantys pakinktai:<\/strong> \u0160ie reguliuojami pakinktai turi 4 reguliavimo dir\u017eelius, kurie leid\u017eia rasti tobul\u0105 dyd\u012f net labai judriai katei. Kiekvienoje pus\u0117je yra tvirta saugos sagtis, u\u017etikrinanti patikim\u0105 u\u017esegim\u0105 \u2014 jums nereik\u0117s jaudintis, kad kat\u0117 pab\u0117gs lauko nuotyki\u0173 metu. (Patarimas: pakinktai tur\u0117t\u0173 b\u016bti tokie priglud\u0119, kad tarp j\u0173 ir kat\u0117s k\u016bno tilpt\u0173 vienas pir\u0161tas.)<\/p>\n<p data-start=\"3291\" data-end=\"3700\"><strong data-start=\"3291\" data-end=\"3319\">Katin\u0173 saugos pakinktai:<\/strong> Galite pritvirtinti ilg\u0105 ir patvar\u0173 nailono pavad\u0117l\u012f prie metalin\u0117s pakinkt\u0173 kilpos, kad leistum\u0117te katei saugiai ir maloniai tyrin\u0117ti gamt\u0105. Liemen\u0117s tipo dizainas tolygiai paskirsto apkrov\u0105 per kr\u016btin\u0119 ir pe\u010dius, i\u0161vengiant smaugimo ar kaklo \u012ftampos \u2014 tai daug saugiau ir patogiau nei \u012fprasti ar H formos pakinktai. At\u0161vaitin\u0117s juostel\u0117s u\u017etikrina, kad kat\u0117 b\u016bt\u0173 matoma tamsoje.<\/p>\n<p data-start=\"3702\" data-end=\"4004\"><strong data-start=\"3702\" data-end=\"3733\">Lengvai u\u017ededami pakinktai:<\/strong> \u0160iuos lengvai u\u017ededamus pakinktus paprasta u\u017emauti ir nuimti, naudojant dvi \u0161onines sagtis ir keturis visi\u0161kai reguliuojamus dir\u017eelius. (Patarimas: kad j\u016bs\u0173 jautrus augintinis priprast\u0173 prie nauj\u0173 pakinkt\u0173, pabandykite juos pad\u0117ti \u0161alia kat\u0117s miego ar maitinimosi metu.)<\/p>\n","protected":false},"featured_media":45405,"template":"","meta":[],"product_brand":[],"product_cat":[534],"product_tag":[],"class_list":{"0":"post-45404","1":"product","2":"type-product","3":"status-publish","4":"has-post-thumbnail","6":"product_cat-pavadeliai-ir-antkakliai","8":"first","9":"instock","10":"taxable","11":"shipping-taxable","12":"purchasable","13":"product-type-simple"},"yoast_head":"<!-- This site is optimized with the Yoast SEO plugin v27.2 - https:\/\/yoast.com\/product\/yoast-seo-wordpress\/ -->\n<title>Katin\u0173 pakinktai su pavad\u0117le, oran\u017einiai, dydis S - MiuMjau<\/title>\n<meta name=\"robots\" content=\"index, follow, max-snippet:-1, max-image-preview:large, max-video-preview:-1\" \/>\n<link rel=\"canonical\" href=\"https:\/\/miumjau.ee\/lt\/produktas\/katinu-pakinktai-su-pavadele-oranziniai-dydis-s\/\" \/>\n<meta property=\"og:locale\" content=\"lt_LT\" \/>\n<meta property=\"og:type\" content=\"article\" \/>\n<meta property=\"og:title\" content=\"Katin\u0173 pakinktai su pavad\u0117le, oran\u017einiai, dydis S - MiuMjau\" \/>\n<meta property=\"og:description\" content=\"Katin\u0173 pakinktai su pavad\u0117le, tinkami vidutinio dyd\u017eio kat\u0117ms: Matmenys \u2014 kaklo apimtis: 27,9\u201334,8 cm, kr\u016btin\u0117s apimtis: 45,7\u201350,8 cm. Pra\u0161ome atid\u017eiai pamatuoti savo kat\u0119 ir prie\u0161 u\u017esakant per\u017ei\u016br\u0117ti dyd\u017ei\u0173 lentel\u0119. (Patarimas: kat\u0117s galvos apimtis tur\u0117t\u0173 b\u016bti bent 25 cm, kitaip ji gali i\u0161spr\u016bsti i\u0161 pakinkt\u0173.) Pakuot\u0117je yra: 1x ma\u017eas kat\u0117s pakinkt\u0173 liemen\u0117 ir 1x nailono pavad\u0117lis (150 cm). Patog\u016bs lauko pakinktai: \u0160ie itin patog\u016bs pakinktai glaud\u017eiai priglunda prie kat\u0117s k\u016bno ir leid\u017eia jai jaustis v\u0117siai d\u0117l kv\u0117puojan\u010dio tinklelio med\u017eiagos. Mink\u0161ti ir lengvi (apie 100 g), jie puikiai tinka kasdieniam vaik\u0161\u010diojimui, b\u0117giojimui, mank\u0161tai ir kitai veiklai lauke. Taip pat ideal\u016bs kaip saugos pakinktai, kai ve\u017eate kat\u0119 \u012f nepa\u017e\u012fstam\u0105 viet\u0105, pavyzd\u017eiui, pas veterinar\u0105 ar pri\u017ei\u016br\u0117toj\u0105. Nesprunkantys pakinktai: \u0160ie reguliuojami pakinktai turi 4 reguliavimo dir\u017eelius, kurie leid\u017eia rasti tobul\u0105 dyd\u012f net labai judriai katei. Kiekvienoje pus\u0117je yra tvirta saugos sagtis, u\u017etikrinanti patikim\u0105 u\u017esegim\u0105 \u2014 jums nereik\u0117s jaudintis, kad kat\u0117 pab\u0117gs lauko nuotyki\u0173 metu. (Patarimas: pakinktai tur\u0117t\u0173 b\u016bti tokie priglud\u0119, kad tarp j\u0173 ir kat\u0117s k\u016bno tilpt\u0173 vienas pir\u0161tas.) Katin\u0173 saugos pakinktai: Galite pritvirtinti ilg\u0105 ir patvar\u0173 nailono pavad\u0117l\u012f prie metalin\u0117s pakinkt\u0173 kilpos, kad leistum\u0117te katei saugiai ir maloniai tyrin\u0117ti gamt\u0105. Liemen\u0117s tipo dizainas tolygiai paskirsto apkrov\u0105 per kr\u016btin\u0119 ir pe\u010dius, i\u0161vengiant smaugimo ar kaklo \u012ftampos \u2014 tai daug saugiau ir patogiau nei \u012fprasti ar H formos pakinktai. At\u0161vaitin\u0117s juostel\u0117s u\u017etikrina, kad kat\u0117 b\u016bt\u0173 matoma tamsoje. Lengvai u\u017ededami pakinktai: \u0160iuos lengvai u\u017ededamus pakinktus paprasta u\u017emauti ir nuimti, naudojant dvi \u0161onines sagtis ir keturis visi\u0161kai reguliuojamus dir\u017eelius. (Patarimas: kad j\u016bs\u0173 jautrus augintinis priprast\u0173 prie nauj\u0173 pakinkt\u0173, pabandykite juos pad\u0117ti \u0161alia kat\u0117s miego ar maitinimosi metu.)\" \/>\n<meta property=\"og:url\" content=\"https:\/\/miumjau.ee\/lt\/produktas\/katinu-pakinktai-su-pavadele-oranziniai-dydis-s\/\" \/>\n<meta property=\"og:site_name\" content=\"MiuMjau\" \/>\n<meta property=\"article:publisher\" content=\"https:\/\/www.facebook.com\/miumjaupood\/\" \/>\n<meta property=\"article:modified_time\" content=\"2026-01-07T18:49:07+00:00\" \/>\n<meta property=\"og:image\" content=\"https:\/\/miumjau.ee\/wp-content\/uploads\/2024\/12\/traksid-oranz-S-Photoroom.jpg\" \/>\n\t<meta property=\"og:image:width\" content=\"600\" \/>\n\t<meta property=\"og:image:height\" content=\"800\" \/>\n\t<meta property=\"og:image:type\" content=\"image\/jpeg\" \/>\n<meta name=\"twitter:card\" content=\"summary_large_image\" \/>\n<script type=\"application\/ld+json\" class=\"yoast-schema-graph\">{\"@context\":\"https:\/\/schema.org\",\"@graph\":[{\"@type\":\"WebPage\",\"@id\":\"https:\/\/miumjau.ee\/lt\/produktas\/katinu-pakinktai-su-pavadele-oranziniai-dydis-s\/\",\"url\":\"https:\/\/miumjau.ee\/lt\/produktas\/katinu-pakinktai-su-pavadele-oranziniai-dydis-s\/\",\"name\":\"Katin\u0173 pakinktai su pavad\u0117le, oran\u017einiai, dydis S - MiuMjau\",\"isPartOf\":{\"@id\":\"https:\/\/miumjau.ee\/#website\"},\"primaryImageOfPage\":{\"@id\":\"https:\/\/miumjau.ee\/lt\/produktas\/katinu-pakinktai-su-pavadele-oranziniai-dydis-s\/#primaryimage\"},\"image\":{\"@id\":\"https:\/\/miumjau.ee\/lt\/produktas\/katinu-pakinktai-su-pavadele-oranziniai-dydis-s\/#primaryimage\"},\"thumbnailUrl\":\"https:\/\/miumjau.ee\/wp-content\/uploads\/2024\/12\/traksid-oranz-S-Photoroom.jpg\",\"datePublished\":\"2024-12-20T07:57:06+00:00\",\"dateModified\":\"2026-01-07T18:49:07+00:00\",\"breadcrumb\":{\"@id\":\"https:\/\/miumjau.ee\/lt\/produktas\/katinu-pakinktai-su-pavadele-oranziniai-dydis-s\/#breadcrumb\"},\"inLanguage\":\"lt-LT\",\"potentialAction\":[{\"@type\":\"ReadAction\",\"target\":[\"https:\/\/miumjau.ee\/lt\/produktas\/katinu-pakinktai-su-pavadele-oranziniai-dydis-s\/\"]}]},{\"@type\":\"ImageObject\",\"inLanguage\":\"lt-LT\",\"@id\":\"https:\/\/miumjau.ee\/lt\/produktas\/katinu-pakinktai-su-pavadele-oranziniai-dydis-s\/#primaryimage\",\"url\":\"https:\/\/miumjau.ee\/wp-content\/uploads\/2024\/12\/traksid-oranz-S-Photoroom.jpg\",\"contentUrl\":\"https:\/\/miumjau.ee\/wp-content\/uploads\/2024\/12\/traksid-oranz-S-Photoroom.jpg\",\"width\":600,\"height\":800},{\"@type\":\"BreadcrumbList\",\"@id\":\"https:\/\/miumjau.ee\/lt\/produktas\/katinu-pakinktai-su-pavadele-oranziniai-dydis-s\/#breadcrumb\",\"itemListElement\":[{\"@type\":\"ListItem\",\"position\":1,\"name\":\"Home\",\"item\":\"https:\/\/miumjau.ee\/lt\/\"},{\"@type\":\"ListItem\",\"position\":2,\"name\":\"Parduotuv\u0117\",\"item\":\"https:\/\/miumjau.ee\/lt\/parduotuve\/\"},{\"@type\":\"ListItem\",\"position\":3,\"name\":\"Katin\u0173 pakinktai su pavad\u0117le, oran\u017einiai, dydis S\"}]},{\"@type\":\"WebSite\",\"@id\":\"https:\/\/miumjau.ee\/#website\",\"url\":\"https:\/\/miumjau.ee\/\",\"name\":\"MiuMjau\",\"description\":\"Kraapimispuud kassidele\",\"publisher\":{\"@id\":\"https:\/\/miumjau.ee\/#organization\"},\"potentialAction\":[{\"@type\":\"SearchAction\",\"target\":{\"@type\":\"EntryPoint\",\"urlTemplate\":\"https:\/\/miumjau.ee\/?s={search_term_string}\"},\"query-input\":{\"@type\":\"PropertyValueSpecification\",\"valueRequired\":true,\"valueName\":\"search_term_string\"}}],\"inLanguage\":\"lt-LT\"},{\"@type\":\"Organization\",\"@id\":\"https:\/\/miumjau.ee\/#organization\",\"name\":\"MiuMjau O\u00dc\",\"url\":\"https:\/\/miumjau.ee\/\",\"logo\":{\"@type\":\"ImageObject\",\"inLanguage\":\"lt-LT\",\"@id\":\"https:\/\/miumjau.ee\/#\/schema\/logo\/image\/\",\"url\":\"https:\/\/miumjau.ee\/wp-content\/uploads\/2022\/04\/MiuMjau-logo-kollane.png\",\"contentUrl\":\"https:\/\/miumjau.ee\/wp-content\/uploads\/2022\/04\/MiuMjau-logo-kollane.png\",\"width\":219,\"height\":100,\"caption\":\"MiuMjau O\u00dc\"},\"image\":{\"@id\":\"https:\/\/miumjau.ee\/#\/schema\/logo\/image\/\"},\"sameAs\":[\"https:\/\/www.facebook.com\/miumjaupood\/\"]}]}<\/script>\n<!-- \/ Yoast SEO plugin. -->","yoast_head_json":{"title":"Katin\u0173 pakinktai su pavad\u0117le, oran\u017einiai, dydis S - MiuMjau","robots":{"index":"index","follow":"follow","max-snippet":"max-snippet:-1","max-image-preview":"max-image-preview:large","max-video-preview":"max-video-preview:-1"},"canonical":"https:\/\/miumjau.ee\/lt\/produktas\/katinu-pakinktai-su-pavadele-oranziniai-dydis-s\/","og_locale":"lt_LT","og_type":"article","og_title":"Katin\u0173 pakinktai su pavad\u0117le, oran\u017einiai, dydis S - MiuMjau","og_description":"Katin\u0173 pakinktai su pavad\u0117le, tinkami vidutinio dyd\u017eio kat\u0117ms: Matmenys \u2014 kaklo apimtis: 27,9\u201334,8 cm, kr\u016btin\u0117s apimtis: 45,7\u201350,8 cm. Pra\u0161ome atid\u017eiai pamatuoti savo kat\u0119 ir prie\u0161 u\u017esakant per\u017ei\u016br\u0117ti dyd\u017ei\u0173 lentel\u0119. (Patarimas: kat\u0117s galvos apimtis tur\u0117t\u0173 b\u016bti bent 25 cm, kitaip ji gali i\u0161spr\u016bsti i\u0161 pakinkt\u0173.) Pakuot\u0117je yra: 1x ma\u017eas kat\u0117s pakinkt\u0173 liemen\u0117 ir 1x nailono pavad\u0117lis (150 cm). Patog\u016bs lauko pakinktai: \u0160ie itin patog\u016bs pakinktai glaud\u017eiai priglunda prie kat\u0117s k\u016bno ir leid\u017eia jai jaustis v\u0117siai d\u0117l kv\u0117puojan\u010dio tinklelio med\u017eiagos. Mink\u0161ti ir lengvi (apie 100 g), jie puikiai tinka kasdieniam vaik\u0161\u010diojimui, b\u0117giojimui, mank\u0161tai ir kitai veiklai lauke. Taip pat ideal\u016bs kaip saugos pakinktai, kai ve\u017eate kat\u0119 \u012f nepa\u017e\u012fstam\u0105 viet\u0105, pavyzd\u017eiui, pas veterinar\u0105 ar pri\u017ei\u016br\u0117toj\u0105. Nesprunkantys pakinktai: \u0160ie reguliuojami pakinktai turi 4 reguliavimo dir\u017eelius, kurie leid\u017eia rasti tobul\u0105 dyd\u012f net labai judriai katei. Kiekvienoje pus\u0117je yra tvirta saugos sagtis, u\u017etikrinanti patikim\u0105 u\u017esegim\u0105 \u2014 jums nereik\u0117s jaudintis, kad kat\u0117 pab\u0117gs lauko nuotyki\u0173 metu. (Patarimas: pakinktai tur\u0117t\u0173 b\u016bti tokie priglud\u0119, kad tarp j\u0173 ir kat\u0117s k\u016bno tilpt\u0173 vienas pir\u0161tas.) Katin\u0173 saugos pakinktai: Galite pritvirtinti ilg\u0105 ir patvar\u0173 nailono pavad\u0117l\u012f prie metalin\u0117s pakinkt\u0173 kilpos, kad leistum\u0117te katei saugiai ir maloniai tyrin\u0117ti gamt\u0105. Liemen\u0117s tipo dizainas tolygiai paskirsto apkrov\u0105 per kr\u016btin\u0119 ir pe\u010dius, i\u0161vengiant smaugimo ar kaklo \u012ftampos \u2014 tai daug saugiau ir patogiau nei \u012fprasti ar H formos pakinktai. At\u0161vaitin\u0117s juostel\u0117s u\u017etikrina, kad kat\u0117 b\u016bt\u0173 matoma tamsoje. Lengvai u\u017ededami pakinktai: \u0160iuos lengvai u\u017ededamus pakinktus paprasta u\u017emauti ir nuimti, naudojant dvi \u0161onines sagtis ir keturis visi\u0161kai reguliuojamus dir\u017eelius. (Patarimas: kad j\u016bs\u0173 jautrus augintinis priprast\u0173 prie nauj\u0173 pakinkt\u0173, pabandykite juos pad\u0117ti \u0161alia kat\u0117s miego ar maitinimosi metu.)","og_url":"https:\/\/miumjau.ee\/lt\/produktas\/katinu-pakinktai-su-pavadele-oranziniai-dydis-s\/","og_site_name":"MiuMjau","article_publisher":"https:\/\/www.facebook.com\/miumjaupood\/","article_modified_time":"2026-01-07T18:49:07+00:00","og_image":[{"width":600,"height":800,"url":"https:\/\/miumjau.ee\/wp-content\/uploads\/2024\/12\/traksid-oranz-S-Photoroom.jpg","type":"image\/jpeg"}],"twitter_card":"summary_large_image","schema":{"@context":"https:\/\/schema.org","@graph":[{"@type":"WebPage","@id":"https:\/\/miumjau.ee\/lt\/produktas\/katinu-pakinktai-su-pavadele-oranziniai-dydis-s\/","url":"https:\/\/miumjau.ee\/lt\/produktas\/katinu-pakinktai-su-pavadele-oranziniai-dydis-s\/","name":"Katin\u0173 pakinktai su pavad\u0117le, oran\u017einiai, dydis S - MiuMjau","isPartOf":{"@id":"https:\/\/miumjau.ee\/#website"},"primaryImageOfPage":{"@id":"https:\/\/miumjau.ee\/lt\/produktas\/katinu-pakinktai-su-pavadele-oranziniai-dydis-s\/#primaryimage"},"image":{"@id":"https:\/\/miumjau.ee\/lt\/produktas\/katinu-pakinktai-su-pavadele-oranziniai-dydis-s\/#primaryimage"},"thumbnailUrl":"https:\/\/miumjau.ee\/wp-content\/uploads\/2024\/12\/traksid-oranz-S-Photoroom.jpg","datePublished":"2024-12-20T07:57:06+00:00","dateModified":"2026-01-07T18:49:07+00:00","breadcrumb":{"@id":"https:\/\/miumjau.ee\/lt\/produktas\/katinu-pakinktai-su-pavadele-oranziniai-dydis-s\/#breadcrumb"},"inLanguage":"lt-LT","potentialAction":[{"@type":"ReadAction","target":["https:\/\/miumjau.ee\/lt\/produktas\/katinu-pakinktai-su-pavadele-oranziniai-dydis-s\/"]}]},{"@type":"ImageObject","inLanguage":"lt-LT","@id":"https:\/\/miumjau.ee\/lt\/produktas\/katinu-pakinktai-su-pavadele-oranziniai-dydis-s\/#primaryimage","url":"https:\/\/miumjau.ee\/wp-content\/uploads\/2024\/12\/traksid-oranz-S-Photoroom.jpg","contentUrl":"https:\/\/miumjau.ee\/wp-content\/uploads\/2024\/12\/traksid-oranz-S-Photoroom.jpg","width":600,"height":800},{"@type":"BreadcrumbList","@id":"https:\/\/miumjau.ee\/lt\/produktas\/katinu-pakinktai-su-pavadele-oranziniai-dydis-s\/#breadcrumb","itemListElement":[{"@type":"ListItem","position":1,"name":"Home","item":"https:\/\/miumjau.ee\/lt\/"},{"@type":"ListItem","position":2,"name":"Parduotuv\u0117","item":"https:\/\/miumjau.ee\/lt\/parduotuve\/"},{"@type":"ListItem","position":3,"name":"Katin\u0173 pakinktai su pavad\u0117le, oran\u017einiai, dydis S"}]},{"@type":"WebSite","@id":"https:\/\/miumjau.ee\/#website","url":"https:\/\/miumjau.ee\/","name":"MiuMjau","description":"Kraapimispuud kassidele","publisher":{"@id":"https:\/\/miumjau.ee\/#organization"},"potentialAction":[{"@type":"SearchAction","target":{"@type":"EntryPoint","urlTemplate":"https:\/\/miumjau.ee\/?s={search_term_string}"},"query-input":{"@type":"PropertyValueSpecification","valueRequired":true,"valueName":"search_term_string"}}],"inLanguage":"lt-LT"},{"@type":"Organization","@id":"https:\/\/miumjau.ee\/#organization","name":"MiuMjau O\u00dc","url":"https:\/\/miumjau.ee\/","logo":{"@type":"ImageObject","inLanguage":"lt-LT","@id":"https:\/\/miumjau.ee\/#\/schema\/logo\/image\/","url":"https:\/\/miumjau.ee\/wp-content\/uploads\/2022\/04\/MiuMjau-logo-kollane.png","contentUrl":"https:\/\/miumjau.ee\/wp-content\/uploads\/2022\/04\/MiuMjau-logo-kollane.png","width":219,"height":100,"caption":"MiuMjau O\u00dc"},"image":{"@id":"https:\/\/miumjau.ee\/#\/schema\/logo\/image\/"},"sameAs":["https:\/\/www.facebook.com\/miumjaupood\/"]}]}},"_links":{"self":[{"href":"https:\/\/miumjau.ee\/lt\/wp-json\/wp\/v2\/product\/45404","targetHints":{"allow":["GET"]}}],"collection":[{"href":"https:\/\/miumjau.ee\/lt\/wp-json\/wp\/v2\/product"}],"about":[{"href":"https:\/\/miumjau.ee\/lt\/wp-json\/wp\/v2\/types\/product"}],"wp:featuredmedia":[{"embeddable":true,"href":"https:\/\/miumjau.ee\/lt\/wp-json\/wp\/v2\/media\/45405"}],"wp:attachment":[{"href":"https:\/\/miumjau.ee\/lt\/wp-json\/wp\/v2\/media?parent=45404"}],"wp:term":[{"taxonomy":"product_brand","embeddable":true,"href":"https:\/\/miumjau.ee\/lt\/wp-json\/wp\/v2\/product_brand?post=45404"},{"taxonomy":"product_cat","embeddable":true,"href":"https:\/\/miumjau.ee\/lt\/wp-json\/wp\/v2\/product_cat?post=45404"},{"taxonomy":"product_tag","embeddable":true,"href":"https:\/\/miumjau.ee\/lt\/wp-json\/wp\/v2\/product_tag?post=45404"}],"curies":[{"name":"wp","href":"https:\/\/api.w.org\/{rel}","templated":true}]}}