{"id":45229,"date":"2024-10-18T14:44:24","date_gmt":"2024-10-18T11:44:24","guid":{"rendered":"https:\/\/miumjau.ee\/toode\/kaciu-kraiko-deze-minus-one-s-pilka\/"},"modified":"2026-01-07T20:49:07","modified_gmt":"2026-01-07T18:49:07","slug":"kaciu-kraiko-deze-minus-one-s-pilka","status":"publish","type":"product","link":"https:\/\/miumjau.ee\/lt\/produktas\/kaciu-kraiko-deze-minus-one-s-pilka\/","title":{"rendered":"Ka\u010di\u0173 kraiko d\u0117\u017e\u0117 Minus One S, pilka"},"content":{"rendered":"","protected":false},"excerpt":{"rendered":"<p data-start=\"522\" data-end=\"769\">Ka\u010di\u0173 kraiko d\u0117\u017e\u0117 Minus One yra prakti\u0161ka, patogi naudoti ir esteti\u0161ka. Produktas pagamintas i\u0161 perdirbto plastiko. \u0160ioje kraiko d\u0117\u017e\u0117je yra puiki briauna, kuri nuvalo perteklin\u012f kraik\u0105 nuo kat\u0117s leten\u0173, tod\u0117l kat\u0117 i\u0161 d\u0117\u017eut\u0117s i\u0161ne\u0161 ma\u017eiau kraiko.<\/p>\n<ul data-start=\"771\" data-end=\"858\">\n<li data-start=\"771\" data-end=\"798\">\n<p data-start=\"773\" data-end=\"798\">Produkto svoris: 0,6 kg<\/p>\n<\/li>\n<li data-start=\"799\" data-end=\"819\">\n<p data-start=\"801\" data-end=\"819\">Auk\u0161tis: 16,7 cm<\/p>\n<\/li>\n<li data-start=\"820\" data-end=\"838\">\n<p data-start=\"822\" data-end=\"838\">Ilgis: 55,3 cm<\/p>\n<\/li>\n<li data-start=\"839\" data-end=\"858\">\n<p data-start=\"841\" data-end=\"858\">Plotis: 25,6 cm<\/p>\n<\/li>\n<\/ul>\n<p data-start=\"860\" data-end=\"879\" data-is-last-node=\"\" data-is-only-node=\"\"><strong data-start=\"860\" data-end=\"879\" data-is-last-node=\"\">Turime vietoje!<\/strong><\/p>\n","protected":false},"featured_media":45230,"template":"","meta":[],"product_brand":[],"product_cat":[531],"product_tag":[],"class_list":{"0":"post-45229","1":"product","2":"type-product","3":"status-publish","4":"has-post-thumbnail","6":"product_cat-kraiko-dezes","8":"first","9":"instock","10":"taxable","11":"shipping-taxable","12":"purchasable","13":"product-type-simple"},"yoast_head":"<!-- This site is optimized with the Yoast SEO plugin v27.2 - https:\/\/yoast.com\/product\/yoast-seo-wordpress\/ -->\n<title>Ka\u010di\u0173 kraiko d\u0117\u017e\u0117 Minus One S, pilka - MiuMjau<\/title>\n<meta name=\"robots\" content=\"index, follow, max-snippet:-1, max-image-preview:large, max-video-preview:-1\" \/>\n<link rel=\"canonical\" href=\"https:\/\/miumjau.ee\/lt\/produktas\/kaciu-kraiko-deze-minus-one-s-pilka\/\" \/>\n<meta property=\"og:locale\" content=\"lt_LT\" \/>\n<meta property=\"og:type\" content=\"article\" \/>\n<meta property=\"og:title\" content=\"Ka\u010di\u0173 kraiko d\u0117\u017e\u0117 Minus One S, pilka - MiuMjau\" \/>\n<meta property=\"og:description\" content=\"Ka\u010di\u0173 kraiko d\u0117\u017e\u0117 Minus One yra prakti\u0161ka, patogi naudoti ir esteti\u0161ka. Produktas pagamintas i\u0161 perdirbto plastiko. \u0160ioje kraiko d\u0117\u017e\u0117je yra puiki briauna, kuri nuvalo perteklin\u012f kraik\u0105 nuo kat\u0117s leten\u0173, tod\u0117l kat\u0117 i\u0161 d\u0117\u017eut\u0117s i\u0161ne\u0161 ma\u017eiau kraiko.     Produkto svoris: 0,6 kg    Auk\u0161tis: 16,7 cm    Ilgis: 55,3 cm    Plotis: 25,6 cm   Turime vietoje!\" \/>\n<meta property=\"og:url\" content=\"https:\/\/miumjau.ee\/lt\/produktas\/kaciu-kraiko-deze-minus-one-s-pilka\/\" \/>\n<meta property=\"og:site_name\" content=\"MiuMjau\" \/>\n<meta property=\"article:publisher\" content=\"https:\/\/www.facebook.com\/miumjaupood\/\" \/>\n<meta property=\"article:modified_time\" content=\"2026-01-07T18:49:07+00:00\" \/>\n<meta property=\"og:image\" content=\"https:\/\/miumjau.ee\/wp-content\/uploads\/2024\/10\/liivakast-minus-one3.jpg\" \/>\n\t<meta property=\"og:image:width\" content=\"600\" \/>\n\t<meta property=\"og:image:height\" content=\"800\" \/>\n\t<meta property=\"og:image:type\" content=\"image\/jpeg\" \/>\n<meta name=\"twitter:card\" content=\"summary_large_image\" \/>\n<script type=\"application\/ld+json\" class=\"yoast-schema-graph\">{\"@context\":\"https:\/\/schema.org\",\"@graph\":[{\"@type\":\"WebPage\",\"@id\":\"https:\/\/miumjau.ee\/lt\/produktas\/kaciu-kraiko-deze-minus-one-s-pilka\/\",\"url\":\"https:\/\/miumjau.ee\/lt\/produktas\/kaciu-kraiko-deze-minus-one-s-pilka\/\",\"name\":\"Ka\u010di\u0173 kraiko d\u0117\u017e\u0117 Minus One S, pilka - MiuMjau\",\"isPartOf\":{\"@id\":\"https:\/\/miumjau.ee\/#website\"},\"primaryImageOfPage\":{\"@id\":\"https:\/\/miumjau.ee\/lt\/produktas\/kaciu-kraiko-deze-minus-one-s-pilka\/#primaryimage\"},\"image\":{\"@id\":\"https:\/\/miumjau.ee\/lt\/produktas\/kaciu-kraiko-deze-minus-one-s-pilka\/#primaryimage\"},\"thumbnailUrl\":\"https:\/\/miumjau.ee\/wp-content\/uploads\/2024\/10\/liivakast-minus-one3.jpg\",\"datePublished\":\"2024-10-18T11:44:24+00:00\",\"dateModified\":\"2026-01-07T18:49:07+00:00\",\"breadcrumb\":{\"@id\":\"https:\/\/miumjau.ee\/lt\/produktas\/kaciu-kraiko-deze-minus-one-s-pilka\/#breadcrumb\"},\"inLanguage\":\"lt-LT\",\"potentialAction\":[{\"@type\":\"ReadAction\",\"target\":[\"https:\/\/miumjau.ee\/lt\/produktas\/kaciu-kraiko-deze-minus-one-s-pilka\/\"]}]},{\"@type\":\"ImageObject\",\"inLanguage\":\"lt-LT\",\"@id\":\"https:\/\/miumjau.ee\/lt\/produktas\/kaciu-kraiko-deze-minus-one-s-pilka\/#primaryimage\",\"url\":\"https:\/\/miumjau.ee\/wp-content\/uploads\/2024\/10\/liivakast-minus-one3.jpg\",\"contentUrl\":\"https:\/\/miumjau.ee\/wp-content\/uploads\/2024\/10\/liivakast-minus-one3.jpg\",\"width\":600,\"height\":800},{\"@type\":\"BreadcrumbList\",\"@id\":\"https:\/\/miumjau.ee\/lt\/produktas\/kaciu-kraiko-deze-minus-one-s-pilka\/#breadcrumb\",\"itemListElement\":[{\"@type\":\"ListItem\",\"position\":1,\"name\":\"Home\",\"item\":\"https:\/\/miumjau.ee\/lt\/\"},{\"@type\":\"ListItem\",\"position\":2,\"name\":\"Parduotuv\u0117\",\"item\":\"https:\/\/miumjau.ee\/lt\/parduotuve\/\"},{\"@type\":\"ListItem\",\"position\":3,\"name\":\"Ka\u010di\u0173 kraiko d\u0117\u017e\u0117 Minus One S, pilka\"}]},{\"@type\":\"WebSite\",\"@id\":\"https:\/\/miumjau.ee\/#website\",\"url\":\"https:\/\/miumjau.ee\/\",\"name\":\"MiuMjau\",\"description\":\"Kraapimispuud kassidele\",\"publisher\":{\"@id\":\"https:\/\/miumjau.ee\/#organization\"},\"potentialAction\":[{\"@type\":\"SearchAction\",\"target\":{\"@type\":\"EntryPoint\",\"urlTemplate\":\"https:\/\/miumjau.ee\/?s={search_term_string}\"},\"query-input\":{\"@type\":\"PropertyValueSpecification\",\"valueRequired\":true,\"valueName\":\"search_term_string\"}}],\"inLanguage\":\"lt-LT\"},{\"@type\":\"Organization\",\"@id\":\"https:\/\/miumjau.ee\/#organization\",\"name\":\"MiuMjau O\u00dc\",\"url\":\"https:\/\/miumjau.ee\/\",\"logo\":{\"@type\":\"ImageObject\",\"inLanguage\":\"lt-LT\",\"@id\":\"https:\/\/miumjau.ee\/#\/schema\/logo\/image\/\",\"url\":\"https:\/\/miumjau.ee\/wp-content\/uploads\/2022\/04\/MiuMjau-logo-kollane.png\",\"contentUrl\":\"https:\/\/miumjau.ee\/wp-content\/uploads\/2022\/04\/MiuMjau-logo-kollane.png\",\"width\":219,\"height\":100,\"caption\":\"MiuMjau O\u00dc\"},\"image\":{\"@id\":\"https:\/\/miumjau.ee\/#\/schema\/logo\/image\/\"},\"sameAs\":[\"https:\/\/www.facebook.com\/miumjaupood\/\"]}]}<\/script>\n<!-- \/ Yoast SEO plugin. -->","yoast_head_json":{"title":"Ka\u010di\u0173 kraiko d\u0117\u017e\u0117 Minus One S, pilka - MiuMjau","robots":{"index":"index","follow":"follow","max-snippet":"max-snippet:-1","max-image-preview":"max-image-preview:large","max-video-preview":"max-video-preview:-1"},"canonical":"https:\/\/miumjau.ee\/lt\/produktas\/kaciu-kraiko-deze-minus-one-s-pilka\/","og_locale":"lt_LT","og_type":"article","og_title":"Ka\u010di\u0173 kraiko d\u0117\u017e\u0117 Minus One S, pilka - MiuMjau","og_description":"Ka\u010di\u0173 kraiko d\u0117\u017e\u0117 Minus One yra prakti\u0161ka, patogi naudoti ir esteti\u0161ka. Produktas pagamintas i\u0161 perdirbto plastiko. \u0160ioje kraiko d\u0117\u017e\u0117je yra puiki briauna, kuri nuvalo perteklin\u012f kraik\u0105 nuo kat\u0117s leten\u0173, tod\u0117l kat\u0117 i\u0161 d\u0117\u017eut\u0117s i\u0161ne\u0161 ma\u017eiau kraiko.     Produkto svoris: 0,6 kg    Auk\u0161tis: 16,7 cm    Ilgis: 55,3 cm    Plotis: 25,6 cm   Turime vietoje!","og_url":"https:\/\/miumjau.ee\/lt\/produktas\/kaciu-kraiko-deze-minus-one-s-pilka\/","og_site_name":"MiuMjau","article_publisher":"https:\/\/www.facebook.com\/miumjaupood\/","article_modified_time":"2026-01-07T18:49:07+00:00","og_image":[{"width":600,"height":800,"url":"https:\/\/miumjau.ee\/wp-content\/uploads\/2024\/10\/liivakast-minus-one3.jpg","type":"image\/jpeg"}],"twitter_card":"summary_large_image","schema":{"@context":"https:\/\/schema.org","@graph":[{"@type":"WebPage","@id":"https:\/\/miumjau.ee\/lt\/produktas\/kaciu-kraiko-deze-minus-one-s-pilka\/","url":"https:\/\/miumjau.ee\/lt\/produktas\/kaciu-kraiko-deze-minus-one-s-pilka\/","name":"Ka\u010di\u0173 kraiko d\u0117\u017e\u0117 Minus One S, pilka - MiuMjau","isPartOf":{"@id":"https:\/\/miumjau.ee\/#website"},"primaryImageOfPage":{"@id":"https:\/\/miumjau.ee\/lt\/produktas\/kaciu-kraiko-deze-minus-one-s-pilka\/#primaryimage"},"image":{"@id":"https:\/\/miumjau.ee\/lt\/produktas\/kaciu-kraiko-deze-minus-one-s-pilka\/#primaryimage"},"thumbnailUrl":"https:\/\/miumjau.ee\/wp-content\/uploads\/2024\/10\/liivakast-minus-one3.jpg","datePublished":"2024-10-18T11:44:24+00:00","dateModified":"2026-01-07T18:49:07+00:00","breadcrumb":{"@id":"https:\/\/miumjau.ee\/lt\/produktas\/kaciu-kraiko-deze-minus-one-s-pilka\/#breadcrumb"},"inLanguage":"lt-LT","potentialAction":[{"@type":"ReadAction","target":["https:\/\/miumjau.ee\/lt\/produktas\/kaciu-kraiko-deze-minus-one-s-pilka\/"]}]},{"@type":"ImageObject","inLanguage":"lt-LT","@id":"https:\/\/miumjau.ee\/lt\/produktas\/kaciu-kraiko-deze-minus-one-s-pilka\/#primaryimage","url":"https:\/\/miumjau.ee\/wp-content\/uploads\/2024\/10\/liivakast-minus-one3.jpg","contentUrl":"https:\/\/miumjau.ee\/wp-content\/uploads\/2024\/10\/liivakast-minus-one3.jpg","width":600,"height":800},{"@type":"BreadcrumbList","@id":"https:\/\/miumjau.ee\/lt\/produktas\/kaciu-kraiko-deze-minus-one-s-pilka\/#breadcrumb","itemListElement":[{"@type":"ListItem","position":1,"name":"Home","item":"https:\/\/miumjau.ee\/lt\/"},{"@type":"ListItem","position":2,"name":"Parduotuv\u0117","item":"https:\/\/miumjau.ee\/lt\/parduotuve\/"},{"@type":"ListItem","position":3,"name":"Ka\u010di\u0173 kraiko d\u0117\u017e\u0117 Minus One S, pilka"}]},{"@type":"WebSite","@id":"https:\/\/miumjau.ee\/#website","url":"https:\/\/miumjau.ee\/","name":"MiuMjau","description":"Kraapimispuud kassidele","publisher":{"@id":"https:\/\/miumjau.ee\/#organization"},"potentialAction":[{"@type":"SearchAction","target":{"@type":"EntryPoint","urlTemplate":"https:\/\/miumjau.ee\/?s={search_term_string}"},"query-input":{"@type":"PropertyValueSpecification","valueRequired":true,"valueName":"search_term_string"}}],"inLanguage":"lt-LT"},{"@type":"Organization","@id":"https:\/\/miumjau.ee\/#organization","name":"MiuMjau O\u00dc","url":"https:\/\/miumjau.ee\/","logo":{"@type":"ImageObject","inLanguage":"lt-LT","@id":"https:\/\/miumjau.ee\/#\/schema\/logo\/image\/","url":"https:\/\/miumjau.ee\/wp-content\/uploads\/2022\/04\/MiuMjau-logo-kollane.png","contentUrl":"https:\/\/miumjau.ee\/wp-content\/uploads\/2022\/04\/MiuMjau-logo-kollane.png","width":219,"height":100,"caption":"MiuMjau O\u00dc"},"image":{"@id":"https:\/\/miumjau.ee\/#\/schema\/logo\/image\/"},"sameAs":["https:\/\/www.facebook.com\/miumjaupood\/"]}]}},"_links":{"self":[{"href":"https:\/\/miumjau.ee\/lt\/wp-json\/wp\/v2\/product\/45229","targetHints":{"allow":["GET"]}}],"collection":[{"href":"https:\/\/miumjau.ee\/lt\/wp-json\/wp\/v2\/product"}],"about":[{"href":"https:\/\/miumjau.ee\/lt\/wp-json\/wp\/v2\/types\/product"}],"wp:featuredmedia":[{"embeddable":true,"href":"https:\/\/miumjau.ee\/lt\/wp-json\/wp\/v2\/media\/45230"}],"wp:attachment":[{"href":"https:\/\/miumjau.ee\/lt\/wp-json\/wp\/v2\/media?parent=45229"}],"wp:term":[{"taxonomy":"product_brand","embeddable":true,"href":"https:\/\/miumjau.ee\/lt\/wp-json\/wp\/v2\/product_brand?post=45229"},{"taxonomy":"product_cat","embeddable":true,"href":"https:\/\/miumjau.ee\/lt\/wp-json\/wp\/v2\/product_cat?post=45229"},{"taxonomy":"product_tag","embeddable":true,"href":"https:\/\/miumjau.ee\/lt\/wp-json\/wp\/v2\/product_tag?post=45229"}],"curies":[{"name":"wp","href":"https:\/\/api.w.org\/{rel}","templated":true}]}}