{"id":45224,"date":"2025-01-13T10:23:54","date_gmt":"2025-01-13T08:23:54","guid":{"rendered":"https:\/\/miumjau.ee\/toode\/kaciu-kraiko-deze-elite-smelio-juoda\/"},"modified":"2026-01-07T20:49:07","modified_gmt":"2026-01-07T18:49:07","slug":"kaciu-kraiko-deze-elite-smelio-juoda","status":"publish","type":"product","link":"https:\/\/miumjau.ee\/lt\/produktas\/kaciu-kraiko-deze-elite-smelio-juoda\/","title":{"rendered":"Ka\u010di\u0173 kraiko d\u0117\u017e\u0117 Elite, sm\u0117lio\/juoda"},"content":{"rendered":"","protected":false},"excerpt":{"rendered":"<p data-start=\"736\" data-end=\"1207\">Pristatome u\u017edengt\u0105 ka\u010di\u0173 kraiko d\u0117\u017e\u0119, kuri sujungia kelis prakti\u0161kus sprendimus. Svarbiausia \u2013 kraikas nei\u0161byra i\u0161 d\u0117\u017eut\u0117s, net jei j\u016bs\u0173 kat\u0117 aktyviai kasosi. Be to, d\u0117\u017e\u0117 suteikia katei daug privatumo, kas, priklausomai nuo j\u016bs\u0173 augintinio charakterio, gali b\u016bti labai svarbu naudojimosi patogumui ir stresui ma\u017einti. D\u0117\u017e\u0117je yra vyri\u0173 durel\u0117s ir patogi rankena ne\u0161iojimui. Visa vir\u0161utin\u0117 dalis yra nuimama ir pritvirtinta paprastomis segtuk\u0117mis, kas palengvina valym\u0105.<\/p>\n<p data-start=\"1209\" data-end=\"1276\">Produktas pagamintas i\u0161 patvari\u0173 ir augintiniams saugi\u0173 med\u017eiag\u0173.<\/p>\n<ul data-start=\"1278\" data-end=\"1331\" data-is-last-node=\"\" data-is-only-node=\"\">\n<li data-start=\"1278\" data-end=\"1296\">\n<p data-start=\"1280\" data-end=\"1296\">Ilgis: 51,5 cm<\/p>\n<\/li>\n<li data-start=\"1297\" data-end=\"1314\">\n<p data-start=\"1299\" data-end=\"1314\">Plotis: 38 cm<\/p>\n<\/li>\n<li data-start=\"1315\" data-end=\"1331\" data-is-last-node=\"\">\n<p data-start=\"1317\" data-end=\"1331\" data-is-last-node=\"\">Auk\u0161tis: 38 cm<\/p>\n<\/li>\n<\/ul>\n","protected":false},"featured_media":45217,"template":"","meta":[],"product_brand":[],"product_cat":[531],"product_tag":[],"class_list":{"0":"post-45224","1":"product","2":"type-product","3":"status-publish","4":"has-post-thumbnail","6":"product_cat-kraiko-dezes","8":"first","9":"instock","10":"taxable","11":"shipping-taxable","12":"purchasable","13":"product-type-simple"},"yoast_head":"<!-- This site is optimized with the Yoast SEO plugin v27.2 - https:\/\/yoast.com\/product\/yoast-seo-wordpress\/ -->\n<title>Ka\u010di\u0173 kraiko d\u0117\u017e\u0117 Elite, sm\u0117lio\/juoda - MiuMjau<\/title>\n<meta name=\"robots\" content=\"index, follow, max-snippet:-1, max-image-preview:large, max-video-preview:-1\" \/>\n<link rel=\"canonical\" href=\"https:\/\/miumjau.ee\/lt\/produktas\/kaciu-kraiko-deze-elite-smelio-juoda\/\" \/>\n<meta property=\"og:locale\" content=\"lt_LT\" \/>\n<meta property=\"og:type\" content=\"article\" \/>\n<meta property=\"og:title\" content=\"Ka\u010di\u0173 kraiko d\u0117\u017e\u0117 Elite, sm\u0117lio\/juoda - MiuMjau\" \/>\n<meta property=\"og:description\" content=\"Pristatome u\u017edengt\u0105 ka\u010di\u0173 kraiko d\u0117\u017e\u0119, kuri sujungia kelis prakti\u0161kus sprendimus. Svarbiausia \u2013 kraikas nei\u0161byra i\u0161 d\u0117\u017eut\u0117s, net jei j\u016bs\u0173 kat\u0117 aktyviai kasosi. Be to, d\u0117\u017e\u0117 suteikia katei daug privatumo, kas, priklausomai nuo j\u016bs\u0173 augintinio charakterio, gali b\u016bti labai svarbu naudojimosi patogumui ir stresui ma\u017einti. D\u0117\u017e\u0117je yra vyri\u0173 durel\u0117s ir patogi rankena ne\u0161iojimui. Visa vir\u0161utin\u0117 dalis yra nuimama ir pritvirtinta paprastomis segtuk\u0117mis, kas palengvina valym\u0105. Produktas pagamintas i\u0161 patvari\u0173 ir augintiniams saugi\u0173 med\u017eiag\u0173.     Ilgis: 51,5 cm    Plotis: 38 cm    Auk\u0161tis: 38 cm\" \/>\n<meta property=\"og:url\" content=\"https:\/\/miumjau.ee\/lt\/produktas\/kaciu-kraiko-deze-elite-smelio-juoda\/\" \/>\n<meta property=\"og:site_name\" content=\"MiuMjau\" \/>\n<meta property=\"article:publisher\" content=\"https:\/\/www.facebook.com\/miumjaupood\/\" \/>\n<meta property=\"article:modified_time\" content=\"2026-01-07T18:49:07+00:00\" \/>\n<meta property=\"og:image\" content=\"https:\/\/miumjau.ee\/wp-content\/uploads\/2025\/01\/kassi-liivakast-elite-beezmust1-Photoroom.jpg\" \/>\n\t<meta property=\"og:image:width\" content=\"600\" \/>\n\t<meta property=\"og:image:height\" content=\"800\" \/>\n\t<meta property=\"og:image:type\" content=\"image\/jpeg\" \/>\n<meta name=\"twitter:card\" content=\"summary_large_image\" \/>\n<script type=\"application\/ld+json\" class=\"yoast-schema-graph\">{\"@context\":\"https:\/\/schema.org\",\"@graph\":[{\"@type\":\"WebPage\",\"@id\":\"https:\/\/miumjau.ee\/lt\/produktas\/kaciu-kraiko-deze-elite-smelio-juoda\/\",\"url\":\"https:\/\/miumjau.ee\/lt\/produktas\/kaciu-kraiko-deze-elite-smelio-juoda\/\",\"name\":\"Ka\u010di\u0173 kraiko d\u0117\u017e\u0117 Elite, sm\u0117lio\/juoda - MiuMjau\",\"isPartOf\":{\"@id\":\"https:\/\/miumjau.ee\/#website\"},\"primaryImageOfPage\":{\"@id\":\"https:\/\/miumjau.ee\/lt\/produktas\/kaciu-kraiko-deze-elite-smelio-juoda\/#primaryimage\"},\"image\":{\"@id\":\"https:\/\/miumjau.ee\/lt\/produktas\/kaciu-kraiko-deze-elite-smelio-juoda\/#primaryimage\"},\"thumbnailUrl\":\"https:\/\/miumjau.ee\/wp-content\/uploads\/2025\/01\/kassi-liivakast-elite-beezmust1-Photoroom.jpg\",\"datePublished\":\"2025-01-13T08:23:54+00:00\",\"dateModified\":\"2026-01-07T18:49:07+00:00\",\"breadcrumb\":{\"@id\":\"https:\/\/miumjau.ee\/lt\/produktas\/kaciu-kraiko-deze-elite-smelio-juoda\/#breadcrumb\"},\"inLanguage\":\"lt-LT\",\"potentialAction\":[{\"@type\":\"ReadAction\",\"target\":[\"https:\/\/miumjau.ee\/lt\/produktas\/kaciu-kraiko-deze-elite-smelio-juoda\/\"]}]},{\"@type\":\"ImageObject\",\"inLanguage\":\"lt-LT\",\"@id\":\"https:\/\/miumjau.ee\/lt\/produktas\/kaciu-kraiko-deze-elite-smelio-juoda\/#primaryimage\",\"url\":\"https:\/\/miumjau.ee\/wp-content\/uploads\/2025\/01\/kassi-liivakast-elite-beezmust1-Photoroom.jpg\",\"contentUrl\":\"https:\/\/miumjau.ee\/wp-content\/uploads\/2025\/01\/kassi-liivakast-elite-beezmust1-Photoroom.jpg\",\"width\":600,\"height\":800,\"caption\":\"Liivakast kassile Elite beez, must\"},{\"@type\":\"BreadcrumbList\",\"@id\":\"https:\/\/miumjau.ee\/lt\/produktas\/kaciu-kraiko-deze-elite-smelio-juoda\/#breadcrumb\",\"itemListElement\":[{\"@type\":\"ListItem\",\"position\":1,\"name\":\"Home\",\"item\":\"https:\/\/miumjau.ee\/lt\/\"},{\"@type\":\"ListItem\",\"position\":2,\"name\":\"Parduotuv\u0117\",\"item\":\"https:\/\/miumjau.ee\/lt\/parduotuve\/\"},{\"@type\":\"ListItem\",\"position\":3,\"name\":\"Ka\u010di\u0173 kraiko d\u0117\u017e\u0117 Elite, sm\u0117lio\/juoda\"}]},{\"@type\":\"WebSite\",\"@id\":\"https:\/\/miumjau.ee\/#website\",\"url\":\"https:\/\/miumjau.ee\/\",\"name\":\"MiuMjau\",\"description\":\"Kraapimispuud kassidele\",\"publisher\":{\"@id\":\"https:\/\/miumjau.ee\/#organization\"},\"potentialAction\":[{\"@type\":\"SearchAction\",\"target\":{\"@type\":\"EntryPoint\",\"urlTemplate\":\"https:\/\/miumjau.ee\/?s={search_term_string}\"},\"query-input\":{\"@type\":\"PropertyValueSpecification\",\"valueRequired\":true,\"valueName\":\"search_term_string\"}}],\"inLanguage\":\"lt-LT\"},{\"@type\":\"Organization\",\"@id\":\"https:\/\/miumjau.ee\/#organization\",\"name\":\"MiuMjau O\u00dc\",\"url\":\"https:\/\/miumjau.ee\/\",\"logo\":{\"@type\":\"ImageObject\",\"inLanguage\":\"lt-LT\",\"@id\":\"https:\/\/miumjau.ee\/#\/schema\/logo\/image\/\",\"url\":\"https:\/\/miumjau.ee\/wp-content\/uploads\/2022\/04\/MiuMjau-logo-kollane.png\",\"contentUrl\":\"https:\/\/miumjau.ee\/wp-content\/uploads\/2022\/04\/MiuMjau-logo-kollane.png\",\"width\":219,\"height\":100,\"caption\":\"MiuMjau O\u00dc\"},\"image\":{\"@id\":\"https:\/\/miumjau.ee\/#\/schema\/logo\/image\/\"},\"sameAs\":[\"https:\/\/www.facebook.com\/miumjaupood\/\"]}]}<\/script>\n<!-- \/ Yoast SEO plugin. -->","yoast_head_json":{"title":"Ka\u010di\u0173 kraiko d\u0117\u017e\u0117 Elite, sm\u0117lio\/juoda - MiuMjau","robots":{"index":"index","follow":"follow","max-snippet":"max-snippet:-1","max-image-preview":"max-image-preview:large","max-video-preview":"max-video-preview:-1"},"canonical":"https:\/\/miumjau.ee\/lt\/produktas\/kaciu-kraiko-deze-elite-smelio-juoda\/","og_locale":"lt_LT","og_type":"article","og_title":"Ka\u010di\u0173 kraiko d\u0117\u017e\u0117 Elite, sm\u0117lio\/juoda - MiuMjau","og_description":"Pristatome u\u017edengt\u0105 ka\u010di\u0173 kraiko d\u0117\u017e\u0119, kuri sujungia kelis prakti\u0161kus sprendimus. Svarbiausia \u2013 kraikas nei\u0161byra i\u0161 d\u0117\u017eut\u0117s, net jei j\u016bs\u0173 kat\u0117 aktyviai kasosi. Be to, d\u0117\u017e\u0117 suteikia katei daug privatumo, kas, priklausomai nuo j\u016bs\u0173 augintinio charakterio, gali b\u016bti labai svarbu naudojimosi patogumui ir stresui ma\u017einti. D\u0117\u017e\u0117je yra vyri\u0173 durel\u0117s ir patogi rankena ne\u0161iojimui. Visa vir\u0161utin\u0117 dalis yra nuimama ir pritvirtinta paprastomis segtuk\u0117mis, kas palengvina valym\u0105. Produktas pagamintas i\u0161 patvari\u0173 ir augintiniams saugi\u0173 med\u017eiag\u0173.     Ilgis: 51,5 cm    Plotis: 38 cm    Auk\u0161tis: 38 cm","og_url":"https:\/\/miumjau.ee\/lt\/produktas\/kaciu-kraiko-deze-elite-smelio-juoda\/","og_site_name":"MiuMjau","article_publisher":"https:\/\/www.facebook.com\/miumjaupood\/","article_modified_time":"2026-01-07T18:49:07+00:00","og_image":[{"width":600,"height":800,"url":"https:\/\/miumjau.ee\/wp-content\/uploads\/2025\/01\/kassi-liivakast-elite-beezmust1-Photoroom.jpg","type":"image\/jpeg"}],"twitter_card":"summary_large_image","schema":{"@context":"https:\/\/schema.org","@graph":[{"@type":"WebPage","@id":"https:\/\/miumjau.ee\/lt\/produktas\/kaciu-kraiko-deze-elite-smelio-juoda\/","url":"https:\/\/miumjau.ee\/lt\/produktas\/kaciu-kraiko-deze-elite-smelio-juoda\/","name":"Ka\u010di\u0173 kraiko d\u0117\u017e\u0117 Elite, sm\u0117lio\/juoda - MiuMjau","isPartOf":{"@id":"https:\/\/miumjau.ee\/#website"},"primaryImageOfPage":{"@id":"https:\/\/miumjau.ee\/lt\/produktas\/kaciu-kraiko-deze-elite-smelio-juoda\/#primaryimage"},"image":{"@id":"https:\/\/miumjau.ee\/lt\/produktas\/kaciu-kraiko-deze-elite-smelio-juoda\/#primaryimage"},"thumbnailUrl":"https:\/\/miumjau.ee\/wp-content\/uploads\/2025\/01\/kassi-liivakast-elite-beezmust1-Photoroom.jpg","datePublished":"2025-01-13T08:23:54+00:00","dateModified":"2026-01-07T18:49:07+00:00","breadcrumb":{"@id":"https:\/\/miumjau.ee\/lt\/produktas\/kaciu-kraiko-deze-elite-smelio-juoda\/#breadcrumb"},"inLanguage":"lt-LT","potentialAction":[{"@type":"ReadAction","target":["https:\/\/miumjau.ee\/lt\/produktas\/kaciu-kraiko-deze-elite-smelio-juoda\/"]}]},{"@type":"ImageObject","inLanguage":"lt-LT","@id":"https:\/\/miumjau.ee\/lt\/produktas\/kaciu-kraiko-deze-elite-smelio-juoda\/#primaryimage","url":"https:\/\/miumjau.ee\/wp-content\/uploads\/2025\/01\/kassi-liivakast-elite-beezmust1-Photoroom.jpg","contentUrl":"https:\/\/miumjau.ee\/wp-content\/uploads\/2025\/01\/kassi-liivakast-elite-beezmust1-Photoroom.jpg","width":600,"height":800,"caption":"Liivakast kassile Elite beez, must"},{"@type":"BreadcrumbList","@id":"https:\/\/miumjau.ee\/lt\/produktas\/kaciu-kraiko-deze-elite-smelio-juoda\/#breadcrumb","itemListElement":[{"@type":"ListItem","position":1,"name":"Home","item":"https:\/\/miumjau.ee\/lt\/"},{"@type":"ListItem","position":2,"name":"Parduotuv\u0117","item":"https:\/\/miumjau.ee\/lt\/parduotuve\/"},{"@type":"ListItem","position":3,"name":"Ka\u010di\u0173 kraiko d\u0117\u017e\u0117 Elite, sm\u0117lio\/juoda"}]},{"@type":"WebSite","@id":"https:\/\/miumjau.ee\/#website","url":"https:\/\/miumjau.ee\/","name":"MiuMjau","description":"Kraapimispuud kassidele","publisher":{"@id":"https:\/\/miumjau.ee\/#organization"},"potentialAction":[{"@type":"SearchAction","target":{"@type":"EntryPoint","urlTemplate":"https:\/\/miumjau.ee\/?s={search_term_string}"},"query-input":{"@type":"PropertyValueSpecification","valueRequired":true,"valueName":"search_term_string"}}],"inLanguage":"lt-LT"},{"@type":"Organization","@id":"https:\/\/miumjau.ee\/#organization","name":"MiuMjau O\u00dc","url":"https:\/\/miumjau.ee\/","logo":{"@type":"ImageObject","inLanguage":"lt-LT","@id":"https:\/\/miumjau.ee\/#\/schema\/logo\/image\/","url":"https:\/\/miumjau.ee\/wp-content\/uploads\/2022\/04\/MiuMjau-logo-kollane.png","contentUrl":"https:\/\/miumjau.ee\/wp-content\/uploads\/2022\/04\/MiuMjau-logo-kollane.png","width":219,"height":100,"caption":"MiuMjau O\u00dc"},"image":{"@id":"https:\/\/miumjau.ee\/#\/schema\/logo\/image\/"},"sameAs":["https:\/\/www.facebook.com\/miumjaupood\/"]}]}},"_links":{"self":[{"href":"https:\/\/miumjau.ee\/lt\/wp-json\/wp\/v2\/product\/45224","targetHints":{"allow":["GET"]}}],"collection":[{"href":"https:\/\/miumjau.ee\/lt\/wp-json\/wp\/v2\/product"}],"about":[{"href":"https:\/\/miumjau.ee\/lt\/wp-json\/wp\/v2\/types\/product"}],"wp:featuredmedia":[{"embeddable":true,"href":"https:\/\/miumjau.ee\/lt\/wp-json\/wp\/v2\/media\/45217"}],"wp:attachment":[{"href":"https:\/\/miumjau.ee\/lt\/wp-json\/wp\/v2\/media?parent=45224"}],"wp:term":[{"taxonomy":"product_brand","embeddable":true,"href":"https:\/\/miumjau.ee\/lt\/wp-json\/wp\/v2\/product_brand?post=45224"},{"taxonomy":"product_cat","embeddable":true,"href":"https:\/\/miumjau.ee\/lt\/wp-json\/wp\/v2\/product_cat?post=45224"},{"taxonomy":"product_tag","embeddable":true,"href":"https:\/\/miumjau.ee\/lt\/wp-json\/wp\/v2\/product_tag?post=45224"}],"curies":[{"name":"wp","href":"https:\/\/api.w.org\/{rel}","templated":true}]}}