{"id":45147,"date":"2024-08-06T16:47:38","date_gmt":"2024-08-06T13:47:38","guid":{"rendered":"https:\/\/miumjau.ee\/toode\/kaciu-kraiko-kilimelis-l-55x75-cm-juodas\/"},"modified":"2026-01-07T20:49:14","modified_gmt":"2026-01-07T18:49:14","slug":"kaciu-kraiko-kilimelis-l-55x75-cm-juodas","status":"publish","type":"product","link":"https:\/\/miumjau.ee\/lt\/produktas\/kaciu-kraiko-kilimelis-l-55x75-cm-juodas\/","title":{"rendered":"Ka\u010di\u0173 kraiko kilim\u0117lis L 55&#215;75 cm, juodas"},"content":{"rendered":"","protected":false},"excerpt":{"rendered":"<p data-start=\"1064\" data-end=\"1385\">Nesvarbu, kokio tipo ka\u010di\u0173 kraik\u0105 ar kok\u012f kraiko d\u0117\u017eut\u0117s tip\u0105 naudojate \u2013 \u0161iek tiek netvarkos nei\u0161vengiama. Kat\u0117s i\u0161\u0161oka i\u0161 d\u0117\u017eut\u0117s, i\u0161barstydamos kraik\u0105 arba j\u012f i\u0161mesdamos, u\u017ekasa savo i\u0161matas. J\u016bs\u0173 augintinis taip pat gali nety\u010dia u\u017elipti ant i\u0161mat\u0173 ir palikti ne\u0161vari\u0173 d\u0117mi\u0173 ant grind\u0173. Sprendimas \u2013 kraiko kilim\u0117liai!<\/p>\n<p data-start=\"1387\" data-end=\"1697\">Ka\u010di\u0173 kraiko kilim\u0117lis padeda i\u0161vengti streso ir vargo, susijusio su aplink i\u0161birusio kraiko valymu. Tiesiog pad\u0117kite kilim\u0117l\u012f prie\u0161 kraiko d\u0117\u017eut\u0119 arba po ja (su pakankamu plotu aplink), kad surinkt\u0173 kraik\u0105 nuo kat\u0117s leten\u0117li\u0173. Likusius kraiko trupinius galite i\u0161siurbti siurbliu arba i\u0161purtyti \u012f \u0161iuk\u0161liad\u0117\u017e\u0119.<\/p>\n<p data-start=\"1699\" data-end=\"1711\"><strong data-start=\"1699\" data-end=\"1711\">Savyb\u0117s:<\/strong><\/p>\n<ul data-start=\"1713\" data-end=\"1923\">\n<li data-start=\"1713\" data-end=\"1755\">\n<p data-start=\"1715\" data-end=\"1755\">Sulaiko did\u017ei\u0105j\u0105 dal\u012f i\u0161birusio kraiko<\/p>\n<\/li>\n<li data-start=\"1756\" data-end=\"1783\">\n<p data-start=\"1758\" data-end=\"1783\">Mink\u0161tas kat\u0117s letenoms<\/p>\n<\/li>\n<li data-start=\"1784\" data-end=\"1806\">\n<p data-start=\"1786\" data-end=\"1806\">Neslidus pavir\u0161ius<\/p>\n<\/li>\n<li data-start=\"1807\" data-end=\"1826\">\n<p data-start=\"1809\" data-end=\"1826\">Lengvai valomas<\/p>\n<\/li>\n<li data-start=\"1827\" data-end=\"1846\">\n<p data-start=\"1829\" data-end=\"1846\">Apsaugo grindis<\/p>\n<\/li>\n<li data-start=\"1847\" data-end=\"1869\">\n<p data-start=\"1849\" data-end=\"1869\">Atsparus vandeniui<\/p>\n<\/li>\n<li data-start=\"1870\" data-end=\"1886\">\n<p data-start=\"1872\" data-end=\"1886\">Ilgis: 75 cm<\/p>\n<\/li>\n<li data-start=\"1887\" data-end=\"1904\">\n<p data-start=\"1889\" data-end=\"1904\">Plotis: 55 cm<\/p>\n<\/li>\n<li data-start=\"1905\" data-end=\"1923\">\n<p data-start=\"1907\" data-end=\"1923\">Svoris: 0,4 kg<\/p>\n<\/li>\n<\/ul>\n<p data-start=\"1925\" data-end=\"1940\">Turime vietoje!<\/p>\n","protected":false},"featured_media":45148,"template":"","meta":[],"product_brand":[],"product_cat":[532],"product_tag":[],"class_list":{"0":"post-45147","1":"product","2":"type-product","3":"status-publish","4":"has-post-thumbnail","6":"product_cat-tualeto-priedai","8":"first","9":"instock","10":"taxable","11":"shipping-taxable","12":"purchasable","13":"product-type-simple"},"yoast_head":"<!-- This site is optimized with the Yoast SEO plugin v27.2 - https:\/\/yoast.com\/product\/yoast-seo-wordpress\/ -->\n<title>Ka\u010di\u0173 kraiko kilim\u0117lis L 55x75 cm, juodas - MiuMjau<\/title>\n<meta name=\"robots\" content=\"index, follow, max-snippet:-1, max-image-preview:large, max-video-preview:-1\" \/>\n<link rel=\"canonical\" href=\"https:\/\/miumjau.ee\/lt\/produktas\/kaciu-kraiko-kilimelis-l-55x75-cm-juodas\/\" \/>\n<meta property=\"og:locale\" content=\"lt_LT\" \/>\n<meta property=\"og:type\" content=\"article\" \/>\n<meta property=\"og:title\" content=\"Ka\u010di\u0173 kraiko kilim\u0117lis L 55x75 cm, juodas - MiuMjau\" \/>\n<meta property=\"og:description\" content=\"Nesvarbu, kokio tipo ka\u010di\u0173 kraik\u0105 ar kok\u012f kraiko d\u0117\u017eut\u0117s tip\u0105 naudojate \u2013 \u0161iek tiek netvarkos nei\u0161vengiama. Kat\u0117s i\u0161\u0161oka i\u0161 d\u0117\u017eut\u0117s, i\u0161barstydamos kraik\u0105 arba j\u012f i\u0161mesdamos, u\u017ekasa savo i\u0161matas. J\u016bs\u0173 augintinis taip pat gali nety\u010dia u\u017elipti ant i\u0161mat\u0173 ir palikti ne\u0161vari\u0173 d\u0117mi\u0173 ant grind\u0173. Sprendimas \u2013 kraiko kilim\u0117liai! Ka\u010di\u0173 kraiko kilim\u0117lis padeda i\u0161vengti streso ir vargo, susijusio su aplink i\u0161birusio kraiko valymu. Tiesiog pad\u0117kite kilim\u0117l\u012f prie\u0161 kraiko d\u0117\u017eut\u0119 arba po ja (su pakankamu plotu aplink), kad surinkt\u0173 kraik\u0105 nuo kat\u0117s leten\u0117li\u0173. Likusius kraiko trupinius galite i\u0161siurbti siurbliu arba i\u0161purtyti \u012f \u0161iuk\u0161liad\u0117\u017e\u0119. Savyb\u0117s:     Sulaiko did\u017ei\u0105j\u0105 dal\u012f i\u0161birusio kraiko    Mink\u0161tas kat\u0117s letenoms    Neslidus pavir\u0161ius    Lengvai valomas    Apsaugo grindis    Atsparus vandeniui    Ilgis: 75 cm    Plotis: 55 cm    Svoris: 0,4 kg   Turime vietoje!\" \/>\n<meta property=\"og:url\" content=\"https:\/\/miumjau.ee\/lt\/produktas\/kaciu-kraiko-kilimelis-l-55x75-cm-juodas\/\" \/>\n<meta property=\"og:site_name\" content=\"MiuMjau\" \/>\n<meta property=\"article:publisher\" content=\"https:\/\/www.facebook.com\/miumjaupood\/\" \/>\n<meta property=\"article:modified_time\" content=\"2026-01-07T18:49:14+00:00\" \/>\n<meta property=\"og:image\" content=\"https:\/\/miumjau.ee\/wp-content\/uploads\/2024\/08\/kassi-liivakasti-matt-l-55x75-cm-must-1.jpg\" \/>\n\t<meta property=\"og:image:width\" content=\"600\" \/>\n\t<meta property=\"og:image:height\" content=\"800\" \/>\n\t<meta property=\"og:image:type\" content=\"image\/jpeg\" \/>\n<meta name=\"twitter:card\" content=\"summary_large_image\" \/>\n<script type=\"application\/ld+json\" class=\"yoast-schema-graph\">{\"@context\":\"https:\/\/schema.org\",\"@graph\":[{\"@type\":\"WebPage\",\"@id\":\"https:\/\/miumjau.ee\/lt\/produktas\/kaciu-kraiko-kilimelis-l-55x75-cm-juodas\/\",\"url\":\"https:\/\/miumjau.ee\/lt\/produktas\/kaciu-kraiko-kilimelis-l-55x75-cm-juodas\/\",\"name\":\"Ka\u010di\u0173 kraiko kilim\u0117lis L 55x75 cm, juodas - MiuMjau\",\"isPartOf\":{\"@id\":\"https:\/\/miumjau.ee\/#website\"},\"primaryImageOfPage\":{\"@id\":\"https:\/\/miumjau.ee\/lt\/produktas\/kaciu-kraiko-kilimelis-l-55x75-cm-juodas\/#primaryimage\"},\"image\":{\"@id\":\"https:\/\/miumjau.ee\/lt\/produktas\/kaciu-kraiko-kilimelis-l-55x75-cm-juodas\/#primaryimage\"},\"thumbnailUrl\":\"https:\/\/miumjau.ee\/wp-content\/uploads\/2024\/08\/kassi-liivakasti-matt-l-55x75-cm-must-1.jpg\",\"datePublished\":\"2024-08-06T13:47:38+00:00\",\"dateModified\":\"2026-01-07T18:49:14+00:00\",\"breadcrumb\":{\"@id\":\"https:\/\/miumjau.ee\/lt\/produktas\/kaciu-kraiko-kilimelis-l-55x75-cm-juodas\/#breadcrumb\"},\"inLanguage\":\"lt-LT\",\"potentialAction\":[{\"@type\":\"ReadAction\",\"target\":[\"https:\/\/miumjau.ee\/lt\/produktas\/kaciu-kraiko-kilimelis-l-55x75-cm-juodas\/\"]}]},{\"@type\":\"ImageObject\",\"inLanguage\":\"lt-LT\",\"@id\":\"https:\/\/miumjau.ee\/lt\/produktas\/kaciu-kraiko-kilimelis-l-55x75-cm-juodas\/#primaryimage\",\"url\":\"https:\/\/miumjau.ee\/wp-content\/uploads\/2024\/08\/kassi-liivakasti-matt-l-55x75-cm-must-1.jpg\",\"contentUrl\":\"https:\/\/miumjau.ee\/wp-content\/uploads\/2024\/08\/kassi-liivakasti-matt-l-55x75-cm-must-1.jpg\",\"width\":600,\"height\":800},{\"@type\":\"BreadcrumbList\",\"@id\":\"https:\/\/miumjau.ee\/lt\/produktas\/kaciu-kraiko-kilimelis-l-55x75-cm-juodas\/#breadcrumb\",\"itemListElement\":[{\"@type\":\"ListItem\",\"position\":1,\"name\":\"Home\",\"item\":\"https:\/\/miumjau.ee\/lt\/\"},{\"@type\":\"ListItem\",\"position\":2,\"name\":\"Parduotuv\u0117\",\"item\":\"https:\/\/miumjau.ee\/lt\/parduotuve\/\"},{\"@type\":\"ListItem\",\"position\":3,\"name\":\"Ka\u010di\u0173 kraiko kilim\u0117lis L 55&#215;75 cm, juodas\"}]},{\"@type\":\"WebSite\",\"@id\":\"https:\/\/miumjau.ee\/#website\",\"url\":\"https:\/\/miumjau.ee\/\",\"name\":\"MiuMjau\",\"description\":\"Kraapimispuud kassidele\",\"publisher\":{\"@id\":\"https:\/\/miumjau.ee\/#organization\"},\"potentialAction\":[{\"@type\":\"SearchAction\",\"target\":{\"@type\":\"EntryPoint\",\"urlTemplate\":\"https:\/\/miumjau.ee\/?s={search_term_string}\"},\"query-input\":{\"@type\":\"PropertyValueSpecification\",\"valueRequired\":true,\"valueName\":\"search_term_string\"}}],\"inLanguage\":\"lt-LT\"},{\"@type\":\"Organization\",\"@id\":\"https:\/\/miumjau.ee\/#organization\",\"name\":\"MiuMjau O\u00dc\",\"url\":\"https:\/\/miumjau.ee\/\",\"logo\":{\"@type\":\"ImageObject\",\"inLanguage\":\"lt-LT\",\"@id\":\"https:\/\/miumjau.ee\/#\/schema\/logo\/image\/\",\"url\":\"https:\/\/miumjau.ee\/wp-content\/uploads\/2022\/04\/MiuMjau-logo-kollane.png\",\"contentUrl\":\"https:\/\/miumjau.ee\/wp-content\/uploads\/2022\/04\/MiuMjau-logo-kollane.png\",\"width\":219,\"height\":100,\"caption\":\"MiuMjau O\u00dc\"},\"image\":{\"@id\":\"https:\/\/miumjau.ee\/#\/schema\/logo\/image\/\"},\"sameAs\":[\"https:\/\/www.facebook.com\/miumjaupood\/\"]}]}<\/script>\n<!-- \/ Yoast SEO plugin. -->","yoast_head_json":{"title":"Ka\u010di\u0173 kraiko kilim\u0117lis L 55x75 cm, juodas - MiuMjau","robots":{"index":"index","follow":"follow","max-snippet":"max-snippet:-1","max-image-preview":"max-image-preview:large","max-video-preview":"max-video-preview:-1"},"canonical":"https:\/\/miumjau.ee\/lt\/produktas\/kaciu-kraiko-kilimelis-l-55x75-cm-juodas\/","og_locale":"lt_LT","og_type":"article","og_title":"Ka\u010di\u0173 kraiko kilim\u0117lis L 55x75 cm, juodas - MiuMjau","og_description":"Nesvarbu, kokio tipo ka\u010di\u0173 kraik\u0105 ar kok\u012f kraiko d\u0117\u017eut\u0117s tip\u0105 naudojate \u2013 \u0161iek tiek netvarkos nei\u0161vengiama. Kat\u0117s i\u0161\u0161oka i\u0161 d\u0117\u017eut\u0117s, i\u0161barstydamos kraik\u0105 arba j\u012f i\u0161mesdamos, u\u017ekasa savo i\u0161matas. J\u016bs\u0173 augintinis taip pat gali nety\u010dia u\u017elipti ant i\u0161mat\u0173 ir palikti ne\u0161vari\u0173 d\u0117mi\u0173 ant grind\u0173. Sprendimas \u2013 kraiko kilim\u0117liai! Ka\u010di\u0173 kraiko kilim\u0117lis padeda i\u0161vengti streso ir vargo, susijusio su aplink i\u0161birusio kraiko valymu. Tiesiog pad\u0117kite kilim\u0117l\u012f prie\u0161 kraiko d\u0117\u017eut\u0119 arba po ja (su pakankamu plotu aplink), kad surinkt\u0173 kraik\u0105 nuo kat\u0117s leten\u0117li\u0173. Likusius kraiko trupinius galite i\u0161siurbti siurbliu arba i\u0161purtyti \u012f \u0161iuk\u0161liad\u0117\u017e\u0119. Savyb\u0117s:     Sulaiko did\u017ei\u0105j\u0105 dal\u012f i\u0161birusio kraiko    Mink\u0161tas kat\u0117s letenoms    Neslidus pavir\u0161ius    Lengvai valomas    Apsaugo grindis    Atsparus vandeniui    Ilgis: 75 cm    Plotis: 55 cm    Svoris: 0,4 kg   Turime vietoje!","og_url":"https:\/\/miumjau.ee\/lt\/produktas\/kaciu-kraiko-kilimelis-l-55x75-cm-juodas\/","og_site_name":"MiuMjau","article_publisher":"https:\/\/www.facebook.com\/miumjaupood\/","article_modified_time":"2026-01-07T18:49:14+00:00","og_image":[{"width":600,"height":800,"url":"https:\/\/miumjau.ee\/wp-content\/uploads\/2024\/08\/kassi-liivakasti-matt-l-55x75-cm-must-1.jpg","type":"image\/jpeg"}],"twitter_card":"summary_large_image","schema":{"@context":"https:\/\/schema.org","@graph":[{"@type":"WebPage","@id":"https:\/\/miumjau.ee\/lt\/produktas\/kaciu-kraiko-kilimelis-l-55x75-cm-juodas\/","url":"https:\/\/miumjau.ee\/lt\/produktas\/kaciu-kraiko-kilimelis-l-55x75-cm-juodas\/","name":"Ka\u010di\u0173 kraiko kilim\u0117lis L 55x75 cm, juodas - MiuMjau","isPartOf":{"@id":"https:\/\/miumjau.ee\/#website"},"primaryImageOfPage":{"@id":"https:\/\/miumjau.ee\/lt\/produktas\/kaciu-kraiko-kilimelis-l-55x75-cm-juodas\/#primaryimage"},"image":{"@id":"https:\/\/miumjau.ee\/lt\/produktas\/kaciu-kraiko-kilimelis-l-55x75-cm-juodas\/#primaryimage"},"thumbnailUrl":"https:\/\/miumjau.ee\/wp-content\/uploads\/2024\/08\/kassi-liivakasti-matt-l-55x75-cm-must-1.jpg","datePublished":"2024-08-06T13:47:38+00:00","dateModified":"2026-01-07T18:49:14+00:00","breadcrumb":{"@id":"https:\/\/miumjau.ee\/lt\/produktas\/kaciu-kraiko-kilimelis-l-55x75-cm-juodas\/#breadcrumb"},"inLanguage":"lt-LT","potentialAction":[{"@type":"ReadAction","target":["https:\/\/miumjau.ee\/lt\/produktas\/kaciu-kraiko-kilimelis-l-55x75-cm-juodas\/"]}]},{"@type":"ImageObject","inLanguage":"lt-LT","@id":"https:\/\/miumjau.ee\/lt\/produktas\/kaciu-kraiko-kilimelis-l-55x75-cm-juodas\/#primaryimage","url":"https:\/\/miumjau.ee\/wp-content\/uploads\/2024\/08\/kassi-liivakasti-matt-l-55x75-cm-must-1.jpg","contentUrl":"https:\/\/miumjau.ee\/wp-content\/uploads\/2024\/08\/kassi-liivakasti-matt-l-55x75-cm-must-1.jpg","width":600,"height":800},{"@type":"BreadcrumbList","@id":"https:\/\/miumjau.ee\/lt\/produktas\/kaciu-kraiko-kilimelis-l-55x75-cm-juodas\/#breadcrumb","itemListElement":[{"@type":"ListItem","position":1,"name":"Home","item":"https:\/\/miumjau.ee\/lt\/"},{"@type":"ListItem","position":2,"name":"Parduotuv\u0117","item":"https:\/\/miumjau.ee\/lt\/parduotuve\/"},{"@type":"ListItem","position":3,"name":"Ka\u010di\u0173 kraiko kilim\u0117lis L 55&#215;75 cm, juodas"}]},{"@type":"WebSite","@id":"https:\/\/miumjau.ee\/#website","url":"https:\/\/miumjau.ee\/","name":"MiuMjau","description":"Kraapimispuud kassidele","publisher":{"@id":"https:\/\/miumjau.ee\/#organization"},"potentialAction":[{"@type":"SearchAction","target":{"@type":"EntryPoint","urlTemplate":"https:\/\/miumjau.ee\/?s={search_term_string}"},"query-input":{"@type":"PropertyValueSpecification","valueRequired":true,"valueName":"search_term_string"}}],"inLanguage":"lt-LT"},{"@type":"Organization","@id":"https:\/\/miumjau.ee\/#organization","name":"MiuMjau O\u00dc","url":"https:\/\/miumjau.ee\/","logo":{"@type":"ImageObject","inLanguage":"lt-LT","@id":"https:\/\/miumjau.ee\/#\/schema\/logo\/image\/","url":"https:\/\/miumjau.ee\/wp-content\/uploads\/2022\/04\/MiuMjau-logo-kollane.png","contentUrl":"https:\/\/miumjau.ee\/wp-content\/uploads\/2022\/04\/MiuMjau-logo-kollane.png","width":219,"height":100,"caption":"MiuMjau O\u00dc"},"image":{"@id":"https:\/\/miumjau.ee\/#\/schema\/logo\/image\/"},"sameAs":["https:\/\/www.facebook.com\/miumjaupood\/"]}]}},"_links":{"self":[{"href":"https:\/\/miumjau.ee\/lt\/wp-json\/wp\/v2\/product\/45147","targetHints":{"allow":["GET"]}}],"collection":[{"href":"https:\/\/miumjau.ee\/lt\/wp-json\/wp\/v2\/product"}],"about":[{"href":"https:\/\/miumjau.ee\/lt\/wp-json\/wp\/v2\/types\/product"}],"wp:featuredmedia":[{"embeddable":true,"href":"https:\/\/miumjau.ee\/lt\/wp-json\/wp\/v2\/media\/45148"}],"wp:attachment":[{"href":"https:\/\/miumjau.ee\/lt\/wp-json\/wp\/v2\/media?parent=45147"}],"wp:term":[{"taxonomy":"product_brand","embeddable":true,"href":"https:\/\/miumjau.ee\/lt\/wp-json\/wp\/v2\/product_brand?post=45147"},{"taxonomy":"product_cat","embeddable":true,"href":"https:\/\/miumjau.ee\/lt\/wp-json\/wp\/v2\/product_cat?post=45147"},{"taxonomy":"product_tag","embeddable":true,"href":"https:\/\/miumjau.ee\/lt\/wp-json\/wp\/v2\/product_tag?post=45147"}],"curies":[{"name":"wp","href":"https:\/\/api.w.org\/{rel}","templated":true}]}}