{"id":45129,"date":"2025-05-03T10:09:39","date_gmt":"2025-05-03T07:09:39","guid":{"rendered":"https:\/\/miumjau.ee\/toode\/kaciu-kraikas-bentonitas-northland-baby-powder-5l\/"},"modified":"2026-01-07T20:49:14","modified_gmt":"2026-01-07T18:49:14","slug":"kaciu-kraikas-bentonitas-northland-baby-powder-5l","status":"publish","type":"product","link":"https:\/\/miumjau.ee\/lt\/produktas\/kaciu-kraikas-bentonitas-northland-baby-powder-5l\/","title":{"rendered":"Ka\u010di\u0173 kraikas bentonitas Northland Baby Powder 5L"},"content":{"rendered":"","protected":false},"excerpt":{"rendered":"<p data-start=\"3369\" data-end=\"3657\">Northland Baby Powder bentonito ka\u010di\u0173 kraikas su k\u016bdiki\u0173 pudros aromatu yra auk\u0161tos kokyb\u0117s kraikas, pagamintas i\u0161 nat\u016bralaus bentonito molio. Jis sukurtas kat\u0117ms, kurios vertina \u0161var\u0105 ir komfort\u0105, nes puikiai sugeria dr\u0117gm\u0119 ir nemalonius kvapus, i\u0161laikydamas malon\u0173 k\u016bdiki\u0173 pudros kvap\u0105.<\/p>\n<p data-start=\"3659\" data-end=\"3685\"><strong data-start=\"3659\" data-end=\"3683\">Pagrindin\u0117s savyb\u0117s:<\/strong><\/p>\n<ul data-start=\"3686\" data-end=\"4189\">\n<li data-start=\"3686\" data-end=\"3821\">\n<p data-start=\"3688\" data-end=\"3821\"><strong data-start=\"3688\" data-end=\"3719\">Didelis sug\u0117rimo paj\u0117gumas:<\/strong> Bentonito molis efektyviai sugeria dr\u0117gm\u0119 ir skys\u010dius, i\u0161laikydamas kraiko pavir\u0161i\u0173 saus\u0105 ir \u0161var\u0173.<\/p>\n<\/li>\n<li data-start=\"3822\" data-end=\"3953\">\n<p data-start=\"3824\" data-end=\"3953\"><strong data-start=\"3824\" data-end=\"3850\">K\u016bdiki\u0173 pudros kvapas:<\/strong> Malonus aromatas, neutralizuojantis nemalonius kvapus ir suteikiantis namams \u0161vie\u017ei\u0105, \u0161var\u0173 aromat\u0105.<\/p>\n<\/li>\n<li data-start=\"3954\" data-end=\"4025\">\n<p data-start=\"3956\" data-end=\"4025\"><strong data-start=\"3956\" data-end=\"3974\">Saugus kat\u0117ms:<\/strong> Produktas nedirgina leten\u0117li\u0173 ir kv\u0117pavimo tak\u0173.<\/p>\n<\/li>\n<li data-start=\"4026\" data-end=\"4115\">\n<p data-start=\"4028\" data-end=\"4115\"><strong data-start=\"4028\" data-end=\"4048\">Lengvai valomas:<\/strong> Bentonito kraikas susiformuoja \u012f gumulus, kuriuos lengva i\u0161imti.<\/p>\n<\/li>\n<li data-start=\"4116\" data-end=\"4152\">\n<p data-start=\"4118\" data-end=\"4152\">Tinka \u012fvairioms kraiko d\u0117\u017eut\u0117ms.<\/p>\n<\/li>\n<li data-start=\"4153\" data-end=\"4189\">\n<p data-start=\"4155\" data-end=\"4189\"><strong data-start=\"4155\" data-end=\"4187\">Negalima nuleisti \u012f tualet\u0105.<\/strong><\/p>\n<\/li>\n<\/ul>\n<p data-start=\"4191\" data-end=\"4313\">\u0160is kraikas suteikia komfort\u0105 ir \u0161var\u0105 tiek kat\u0117ms, tiek j\u0173 \u0161eimininkams, o malonus k\u016bdiki\u0173 pudros aromatas ilgai i\u0161lieka.<\/p>\n","protected":false},"featured_media":45124,"template":"","meta":[],"product_brand":[],"product_cat":[530],"product_tag":[],"class_list":{"0":"post-45129","1":"product","2":"type-product","3":"status-publish","4":"has-post-thumbnail","6":"product_cat-kaciu-kraikas","8":"first","9":"instock","10":"sale","11":"taxable","12":"shipping-taxable","13":"purchasable","14":"product-type-simple"},"yoast_head":"<!-- This site is optimized with the Yoast SEO plugin v27.2 - https:\/\/yoast.com\/product\/yoast-seo-wordpress\/ -->\n<title>Ka\u010di\u0173 kraikas bentonitas Northland Baby Powder 5L - MiuMjau<\/title>\n<meta name=\"robots\" content=\"index, follow, max-snippet:-1, max-image-preview:large, max-video-preview:-1\" \/>\n<link rel=\"canonical\" href=\"https:\/\/miumjau.ee\/lt\/produktas\/kaciu-kraikas-bentonitas-northland-baby-powder-5l\/\" \/>\n<meta property=\"og:locale\" content=\"lt_LT\" \/>\n<meta property=\"og:type\" content=\"article\" \/>\n<meta property=\"og:title\" content=\"Ka\u010di\u0173 kraikas bentonitas Northland Baby Powder 5L - MiuMjau\" \/>\n<meta property=\"og:description\" content=\"Northland Baby Powder bentonito ka\u010di\u0173 kraikas su k\u016bdiki\u0173 pudros aromatu yra auk\u0161tos kokyb\u0117s kraikas, pagamintas i\u0161 nat\u016bralaus bentonito molio. Jis sukurtas kat\u0117ms, kurios vertina \u0161var\u0105 ir komfort\u0105, nes puikiai sugeria dr\u0117gm\u0119 ir nemalonius kvapus, i\u0161laikydamas malon\u0173 k\u016bdiki\u0173 pudros kvap\u0105. Pagrindin\u0117s savyb\u0117s:     Didelis sug\u0117rimo paj\u0117gumas: Bentonito molis efektyviai sugeria dr\u0117gm\u0119 ir skys\u010dius, i\u0161laikydamas kraiko pavir\u0161i\u0173 saus\u0105 ir \u0161var\u0173.    K\u016bdiki\u0173 pudros kvapas: Malonus aromatas, neutralizuojantis nemalonius kvapus ir suteikiantis namams \u0161vie\u017ei\u0105, \u0161var\u0173 aromat\u0105.    Saugus kat\u0117ms: Produktas nedirgina leten\u0117li\u0173 ir kv\u0117pavimo tak\u0173.    Lengvai valomas: Bentonito kraikas susiformuoja \u012f gumulus, kuriuos lengva i\u0161imti.    Tinka \u012fvairioms kraiko d\u0117\u017eut\u0117ms.    Negalima nuleisti \u012f tualet\u0105.   \u0160is kraikas suteikia komfort\u0105 ir \u0161var\u0105 tiek kat\u0117ms, tiek j\u0173 \u0161eimininkams, o malonus k\u016bdiki\u0173 pudros aromatas ilgai i\u0161lieka.\" \/>\n<meta property=\"og:url\" content=\"https:\/\/miumjau.ee\/lt\/produktas\/kaciu-kraikas-bentonitas-northland-baby-powder-5l\/\" \/>\n<meta property=\"og:site_name\" content=\"MiuMjau\" \/>\n<meta property=\"article:publisher\" content=\"https:\/\/www.facebook.com\/miumjaupood\/\" \/>\n<meta property=\"article:modified_time\" content=\"2026-01-07T18:49:14+00:00\" \/>\n<meta property=\"og:image\" content=\"https:\/\/miumjau.ee\/wp-content\/uploads\/2025\/05\/Nothland-baby-powder-Photoroom.jpg\" \/>\n\t<meta property=\"og:image:width\" content=\"600\" \/>\n\t<meta property=\"og:image:height\" content=\"800\" \/>\n\t<meta property=\"og:image:type\" content=\"image\/jpeg\" \/>\n<meta name=\"twitter:card\" content=\"summary_large_image\" \/>\n<script type=\"application\/ld+json\" class=\"yoast-schema-graph\">{\"@context\":\"https:\/\/schema.org\",\"@graph\":[{\"@type\":\"WebPage\",\"@id\":\"https:\/\/miumjau.ee\/lt\/produktas\/kaciu-kraikas-bentonitas-northland-baby-powder-5l\/\",\"url\":\"https:\/\/miumjau.ee\/lt\/produktas\/kaciu-kraikas-bentonitas-northland-baby-powder-5l\/\",\"name\":\"Ka\u010di\u0173 kraikas bentonitas Northland Baby Powder 5L - MiuMjau\",\"isPartOf\":{\"@id\":\"https:\/\/miumjau.ee\/#website\"},\"primaryImageOfPage\":{\"@id\":\"https:\/\/miumjau.ee\/lt\/produktas\/kaciu-kraikas-bentonitas-northland-baby-powder-5l\/#primaryimage\"},\"image\":{\"@id\":\"https:\/\/miumjau.ee\/lt\/produktas\/kaciu-kraikas-bentonitas-northland-baby-powder-5l\/#primaryimage\"},\"thumbnailUrl\":\"https:\/\/miumjau.ee\/wp-content\/uploads\/2025\/05\/Nothland-baby-powder-Photoroom.jpg\",\"datePublished\":\"2025-05-03T07:09:39+00:00\",\"dateModified\":\"2026-01-07T18:49:14+00:00\",\"breadcrumb\":{\"@id\":\"https:\/\/miumjau.ee\/lt\/produktas\/kaciu-kraikas-bentonitas-northland-baby-powder-5l\/#breadcrumb\"},\"inLanguage\":\"lt-LT\",\"potentialAction\":[{\"@type\":\"ReadAction\",\"target\":[\"https:\/\/miumjau.ee\/lt\/produktas\/kaciu-kraikas-bentonitas-northland-baby-powder-5l\/\"]}]},{\"@type\":\"ImageObject\",\"inLanguage\":\"lt-LT\",\"@id\":\"https:\/\/miumjau.ee\/lt\/produktas\/kaciu-kraikas-bentonitas-northland-baby-powder-5l\/#primaryimage\",\"url\":\"https:\/\/miumjau.ee\/wp-content\/uploads\/2025\/05\/Nothland-baby-powder-Photoroom.jpg\",\"contentUrl\":\"https:\/\/miumjau.ee\/wp-content\/uploads\/2025\/05\/Nothland-baby-powder-Photoroom.jpg\",\"width\":600,\"height\":800},{\"@type\":\"BreadcrumbList\",\"@id\":\"https:\/\/miumjau.ee\/lt\/produktas\/kaciu-kraikas-bentonitas-northland-baby-powder-5l\/#breadcrumb\",\"itemListElement\":[{\"@type\":\"ListItem\",\"position\":1,\"name\":\"Home\",\"item\":\"https:\/\/miumjau.ee\/lt\/\"},{\"@type\":\"ListItem\",\"position\":2,\"name\":\"Parduotuv\u0117\",\"item\":\"https:\/\/miumjau.ee\/lt\/parduotuve\/\"},{\"@type\":\"ListItem\",\"position\":3,\"name\":\"Ka\u010di\u0173 kraikas bentonitas Northland Baby Powder 5L\"}]},{\"@type\":\"WebSite\",\"@id\":\"https:\/\/miumjau.ee\/#website\",\"url\":\"https:\/\/miumjau.ee\/\",\"name\":\"MiuMjau\",\"description\":\"Kraapimispuud kassidele\",\"publisher\":{\"@id\":\"https:\/\/miumjau.ee\/#organization\"},\"potentialAction\":[{\"@type\":\"SearchAction\",\"target\":{\"@type\":\"EntryPoint\",\"urlTemplate\":\"https:\/\/miumjau.ee\/?s={search_term_string}\"},\"query-input\":{\"@type\":\"PropertyValueSpecification\",\"valueRequired\":true,\"valueName\":\"search_term_string\"}}],\"inLanguage\":\"lt-LT\"},{\"@type\":\"Organization\",\"@id\":\"https:\/\/miumjau.ee\/#organization\",\"name\":\"MiuMjau O\u00dc\",\"url\":\"https:\/\/miumjau.ee\/\",\"logo\":{\"@type\":\"ImageObject\",\"inLanguage\":\"lt-LT\",\"@id\":\"https:\/\/miumjau.ee\/#\/schema\/logo\/image\/\",\"url\":\"https:\/\/miumjau.ee\/wp-content\/uploads\/2022\/04\/MiuMjau-logo-kollane.png\",\"contentUrl\":\"https:\/\/miumjau.ee\/wp-content\/uploads\/2022\/04\/MiuMjau-logo-kollane.png\",\"width\":219,\"height\":100,\"caption\":\"MiuMjau O\u00dc\"},\"image\":{\"@id\":\"https:\/\/miumjau.ee\/#\/schema\/logo\/image\/\"},\"sameAs\":[\"https:\/\/www.facebook.com\/miumjaupood\/\"]}]}<\/script>\n<!-- \/ Yoast SEO plugin. -->","yoast_head_json":{"title":"Ka\u010di\u0173 kraikas bentonitas Northland Baby Powder 5L - MiuMjau","robots":{"index":"index","follow":"follow","max-snippet":"max-snippet:-1","max-image-preview":"max-image-preview:large","max-video-preview":"max-video-preview:-1"},"canonical":"https:\/\/miumjau.ee\/lt\/produktas\/kaciu-kraikas-bentonitas-northland-baby-powder-5l\/","og_locale":"lt_LT","og_type":"article","og_title":"Ka\u010di\u0173 kraikas bentonitas Northland Baby Powder 5L - MiuMjau","og_description":"Northland Baby Powder bentonito ka\u010di\u0173 kraikas su k\u016bdiki\u0173 pudros aromatu yra auk\u0161tos kokyb\u0117s kraikas, pagamintas i\u0161 nat\u016bralaus bentonito molio. Jis sukurtas kat\u0117ms, kurios vertina \u0161var\u0105 ir komfort\u0105, nes puikiai sugeria dr\u0117gm\u0119 ir nemalonius kvapus, i\u0161laikydamas malon\u0173 k\u016bdiki\u0173 pudros kvap\u0105. Pagrindin\u0117s savyb\u0117s:     Didelis sug\u0117rimo paj\u0117gumas: Bentonito molis efektyviai sugeria dr\u0117gm\u0119 ir skys\u010dius, i\u0161laikydamas kraiko pavir\u0161i\u0173 saus\u0105 ir \u0161var\u0173.    K\u016bdiki\u0173 pudros kvapas: Malonus aromatas, neutralizuojantis nemalonius kvapus ir suteikiantis namams \u0161vie\u017ei\u0105, \u0161var\u0173 aromat\u0105.    Saugus kat\u0117ms: Produktas nedirgina leten\u0117li\u0173 ir kv\u0117pavimo tak\u0173.    Lengvai valomas: Bentonito kraikas susiformuoja \u012f gumulus, kuriuos lengva i\u0161imti.    Tinka \u012fvairioms kraiko d\u0117\u017eut\u0117ms.    Negalima nuleisti \u012f tualet\u0105.   \u0160is kraikas suteikia komfort\u0105 ir \u0161var\u0105 tiek kat\u0117ms, tiek j\u0173 \u0161eimininkams, o malonus k\u016bdiki\u0173 pudros aromatas ilgai i\u0161lieka.","og_url":"https:\/\/miumjau.ee\/lt\/produktas\/kaciu-kraikas-bentonitas-northland-baby-powder-5l\/","og_site_name":"MiuMjau","article_publisher":"https:\/\/www.facebook.com\/miumjaupood\/","article_modified_time":"2026-01-07T18:49:14+00:00","og_image":[{"width":600,"height":800,"url":"https:\/\/miumjau.ee\/wp-content\/uploads\/2025\/05\/Nothland-baby-powder-Photoroom.jpg","type":"image\/jpeg"}],"twitter_card":"summary_large_image","schema":{"@context":"https:\/\/schema.org","@graph":[{"@type":"WebPage","@id":"https:\/\/miumjau.ee\/lt\/produktas\/kaciu-kraikas-bentonitas-northland-baby-powder-5l\/","url":"https:\/\/miumjau.ee\/lt\/produktas\/kaciu-kraikas-bentonitas-northland-baby-powder-5l\/","name":"Ka\u010di\u0173 kraikas bentonitas Northland Baby Powder 5L - MiuMjau","isPartOf":{"@id":"https:\/\/miumjau.ee\/#website"},"primaryImageOfPage":{"@id":"https:\/\/miumjau.ee\/lt\/produktas\/kaciu-kraikas-bentonitas-northland-baby-powder-5l\/#primaryimage"},"image":{"@id":"https:\/\/miumjau.ee\/lt\/produktas\/kaciu-kraikas-bentonitas-northland-baby-powder-5l\/#primaryimage"},"thumbnailUrl":"https:\/\/miumjau.ee\/wp-content\/uploads\/2025\/05\/Nothland-baby-powder-Photoroom.jpg","datePublished":"2025-05-03T07:09:39+00:00","dateModified":"2026-01-07T18:49:14+00:00","breadcrumb":{"@id":"https:\/\/miumjau.ee\/lt\/produktas\/kaciu-kraikas-bentonitas-northland-baby-powder-5l\/#breadcrumb"},"inLanguage":"lt-LT","potentialAction":[{"@type":"ReadAction","target":["https:\/\/miumjau.ee\/lt\/produktas\/kaciu-kraikas-bentonitas-northland-baby-powder-5l\/"]}]},{"@type":"ImageObject","inLanguage":"lt-LT","@id":"https:\/\/miumjau.ee\/lt\/produktas\/kaciu-kraikas-bentonitas-northland-baby-powder-5l\/#primaryimage","url":"https:\/\/miumjau.ee\/wp-content\/uploads\/2025\/05\/Nothland-baby-powder-Photoroom.jpg","contentUrl":"https:\/\/miumjau.ee\/wp-content\/uploads\/2025\/05\/Nothland-baby-powder-Photoroom.jpg","width":600,"height":800},{"@type":"BreadcrumbList","@id":"https:\/\/miumjau.ee\/lt\/produktas\/kaciu-kraikas-bentonitas-northland-baby-powder-5l\/#breadcrumb","itemListElement":[{"@type":"ListItem","position":1,"name":"Home","item":"https:\/\/miumjau.ee\/lt\/"},{"@type":"ListItem","position":2,"name":"Parduotuv\u0117","item":"https:\/\/miumjau.ee\/lt\/parduotuve\/"},{"@type":"ListItem","position":3,"name":"Ka\u010di\u0173 kraikas bentonitas Northland Baby Powder 5L"}]},{"@type":"WebSite","@id":"https:\/\/miumjau.ee\/#website","url":"https:\/\/miumjau.ee\/","name":"MiuMjau","description":"Kraapimispuud kassidele","publisher":{"@id":"https:\/\/miumjau.ee\/#organization"},"potentialAction":[{"@type":"SearchAction","target":{"@type":"EntryPoint","urlTemplate":"https:\/\/miumjau.ee\/?s={search_term_string}"},"query-input":{"@type":"PropertyValueSpecification","valueRequired":true,"valueName":"search_term_string"}}],"inLanguage":"lt-LT"},{"@type":"Organization","@id":"https:\/\/miumjau.ee\/#organization","name":"MiuMjau O\u00dc","url":"https:\/\/miumjau.ee\/","logo":{"@type":"ImageObject","inLanguage":"lt-LT","@id":"https:\/\/miumjau.ee\/#\/schema\/logo\/image\/","url":"https:\/\/miumjau.ee\/wp-content\/uploads\/2022\/04\/MiuMjau-logo-kollane.png","contentUrl":"https:\/\/miumjau.ee\/wp-content\/uploads\/2022\/04\/MiuMjau-logo-kollane.png","width":219,"height":100,"caption":"MiuMjau O\u00dc"},"image":{"@id":"https:\/\/miumjau.ee\/#\/schema\/logo\/image\/"},"sameAs":["https:\/\/www.facebook.com\/miumjaupood\/"]}]}},"_links":{"self":[{"href":"https:\/\/miumjau.ee\/lt\/wp-json\/wp\/v2\/product\/45129","targetHints":{"allow":["GET"]}}],"collection":[{"href":"https:\/\/miumjau.ee\/lt\/wp-json\/wp\/v2\/product"}],"about":[{"href":"https:\/\/miumjau.ee\/lt\/wp-json\/wp\/v2\/types\/product"}],"wp:featuredmedia":[{"embeddable":true,"href":"https:\/\/miumjau.ee\/lt\/wp-json\/wp\/v2\/media\/45124"}],"wp:attachment":[{"href":"https:\/\/miumjau.ee\/lt\/wp-json\/wp\/v2\/media?parent=45129"}],"wp:term":[{"taxonomy":"product_brand","embeddable":true,"href":"https:\/\/miumjau.ee\/lt\/wp-json\/wp\/v2\/product_brand?post=45129"},{"taxonomy":"product_cat","embeddable":true,"href":"https:\/\/miumjau.ee\/lt\/wp-json\/wp\/v2\/product_cat?post=45129"},{"taxonomy":"product_tag","embeddable":true,"href":"https:\/\/miumjau.ee\/lt\/wp-json\/wp\/v2\/product_tag?post=45129"}],"curies":[{"name":"wp","href":"https:\/\/api.w.org\/{rel}","templated":true}]}}