{"id":45117,"date":"2025-06-29T14:40:57","date_gmt":"2025-06-29T11:40:57","guid":{"rendered":"https:\/\/miumjau.ee\/toode\/kaciu-kraikas-bentonitas-northland-marseille-soap-10l\/"},"modified":"2026-01-07T20:49:14","modified_gmt":"2026-01-07T18:49:14","slug":"kaciu-kraikas-bentonitas-northland-marseille-soap-10l","status":"publish","type":"product","link":"https:\/\/miumjau.ee\/lt\/produktas\/kaciu-kraikas-bentonitas-northland-marseille-soap-10l\/","title":{"rendered":"Ka\u010di\u0173 kraikas bentonitas Northland Marseille Soap 10L"},"content":{"rendered":"","protected":false},"excerpt":{"rendered":"<p data-start=\"3356\" data-end=\"3624\">Northland Marseille Soap yra auk\u0161tos kokyb\u0117s bentonito ka\u010di\u0173 kraikas, pasi\u017eymintis nat\u016braliu, dideliu dr\u0117gm\u0117s sug\u0117rimu ir maloniu Marselio muilo aromatu. \u0160is kraikas sukurtas taip, kad u\u017etikrint\u0173 j\u016bs\u0173 katei \u0161var\u0105 ir komfort\u0105, o j\u016bs\u0173 namams \u2013 malon\u0173, ilgalaik\u012f gaivum\u0105.<\/p>\n<p data-start=\"3626\" data-end=\"3652\"><strong data-start=\"3626\" data-end=\"3650\">Pagrindin\u0117s savyb\u0117s:<\/strong><\/p>\n<ul data-start=\"3653\" data-end=\"4311\">\n<li data-start=\"3653\" data-end=\"3815\">\n<p data-start=\"3655\" data-end=\"3815\"><strong data-start=\"3655\" data-end=\"3669\">Bentonitas<\/strong> \u2013 nat\u016bralus, organi\u0161kas kraikas, puikiai sugeriantis dr\u0117gm\u0119 ir kvapus. Jis padeda i\u0161laikyti kraiko d\u0117\u017eut\u0119 \u0161vari\u0105 ir suma\u017eina nemalonius kvapus.<\/p>\n<\/li>\n<li data-start=\"3816\" data-end=\"3973\">\n<p data-start=\"3818\" data-end=\"3973\"><strong data-start=\"3818\" data-end=\"3843\">Marselio muilo kvapas<\/strong> \u2013 \u0161velnus ir gaivinantis aromatas suteikia namams ilgalaik\u0119 \u0161varos ir gaivos poj\u016bt\u012f bei padeda neutralizuoti nemalonius kvapus.<\/p>\n<\/li>\n<li data-start=\"3974\" data-end=\"4092\">\n<p data-start=\"3976\" data-end=\"4092\"><strong data-start=\"3976\" data-end=\"4005\">Greitas dr\u0117gm\u0117s sug\u0117rimas<\/strong> \u2013 kraikas greitai sugeria \u0161lapim\u0105 ir u\u017etikrina saus\u0105 bei patogi\u0105 aplink\u0105 j\u016bs\u0173 katei.<\/p>\n<\/li>\n<li data-start=\"4093\" data-end=\"4207\">\n<p data-start=\"4095\" data-end=\"4207\"><strong data-start=\"4095\" data-end=\"4114\">Lengvai valomas<\/strong> \u2013 susiformuoja sulimpan\u010dios granul\u0117s, kurias lengva pa\u0161alinti, i\u0161laikant \u0161var\u0105 ir gaivum\u0105.<\/p>\n<\/li>\n<li data-start=\"4208\" data-end=\"4311\">\n<p data-start=\"4210\" data-end=\"4311\"><strong data-start=\"4210\" data-end=\"4227\">Hipoalerginis<\/strong> \u2013 saugus tiek kat\u0117ms, tiek \u017emon\u0117ms, nes sud\u0117tyje n\u0117ra kenksming\u0173 chemini\u0173 med\u017eiag\u0173.<\/p>\n<\/li>\n<\/ul>\n","protected":false},"featured_media":45112,"template":"","meta":[],"product_brand":[],"product_cat":[530],"product_tag":[],"class_list":{"0":"post-45117","1":"product","2":"type-product","3":"status-publish","4":"has-post-thumbnail","6":"product_cat-kaciu-kraikas","8":"first","9":"instock","10":"taxable","11":"shipping-taxable","12":"purchasable","13":"product-type-simple"},"yoast_head":"<!-- This site is optimized with the Yoast SEO plugin v27.2 - https:\/\/yoast.com\/product\/yoast-seo-wordpress\/ -->\n<title>Ka\u010di\u0173 kraikas bentonitas Northland Marseille Soap 10L - MiuMjau<\/title>\n<meta name=\"robots\" content=\"index, follow, max-snippet:-1, max-image-preview:large, max-video-preview:-1\" \/>\n<link rel=\"canonical\" href=\"https:\/\/miumjau.ee\/lt\/produktas\/kaciu-kraikas-bentonitas-northland-marseille-soap-10l\/\" \/>\n<meta property=\"og:locale\" content=\"lt_LT\" \/>\n<meta property=\"og:type\" content=\"article\" \/>\n<meta property=\"og:title\" content=\"Ka\u010di\u0173 kraikas bentonitas Northland Marseille Soap 10L - MiuMjau\" \/>\n<meta property=\"og:description\" content=\"Northland Marseille Soap yra auk\u0161tos kokyb\u0117s bentonito ka\u010di\u0173 kraikas, pasi\u017eymintis nat\u016braliu, dideliu dr\u0117gm\u0117s sug\u0117rimu ir maloniu Marselio muilo aromatu. \u0160is kraikas sukurtas taip, kad u\u017etikrint\u0173 j\u016bs\u0173 katei \u0161var\u0105 ir komfort\u0105, o j\u016bs\u0173 namams \u2013 malon\u0173, ilgalaik\u012f gaivum\u0105. Pagrindin\u0117s savyb\u0117s:     Bentonitas \u2013 nat\u016bralus, organi\u0161kas kraikas, puikiai sugeriantis dr\u0117gm\u0119 ir kvapus. Jis padeda i\u0161laikyti kraiko d\u0117\u017eut\u0119 \u0161vari\u0105 ir suma\u017eina nemalonius kvapus.    Marselio muilo kvapas \u2013 \u0161velnus ir gaivinantis aromatas suteikia namams ilgalaik\u0119 \u0161varos ir gaivos poj\u016bt\u012f bei padeda neutralizuoti nemalonius kvapus.    Greitas dr\u0117gm\u0117s sug\u0117rimas \u2013 kraikas greitai sugeria \u0161lapim\u0105 ir u\u017etikrina saus\u0105 bei patogi\u0105 aplink\u0105 j\u016bs\u0173 katei.    Lengvai valomas \u2013 susiformuoja sulimpan\u010dios granul\u0117s, kurias lengva pa\u0161alinti, i\u0161laikant \u0161var\u0105 ir gaivum\u0105.    Hipoalerginis \u2013 saugus tiek kat\u0117ms, tiek \u017emon\u0117ms, nes sud\u0117tyje n\u0117ra kenksming\u0173 chemini\u0173 med\u017eiag\u0173.\" \/>\n<meta property=\"og:url\" content=\"https:\/\/miumjau.ee\/lt\/produktas\/kaciu-kraikas-bentonitas-northland-marseille-soap-10l\/\" \/>\n<meta property=\"og:site_name\" content=\"MiuMjau\" \/>\n<meta property=\"article:publisher\" content=\"https:\/\/www.facebook.com\/miumjaupood\/\" \/>\n<meta property=\"article:modified_time\" content=\"2026-01-07T18:49:14+00:00\" \/>\n<meta property=\"og:image\" content=\"https:\/\/miumjau.ee\/wp-content\/uploads\/2025\/05\/Northland-Marselle-Soap-5l-Photoroom-1.jpg\" \/>\n\t<meta property=\"og:image:width\" content=\"600\" \/>\n\t<meta property=\"og:image:height\" content=\"800\" \/>\n\t<meta property=\"og:image:type\" content=\"image\/jpeg\" \/>\n<meta name=\"twitter:card\" content=\"summary_large_image\" \/>\n<script type=\"application\/ld+json\" class=\"yoast-schema-graph\">{\"@context\":\"https:\/\/schema.org\",\"@graph\":[{\"@type\":\"WebPage\",\"@id\":\"https:\/\/miumjau.ee\/lt\/produktas\/kaciu-kraikas-bentonitas-northland-marseille-soap-10l\/\",\"url\":\"https:\/\/miumjau.ee\/lt\/produktas\/kaciu-kraikas-bentonitas-northland-marseille-soap-10l\/\",\"name\":\"Ka\u010di\u0173 kraikas bentonitas Northland Marseille Soap 10L - MiuMjau\",\"isPartOf\":{\"@id\":\"https:\/\/miumjau.ee\/#website\"},\"primaryImageOfPage\":{\"@id\":\"https:\/\/miumjau.ee\/lt\/produktas\/kaciu-kraikas-bentonitas-northland-marseille-soap-10l\/#primaryimage\"},\"image\":{\"@id\":\"https:\/\/miumjau.ee\/lt\/produktas\/kaciu-kraikas-bentonitas-northland-marseille-soap-10l\/#primaryimage\"},\"thumbnailUrl\":\"https:\/\/miumjau.ee\/wp-content\/uploads\/2025\/05\/Northland-Marselle-Soap-5l-Photoroom-1.jpg\",\"datePublished\":\"2025-06-29T11:40:57+00:00\",\"dateModified\":\"2026-01-07T18:49:14+00:00\",\"breadcrumb\":{\"@id\":\"https:\/\/miumjau.ee\/lt\/produktas\/kaciu-kraikas-bentonitas-northland-marseille-soap-10l\/#breadcrumb\"},\"inLanguage\":\"lt-LT\",\"potentialAction\":[{\"@type\":\"ReadAction\",\"target\":[\"https:\/\/miumjau.ee\/lt\/produktas\/kaciu-kraikas-bentonitas-northland-marseille-soap-10l\/\"]}]},{\"@type\":\"ImageObject\",\"inLanguage\":\"lt-LT\",\"@id\":\"https:\/\/miumjau.ee\/lt\/produktas\/kaciu-kraikas-bentonitas-northland-marseille-soap-10l\/#primaryimage\",\"url\":\"https:\/\/miumjau.ee\/wp-content\/uploads\/2025\/05\/Northland-Marselle-Soap-5l-Photoroom-1.jpg\",\"contentUrl\":\"https:\/\/miumjau.ee\/wp-content\/uploads\/2025\/05\/Northland-Marselle-Soap-5l-Photoroom-1.jpg\",\"width\":600,\"height\":800},{\"@type\":\"BreadcrumbList\",\"@id\":\"https:\/\/miumjau.ee\/lt\/produktas\/kaciu-kraikas-bentonitas-northland-marseille-soap-10l\/#breadcrumb\",\"itemListElement\":[{\"@type\":\"ListItem\",\"position\":1,\"name\":\"Home\",\"item\":\"https:\/\/miumjau.ee\/lt\/\"},{\"@type\":\"ListItem\",\"position\":2,\"name\":\"Parduotuv\u0117\",\"item\":\"https:\/\/miumjau.ee\/lt\/parduotuve\/\"},{\"@type\":\"ListItem\",\"position\":3,\"name\":\"Ka\u010di\u0173 kraikas bentonitas Northland Marseille Soap 10L\"}]},{\"@type\":\"WebSite\",\"@id\":\"https:\/\/miumjau.ee\/#website\",\"url\":\"https:\/\/miumjau.ee\/\",\"name\":\"MiuMjau\",\"description\":\"Kraapimispuud kassidele\",\"publisher\":{\"@id\":\"https:\/\/miumjau.ee\/#organization\"},\"potentialAction\":[{\"@type\":\"SearchAction\",\"target\":{\"@type\":\"EntryPoint\",\"urlTemplate\":\"https:\/\/miumjau.ee\/?s={search_term_string}\"},\"query-input\":{\"@type\":\"PropertyValueSpecification\",\"valueRequired\":true,\"valueName\":\"search_term_string\"}}],\"inLanguage\":\"lt-LT\"},{\"@type\":\"Organization\",\"@id\":\"https:\/\/miumjau.ee\/#organization\",\"name\":\"MiuMjau O\u00dc\",\"url\":\"https:\/\/miumjau.ee\/\",\"logo\":{\"@type\":\"ImageObject\",\"inLanguage\":\"lt-LT\",\"@id\":\"https:\/\/miumjau.ee\/#\/schema\/logo\/image\/\",\"url\":\"https:\/\/miumjau.ee\/wp-content\/uploads\/2022\/04\/MiuMjau-logo-kollane.png\",\"contentUrl\":\"https:\/\/miumjau.ee\/wp-content\/uploads\/2022\/04\/MiuMjau-logo-kollane.png\",\"width\":219,\"height\":100,\"caption\":\"MiuMjau O\u00dc\"},\"image\":{\"@id\":\"https:\/\/miumjau.ee\/#\/schema\/logo\/image\/\"},\"sameAs\":[\"https:\/\/www.facebook.com\/miumjaupood\/\"]}]}<\/script>\n<!-- \/ Yoast SEO plugin. -->","yoast_head_json":{"title":"Ka\u010di\u0173 kraikas bentonitas Northland Marseille Soap 10L - MiuMjau","robots":{"index":"index","follow":"follow","max-snippet":"max-snippet:-1","max-image-preview":"max-image-preview:large","max-video-preview":"max-video-preview:-1"},"canonical":"https:\/\/miumjau.ee\/lt\/produktas\/kaciu-kraikas-bentonitas-northland-marseille-soap-10l\/","og_locale":"lt_LT","og_type":"article","og_title":"Ka\u010di\u0173 kraikas bentonitas Northland Marseille Soap 10L - MiuMjau","og_description":"Northland Marseille Soap yra auk\u0161tos kokyb\u0117s bentonito ka\u010di\u0173 kraikas, pasi\u017eymintis nat\u016braliu, dideliu dr\u0117gm\u0117s sug\u0117rimu ir maloniu Marselio muilo aromatu. \u0160is kraikas sukurtas taip, kad u\u017etikrint\u0173 j\u016bs\u0173 katei \u0161var\u0105 ir komfort\u0105, o j\u016bs\u0173 namams \u2013 malon\u0173, ilgalaik\u012f gaivum\u0105. Pagrindin\u0117s savyb\u0117s:     Bentonitas \u2013 nat\u016bralus, organi\u0161kas kraikas, puikiai sugeriantis dr\u0117gm\u0119 ir kvapus. Jis padeda i\u0161laikyti kraiko d\u0117\u017eut\u0119 \u0161vari\u0105 ir suma\u017eina nemalonius kvapus.    Marselio muilo kvapas \u2013 \u0161velnus ir gaivinantis aromatas suteikia namams ilgalaik\u0119 \u0161varos ir gaivos poj\u016bt\u012f bei padeda neutralizuoti nemalonius kvapus.    Greitas dr\u0117gm\u0117s sug\u0117rimas \u2013 kraikas greitai sugeria \u0161lapim\u0105 ir u\u017etikrina saus\u0105 bei patogi\u0105 aplink\u0105 j\u016bs\u0173 katei.    Lengvai valomas \u2013 susiformuoja sulimpan\u010dios granul\u0117s, kurias lengva pa\u0161alinti, i\u0161laikant \u0161var\u0105 ir gaivum\u0105.    Hipoalerginis \u2013 saugus tiek kat\u0117ms, tiek \u017emon\u0117ms, nes sud\u0117tyje n\u0117ra kenksming\u0173 chemini\u0173 med\u017eiag\u0173.","og_url":"https:\/\/miumjau.ee\/lt\/produktas\/kaciu-kraikas-bentonitas-northland-marseille-soap-10l\/","og_site_name":"MiuMjau","article_publisher":"https:\/\/www.facebook.com\/miumjaupood\/","article_modified_time":"2026-01-07T18:49:14+00:00","og_image":[{"width":600,"height":800,"url":"https:\/\/miumjau.ee\/wp-content\/uploads\/2025\/05\/Northland-Marselle-Soap-5l-Photoroom-1.jpg","type":"image\/jpeg"}],"twitter_card":"summary_large_image","schema":{"@context":"https:\/\/schema.org","@graph":[{"@type":"WebPage","@id":"https:\/\/miumjau.ee\/lt\/produktas\/kaciu-kraikas-bentonitas-northland-marseille-soap-10l\/","url":"https:\/\/miumjau.ee\/lt\/produktas\/kaciu-kraikas-bentonitas-northland-marseille-soap-10l\/","name":"Ka\u010di\u0173 kraikas bentonitas Northland Marseille Soap 10L - MiuMjau","isPartOf":{"@id":"https:\/\/miumjau.ee\/#website"},"primaryImageOfPage":{"@id":"https:\/\/miumjau.ee\/lt\/produktas\/kaciu-kraikas-bentonitas-northland-marseille-soap-10l\/#primaryimage"},"image":{"@id":"https:\/\/miumjau.ee\/lt\/produktas\/kaciu-kraikas-bentonitas-northland-marseille-soap-10l\/#primaryimage"},"thumbnailUrl":"https:\/\/miumjau.ee\/wp-content\/uploads\/2025\/05\/Northland-Marselle-Soap-5l-Photoroom-1.jpg","datePublished":"2025-06-29T11:40:57+00:00","dateModified":"2026-01-07T18:49:14+00:00","breadcrumb":{"@id":"https:\/\/miumjau.ee\/lt\/produktas\/kaciu-kraikas-bentonitas-northland-marseille-soap-10l\/#breadcrumb"},"inLanguage":"lt-LT","potentialAction":[{"@type":"ReadAction","target":["https:\/\/miumjau.ee\/lt\/produktas\/kaciu-kraikas-bentonitas-northland-marseille-soap-10l\/"]}]},{"@type":"ImageObject","inLanguage":"lt-LT","@id":"https:\/\/miumjau.ee\/lt\/produktas\/kaciu-kraikas-bentonitas-northland-marseille-soap-10l\/#primaryimage","url":"https:\/\/miumjau.ee\/wp-content\/uploads\/2025\/05\/Northland-Marselle-Soap-5l-Photoroom-1.jpg","contentUrl":"https:\/\/miumjau.ee\/wp-content\/uploads\/2025\/05\/Northland-Marselle-Soap-5l-Photoroom-1.jpg","width":600,"height":800},{"@type":"BreadcrumbList","@id":"https:\/\/miumjau.ee\/lt\/produktas\/kaciu-kraikas-bentonitas-northland-marseille-soap-10l\/#breadcrumb","itemListElement":[{"@type":"ListItem","position":1,"name":"Home","item":"https:\/\/miumjau.ee\/lt\/"},{"@type":"ListItem","position":2,"name":"Parduotuv\u0117","item":"https:\/\/miumjau.ee\/lt\/parduotuve\/"},{"@type":"ListItem","position":3,"name":"Ka\u010di\u0173 kraikas bentonitas Northland Marseille Soap 10L"}]},{"@type":"WebSite","@id":"https:\/\/miumjau.ee\/#website","url":"https:\/\/miumjau.ee\/","name":"MiuMjau","description":"Kraapimispuud kassidele","publisher":{"@id":"https:\/\/miumjau.ee\/#organization"},"potentialAction":[{"@type":"SearchAction","target":{"@type":"EntryPoint","urlTemplate":"https:\/\/miumjau.ee\/?s={search_term_string}"},"query-input":{"@type":"PropertyValueSpecification","valueRequired":true,"valueName":"search_term_string"}}],"inLanguage":"lt-LT"},{"@type":"Organization","@id":"https:\/\/miumjau.ee\/#organization","name":"MiuMjau O\u00dc","url":"https:\/\/miumjau.ee\/","logo":{"@type":"ImageObject","inLanguage":"lt-LT","@id":"https:\/\/miumjau.ee\/#\/schema\/logo\/image\/","url":"https:\/\/miumjau.ee\/wp-content\/uploads\/2022\/04\/MiuMjau-logo-kollane.png","contentUrl":"https:\/\/miumjau.ee\/wp-content\/uploads\/2022\/04\/MiuMjau-logo-kollane.png","width":219,"height":100,"caption":"MiuMjau O\u00dc"},"image":{"@id":"https:\/\/miumjau.ee\/#\/schema\/logo\/image\/"},"sameAs":["https:\/\/www.facebook.com\/miumjaupood\/"]}]}},"_links":{"self":[{"href":"https:\/\/miumjau.ee\/lt\/wp-json\/wp\/v2\/product\/45117","targetHints":{"allow":["GET"]}}],"collection":[{"href":"https:\/\/miumjau.ee\/lt\/wp-json\/wp\/v2\/product"}],"about":[{"href":"https:\/\/miumjau.ee\/lt\/wp-json\/wp\/v2\/types\/product"}],"wp:featuredmedia":[{"embeddable":true,"href":"https:\/\/miumjau.ee\/lt\/wp-json\/wp\/v2\/media\/45112"}],"wp:attachment":[{"href":"https:\/\/miumjau.ee\/lt\/wp-json\/wp\/v2\/media?parent=45117"}],"wp:term":[{"taxonomy":"product_brand","embeddable":true,"href":"https:\/\/miumjau.ee\/lt\/wp-json\/wp\/v2\/product_brand?post=45117"},{"taxonomy":"product_cat","embeddable":true,"href":"https:\/\/miumjau.ee\/lt\/wp-json\/wp\/v2\/product_cat?post=45117"},{"taxonomy":"product_tag","embeddable":true,"href":"https:\/\/miumjau.ee\/lt\/wp-json\/wp\/v2\/product_tag?post=45117"}],"curies":[{"name":"wp","href":"https:\/\/api.w.org\/{rel}","templated":true}]}}