{"id":45108,"date":"2025-06-29T14:49:32","date_gmt":"2025-06-29T11:49:32","guid":{"rendered":"https:\/\/miumjau.ee\/toode\/kaciu-kraikas-bentonitas-northland-bekvapis-10l\/"},"modified":"2026-01-07T20:49:14","modified_gmt":"2026-01-07T18:49:14","slug":"kaciu-kraikas-bentonitas-northland-bekvapis-10l","status":"publish","type":"product","link":"https:\/\/miumjau.ee\/lt\/produktas\/kaciu-kraikas-bentonitas-northland-bekvapis-10l\/","title":{"rendered":"Ka\u010di\u0173 kraikas bentonitas Northland, bekvapis 10L"},"content":{"rendered":"","protected":false},"excerpt":{"rendered":"<p data-start=\"3131\" data-end=\"3451\">Northland bentonito ka\u010di\u0173 kraikas yra auk\u0161tos kokyb\u0117s kraikas, pagamintas i\u0161 nat\u016bralaus bentonito molio. Jis sukurtas kat\u0117ms, vertinan\u010dioms \u0161var\u0105 ir komfort\u0105, nes puikiai sugeria dr\u0117gm\u0119 ir nemalonius kvapus, i\u0161laikydamas nat\u016bral\u0173 aromat\u0105. Puikiai tinka jautrioms kat\u0117ms ir \u0161eimininkams, kurie netoleruoja kvapni\u0173 kraik\u0173.<\/p>\n<p data-start=\"3453\" data-end=\"3479\"><strong data-start=\"3453\" data-end=\"3477\">Pagrindin\u0117s savyb\u0117s:<\/strong><\/p>\n<ul data-start=\"3480\" data-end=\"3892\">\n<li data-start=\"3480\" data-end=\"3615\">\n<p data-start=\"3482\" data-end=\"3615\"><strong data-start=\"3482\" data-end=\"3513\">Didelis sug\u0117rimo paj\u0117gumas:<\/strong> Bentonito molis efektyviai sugeria dr\u0117gm\u0119 ir skys\u010dius, i\u0161laikydamas kraiko pavir\u0161i\u0173 saus\u0105 ir \u0161var\u0173.<\/p>\n<\/li>\n<li data-start=\"3616\" data-end=\"3640\">\n<p data-start=\"3618\" data-end=\"3640\"><strong data-start=\"3618\" data-end=\"3638\">Nat\u016bralus kvapas<\/strong><\/p>\n<\/li>\n<li data-start=\"3641\" data-end=\"3726\">\n<p data-start=\"3643\" data-end=\"3726\"><strong data-start=\"3643\" data-end=\"3661\">Saugus kat\u0117ms:<\/strong> Produktas yra saugus ir nedirgina leten\u0117li\u0173 ar kv\u0117pavimo tak\u0173.<\/p>\n<\/li>\n<li data-start=\"3727\" data-end=\"3818\">\n<p data-start=\"3729\" data-end=\"3818\"><strong data-start=\"3729\" data-end=\"3749\">Lengvai valomas:<\/strong> Kraikas sulimpa \u012f gumul\u0117lius, tod\u0117l j\u012f lengva valyti ir pa\u0161alinti.<\/p>\n<\/li>\n<li data-start=\"3819\" data-end=\"3855\">\n<p data-start=\"3821\" data-end=\"3855\">Tinka \u012fvairioms kraiko d\u0117\u017eut\u0117ms.<\/p>\n<\/li>\n<li data-start=\"3856\" data-end=\"3892\">\n<p data-start=\"3858\" data-end=\"3892\"><strong data-start=\"3858\" data-end=\"3890\">Negalima nuleisti \u012f tualet\u0105.<\/strong><\/p>\n<\/li>\n<\/ul>\n<p data-start=\"3894\" data-end=\"4005\">\u0160is kraikas suteikia \u0161var\u0105 ir komfort\u0105 tiek kat\u0117ms, tiek j\u0173 \u0161eimininkams. Padeda ilgiau i\u0161laikyti gaivesn\u012f or\u0105.<\/p>\n","protected":false},"featured_media":45105,"template":"","meta":[],"product_brand":[],"product_cat":[530],"product_tag":[],"class_list":{"0":"post-45108","1":"product","2":"type-product","3":"status-publish","4":"has-post-thumbnail","6":"product_cat-kaciu-kraikas","8":"first","9":"instock","10":"taxable","11":"shipping-taxable","12":"purchasable","13":"product-type-simple"},"yoast_head":"<!-- This site is optimized with the Yoast SEO plugin v27.2 - https:\/\/yoast.com\/product\/yoast-seo-wordpress\/ -->\n<title>Ka\u010di\u0173 kraikas bentonitas Northland, bekvapis 10L - MiuMjau<\/title>\n<meta name=\"robots\" content=\"index, follow, max-snippet:-1, max-image-preview:large, max-video-preview:-1\" \/>\n<link rel=\"canonical\" href=\"https:\/\/miumjau.ee\/lt\/produktas\/kaciu-kraikas-bentonitas-northland-bekvapis-10l\/\" \/>\n<meta property=\"og:locale\" content=\"lt_LT\" \/>\n<meta property=\"og:type\" content=\"article\" \/>\n<meta property=\"og:title\" content=\"Ka\u010di\u0173 kraikas bentonitas Northland, bekvapis 10L - MiuMjau\" \/>\n<meta property=\"og:description\" content=\"Northland bentonito ka\u010di\u0173 kraikas yra auk\u0161tos kokyb\u0117s kraikas, pagamintas i\u0161 nat\u016bralaus bentonito molio. Jis sukurtas kat\u0117ms, vertinan\u010dioms \u0161var\u0105 ir komfort\u0105, nes puikiai sugeria dr\u0117gm\u0119 ir nemalonius kvapus, i\u0161laikydamas nat\u016bral\u0173 aromat\u0105. Puikiai tinka jautrioms kat\u0117ms ir \u0161eimininkams, kurie netoleruoja kvapni\u0173 kraik\u0173. Pagrindin\u0117s savyb\u0117s:     Didelis sug\u0117rimo paj\u0117gumas: Bentonito molis efektyviai sugeria dr\u0117gm\u0119 ir skys\u010dius, i\u0161laikydamas kraiko pavir\u0161i\u0173 saus\u0105 ir \u0161var\u0173.    Nat\u016bralus kvapas    Saugus kat\u0117ms: Produktas yra saugus ir nedirgina leten\u0117li\u0173 ar kv\u0117pavimo tak\u0173.    Lengvai valomas: Kraikas sulimpa \u012f gumul\u0117lius, tod\u0117l j\u012f lengva valyti ir pa\u0161alinti.    Tinka \u012fvairioms kraiko d\u0117\u017eut\u0117ms.    Negalima nuleisti \u012f tualet\u0105.   \u0160is kraikas suteikia \u0161var\u0105 ir komfort\u0105 tiek kat\u0117ms, tiek j\u0173 \u0161eimininkams. Padeda ilgiau i\u0161laikyti gaivesn\u012f or\u0105.\" \/>\n<meta property=\"og:url\" content=\"https:\/\/miumjau.ee\/lt\/produktas\/kaciu-kraikas-bentonitas-northland-bekvapis-10l\/\" \/>\n<meta property=\"og:site_name\" content=\"MiuMjau\" \/>\n<meta property=\"article:publisher\" content=\"https:\/\/www.facebook.com\/miumjaupood\/\" \/>\n<meta property=\"article:modified_time\" content=\"2026-01-07T18:49:14+00:00\" \/>\n<meta property=\"og:image\" content=\"https:\/\/miumjau.ee\/wp-content\/uploads\/2025\/06\/northland-bentoniit-kassiliiv1.jpg\" \/>\n\t<meta property=\"og:image:width\" content=\"600\" \/>\n\t<meta property=\"og:image:height\" content=\"800\" \/>\n\t<meta property=\"og:image:type\" content=\"image\/jpeg\" \/>\n<meta name=\"twitter:card\" content=\"summary_large_image\" \/>\n<script type=\"application\/ld+json\" class=\"yoast-schema-graph\">{\"@context\":\"https:\/\/schema.org\",\"@graph\":[{\"@type\":\"WebPage\",\"@id\":\"https:\/\/miumjau.ee\/lt\/produktas\/kaciu-kraikas-bentonitas-northland-bekvapis-10l\/\",\"url\":\"https:\/\/miumjau.ee\/lt\/produktas\/kaciu-kraikas-bentonitas-northland-bekvapis-10l\/\",\"name\":\"Ka\u010di\u0173 kraikas bentonitas Northland, bekvapis 10L - MiuMjau\",\"isPartOf\":{\"@id\":\"https:\/\/miumjau.ee\/#website\"},\"primaryImageOfPage\":{\"@id\":\"https:\/\/miumjau.ee\/lt\/produktas\/kaciu-kraikas-bentonitas-northland-bekvapis-10l\/#primaryimage\"},\"image\":{\"@id\":\"https:\/\/miumjau.ee\/lt\/produktas\/kaciu-kraikas-bentonitas-northland-bekvapis-10l\/#primaryimage\"},\"thumbnailUrl\":\"https:\/\/miumjau.ee\/wp-content\/uploads\/2025\/06\/northland-bentoniit-kassiliiv1.jpg\",\"datePublished\":\"2025-06-29T11:49:32+00:00\",\"dateModified\":\"2026-01-07T18:49:14+00:00\",\"breadcrumb\":{\"@id\":\"https:\/\/miumjau.ee\/lt\/produktas\/kaciu-kraikas-bentonitas-northland-bekvapis-10l\/#breadcrumb\"},\"inLanguage\":\"lt-LT\",\"potentialAction\":[{\"@type\":\"ReadAction\",\"target\":[\"https:\/\/miumjau.ee\/lt\/produktas\/kaciu-kraikas-bentonitas-northland-bekvapis-10l\/\"]}]},{\"@type\":\"ImageObject\",\"inLanguage\":\"lt-LT\",\"@id\":\"https:\/\/miumjau.ee\/lt\/produktas\/kaciu-kraikas-bentonitas-northland-bekvapis-10l\/#primaryimage\",\"url\":\"https:\/\/miumjau.ee\/wp-content\/uploads\/2025\/06\/northland-bentoniit-kassiliiv1.jpg\",\"contentUrl\":\"https:\/\/miumjau.ee\/wp-content\/uploads\/2025\/06\/northland-bentoniit-kassiliiv1.jpg\",\"width\":600,\"height\":800},{\"@type\":\"BreadcrumbList\",\"@id\":\"https:\/\/miumjau.ee\/lt\/produktas\/kaciu-kraikas-bentonitas-northland-bekvapis-10l\/#breadcrumb\",\"itemListElement\":[{\"@type\":\"ListItem\",\"position\":1,\"name\":\"Home\",\"item\":\"https:\/\/miumjau.ee\/lt\/\"},{\"@type\":\"ListItem\",\"position\":2,\"name\":\"Parduotuv\u0117\",\"item\":\"https:\/\/miumjau.ee\/lt\/parduotuve\/\"},{\"@type\":\"ListItem\",\"position\":3,\"name\":\"Ka\u010di\u0173 kraikas bentonitas Northland, bekvapis 10L\"}]},{\"@type\":\"WebSite\",\"@id\":\"https:\/\/miumjau.ee\/#website\",\"url\":\"https:\/\/miumjau.ee\/\",\"name\":\"MiuMjau\",\"description\":\"Kraapimispuud kassidele\",\"publisher\":{\"@id\":\"https:\/\/miumjau.ee\/#organization\"},\"potentialAction\":[{\"@type\":\"SearchAction\",\"target\":{\"@type\":\"EntryPoint\",\"urlTemplate\":\"https:\/\/miumjau.ee\/?s={search_term_string}\"},\"query-input\":{\"@type\":\"PropertyValueSpecification\",\"valueRequired\":true,\"valueName\":\"search_term_string\"}}],\"inLanguage\":\"lt-LT\"},{\"@type\":\"Organization\",\"@id\":\"https:\/\/miumjau.ee\/#organization\",\"name\":\"MiuMjau O\u00dc\",\"url\":\"https:\/\/miumjau.ee\/\",\"logo\":{\"@type\":\"ImageObject\",\"inLanguage\":\"lt-LT\",\"@id\":\"https:\/\/miumjau.ee\/#\/schema\/logo\/image\/\",\"url\":\"https:\/\/miumjau.ee\/wp-content\/uploads\/2022\/04\/MiuMjau-logo-kollane.png\",\"contentUrl\":\"https:\/\/miumjau.ee\/wp-content\/uploads\/2022\/04\/MiuMjau-logo-kollane.png\",\"width\":219,\"height\":100,\"caption\":\"MiuMjau O\u00dc\"},\"image\":{\"@id\":\"https:\/\/miumjau.ee\/#\/schema\/logo\/image\/\"},\"sameAs\":[\"https:\/\/www.facebook.com\/miumjaupood\/\"]}]}<\/script>\n<!-- \/ Yoast SEO plugin. -->","yoast_head_json":{"title":"Ka\u010di\u0173 kraikas bentonitas Northland, bekvapis 10L - MiuMjau","robots":{"index":"index","follow":"follow","max-snippet":"max-snippet:-1","max-image-preview":"max-image-preview:large","max-video-preview":"max-video-preview:-1"},"canonical":"https:\/\/miumjau.ee\/lt\/produktas\/kaciu-kraikas-bentonitas-northland-bekvapis-10l\/","og_locale":"lt_LT","og_type":"article","og_title":"Ka\u010di\u0173 kraikas bentonitas Northland, bekvapis 10L - MiuMjau","og_description":"Northland bentonito ka\u010di\u0173 kraikas yra auk\u0161tos kokyb\u0117s kraikas, pagamintas i\u0161 nat\u016bralaus bentonito molio. Jis sukurtas kat\u0117ms, vertinan\u010dioms \u0161var\u0105 ir komfort\u0105, nes puikiai sugeria dr\u0117gm\u0119 ir nemalonius kvapus, i\u0161laikydamas nat\u016bral\u0173 aromat\u0105. Puikiai tinka jautrioms kat\u0117ms ir \u0161eimininkams, kurie netoleruoja kvapni\u0173 kraik\u0173. Pagrindin\u0117s savyb\u0117s:     Didelis sug\u0117rimo paj\u0117gumas: Bentonito molis efektyviai sugeria dr\u0117gm\u0119 ir skys\u010dius, i\u0161laikydamas kraiko pavir\u0161i\u0173 saus\u0105 ir \u0161var\u0173.    Nat\u016bralus kvapas    Saugus kat\u0117ms: Produktas yra saugus ir nedirgina leten\u0117li\u0173 ar kv\u0117pavimo tak\u0173.    Lengvai valomas: Kraikas sulimpa \u012f gumul\u0117lius, tod\u0117l j\u012f lengva valyti ir pa\u0161alinti.    Tinka \u012fvairioms kraiko d\u0117\u017eut\u0117ms.    Negalima nuleisti \u012f tualet\u0105.   \u0160is kraikas suteikia \u0161var\u0105 ir komfort\u0105 tiek kat\u0117ms, tiek j\u0173 \u0161eimininkams. Padeda ilgiau i\u0161laikyti gaivesn\u012f or\u0105.","og_url":"https:\/\/miumjau.ee\/lt\/produktas\/kaciu-kraikas-bentonitas-northland-bekvapis-10l\/","og_site_name":"MiuMjau","article_publisher":"https:\/\/www.facebook.com\/miumjaupood\/","article_modified_time":"2026-01-07T18:49:14+00:00","og_image":[{"width":600,"height":800,"url":"https:\/\/miumjau.ee\/wp-content\/uploads\/2025\/06\/northland-bentoniit-kassiliiv1.jpg","type":"image\/jpeg"}],"twitter_card":"summary_large_image","schema":{"@context":"https:\/\/schema.org","@graph":[{"@type":"WebPage","@id":"https:\/\/miumjau.ee\/lt\/produktas\/kaciu-kraikas-bentonitas-northland-bekvapis-10l\/","url":"https:\/\/miumjau.ee\/lt\/produktas\/kaciu-kraikas-bentonitas-northland-bekvapis-10l\/","name":"Ka\u010di\u0173 kraikas bentonitas Northland, bekvapis 10L - MiuMjau","isPartOf":{"@id":"https:\/\/miumjau.ee\/#website"},"primaryImageOfPage":{"@id":"https:\/\/miumjau.ee\/lt\/produktas\/kaciu-kraikas-bentonitas-northland-bekvapis-10l\/#primaryimage"},"image":{"@id":"https:\/\/miumjau.ee\/lt\/produktas\/kaciu-kraikas-bentonitas-northland-bekvapis-10l\/#primaryimage"},"thumbnailUrl":"https:\/\/miumjau.ee\/wp-content\/uploads\/2025\/06\/northland-bentoniit-kassiliiv1.jpg","datePublished":"2025-06-29T11:49:32+00:00","dateModified":"2026-01-07T18:49:14+00:00","breadcrumb":{"@id":"https:\/\/miumjau.ee\/lt\/produktas\/kaciu-kraikas-bentonitas-northland-bekvapis-10l\/#breadcrumb"},"inLanguage":"lt-LT","potentialAction":[{"@type":"ReadAction","target":["https:\/\/miumjau.ee\/lt\/produktas\/kaciu-kraikas-bentonitas-northland-bekvapis-10l\/"]}]},{"@type":"ImageObject","inLanguage":"lt-LT","@id":"https:\/\/miumjau.ee\/lt\/produktas\/kaciu-kraikas-bentonitas-northland-bekvapis-10l\/#primaryimage","url":"https:\/\/miumjau.ee\/wp-content\/uploads\/2025\/06\/northland-bentoniit-kassiliiv1.jpg","contentUrl":"https:\/\/miumjau.ee\/wp-content\/uploads\/2025\/06\/northland-bentoniit-kassiliiv1.jpg","width":600,"height":800},{"@type":"BreadcrumbList","@id":"https:\/\/miumjau.ee\/lt\/produktas\/kaciu-kraikas-bentonitas-northland-bekvapis-10l\/#breadcrumb","itemListElement":[{"@type":"ListItem","position":1,"name":"Home","item":"https:\/\/miumjau.ee\/lt\/"},{"@type":"ListItem","position":2,"name":"Parduotuv\u0117","item":"https:\/\/miumjau.ee\/lt\/parduotuve\/"},{"@type":"ListItem","position":3,"name":"Ka\u010di\u0173 kraikas bentonitas Northland, bekvapis 10L"}]},{"@type":"WebSite","@id":"https:\/\/miumjau.ee\/#website","url":"https:\/\/miumjau.ee\/","name":"MiuMjau","description":"Kraapimispuud kassidele","publisher":{"@id":"https:\/\/miumjau.ee\/#organization"},"potentialAction":[{"@type":"SearchAction","target":{"@type":"EntryPoint","urlTemplate":"https:\/\/miumjau.ee\/?s={search_term_string}"},"query-input":{"@type":"PropertyValueSpecification","valueRequired":true,"valueName":"search_term_string"}}],"inLanguage":"lt-LT"},{"@type":"Organization","@id":"https:\/\/miumjau.ee\/#organization","name":"MiuMjau O\u00dc","url":"https:\/\/miumjau.ee\/","logo":{"@type":"ImageObject","inLanguage":"lt-LT","@id":"https:\/\/miumjau.ee\/#\/schema\/logo\/image\/","url":"https:\/\/miumjau.ee\/wp-content\/uploads\/2022\/04\/MiuMjau-logo-kollane.png","contentUrl":"https:\/\/miumjau.ee\/wp-content\/uploads\/2022\/04\/MiuMjau-logo-kollane.png","width":219,"height":100,"caption":"MiuMjau O\u00dc"},"image":{"@id":"https:\/\/miumjau.ee\/#\/schema\/logo\/image\/"},"sameAs":["https:\/\/www.facebook.com\/miumjaupood\/"]}]}},"_links":{"self":[{"href":"https:\/\/miumjau.ee\/lt\/wp-json\/wp\/v2\/product\/45108","targetHints":{"allow":["GET"]}}],"collection":[{"href":"https:\/\/miumjau.ee\/lt\/wp-json\/wp\/v2\/product"}],"about":[{"href":"https:\/\/miumjau.ee\/lt\/wp-json\/wp\/v2\/types\/product"}],"wp:featuredmedia":[{"embeddable":true,"href":"https:\/\/miumjau.ee\/lt\/wp-json\/wp\/v2\/media\/45105"}],"wp:attachment":[{"href":"https:\/\/miumjau.ee\/lt\/wp-json\/wp\/v2\/media?parent=45108"}],"wp:term":[{"taxonomy":"product_brand","embeddable":true,"href":"https:\/\/miumjau.ee\/lt\/wp-json\/wp\/v2\/product_brand?post=45108"},{"taxonomy":"product_cat","embeddable":true,"href":"https:\/\/miumjau.ee\/lt\/wp-json\/wp\/v2\/product_cat?post=45108"},{"taxonomy":"product_tag","embeddable":true,"href":"https:\/\/miumjau.ee\/lt\/wp-json\/wp\/v2\/product_tag?post=45108"}],"curies":[{"name":"wp","href":"https:\/\/api.w.org\/{rel}","templated":true}]}}