{"id":45007,"date":"2025-10-13T19:39:28","date_gmt":"2025-10-13T16:39:28","guid":{"rendered":"https:\/\/miumjau.ee\/toode\/tofu-kaciu-kraikas-murrfect-su-anglimi-8x2-5-kg\/"},"modified":"2026-01-07T20:49:35","modified_gmt":"2026-01-07T18:49:35","slug":"tofu-kaciu-kraikas-murrfect-su-anglimi-8x2-5-kg","status":"publish","type":"product","link":"https:\/\/miumjau.ee\/lt\/produktas\/tofu-kaciu-kraikas-murrfect-su-anglimi-8x2-5-kg\/","title":{"rendered":"Tofu ka\u010di\u0173 kraikas Murrfect su anglimi, 8&#215;2.5 kg"},"content":{"rendered":"","protected":false},"excerpt":{"rendered":"<p><strong data-start=\"1346\" data-end=\"1388\">Kod\u0117l verta rinktis tofu ka\u010di\u0173 kraik\u0105?<\/strong><br data-start=\"1388\" data-end=\"1391\" \/>\u2022 <strong data-start=\"1393\" data-end=\"1426\">Nat\u016bralios sudedamosios dalys<\/strong> \u2013 pagamintas i\u0161 valgomo tofu (soj\u0173 skaidul\u0173), tod\u0117l yra visi\u0161kai saugus kat\u0117ms, ka\u010diukams ir \u017emon\u0117ms. Be chemikal\u0173 ir dirbtini\u0173 pried\u0173.<br data-start=\"1562\" data-end=\"1565\" \/>\u2022 <strong data-start=\"1567\" data-end=\"1618\">Draugi\u0161kas aplinkai ir 100% biologi\u0161kai skaidus<\/strong> \u2013 galima mesti \u012f tualet\u0105 arba kompostuoti. Jokio papildomo atliek\u0173 r\u016bpes\u010dio.<br data-start=\"1695\" data-end=\"1698\" \/>\u2022 <strong data-start=\"1700\" data-end=\"1724\">Puiki kvap\u0173 kontrol\u0117<\/strong> \u2013 tofu granul\u0117s puikiai sugeria dr\u0117gm\u0119 ir greitai suformuoja tvirtus gumul\u0117lius, kurie neleid\u017eia plisti nemaloniems kvapams.<br data-start=\"1849\" data-end=\"1852\" data-is-only-node=\"\" \/>\u2022 <strong data-start=\"1854\" data-end=\"1880\">\u0160velnus kat\u0117s letenoms<\/strong> \u2013 ma\u017eos ir lengvos granul\u0117s patinka net i\u0161rankiausioms kat\u0117ms.<br data-start=\"1943\" data-end=\"1946\" \/>\u2022 <strong data-start=\"1948\" data-end=\"1969\">Lengva pri\u017ei\u016br\u0117ti<\/strong> \u2013 nebyra, nedulka, lengvai valomas ir kei\u010diamas.<br data-start=\"2018\" data-end=\"2021\" \/>\u2022 <strong data-start=\"2023\" data-end=\"2034\">Nedulka<\/strong>, tinka alergi\u0161koms \u0161eimoms. Saugo kv\u0117pavimo takus tiek gyv\u016bnams, tiek \u017emon\u0117ms.<br data-start=\"2113\" data-end=\"2116\" \/>\u2022 <strong data-start=\"2118\" data-end=\"2162\">Skirtingi kvapai \u2013 dar didesn\u0117 \u012fvairov\u0117:<\/strong><br data-start=\"2162\" data-end=\"2165\" \/>\ud83c\udf31 <strong data-start=\"2168\" data-end=\"2200\">\u017daliosios arbatos kvapo tofu<\/strong> \u2013 nat\u016bralus gaivumas, padedantis palaikyti malon\u0173 kvap\u0105 namuose.<br data-start=\"2265\" data-end=\"2268\" \/>\ud83c\udf11 <strong data-start=\"2271\" data-end=\"2295\">Bambuko anglies tofu<\/strong> \u2013 dar stipresnis kvap\u0173 neutralizavimas; puikus pasirinkimas jautrioms ar keli\u0173 ka\u010di\u0173 nam\u0173 aplinkoms.<br data-start=\"2396\" data-end=\"2399\" \/>\ud83e\udd0d <strong data-start=\"2402\" data-end=\"2420\">Neutralus tofu<\/strong> \u2013 bekvapis variantas, idealus alergi\u0161koms kat\u0117ms ir jautriems \u0161eimininkams.<\/p>\n","protected":false},"featured_media":45004,"template":"","meta":[],"product_brand":[],"product_cat":[530],"product_tag":[],"class_list":{"0":"post-45007","1":"product","2":"type-product","3":"status-publish","4":"has-post-thumbnail","6":"product_cat-kaciu-kraikas","8":"first","9":"instock","10":"sale","11":"taxable","12":"shipping-taxable","13":"purchasable","14":"product-type-simple"},"yoast_head":"<!-- This site is optimized with the Yoast SEO plugin v27.2 - https:\/\/yoast.com\/product\/yoast-seo-wordpress\/ -->\n<title>Tofu ka\u010di\u0173 kraikas Murrfect su anglimi, 8x2.5 kg - MiuMjau<\/title>\n<meta name=\"robots\" content=\"index, follow, max-snippet:-1, max-image-preview:large, max-video-preview:-1\" \/>\n<link rel=\"canonical\" href=\"https:\/\/miumjau.ee\/lt\/produktas\/tofu-kaciu-kraikas-murrfect-su-anglimi-8x2-5-kg\/\" \/>\n<meta property=\"og:locale\" content=\"lt_LT\" \/>\n<meta property=\"og:type\" content=\"article\" \/>\n<meta property=\"og:title\" content=\"Tofu ka\u010di\u0173 kraikas Murrfect su anglimi, 8x2.5 kg - MiuMjau\" \/>\n<meta property=\"og:description\" content=\"Kod\u0117l verta rinktis tofu ka\u010di\u0173 kraik\u0105?\u2022 Nat\u016bralios sudedamosios dalys \u2013 pagamintas i\u0161 valgomo tofu (soj\u0173 skaidul\u0173), tod\u0117l yra visi\u0161kai saugus kat\u0117ms, ka\u010diukams ir \u017emon\u0117ms. Be chemikal\u0173 ir dirbtini\u0173 pried\u0173.\u2022 Draugi\u0161kas aplinkai ir 100% biologi\u0161kai skaidus \u2013 galima mesti \u012f tualet\u0105 arba kompostuoti. Jokio papildomo atliek\u0173 r\u016bpes\u010dio.\u2022 Puiki kvap\u0173 kontrol\u0117 \u2013 tofu granul\u0117s puikiai sugeria dr\u0117gm\u0119 ir greitai suformuoja tvirtus gumul\u0117lius, kurie neleid\u017eia plisti nemaloniems kvapams.\u2022 \u0160velnus kat\u0117s letenoms \u2013 ma\u017eos ir lengvos granul\u0117s patinka net i\u0161rankiausioms kat\u0117ms.\u2022 Lengva pri\u017ei\u016br\u0117ti \u2013 nebyra, nedulka, lengvai valomas ir kei\u010diamas.\u2022 Nedulka, tinka alergi\u0161koms \u0161eimoms. Saugo kv\u0117pavimo takus tiek gyv\u016bnams, tiek \u017emon\u0117ms.\u2022 Skirtingi kvapai \u2013 dar didesn\u0117 \u012fvairov\u0117:\ud83c\udf31 \u017daliosios arbatos kvapo tofu \u2013 nat\u016bralus gaivumas, padedantis palaikyti malon\u0173 kvap\u0105 namuose.\ud83c\udf11 Bambuko anglies tofu \u2013 dar stipresnis kvap\u0173 neutralizavimas; puikus pasirinkimas jautrioms ar keli\u0173 ka\u010di\u0173 nam\u0173 aplinkoms.\ud83e\udd0d Neutralus tofu \u2013 bekvapis variantas, idealus alergi\u0161koms kat\u0117ms ir jautriems \u0161eimininkams.\" \/>\n<meta property=\"og:url\" content=\"https:\/\/miumjau.ee\/lt\/produktas\/tofu-kaciu-kraikas-murrfect-su-anglimi-8x2-5-kg\/\" \/>\n<meta property=\"og:site_name\" content=\"MiuMjau\" \/>\n<meta property=\"article:publisher\" content=\"https:\/\/www.facebook.com\/miumjaupood\/\" \/>\n<meta property=\"article:modified_time\" content=\"2026-01-07T18:49:35+00:00\" \/>\n<meta property=\"og:image\" content=\"https:\/\/miumjau.ee\/wp-content\/uploads\/2025\/10\/murrfect-tofu-kassiliiv9.jpg\" \/>\n\t<meta property=\"og:image:width\" content=\"600\" \/>\n\t<meta property=\"og:image:height\" content=\"800\" \/>\n\t<meta property=\"og:image:type\" content=\"image\/jpeg\" \/>\n<meta name=\"twitter:card\" content=\"summary_large_image\" \/>\n<script type=\"application\/ld+json\" class=\"yoast-schema-graph\">{\"@context\":\"https:\/\/schema.org\",\"@graph\":[{\"@type\":\"WebPage\",\"@id\":\"https:\/\/miumjau.ee\/lt\/produktas\/tofu-kaciu-kraikas-murrfect-su-anglimi-8x2-5-kg\/\",\"url\":\"https:\/\/miumjau.ee\/lt\/produktas\/tofu-kaciu-kraikas-murrfect-su-anglimi-8x2-5-kg\/\",\"name\":\"Tofu ka\u010di\u0173 kraikas Murrfect su anglimi, 8x2.5 kg - MiuMjau\",\"isPartOf\":{\"@id\":\"https:\/\/miumjau.ee\/#website\"},\"primaryImageOfPage\":{\"@id\":\"https:\/\/miumjau.ee\/lt\/produktas\/tofu-kaciu-kraikas-murrfect-su-anglimi-8x2-5-kg\/#primaryimage\"},\"image\":{\"@id\":\"https:\/\/miumjau.ee\/lt\/produktas\/tofu-kaciu-kraikas-murrfect-su-anglimi-8x2-5-kg\/#primaryimage\"},\"thumbnailUrl\":\"https:\/\/miumjau.ee\/wp-content\/uploads\/2025\/10\/murrfect-tofu-kassiliiv9.jpg\",\"datePublished\":\"2025-10-13T16:39:28+00:00\",\"dateModified\":\"2026-01-07T18:49:35+00:00\",\"breadcrumb\":{\"@id\":\"https:\/\/miumjau.ee\/lt\/produktas\/tofu-kaciu-kraikas-murrfect-su-anglimi-8x2-5-kg\/#breadcrumb\"},\"inLanguage\":\"lt-LT\",\"potentialAction\":[{\"@type\":\"ReadAction\",\"target\":[\"https:\/\/miumjau.ee\/lt\/produktas\/tofu-kaciu-kraikas-murrfect-su-anglimi-8x2-5-kg\/\"]}]},{\"@type\":\"ImageObject\",\"inLanguage\":\"lt-LT\",\"@id\":\"https:\/\/miumjau.ee\/lt\/produktas\/tofu-kaciu-kraikas-murrfect-su-anglimi-8x2-5-kg\/#primaryimage\",\"url\":\"https:\/\/miumjau.ee\/wp-content\/uploads\/2025\/10\/murrfect-tofu-kassiliiv9.jpg\",\"contentUrl\":\"https:\/\/miumjau.ee\/wp-content\/uploads\/2025\/10\/murrfect-tofu-kassiliiv9.jpg\",\"width\":600,\"height\":800},{\"@type\":\"BreadcrumbList\",\"@id\":\"https:\/\/miumjau.ee\/lt\/produktas\/tofu-kaciu-kraikas-murrfect-su-anglimi-8x2-5-kg\/#breadcrumb\",\"itemListElement\":[{\"@type\":\"ListItem\",\"position\":1,\"name\":\"Home\",\"item\":\"https:\/\/miumjau.ee\/lt\/\"},{\"@type\":\"ListItem\",\"position\":2,\"name\":\"Parduotuv\u0117\",\"item\":\"https:\/\/miumjau.ee\/lt\/parduotuve\/\"},{\"@type\":\"ListItem\",\"position\":3,\"name\":\"Tofu ka\u010di\u0173 kraikas Murrfect su anglimi, 8&#215;2.5 kg\"}]},{\"@type\":\"WebSite\",\"@id\":\"https:\/\/miumjau.ee\/#website\",\"url\":\"https:\/\/miumjau.ee\/\",\"name\":\"MiuMjau\",\"description\":\"Kraapimispuud kassidele\",\"publisher\":{\"@id\":\"https:\/\/miumjau.ee\/#organization\"},\"potentialAction\":[{\"@type\":\"SearchAction\",\"target\":{\"@type\":\"EntryPoint\",\"urlTemplate\":\"https:\/\/miumjau.ee\/?s={search_term_string}\"},\"query-input\":{\"@type\":\"PropertyValueSpecification\",\"valueRequired\":true,\"valueName\":\"search_term_string\"}}],\"inLanguage\":\"lt-LT\"},{\"@type\":\"Organization\",\"@id\":\"https:\/\/miumjau.ee\/#organization\",\"name\":\"MiuMjau O\u00dc\",\"url\":\"https:\/\/miumjau.ee\/\",\"logo\":{\"@type\":\"ImageObject\",\"inLanguage\":\"lt-LT\",\"@id\":\"https:\/\/miumjau.ee\/#\/schema\/logo\/image\/\",\"url\":\"https:\/\/miumjau.ee\/wp-content\/uploads\/2022\/04\/MiuMjau-logo-kollane.png\",\"contentUrl\":\"https:\/\/miumjau.ee\/wp-content\/uploads\/2022\/04\/MiuMjau-logo-kollane.png\",\"width\":219,\"height\":100,\"caption\":\"MiuMjau O\u00dc\"},\"image\":{\"@id\":\"https:\/\/miumjau.ee\/#\/schema\/logo\/image\/\"},\"sameAs\":[\"https:\/\/www.facebook.com\/miumjaupood\/\"]}]}<\/script>\n<!-- \/ Yoast SEO plugin. -->","yoast_head_json":{"title":"Tofu ka\u010di\u0173 kraikas Murrfect su anglimi, 8x2.5 kg - MiuMjau","robots":{"index":"index","follow":"follow","max-snippet":"max-snippet:-1","max-image-preview":"max-image-preview:large","max-video-preview":"max-video-preview:-1"},"canonical":"https:\/\/miumjau.ee\/lt\/produktas\/tofu-kaciu-kraikas-murrfect-su-anglimi-8x2-5-kg\/","og_locale":"lt_LT","og_type":"article","og_title":"Tofu ka\u010di\u0173 kraikas Murrfect su anglimi, 8x2.5 kg - MiuMjau","og_description":"Kod\u0117l verta rinktis tofu ka\u010di\u0173 kraik\u0105?\u2022 Nat\u016bralios sudedamosios dalys \u2013 pagamintas i\u0161 valgomo tofu (soj\u0173 skaidul\u0173), tod\u0117l yra visi\u0161kai saugus kat\u0117ms, ka\u010diukams ir \u017emon\u0117ms. Be chemikal\u0173 ir dirbtini\u0173 pried\u0173.\u2022 Draugi\u0161kas aplinkai ir 100% biologi\u0161kai skaidus \u2013 galima mesti \u012f tualet\u0105 arba kompostuoti. Jokio papildomo atliek\u0173 r\u016bpes\u010dio.\u2022 Puiki kvap\u0173 kontrol\u0117 \u2013 tofu granul\u0117s puikiai sugeria dr\u0117gm\u0119 ir greitai suformuoja tvirtus gumul\u0117lius, kurie neleid\u017eia plisti nemaloniems kvapams.\u2022 \u0160velnus kat\u0117s letenoms \u2013 ma\u017eos ir lengvos granul\u0117s patinka net i\u0161rankiausioms kat\u0117ms.\u2022 Lengva pri\u017ei\u016br\u0117ti \u2013 nebyra, nedulka, lengvai valomas ir kei\u010diamas.\u2022 Nedulka, tinka alergi\u0161koms \u0161eimoms. Saugo kv\u0117pavimo takus tiek gyv\u016bnams, tiek \u017emon\u0117ms.\u2022 Skirtingi kvapai \u2013 dar didesn\u0117 \u012fvairov\u0117:\ud83c\udf31 \u017daliosios arbatos kvapo tofu \u2013 nat\u016bralus gaivumas, padedantis palaikyti malon\u0173 kvap\u0105 namuose.\ud83c\udf11 Bambuko anglies tofu \u2013 dar stipresnis kvap\u0173 neutralizavimas; puikus pasirinkimas jautrioms ar keli\u0173 ka\u010di\u0173 nam\u0173 aplinkoms.\ud83e\udd0d Neutralus tofu \u2013 bekvapis variantas, idealus alergi\u0161koms kat\u0117ms ir jautriems \u0161eimininkams.","og_url":"https:\/\/miumjau.ee\/lt\/produktas\/tofu-kaciu-kraikas-murrfect-su-anglimi-8x2-5-kg\/","og_site_name":"MiuMjau","article_publisher":"https:\/\/www.facebook.com\/miumjaupood\/","article_modified_time":"2026-01-07T18:49:35+00:00","og_image":[{"width":600,"height":800,"url":"https:\/\/miumjau.ee\/wp-content\/uploads\/2025\/10\/murrfect-tofu-kassiliiv9.jpg","type":"image\/jpeg"}],"twitter_card":"summary_large_image","schema":{"@context":"https:\/\/schema.org","@graph":[{"@type":"WebPage","@id":"https:\/\/miumjau.ee\/lt\/produktas\/tofu-kaciu-kraikas-murrfect-su-anglimi-8x2-5-kg\/","url":"https:\/\/miumjau.ee\/lt\/produktas\/tofu-kaciu-kraikas-murrfect-su-anglimi-8x2-5-kg\/","name":"Tofu ka\u010di\u0173 kraikas Murrfect su anglimi, 8x2.5 kg - MiuMjau","isPartOf":{"@id":"https:\/\/miumjau.ee\/#website"},"primaryImageOfPage":{"@id":"https:\/\/miumjau.ee\/lt\/produktas\/tofu-kaciu-kraikas-murrfect-su-anglimi-8x2-5-kg\/#primaryimage"},"image":{"@id":"https:\/\/miumjau.ee\/lt\/produktas\/tofu-kaciu-kraikas-murrfect-su-anglimi-8x2-5-kg\/#primaryimage"},"thumbnailUrl":"https:\/\/miumjau.ee\/wp-content\/uploads\/2025\/10\/murrfect-tofu-kassiliiv9.jpg","datePublished":"2025-10-13T16:39:28+00:00","dateModified":"2026-01-07T18:49:35+00:00","breadcrumb":{"@id":"https:\/\/miumjau.ee\/lt\/produktas\/tofu-kaciu-kraikas-murrfect-su-anglimi-8x2-5-kg\/#breadcrumb"},"inLanguage":"lt-LT","potentialAction":[{"@type":"ReadAction","target":["https:\/\/miumjau.ee\/lt\/produktas\/tofu-kaciu-kraikas-murrfect-su-anglimi-8x2-5-kg\/"]}]},{"@type":"ImageObject","inLanguage":"lt-LT","@id":"https:\/\/miumjau.ee\/lt\/produktas\/tofu-kaciu-kraikas-murrfect-su-anglimi-8x2-5-kg\/#primaryimage","url":"https:\/\/miumjau.ee\/wp-content\/uploads\/2025\/10\/murrfect-tofu-kassiliiv9.jpg","contentUrl":"https:\/\/miumjau.ee\/wp-content\/uploads\/2025\/10\/murrfect-tofu-kassiliiv9.jpg","width":600,"height":800},{"@type":"BreadcrumbList","@id":"https:\/\/miumjau.ee\/lt\/produktas\/tofu-kaciu-kraikas-murrfect-su-anglimi-8x2-5-kg\/#breadcrumb","itemListElement":[{"@type":"ListItem","position":1,"name":"Home","item":"https:\/\/miumjau.ee\/lt\/"},{"@type":"ListItem","position":2,"name":"Parduotuv\u0117","item":"https:\/\/miumjau.ee\/lt\/parduotuve\/"},{"@type":"ListItem","position":3,"name":"Tofu ka\u010di\u0173 kraikas Murrfect su anglimi, 8&#215;2.5 kg"}]},{"@type":"WebSite","@id":"https:\/\/miumjau.ee\/#website","url":"https:\/\/miumjau.ee\/","name":"MiuMjau","description":"Kraapimispuud kassidele","publisher":{"@id":"https:\/\/miumjau.ee\/#organization"},"potentialAction":[{"@type":"SearchAction","target":{"@type":"EntryPoint","urlTemplate":"https:\/\/miumjau.ee\/?s={search_term_string}"},"query-input":{"@type":"PropertyValueSpecification","valueRequired":true,"valueName":"search_term_string"}}],"inLanguage":"lt-LT"},{"@type":"Organization","@id":"https:\/\/miumjau.ee\/#organization","name":"MiuMjau O\u00dc","url":"https:\/\/miumjau.ee\/","logo":{"@type":"ImageObject","inLanguage":"lt-LT","@id":"https:\/\/miumjau.ee\/#\/schema\/logo\/image\/","url":"https:\/\/miumjau.ee\/wp-content\/uploads\/2022\/04\/MiuMjau-logo-kollane.png","contentUrl":"https:\/\/miumjau.ee\/wp-content\/uploads\/2022\/04\/MiuMjau-logo-kollane.png","width":219,"height":100,"caption":"MiuMjau O\u00dc"},"image":{"@id":"https:\/\/miumjau.ee\/#\/schema\/logo\/image\/"},"sameAs":["https:\/\/www.facebook.com\/miumjaupood\/"]}]}},"_links":{"self":[{"href":"https:\/\/miumjau.ee\/lt\/wp-json\/wp\/v2\/product\/45007","targetHints":{"allow":["GET"]}}],"collection":[{"href":"https:\/\/miumjau.ee\/lt\/wp-json\/wp\/v2\/product"}],"about":[{"href":"https:\/\/miumjau.ee\/lt\/wp-json\/wp\/v2\/types\/product"}],"wp:featuredmedia":[{"embeddable":true,"href":"https:\/\/miumjau.ee\/lt\/wp-json\/wp\/v2\/media\/45004"}],"wp:attachment":[{"href":"https:\/\/miumjau.ee\/lt\/wp-json\/wp\/v2\/media?parent=45007"}],"wp:term":[{"taxonomy":"product_brand","embeddable":true,"href":"https:\/\/miumjau.ee\/lt\/wp-json\/wp\/v2\/product_brand?post=45007"},{"taxonomy":"product_cat","embeddable":true,"href":"https:\/\/miumjau.ee\/lt\/wp-json\/wp\/v2\/product_cat?post=45007"},{"taxonomy":"product_tag","embeddable":true,"href":"https:\/\/miumjau.ee\/lt\/wp-json\/wp\/v2\/product_tag?post=45007"}],"curies":[{"name":"wp","href":"https:\/\/api.w.org\/{rel}","templated":true}]}}