{"id":44985,"date":"2025-06-29T14:55:33","date_gmt":"2025-06-29T11:55:33","guid":{"rendered":"https:\/\/miumjau.ee\/toode\/kaciu-kraikas-bentonitinis-northland-levanda-5l\/"},"modified":"2026-01-07T20:49:35","modified_gmt":"2026-01-07T18:49:35","slug":"kaciu-kraikas-bentonitinis-northland-levanda-5l","status":"publish","type":"product","link":"https:\/\/miumjau.ee\/lt\/produktas\/kaciu-kraikas-bentonitinis-northland-levanda-5l\/","title":{"rendered":"Ka\u010di\u0173 kraikas bentonitinis Northland Levanda 5L"},"content":{"rendered":"","protected":false},"excerpt":{"rendered":"<p data-start=\"1158\" data-end=\"1395\">Northland bentonito ka\u010di\u0173 kraikas yra auk\u0161tos kokyb\u0117s kraikas, pagamintas i\u0161 nat\u016bralaus bentonito molio. Jis skirtas kat\u0117ms, kurios m\u0117gsta \u0161var\u0105 ir komfort\u0105, nes pasi\u017eymi puikiu dr\u0117gm\u0117s ir kvap\u0173 sugeriamumu, i\u0161laikydamas levand\u0173 aromat\u0105.<\/p>\n<p data-start=\"1397\" data-end=\"1912\"><strong data-start=\"1397\" data-end=\"1421\">Pagrindin\u0117s savyb\u0117s:<\/strong><br data-start=\"1421\" data-end=\"1424\" \/>\u2022 <strong data-start=\"1426\" data-end=\"1457\">Didelis sug\u0117rimo paj\u0117gumas:<\/strong> bentonito molis efektyviai sugeria dr\u0117gm\u0119 ir skys\u010dius, palikdamas kraiko pavir\u0161i\u0173 saus\u0105 ir \u0161var\u0173.<br data-start=\"1555\" data-end=\"1558\" \/>\u2022 <strong data-start=\"1560\" data-end=\"1579\">Levand\u0173 kvapas:<\/strong> malonus ir \u0161velnus aromatas padeda neutralizuoti nemalonius kvapus ir sukuria raminan\u010di\u0105 atmosfer\u0105.<br data-start=\"1679\" data-end=\"1682\" \/>\u2022 <strong data-start=\"1684\" data-end=\"1702\">Saugus kat\u0117ms:<\/strong> nedirgina leten\u0117li\u0173 ir kv\u0117pavimo tak\u0173.<br data-start=\"1741\" data-end=\"1744\" \/>\u2022 <strong data-start=\"1746\" data-end=\"1764\">Lengva valyti:<\/strong> kraikas suformuoja kietus gumul\u0117lius, tod\u0117l j\u012f paprasta i\u0161rinkti ir i\u0161valyti.<br data-start=\"1842\" data-end=\"1845\" \/>\u2022 Tinka \u012fvairioms ka\u010di\u0173 d\u0117\u017eut\u0117ms.<br data-start=\"1878\" data-end=\"1881\" \/>\u2022 <strong data-start=\"1883\" data-end=\"1912\">Negalima pilti \u012f tualet\u0105.<\/strong><\/p>\n<p data-start=\"1914\" data-end=\"2013\">\u0160is kraikas suteikia komfort\u0105 ir \u0161var\u0105 tiek kat\u0117ms, tiek j\u0173 \u0161eimininkams. Ilgiau palaiko gaiv\u0173 or\u0105.<\/p>\n","protected":false},"featured_media":44984,"template":"","meta":[],"product_brand":[],"product_cat":[530],"product_tag":[],"class_list":{"0":"post-44985","1":"product","2":"type-product","3":"status-publish","4":"has-post-thumbnail","6":"product_cat-kaciu-kraikas","8":"first","9":"instock","10":"sale","11":"taxable","12":"shipping-taxable","13":"purchasable","14":"product-type-simple"},"yoast_head":"<!-- This site is optimized with the Yoast SEO plugin v27.2 - https:\/\/yoast.com\/product\/yoast-seo-wordpress\/ -->\n<title>Ka\u010di\u0173 kraikas bentonitinis Northland Levanda 5L - MiuMjau<\/title>\n<meta name=\"robots\" content=\"index, follow, max-snippet:-1, max-image-preview:large, max-video-preview:-1\" \/>\n<link rel=\"canonical\" href=\"https:\/\/miumjau.ee\/lt\/produktas\/kaciu-kraikas-bentonitinis-northland-levanda-5l\/\" \/>\n<meta property=\"og:locale\" content=\"lt_LT\" \/>\n<meta property=\"og:type\" content=\"article\" \/>\n<meta property=\"og:title\" content=\"Ka\u010di\u0173 kraikas bentonitinis Northland Levanda 5L - MiuMjau\" \/>\n<meta property=\"og:description\" content=\"Northland bentonito ka\u010di\u0173 kraikas yra auk\u0161tos kokyb\u0117s kraikas, pagamintas i\u0161 nat\u016bralaus bentonito molio. Jis skirtas kat\u0117ms, kurios m\u0117gsta \u0161var\u0105 ir komfort\u0105, nes pasi\u017eymi puikiu dr\u0117gm\u0117s ir kvap\u0173 sugeriamumu, i\u0161laikydamas levand\u0173 aromat\u0105. Pagrindin\u0117s savyb\u0117s:\u2022 Didelis sug\u0117rimo paj\u0117gumas: bentonito molis efektyviai sugeria dr\u0117gm\u0119 ir skys\u010dius, palikdamas kraiko pavir\u0161i\u0173 saus\u0105 ir \u0161var\u0173.\u2022 Levand\u0173 kvapas: malonus ir \u0161velnus aromatas padeda neutralizuoti nemalonius kvapus ir sukuria raminan\u010di\u0105 atmosfer\u0105.\u2022 Saugus kat\u0117ms: nedirgina leten\u0117li\u0173 ir kv\u0117pavimo tak\u0173.\u2022 Lengva valyti: kraikas suformuoja kietus gumul\u0117lius, tod\u0117l j\u012f paprasta i\u0161rinkti ir i\u0161valyti.\u2022 Tinka \u012fvairioms ka\u010di\u0173 d\u0117\u017eut\u0117ms.\u2022 Negalima pilti \u012f tualet\u0105. \u0160is kraikas suteikia komfort\u0105 ir \u0161var\u0105 tiek kat\u0117ms, tiek j\u0173 \u0161eimininkams. Ilgiau palaiko gaiv\u0173 or\u0105.\" \/>\n<meta property=\"og:url\" content=\"https:\/\/miumjau.ee\/lt\/produktas\/kaciu-kraikas-bentonitinis-northland-levanda-5l\/\" \/>\n<meta property=\"og:site_name\" content=\"MiuMjau\" \/>\n<meta property=\"article:publisher\" content=\"https:\/\/www.facebook.com\/miumjaupood\/\" \/>\n<meta property=\"article:modified_time\" content=\"2026-01-07T18:49:35+00:00\" \/>\n<meta property=\"og:image\" content=\"https:\/\/miumjau.ee\/wp-content\/uploads\/2025\/06\/northland-bentoniit-kassiliiv3.jpg\" \/>\n\t<meta property=\"og:image:width\" content=\"600\" \/>\n\t<meta property=\"og:image:height\" content=\"800\" \/>\n\t<meta property=\"og:image:type\" content=\"image\/jpeg\" \/>\n<meta name=\"twitter:card\" content=\"summary_large_image\" \/>\n<script type=\"application\/ld+json\" class=\"yoast-schema-graph\">{\"@context\":\"https:\/\/schema.org\",\"@graph\":[{\"@type\":\"WebPage\",\"@id\":\"https:\/\/miumjau.ee\/lt\/produktas\/kaciu-kraikas-bentonitinis-northland-levanda-5l\/\",\"url\":\"https:\/\/miumjau.ee\/lt\/produktas\/kaciu-kraikas-bentonitinis-northland-levanda-5l\/\",\"name\":\"Ka\u010di\u0173 kraikas bentonitinis Northland Levanda 5L - MiuMjau\",\"isPartOf\":{\"@id\":\"https:\/\/miumjau.ee\/#website\"},\"primaryImageOfPage\":{\"@id\":\"https:\/\/miumjau.ee\/lt\/produktas\/kaciu-kraikas-bentonitinis-northland-levanda-5l\/#primaryimage\"},\"image\":{\"@id\":\"https:\/\/miumjau.ee\/lt\/produktas\/kaciu-kraikas-bentonitinis-northland-levanda-5l\/#primaryimage\"},\"thumbnailUrl\":\"https:\/\/miumjau.ee\/wp-content\/uploads\/2025\/06\/northland-bentoniit-kassiliiv3.jpg\",\"datePublished\":\"2025-06-29T11:55:33+00:00\",\"dateModified\":\"2026-01-07T18:49:35+00:00\",\"breadcrumb\":{\"@id\":\"https:\/\/miumjau.ee\/lt\/produktas\/kaciu-kraikas-bentonitinis-northland-levanda-5l\/#breadcrumb\"},\"inLanguage\":\"lt-LT\",\"potentialAction\":[{\"@type\":\"ReadAction\",\"target\":[\"https:\/\/miumjau.ee\/lt\/produktas\/kaciu-kraikas-bentonitinis-northland-levanda-5l\/\"]}]},{\"@type\":\"ImageObject\",\"inLanguage\":\"lt-LT\",\"@id\":\"https:\/\/miumjau.ee\/lt\/produktas\/kaciu-kraikas-bentonitinis-northland-levanda-5l\/#primaryimage\",\"url\":\"https:\/\/miumjau.ee\/wp-content\/uploads\/2025\/06\/northland-bentoniit-kassiliiv3.jpg\",\"contentUrl\":\"https:\/\/miumjau.ee\/wp-content\/uploads\/2025\/06\/northland-bentoniit-kassiliiv3.jpg\",\"width\":600,\"height\":800},{\"@type\":\"BreadcrumbList\",\"@id\":\"https:\/\/miumjau.ee\/lt\/produktas\/kaciu-kraikas-bentonitinis-northland-levanda-5l\/#breadcrumb\",\"itemListElement\":[{\"@type\":\"ListItem\",\"position\":1,\"name\":\"Home\",\"item\":\"https:\/\/miumjau.ee\/lt\/\"},{\"@type\":\"ListItem\",\"position\":2,\"name\":\"Parduotuv\u0117\",\"item\":\"https:\/\/miumjau.ee\/lt\/parduotuve\/\"},{\"@type\":\"ListItem\",\"position\":3,\"name\":\"Ka\u010di\u0173 kraikas bentonitinis Northland Levanda 5L\"}]},{\"@type\":\"WebSite\",\"@id\":\"https:\/\/miumjau.ee\/#website\",\"url\":\"https:\/\/miumjau.ee\/\",\"name\":\"MiuMjau\",\"description\":\"Kraapimispuud kassidele\",\"publisher\":{\"@id\":\"https:\/\/miumjau.ee\/#organization\"},\"potentialAction\":[{\"@type\":\"SearchAction\",\"target\":{\"@type\":\"EntryPoint\",\"urlTemplate\":\"https:\/\/miumjau.ee\/?s={search_term_string}\"},\"query-input\":{\"@type\":\"PropertyValueSpecification\",\"valueRequired\":true,\"valueName\":\"search_term_string\"}}],\"inLanguage\":\"lt-LT\"},{\"@type\":\"Organization\",\"@id\":\"https:\/\/miumjau.ee\/#organization\",\"name\":\"MiuMjau O\u00dc\",\"url\":\"https:\/\/miumjau.ee\/\",\"logo\":{\"@type\":\"ImageObject\",\"inLanguage\":\"lt-LT\",\"@id\":\"https:\/\/miumjau.ee\/#\/schema\/logo\/image\/\",\"url\":\"https:\/\/miumjau.ee\/wp-content\/uploads\/2022\/04\/MiuMjau-logo-kollane.png\",\"contentUrl\":\"https:\/\/miumjau.ee\/wp-content\/uploads\/2022\/04\/MiuMjau-logo-kollane.png\",\"width\":219,\"height\":100,\"caption\":\"MiuMjau O\u00dc\"},\"image\":{\"@id\":\"https:\/\/miumjau.ee\/#\/schema\/logo\/image\/\"},\"sameAs\":[\"https:\/\/www.facebook.com\/miumjaupood\/\"]}]}<\/script>\n<!-- \/ Yoast SEO plugin. -->","yoast_head_json":{"title":"Ka\u010di\u0173 kraikas bentonitinis Northland Levanda 5L - MiuMjau","robots":{"index":"index","follow":"follow","max-snippet":"max-snippet:-1","max-image-preview":"max-image-preview:large","max-video-preview":"max-video-preview:-1"},"canonical":"https:\/\/miumjau.ee\/lt\/produktas\/kaciu-kraikas-bentonitinis-northland-levanda-5l\/","og_locale":"lt_LT","og_type":"article","og_title":"Ka\u010di\u0173 kraikas bentonitinis Northland Levanda 5L - MiuMjau","og_description":"Northland bentonito ka\u010di\u0173 kraikas yra auk\u0161tos kokyb\u0117s kraikas, pagamintas i\u0161 nat\u016bralaus bentonito molio. Jis skirtas kat\u0117ms, kurios m\u0117gsta \u0161var\u0105 ir komfort\u0105, nes pasi\u017eymi puikiu dr\u0117gm\u0117s ir kvap\u0173 sugeriamumu, i\u0161laikydamas levand\u0173 aromat\u0105. Pagrindin\u0117s savyb\u0117s:\u2022 Didelis sug\u0117rimo paj\u0117gumas: bentonito molis efektyviai sugeria dr\u0117gm\u0119 ir skys\u010dius, palikdamas kraiko pavir\u0161i\u0173 saus\u0105 ir \u0161var\u0173.\u2022 Levand\u0173 kvapas: malonus ir \u0161velnus aromatas padeda neutralizuoti nemalonius kvapus ir sukuria raminan\u010di\u0105 atmosfer\u0105.\u2022 Saugus kat\u0117ms: nedirgina leten\u0117li\u0173 ir kv\u0117pavimo tak\u0173.\u2022 Lengva valyti: kraikas suformuoja kietus gumul\u0117lius, tod\u0117l j\u012f paprasta i\u0161rinkti ir i\u0161valyti.\u2022 Tinka \u012fvairioms ka\u010di\u0173 d\u0117\u017eut\u0117ms.\u2022 Negalima pilti \u012f tualet\u0105. \u0160is kraikas suteikia komfort\u0105 ir \u0161var\u0105 tiek kat\u0117ms, tiek j\u0173 \u0161eimininkams. Ilgiau palaiko gaiv\u0173 or\u0105.","og_url":"https:\/\/miumjau.ee\/lt\/produktas\/kaciu-kraikas-bentonitinis-northland-levanda-5l\/","og_site_name":"MiuMjau","article_publisher":"https:\/\/www.facebook.com\/miumjaupood\/","article_modified_time":"2026-01-07T18:49:35+00:00","og_image":[{"width":600,"height":800,"url":"https:\/\/miumjau.ee\/wp-content\/uploads\/2025\/06\/northland-bentoniit-kassiliiv3.jpg","type":"image\/jpeg"}],"twitter_card":"summary_large_image","schema":{"@context":"https:\/\/schema.org","@graph":[{"@type":"WebPage","@id":"https:\/\/miumjau.ee\/lt\/produktas\/kaciu-kraikas-bentonitinis-northland-levanda-5l\/","url":"https:\/\/miumjau.ee\/lt\/produktas\/kaciu-kraikas-bentonitinis-northland-levanda-5l\/","name":"Ka\u010di\u0173 kraikas bentonitinis Northland Levanda 5L - MiuMjau","isPartOf":{"@id":"https:\/\/miumjau.ee\/#website"},"primaryImageOfPage":{"@id":"https:\/\/miumjau.ee\/lt\/produktas\/kaciu-kraikas-bentonitinis-northland-levanda-5l\/#primaryimage"},"image":{"@id":"https:\/\/miumjau.ee\/lt\/produktas\/kaciu-kraikas-bentonitinis-northland-levanda-5l\/#primaryimage"},"thumbnailUrl":"https:\/\/miumjau.ee\/wp-content\/uploads\/2025\/06\/northland-bentoniit-kassiliiv3.jpg","datePublished":"2025-06-29T11:55:33+00:00","dateModified":"2026-01-07T18:49:35+00:00","breadcrumb":{"@id":"https:\/\/miumjau.ee\/lt\/produktas\/kaciu-kraikas-bentonitinis-northland-levanda-5l\/#breadcrumb"},"inLanguage":"lt-LT","potentialAction":[{"@type":"ReadAction","target":["https:\/\/miumjau.ee\/lt\/produktas\/kaciu-kraikas-bentonitinis-northland-levanda-5l\/"]}]},{"@type":"ImageObject","inLanguage":"lt-LT","@id":"https:\/\/miumjau.ee\/lt\/produktas\/kaciu-kraikas-bentonitinis-northland-levanda-5l\/#primaryimage","url":"https:\/\/miumjau.ee\/wp-content\/uploads\/2025\/06\/northland-bentoniit-kassiliiv3.jpg","contentUrl":"https:\/\/miumjau.ee\/wp-content\/uploads\/2025\/06\/northland-bentoniit-kassiliiv3.jpg","width":600,"height":800},{"@type":"BreadcrumbList","@id":"https:\/\/miumjau.ee\/lt\/produktas\/kaciu-kraikas-bentonitinis-northland-levanda-5l\/#breadcrumb","itemListElement":[{"@type":"ListItem","position":1,"name":"Home","item":"https:\/\/miumjau.ee\/lt\/"},{"@type":"ListItem","position":2,"name":"Parduotuv\u0117","item":"https:\/\/miumjau.ee\/lt\/parduotuve\/"},{"@type":"ListItem","position":3,"name":"Ka\u010di\u0173 kraikas bentonitinis Northland Levanda 5L"}]},{"@type":"WebSite","@id":"https:\/\/miumjau.ee\/#website","url":"https:\/\/miumjau.ee\/","name":"MiuMjau","description":"Kraapimispuud kassidele","publisher":{"@id":"https:\/\/miumjau.ee\/#organization"},"potentialAction":[{"@type":"SearchAction","target":{"@type":"EntryPoint","urlTemplate":"https:\/\/miumjau.ee\/?s={search_term_string}"},"query-input":{"@type":"PropertyValueSpecification","valueRequired":true,"valueName":"search_term_string"}}],"inLanguage":"lt-LT"},{"@type":"Organization","@id":"https:\/\/miumjau.ee\/#organization","name":"MiuMjau O\u00dc","url":"https:\/\/miumjau.ee\/","logo":{"@type":"ImageObject","inLanguage":"lt-LT","@id":"https:\/\/miumjau.ee\/#\/schema\/logo\/image\/","url":"https:\/\/miumjau.ee\/wp-content\/uploads\/2022\/04\/MiuMjau-logo-kollane.png","contentUrl":"https:\/\/miumjau.ee\/wp-content\/uploads\/2022\/04\/MiuMjau-logo-kollane.png","width":219,"height":100,"caption":"MiuMjau O\u00dc"},"image":{"@id":"https:\/\/miumjau.ee\/#\/schema\/logo\/image\/"},"sameAs":["https:\/\/www.facebook.com\/miumjaupood\/"]}]}},"_links":{"self":[{"href":"https:\/\/miumjau.ee\/lt\/wp-json\/wp\/v2\/product\/44985","targetHints":{"allow":["GET"]}}],"collection":[{"href":"https:\/\/miumjau.ee\/lt\/wp-json\/wp\/v2\/product"}],"about":[{"href":"https:\/\/miumjau.ee\/lt\/wp-json\/wp\/v2\/types\/product"}],"wp:featuredmedia":[{"embeddable":true,"href":"https:\/\/miumjau.ee\/lt\/wp-json\/wp\/v2\/media\/44984"}],"wp:attachment":[{"href":"https:\/\/miumjau.ee\/lt\/wp-json\/wp\/v2\/media?parent=44985"}],"wp:term":[{"taxonomy":"product_brand","embeddable":true,"href":"https:\/\/miumjau.ee\/lt\/wp-json\/wp\/v2\/product_brand?post=44985"},{"taxonomy":"product_cat","embeddable":true,"href":"https:\/\/miumjau.ee\/lt\/wp-json\/wp\/v2\/product_cat?post=44985"},{"taxonomy":"product_tag","embeddable":true,"href":"https:\/\/miumjau.ee\/lt\/wp-json\/wp\/v2\/product_tag?post=44985"}],"curies":[{"name":"wp","href":"https:\/\/api.w.org\/{rel}","templated":true}]}}