{"id":44928,"date":"2025-10-05T14:09:22","date_gmt":"2025-10-05T11:09:22","guid":{"rendered":"https:\/\/miumjau.ee\/toode\/sunu-kakos-maiseliai-8x20-vnt\/"},"modified":"2026-01-07T20:49:35","modified_gmt":"2026-01-07T18:49:35","slug":"sunu-kakos-maiseliai-8x20-vnt","status":"publish","type":"product","link":"https:\/\/miumjau.ee\/lt\/produktas\/sunu-kakos-maiseliai-8x20-vnt\/","title":{"rendered":"\u0160un\u0173 kakos mai\u0161eliai 8&#215;20 vnt."},"content":{"rendered":"","protected":false},"excerpt":{"rendered":"<p data-start=\"724\" data-end=\"861\">Kakoti n\u0117ra g\u0117da, bet palikti gatv\u0117se \u2013 taip. Patog\u016bs ritin\u0117liai, kuriuos lengva \u012fki\u0161ti \u012f ki\u0161en\u0119, apsaugos jus nuo nepatogi\u0173 situacij\u0173.<\/p>\n<p data-start=\"863\" data-end=\"1229\">\u2022 Storis 11 \u00b5m \u2013 tinka kasdien\u0117ms pasivaik\u0161\u010diojimams<br data-start=\"915\" data-end=\"918\" \/>\u2022 Atspar\u016bs ply\u0161imui \u2013 nesukelia netvarkos valant<br data-start=\"966\" data-end=\"969\" \/>\u2022 Lengvi ir kompakti\u0161ki \u2013 lengvai telpa ki\u0161en\u0117se, dozatoriuose ar laikikliuose su spaustukais<br data-start=\"1062\" data-end=\"1065\" \/>\u2022 Kompakti\u0161ki ritin\u0117liai \u2013 tinka standartiniams dozatoriams<br data-start=\"1124\" data-end=\"1127\" \/>\u2022 I\u0161 viso 160 mai\u0161eli\u0173<br data-start=\"1149\" data-end=\"1152\" \/>\u2022 Universal\u016bs \u2013 puikiai tinka sauskelni\u0173, kraiko d\u0117\u017ei\u0173 valymui ir kelion\u0117ms<\/p>\n<p data-start=\"1231\" data-end=\"1299\" data-is-last-node=\"\" data-is-only-node=\"\"><strong data-start=\"1231\" data-end=\"1242\">Svoris:<\/strong> 270 g<br data-start=\"1248\" data-end=\"1251\" \/><strong data-start=\"1251\" data-end=\"1267\">I\u0161matavimai:<\/strong> 33 \u00d7 23 cm<br data-start=\"1278\" data-end=\"1281\" \/><strong data-start=\"1281\" data-end=\"1294\">Med\u017eiaga:<\/strong> HDPE<\/p>\n","protected":false},"featured_media":42328,"template":"","meta":[],"product_brand":[],"product_cat":[542],"product_tag":[],"class_list":{"0":"post-44928","1":"product","2":"type-product","3":"status-publish","4":"has-post-thumbnail","6":"product_cat-prieziuros-priemones-sunims","8":"first","9":"instock","10":"taxable","11":"shipping-taxable","12":"purchasable","13":"product-type-simple"},"yoast_head":"<!-- This site is optimized with the Yoast SEO plugin v27.2 - https:\/\/yoast.com\/product\/yoast-seo-wordpress\/ -->\n<title>\u0160un\u0173 kakos mai\u0161eliai 8x20 vnt. - MiuMjau<\/title>\n<meta name=\"robots\" content=\"index, follow, max-snippet:-1, max-image-preview:large, max-video-preview:-1\" \/>\n<link rel=\"canonical\" href=\"https:\/\/miumjau.ee\/lt\/produktas\/sunu-kakos-maiseliai-8x20-vnt\/\" \/>\n<meta property=\"og:locale\" content=\"lt_LT\" \/>\n<meta property=\"og:type\" content=\"article\" \/>\n<meta property=\"og:title\" content=\"\u0160un\u0173 kakos mai\u0161eliai 8x20 vnt. - MiuMjau\" \/>\n<meta property=\"og:description\" content=\"Kakoti n\u0117ra g\u0117da, bet palikti gatv\u0117se \u2013 taip. Patog\u016bs ritin\u0117liai, kuriuos lengva \u012fki\u0161ti \u012f ki\u0161en\u0119, apsaugos jus nuo nepatogi\u0173 situacij\u0173. \u2022 Storis 11 \u00b5m \u2013 tinka kasdien\u0117ms pasivaik\u0161\u010diojimams\u2022 Atspar\u016bs ply\u0161imui \u2013 nesukelia netvarkos valant\u2022 Lengvi ir kompakti\u0161ki \u2013 lengvai telpa ki\u0161en\u0117se, dozatoriuose ar laikikliuose su spaustukais\u2022 Kompakti\u0161ki ritin\u0117liai \u2013 tinka standartiniams dozatoriams\u2022 I\u0161 viso 160 mai\u0161eli\u0173\u2022 Universal\u016bs \u2013 puikiai tinka sauskelni\u0173, kraiko d\u0117\u017ei\u0173 valymui ir kelion\u0117ms Svoris: 270 gI\u0161matavimai: 33 \u00d7 23 cmMed\u017eiaga: HDPE\" \/>\n<meta property=\"og:url\" content=\"https:\/\/miumjau.ee\/lt\/produktas\/sunu-kakos-maiseliai-8x20-vnt\/\" \/>\n<meta property=\"og:site_name\" content=\"MiuMjau\" \/>\n<meta property=\"article:publisher\" content=\"https:\/\/www.facebook.com\/miumjaupood\/\" \/>\n<meta property=\"article:modified_time\" content=\"2026-01-07T18:49:35+00:00\" \/>\n<meta property=\"og:image\" content=\"https:\/\/miumjau.ee\/wp-content\/uploads\/2025\/10\/kakaotid-koertele-8rulli2.jpg\" \/>\n\t<meta property=\"og:image:width\" content=\"600\" \/>\n\t<meta property=\"og:image:height\" content=\"800\" \/>\n\t<meta property=\"og:image:type\" content=\"image\/jpeg\" \/>\n<meta name=\"twitter:card\" content=\"summary_large_image\" \/>\n<script type=\"application\/ld+json\" class=\"yoast-schema-graph\">{\"@context\":\"https:\/\/schema.org\",\"@graph\":[{\"@type\":\"WebPage\",\"@id\":\"https:\/\/miumjau.ee\/lt\/produktas\/sunu-kakos-maiseliai-8x20-vnt\/\",\"url\":\"https:\/\/miumjau.ee\/lt\/produktas\/sunu-kakos-maiseliai-8x20-vnt\/\",\"name\":\"\u0160un\u0173 kakos mai\u0161eliai 8x20 vnt. - MiuMjau\",\"isPartOf\":{\"@id\":\"https:\/\/miumjau.ee\/#website\"},\"primaryImageOfPage\":{\"@id\":\"https:\/\/miumjau.ee\/lt\/produktas\/sunu-kakos-maiseliai-8x20-vnt\/#primaryimage\"},\"image\":{\"@id\":\"https:\/\/miumjau.ee\/lt\/produktas\/sunu-kakos-maiseliai-8x20-vnt\/#primaryimage\"},\"thumbnailUrl\":\"https:\/\/miumjau.ee\/wp-content\/uploads\/2025\/10\/kakaotid-koertele-8rulli2.jpg\",\"datePublished\":\"2025-10-05T11:09:22+00:00\",\"dateModified\":\"2026-01-07T18:49:35+00:00\",\"breadcrumb\":{\"@id\":\"https:\/\/miumjau.ee\/lt\/produktas\/sunu-kakos-maiseliai-8x20-vnt\/#breadcrumb\"},\"inLanguage\":\"lt-LT\",\"potentialAction\":[{\"@type\":\"ReadAction\",\"target\":[\"https:\/\/miumjau.ee\/lt\/produktas\/sunu-kakos-maiseliai-8x20-vnt\/\"]}]},{\"@type\":\"ImageObject\",\"inLanguage\":\"lt-LT\",\"@id\":\"https:\/\/miumjau.ee\/lt\/produktas\/sunu-kakos-maiseliai-8x20-vnt\/#primaryimage\",\"url\":\"https:\/\/miumjau.ee\/wp-content\/uploads\/2025\/10\/kakaotid-koertele-8rulli2.jpg\",\"contentUrl\":\"https:\/\/miumjau.ee\/wp-content\/uploads\/2025\/10\/kakaotid-koertele-8rulli2.jpg\",\"width\":600,\"height\":800,\"caption\":\"v\"},{\"@type\":\"BreadcrumbList\",\"@id\":\"https:\/\/miumjau.ee\/lt\/produktas\/sunu-kakos-maiseliai-8x20-vnt\/#breadcrumb\",\"itemListElement\":[{\"@type\":\"ListItem\",\"position\":1,\"name\":\"Home\",\"item\":\"https:\/\/miumjau.ee\/lt\/\"},{\"@type\":\"ListItem\",\"position\":2,\"name\":\"Parduotuv\u0117\",\"item\":\"https:\/\/miumjau.ee\/lt\/parduotuve\/\"},{\"@type\":\"ListItem\",\"position\":3,\"name\":\"\u0160un\u0173 kakos mai\u0161eliai 8&#215;20 vnt.\"}]},{\"@type\":\"WebSite\",\"@id\":\"https:\/\/miumjau.ee\/#website\",\"url\":\"https:\/\/miumjau.ee\/\",\"name\":\"MiuMjau\",\"description\":\"Kraapimispuud kassidele\",\"publisher\":{\"@id\":\"https:\/\/miumjau.ee\/#organization\"},\"potentialAction\":[{\"@type\":\"SearchAction\",\"target\":{\"@type\":\"EntryPoint\",\"urlTemplate\":\"https:\/\/miumjau.ee\/?s={search_term_string}\"},\"query-input\":{\"@type\":\"PropertyValueSpecification\",\"valueRequired\":true,\"valueName\":\"search_term_string\"}}],\"inLanguage\":\"lt-LT\"},{\"@type\":\"Organization\",\"@id\":\"https:\/\/miumjau.ee\/#organization\",\"name\":\"MiuMjau O\u00dc\",\"url\":\"https:\/\/miumjau.ee\/\",\"logo\":{\"@type\":\"ImageObject\",\"inLanguage\":\"lt-LT\",\"@id\":\"https:\/\/miumjau.ee\/#\/schema\/logo\/image\/\",\"url\":\"https:\/\/miumjau.ee\/wp-content\/uploads\/2022\/04\/MiuMjau-logo-kollane.png\",\"contentUrl\":\"https:\/\/miumjau.ee\/wp-content\/uploads\/2022\/04\/MiuMjau-logo-kollane.png\",\"width\":219,\"height\":100,\"caption\":\"MiuMjau O\u00dc\"},\"image\":{\"@id\":\"https:\/\/miumjau.ee\/#\/schema\/logo\/image\/\"},\"sameAs\":[\"https:\/\/www.facebook.com\/miumjaupood\/\"]}]}<\/script>\n<!-- \/ Yoast SEO plugin. -->","yoast_head_json":{"title":"\u0160un\u0173 kakos mai\u0161eliai 8x20 vnt. - MiuMjau","robots":{"index":"index","follow":"follow","max-snippet":"max-snippet:-1","max-image-preview":"max-image-preview:large","max-video-preview":"max-video-preview:-1"},"canonical":"https:\/\/miumjau.ee\/lt\/produktas\/sunu-kakos-maiseliai-8x20-vnt\/","og_locale":"lt_LT","og_type":"article","og_title":"\u0160un\u0173 kakos mai\u0161eliai 8x20 vnt. - MiuMjau","og_description":"Kakoti n\u0117ra g\u0117da, bet palikti gatv\u0117se \u2013 taip. Patog\u016bs ritin\u0117liai, kuriuos lengva \u012fki\u0161ti \u012f ki\u0161en\u0119, apsaugos jus nuo nepatogi\u0173 situacij\u0173. \u2022 Storis 11 \u00b5m \u2013 tinka kasdien\u0117ms pasivaik\u0161\u010diojimams\u2022 Atspar\u016bs ply\u0161imui \u2013 nesukelia netvarkos valant\u2022 Lengvi ir kompakti\u0161ki \u2013 lengvai telpa ki\u0161en\u0117se, dozatoriuose ar laikikliuose su spaustukais\u2022 Kompakti\u0161ki ritin\u0117liai \u2013 tinka standartiniams dozatoriams\u2022 I\u0161 viso 160 mai\u0161eli\u0173\u2022 Universal\u016bs \u2013 puikiai tinka sauskelni\u0173, kraiko d\u0117\u017ei\u0173 valymui ir kelion\u0117ms Svoris: 270 gI\u0161matavimai: 33 \u00d7 23 cmMed\u017eiaga: HDPE","og_url":"https:\/\/miumjau.ee\/lt\/produktas\/sunu-kakos-maiseliai-8x20-vnt\/","og_site_name":"MiuMjau","article_publisher":"https:\/\/www.facebook.com\/miumjaupood\/","article_modified_time":"2026-01-07T18:49:35+00:00","og_image":[{"width":600,"height":800,"url":"https:\/\/miumjau.ee\/wp-content\/uploads\/2025\/10\/kakaotid-koertele-8rulli2.jpg","type":"image\/jpeg"}],"twitter_card":"summary_large_image","schema":{"@context":"https:\/\/schema.org","@graph":[{"@type":"WebPage","@id":"https:\/\/miumjau.ee\/lt\/produktas\/sunu-kakos-maiseliai-8x20-vnt\/","url":"https:\/\/miumjau.ee\/lt\/produktas\/sunu-kakos-maiseliai-8x20-vnt\/","name":"\u0160un\u0173 kakos mai\u0161eliai 8x20 vnt. - MiuMjau","isPartOf":{"@id":"https:\/\/miumjau.ee\/#website"},"primaryImageOfPage":{"@id":"https:\/\/miumjau.ee\/lt\/produktas\/sunu-kakos-maiseliai-8x20-vnt\/#primaryimage"},"image":{"@id":"https:\/\/miumjau.ee\/lt\/produktas\/sunu-kakos-maiseliai-8x20-vnt\/#primaryimage"},"thumbnailUrl":"https:\/\/miumjau.ee\/wp-content\/uploads\/2025\/10\/kakaotid-koertele-8rulli2.jpg","datePublished":"2025-10-05T11:09:22+00:00","dateModified":"2026-01-07T18:49:35+00:00","breadcrumb":{"@id":"https:\/\/miumjau.ee\/lt\/produktas\/sunu-kakos-maiseliai-8x20-vnt\/#breadcrumb"},"inLanguage":"lt-LT","potentialAction":[{"@type":"ReadAction","target":["https:\/\/miumjau.ee\/lt\/produktas\/sunu-kakos-maiseliai-8x20-vnt\/"]}]},{"@type":"ImageObject","inLanguage":"lt-LT","@id":"https:\/\/miumjau.ee\/lt\/produktas\/sunu-kakos-maiseliai-8x20-vnt\/#primaryimage","url":"https:\/\/miumjau.ee\/wp-content\/uploads\/2025\/10\/kakaotid-koertele-8rulli2.jpg","contentUrl":"https:\/\/miumjau.ee\/wp-content\/uploads\/2025\/10\/kakaotid-koertele-8rulli2.jpg","width":600,"height":800,"caption":"v"},{"@type":"BreadcrumbList","@id":"https:\/\/miumjau.ee\/lt\/produktas\/sunu-kakos-maiseliai-8x20-vnt\/#breadcrumb","itemListElement":[{"@type":"ListItem","position":1,"name":"Home","item":"https:\/\/miumjau.ee\/lt\/"},{"@type":"ListItem","position":2,"name":"Parduotuv\u0117","item":"https:\/\/miumjau.ee\/lt\/parduotuve\/"},{"@type":"ListItem","position":3,"name":"\u0160un\u0173 kakos mai\u0161eliai 8&#215;20 vnt."}]},{"@type":"WebSite","@id":"https:\/\/miumjau.ee\/#website","url":"https:\/\/miumjau.ee\/","name":"MiuMjau","description":"Kraapimispuud kassidele","publisher":{"@id":"https:\/\/miumjau.ee\/#organization"},"potentialAction":[{"@type":"SearchAction","target":{"@type":"EntryPoint","urlTemplate":"https:\/\/miumjau.ee\/?s={search_term_string}"},"query-input":{"@type":"PropertyValueSpecification","valueRequired":true,"valueName":"search_term_string"}}],"inLanguage":"lt-LT"},{"@type":"Organization","@id":"https:\/\/miumjau.ee\/#organization","name":"MiuMjau O\u00dc","url":"https:\/\/miumjau.ee\/","logo":{"@type":"ImageObject","inLanguage":"lt-LT","@id":"https:\/\/miumjau.ee\/#\/schema\/logo\/image\/","url":"https:\/\/miumjau.ee\/wp-content\/uploads\/2022\/04\/MiuMjau-logo-kollane.png","contentUrl":"https:\/\/miumjau.ee\/wp-content\/uploads\/2022\/04\/MiuMjau-logo-kollane.png","width":219,"height":100,"caption":"MiuMjau O\u00dc"},"image":{"@id":"https:\/\/miumjau.ee\/#\/schema\/logo\/image\/"},"sameAs":["https:\/\/www.facebook.com\/miumjaupood\/"]}]}},"_links":{"self":[{"href":"https:\/\/miumjau.ee\/lt\/wp-json\/wp\/v2\/product\/44928","targetHints":{"allow":["GET"]}}],"collection":[{"href":"https:\/\/miumjau.ee\/lt\/wp-json\/wp\/v2\/product"}],"about":[{"href":"https:\/\/miumjau.ee\/lt\/wp-json\/wp\/v2\/types\/product"}],"wp:featuredmedia":[{"embeddable":true,"href":"https:\/\/miumjau.ee\/lt\/wp-json\/wp\/v2\/media\/42328"}],"wp:attachment":[{"href":"https:\/\/miumjau.ee\/lt\/wp-json\/wp\/v2\/media?parent=44928"}],"wp:term":[{"taxonomy":"product_brand","embeddable":true,"href":"https:\/\/miumjau.ee\/lt\/wp-json\/wp\/v2\/product_brand?post=44928"},{"taxonomy":"product_cat","embeddable":true,"href":"https:\/\/miumjau.ee\/lt\/wp-json\/wp\/v2\/product_cat?post=44928"},{"taxonomy":"product_tag","embeddable":true,"href":"https:\/\/miumjau.ee\/lt\/wp-json\/wp\/v2\/product_tag?post=44928"}],"curies":[{"name":"wp","href":"https:\/\/api.w.org\/{rel}","templated":true}]}}