{"id":44921,"date":"2025-07-29T15:15:33","date_gmt":"2025-07-29T12:15:33","guid":{"rendered":"https:\/\/miumjau.ee\/toode\/beaphar-ausu-valiklis-katems-ir-sunims-50-ml\/"},"modified":"2026-01-07T20:49:35","modified_gmt":"2026-01-07T18:49:35","slug":"beaphar-ausu-valiklis-katems-ir-sunims-50-ml","status":"publish","type":"product","link":"https:\/\/miumjau.ee\/lt\/produktas\/beaphar-ausu-valiklis-katems-ir-sunims-50-ml\/","title":{"rendered":"Beaphar aus\u0173 valiklis kat\u0117ms ir \u0161unims 50 ml"},"content":{"rendered":"","protected":false},"excerpt":{"rendered":"<p data-start=\"820\" data-end=\"903\">Beaphar EAR CLEANER \u2013 aus\u0173 valiklis \u0161unims, kat\u0117ms ir kitiems naminiams gyv\u016bnams.<\/p>\n<p data-start=\"905\" data-end=\"1005\"><strong data-start=\"905\" data-end=\"931\">Aktyviosios med\u017eiagos:<\/strong> 1,50 g cetrimido, chlorheksidino glukonatas 0,15 g\/l, mentolis 1,00 g\/l<\/p>\n<p data-start=\"1007\" data-end=\"1124\"><strong data-start=\"1007\" data-end=\"1044\">Pagalbin\u0117s med\u017eiagos ir u\u017epildai:<\/strong> vanduo, glicerinas, Polisorbas 80, Savlon koncentratas, MSM (dimetilsulfonas)<\/p>\n<p data-start=\"1126\" data-end=\"1414\"><strong data-start=\"1126\" data-end=\"1141\">Naudojimas:<\/strong> Du kartus per savait\u0119 la\u0161inti 6\u20138 la\u0161us \u012f gyv\u016bno i\u0161orin\u012f klausos kanal\u0105 ir \u0161velniai masa\u017euoti aus\u012f. Po to aus\u012f \u0161velniai nuvalyti popierine servet\u0117le. Aus\u0173 valymui nenaudoti medvilnini\u0173 tampon\u0173 ar kit\u0173 priemoni\u0173 klausos kanale. Preparatas neturi alkoholio ir yra \u0161velnus.<\/p>\n<p data-start=\"1416\" data-end=\"1455\" data-is-last-node=\"\" data-is-only-node=\"\"><strong data-start=\"1416\" data-end=\"1429\">Laikymas:<\/strong> sausoje, v\u0117sioje vietoje.<\/p>\n","protected":false},"featured_media":44922,"template":"","meta":[],"product_brand":[],"product_cat":[523,542],"product_tag":[],"class_list":{"0":"post-44921","1":"product","2":"type-product","3":"status-publish","4":"has-post-thumbnail","6":"product_cat-kita","7":"product_cat-prieziuros-priemones-sunims","9":"first","10":"instock","11":"taxable","12":"shipping-taxable","13":"purchasable","14":"product-type-simple"},"yoast_head":"<!-- This site is optimized with the Yoast SEO plugin v27.2 - https:\/\/yoast.com\/product\/yoast-seo-wordpress\/ -->\n<title>Beaphar aus\u0173 valiklis kat\u0117ms ir \u0161unims 50 ml - MiuMjau<\/title>\n<meta name=\"robots\" content=\"index, follow, max-snippet:-1, max-image-preview:large, max-video-preview:-1\" \/>\n<link rel=\"canonical\" href=\"https:\/\/miumjau.ee\/lt\/produktas\/beaphar-ausu-valiklis-katems-ir-sunims-50-ml\/\" \/>\n<meta property=\"og:locale\" content=\"lt_LT\" \/>\n<meta property=\"og:type\" content=\"article\" \/>\n<meta property=\"og:title\" content=\"Beaphar aus\u0173 valiklis kat\u0117ms ir \u0161unims 50 ml - MiuMjau\" \/>\n<meta property=\"og:description\" content=\"Beaphar EAR CLEANER \u2013 aus\u0173 valiklis \u0161unims, kat\u0117ms ir kitiems naminiams gyv\u016bnams. Aktyviosios med\u017eiagos: 1,50 g cetrimido, chlorheksidino glukonatas 0,15 g\/l, mentolis 1,00 g\/l Pagalbin\u0117s med\u017eiagos ir u\u017epildai: vanduo, glicerinas, Polisorbas 80, Savlon koncentratas, MSM (dimetilsulfonas) Naudojimas: Du kartus per savait\u0119 la\u0161inti 6\u20138 la\u0161us \u012f gyv\u016bno i\u0161orin\u012f klausos kanal\u0105 ir \u0161velniai masa\u017euoti aus\u012f. Po to aus\u012f \u0161velniai nuvalyti popierine servet\u0117le. Aus\u0173 valymui nenaudoti medvilnini\u0173 tampon\u0173 ar kit\u0173 priemoni\u0173 klausos kanale. Preparatas neturi alkoholio ir yra \u0161velnus. Laikymas: sausoje, v\u0117sioje vietoje.\" \/>\n<meta property=\"og:url\" content=\"https:\/\/miumjau.ee\/lt\/produktas\/beaphar-ausu-valiklis-katems-ir-sunims-50-ml\/\" \/>\n<meta property=\"og:site_name\" content=\"MiuMjau\" \/>\n<meta property=\"article:publisher\" content=\"https:\/\/www.facebook.com\/miumjaupood\/\" \/>\n<meta property=\"article:modified_time\" content=\"2026-01-07T18:49:35+00:00\" \/>\n<meta property=\"og:image\" content=\"https:\/\/miumjau.ee\/wp-content\/uploads\/2025\/07\/beaphar-kassidele-koertele32.jpg\" \/>\n\t<meta property=\"og:image:width\" content=\"600\" \/>\n\t<meta property=\"og:image:height\" content=\"800\" \/>\n\t<meta property=\"og:image:type\" content=\"image\/jpeg\" \/>\n<meta name=\"twitter:card\" content=\"summary_large_image\" \/>\n<script type=\"application\/ld+json\" class=\"yoast-schema-graph\">{\"@context\":\"https:\/\/schema.org\",\"@graph\":[{\"@type\":\"WebPage\",\"@id\":\"https:\/\/miumjau.ee\/lt\/produktas\/beaphar-ausu-valiklis-katems-ir-sunims-50-ml\/\",\"url\":\"https:\/\/miumjau.ee\/lt\/produktas\/beaphar-ausu-valiklis-katems-ir-sunims-50-ml\/\",\"name\":\"Beaphar aus\u0173 valiklis kat\u0117ms ir \u0161unims 50 ml - MiuMjau\",\"isPartOf\":{\"@id\":\"https:\/\/miumjau.ee\/#website\"},\"primaryImageOfPage\":{\"@id\":\"https:\/\/miumjau.ee\/lt\/produktas\/beaphar-ausu-valiklis-katems-ir-sunims-50-ml\/#primaryimage\"},\"image\":{\"@id\":\"https:\/\/miumjau.ee\/lt\/produktas\/beaphar-ausu-valiklis-katems-ir-sunims-50-ml\/#primaryimage\"},\"thumbnailUrl\":\"https:\/\/miumjau.ee\/wp-content\/uploads\/2025\/07\/beaphar-kassidele-koertele32.jpg\",\"datePublished\":\"2025-07-29T12:15:33+00:00\",\"dateModified\":\"2026-01-07T18:49:35+00:00\",\"breadcrumb\":{\"@id\":\"https:\/\/miumjau.ee\/lt\/produktas\/beaphar-ausu-valiklis-katems-ir-sunims-50-ml\/#breadcrumb\"},\"inLanguage\":\"lt-LT\",\"potentialAction\":[{\"@type\":\"ReadAction\",\"target\":[\"https:\/\/miumjau.ee\/lt\/produktas\/beaphar-ausu-valiklis-katems-ir-sunims-50-ml\/\"]}]},{\"@type\":\"ImageObject\",\"inLanguage\":\"lt-LT\",\"@id\":\"https:\/\/miumjau.ee\/lt\/produktas\/beaphar-ausu-valiklis-katems-ir-sunims-50-ml\/#primaryimage\",\"url\":\"https:\/\/miumjau.ee\/wp-content\/uploads\/2025\/07\/beaphar-kassidele-koertele32.jpg\",\"contentUrl\":\"https:\/\/miumjau.ee\/wp-content\/uploads\/2025\/07\/beaphar-kassidele-koertele32.jpg\",\"width\":600,\"height\":800},{\"@type\":\"BreadcrumbList\",\"@id\":\"https:\/\/miumjau.ee\/lt\/produktas\/beaphar-ausu-valiklis-katems-ir-sunims-50-ml\/#breadcrumb\",\"itemListElement\":[{\"@type\":\"ListItem\",\"position\":1,\"name\":\"Home\",\"item\":\"https:\/\/miumjau.ee\/lt\/\"},{\"@type\":\"ListItem\",\"position\":2,\"name\":\"Parduotuv\u0117\",\"item\":\"https:\/\/miumjau.ee\/lt\/parduotuve\/\"},{\"@type\":\"ListItem\",\"position\":3,\"name\":\"Beaphar aus\u0173 valiklis kat\u0117ms ir \u0161unims 50 ml\"}]},{\"@type\":\"WebSite\",\"@id\":\"https:\/\/miumjau.ee\/#website\",\"url\":\"https:\/\/miumjau.ee\/\",\"name\":\"MiuMjau\",\"description\":\"Kraapimispuud kassidele\",\"publisher\":{\"@id\":\"https:\/\/miumjau.ee\/#organization\"},\"potentialAction\":[{\"@type\":\"SearchAction\",\"target\":{\"@type\":\"EntryPoint\",\"urlTemplate\":\"https:\/\/miumjau.ee\/?s={search_term_string}\"},\"query-input\":{\"@type\":\"PropertyValueSpecification\",\"valueRequired\":true,\"valueName\":\"search_term_string\"}}],\"inLanguage\":\"lt-LT\"},{\"@type\":\"Organization\",\"@id\":\"https:\/\/miumjau.ee\/#organization\",\"name\":\"MiuMjau O\u00dc\",\"url\":\"https:\/\/miumjau.ee\/\",\"logo\":{\"@type\":\"ImageObject\",\"inLanguage\":\"lt-LT\",\"@id\":\"https:\/\/miumjau.ee\/#\/schema\/logo\/image\/\",\"url\":\"https:\/\/miumjau.ee\/wp-content\/uploads\/2022\/04\/MiuMjau-logo-kollane.png\",\"contentUrl\":\"https:\/\/miumjau.ee\/wp-content\/uploads\/2022\/04\/MiuMjau-logo-kollane.png\",\"width\":219,\"height\":100,\"caption\":\"MiuMjau O\u00dc\"},\"image\":{\"@id\":\"https:\/\/miumjau.ee\/#\/schema\/logo\/image\/\"},\"sameAs\":[\"https:\/\/www.facebook.com\/miumjaupood\/\"]}]}<\/script>\n<!-- \/ Yoast SEO plugin. -->","yoast_head_json":{"title":"Beaphar aus\u0173 valiklis kat\u0117ms ir \u0161unims 50 ml - MiuMjau","robots":{"index":"index","follow":"follow","max-snippet":"max-snippet:-1","max-image-preview":"max-image-preview:large","max-video-preview":"max-video-preview:-1"},"canonical":"https:\/\/miumjau.ee\/lt\/produktas\/beaphar-ausu-valiklis-katems-ir-sunims-50-ml\/","og_locale":"lt_LT","og_type":"article","og_title":"Beaphar aus\u0173 valiklis kat\u0117ms ir \u0161unims 50 ml - MiuMjau","og_description":"Beaphar EAR CLEANER \u2013 aus\u0173 valiklis \u0161unims, kat\u0117ms ir kitiems naminiams gyv\u016bnams. Aktyviosios med\u017eiagos: 1,50 g cetrimido, chlorheksidino glukonatas 0,15 g\/l, mentolis 1,00 g\/l Pagalbin\u0117s med\u017eiagos ir u\u017epildai: vanduo, glicerinas, Polisorbas 80, Savlon koncentratas, MSM (dimetilsulfonas) Naudojimas: Du kartus per savait\u0119 la\u0161inti 6\u20138 la\u0161us \u012f gyv\u016bno i\u0161orin\u012f klausos kanal\u0105 ir \u0161velniai masa\u017euoti aus\u012f. Po to aus\u012f \u0161velniai nuvalyti popierine servet\u0117le. Aus\u0173 valymui nenaudoti medvilnini\u0173 tampon\u0173 ar kit\u0173 priemoni\u0173 klausos kanale. Preparatas neturi alkoholio ir yra \u0161velnus. Laikymas: sausoje, v\u0117sioje vietoje.","og_url":"https:\/\/miumjau.ee\/lt\/produktas\/beaphar-ausu-valiklis-katems-ir-sunims-50-ml\/","og_site_name":"MiuMjau","article_publisher":"https:\/\/www.facebook.com\/miumjaupood\/","article_modified_time":"2026-01-07T18:49:35+00:00","og_image":[{"width":600,"height":800,"url":"https:\/\/miumjau.ee\/wp-content\/uploads\/2025\/07\/beaphar-kassidele-koertele32.jpg","type":"image\/jpeg"}],"twitter_card":"summary_large_image","schema":{"@context":"https:\/\/schema.org","@graph":[{"@type":"WebPage","@id":"https:\/\/miumjau.ee\/lt\/produktas\/beaphar-ausu-valiklis-katems-ir-sunims-50-ml\/","url":"https:\/\/miumjau.ee\/lt\/produktas\/beaphar-ausu-valiklis-katems-ir-sunims-50-ml\/","name":"Beaphar aus\u0173 valiklis kat\u0117ms ir \u0161unims 50 ml - MiuMjau","isPartOf":{"@id":"https:\/\/miumjau.ee\/#website"},"primaryImageOfPage":{"@id":"https:\/\/miumjau.ee\/lt\/produktas\/beaphar-ausu-valiklis-katems-ir-sunims-50-ml\/#primaryimage"},"image":{"@id":"https:\/\/miumjau.ee\/lt\/produktas\/beaphar-ausu-valiklis-katems-ir-sunims-50-ml\/#primaryimage"},"thumbnailUrl":"https:\/\/miumjau.ee\/wp-content\/uploads\/2025\/07\/beaphar-kassidele-koertele32.jpg","datePublished":"2025-07-29T12:15:33+00:00","dateModified":"2026-01-07T18:49:35+00:00","breadcrumb":{"@id":"https:\/\/miumjau.ee\/lt\/produktas\/beaphar-ausu-valiklis-katems-ir-sunims-50-ml\/#breadcrumb"},"inLanguage":"lt-LT","potentialAction":[{"@type":"ReadAction","target":["https:\/\/miumjau.ee\/lt\/produktas\/beaphar-ausu-valiklis-katems-ir-sunims-50-ml\/"]}]},{"@type":"ImageObject","inLanguage":"lt-LT","@id":"https:\/\/miumjau.ee\/lt\/produktas\/beaphar-ausu-valiklis-katems-ir-sunims-50-ml\/#primaryimage","url":"https:\/\/miumjau.ee\/wp-content\/uploads\/2025\/07\/beaphar-kassidele-koertele32.jpg","contentUrl":"https:\/\/miumjau.ee\/wp-content\/uploads\/2025\/07\/beaphar-kassidele-koertele32.jpg","width":600,"height":800},{"@type":"BreadcrumbList","@id":"https:\/\/miumjau.ee\/lt\/produktas\/beaphar-ausu-valiklis-katems-ir-sunims-50-ml\/#breadcrumb","itemListElement":[{"@type":"ListItem","position":1,"name":"Home","item":"https:\/\/miumjau.ee\/lt\/"},{"@type":"ListItem","position":2,"name":"Parduotuv\u0117","item":"https:\/\/miumjau.ee\/lt\/parduotuve\/"},{"@type":"ListItem","position":3,"name":"Beaphar aus\u0173 valiklis kat\u0117ms ir \u0161unims 50 ml"}]},{"@type":"WebSite","@id":"https:\/\/miumjau.ee\/#website","url":"https:\/\/miumjau.ee\/","name":"MiuMjau","description":"Kraapimispuud kassidele","publisher":{"@id":"https:\/\/miumjau.ee\/#organization"},"potentialAction":[{"@type":"SearchAction","target":{"@type":"EntryPoint","urlTemplate":"https:\/\/miumjau.ee\/?s={search_term_string}"},"query-input":{"@type":"PropertyValueSpecification","valueRequired":true,"valueName":"search_term_string"}}],"inLanguage":"lt-LT"},{"@type":"Organization","@id":"https:\/\/miumjau.ee\/#organization","name":"MiuMjau O\u00dc","url":"https:\/\/miumjau.ee\/","logo":{"@type":"ImageObject","inLanguage":"lt-LT","@id":"https:\/\/miumjau.ee\/#\/schema\/logo\/image\/","url":"https:\/\/miumjau.ee\/wp-content\/uploads\/2022\/04\/MiuMjau-logo-kollane.png","contentUrl":"https:\/\/miumjau.ee\/wp-content\/uploads\/2022\/04\/MiuMjau-logo-kollane.png","width":219,"height":100,"caption":"MiuMjau O\u00dc"},"image":{"@id":"https:\/\/miumjau.ee\/#\/schema\/logo\/image\/"},"sameAs":["https:\/\/www.facebook.com\/miumjaupood\/"]}]}},"_links":{"self":[{"href":"https:\/\/miumjau.ee\/lt\/wp-json\/wp\/v2\/product\/44921","targetHints":{"allow":["GET"]}}],"collection":[{"href":"https:\/\/miumjau.ee\/lt\/wp-json\/wp\/v2\/product"}],"about":[{"href":"https:\/\/miumjau.ee\/lt\/wp-json\/wp\/v2\/types\/product"}],"wp:featuredmedia":[{"embeddable":true,"href":"https:\/\/miumjau.ee\/lt\/wp-json\/wp\/v2\/media\/44922"}],"wp:attachment":[{"href":"https:\/\/miumjau.ee\/lt\/wp-json\/wp\/v2\/media?parent=44921"}],"wp:term":[{"taxonomy":"product_brand","embeddable":true,"href":"https:\/\/miumjau.ee\/lt\/wp-json\/wp\/v2\/product_brand?post=44921"},{"taxonomy":"product_cat","embeddable":true,"href":"https:\/\/miumjau.ee\/lt\/wp-json\/wp\/v2\/product_cat?post=44921"},{"taxonomy":"product_tag","embeddable":true,"href":"https:\/\/miumjau.ee\/lt\/wp-json\/wp\/v2\/product_tag?post=44921"}],"curies":[{"name":"wp","href":"https:\/\/api.w.org\/{rel}","templated":true}]}}