{"id":44910,"date":"2025-05-28T13:49:50","date_gmt":"2025-05-28T10:49:50","guid":{"rendered":"https:\/\/miumjau.ee\/toode\/kavos-medzio-kramtomas-lazdeles-sunims-frigera-l\/"},"modified":"2026-01-07T20:49:35","modified_gmt":"2026-01-07T18:49:35","slug":"kavos-medzio-kramtomas-lazdeles-sunims-frigera-l","status":"publish","type":"product","link":"https:\/\/miumjau.ee\/lt\/produktas\/kavos-medzio-kramtomas-lazdeles-sunims-frigera-l\/","title":{"rendered":"Kavos med\u017eio kramtomas lazdel\u0117s \u0161unims Frigera L"},"content":{"rendered":"","protected":false},"excerpt":{"rendered":"<p data-start=\"1134\" data-end=\"1377\">Ar j\u016bs\u0173 \u0161uo sukramto kiekvien\u0105 gardumyn\u0105, kol dar sp\u0117jat pasteb\u0117ti? Ar pavargote nuo sugriaut\u0173 bat\u0173 ir subrai\u017eyt\u0173 bald\u0173 kojeli\u0173? Nebesijaudinkite \u2013 Frigera kavos med\u017eio kramtomos lazdel\u0117s saugos j\u016bs\u0173 keturkoj\u012f draug\u0105 nuo \u0161i\u0173 verting\u0173 daikt\u0173!<\/p>\n<p data-start=\"1379\" data-end=\"1574\">Tai vienas i\u0161 nat\u016braliausi\u0173 ir tvir\u010diausi\u0173 kramtom\u0173 skan\u0117st\u0173! M\u016bs\u0173 kavos med\u017eio lazdel\u0117s yra:<br data-start=\"1472\" data-end=\"1475\" \/>\u2714 100 % vegani\u0161kos<br data-start=\"1493\" data-end=\"1496\" \/>\u2714 Rank\u0173 darbo<br data-start=\"1509\" data-end=\"1512\" \/>\u2714 Pagamintos i\u0161 perteklini\u0173 \u0161ak\u0173 med\u017eiagos, nepe\u0161iant med\u017ei\u0173<\/p>\n<p data-start=\"1576\" data-end=\"1874\">D\u0117l nat\u016bralios kietumo \u0161ios lazdel\u0117s palaiko \u0161uns dant\u0173 sveikat\u0105 \u2013 kramtymas padeda suma\u017einti dant\u0173 apna\u0161as ir akmenis, o medienos pluo\u0161tai \u0161velniai valo dantis. Ir kaip papildomas privalumas \u2013 \u0161is skan\u0117stas yra visi\u0161kai be kalorij\u0173, tod\u0117l ypa\u010d tinka \u0161unims, linkusiems \u0161iek tiek priaugti svorio.<\/p>\n<p data-start=\"1876\" data-end=\"1953\">Patenkinkite savo \u0161uns nat\u016bral\u0173 kramtymo poreik\u012f sveiku ir ekologi\u0161ku b\u016bdu!<\/p>\n<p data-start=\"1955\" data-end=\"2014\" data-is-last-node=\"\" data-is-only-node=\"\"><strong data-start=\"1955\" data-end=\"1975\">Grynasis svoris:<\/strong> 130 g<br data-start=\"1981\" data-end=\"1984\" \/><strong data-start=\"1984\" data-end=\"1996\">Sud\u0117tis:<\/strong> 100 % kavos medis<\/p>\n","protected":false},"featured_media":44911,"template":"","meta":[],"product_brand":[],"product_cat":[541],"product_tag":[],"class_list":{"0":"post-44910","1":"product","2":"type-product","3":"status-publish","4":"has-post-thumbnail","6":"product_cat-zaislai-sunims","8":"first","9":"instock","10":"sale","11":"taxable","12":"shipping-taxable","13":"purchasable","14":"product-type-simple"},"yoast_head":"<!-- This site is optimized with the Yoast SEO plugin v27.4 - https:\/\/yoast.com\/product\/yoast-seo-wordpress\/ -->\n<title>Kavos med\u017eio kramtomas lazdel\u0117s \u0161unims Frigera L - MiuMjau<\/title>\n<meta name=\"robots\" content=\"index, follow, max-snippet:-1, max-image-preview:large, max-video-preview:-1\" \/>\n<link rel=\"canonical\" href=\"https:\/\/miumjau.ee\/lt\/produktas\/kavos-medzio-kramtomas-lazdeles-sunims-frigera-l\/\" \/>\n<meta property=\"og:locale\" content=\"lt_LT\" \/>\n<meta property=\"og:type\" content=\"article\" \/>\n<meta property=\"og:title\" content=\"Kavos med\u017eio kramtomas lazdel\u0117s \u0161unims Frigera L - MiuMjau\" \/>\n<meta property=\"og:description\" content=\"Ar j\u016bs\u0173 \u0161uo sukramto kiekvien\u0105 gardumyn\u0105, kol dar sp\u0117jat pasteb\u0117ti? Ar pavargote nuo sugriaut\u0173 bat\u0173 ir subrai\u017eyt\u0173 bald\u0173 kojeli\u0173? Nebesijaudinkite \u2013 Frigera kavos med\u017eio kramtomos lazdel\u0117s saugos j\u016bs\u0173 keturkoj\u012f draug\u0105 nuo \u0161i\u0173 verting\u0173 daikt\u0173! Tai vienas i\u0161 nat\u016braliausi\u0173 ir tvir\u010diausi\u0173 kramtom\u0173 skan\u0117st\u0173! M\u016bs\u0173 kavos med\u017eio lazdel\u0117s yra:\u2714 100 % vegani\u0161kos\u2714 Rank\u0173 darbo\u2714 Pagamintos i\u0161 perteklini\u0173 \u0161ak\u0173 med\u017eiagos, nepe\u0161iant med\u017ei\u0173 D\u0117l nat\u016bralios kietumo \u0161ios lazdel\u0117s palaiko \u0161uns dant\u0173 sveikat\u0105 \u2013 kramtymas padeda suma\u017einti dant\u0173 apna\u0161as ir akmenis, o medienos pluo\u0161tai \u0161velniai valo dantis. Ir kaip papildomas privalumas \u2013 \u0161is skan\u0117stas yra visi\u0161kai be kalorij\u0173, tod\u0117l ypa\u010d tinka \u0161unims, linkusiems \u0161iek tiek priaugti svorio. Patenkinkite savo \u0161uns nat\u016bral\u0173 kramtymo poreik\u012f sveiku ir ekologi\u0161ku b\u016bdu! Grynasis svoris: 130 gSud\u0117tis: 100 % kavos medis\" \/>\n<meta property=\"og:url\" content=\"https:\/\/miumjau.ee\/lt\/produktas\/kavos-medzio-kramtomas-lazdeles-sunims-frigera-l\/\" \/>\n<meta property=\"og:site_name\" content=\"MiuMjau\" \/>\n<meta property=\"article:publisher\" content=\"https:\/\/www.facebook.com\/miumjaupood\/\" \/>\n<meta property=\"article:modified_time\" content=\"2026-01-07T18:49:35+00:00\" \/>\n<meta property=\"og:image\" content=\"https:\/\/miumjau.ee\/wp-content\/uploads\/2025\/05\/frigera-kohvipuidust-narimispulk-l-1-tk-Photoroom.webp\" \/>\n\t<meta property=\"og:image:width\" content=\"600\" \/>\n\t<meta property=\"og:image:height\" content=\"800\" \/>\n\t<meta property=\"og:image:type\" content=\"image\/webp\" \/>\n<meta name=\"twitter:card\" content=\"summary_large_image\" \/>\n<script type=\"application\/ld+json\" class=\"yoast-schema-graph\">{\"@context\":\"https:\\\/\\\/schema.org\",\"@graph\":[{\"@type\":\"WebPage\",\"@id\":\"https:\\\/\\\/miumjau.ee\\\/lt\\\/produktas\\\/kavos-medzio-kramtomas-lazdeles-sunims-frigera-l\\\/\",\"url\":\"https:\\\/\\\/miumjau.ee\\\/lt\\\/produktas\\\/kavos-medzio-kramtomas-lazdeles-sunims-frigera-l\\\/\",\"name\":\"Kavos med\u017eio kramtomas lazdel\u0117s \u0161unims Frigera L - MiuMjau\",\"isPartOf\":{\"@id\":\"https:\\\/\\\/miumjau.ee\\\/#website\"},\"primaryImageOfPage\":{\"@id\":\"https:\\\/\\\/miumjau.ee\\\/lt\\\/produktas\\\/kavos-medzio-kramtomas-lazdeles-sunims-frigera-l\\\/#primaryimage\"},\"image\":{\"@id\":\"https:\\\/\\\/miumjau.ee\\\/lt\\\/produktas\\\/kavos-medzio-kramtomas-lazdeles-sunims-frigera-l\\\/#primaryimage\"},\"thumbnailUrl\":\"https:\\\/\\\/miumjau.ee\\\/wp-content\\\/uploads\\\/2025\\\/05\\\/frigera-kohvipuidust-narimispulk-l-1-tk-Photoroom.webp\",\"datePublished\":\"2025-05-28T10:49:50+00:00\",\"dateModified\":\"2026-01-07T18:49:35+00:00\",\"breadcrumb\":{\"@id\":\"https:\\\/\\\/miumjau.ee\\\/lt\\\/produktas\\\/kavos-medzio-kramtomas-lazdeles-sunims-frigera-l\\\/#breadcrumb\"},\"inLanguage\":\"lt-LT\",\"potentialAction\":[{\"@type\":\"ReadAction\",\"target\":[\"https:\\\/\\\/miumjau.ee\\\/lt\\\/produktas\\\/kavos-medzio-kramtomas-lazdeles-sunims-frigera-l\\\/\"]}]},{\"@type\":\"ImageObject\",\"inLanguage\":\"lt-LT\",\"@id\":\"https:\\\/\\\/miumjau.ee\\\/lt\\\/produktas\\\/kavos-medzio-kramtomas-lazdeles-sunims-frigera-l\\\/#primaryimage\",\"url\":\"https:\\\/\\\/miumjau.ee\\\/wp-content\\\/uploads\\\/2025\\\/05\\\/frigera-kohvipuidust-narimispulk-l-1-tk-Photoroom.webp\",\"contentUrl\":\"https:\\\/\\\/miumjau.ee\\\/wp-content\\\/uploads\\\/2025\\\/05\\\/frigera-kohvipuidust-narimispulk-l-1-tk-Photoroom.webp\",\"width\":600,\"height\":800},{\"@type\":\"BreadcrumbList\",\"@id\":\"https:\\\/\\\/miumjau.ee\\\/lt\\\/produktas\\\/kavos-medzio-kramtomas-lazdeles-sunims-frigera-l\\\/#breadcrumb\",\"itemListElement\":[{\"@type\":\"ListItem\",\"position\":1,\"name\":\"Home\",\"item\":\"https:\\\/\\\/miumjau.ee\\\/lt\\\/\"},{\"@type\":\"ListItem\",\"position\":2,\"name\":\"Parduotuv\u0117\",\"item\":\"https:\\\/\\\/miumjau.ee\\\/lt\\\/parduotuve\\\/\"},{\"@type\":\"ListItem\",\"position\":3,\"name\":\"Kavos med\u017eio kramtomas lazdel\u0117s \u0161unims Frigera L\"}]},{\"@type\":\"WebSite\",\"@id\":\"https:\\\/\\\/miumjau.ee\\\/#website\",\"url\":\"https:\\\/\\\/miumjau.ee\\\/\",\"name\":\"MiuMjau\",\"description\":\"Kraapimispuud kassidele\",\"publisher\":{\"@id\":\"https:\\\/\\\/miumjau.ee\\\/#organization\"},\"potentialAction\":[{\"@type\":\"SearchAction\",\"target\":{\"@type\":\"EntryPoint\",\"urlTemplate\":\"https:\\\/\\\/miumjau.ee\\\/?s={search_term_string}\"},\"query-input\":{\"@type\":\"PropertyValueSpecification\",\"valueRequired\":true,\"valueName\":\"search_term_string\"}}],\"inLanguage\":\"lt-LT\"},{\"@type\":\"Organization\",\"@id\":\"https:\\\/\\\/miumjau.ee\\\/#organization\",\"name\":\"MiuMjau O\u00dc\",\"url\":\"https:\\\/\\\/miumjau.ee\\\/\",\"logo\":{\"@type\":\"ImageObject\",\"inLanguage\":\"lt-LT\",\"@id\":\"https:\\\/\\\/miumjau.ee\\\/#\\\/schema\\\/logo\\\/image\\\/\",\"url\":\"https:\\\/\\\/miumjau.ee\\\/wp-content\\\/uploads\\\/2022\\\/04\\\/MiuMjau-logo-kollane.png\",\"contentUrl\":\"https:\\\/\\\/miumjau.ee\\\/wp-content\\\/uploads\\\/2022\\\/04\\\/MiuMjau-logo-kollane.png\",\"width\":219,\"height\":100,\"caption\":\"MiuMjau O\u00dc\"},\"image\":{\"@id\":\"https:\\\/\\\/miumjau.ee\\\/#\\\/schema\\\/logo\\\/image\\\/\"},\"sameAs\":[\"https:\\\/\\\/www.facebook.com\\\/miumjaupood\\\/\"]}]}<\/script>\n<!-- \/ Yoast SEO plugin. -->","yoast_head_json":{"title":"Kavos med\u017eio kramtomas lazdel\u0117s \u0161unims Frigera L - MiuMjau","robots":{"index":"index","follow":"follow","max-snippet":"max-snippet:-1","max-image-preview":"max-image-preview:large","max-video-preview":"max-video-preview:-1"},"canonical":"https:\/\/miumjau.ee\/lt\/produktas\/kavos-medzio-kramtomas-lazdeles-sunims-frigera-l\/","og_locale":"lt_LT","og_type":"article","og_title":"Kavos med\u017eio kramtomas lazdel\u0117s \u0161unims Frigera L - MiuMjau","og_description":"Ar j\u016bs\u0173 \u0161uo sukramto kiekvien\u0105 gardumyn\u0105, kol dar sp\u0117jat pasteb\u0117ti? Ar pavargote nuo sugriaut\u0173 bat\u0173 ir subrai\u017eyt\u0173 bald\u0173 kojeli\u0173? Nebesijaudinkite \u2013 Frigera kavos med\u017eio kramtomos lazdel\u0117s saugos j\u016bs\u0173 keturkoj\u012f draug\u0105 nuo \u0161i\u0173 verting\u0173 daikt\u0173! Tai vienas i\u0161 nat\u016braliausi\u0173 ir tvir\u010diausi\u0173 kramtom\u0173 skan\u0117st\u0173! M\u016bs\u0173 kavos med\u017eio lazdel\u0117s yra:\u2714 100 % vegani\u0161kos\u2714 Rank\u0173 darbo\u2714 Pagamintos i\u0161 perteklini\u0173 \u0161ak\u0173 med\u017eiagos, nepe\u0161iant med\u017ei\u0173 D\u0117l nat\u016bralios kietumo \u0161ios lazdel\u0117s palaiko \u0161uns dant\u0173 sveikat\u0105 \u2013 kramtymas padeda suma\u017einti dant\u0173 apna\u0161as ir akmenis, o medienos pluo\u0161tai \u0161velniai valo dantis. Ir kaip papildomas privalumas \u2013 \u0161is skan\u0117stas yra visi\u0161kai be kalorij\u0173, tod\u0117l ypa\u010d tinka \u0161unims, linkusiems \u0161iek tiek priaugti svorio. Patenkinkite savo \u0161uns nat\u016bral\u0173 kramtymo poreik\u012f sveiku ir ekologi\u0161ku b\u016bdu! Grynasis svoris: 130 gSud\u0117tis: 100 % kavos medis","og_url":"https:\/\/miumjau.ee\/lt\/produktas\/kavos-medzio-kramtomas-lazdeles-sunims-frigera-l\/","og_site_name":"MiuMjau","article_publisher":"https:\/\/www.facebook.com\/miumjaupood\/","article_modified_time":"2026-01-07T18:49:35+00:00","og_image":[{"width":600,"height":800,"url":"https:\/\/miumjau.ee\/wp-content\/uploads\/2025\/05\/frigera-kohvipuidust-narimispulk-l-1-tk-Photoroom.webp","type":"image\/webp"}],"twitter_card":"summary_large_image","schema":{"@context":"https:\/\/schema.org","@graph":[{"@type":"WebPage","@id":"https:\/\/miumjau.ee\/lt\/produktas\/kavos-medzio-kramtomas-lazdeles-sunims-frigera-l\/","url":"https:\/\/miumjau.ee\/lt\/produktas\/kavos-medzio-kramtomas-lazdeles-sunims-frigera-l\/","name":"Kavos med\u017eio kramtomas lazdel\u0117s \u0161unims Frigera L - MiuMjau","isPartOf":{"@id":"https:\/\/miumjau.ee\/#website"},"primaryImageOfPage":{"@id":"https:\/\/miumjau.ee\/lt\/produktas\/kavos-medzio-kramtomas-lazdeles-sunims-frigera-l\/#primaryimage"},"image":{"@id":"https:\/\/miumjau.ee\/lt\/produktas\/kavos-medzio-kramtomas-lazdeles-sunims-frigera-l\/#primaryimage"},"thumbnailUrl":"https:\/\/miumjau.ee\/wp-content\/uploads\/2025\/05\/frigera-kohvipuidust-narimispulk-l-1-tk-Photoroom.webp","datePublished":"2025-05-28T10:49:50+00:00","dateModified":"2026-01-07T18:49:35+00:00","breadcrumb":{"@id":"https:\/\/miumjau.ee\/lt\/produktas\/kavos-medzio-kramtomas-lazdeles-sunims-frigera-l\/#breadcrumb"},"inLanguage":"lt-LT","potentialAction":[{"@type":"ReadAction","target":["https:\/\/miumjau.ee\/lt\/produktas\/kavos-medzio-kramtomas-lazdeles-sunims-frigera-l\/"]}]},{"@type":"ImageObject","inLanguage":"lt-LT","@id":"https:\/\/miumjau.ee\/lt\/produktas\/kavos-medzio-kramtomas-lazdeles-sunims-frigera-l\/#primaryimage","url":"https:\/\/miumjau.ee\/wp-content\/uploads\/2025\/05\/frigera-kohvipuidust-narimispulk-l-1-tk-Photoroom.webp","contentUrl":"https:\/\/miumjau.ee\/wp-content\/uploads\/2025\/05\/frigera-kohvipuidust-narimispulk-l-1-tk-Photoroom.webp","width":600,"height":800},{"@type":"BreadcrumbList","@id":"https:\/\/miumjau.ee\/lt\/produktas\/kavos-medzio-kramtomas-lazdeles-sunims-frigera-l\/#breadcrumb","itemListElement":[{"@type":"ListItem","position":1,"name":"Home","item":"https:\/\/miumjau.ee\/lt\/"},{"@type":"ListItem","position":2,"name":"Parduotuv\u0117","item":"https:\/\/miumjau.ee\/lt\/parduotuve\/"},{"@type":"ListItem","position":3,"name":"Kavos med\u017eio kramtomas lazdel\u0117s \u0161unims Frigera L"}]},{"@type":"WebSite","@id":"https:\/\/miumjau.ee\/#website","url":"https:\/\/miumjau.ee\/","name":"MiuMjau","description":"Kraapimispuud kassidele","publisher":{"@id":"https:\/\/miumjau.ee\/#organization"},"potentialAction":[{"@type":"SearchAction","target":{"@type":"EntryPoint","urlTemplate":"https:\/\/miumjau.ee\/?s={search_term_string}"},"query-input":{"@type":"PropertyValueSpecification","valueRequired":true,"valueName":"search_term_string"}}],"inLanguage":"lt-LT"},{"@type":"Organization","@id":"https:\/\/miumjau.ee\/#organization","name":"MiuMjau O\u00dc","url":"https:\/\/miumjau.ee\/","logo":{"@type":"ImageObject","inLanguage":"lt-LT","@id":"https:\/\/miumjau.ee\/#\/schema\/logo\/image\/","url":"https:\/\/miumjau.ee\/wp-content\/uploads\/2022\/04\/MiuMjau-logo-kollane.png","contentUrl":"https:\/\/miumjau.ee\/wp-content\/uploads\/2022\/04\/MiuMjau-logo-kollane.png","width":219,"height":100,"caption":"MiuMjau O\u00dc"},"image":{"@id":"https:\/\/miumjau.ee\/#\/schema\/logo\/image\/"},"sameAs":["https:\/\/www.facebook.com\/miumjaupood\/"]}]}},"_links":{"self":[{"href":"https:\/\/miumjau.ee\/lt\/wp-json\/wp\/v2\/product\/44910","targetHints":{"allow":["GET"]}}],"collection":[{"href":"https:\/\/miumjau.ee\/lt\/wp-json\/wp\/v2\/product"}],"about":[{"href":"https:\/\/miumjau.ee\/lt\/wp-json\/wp\/v2\/types\/product"}],"wp:featuredmedia":[{"embeddable":true,"href":"https:\/\/miumjau.ee\/lt\/wp-json\/wp\/v2\/media\/44911"}],"wp:attachment":[{"href":"https:\/\/miumjau.ee\/lt\/wp-json\/wp\/v2\/media?parent=44910"}],"wp:term":[{"taxonomy":"product_brand","embeddable":true,"href":"https:\/\/miumjau.ee\/lt\/wp-json\/wp\/v2\/product_brand?post=44910"},{"taxonomy":"product_cat","embeddable":true,"href":"https:\/\/miumjau.ee\/lt\/wp-json\/wp\/v2\/product_cat?post=44910"},{"taxonomy":"product_tag","embeddable":true,"href":"https:\/\/miumjau.ee\/lt\/wp-json\/wp\/v2\/product_tag?post=44910"}],"curies":[{"name":"wp","href":"https:\/\/api.w.org\/{rel}","templated":true}]}}