{"id":44895,"date":"2025-11-10T20:40:46","date_gmt":"2025-11-10T18:40:46","guid":{"rendered":"https:\/\/miumjau.ee\/toode\/beaphar-flexifit-treats-sanariu-sveikatai-150-g\/"},"modified":"2026-01-07T20:49:43","modified_gmt":"2026-01-07T18:49:43","slug":"beaphar-flexifit-treats-sanariu-sveikatai-150-g","status":"publish","type":"product","link":"https:\/\/miumjau.ee\/lt\/produktas\/beaphar-flexifit-treats-sanariu-sveikatai-150-g\/","title":{"rendered":"Beaphar Flexifit treats s\u0105nari\u0173 sveikatai 150 g"},"content":{"rendered":"","protected":false},"excerpt":{"rendered":"<p data-start=\"1571\" data-end=\"1774\">Skan\u016bs skan\u0117stai \u0161unims, kuri\u0173 s\u0105nari\u0173 judrumas yra normalus, bet kuriuos norite i\u0161laikyti aktyvius ir judrius. Produktas palaiko lank\u0161\u010dius s\u0105narius ir stiprius kaulus bei padeda \u0161unims laisvai jud\u0117ti.<\/p>\n<p data-start=\"1776\" data-end=\"1802\"><strong data-start=\"1776\" data-end=\"1800\">Pagrindin\u0117s savyb\u0117s:<\/strong><\/p>\n<ul data-start=\"1803\" data-end=\"1981\">\n<li data-start=\"1803\" data-end=\"1852\">\n<p data-start=\"1805\" data-end=\"1852\">Palaiko lank\u0161\u010dius s\u0105narius ir stiprius kaulus<\/p>\n<\/li>\n<li data-start=\"1853\" data-end=\"1897\">\n<p data-start=\"1855\" data-end=\"1897\">Padeda \u0161unims jud\u0117ti laisvai ir aktyviai<\/p>\n<\/li>\n<li data-start=\"1898\" data-end=\"1981\">\n<p data-start=\"1900\" data-end=\"1981\">Daugiafunkcin\u0117 formul\u0117, turinti omega-3 riebal\u0173 r\u016bg\u0161\u010di\u0173, gliukozamino ir kalcio<\/p>\n<\/li>\n<\/ul>\n<p data-start=\"1983\" data-end=\"2011\"><strong data-start=\"1983\" data-end=\"2009\">Naudojimo instrukcija:<\/strong><\/p>\n<ul data-start=\"2012\" data-end=\"2147\">\n<li data-start=\"2012\" data-end=\"2057\">\n<p data-start=\"2014\" data-end=\"2057\">\u0160unims iki 15 kg: 2\u20134 skan\u0117stai per dien\u0105<\/p>\n<\/li>\n<li data-start=\"2058\" data-end=\"2102\">\n<p data-start=\"2060\" data-end=\"2102\">\u0160unims 15\u201330 kg: 4\u20138 skan\u0117stai per dien\u0105<\/p>\n<\/li>\n<li data-start=\"2103\" data-end=\"2147\">\n<p data-start=\"2105\" data-end=\"2147\">\u0160unims vir\u0161 30 kg: 8 skan\u0117stai per dien\u0105<\/p>\n<\/li>\n<\/ul>\n<p data-start=\"2149\" data-end=\"2245\">Visada u\u017etikrinkite gyv\u016bnui \u0161vie\u017ei\u0105 geriam\u0105j\u012f vanden\u012f. Netinka \u0161unims, jaunesniems nei 1 met\u0173.<\/p>\n<p data-start=\"2247\" data-end=\"2501\"><strong data-start=\"2247\" data-end=\"2259\">Sud\u0117tis:<\/strong> gr\u016bdai; augalin\u0117s kilm\u0117s produktai; m\u0117sos ir gyv\u016bnin\u0117s kilm\u0117s produktai (vi\u0161tiena 5,52 %); mineralai (trikalcio fosfatas 4,02 %); moliuskai ir kriaukliniai (D-glikozamino hidrochloridas 4,02 %); aliejai ir riebalai (la\u0161i\u0161os aliejus 1,5 %).<\/p>\n<p data-start=\"2503\" data-end=\"2606\"><strong data-start=\"2503\" data-end=\"2525\">Analitin\u0117 sud\u0117tis:<\/strong> baltymai 9 %, riebalai 5,5 %, skaidulos 0,2 %, mineralai 1,7 %, dr\u0117gm\u0117 22,5 %.<\/p>\n<p data-start=\"2608\" data-end=\"2764\"><strong data-start=\"2608\" data-end=\"2621\">Laikymas:<\/strong> laikyti v\u0117sioje, sausoje ir nuo \u0161viesos apsaugotoje vietoje. Originalioje pakuot\u0117je, sandariai u\u017edaryt\u0105. Atidarius sunaudoti per 3 m\u0117nesius.<\/p>\n<p data-start=\"2766\" data-end=\"2935\" data-is-last-node=\"\" data-is-only-node=\"\"><strong data-start=\"2766\" data-end=\"2781\">Tinkamumas:<\/strong> tinka suaugusiems \u0161unims (vyresniems nei 1 met\u0173), kuriems reikia palaikyti arba i\u0161saugoti s\u0105nari\u0173 judrum\u0105. Nepakei\u010dia veterinaro konsultacijos ar gydymo.<\/p>\n","protected":false},"featured_media":44251,"template":"","meta":[],"product_brand":[],"product_cat":[540,871],"product_tag":[],"class_list":{"0":"post-44895","1":"product","2":"type-product","3":"status-publish","4":"has-post-thumbnail","6":"product_cat-skanestai-sunims","7":"product_cat-maisto-papildai-sunims","9":"first","10":"instock","11":"taxable","12":"shipping-taxable","13":"purchasable","14":"product-type-simple"},"yoast_head":"<!-- This site is optimized with the Yoast SEO plugin v27.2 - https:\/\/yoast.com\/product\/yoast-seo-wordpress\/ -->\n<title>Beaphar Flexifit treats s\u0105nari\u0173 sveikatai 150 g - MiuMjau<\/title>\n<meta name=\"robots\" content=\"index, follow, max-snippet:-1, max-image-preview:large, max-video-preview:-1\" \/>\n<link rel=\"canonical\" href=\"https:\/\/miumjau.ee\/lt\/produktas\/beaphar-flexifit-treats-sanariu-sveikatai-150-g\/\" \/>\n<meta property=\"og:locale\" content=\"lt_LT\" \/>\n<meta property=\"og:type\" content=\"article\" \/>\n<meta property=\"og:title\" content=\"Beaphar Flexifit treats s\u0105nari\u0173 sveikatai 150 g - MiuMjau\" \/>\n<meta property=\"og:description\" content=\"Skan\u016bs skan\u0117stai \u0161unims, kuri\u0173 s\u0105nari\u0173 judrumas yra normalus, bet kuriuos norite i\u0161laikyti aktyvius ir judrius. Produktas palaiko lank\u0161\u010dius s\u0105narius ir stiprius kaulus bei padeda \u0161unims laisvai jud\u0117ti. Pagrindin\u0117s savyb\u0117s:     Palaiko lank\u0161\u010dius s\u0105narius ir stiprius kaulus    Padeda \u0161unims jud\u0117ti laisvai ir aktyviai    Daugiafunkcin\u0117 formul\u0117, turinti omega-3 riebal\u0173 r\u016bg\u0161\u010di\u0173, gliukozamino ir kalcio   Naudojimo instrukcija:     \u0160unims iki 15 kg: 2\u20134 skan\u0117stai per dien\u0105    \u0160unims 15\u201330 kg: 4\u20138 skan\u0117stai per dien\u0105    \u0160unims vir\u0161 30 kg: 8 skan\u0117stai per dien\u0105   Visada u\u017etikrinkite gyv\u016bnui \u0161vie\u017ei\u0105 geriam\u0105j\u012f vanden\u012f. Netinka \u0161unims, jaunesniems nei 1 met\u0173. Sud\u0117tis: gr\u016bdai; augalin\u0117s kilm\u0117s produktai; m\u0117sos ir gyv\u016bnin\u0117s kilm\u0117s produktai (vi\u0161tiena 5,52 %); mineralai (trikalcio fosfatas 4,02 %); moliuskai ir kriaukliniai (D-glikozamino hidrochloridas 4,02 %); aliejai ir riebalai (la\u0161i\u0161os aliejus 1,5 %). Analitin\u0117 sud\u0117tis: baltymai 9 %, riebalai 5,5 %, skaidulos 0,2 %, mineralai 1,7 %, dr\u0117gm\u0117 22,5 %. Laikymas: laikyti v\u0117sioje, sausoje ir nuo \u0161viesos apsaugotoje vietoje. Originalioje pakuot\u0117je, sandariai u\u017edaryt\u0105. Atidarius sunaudoti per 3 m\u0117nesius. Tinkamumas: tinka suaugusiems \u0161unims (vyresniems nei 1 met\u0173), kuriems reikia palaikyti arba i\u0161saugoti s\u0105nari\u0173 judrum\u0105. Nepakei\u010dia veterinaro konsultacijos ar gydymo.\" \/>\n<meta property=\"og:url\" content=\"https:\/\/miumjau.ee\/lt\/produktas\/beaphar-flexifit-treats-sanariu-sveikatai-150-g\/\" \/>\n<meta property=\"og:site_name\" content=\"MiuMjau\" \/>\n<meta property=\"article:publisher\" content=\"https:\/\/www.facebook.com\/miumjaupood\/\" \/>\n<meta property=\"article:modified_time\" content=\"2026-01-07T18:49:43+00:00\" \/>\n<meta property=\"og:image\" content=\"https:\/\/miumjau.ee\/wp-content\/uploads\/2025\/11\/beaphar-flexifit-treats3-Photoroom.jpg\" \/>\n\t<meta property=\"og:image:width\" content=\"600\" \/>\n\t<meta property=\"og:image:height\" content=\"800\" \/>\n\t<meta property=\"og:image:type\" content=\"image\/jpeg\" \/>\n<meta name=\"twitter:card\" content=\"summary_large_image\" \/>\n<script type=\"application\/ld+json\" class=\"yoast-schema-graph\">{\"@context\":\"https:\/\/schema.org\",\"@graph\":[{\"@type\":\"WebPage\",\"@id\":\"https:\/\/miumjau.ee\/lt\/produktas\/beaphar-flexifit-treats-sanariu-sveikatai-150-g\/\",\"url\":\"https:\/\/miumjau.ee\/lt\/produktas\/beaphar-flexifit-treats-sanariu-sveikatai-150-g\/\",\"name\":\"Beaphar Flexifit treats s\u0105nari\u0173 sveikatai 150 g - MiuMjau\",\"isPartOf\":{\"@id\":\"https:\/\/miumjau.ee\/#website\"},\"primaryImageOfPage\":{\"@id\":\"https:\/\/miumjau.ee\/lt\/produktas\/beaphar-flexifit-treats-sanariu-sveikatai-150-g\/#primaryimage\"},\"image\":{\"@id\":\"https:\/\/miumjau.ee\/lt\/produktas\/beaphar-flexifit-treats-sanariu-sveikatai-150-g\/#primaryimage\"},\"thumbnailUrl\":\"https:\/\/miumjau.ee\/wp-content\/uploads\/2025\/11\/beaphar-flexifit-treats3-Photoroom.jpg\",\"datePublished\":\"2025-11-10T18:40:46+00:00\",\"dateModified\":\"2026-01-07T18:49:43+00:00\",\"breadcrumb\":{\"@id\":\"https:\/\/miumjau.ee\/lt\/produktas\/beaphar-flexifit-treats-sanariu-sveikatai-150-g\/#breadcrumb\"},\"inLanguage\":\"lt-LT\",\"potentialAction\":[{\"@type\":\"ReadAction\",\"target\":[\"https:\/\/miumjau.ee\/lt\/produktas\/beaphar-flexifit-treats-sanariu-sveikatai-150-g\/\"]}]},{\"@type\":\"ImageObject\",\"inLanguage\":\"lt-LT\",\"@id\":\"https:\/\/miumjau.ee\/lt\/produktas\/beaphar-flexifit-treats-sanariu-sveikatai-150-g\/#primaryimage\",\"url\":\"https:\/\/miumjau.ee\/wp-content\/uploads\/2025\/11\/beaphar-flexifit-treats3-Photoroom.jpg\",\"contentUrl\":\"https:\/\/miumjau.ee\/wp-content\/uploads\/2025\/11\/beaphar-flexifit-treats3-Photoroom.jpg\",\"width\":600,\"height\":800,\"caption\":\"Beaphar Flexifit toidulisand koertele\"},{\"@type\":\"BreadcrumbList\",\"@id\":\"https:\/\/miumjau.ee\/lt\/produktas\/beaphar-flexifit-treats-sanariu-sveikatai-150-g\/#breadcrumb\",\"itemListElement\":[{\"@type\":\"ListItem\",\"position\":1,\"name\":\"Home\",\"item\":\"https:\/\/miumjau.ee\/lt\/\"},{\"@type\":\"ListItem\",\"position\":2,\"name\":\"Parduotuv\u0117\",\"item\":\"https:\/\/miumjau.ee\/lt\/parduotuve\/\"},{\"@type\":\"ListItem\",\"position\":3,\"name\":\"Beaphar Flexifit treats s\u0105nari\u0173 sveikatai 150 g\"}]},{\"@type\":\"WebSite\",\"@id\":\"https:\/\/miumjau.ee\/#website\",\"url\":\"https:\/\/miumjau.ee\/\",\"name\":\"MiuMjau\",\"description\":\"Kraapimispuud kassidele\",\"publisher\":{\"@id\":\"https:\/\/miumjau.ee\/#organization\"},\"potentialAction\":[{\"@type\":\"SearchAction\",\"target\":{\"@type\":\"EntryPoint\",\"urlTemplate\":\"https:\/\/miumjau.ee\/?s={search_term_string}\"},\"query-input\":{\"@type\":\"PropertyValueSpecification\",\"valueRequired\":true,\"valueName\":\"search_term_string\"}}],\"inLanguage\":\"lt-LT\"},{\"@type\":\"Organization\",\"@id\":\"https:\/\/miumjau.ee\/#organization\",\"name\":\"MiuMjau O\u00dc\",\"url\":\"https:\/\/miumjau.ee\/\",\"logo\":{\"@type\":\"ImageObject\",\"inLanguage\":\"lt-LT\",\"@id\":\"https:\/\/miumjau.ee\/#\/schema\/logo\/image\/\",\"url\":\"https:\/\/miumjau.ee\/wp-content\/uploads\/2022\/04\/MiuMjau-logo-kollane.png\",\"contentUrl\":\"https:\/\/miumjau.ee\/wp-content\/uploads\/2022\/04\/MiuMjau-logo-kollane.png\",\"width\":219,\"height\":100,\"caption\":\"MiuMjau O\u00dc\"},\"image\":{\"@id\":\"https:\/\/miumjau.ee\/#\/schema\/logo\/image\/\"},\"sameAs\":[\"https:\/\/www.facebook.com\/miumjaupood\/\"]}]}<\/script>\n<!-- \/ Yoast SEO plugin. -->","yoast_head_json":{"title":"Beaphar Flexifit treats s\u0105nari\u0173 sveikatai 150 g - MiuMjau","robots":{"index":"index","follow":"follow","max-snippet":"max-snippet:-1","max-image-preview":"max-image-preview:large","max-video-preview":"max-video-preview:-1"},"canonical":"https:\/\/miumjau.ee\/lt\/produktas\/beaphar-flexifit-treats-sanariu-sveikatai-150-g\/","og_locale":"lt_LT","og_type":"article","og_title":"Beaphar Flexifit treats s\u0105nari\u0173 sveikatai 150 g - MiuMjau","og_description":"Skan\u016bs skan\u0117stai \u0161unims, kuri\u0173 s\u0105nari\u0173 judrumas yra normalus, bet kuriuos norite i\u0161laikyti aktyvius ir judrius. Produktas palaiko lank\u0161\u010dius s\u0105narius ir stiprius kaulus bei padeda \u0161unims laisvai jud\u0117ti. Pagrindin\u0117s savyb\u0117s:     Palaiko lank\u0161\u010dius s\u0105narius ir stiprius kaulus    Padeda \u0161unims jud\u0117ti laisvai ir aktyviai    Daugiafunkcin\u0117 formul\u0117, turinti omega-3 riebal\u0173 r\u016bg\u0161\u010di\u0173, gliukozamino ir kalcio   Naudojimo instrukcija:     \u0160unims iki 15 kg: 2\u20134 skan\u0117stai per dien\u0105    \u0160unims 15\u201330 kg: 4\u20138 skan\u0117stai per dien\u0105    \u0160unims vir\u0161 30 kg: 8 skan\u0117stai per dien\u0105   Visada u\u017etikrinkite gyv\u016bnui \u0161vie\u017ei\u0105 geriam\u0105j\u012f vanden\u012f. Netinka \u0161unims, jaunesniems nei 1 met\u0173. Sud\u0117tis: gr\u016bdai; augalin\u0117s kilm\u0117s produktai; m\u0117sos ir gyv\u016bnin\u0117s kilm\u0117s produktai (vi\u0161tiena 5,52 %); mineralai (trikalcio fosfatas 4,02 %); moliuskai ir kriaukliniai (D-glikozamino hidrochloridas 4,02 %); aliejai ir riebalai (la\u0161i\u0161os aliejus 1,5 %). Analitin\u0117 sud\u0117tis: baltymai 9 %, riebalai 5,5 %, skaidulos 0,2 %, mineralai 1,7 %, dr\u0117gm\u0117 22,5 %. Laikymas: laikyti v\u0117sioje, sausoje ir nuo \u0161viesos apsaugotoje vietoje. Originalioje pakuot\u0117je, sandariai u\u017edaryt\u0105. Atidarius sunaudoti per 3 m\u0117nesius. Tinkamumas: tinka suaugusiems \u0161unims (vyresniems nei 1 met\u0173), kuriems reikia palaikyti arba i\u0161saugoti s\u0105nari\u0173 judrum\u0105. Nepakei\u010dia veterinaro konsultacijos ar gydymo.","og_url":"https:\/\/miumjau.ee\/lt\/produktas\/beaphar-flexifit-treats-sanariu-sveikatai-150-g\/","og_site_name":"MiuMjau","article_publisher":"https:\/\/www.facebook.com\/miumjaupood\/","article_modified_time":"2026-01-07T18:49:43+00:00","og_image":[{"width":600,"height":800,"url":"https:\/\/miumjau.ee\/wp-content\/uploads\/2025\/11\/beaphar-flexifit-treats3-Photoroom.jpg","type":"image\/jpeg"}],"twitter_card":"summary_large_image","schema":{"@context":"https:\/\/schema.org","@graph":[{"@type":"WebPage","@id":"https:\/\/miumjau.ee\/lt\/produktas\/beaphar-flexifit-treats-sanariu-sveikatai-150-g\/","url":"https:\/\/miumjau.ee\/lt\/produktas\/beaphar-flexifit-treats-sanariu-sveikatai-150-g\/","name":"Beaphar Flexifit treats s\u0105nari\u0173 sveikatai 150 g - MiuMjau","isPartOf":{"@id":"https:\/\/miumjau.ee\/#website"},"primaryImageOfPage":{"@id":"https:\/\/miumjau.ee\/lt\/produktas\/beaphar-flexifit-treats-sanariu-sveikatai-150-g\/#primaryimage"},"image":{"@id":"https:\/\/miumjau.ee\/lt\/produktas\/beaphar-flexifit-treats-sanariu-sveikatai-150-g\/#primaryimage"},"thumbnailUrl":"https:\/\/miumjau.ee\/wp-content\/uploads\/2025\/11\/beaphar-flexifit-treats3-Photoroom.jpg","datePublished":"2025-11-10T18:40:46+00:00","dateModified":"2026-01-07T18:49:43+00:00","breadcrumb":{"@id":"https:\/\/miumjau.ee\/lt\/produktas\/beaphar-flexifit-treats-sanariu-sveikatai-150-g\/#breadcrumb"},"inLanguage":"lt-LT","potentialAction":[{"@type":"ReadAction","target":["https:\/\/miumjau.ee\/lt\/produktas\/beaphar-flexifit-treats-sanariu-sveikatai-150-g\/"]}]},{"@type":"ImageObject","inLanguage":"lt-LT","@id":"https:\/\/miumjau.ee\/lt\/produktas\/beaphar-flexifit-treats-sanariu-sveikatai-150-g\/#primaryimage","url":"https:\/\/miumjau.ee\/wp-content\/uploads\/2025\/11\/beaphar-flexifit-treats3-Photoroom.jpg","contentUrl":"https:\/\/miumjau.ee\/wp-content\/uploads\/2025\/11\/beaphar-flexifit-treats3-Photoroom.jpg","width":600,"height":800,"caption":"Beaphar Flexifit toidulisand koertele"},{"@type":"BreadcrumbList","@id":"https:\/\/miumjau.ee\/lt\/produktas\/beaphar-flexifit-treats-sanariu-sveikatai-150-g\/#breadcrumb","itemListElement":[{"@type":"ListItem","position":1,"name":"Home","item":"https:\/\/miumjau.ee\/lt\/"},{"@type":"ListItem","position":2,"name":"Parduotuv\u0117","item":"https:\/\/miumjau.ee\/lt\/parduotuve\/"},{"@type":"ListItem","position":3,"name":"Beaphar Flexifit treats s\u0105nari\u0173 sveikatai 150 g"}]},{"@type":"WebSite","@id":"https:\/\/miumjau.ee\/#website","url":"https:\/\/miumjau.ee\/","name":"MiuMjau","description":"Kraapimispuud kassidele","publisher":{"@id":"https:\/\/miumjau.ee\/#organization"},"potentialAction":[{"@type":"SearchAction","target":{"@type":"EntryPoint","urlTemplate":"https:\/\/miumjau.ee\/?s={search_term_string}"},"query-input":{"@type":"PropertyValueSpecification","valueRequired":true,"valueName":"search_term_string"}}],"inLanguage":"lt-LT"},{"@type":"Organization","@id":"https:\/\/miumjau.ee\/#organization","name":"MiuMjau O\u00dc","url":"https:\/\/miumjau.ee\/","logo":{"@type":"ImageObject","inLanguage":"lt-LT","@id":"https:\/\/miumjau.ee\/#\/schema\/logo\/image\/","url":"https:\/\/miumjau.ee\/wp-content\/uploads\/2022\/04\/MiuMjau-logo-kollane.png","contentUrl":"https:\/\/miumjau.ee\/wp-content\/uploads\/2022\/04\/MiuMjau-logo-kollane.png","width":219,"height":100,"caption":"MiuMjau O\u00dc"},"image":{"@id":"https:\/\/miumjau.ee\/#\/schema\/logo\/image\/"},"sameAs":["https:\/\/www.facebook.com\/miumjaupood\/"]}]}},"_links":{"self":[{"href":"https:\/\/miumjau.ee\/lt\/wp-json\/wp\/v2\/product\/44895","targetHints":{"allow":["GET"]}}],"collection":[{"href":"https:\/\/miumjau.ee\/lt\/wp-json\/wp\/v2\/product"}],"about":[{"href":"https:\/\/miumjau.ee\/lt\/wp-json\/wp\/v2\/types\/product"}],"wp:featuredmedia":[{"embeddable":true,"href":"https:\/\/miumjau.ee\/lt\/wp-json\/wp\/v2\/media\/44251"}],"wp:attachment":[{"href":"https:\/\/miumjau.ee\/lt\/wp-json\/wp\/v2\/media?parent=44895"}],"wp:term":[{"taxonomy":"product_brand","embeddable":true,"href":"https:\/\/miumjau.ee\/lt\/wp-json\/wp\/v2\/product_brand?post=44895"},{"taxonomy":"product_cat","embeddable":true,"href":"https:\/\/miumjau.ee\/lt\/wp-json\/wp\/v2\/product_cat?post=44895"},{"taxonomy":"product_tag","embeddable":true,"href":"https:\/\/miumjau.ee\/lt\/wp-json\/wp\/v2\/product_tag?post=44895"}],"curies":[{"name":"wp","href":"https:\/\/api.w.org\/{rel}","templated":true}]}}