{"id":44866,"date":"2025-07-22T20:12:48","date_gmt":"2025-07-22T17:12:48","guid":{"rendered":"https:\/\/miumjau.ee\/toode\/ibero-natural-adult-konservai-su-salta-eriena-mesa-400-g\/"},"modified":"2026-01-07T20:49:43","modified_gmt":"2026-01-07T18:49:43","slug":"ibero-natural-adult-konservai-su-salta-eriena-mesa-400-g","status":"publish","type":"product","link":"https:\/\/miumjau.ee\/lt\/produktas\/ibero-natural-adult-konservai-su-salta-eriena-mesa-400-g\/","title":{"rendered":"Ibero Natural Adult konservai su \u0161alta \u0117riena m\u0117sa 400 g"},"content":{"rendered":"","protected":false},"excerpt":{"rendered":"<p data-start=\"1481\" data-end=\"1823\">Labai skani 100 % m\u0117sos konservai \u0161unims. Papildomas maistas, atitinkantis \u0161un\u0173 nat\u016bralias mitybos reikmes. \u0160unims did\u017eiajai daliai mitybos poreiki\u0173 reikia didelio kiekio kokybi\u0161kos m\u0117sos ir \u0161alutini\u0173 produkt\u0173. Ibero NATURAL produktai turi 100 % jautienos ir \u0161alutini\u0173 produkt\u0173, turting\u0173 vitaminais, mineralais ir svarbiomis aminor\u016bg\u0161timis.<\/p>\n<p data-start=\"1825\" data-end=\"1960\"><strong data-start=\"1825\" data-end=\"1837\">Sud\u0117tis:<\/strong> jautiena, jautienos vidaus organai (plau\u010diai, kepenys, \u0161irdis, inkstai, blu\u017enis, pieno liaukos), \u0117riena 5 %, pauk\u0161tiena.<\/p>\n<p data-start=\"1962\" data-end=\"2063\"><strong data-start=\"1962\" data-end=\"1984\">Analitin\u0117 sud\u0117tis:<\/strong> baltymai 16 %, riebalai 11 %, skaidulos 0,5 %, mineralai 2,5 %, dr\u0117gm\u0117 70 %.<\/p>\n<p data-start=\"2065\" data-end=\"2478\">\u017daliavos sud\u0117tis u\u017etikrina auk\u0161t\u0105 nat\u016brali\u0173 vitamin\u0173 (A, E, D), aminor\u016bg\u0161\u010di\u0173 (lizinas, metioninas, cisteinas) ir mineral\u0173 kiek\u012f. Produktas neturi sojos. Pagaminta be kvapikli\u0173, prieskoni\u0173, konservant\u0173 ir da\u017eikli\u0173. Gamintojas veikia nuolatin\u0117s valstyb\u0117s veterinarin\u0117s prie\u017ei\u016bros s\u0105lygomis. Patiekti kambario temperat\u016broje kaip papildom\u0105 maist\u0105. Po atidarymo laikyti \u0161aldytuve. Laikyti v\u0117sioje ir sausoje vietoje.<\/p>\n<p data-start=\"2480\" data-end=\"2768\" data-is-last-node=\"\" data-is-only-node=\"\"><strong data-start=\"2480\" data-end=\"2505\">\u0160\u0117rimo rekomendacija:<\/strong> Tai papildomas maistas, puikiai tinkantis kombinuoti su sausu maistu. Jei kai kurias dienas \u0161eriate tik konservu, 24 valand\u0173 rekomenduojama doz\u0117: iki 2 kg \u0161uniui \u2013 60 g, 2\u20133 kg \u2013 120 g, 3\u20135 kg \u2013 240 g, 5 kg \u2013 200 g, 10 kg \u2013 400 g, 20 kg \u2013 600 g ir 30 kg \u2013 800 g.<\/p>\n","protected":false},"featured_media":44867,"template":"","meta":[],"product_brand":[],"product_cat":[539],"product_tag":[],"class_list":{"0":"post-44866","1":"product","2":"type-product","3":"status-publish","4":"has-post-thumbnail","6":"product_cat-slapias-maistas-sunims","8":"first","9":"instock","10":"sale","11":"taxable","12":"shipping-taxable","13":"purchasable","14":"product-type-simple"},"yoast_head":"<!-- This site is optimized with the Yoast SEO plugin v27.4 - https:\/\/yoast.com\/product\/yoast-seo-wordpress\/ -->\n<title>Ibero Natural Adult konservai su \u0161alta \u0117riena m\u0117sa 400 g - MiuMjau<\/title>\n<meta name=\"robots\" content=\"index, follow, max-snippet:-1, max-image-preview:large, max-video-preview:-1\" \/>\n<link rel=\"canonical\" href=\"https:\/\/miumjau.ee\/lt\/produktas\/ibero-natural-adult-konservai-su-salta-eriena-mesa-400-g\/\" \/>\n<meta property=\"og:locale\" content=\"lt_LT\" \/>\n<meta property=\"og:type\" content=\"article\" \/>\n<meta property=\"og:title\" content=\"Ibero Natural Adult konservai su \u0161alta \u0117riena m\u0117sa 400 g - MiuMjau\" \/>\n<meta property=\"og:description\" content=\"Labai skani 100 % m\u0117sos konservai \u0161unims. Papildomas maistas, atitinkantis \u0161un\u0173 nat\u016bralias mitybos reikmes. \u0160unims did\u017eiajai daliai mitybos poreiki\u0173 reikia didelio kiekio kokybi\u0161kos m\u0117sos ir \u0161alutini\u0173 produkt\u0173. Ibero NATURAL produktai turi 100 % jautienos ir \u0161alutini\u0173 produkt\u0173, turting\u0173 vitaminais, mineralais ir svarbiomis aminor\u016bg\u0161timis. Sud\u0117tis: jautiena, jautienos vidaus organai (plau\u010diai, kepenys, \u0161irdis, inkstai, blu\u017enis, pieno liaukos), \u0117riena 5 %, pauk\u0161tiena. Analitin\u0117 sud\u0117tis: baltymai 16 %, riebalai 11 %, skaidulos 0,5 %, mineralai 2,5 %, dr\u0117gm\u0117 70 %. \u017daliavos sud\u0117tis u\u017etikrina auk\u0161t\u0105 nat\u016brali\u0173 vitamin\u0173 (A, E, D), aminor\u016bg\u0161\u010di\u0173 (lizinas, metioninas, cisteinas) ir mineral\u0173 kiek\u012f. Produktas neturi sojos. Pagaminta be kvapikli\u0173, prieskoni\u0173, konservant\u0173 ir da\u017eikli\u0173. Gamintojas veikia nuolatin\u0117s valstyb\u0117s veterinarin\u0117s prie\u017ei\u016bros s\u0105lygomis. Patiekti kambario temperat\u016broje kaip papildom\u0105 maist\u0105. Po atidarymo laikyti \u0161aldytuve. Laikyti v\u0117sioje ir sausoje vietoje. \u0160\u0117rimo rekomendacija: Tai papildomas maistas, puikiai tinkantis kombinuoti su sausu maistu. Jei kai kurias dienas \u0161eriate tik konservu, 24 valand\u0173 rekomenduojama doz\u0117: iki 2 kg \u0161uniui \u2013 60 g, 2\u20133 kg \u2013 120 g, 3\u20135 kg \u2013 240 g, 5 kg \u2013 200 g, 10 kg \u2013 400 g, 20 kg \u2013 600 g ir 30 kg \u2013 800 g.\" \/>\n<meta property=\"og:url\" content=\"https:\/\/miumjau.ee\/lt\/produktas\/ibero-natural-adult-konservai-su-salta-eriena-mesa-400-g\/\" \/>\n<meta property=\"og:site_name\" content=\"MiuMjau\" \/>\n<meta property=\"article:publisher\" content=\"https:\/\/www.facebook.com\/miumjaupood\/\" \/>\n<meta property=\"article:modified_time\" content=\"2026-01-07T18:49:43+00:00\" \/>\n<meta property=\"og:image\" content=\"https:\/\/miumjau.ee\/wp-content\/uploads\/2025\/07\/ibero-konserv-koertele-lammas.jpg\" \/>\n\t<meta property=\"og:image:width\" content=\"600\" \/>\n\t<meta property=\"og:image:height\" content=\"800\" \/>\n\t<meta property=\"og:image:type\" content=\"image\/jpeg\" \/>\n<meta name=\"twitter:card\" content=\"summary_large_image\" \/>\n<script type=\"application\/ld+json\" class=\"yoast-schema-graph\">{\"@context\":\"https:\\\/\\\/schema.org\",\"@graph\":[{\"@type\":\"WebPage\",\"@id\":\"https:\\\/\\\/miumjau.ee\\\/lt\\\/produktas\\\/ibero-natural-adult-konservai-su-salta-eriena-mesa-400-g\\\/\",\"url\":\"https:\\\/\\\/miumjau.ee\\\/lt\\\/produktas\\\/ibero-natural-adult-konservai-su-salta-eriena-mesa-400-g\\\/\",\"name\":\"Ibero Natural Adult konservai su \u0161alta \u0117riena m\u0117sa 400 g - MiuMjau\",\"isPartOf\":{\"@id\":\"https:\\\/\\\/miumjau.ee\\\/#website\"},\"primaryImageOfPage\":{\"@id\":\"https:\\\/\\\/miumjau.ee\\\/lt\\\/produktas\\\/ibero-natural-adult-konservai-su-salta-eriena-mesa-400-g\\\/#primaryimage\"},\"image\":{\"@id\":\"https:\\\/\\\/miumjau.ee\\\/lt\\\/produktas\\\/ibero-natural-adult-konservai-su-salta-eriena-mesa-400-g\\\/#primaryimage\"},\"thumbnailUrl\":\"https:\\\/\\\/miumjau.ee\\\/wp-content\\\/uploads\\\/2025\\\/07\\\/ibero-konserv-koertele-lammas.jpg\",\"datePublished\":\"2025-07-22T17:12:48+00:00\",\"dateModified\":\"2026-01-07T18:49:43+00:00\",\"breadcrumb\":{\"@id\":\"https:\\\/\\\/miumjau.ee\\\/lt\\\/produktas\\\/ibero-natural-adult-konservai-su-salta-eriena-mesa-400-g\\\/#breadcrumb\"},\"inLanguage\":\"lt-LT\",\"potentialAction\":[{\"@type\":\"ReadAction\",\"target\":[\"https:\\\/\\\/miumjau.ee\\\/lt\\\/produktas\\\/ibero-natural-adult-konservai-su-salta-eriena-mesa-400-g\\\/\"]}]},{\"@type\":\"ImageObject\",\"inLanguage\":\"lt-LT\",\"@id\":\"https:\\\/\\\/miumjau.ee\\\/lt\\\/produktas\\\/ibero-natural-adult-konservai-su-salta-eriena-mesa-400-g\\\/#primaryimage\",\"url\":\"https:\\\/\\\/miumjau.ee\\\/wp-content\\\/uploads\\\/2025\\\/07\\\/ibero-konserv-koertele-lammas.jpg\",\"contentUrl\":\"https:\\\/\\\/miumjau.ee\\\/wp-content\\\/uploads\\\/2025\\\/07\\\/ibero-konserv-koertele-lammas.jpg\",\"width\":600,\"height\":800},{\"@type\":\"BreadcrumbList\",\"@id\":\"https:\\\/\\\/miumjau.ee\\\/lt\\\/produktas\\\/ibero-natural-adult-konservai-su-salta-eriena-mesa-400-g\\\/#breadcrumb\",\"itemListElement\":[{\"@type\":\"ListItem\",\"position\":1,\"name\":\"Home\",\"item\":\"https:\\\/\\\/miumjau.ee\\\/lt\\\/\"},{\"@type\":\"ListItem\",\"position\":2,\"name\":\"Parduotuv\u0117\",\"item\":\"https:\\\/\\\/miumjau.ee\\\/lt\\\/parduotuve\\\/\"},{\"@type\":\"ListItem\",\"position\":3,\"name\":\"Ibero Natural Adult konservai su \u0161alta \u0117riena m\u0117sa 400 g\"}]},{\"@type\":\"WebSite\",\"@id\":\"https:\\\/\\\/miumjau.ee\\\/#website\",\"url\":\"https:\\\/\\\/miumjau.ee\\\/\",\"name\":\"MiuMjau\",\"description\":\"Kraapimispuud kassidele\",\"publisher\":{\"@id\":\"https:\\\/\\\/miumjau.ee\\\/#organization\"},\"potentialAction\":[{\"@type\":\"SearchAction\",\"target\":{\"@type\":\"EntryPoint\",\"urlTemplate\":\"https:\\\/\\\/miumjau.ee\\\/?s={search_term_string}\"},\"query-input\":{\"@type\":\"PropertyValueSpecification\",\"valueRequired\":true,\"valueName\":\"search_term_string\"}}],\"inLanguage\":\"lt-LT\"},{\"@type\":\"Organization\",\"@id\":\"https:\\\/\\\/miumjau.ee\\\/#organization\",\"name\":\"MiuMjau O\u00dc\",\"url\":\"https:\\\/\\\/miumjau.ee\\\/\",\"logo\":{\"@type\":\"ImageObject\",\"inLanguage\":\"lt-LT\",\"@id\":\"https:\\\/\\\/miumjau.ee\\\/#\\\/schema\\\/logo\\\/image\\\/\",\"url\":\"https:\\\/\\\/miumjau.ee\\\/wp-content\\\/uploads\\\/2022\\\/04\\\/MiuMjau-logo-kollane.png\",\"contentUrl\":\"https:\\\/\\\/miumjau.ee\\\/wp-content\\\/uploads\\\/2022\\\/04\\\/MiuMjau-logo-kollane.png\",\"width\":219,\"height\":100,\"caption\":\"MiuMjau O\u00dc\"},\"image\":{\"@id\":\"https:\\\/\\\/miumjau.ee\\\/#\\\/schema\\\/logo\\\/image\\\/\"},\"sameAs\":[\"https:\\\/\\\/www.facebook.com\\\/miumjaupood\\\/\"]}]}<\/script>\n<!-- \/ Yoast SEO plugin. -->","yoast_head_json":{"title":"Ibero Natural Adult konservai su \u0161alta \u0117riena m\u0117sa 400 g - MiuMjau","robots":{"index":"index","follow":"follow","max-snippet":"max-snippet:-1","max-image-preview":"max-image-preview:large","max-video-preview":"max-video-preview:-1"},"canonical":"https:\/\/miumjau.ee\/lt\/produktas\/ibero-natural-adult-konservai-su-salta-eriena-mesa-400-g\/","og_locale":"lt_LT","og_type":"article","og_title":"Ibero Natural Adult konservai su \u0161alta \u0117riena m\u0117sa 400 g - MiuMjau","og_description":"Labai skani 100 % m\u0117sos konservai \u0161unims. Papildomas maistas, atitinkantis \u0161un\u0173 nat\u016bralias mitybos reikmes. \u0160unims did\u017eiajai daliai mitybos poreiki\u0173 reikia didelio kiekio kokybi\u0161kos m\u0117sos ir \u0161alutini\u0173 produkt\u0173. Ibero NATURAL produktai turi 100 % jautienos ir \u0161alutini\u0173 produkt\u0173, turting\u0173 vitaminais, mineralais ir svarbiomis aminor\u016bg\u0161timis. Sud\u0117tis: jautiena, jautienos vidaus organai (plau\u010diai, kepenys, \u0161irdis, inkstai, blu\u017enis, pieno liaukos), \u0117riena 5 %, pauk\u0161tiena. Analitin\u0117 sud\u0117tis: baltymai 16 %, riebalai 11 %, skaidulos 0,5 %, mineralai 2,5 %, dr\u0117gm\u0117 70 %. \u017daliavos sud\u0117tis u\u017etikrina auk\u0161t\u0105 nat\u016brali\u0173 vitamin\u0173 (A, E, D), aminor\u016bg\u0161\u010di\u0173 (lizinas, metioninas, cisteinas) ir mineral\u0173 kiek\u012f. Produktas neturi sojos. Pagaminta be kvapikli\u0173, prieskoni\u0173, konservant\u0173 ir da\u017eikli\u0173. Gamintojas veikia nuolatin\u0117s valstyb\u0117s veterinarin\u0117s prie\u017ei\u016bros s\u0105lygomis. Patiekti kambario temperat\u016broje kaip papildom\u0105 maist\u0105. Po atidarymo laikyti \u0161aldytuve. Laikyti v\u0117sioje ir sausoje vietoje. \u0160\u0117rimo rekomendacija: Tai papildomas maistas, puikiai tinkantis kombinuoti su sausu maistu. Jei kai kurias dienas \u0161eriate tik konservu, 24 valand\u0173 rekomenduojama doz\u0117: iki 2 kg \u0161uniui \u2013 60 g, 2\u20133 kg \u2013 120 g, 3\u20135 kg \u2013 240 g, 5 kg \u2013 200 g, 10 kg \u2013 400 g, 20 kg \u2013 600 g ir 30 kg \u2013 800 g.","og_url":"https:\/\/miumjau.ee\/lt\/produktas\/ibero-natural-adult-konservai-su-salta-eriena-mesa-400-g\/","og_site_name":"MiuMjau","article_publisher":"https:\/\/www.facebook.com\/miumjaupood\/","article_modified_time":"2026-01-07T18:49:43+00:00","og_image":[{"width":600,"height":800,"url":"https:\/\/miumjau.ee\/wp-content\/uploads\/2025\/07\/ibero-konserv-koertele-lammas.jpg","type":"image\/jpeg"}],"twitter_card":"summary_large_image","schema":{"@context":"https:\/\/schema.org","@graph":[{"@type":"WebPage","@id":"https:\/\/miumjau.ee\/lt\/produktas\/ibero-natural-adult-konservai-su-salta-eriena-mesa-400-g\/","url":"https:\/\/miumjau.ee\/lt\/produktas\/ibero-natural-adult-konservai-su-salta-eriena-mesa-400-g\/","name":"Ibero Natural Adult konservai su \u0161alta \u0117riena m\u0117sa 400 g - MiuMjau","isPartOf":{"@id":"https:\/\/miumjau.ee\/#website"},"primaryImageOfPage":{"@id":"https:\/\/miumjau.ee\/lt\/produktas\/ibero-natural-adult-konservai-su-salta-eriena-mesa-400-g\/#primaryimage"},"image":{"@id":"https:\/\/miumjau.ee\/lt\/produktas\/ibero-natural-adult-konservai-su-salta-eriena-mesa-400-g\/#primaryimage"},"thumbnailUrl":"https:\/\/miumjau.ee\/wp-content\/uploads\/2025\/07\/ibero-konserv-koertele-lammas.jpg","datePublished":"2025-07-22T17:12:48+00:00","dateModified":"2026-01-07T18:49:43+00:00","breadcrumb":{"@id":"https:\/\/miumjau.ee\/lt\/produktas\/ibero-natural-adult-konservai-su-salta-eriena-mesa-400-g\/#breadcrumb"},"inLanguage":"lt-LT","potentialAction":[{"@type":"ReadAction","target":["https:\/\/miumjau.ee\/lt\/produktas\/ibero-natural-adult-konservai-su-salta-eriena-mesa-400-g\/"]}]},{"@type":"ImageObject","inLanguage":"lt-LT","@id":"https:\/\/miumjau.ee\/lt\/produktas\/ibero-natural-adult-konservai-su-salta-eriena-mesa-400-g\/#primaryimage","url":"https:\/\/miumjau.ee\/wp-content\/uploads\/2025\/07\/ibero-konserv-koertele-lammas.jpg","contentUrl":"https:\/\/miumjau.ee\/wp-content\/uploads\/2025\/07\/ibero-konserv-koertele-lammas.jpg","width":600,"height":800},{"@type":"BreadcrumbList","@id":"https:\/\/miumjau.ee\/lt\/produktas\/ibero-natural-adult-konservai-su-salta-eriena-mesa-400-g\/#breadcrumb","itemListElement":[{"@type":"ListItem","position":1,"name":"Home","item":"https:\/\/miumjau.ee\/lt\/"},{"@type":"ListItem","position":2,"name":"Parduotuv\u0117","item":"https:\/\/miumjau.ee\/lt\/parduotuve\/"},{"@type":"ListItem","position":3,"name":"Ibero Natural Adult konservai su \u0161alta \u0117riena m\u0117sa 400 g"}]},{"@type":"WebSite","@id":"https:\/\/miumjau.ee\/#website","url":"https:\/\/miumjau.ee\/","name":"MiuMjau","description":"Kraapimispuud kassidele","publisher":{"@id":"https:\/\/miumjau.ee\/#organization"},"potentialAction":[{"@type":"SearchAction","target":{"@type":"EntryPoint","urlTemplate":"https:\/\/miumjau.ee\/?s={search_term_string}"},"query-input":{"@type":"PropertyValueSpecification","valueRequired":true,"valueName":"search_term_string"}}],"inLanguage":"lt-LT"},{"@type":"Organization","@id":"https:\/\/miumjau.ee\/#organization","name":"MiuMjau O\u00dc","url":"https:\/\/miumjau.ee\/","logo":{"@type":"ImageObject","inLanguage":"lt-LT","@id":"https:\/\/miumjau.ee\/#\/schema\/logo\/image\/","url":"https:\/\/miumjau.ee\/wp-content\/uploads\/2022\/04\/MiuMjau-logo-kollane.png","contentUrl":"https:\/\/miumjau.ee\/wp-content\/uploads\/2022\/04\/MiuMjau-logo-kollane.png","width":219,"height":100,"caption":"MiuMjau O\u00dc"},"image":{"@id":"https:\/\/miumjau.ee\/#\/schema\/logo\/image\/"},"sameAs":["https:\/\/www.facebook.com\/miumjaupood\/"]}]}},"_links":{"self":[{"href":"https:\/\/miumjau.ee\/lt\/wp-json\/wp\/v2\/product\/44866","targetHints":{"allow":["GET"]}}],"collection":[{"href":"https:\/\/miumjau.ee\/lt\/wp-json\/wp\/v2\/product"}],"about":[{"href":"https:\/\/miumjau.ee\/lt\/wp-json\/wp\/v2\/types\/product"}],"wp:featuredmedia":[{"embeddable":true,"href":"https:\/\/miumjau.ee\/lt\/wp-json\/wp\/v2\/media\/44867"}],"wp:attachment":[{"href":"https:\/\/miumjau.ee\/lt\/wp-json\/wp\/v2\/media?parent=44866"}],"wp:term":[{"taxonomy":"product_brand","embeddable":true,"href":"https:\/\/miumjau.ee\/lt\/wp-json\/wp\/v2\/product_brand?post=44866"},{"taxonomy":"product_cat","embeddable":true,"href":"https:\/\/miumjau.ee\/lt\/wp-json\/wp\/v2\/product_cat?post=44866"},{"taxonomy":"product_tag","embeddable":true,"href":"https:\/\/miumjau.ee\/lt\/wp-json\/wp\/v2\/product_tag?post=44866"}],"curies":[{"name":"wp","href":"https:\/\/api.w.org\/{rel}","templated":true}]}}