{"id":44839,"date":"2024-12-20T10:51:47","date_gmt":"2024-12-20T08:51:47","guid":{"rendered":"https:\/\/miumjau.ee\/toode\/kabantis-gultukas-tinklas-petrebels-sleeper-xl-48-cm-cappuccino\/"},"modified":"2026-01-07T20:49:43","modified_gmt":"2026-01-07T18:49:43","slug":"kabantis-gultukas-tinklas-petrebels-sleeper-xl-48-cm-cappuccino","status":"publish","type":"product","link":"https:\/\/miumjau.ee\/lt\/produktas\/kabantis-gultukas-tinklas-petrebels-sleeper-xl-48-cm-cappuccino\/","title":{"rendered":"Kabantis gultukas tinklas Petrebels Sleeper XL 48 cm, cappuccino"},"content":{"rendered":"","protected":false},"excerpt":{"rendered":"<p data-start=\"1000\" data-end=\"1055\"><strong data-start=\"1000\" data-end=\"1055\">XL tinklas gultukas sunkesniems ir dideliems kat\u0117ms<\/strong><\/p>\n<p data-start=\"1057\" data-end=\"1437\">Ar gyvenate su dideliu katinu arba didel\u0117s veisl\u0117s kate? Maine Coon, Norvegijos mi\u0161ko kat\u0117 ar Ragdoll? Tada j\u016bs\u0173 \u017eaismingam draugui reikia tvirt\u0173 med\u017eiag\u0173 ir vietos poilsiui.<br data-start=\"1231\" data-end=\"1234\" \/>M\u016bs\u0173 XL Sleeper tinklas su ZIP yra ypatingai erdvus, o itin mink\u0161tas pliu\u0161as si\u016btas, galintis atlaikyti iki 25 kg svorio kates. Naudokite kaip puik\u0173 papildym\u0105 draskymo stulpui arba keiskite esamas dalis.<\/p>\n<p data-start=\"1439\" data-end=\"1756\" data-is-last-node=\"\" data-is-only-node=\"\"><strong data-start=\"1439\" data-end=\"1455\">I\u0161matavimai:<\/strong> \u00f8 48 cm<br data-start=\"1463\" data-end=\"1466\" \/>Idealiai tinka didel\u0117ms kat\u0117ms, bet tinka ir ma\u017eesn\u0117ms!<br data-start=\"1521\" data-end=\"1524\" \/>Su u\u017etrauktuku, skalbiamas skalbimo ma\u0161inoje 30\u00b0C<br data-start=\"1573\" data-end=\"1576\" \/>Tinka naudoti su draskymo stulpais \u00f8 12 cm, \u00f8 15 cm ir \u00f8 20 cm<br data-start=\"1638\" data-end=\"1641\" \/><strong data-start=\"1641\" data-end=\"1655\">Patarimas:<\/strong> atkreipkite d\u0117mes\u012f, kad d\u0117l metalinio r\u0117mo storio draskymo stulpas gali stov\u0117ti ne visi\u0161kai tiesiai.<\/p>\n","protected":false},"featured_media":44840,"template":"","meta":[],"product_brand":[],"product_cat":[521],"product_tag":[],"class_list":{"0":"post-44839","1":"product","2":"type-product","3":"status-publish","4":"has-post-thumbnail","6":"product_cat-atsargines-dalys","7":"product_shipping_class-pakiautomaati-sobimatu-lt","9":"first","10":"instock","11":"taxable","12":"shipping-taxable","13":"purchasable","14":"product-type-simple"},"yoast_head":"<!-- This site is optimized with the Yoast SEO plugin v27.2 - https:\/\/yoast.com\/product\/yoast-seo-wordpress\/ -->\n<title>Kabantis gultukas tinklas Petrebels Sleeper XL 48 cm, cappuccino - MiuMjau<\/title>\n<meta name=\"robots\" content=\"index, follow, max-snippet:-1, max-image-preview:large, max-video-preview:-1\" \/>\n<link rel=\"canonical\" href=\"https:\/\/miumjau.ee\/lt\/produktas\/kabantis-gultukas-tinklas-petrebels-sleeper-xl-48-cm-cappuccino\/\" \/>\n<meta property=\"og:locale\" content=\"lt_LT\" \/>\n<meta property=\"og:type\" content=\"article\" \/>\n<meta property=\"og:title\" content=\"Kabantis gultukas tinklas Petrebels Sleeper XL 48 cm, cappuccino - MiuMjau\" \/>\n<meta property=\"og:description\" content=\"XL tinklas gultukas sunkesniems ir dideliems kat\u0117ms Ar gyvenate su dideliu katinu arba didel\u0117s veisl\u0117s kate? Maine Coon, Norvegijos mi\u0161ko kat\u0117 ar Ragdoll? Tada j\u016bs\u0173 \u017eaismingam draugui reikia tvirt\u0173 med\u017eiag\u0173 ir vietos poilsiui.M\u016bs\u0173 XL Sleeper tinklas su ZIP yra ypatingai erdvus, o itin mink\u0161tas pliu\u0161as si\u016btas, galintis atlaikyti iki 25 kg svorio kates. Naudokite kaip puik\u0173 papildym\u0105 draskymo stulpui arba keiskite esamas dalis. I\u0161matavimai: \u00f8 48 cmIdealiai tinka didel\u0117ms kat\u0117ms, bet tinka ir ma\u017eesn\u0117ms!Su u\u017etrauktuku, skalbiamas skalbimo ma\u0161inoje 30\u00b0CTinka naudoti su draskymo stulpais \u00f8 12 cm, \u00f8 15 cm ir \u00f8 20 cmPatarimas: atkreipkite d\u0117mes\u012f, kad d\u0117l metalinio r\u0117mo storio draskymo stulpas gali stov\u0117ti ne visi\u0161kai tiesiai.\" \/>\n<meta property=\"og:url\" content=\"https:\/\/miumjau.ee\/lt\/produktas\/kabantis-gultukas-tinklas-petrebels-sleeper-xl-48-cm-cappuccino\/\" \/>\n<meta property=\"og:site_name\" content=\"MiuMjau\" \/>\n<meta property=\"article:publisher\" content=\"https:\/\/www.facebook.com\/miumjaupood\/\" \/>\n<meta property=\"article:modified_time\" content=\"2026-01-07T18:49:43+00:00\" \/>\n<meta property=\"og:image\" content=\"https:\/\/miumjau.ee\/wp-content\/uploads\/2024\/12\/rippkiik-petrebels-sleeper-xl-48cm6.jpg\" \/>\n\t<meta property=\"og:image:width\" content=\"600\" \/>\n\t<meta property=\"og:image:height\" content=\"800\" \/>\n\t<meta property=\"og:image:type\" content=\"image\/jpeg\" \/>\n<meta name=\"twitter:card\" content=\"summary_large_image\" \/>\n<script type=\"application\/ld+json\" class=\"yoast-schema-graph\">{\"@context\":\"https:\/\/schema.org\",\"@graph\":[{\"@type\":\"WebPage\",\"@id\":\"https:\/\/miumjau.ee\/lt\/produktas\/kabantis-gultukas-tinklas-petrebels-sleeper-xl-48-cm-cappuccino\/\",\"url\":\"https:\/\/miumjau.ee\/lt\/produktas\/kabantis-gultukas-tinklas-petrebels-sleeper-xl-48-cm-cappuccino\/\",\"name\":\"Kabantis gultukas tinklas Petrebels Sleeper XL 48 cm, cappuccino - MiuMjau\",\"isPartOf\":{\"@id\":\"https:\/\/miumjau.ee\/#website\"},\"primaryImageOfPage\":{\"@id\":\"https:\/\/miumjau.ee\/lt\/produktas\/kabantis-gultukas-tinklas-petrebels-sleeper-xl-48-cm-cappuccino\/#primaryimage\"},\"image\":{\"@id\":\"https:\/\/miumjau.ee\/lt\/produktas\/kabantis-gultukas-tinklas-petrebels-sleeper-xl-48-cm-cappuccino\/#primaryimage\"},\"thumbnailUrl\":\"https:\/\/miumjau.ee\/wp-content\/uploads\/2024\/12\/rippkiik-petrebels-sleeper-xl-48cm6.jpg\",\"datePublished\":\"2024-12-20T08:51:47+00:00\",\"dateModified\":\"2026-01-07T18:49:43+00:00\",\"breadcrumb\":{\"@id\":\"https:\/\/miumjau.ee\/lt\/produktas\/kabantis-gultukas-tinklas-petrebels-sleeper-xl-48-cm-cappuccino\/#breadcrumb\"},\"inLanguage\":\"lt-LT\",\"potentialAction\":[{\"@type\":\"ReadAction\",\"target\":[\"https:\/\/miumjau.ee\/lt\/produktas\/kabantis-gultukas-tinklas-petrebels-sleeper-xl-48-cm-cappuccino\/\"]}]},{\"@type\":\"ImageObject\",\"inLanguage\":\"lt-LT\",\"@id\":\"https:\/\/miumjau.ee\/lt\/produktas\/kabantis-gultukas-tinklas-petrebels-sleeper-xl-48-cm-cappuccino\/#primaryimage\",\"url\":\"https:\/\/miumjau.ee\/wp-content\/uploads\/2024\/12\/rippkiik-petrebels-sleeper-xl-48cm6.jpg\",\"contentUrl\":\"https:\/\/miumjau.ee\/wp-content\/uploads\/2024\/12\/rippkiik-petrebels-sleeper-xl-48cm6.jpg\",\"width\":600,\"height\":800},{\"@type\":\"BreadcrumbList\",\"@id\":\"https:\/\/miumjau.ee\/lt\/produktas\/kabantis-gultukas-tinklas-petrebels-sleeper-xl-48-cm-cappuccino\/#breadcrumb\",\"itemListElement\":[{\"@type\":\"ListItem\",\"position\":1,\"name\":\"Home\",\"item\":\"https:\/\/miumjau.ee\/lt\/\"},{\"@type\":\"ListItem\",\"position\":2,\"name\":\"Parduotuv\u0117\",\"item\":\"https:\/\/miumjau.ee\/lt\/parduotuve\/\"},{\"@type\":\"ListItem\",\"position\":3,\"name\":\"Kabantis gultukas tinklas Petrebels Sleeper XL 48 cm, cappuccino\"}]},{\"@type\":\"WebSite\",\"@id\":\"https:\/\/miumjau.ee\/#website\",\"url\":\"https:\/\/miumjau.ee\/\",\"name\":\"MiuMjau\",\"description\":\"Kraapimispuud kassidele\",\"publisher\":{\"@id\":\"https:\/\/miumjau.ee\/#organization\"},\"potentialAction\":[{\"@type\":\"SearchAction\",\"target\":{\"@type\":\"EntryPoint\",\"urlTemplate\":\"https:\/\/miumjau.ee\/?s={search_term_string}\"},\"query-input\":{\"@type\":\"PropertyValueSpecification\",\"valueRequired\":true,\"valueName\":\"search_term_string\"}}],\"inLanguage\":\"lt-LT\"},{\"@type\":\"Organization\",\"@id\":\"https:\/\/miumjau.ee\/#organization\",\"name\":\"MiuMjau O\u00dc\",\"url\":\"https:\/\/miumjau.ee\/\",\"logo\":{\"@type\":\"ImageObject\",\"inLanguage\":\"lt-LT\",\"@id\":\"https:\/\/miumjau.ee\/#\/schema\/logo\/image\/\",\"url\":\"https:\/\/miumjau.ee\/wp-content\/uploads\/2022\/04\/MiuMjau-logo-kollane.png\",\"contentUrl\":\"https:\/\/miumjau.ee\/wp-content\/uploads\/2022\/04\/MiuMjau-logo-kollane.png\",\"width\":219,\"height\":100,\"caption\":\"MiuMjau O\u00dc\"},\"image\":{\"@id\":\"https:\/\/miumjau.ee\/#\/schema\/logo\/image\/\"},\"sameAs\":[\"https:\/\/www.facebook.com\/miumjaupood\/\"]}]}<\/script>\n<!-- \/ Yoast SEO plugin. -->","yoast_head_json":{"title":"Kabantis gultukas tinklas Petrebels Sleeper XL 48 cm, cappuccino - MiuMjau","robots":{"index":"index","follow":"follow","max-snippet":"max-snippet:-1","max-image-preview":"max-image-preview:large","max-video-preview":"max-video-preview:-1"},"canonical":"https:\/\/miumjau.ee\/lt\/produktas\/kabantis-gultukas-tinklas-petrebels-sleeper-xl-48-cm-cappuccino\/","og_locale":"lt_LT","og_type":"article","og_title":"Kabantis gultukas tinklas Petrebels Sleeper XL 48 cm, cappuccino - MiuMjau","og_description":"XL tinklas gultukas sunkesniems ir dideliems kat\u0117ms Ar gyvenate su dideliu katinu arba didel\u0117s veisl\u0117s kate? Maine Coon, Norvegijos mi\u0161ko kat\u0117 ar Ragdoll? Tada j\u016bs\u0173 \u017eaismingam draugui reikia tvirt\u0173 med\u017eiag\u0173 ir vietos poilsiui.M\u016bs\u0173 XL Sleeper tinklas su ZIP yra ypatingai erdvus, o itin mink\u0161tas pliu\u0161as si\u016btas, galintis atlaikyti iki 25 kg svorio kates. Naudokite kaip puik\u0173 papildym\u0105 draskymo stulpui arba keiskite esamas dalis. I\u0161matavimai: \u00f8 48 cmIdealiai tinka didel\u0117ms kat\u0117ms, bet tinka ir ma\u017eesn\u0117ms!Su u\u017etrauktuku, skalbiamas skalbimo ma\u0161inoje 30\u00b0CTinka naudoti su draskymo stulpais \u00f8 12 cm, \u00f8 15 cm ir \u00f8 20 cmPatarimas: atkreipkite d\u0117mes\u012f, kad d\u0117l metalinio r\u0117mo storio draskymo stulpas gali stov\u0117ti ne visi\u0161kai tiesiai.","og_url":"https:\/\/miumjau.ee\/lt\/produktas\/kabantis-gultukas-tinklas-petrebels-sleeper-xl-48-cm-cappuccino\/","og_site_name":"MiuMjau","article_publisher":"https:\/\/www.facebook.com\/miumjaupood\/","article_modified_time":"2026-01-07T18:49:43+00:00","og_image":[{"width":600,"height":800,"url":"https:\/\/miumjau.ee\/wp-content\/uploads\/2024\/12\/rippkiik-petrebels-sleeper-xl-48cm6.jpg","type":"image\/jpeg"}],"twitter_card":"summary_large_image","schema":{"@context":"https:\/\/schema.org","@graph":[{"@type":"WebPage","@id":"https:\/\/miumjau.ee\/lt\/produktas\/kabantis-gultukas-tinklas-petrebels-sleeper-xl-48-cm-cappuccino\/","url":"https:\/\/miumjau.ee\/lt\/produktas\/kabantis-gultukas-tinklas-petrebels-sleeper-xl-48-cm-cappuccino\/","name":"Kabantis gultukas tinklas Petrebels Sleeper XL 48 cm, cappuccino - MiuMjau","isPartOf":{"@id":"https:\/\/miumjau.ee\/#website"},"primaryImageOfPage":{"@id":"https:\/\/miumjau.ee\/lt\/produktas\/kabantis-gultukas-tinklas-petrebels-sleeper-xl-48-cm-cappuccino\/#primaryimage"},"image":{"@id":"https:\/\/miumjau.ee\/lt\/produktas\/kabantis-gultukas-tinklas-petrebels-sleeper-xl-48-cm-cappuccino\/#primaryimage"},"thumbnailUrl":"https:\/\/miumjau.ee\/wp-content\/uploads\/2024\/12\/rippkiik-petrebels-sleeper-xl-48cm6.jpg","datePublished":"2024-12-20T08:51:47+00:00","dateModified":"2026-01-07T18:49:43+00:00","breadcrumb":{"@id":"https:\/\/miumjau.ee\/lt\/produktas\/kabantis-gultukas-tinklas-petrebels-sleeper-xl-48-cm-cappuccino\/#breadcrumb"},"inLanguage":"lt-LT","potentialAction":[{"@type":"ReadAction","target":["https:\/\/miumjau.ee\/lt\/produktas\/kabantis-gultukas-tinklas-petrebels-sleeper-xl-48-cm-cappuccino\/"]}]},{"@type":"ImageObject","inLanguage":"lt-LT","@id":"https:\/\/miumjau.ee\/lt\/produktas\/kabantis-gultukas-tinklas-petrebels-sleeper-xl-48-cm-cappuccino\/#primaryimage","url":"https:\/\/miumjau.ee\/wp-content\/uploads\/2024\/12\/rippkiik-petrebels-sleeper-xl-48cm6.jpg","contentUrl":"https:\/\/miumjau.ee\/wp-content\/uploads\/2024\/12\/rippkiik-petrebels-sleeper-xl-48cm6.jpg","width":600,"height":800},{"@type":"BreadcrumbList","@id":"https:\/\/miumjau.ee\/lt\/produktas\/kabantis-gultukas-tinklas-petrebels-sleeper-xl-48-cm-cappuccino\/#breadcrumb","itemListElement":[{"@type":"ListItem","position":1,"name":"Home","item":"https:\/\/miumjau.ee\/lt\/"},{"@type":"ListItem","position":2,"name":"Parduotuv\u0117","item":"https:\/\/miumjau.ee\/lt\/parduotuve\/"},{"@type":"ListItem","position":3,"name":"Kabantis gultukas tinklas Petrebels Sleeper XL 48 cm, cappuccino"}]},{"@type":"WebSite","@id":"https:\/\/miumjau.ee\/#website","url":"https:\/\/miumjau.ee\/","name":"MiuMjau","description":"Kraapimispuud kassidele","publisher":{"@id":"https:\/\/miumjau.ee\/#organization"},"potentialAction":[{"@type":"SearchAction","target":{"@type":"EntryPoint","urlTemplate":"https:\/\/miumjau.ee\/?s={search_term_string}"},"query-input":{"@type":"PropertyValueSpecification","valueRequired":true,"valueName":"search_term_string"}}],"inLanguage":"lt-LT"},{"@type":"Organization","@id":"https:\/\/miumjau.ee\/#organization","name":"MiuMjau O\u00dc","url":"https:\/\/miumjau.ee\/","logo":{"@type":"ImageObject","inLanguage":"lt-LT","@id":"https:\/\/miumjau.ee\/#\/schema\/logo\/image\/","url":"https:\/\/miumjau.ee\/wp-content\/uploads\/2022\/04\/MiuMjau-logo-kollane.png","contentUrl":"https:\/\/miumjau.ee\/wp-content\/uploads\/2022\/04\/MiuMjau-logo-kollane.png","width":219,"height":100,"caption":"MiuMjau O\u00dc"},"image":{"@id":"https:\/\/miumjau.ee\/#\/schema\/logo\/image\/"},"sameAs":["https:\/\/www.facebook.com\/miumjaupood\/"]}]}},"_links":{"self":[{"href":"https:\/\/miumjau.ee\/lt\/wp-json\/wp\/v2\/product\/44839","targetHints":{"allow":["GET"]}}],"collection":[{"href":"https:\/\/miumjau.ee\/lt\/wp-json\/wp\/v2\/product"}],"about":[{"href":"https:\/\/miumjau.ee\/lt\/wp-json\/wp\/v2\/types\/product"}],"wp:featuredmedia":[{"embeddable":true,"href":"https:\/\/miumjau.ee\/lt\/wp-json\/wp\/v2\/media\/44840"}],"wp:attachment":[{"href":"https:\/\/miumjau.ee\/lt\/wp-json\/wp\/v2\/media?parent=44839"}],"wp:term":[{"taxonomy":"product_brand","embeddable":true,"href":"https:\/\/miumjau.ee\/lt\/wp-json\/wp\/v2\/product_brand?post=44839"},{"taxonomy":"product_cat","embeddable":true,"href":"https:\/\/miumjau.ee\/lt\/wp-json\/wp\/v2\/product_cat?post=44839"},{"taxonomy":"product_tag","embeddable":true,"href":"https:\/\/miumjau.ee\/lt\/wp-json\/wp\/v2\/product_tag?post=44839"}],"curies":[{"name":"wp","href":"https:\/\/api.w.org\/{rel}","templated":true}]}}