{"id":44824,"date":"2025-11-10T20:37:46","date_gmt":"2025-11-10T18:37:46","guid":{"rendered":"https:\/\/miumjau.ee\/toode\/beaphar-flexifit-pasta-sanariams-katems-ir-sunims-250-ml\/"},"modified":"2026-01-07T20:49:43","modified_gmt":"2026-01-07T18:49:43","slug":"beaphar-flexifit-pasta-sanariams-katems-ir-sunims-250-ml","status":"publish","type":"product","link":"https:\/\/miumjau.ee\/lt\/produktas\/beaphar-flexifit-pasta-sanariams-katems-ir-sunims-250-ml\/","title":{"rendered":"Beaphar Flexifit\u00ae Pasta s\u0105nariams, kat\u0117ms ir \u0161unims 250 ml"},"content":{"rendered":"","protected":false},"excerpt":{"rendered":"<p data-start=\"1903\" data-end=\"2235\">Skani maisto papildas \u0161unims ir kat\u0117ms, kai s\u0105nari\u0173 judrumas pradeda ma\u017e\u0117ti arba pasirei\u0161kia sustingusi jud\u0117jimo forma. Daugiaveiksm\u0117 formul\u0117 turi omega-3 riebal\u0173 r\u016bg\u0161\u010di\u0173 (EPA + DHA), gliukozamino, kalcio ir E vitamino \u2014 \u0161ios sudedamosios dalys padeda palaikyti nat\u016bral\u0173 prie\u0161u\u017edegimin\u012f proces\u0105 ir skatina gyv\u016bn\u0173 laisvesn\u012f jud\u0117jim\u0105.<\/p>\n<p data-start=\"2237\" data-end=\"2261\"><strong data-start=\"2237\" data-end=\"2261\">Pagrindin\u0117s savyb\u0117s:<\/strong><\/p>\n<ul data-start=\"2263\" data-end=\"2500\">\n<li data-start=\"2263\" data-end=\"2339\">\n<p data-start=\"2265\" data-end=\"2339\">Palaiko s\u0105nari\u0173 judrum\u0105 ir ma\u017eai judri\u0173 \u0161un\u0173 bei ka\u010di\u0173 jud\u0117jimo komfort\u0105<\/p>\n<\/li>\n<li data-start=\"2340\" data-end=\"2422\">\n<p data-start=\"2342\" data-end=\"2422\">Daugiaveiksm\u0117 sud\u0117tis: omega-3 (EPA + DHA), gliukozaminas, kalcis, E vitaminas<\/p>\n<\/li>\n<li data-start=\"2423\" data-end=\"2500\">\n<p data-start=\"2425\" data-end=\"2500\">Skani pasta, kuri\u0105 galima mai\u0161yti su pa\u0161aru arba duoti tiesiai i\u0161 t\u016bbel\u0117s<\/p>\n<\/li>\n<\/ul>\n<p data-start=\"2502\" data-end=\"2825\"><strong data-start=\"2502\" data-end=\"2529\">Naudojimo instrukcijos:<\/strong><br data-start=\"2529\" data-end=\"2532\" \/>Galima mai\u0161yti su gyv\u016bn\u0173 pa\u0161aru arba duoti tiesiai i\u0161 t\u016bbel\u0117s. Visada u\u017etikrinkite gyv\u016bnui laisv\u0105 prieig\u0105 prie \u0161vie\u017eio geriamojo vandens. Nerekomenduojama \u0161unims ir kat\u0117ms iki 1 met\u0173 am\u017eiaus. Pradinis naudojimas iki 3 m\u0117nesi\u0173; prie\u0161 prat\u0119siant naudojim\u0105 rekomenduojama pasitarti su veterinaru.<\/p>\n<p data-start=\"2827\" data-end=\"3002\"><strong data-start=\"2827\" data-end=\"2839\">Sud\u0117tis:<\/strong> aliejai ir riebalai, pienas ir pieno produktai, moliuskai ir kriaukl\u0117s (gliukozamino hidrokloridas 9 %), dumbli\u0173 ir \u017euv\u0173 produktai (la\u0161i\u0161os aliejus 1 %), ir kt.<\/p>\n<p data-start=\"3004\" data-end=\"3256\"><strong data-start=\"3004\" data-end=\"3026\">Analitin\u0117 sud\u0117tis:<\/strong> baltymai 14 %, riebalai 59 %, pelenai 3,1 %, dr\u0117gm\u0117 1,5 %; kalcis (Ca) 0,31 %, fosforas (P) 0,29 %, natris (Na) 0,2 %, magnis (Mg) 0,062 %, kalis (K) 0,59 %; bendras omega-3 riebal\u0173 r\u016bg\u0161\u010di\u0173 kiekis 4,0 %, EPA 0,41 %, DHA 0,29 %.<\/p>\n<p data-start=\"3258\" data-end=\"3427\"><strong data-start=\"3258\" data-end=\"3271\">Laikymas:<\/strong> Laikyti v\u0117sioje, sausoje vietoje, saugoti nuo \u0161viesos. Originaliame sandariame pakuot\u0117je. Geriausias rezultatas pasiekiamas per 3 m\u0117nesius nuo atidarymo.<\/p>\n<p data-start=\"3429\" data-end=\"3600\" data-is-last-node=\"\" data-is-only-node=\"\"><strong data-start=\"3429\" data-end=\"3439\">Tinka:<\/strong> Tinka suaugusiems \u0161unims ir kat\u0117ms (nuo 1 met\u0173), kuri\u0173 s\u0105nari\u0173 judrumas suma\u017e\u0117j\u0119s arba reikia s\u0105nari\u0173 palaikymo. Nepakei\u010dia veterinaro nurodytos gydymo schemos.<\/p>\n","protected":false},"featured_media":44226,"template":"","meta":[],"product_brand":[],"product_cat":[871,879],"product_tag":[],"class_list":{"0":"post-44824","1":"product","2":"type-product","3":"status-publish","4":"has-post-thumbnail","6":"product_cat-maisto-papildai-sunims","7":"product_cat-vitaminai-ir-papildai-katems","9":"first","10":"instock","11":"sale","12":"taxable","13":"shipping-taxable","14":"purchasable","15":"product-type-simple"},"yoast_head":"<!-- This site is optimized with the Yoast SEO plugin v27.4 - https:\/\/yoast.com\/product\/yoast-seo-wordpress\/ -->\n<title>Beaphar Flexifit\u00ae Pasta s\u0105nariams, kat\u0117ms ir \u0161unims 250 ml - MiuMjau<\/title>\n<meta name=\"robots\" content=\"index, follow, max-snippet:-1, max-image-preview:large, max-video-preview:-1\" \/>\n<link rel=\"canonical\" href=\"https:\/\/miumjau.ee\/lt\/produktas\/beaphar-flexifit-pasta-sanariams-katems-ir-sunims-250-ml\/\" \/>\n<meta property=\"og:locale\" content=\"lt_LT\" \/>\n<meta property=\"og:type\" content=\"article\" \/>\n<meta property=\"og:title\" content=\"Beaphar Flexifit\u00ae Pasta s\u0105nariams, kat\u0117ms ir \u0161unims 250 ml - MiuMjau\" \/>\n<meta property=\"og:description\" content=\"Skani maisto papildas \u0161unims ir kat\u0117ms, kai s\u0105nari\u0173 judrumas pradeda ma\u017e\u0117ti arba pasirei\u0161kia sustingusi jud\u0117jimo forma. Daugiaveiksm\u0117 formul\u0117 turi omega-3 riebal\u0173 r\u016bg\u0161\u010di\u0173 (EPA + DHA), gliukozamino, kalcio ir E vitamino \u2014 \u0161ios sudedamosios dalys padeda palaikyti nat\u016bral\u0173 prie\u0161u\u017edegimin\u012f proces\u0105 ir skatina gyv\u016bn\u0173 laisvesn\u012f jud\u0117jim\u0105. Pagrindin\u0117s savyb\u0117s:     Palaiko s\u0105nari\u0173 judrum\u0105 ir ma\u017eai judri\u0173 \u0161un\u0173 bei ka\u010di\u0173 jud\u0117jimo komfort\u0105    Daugiaveiksm\u0117 sud\u0117tis: omega-3 (EPA + DHA), gliukozaminas, kalcis, E vitaminas    Skani pasta, kuri\u0105 galima mai\u0161yti su pa\u0161aru arba duoti tiesiai i\u0161 t\u016bbel\u0117s   Naudojimo instrukcijos:Galima mai\u0161yti su gyv\u016bn\u0173 pa\u0161aru arba duoti tiesiai i\u0161 t\u016bbel\u0117s. Visada u\u017etikrinkite gyv\u016bnui laisv\u0105 prieig\u0105 prie \u0161vie\u017eio geriamojo vandens. Nerekomenduojama \u0161unims ir kat\u0117ms iki 1 met\u0173 am\u017eiaus. Pradinis naudojimas iki 3 m\u0117nesi\u0173; prie\u0161 prat\u0119siant naudojim\u0105 rekomenduojama pasitarti su veterinaru. Sud\u0117tis: aliejai ir riebalai, pienas ir pieno produktai, moliuskai ir kriaukl\u0117s (gliukozamino hidrokloridas 9 %), dumbli\u0173 ir \u017euv\u0173 produktai (la\u0161i\u0161os aliejus 1 %), ir kt. Analitin\u0117 sud\u0117tis: baltymai 14 %, riebalai 59 %, pelenai 3,1 %, dr\u0117gm\u0117 1,5 %; kalcis (Ca) 0,31 %, fosforas (P) 0,29 %, natris (Na) 0,2 %, magnis (Mg) 0,062 %, kalis (K) 0,59 %; bendras omega-3 riebal\u0173 r\u016bg\u0161\u010di\u0173 kiekis 4,0 %, EPA 0,41 %, DHA 0,29 %. Laikymas: Laikyti v\u0117sioje, sausoje vietoje, saugoti nuo \u0161viesos. Originaliame sandariame pakuot\u0117je. Geriausias rezultatas pasiekiamas per 3 m\u0117nesius nuo atidarymo. Tinka: Tinka suaugusiems \u0161unims ir kat\u0117ms (nuo 1 met\u0173), kuri\u0173 s\u0105nari\u0173 judrumas suma\u017e\u0117j\u0119s arba reikia s\u0105nari\u0173 palaikymo. Nepakei\u010dia veterinaro nurodytos gydymo schemos.\" \/>\n<meta property=\"og:url\" content=\"https:\/\/miumjau.ee\/lt\/produktas\/beaphar-flexifit-pasta-sanariams-katems-ir-sunims-250-ml\/\" \/>\n<meta property=\"og:site_name\" content=\"MiuMjau\" \/>\n<meta property=\"article:publisher\" content=\"https:\/\/www.facebook.com\/miumjaupood\/\" \/>\n<meta property=\"article:modified_time\" content=\"2026-01-07T18:49:43+00:00\" \/>\n<meta property=\"og:image\" content=\"https:\/\/miumjau.ee\/wp-content\/uploads\/2025\/11\/beaphar-flexifit-pasta2-Photoroom.jpg\" \/>\n\t<meta property=\"og:image:width\" content=\"600\" \/>\n\t<meta property=\"og:image:height\" content=\"800\" \/>\n\t<meta property=\"og:image:type\" content=\"image\/jpeg\" \/>\n<meta name=\"twitter:card\" content=\"summary_large_image\" \/>\n<script type=\"application\/ld+json\" class=\"yoast-schema-graph\">{\"@context\":\"https:\\\/\\\/schema.org\",\"@graph\":[{\"@type\":\"WebPage\",\"@id\":\"https:\\\/\\\/miumjau.ee\\\/lt\\\/produktas\\\/beaphar-flexifit-pasta-sanariams-katems-ir-sunims-250-ml\\\/\",\"url\":\"https:\\\/\\\/miumjau.ee\\\/lt\\\/produktas\\\/beaphar-flexifit-pasta-sanariams-katems-ir-sunims-250-ml\\\/\",\"name\":\"Beaphar Flexifit\u00ae Pasta s\u0105nariams, kat\u0117ms ir \u0161unims 250 ml - MiuMjau\",\"isPartOf\":{\"@id\":\"https:\\\/\\\/miumjau.ee\\\/#website\"},\"primaryImageOfPage\":{\"@id\":\"https:\\\/\\\/miumjau.ee\\\/lt\\\/produktas\\\/beaphar-flexifit-pasta-sanariams-katems-ir-sunims-250-ml\\\/#primaryimage\"},\"image\":{\"@id\":\"https:\\\/\\\/miumjau.ee\\\/lt\\\/produktas\\\/beaphar-flexifit-pasta-sanariams-katems-ir-sunims-250-ml\\\/#primaryimage\"},\"thumbnailUrl\":\"https:\\\/\\\/miumjau.ee\\\/wp-content\\\/uploads\\\/2025\\\/11\\\/beaphar-flexifit-pasta2-Photoroom.jpg\",\"datePublished\":\"2025-11-10T18:37:46+00:00\",\"dateModified\":\"2026-01-07T18:49:43+00:00\",\"breadcrumb\":{\"@id\":\"https:\\\/\\\/miumjau.ee\\\/lt\\\/produktas\\\/beaphar-flexifit-pasta-sanariams-katems-ir-sunims-250-ml\\\/#breadcrumb\"},\"inLanguage\":\"lt-LT\",\"potentialAction\":[{\"@type\":\"ReadAction\",\"target\":[\"https:\\\/\\\/miumjau.ee\\\/lt\\\/produktas\\\/beaphar-flexifit-pasta-sanariams-katems-ir-sunims-250-ml\\\/\"]}]},{\"@type\":\"ImageObject\",\"inLanguage\":\"lt-LT\",\"@id\":\"https:\\\/\\\/miumjau.ee\\\/lt\\\/produktas\\\/beaphar-flexifit-pasta-sanariams-katems-ir-sunims-250-ml\\\/#primaryimage\",\"url\":\"https:\\\/\\\/miumjau.ee\\\/wp-content\\\/uploads\\\/2025\\\/11\\\/beaphar-flexifit-pasta2-Photoroom.jpg\",\"contentUrl\":\"https:\\\/\\\/miumjau.ee\\\/wp-content\\\/uploads\\\/2025\\\/11\\\/beaphar-flexifit-pasta2-Photoroom.jpg\",\"width\":600,\"height\":800,\"caption\":\"Beaphar Flexifit toidulisand koertele\"},{\"@type\":\"BreadcrumbList\",\"@id\":\"https:\\\/\\\/miumjau.ee\\\/lt\\\/produktas\\\/beaphar-flexifit-pasta-sanariams-katems-ir-sunims-250-ml\\\/#breadcrumb\",\"itemListElement\":[{\"@type\":\"ListItem\",\"position\":1,\"name\":\"Home\",\"item\":\"https:\\\/\\\/miumjau.ee\\\/lt\\\/\"},{\"@type\":\"ListItem\",\"position\":2,\"name\":\"Parduotuv\u0117\",\"item\":\"https:\\\/\\\/miumjau.ee\\\/lt\\\/parduotuve\\\/\"},{\"@type\":\"ListItem\",\"position\":3,\"name\":\"Beaphar Flexifit\u00ae Pasta s\u0105nariams, kat\u0117ms ir \u0161unims 250 ml\"}]},{\"@type\":\"WebSite\",\"@id\":\"https:\\\/\\\/miumjau.ee\\\/#website\",\"url\":\"https:\\\/\\\/miumjau.ee\\\/\",\"name\":\"MiuMjau\",\"description\":\"Kraapimispuud kassidele\",\"publisher\":{\"@id\":\"https:\\\/\\\/miumjau.ee\\\/#organization\"},\"potentialAction\":[{\"@type\":\"SearchAction\",\"target\":{\"@type\":\"EntryPoint\",\"urlTemplate\":\"https:\\\/\\\/miumjau.ee\\\/?s={search_term_string}\"},\"query-input\":{\"@type\":\"PropertyValueSpecification\",\"valueRequired\":true,\"valueName\":\"search_term_string\"}}],\"inLanguage\":\"lt-LT\"},{\"@type\":\"Organization\",\"@id\":\"https:\\\/\\\/miumjau.ee\\\/#organization\",\"name\":\"MiuMjau O\u00dc\",\"url\":\"https:\\\/\\\/miumjau.ee\\\/\",\"logo\":{\"@type\":\"ImageObject\",\"inLanguage\":\"lt-LT\",\"@id\":\"https:\\\/\\\/miumjau.ee\\\/#\\\/schema\\\/logo\\\/image\\\/\",\"url\":\"https:\\\/\\\/miumjau.ee\\\/wp-content\\\/uploads\\\/2022\\\/04\\\/MiuMjau-logo-kollane.png\",\"contentUrl\":\"https:\\\/\\\/miumjau.ee\\\/wp-content\\\/uploads\\\/2022\\\/04\\\/MiuMjau-logo-kollane.png\",\"width\":219,\"height\":100,\"caption\":\"MiuMjau O\u00dc\"},\"image\":{\"@id\":\"https:\\\/\\\/miumjau.ee\\\/#\\\/schema\\\/logo\\\/image\\\/\"},\"sameAs\":[\"https:\\\/\\\/www.facebook.com\\\/miumjaupood\\\/\"]}]}<\/script>\n<!-- \/ Yoast SEO plugin. -->","yoast_head_json":{"title":"Beaphar Flexifit\u00ae Pasta s\u0105nariams, kat\u0117ms ir \u0161unims 250 ml - MiuMjau","robots":{"index":"index","follow":"follow","max-snippet":"max-snippet:-1","max-image-preview":"max-image-preview:large","max-video-preview":"max-video-preview:-1"},"canonical":"https:\/\/miumjau.ee\/lt\/produktas\/beaphar-flexifit-pasta-sanariams-katems-ir-sunims-250-ml\/","og_locale":"lt_LT","og_type":"article","og_title":"Beaphar Flexifit\u00ae Pasta s\u0105nariams, kat\u0117ms ir \u0161unims 250 ml - MiuMjau","og_description":"Skani maisto papildas \u0161unims ir kat\u0117ms, kai s\u0105nari\u0173 judrumas pradeda ma\u017e\u0117ti arba pasirei\u0161kia sustingusi jud\u0117jimo forma. Daugiaveiksm\u0117 formul\u0117 turi omega-3 riebal\u0173 r\u016bg\u0161\u010di\u0173 (EPA + DHA), gliukozamino, kalcio ir E vitamino \u2014 \u0161ios sudedamosios dalys padeda palaikyti nat\u016bral\u0173 prie\u0161u\u017edegimin\u012f proces\u0105 ir skatina gyv\u016bn\u0173 laisvesn\u012f jud\u0117jim\u0105. Pagrindin\u0117s savyb\u0117s:     Palaiko s\u0105nari\u0173 judrum\u0105 ir ma\u017eai judri\u0173 \u0161un\u0173 bei ka\u010di\u0173 jud\u0117jimo komfort\u0105    Daugiaveiksm\u0117 sud\u0117tis: omega-3 (EPA + DHA), gliukozaminas, kalcis, E vitaminas    Skani pasta, kuri\u0105 galima mai\u0161yti su pa\u0161aru arba duoti tiesiai i\u0161 t\u016bbel\u0117s   Naudojimo instrukcijos:Galima mai\u0161yti su gyv\u016bn\u0173 pa\u0161aru arba duoti tiesiai i\u0161 t\u016bbel\u0117s. Visada u\u017etikrinkite gyv\u016bnui laisv\u0105 prieig\u0105 prie \u0161vie\u017eio geriamojo vandens. Nerekomenduojama \u0161unims ir kat\u0117ms iki 1 met\u0173 am\u017eiaus. Pradinis naudojimas iki 3 m\u0117nesi\u0173; prie\u0161 prat\u0119siant naudojim\u0105 rekomenduojama pasitarti su veterinaru. Sud\u0117tis: aliejai ir riebalai, pienas ir pieno produktai, moliuskai ir kriaukl\u0117s (gliukozamino hidrokloridas 9 %), dumbli\u0173 ir \u017euv\u0173 produktai (la\u0161i\u0161os aliejus 1 %), ir kt. Analitin\u0117 sud\u0117tis: baltymai 14 %, riebalai 59 %, pelenai 3,1 %, dr\u0117gm\u0117 1,5 %; kalcis (Ca) 0,31 %, fosforas (P) 0,29 %, natris (Na) 0,2 %, magnis (Mg) 0,062 %, kalis (K) 0,59 %; bendras omega-3 riebal\u0173 r\u016bg\u0161\u010di\u0173 kiekis 4,0 %, EPA 0,41 %, DHA 0,29 %. Laikymas: Laikyti v\u0117sioje, sausoje vietoje, saugoti nuo \u0161viesos. Originaliame sandariame pakuot\u0117je. Geriausias rezultatas pasiekiamas per 3 m\u0117nesius nuo atidarymo. Tinka: Tinka suaugusiems \u0161unims ir kat\u0117ms (nuo 1 met\u0173), kuri\u0173 s\u0105nari\u0173 judrumas suma\u017e\u0117j\u0119s arba reikia s\u0105nari\u0173 palaikymo. Nepakei\u010dia veterinaro nurodytos gydymo schemos.","og_url":"https:\/\/miumjau.ee\/lt\/produktas\/beaphar-flexifit-pasta-sanariams-katems-ir-sunims-250-ml\/","og_site_name":"MiuMjau","article_publisher":"https:\/\/www.facebook.com\/miumjaupood\/","article_modified_time":"2026-01-07T18:49:43+00:00","og_image":[{"width":600,"height":800,"url":"https:\/\/miumjau.ee\/wp-content\/uploads\/2025\/11\/beaphar-flexifit-pasta2-Photoroom.jpg","type":"image\/jpeg"}],"twitter_card":"summary_large_image","schema":{"@context":"https:\/\/schema.org","@graph":[{"@type":"WebPage","@id":"https:\/\/miumjau.ee\/lt\/produktas\/beaphar-flexifit-pasta-sanariams-katems-ir-sunims-250-ml\/","url":"https:\/\/miumjau.ee\/lt\/produktas\/beaphar-flexifit-pasta-sanariams-katems-ir-sunims-250-ml\/","name":"Beaphar Flexifit\u00ae Pasta s\u0105nariams, kat\u0117ms ir \u0161unims 250 ml - MiuMjau","isPartOf":{"@id":"https:\/\/miumjau.ee\/#website"},"primaryImageOfPage":{"@id":"https:\/\/miumjau.ee\/lt\/produktas\/beaphar-flexifit-pasta-sanariams-katems-ir-sunims-250-ml\/#primaryimage"},"image":{"@id":"https:\/\/miumjau.ee\/lt\/produktas\/beaphar-flexifit-pasta-sanariams-katems-ir-sunims-250-ml\/#primaryimage"},"thumbnailUrl":"https:\/\/miumjau.ee\/wp-content\/uploads\/2025\/11\/beaphar-flexifit-pasta2-Photoroom.jpg","datePublished":"2025-11-10T18:37:46+00:00","dateModified":"2026-01-07T18:49:43+00:00","breadcrumb":{"@id":"https:\/\/miumjau.ee\/lt\/produktas\/beaphar-flexifit-pasta-sanariams-katems-ir-sunims-250-ml\/#breadcrumb"},"inLanguage":"lt-LT","potentialAction":[{"@type":"ReadAction","target":["https:\/\/miumjau.ee\/lt\/produktas\/beaphar-flexifit-pasta-sanariams-katems-ir-sunims-250-ml\/"]}]},{"@type":"ImageObject","inLanguage":"lt-LT","@id":"https:\/\/miumjau.ee\/lt\/produktas\/beaphar-flexifit-pasta-sanariams-katems-ir-sunims-250-ml\/#primaryimage","url":"https:\/\/miumjau.ee\/wp-content\/uploads\/2025\/11\/beaphar-flexifit-pasta2-Photoroom.jpg","contentUrl":"https:\/\/miumjau.ee\/wp-content\/uploads\/2025\/11\/beaphar-flexifit-pasta2-Photoroom.jpg","width":600,"height":800,"caption":"Beaphar Flexifit toidulisand koertele"},{"@type":"BreadcrumbList","@id":"https:\/\/miumjau.ee\/lt\/produktas\/beaphar-flexifit-pasta-sanariams-katems-ir-sunims-250-ml\/#breadcrumb","itemListElement":[{"@type":"ListItem","position":1,"name":"Home","item":"https:\/\/miumjau.ee\/lt\/"},{"@type":"ListItem","position":2,"name":"Parduotuv\u0117","item":"https:\/\/miumjau.ee\/lt\/parduotuve\/"},{"@type":"ListItem","position":3,"name":"Beaphar Flexifit\u00ae Pasta s\u0105nariams, kat\u0117ms ir \u0161unims 250 ml"}]},{"@type":"WebSite","@id":"https:\/\/miumjau.ee\/#website","url":"https:\/\/miumjau.ee\/","name":"MiuMjau","description":"Kraapimispuud kassidele","publisher":{"@id":"https:\/\/miumjau.ee\/#organization"},"potentialAction":[{"@type":"SearchAction","target":{"@type":"EntryPoint","urlTemplate":"https:\/\/miumjau.ee\/?s={search_term_string}"},"query-input":{"@type":"PropertyValueSpecification","valueRequired":true,"valueName":"search_term_string"}}],"inLanguage":"lt-LT"},{"@type":"Organization","@id":"https:\/\/miumjau.ee\/#organization","name":"MiuMjau O\u00dc","url":"https:\/\/miumjau.ee\/","logo":{"@type":"ImageObject","inLanguage":"lt-LT","@id":"https:\/\/miumjau.ee\/#\/schema\/logo\/image\/","url":"https:\/\/miumjau.ee\/wp-content\/uploads\/2022\/04\/MiuMjau-logo-kollane.png","contentUrl":"https:\/\/miumjau.ee\/wp-content\/uploads\/2022\/04\/MiuMjau-logo-kollane.png","width":219,"height":100,"caption":"MiuMjau O\u00dc"},"image":{"@id":"https:\/\/miumjau.ee\/#\/schema\/logo\/image\/"},"sameAs":["https:\/\/www.facebook.com\/miumjaupood\/"]}]}},"_links":{"self":[{"href":"https:\/\/miumjau.ee\/lt\/wp-json\/wp\/v2\/product\/44824","targetHints":{"allow":["GET"]}}],"collection":[{"href":"https:\/\/miumjau.ee\/lt\/wp-json\/wp\/v2\/product"}],"about":[{"href":"https:\/\/miumjau.ee\/lt\/wp-json\/wp\/v2\/types\/product"}],"wp:featuredmedia":[{"embeddable":true,"href":"https:\/\/miumjau.ee\/lt\/wp-json\/wp\/v2\/media\/44226"}],"wp:attachment":[{"href":"https:\/\/miumjau.ee\/lt\/wp-json\/wp\/v2\/media?parent=44824"}],"wp:term":[{"taxonomy":"product_brand","embeddable":true,"href":"https:\/\/miumjau.ee\/lt\/wp-json\/wp\/v2\/product_brand?post=44824"},{"taxonomy":"product_cat","embeddable":true,"href":"https:\/\/miumjau.ee\/lt\/wp-json\/wp\/v2\/product_cat?post=44824"},{"taxonomy":"product_tag","embeddable":true,"href":"https:\/\/miumjau.ee\/lt\/wp-json\/wp\/v2\/product_tag?post=44824"}],"curies":[{"name":"wp","href":"https:\/\/api.w.org\/{rel}","templated":true}]}}