{"id":44809,"date":"2025-05-12T10:49:12","date_gmt":"2025-05-12T07:49:12","guid":{"rendered":"https:\/\/miumjau.ee\/toode\/kvapu-neutralizatorius-kaciu-kraikui-beaphar-orchideja\/"},"modified":"2026-01-07T20:49:50","modified_gmt":"2026-01-07T18:49:50","slug":"kvapu-neutralizatorius-kaciu-kraikui-beaphar-orchideja","status":"publish","type":"product","link":"https:\/\/miumjau.ee\/lt\/produktas\/kvapu-neutralizatorius-kaciu-kraikui-beaphar-orchideja\/","title":{"rendered":"Kvap\u0173 neutralizatorius ka\u010di\u0173 kraikui Beaphar Orchid\u0117ja"},"content":{"rendered":"","protected":false},"excerpt":{"rendered":"<p data-start=\"886\" data-end=\"1087\">Kvap\u0173 neutralizuojantis milteliai skirti naudoti ka\u010di\u0173 kraike. Jie pa\u0161alina nemalon\u0173 kvap\u0105 ir prat\u0119sia kraiko tarnavimo laik\u0105. Milteliai stabdo bakterij\u0173 plitim\u0105, kas l\u0117tina nemaloni\u0173 kvap\u0173 susidarym\u0105.<\/p>\n<p data-start=\"1089\" data-end=\"1437\"><strong data-start=\"1089\" data-end=\"1104\">Naudojimas:<\/strong><br data-start=\"1104\" data-end=\"1107\" \/>Kai i\u0161tu\u0161tinote d\u0117\u017e\u0119, kruop\u0161\u010diai j\u0105 i\u0161valykite ir i\u0161d\u017eiovinkite. Supilkite pakankam\u0105 kiek\u012f naujo kraiko ir sumai\u0161ykite su kvap\u0173 neutralizatoriumi. Jo galima pilti pagal poreik\u012f, atsi\u017evelgiant \u012f kraiko b\u016bkl\u0119. Vieno pakuot\u0117s u\u017etenka iki 20 kart\u0173 (apie 3 m\u0117nesius). Produktas tinkamas naudoti su bet kokiu ka\u010di\u0173 kraiku ir yra saugus.<\/p>\n<p data-start=\"1439\" data-end=\"1495\" data-is-last-node=\"\" data-is-only-node=\"\"><strong data-start=\"1439\" data-end=\"1450\">Kiekis:<\/strong> 400 g<br data-start=\"1456\" data-end=\"1459\" \/><strong data-start=\"1459\" data-end=\"1474\">Gamintojas:<\/strong> Beaphar, Nyderlandai<\/p>\n","protected":false},"featured_media":44810,"template":"","meta":[],"product_brand":[],"product_cat":[530,533],"product_tag":[],"class_list":{"0":"post-44809","1":"product","2":"type-product","3":"status-publish","4":"has-post-thumbnail","6":"product_cat-kaciu-kraikas","7":"product_cat-kvapu-kontrole","9":"first","10":"instock","11":"taxable","12":"shipping-taxable","13":"purchasable","14":"product-type-simple"},"yoast_head":"<!-- This site is optimized with the Yoast SEO plugin v27.2 - https:\/\/yoast.com\/product\/yoast-seo-wordpress\/ -->\n<title>Kvap\u0173 neutralizatorius ka\u010di\u0173 kraikui Beaphar Orchid\u0117ja - MiuMjau<\/title>\n<meta name=\"robots\" content=\"index, follow, max-snippet:-1, max-image-preview:large, max-video-preview:-1\" \/>\n<link rel=\"canonical\" href=\"https:\/\/miumjau.ee\/lt\/produktas\/kvapu-neutralizatorius-kaciu-kraikui-beaphar-orchideja\/\" \/>\n<meta property=\"og:locale\" content=\"lt_LT\" \/>\n<meta property=\"og:type\" content=\"article\" \/>\n<meta property=\"og:title\" content=\"Kvap\u0173 neutralizatorius ka\u010di\u0173 kraikui Beaphar Orchid\u0117ja - MiuMjau\" \/>\n<meta property=\"og:description\" content=\"Kvap\u0173 neutralizuojantis milteliai skirti naudoti ka\u010di\u0173 kraike. Jie pa\u0161alina nemalon\u0173 kvap\u0105 ir prat\u0119sia kraiko tarnavimo laik\u0105. Milteliai stabdo bakterij\u0173 plitim\u0105, kas l\u0117tina nemaloni\u0173 kvap\u0173 susidarym\u0105. Naudojimas:Kai i\u0161tu\u0161tinote d\u0117\u017e\u0119, kruop\u0161\u010diai j\u0105 i\u0161valykite ir i\u0161d\u017eiovinkite. Supilkite pakankam\u0105 kiek\u012f naujo kraiko ir sumai\u0161ykite su kvap\u0173 neutralizatoriumi. Jo galima pilti pagal poreik\u012f, atsi\u017evelgiant \u012f kraiko b\u016bkl\u0119. Vieno pakuot\u0117s u\u017etenka iki 20 kart\u0173 (apie 3 m\u0117nesius). Produktas tinkamas naudoti su bet kokiu ka\u010di\u0173 kraiku ir yra saugus. Kiekis: 400 gGamintojas: Beaphar, Nyderlandai\" \/>\n<meta property=\"og:url\" content=\"https:\/\/miumjau.ee\/lt\/produktas\/kvapu-neutralizatorius-kaciu-kraikui-beaphar-orchideja\/\" \/>\n<meta property=\"og:site_name\" content=\"MiuMjau\" \/>\n<meta property=\"article:publisher\" content=\"https:\/\/www.facebook.com\/miumjaupood\/\" \/>\n<meta property=\"article:modified_time\" content=\"2026-01-07T18:49:50+00:00\" \/>\n<meta property=\"og:image\" content=\"https:\/\/miumjau.ee\/wp-content\/uploads\/2025\/05\/lohnade-neutraliseerija-beaphar-orhidee.webp\" \/>\n\t<meta property=\"og:image:width\" content=\"600\" \/>\n\t<meta property=\"og:image:height\" content=\"800\" \/>\n\t<meta property=\"og:image:type\" content=\"image\/webp\" \/>\n<meta name=\"twitter:card\" content=\"summary_large_image\" \/>\n<script type=\"application\/ld+json\" class=\"yoast-schema-graph\">{\"@context\":\"https:\/\/schema.org\",\"@graph\":[{\"@type\":\"WebPage\",\"@id\":\"https:\/\/miumjau.ee\/lt\/produktas\/kvapu-neutralizatorius-kaciu-kraikui-beaphar-orchideja\/\",\"url\":\"https:\/\/miumjau.ee\/lt\/produktas\/kvapu-neutralizatorius-kaciu-kraikui-beaphar-orchideja\/\",\"name\":\"Kvap\u0173 neutralizatorius ka\u010di\u0173 kraikui Beaphar Orchid\u0117ja - MiuMjau\",\"isPartOf\":{\"@id\":\"https:\/\/miumjau.ee\/#website\"},\"primaryImageOfPage\":{\"@id\":\"https:\/\/miumjau.ee\/lt\/produktas\/kvapu-neutralizatorius-kaciu-kraikui-beaphar-orchideja\/#primaryimage\"},\"image\":{\"@id\":\"https:\/\/miumjau.ee\/lt\/produktas\/kvapu-neutralizatorius-kaciu-kraikui-beaphar-orchideja\/#primaryimage\"},\"thumbnailUrl\":\"https:\/\/miumjau.ee\/wp-content\/uploads\/2025\/05\/lohnade-neutraliseerija-beaphar-orhidee.webp\",\"datePublished\":\"2025-05-12T07:49:12+00:00\",\"dateModified\":\"2026-01-07T18:49:50+00:00\",\"breadcrumb\":{\"@id\":\"https:\/\/miumjau.ee\/lt\/produktas\/kvapu-neutralizatorius-kaciu-kraikui-beaphar-orchideja\/#breadcrumb\"},\"inLanguage\":\"lt-LT\",\"potentialAction\":[{\"@type\":\"ReadAction\",\"target\":[\"https:\/\/miumjau.ee\/lt\/produktas\/kvapu-neutralizatorius-kaciu-kraikui-beaphar-orchideja\/\"]}]},{\"@type\":\"ImageObject\",\"inLanguage\":\"lt-LT\",\"@id\":\"https:\/\/miumjau.ee\/lt\/produktas\/kvapu-neutralizatorius-kaciu-kraikui-beaphar-orchideja\/#primaryimage\",\"url\":\"https:\/\/miumjau.ee\/wp-content\/uploads\/2025\/05\/lohnade-neutraliseerija-beaphar-orhidee.webp\",\"contentUrl\":\"https:\/\/miumjau.ee\/wp-content\/uploads\/2025\/05\/lohnade-neutraliseerija-beaphar-orhidee.webp\",\"width\":600,\"height\":800},{\"@type\":\"BreadcrumbList\",\"@id\":\"https:\/\/miumjau.ee\/lt\/produktas\/kvapu-neutralizatorius-kaciu-kraikui-beaphar-orchideja\/#breadcrumb\",\"itemListElement\":[{\"@type\":\"ListItem\",\"position\":1,\"name\":\"Home\",\"item\":\"https:\/\/miumjau.ee\/lt\/\"},{\"@type\":\"ListItem\",\"position\":2,\"name\":\"Parduotuv\u0117\",\"item\":\"https:\/\/miumjau.ee\/lt\/parduotuve\/\"},{\"@type\":\"ListItem\",\"position\":3,\"name\":\"Kvap\u0173 neutralizatorius ka\u010di\u0173 kraikui Beaphar Orchid\u0117ja\"}]},{\"@type\":\"WebSite\",\"@id\":\"https:\/\/miumjau.ee\/#website\",\"url\":\"https:\/\/miumjau.ee\/\",\"name\":\"MiuMjau\",\"description\":\"Kraapimispuud kassidele\",\"publisher\":{\"@id\":\"https:\/\/miumjau.ee\/#organization\"},\"potentialAction\":[{\"@type\":\"SearchAction\",\"target\":{\"@type\":\"EntryPoint\",\"urlTemplate\":\"https:\/\/miumjau.ee\/?s={search_term_string}\"},\"query-input\":{\"@type\":\"PropertyValueSpecification\",\"valueRequired\":true,\"valueName\":\"search_term_string\"}}],\"inLanguage\":\"lt-LT\"},{\"@type\":\"Organization\",\"@id\":\"https:\/\/miumjau.ee\/#organization\",\"name\":\"MiuMjau O\u00dc\",\"url\":\"https:\/\/miumjau.ee\/\",\"logo\":{\"@type\":\"ImageObject\",\"inLanguage\":\"lt-LT\",\"@id\":\"https:\/\/miumjau.ee\/#\/schema\/logo\/image\/\",\"url\":\"https:\/\/miumjau.ee\/wp-content\/uploads\/2022\/04\/MiuMjau-logo-kollane.png\",\"contentUrl\":\"https:\/\/miumjau.ee\/wp-content\/uploads\/2022\/04\/MiuMjau-logo-kollane.png\",\"width\":219,\"height\":100,\"caption\":\"MiuMjau O\u00dc\"},\"image\":{\"@id\":\"https:\/\/miumjau.ee\/#\/schema\/logo\/image\/\"},\"sameAs\":[\"https:\/\/www.facebook.com\/miumjaupood\/\"]}]}<\/script>\n<!-- \/ Yoast SEO plugin. -->","yoast_head_json":{"title":"Kvap\u0173 neutralizatorius ka\u010di\u0173 kraikui Beaphar Orchid\u0117ja - MiuMjau","robots":{"index":"index","follow":"follow","max-snippet":"max-snippet:-1","max-image-preview":"max-image-preview:large","max-video-preview":"max-video-preview:-1"},"canonical":"https:\/\/miumjau.ee\/lt\/produktas\/kvapu-neutralizatorius-kaciu-kraikui-beaphar-orchideja\/","og_locale":"lt_LT","og_type":"article","og_title":"Kvap\u0173 neutralizatorius ka\u010di\u0173 kraikui Beaphar Orchid\u0117ja - MiuMjau","og_description":"Kvap\u0173 neutralizuojantis milteliai skirti naudoti ka\u010di\u0173 kraike. Jie pa\u0161alina nemalon\u0173 kvap\u0105 ir prat\u0119sia kraiko tarnavimo laik\u0105. Milteliai stabdo bakterij\u0173 plitim\u0105, kas l\u0117tina nemaloni\u0173 kvap\u0173 susidarym\u0105. Naudojimas:Kai i\u0161tu\u0161tinote d\u0117\u017e\u0119, kruop\u0161\u010diai j\u0105 i\u0161valykite ir i\u0161d\u017eiovinkite. Supilkite pakankam\u0105 kiek\u012f naujo kraiko ir sumai\u0161ykite su kvap\u0173 neutralizatoriumi. Jo galima pilti pagal poreik\u012f, atsi\u017evelgiant \u012f kraiko b\u016bkl\u0119. Vieno pakuot\u0117s u\u017etenka iki 20 kart\u0173 (apie 3 m\u0117nesius). Produktas tinkamas naudoti su bet kokiu ka\u010di\u0173 kraiku ir yra saugus. Kiekis: 400 gGamintojas: Beaphar, Nyderlandai","og_url":"https:\/\/miumjau.ee\/lt\/produktas\/kvapu-neutralizatorius-kaciu-kraikui-beaphar-orchideja\/","og_site_name":"MiuMjau","article_publisher":"https:\/\/www.facebook.com\/miumjaupood\/","article_modified_time":"2026-01-07T18:49:50+00:00","og_image":[{"width":600,"height":800,"url":"https:\/\/miumjau.ee\/wp-content\/uploads\/2025\/05\/lohnade-neutraliseerija-beaphar-orhidee.webp","type":"image\/webp"}],"twitter_card":"summary_large_image","schema":{"@context":"https:\/\/schema.org","@graph":[{"@type":"WebPage","@id":"https:\/\/miumjau.ee\/lt\/produktas\/kvapu-neutralizatorius-kaciu-kraikui-beaphar-orchideja\/","url":"https:\/\/miumjau.ee\/lt\/produktas\/kvapu-neutralizatorius-kaciu-kraikui-beaphar-orchideja\/","name":"Kvap\u0173 neutralizatorius ka\u010di\u0173 kraikui Beaphar Orchid\u0117ja - MiuMjau","isPartOf":{"@id":"https:\/\/miumjau.ee\/#website"},"primaryImageOfPage":{"@id":"https:\/\/miumjau.ee\/lt\/produktas\/kvapu-neutralizatorius-kaciu-kraikui-beaphar-orchideja\/#primaryimage"},"image":{"@id":"https:\/\/miumjau.ee\/lt\/produktas\/kvapu-neutralizatorius-kaciu-kraikui-beaphar-orchideja\/#primaryimage"},"thumbnailUrl":"https:\/\/miumjau.ee\/wp-content\/uploads\/2025\/05\/lohnade-neutraliseerija-beaphar-orhidee.webp","datePublished":"2025-05-12T07:49:12+00:00","dateModified":"2026-01-07T18:49:50+00:00","breadcrumb":{"@id":"https:\/\/miumjau.ee\/lt\/produktas\/kvapu-neutralizatorius-kaciu-kraikui-beaphar-orchideja\/#breadcrumb"},"inLanguage":"lt-LT","potentialAction":[{"@type":"ReadAction","target":["https:\/\/miumjau.ee\/lt\/produktas\/kvapu-neutralizatorius-kaciu-kraikui-beaphar-orchideja\/"]}]},{"@type":"ImageObject","inLanguage":"lt-LT","@id":"https:\/\/miumjau.ee\/lt\/produktas\/kvapu-neutralizatorius-kaciu-kraikui-beaphar-orchideja\/#primaryimage","url":"https:\/\/miumjau.ee\/wp-content\/uploads\/2025\/05\/lohnade-neutraliseerija-beaphar-orhidee.webp","contentUrl":"https:\/\/miumjau.ee\/wp-content\/uploads\/2025\/05\/lohnade-neutraliseerija-beaphar-orhidee.webp","width":600,"height":800},{"@type":"BreadcrumbList","@id":"https:\/\/miumjau.ee\/lt\/produktas\/kvapu-neutralizatorius-kaciu-kraikui-beaphar-orchideja\/#breadcrumb","itemListElement":[{"@type":"ListItem","position":1,"name":"Home","item":"https:\/\/miumjau.ee\/lt\/"},{"@type":"ListItem","position":2,"name":"Parduotuv\u0117","item":"https:\/\/miumjau.ee\/lt\/parduotuve\/"},{"@type":"ListItem","position":3,"name":"Kvap\u0173 neutralizatorius ka\u010di\u0173 kraikui Beaphar Orchid\u0117ja"}]},{"@type":"WebSite","@id":"https:\/\/miumjau.ee\/#website","url":"https:\/\/miumjau.ee\/","name":"MiuMjau","description":"Kraapimispuud kassidele","publisher":{"@id":"https:\/\/miumjau.ee\/#organization"},"potentialAction":[{"@type":"SearchAction","target":{"@type":"EntryPoint","urlTemplate":"https:\/\/miumjau.ee\/?s={search_term_string}"},"query-input":{"@type":"PropertyValueSpecification","valueRequired":true,"valueName":"search_term_string"}}],"inLanguage":"lt-LT"},{"@type":"Organization","@id":"https:\/\/miumjau.ee\/#organization","name":"MiuMjau O\u00dc","url":"https:\/\/miumjau.ee\/","logo":{"@type":"ImageObject","inLanguage":"lt-LT","@id":"https:\/\/miumjau.ee\/#\/schema\/logo\/image\/","url":"https:\/\/miumjau.ee\/wp-content\/uploads\/2022\/04\/MiuMjau-logo-kollane.png","contentUrl":"https:\/\/miumjau.ee\/wp-content\/uploads\/2022\/04\/MiuMjau-logo-kollane.png","width":219,"height":100,"caption":"MiuMjau O\u00dc"},"image":{"@id":"https:\/\/miumjau.ee\/#\/schema\/logo\/image\/"},"sameAs":["https:\/\/www.facebook.com\/miumjaupood\/"]}]}},"_links":{"self":[{"href":"https:\/\/miumjau.ee\/lt\/wp-json\/wp\/v2\/product\/44809","targetHints":{"allow":["GET"]}}],"collection":[{"href":"https:\/\/miumjau.ee\/lt\/wp-json\/wp\/v2\/product"}],"about":[{"href":"https:\/\/miumjau.ee\/lt\/wp-json\/wp\/v2\/types\/product"}],"wp:featuredmedia":[{"embeddable":true,"href":"https:\/\/miumjau.ee\/lt\/wp-json\/wp\/v2\/media\/44810"}],"wp:attachment":[{"href":"https:\/\/miumjau.ee\/lt\/wp-json\/wp\/v2\/media?parent=44809"}],"wp:term":[{"taxonomy":"product_brand","embeddable":true,"href":"https:\/\/miumjau.ee\/lt\/wp-json\/wp\/v2\/product_brand?post=44809"},{"taxonomy":"product_cat","embeddable":true,"href":"https:\/\/miumjau.ee\/lt\/wp-json\/wp\/v2\/product_cat?post=44809"},{"taxonomy":"product_tag","embeddable":true,"href":"https:\/\/miumjau.ee\/lt\/wp-json\/wp\/v2\/product_tag?post=44809"}],"curies":[{"name":"wp","href":"https:\/\/api.w.org\/{rel}","templated":true}]}}