{"id":44783,"date":"2025-02-03T09:53:52","date_gmt":"2025-02-03T07:53:52","guid":{"rendered":"https:\/\/miumjau.ee\/toode\/draskymo-lenta-sienai-petrebels-scratch-frame-7030-wenge\/"},"modified":"2026-01-07T20:49:50","modified_gmt":"2026-01-07T18:49:50","slug":"draskymo-lenta-sienai-petrebels-scratch-frame-7030-wenge","status":"publish","type":"product","link":"https:\/\/miumjau.ee\/lt\/produktas\/draskymo-lenta-sienai-petrebels-scratch-frame-7030-wenge\/","title":{"rendered":"Draskymo lenta sienai Petrebels Scratch Frame 7030, wenge"},"content":{"rendered":"","protected":false},"excerpt":{"rendered":"<p data-start=\"1038\" data-end=\"1081\">Draskymo lenta, kuri tikrai ilgai tarnauja!<\/p>\n<p data-start=\"1083\" data-end=\"1526\">Scratch Frame 7030 \u2013 puikus priedas bet kuriam <em data-start=\"1130\" data-end=\"1146\">Wall of Rebels<\/em> kolekcijos gaminiui. \u0160i draskymo lenta turi prakti\u0161k\u0105 Z formos laikikl\u012f, leid\u017eiant\u012f lengvai ir tvirtai pritvirtinti j\u0105 prie sienos. Puikiai tinka draskymui \u2013 labai patogi, nes suteikia katei daug draskymo galimybi\u0173, ta\u010diau neu\u017eima daug vietos. Kaip ir visi m\u016bs\u0173 ka\u010di\u0173 baldai, \u0161i lenta pagaminta i\u0161 auk\u0161tos kokyb\u0117s med\u017eiag\u0173 \u2013 itin tvirto sizalio kilimo ir eukalipto med\u017eio kra\u0161t\u0173.<\/p>\n<p data-start=\"1528\" data-end=\"1783\"><strong data-start=\"1528\" data-end=\"1544\">I\u0161matavimai:<\/strong> ilgis 70 cm, plotis 30 cm, auk\u0161tis 2 cm<br data-start=\"1584\" data-end=\"1587\" \/>Produkto svoris: 2 kg<br data-start=\"1608\" data-end=\"1611\" \/>Pagaminta i\u0161 eukalipto medienos<br data-start=\"1642\" data-end=\"1645\" \/>Padengta sizalio kilimu, pritvirtintu \u201eVelcro\u201c juosta (kei\u010diama dalis)<br data-start=\"1715\" data-end=\"1718\" \/>Komplekte yra tvirtinimo detal\u0117s (Z laikiklis, var\u017etai, kai\u0161\u010diai)<\/p>\n","protected":false},"featured_media":44784,"template":"","meta":[],"product_brand":[],"product_cat":[517],"product_tag":[],"class_list":{"0":"post-44783","1":"product","2":"type-product","3":"status-publish","4":"has-post-thumbnail","6":"product_cat-laipiojimo-sienele-katems","7":"product_shipping_class-pakiautomaati-sobimatu-lt","9":"first","10":"instock","11":"sale","12":"taxable","13":"shipping-taxable","14":"purchasable","15":"product-type-simple"},"yoast_head":"<!-- This site is optimized with the Yoast SEO plugin v27.2 - https:\/\/yoast.com\/product\/yoast-seo-wordpress\/ -->\n<title>Draskymo lenta sienai Petrebels Scratch Frame 7030, wenge - MiuMjau<\/title>\n<meta name=\"robots\" content=\"index, follow, max-snippet:-1, max-image-preview:large, max-video-preview:-1\" \/>\n<link rel=\"canonical\" href=\"https:\/\/miumjau.ee\/lt\/produktas\/draskymo-lenta-sienai-petrebels-scratch-frame-7030-wenge\/\" \/>\n<meta property=\"og:locale\" content=\"lt_LT\" \/>\n<meta property=\"og:type\" content=\"article\" \/>\n<meta property=\"og:title\" content=\"Draskymo lenta sienai Petrebels Scratch Frame 7030, wenge - MiuMjau\" \/>\n<meta property=\"og:description\" content=\"Draskymo lenta, kuri tikrai ilgai tarnauja! Scratch Frame 7030 \u2013 puikus priedas bet kuriam Wall of Rebels kolekcijos gaminiui. \u0160i draskymo lenta turi prakti\u0161k\u0105 Z formos laikikl\u012f, leid\u017eiant\u012f lengvai ir tvirtai pritvirtinti j\u0105 prie sienos. Puikiai tinka draskymui \u2013 labai patogi, nes suteikia katei daug draskymo galimybi\u0173, ta\u010diau neu\u017eima daug vietos. Kaip ir visi m\u016bs\u0173 ka\u010di\u0173 baldai, \u0161i lenta pagaminta i\u0161 auk\u0161tos kokyb\u0117s med\u017eiag\u0173 \u2013 itin tvirto sizalio kilimo ir eukalipto med\u017eio kra\u0161t\u0173. I\u0161matavimai: ilgis 70 cm, plotis 30 cm, auk\u0161tis 2 cmProdukto svoris: 2 kgPagaminta i\u0161 eukalipto medienosPadengta sizalio kilimu, pritvirtintu \u201eVelcro\u201c juosta (kei\u010diama dalis)Komplekte yra tvirtinimo detal\u0117s (Z laikiklis, var\u017etai, kai\u0161\u010diai)\" \/>\n<meta property=\"og:url\" content=\"https:\/\/miumjau.ee\/lt\/produktas\/draskymo-lenta-sienai-petrebels-scratch-frame-7030-wenge\/\" \/>\n<meta property=\"og:site_name\" content=\"MiuMjau\" \/>\n<meta property=\"article:publisher\" content=\"https:\/\/www.facebook.com\/miumjaupood\/\" \/>\n<meta property=\"article:modified_time\" content=\"2026-01-07T18:49:50+00:00\" \/>\n<meta property=\"og:image\" content=\"https:\/\/miumjau.ee\/wp-content\/uploads\/2025\/02\/kaapimisplaat-petrebels-scratch-frame-70309.jpg\" \/>\n\t<meta property=\"og:image:width\" content=\"600\" \/>\n\t<meta property=\"og:image:height\" content=\"800\" \/>\n\t<meta property=\"og:image:type\" content=\"image\/jpeg\" \/>\n<meta name=\"twitter:card\" content=\"summary_large_image\" \/>\n<script type=\"application\/ld+json\" class=\"yoast-schema-graph\">{\"@context\":\"https:\/\/schema.org\",\"@graph\":[{\"@type\":\"WebPage\",\"@id\":\"https:\/\/miumjau.ee\/lt\/produktas\/draskymo-lenta-sienai-petrebels-scratch-frame-7030-wenge\/\",\"url\":\"https:\/\/miumjau.ee\/lt\/produktas\/draskymo-lenta-sienai-petrebels-scratch-frame-7030-wenge\/\",\"name\":\"Draskymo lenta sienai Petrebels Scratch Frame 7030, wenge - MiuMjau\",\"isPartOf\":{\"@id\":\"https:\/\/miumjau.ee\/#website\"},\"primaryImageOfPage\":{\"@id\":\"https:\/\/miumjau.ee\/lt\/produktas\/draskymo-lenta-sienai-petrebels-scratch-frame-7030-wenge\/#primaryimage\"},\"image\":{\"@id\":\"https:\/\/miumjau.ee\/lt\/produktas\/draskymo-lenta-sienai-petrebels-scratch-frame-7030-wenge\/#primaryimage\"},\"thumbnailUrl\":\"https:\/\/miumjau.ee\/wp-content\/uploads\/2025\/02\/kaapimisplaat-petrebels-scratch-frame-70309.jpg\",\"datePublished\":\"2025-02-03T07:53:52+00:00\",\"dateModified\":\"2026-01-07T18:49:50+00:00\",\"breadcrumb\":{\"@id\":\"https:\/\/miumjau.ee\/lt\/produktas\/draskymo-lenta-sienai-petrebels-scratch-frame-7030-wenge\/#breadcrumb\"},\"inLanguage\":\"lt-LT\",\"potentialAction\":[{\"@type\":\"ReadAction\",\"target\":[\"https:\/\/miumjau.ee\/lt\/produktas\/draskymo-lenta-sienai-petrebels-scratch-frame-7030-wenge\/\"]}]},{\"@type\":\"ImageObject\",\"inLanguage\":\"lt-LT\",\"@id\":\"https:\/\/miumjau.ee\/lt\/produktas\/draskymo-lenta-sienai-petrebels-scratch-frame-7030-wenge\/#primaryimage\",\"url\":\"https:\/\/miumjau.ee\/wp-content\/uploads\/2025\/02\/kaapimisplaat-petrebels-scratch-frame-70309.jpg\",\"contentUrl\":\"https:\/\/miumjau.ee\/wp-content\/uploads\/2025\/02\/kaapimisplaat-petrebels-scratch-frame-70309.jpg\",\"width\":600,\"height\":800},{\"@type\":\"BreadcrumbList\",\"@id\":\"https:\/\/miumjau.ee\/lt\/produktas\/draskymo-lenta-sienai-petrebels-scratch-frame-7030-wenge\/#breadcrumb\",\"itemListElement\":[{\"@type\":\"ListItem\",\"position\":1,\"name\":\"Home\",\"item\":\"https:\/\/miumjau.ee\/lt\/\"},{\"@type\":\"ListItem\",\"position\":2,\"name\":\"Parduotuv\u0117\",\"item\":\"https:\/\/miumjau.ee\/lt\/parduotuve\/\"},{\"@type\":\"ListItem\",\"position\":3,\"name\":\"Draskymo lenta sienai Petrebels Scratch Frame 7030, wenge\"}]},{\"@type\":\"WebSite\",\"@id\":\"https:\/\/miumjau.ee\/#website\",\"url\":\"https:\/\/miumjau.ee\/\",\"name\":\"MiuMjau\",\"description\":\"Kraapimispuud kassidele\",\"publisher\":{\"@id\":\"https:\/\/miumjau.ee\/#organization\"},\"potentialAction\":[{\"@type\":\"SearchAction\",\"target\":{\"@type\":\"EntryPoint\",\"urlTemplate\":\"https:\/\/miumjau.ee\/?s={search_term_string}\"},\"query-input\":{\"@type\":\"PropertyValueSpecification\",\"valueRequired\":true,\"valueName\":\"search_term_string\"}}],\"inLanguage\":\"lt-LT\"},{\"@type\":\"Organization\",\"@id\":\"https:\/\/miumjau.ee\/#organization\",\"name\":\"MiuMjau O\u00dc\",\"url\":\"https:\/\/miumjau.ee\/\",\"logo\":{\"@type\":\"ImageObject\",\"inLanguage\":\"lt-LT\",\"@id\":\"https:\/\/miumjau.ee\/#\/schema\/logo\/image\/\",\"url\":\"https:\/\/miumjau.ee\/wp-content\/uploads\/2022\/04\/MiuMjau-logo-kollane.png\",\"contentUrl\":\"https:\/\/miumjau.ee\/wp-content\/uploads\/2022\/04\/MiuMjau-logo-kollane.png\",\"width\":219,\"height\":100,\"caption\":\"MiuMjau O\u00dc\"},\"image\":{\"@id\":\"https:\/\/miumjau.ee\/#\/schema\/logo\/image\/\"},\"sameAs\":[\"https:\/\/www.facebook.com\/miumjaupood\/\"]}]}<\/script>\n<!-- \/ Yoast SEO plugin. -->","yoast_head_json":{"title":"Draskymo lenta sienai Petrebels Scratch Frame 7030, wenge - MiuMjau","robots":{"index":"index","follow":"follow","max-snippet":"max-snippet:-1","max-image-preview":"max-image-preview:large","max-video-preview":"max-video-preview:-1"},"canonical":"https:\/\/miumjau.ee\/lt\/produktas\/draskymo-lenta-sienai-petrebels-scratch-frame-7030-wenge\/","og_locale":"lt_LT","og_type":"article","og_title":"Draskymo lenta sienai Petrebels Scratch Frame 7030, wenge - MiuMjau","og_description":"Draskymo lenta, kuri tikrai ilgai tarnauja! Scratch Frame 7030 \u2013 puikus priedas bet kuriam Wall of Rebels kolekcijos gaminiui. \u0160i draskymo lenta turi prakti\u0161k\u0105 Z formos laikikl\u012f, leid\u017eiant\u012f lengvai ir tvirtai pritvirtinti j\u0105 prie sienos. Puikiai tinka draskymui \u2013 labai patogi, nes suteikia katei daug draskymo galimybi\u0173, ta\u010diau neu\u017eima daug vietos. Kaip ir visi m\u016bs\u0173 ka\u010di\u0173 baldai, \u0161i lenta pagaminta i\u0161 auk\u0161tos kokyb\u0117s med\u017eiag\u0173 \u2013 itin tvirto sizalio kilimo ir eukalipto med\u017eio kra\u0161t\u0173. I\u0161matavimai: ilgis 70 cm, plotis 30 cm, auk\u0161tis 2 cmProdukto svoris: 2 kgPagaminta i\u0161 eukalipto medienosPadengta sizalio kilimu, pritvirtintu \u201eVelcro\u201c juosta (kei\u010diama dalis)Komplekte yra tvirtinimo detal\u0117s (Z laikiklis, var\u017etai, kai\u0161\u010diai)","og_url":"https:\/\/miumjau.ee\/lt\/produktas\/draskymo-lenta-sienai-petrebels-scratch-frame-7030-wenge\/","og_site_name":"MiuMjau","article_publisher":"https:\/\/www.facebook.com\/miumjaupood\/","article_modified_time":"2026-01-07T18:49:50+00:00","og_image":[{"width":600,"height":800,"url":"https:\/\/miumjau.ee\/wp-content\/uploads\/2025\/02\/kaapimisplaat-petrebels-scratch-frame-70309.jpg","type":"image\/jpeg"}],"twitter_card":"summary_large_image","schema":{"@context":"https:\/\/schema.org","@graph":[{"@type":"WebPage","@id":"https:\/\/miumjau.ee\/lt\/produktas\/draskymo-lenta-sienai-petrebels-scratch-frame-7030-wenge\/","url":"https:\/\/miumjau.ee\/lt\/produktas\/draskymo-lenta-sienai-petrebels-scratch-frame-7030-wenge\/","name":"Draskymo lenta sienai Petrebels Scratch Frame 7030, wenge - MiuMjau","isPartOf":{"@id":"https:\/\/miumjau.ee\/#website"},"primaryImageOfPage":{"@id":"https:\/\/miumjau.ee\/lt\/produktas\/draskymo-lenta-sienai-petrebels-scratch-frame-7030-wenge\/#primaryimage"},"image":{"@id":"https:\/\/miumjau.ee\/lt\/produktas\/draskymo-lenta-sienai-petrebels-scratch-frame-7030-wenge\/#primaryimage"},"thumbnailUrl":"https:\/\/miumjau.ee\/wp-content\/uploads\/2025\/02\/kaapimisplaat-petrebels-scratch-frame-70309.jpg","datePublished":"2025-02-03T07:53:52+00:00","dateModified":"2026-01-07T18:49:50+00:00","breadcrumb":{"@id":"https:\/\/miumjau.ee\/lt\/produktas\/draskymo-lenta-sienai-petrebels-scratch-frame-7030-wenge\/#breadcrumb"},"inLanguage":"lt-LT","potentialAction":[{"@type":"ReadAction","target":["https:\/\/miumjau.ee\/lt\/produktas\/draskymo-lenta-sienai-petrebels-scratch-frame-7030-wenge\/"]}]},{"@type":"ImageObject","inLanguage":"lt-LT","@id":"https:\/\/miumjau.ee\/lt\/produktas\/draskymo-lenta-sienai-petrebels-scratch-frame-7030-wenge\/#primaryimage","url":"https:\/\/miumjau.ee\/wp-content\/uploads\/2025\/02\/kaapimisplaat-petrebels-scratch-frame-70309.jpg","contentUrl":"https:\/\/miumjau.ee\/wp-content\/uploads\/2025\/02\/kaapimisplaat-petrebels-scratch-frame-70309.jpg","width":600,"height":800},{"@type":"BreadcrumbList","@id":"https:\/\/miumjau.ee\/lt\/produktas\/draskymo-lenta-sienai-petrebels-scratch-frame-7030-wenge\/#breadcrumb","itemListElement":[{"@type":"ListItem","position":1,"name":"Home","item":"https:\/\/miumjau.ee\/lt\/"},{"@type":"ListItem","position":2,"name":"Parduotuv\u0117","item":"https:\/\/miumjau.ee\/lt\/parduotuve\/"},{"@type":"ListItem","position":3,"name":"Draskymo lenta sienai Petrebels Scratch Frame 7030, wenge"}]},{"@type":"WebSite","@id":"https:\/\/miumjau.ee\/#website","url":"https:\/\/miumjau.ee\/","name":"MiuMjau","description":"Kraapimispuud kassidele","publisher":{"@id":"https:\/\/miumjau.ee\/#organization"},"potentialAction":[{"@type":"SearchAction","target":{"@type":"EntryPoint","urlTemplate":"https:\/\/miumjau.ee\/?s={search_term_string}"},"query-input":{"@type":"PropertyValueSpecification","valueRequired":true,"valueName":"search_term_string"}}],"inLanguage":"lt-LT"},{"@type":"Organization","@id":"https:\/\/miumjau.ee\/#organization","name":"MiuMjau O\u00dc","url":"https:\/\/miumjau.ee\/","logo":{"@type":"ImageObject","inLanguage":"lt-LT","@id":"https:\/\/miumjau.ee\/#\/schema\/logo\/image\/","url":"https:\/\/miumjau.ee\/wp-content\/uploads\/2022\/04\/MiuMjau-logo-kollane.png","contentUrl":"https:\/\/miumjau.ee\/wp-content\/uploads\/2022\/04\/MiuMjau-logo-kollane.png","width":219,"height":100,"caption":"MiuMjau O\u00dc"},"image":{"@id":"https:\/\/miumjau.ee\/#\/schema\/logo\/image\/"},"sameAs":["https:\/\/www.facebook.com\/miumjaupood\/"]}]}},"_links":{"self":[{"href":"https:\/\/miumjau.ee\/lt\/wp-json\/wp\/v2\/product\/44783","targetHints":{"allow":["GET"]}}],"collection":[{"href":"https:\/\/miumjau.ee\/lt\/wp-json\/wp\/v2\/product"}],"about":[{"href":"https:\/\/miumjau.ee\/lt\/wp-json\/wp\/v2\/types\/product"}],"wp:featuredmedia":[{"embeddable":true,"href":"https:\/\/miumjau.ee\/lt\/wp-json\/wp\/v2\/media\/44784"}],"wp:attachment":[{"href":"https:\/\/miumjau.ee\/lt\/wp-json\/wp\/v2\/media?parent=44783"}],"wp:term":[{"taxonomy":"product_brand","embeddable":true,"href":"https:\/\/miumjau.ee\/lt\/wp-json\/wp\/v2\/product_brand?post=44783"},{"taxonomy":"product_cat","embeddable":true,"href":"https:\/\/miumjau.ee\/lt\/wp-json\/wp\/v2\/product_cat?post=44783"},{"taxonomy":"product_tag","embeddable":true,"href":"https:\/\/miumjau.ee\/lt\/wp-json\/wp\/v2\/product_tag?post=44783"}],"curies":[{"name":"wp","href":"https:\/\/api.w.org\/{rel}","templated":true}]}}