{"id":44728,"date":"2025-08-12T16:37:09","date_gmt":"2025-08-12T13:37:09","guid":{"rendered":"https:\/\/miumjau.ee\/toode\/draskykle-laipiojimo-medis-miumjau-7047-122-cm\/"},"modified":"2026-01-07T20:49:50","modified_gmt":"2026-01-07T18:49:50","slug":"draskykle-laipiojimo-medis-miumjau-7047-122-cm","status":"publish","type":"product","link":"https:\/\/miumjau.ee\/lt\/produktas\/draskykle-laipiojimo-medis-miumjau-7047-122-cm\/","title":{"rendered":"Draskykl\u0117\u2013laipiojimo medis MiuMjau 7047, 122 cm"},"content":{"rendered":"","protected":false},"excerpt":{"rendered":"<p data-start=\"955\" data-end=\"1363\">Katinams reikalinga draskykl\u0117, nes draskymas yra nat\u016bralus b\u016bdas pri\u017ei\u016br\u0117ti nagus, i\u0161tempti raumenis ir pa\u017eym\u0117ti teritorij\u0105. Be draskykl\u0117s jie gali tam naudoti sof\u0105 ar u\u017euolaidas, o tai gali sukelti brang\u0173 bald\u0173 remont\u0105. \u0160is gaminys taip pat suteikia \u017eaidimo ir laipiojimo galimybi\u0173, padeda katinui i\u0161likti aktyviam ir ma\u017eina nuobodul\u012f. Paprasta investicija, kuri u\u017etikrina laiming\u0105 kat\u0119 ir tvarkingus namus.<\/p>\n<p data-start=\"1365\" data-end=\"1519\">Laipiojimo medis yra stilingas ir kompakti\u0161kas. Visas katinui reikalingas funkcijas rasite viename produkte. Tinka nuo ka\u010diuk\u0173 iki vidutinio dyd\u017eio ka\u010di\u0173.<\/p>\n<p data-start=\"1521\" data-end=\"1675\"><strong data-start=\"1521\" data-end=\"1546\">Produkto i\u0161matavimai:<\/strong><br data-start=\"1546\" data-end=\"1549\" \/>Auk\u0161tis: 122 cm<br data-start=\"1564\" data-end=\"1567\" \/>Stulp\u0173 skersmuo: 11 cm<br data-start=\"1589\" data-end=\"1592\" \/>Pagrindo dydis: 55 \u00d7 65 cm<br data-start=\"1618\" data-end=\"1621\" \/>Namelis: 35 \u00d7 30 \u00d7 35 cm<br data-start=\"1645\" data-end=\"1648\" \/>Did\u017eiausias plotis: 78 cm<\/p>\n<p data-start=\"1677\" data-end=\"1737\" data-is-last-node=\"\" data-is-only-node=\"\">Produkto svoris: 29 kg<br data-start=\"1699\" data-end=\"1702\" \/>Produkto svoris su pakuote: 29,5 kg<\/p>\n","protected":false},"featured_media":42241,"template":"","meta":[],"product_brand":[],"product_cat":[513],"product_tag":[],"class_list":{"0":"post-44728","1":"product","2":"type-product","3":"status-publish","4":"has-post-thumbnail","6":"product_cat-vidutinio-dydzio-draskymo-medziai-petrebels","7":"product_shipping_class-pakiautomaati-sobimatu-lt","9":"first","10":"instock","11":"sale","12":"taxable","13":"shipping-taxable","14":"purchasable","15":"product-type-simple"},"yoast_head":"<!-- This site is optimized with the Yoast SEO plugin v27.4 - https:\/\/yoast.com\/product\/yoast-seo-wordpress\/ -->\n<title>Draskykl\u0117\u2013laipiojimo medis MiuMjau 7047, 122 cm - MiuMjau<\/title>\n<meta name=\"robots\" content=\"index, follow, max-snippet:-1, max-image-preview:large, max-video-preview:-1\" \/>\n<link rel=\"canonical\" href=\"https:\/\/miumjau.ee\/lt\/produktas\/draskykle-laipiojimo-medis-miumjau-7047-122-cm\/\" \/>\n<meta property=\"og:locale\" content=\"lt_LT\" \/>\n<meta property=\"og:type\" content=\"article\" \/>\n<meta property=\"og:title\" content=\"Draskykl\u0117\u2013laipiojimo medis MiuMjau 7047, 122 cm - MiuMjau\" \/>\n<meta property=\"og:description\" content=\"Katinams reikalinga draskykl\u0117, nes draskymas yra nat\u016bralus b\u016bdas pri\u017ei\u016br\u0117ti nagus, i\u0161tempti raumenis ir pa\u017eym\u0117ti teritorij\u0105. Be draskykl\u0117s jie gali tam naudoti sof\u0105 ar u\u017euolaidas, o tai gali sukelti brang\u0173 bald\u0173 remont\u0105. \u0160is gaminys taip pat suteikia \u017eaidimo ir laipiojimo galimybi\u0173, padeda katinui i\u0161likti aktyviam ir ma\u017eina nuobodul\u012f. Paprasta investicija, kuri u\u017etikrina laiming\u0105 kat\u0119 ir tvarkingus namus. Laipiojimo medis yra stilingas ir kompakti\u0161kas. Visas katinui reikalingas funkcijas rasite viename produkte. Tinka nuo ka\u010diuk\u0173 iki vidutinio dyd\u017eio ka\u010di\u0173. Produkto i\u0161matavimai:Auk\u0161tis: 122 cmStulp\u0173 skersmuo: 11 cmPagrindo dydis: 55 \u00d7 65 cmNamelis: 35 \u00d7 30 \u00d7 35 cmDid\u017eiausias plotis: 78 cm Produkto svoris: 29 kgProdukto svoris su pakuote: 29,5 kg\" \/>\n<meta property=\"og:url\" content=\"https:\/\/miumjau.ee\/lt\/produktas\/draskykle-laipiojimo-medis-miumjau-7047-122-cm\/\" \/>\n<meta property=\"og:site_name\" content=\"MiuMjau\" \/>\n<meta property=\"article:publisher\" content=\"https:\/\/www.facebook.com\/miumjaupood\/\" \/>\n<meta property=\"article:modified_time\" content=\"2026-01-07T18:49:50+00:00\" \/>\n<meta property=\"og:image\" content=\"https:\/\/miumjau.ee\/wp-content\/uploads\/2025\/08\/ronimispuu-miumjau-7047.jpg\" \/>\n\t<meta property=\"og:image:width\" content=\"600\" \/>\n\t<meta property=\"og:image:height\" content=\"800\" \/>\n\t<meta property=\"og:image:type\" content=\"image\/jpeg\" \/>\n<meta name=\"twitter:card\" content=\"summary_large_image\" \/>\n<script type=\"application\/ld+json\" class=\"yoast-schema-graph\">{\"@context\":\"https:\\\/\\\/schema.org\",\"@graph\":[{\"@type\":\"WebPage\",\"@id\":\"https:\\\/\\\/miumjau.ee\\\/lt\\\/produktas\\\/draskykle-laipiojimo-medis-miumjau-7047-122-cm\\\/\",\"url\":\"https:\\\/\\\/miumjau.ee\\\/lt\\\/produktas\\\/draskykle-laipiojimo-medis-miumjau-7047-122-cm\\\/\",\"name\":\"Draskykl\u0117\u2013laipiojimo medis MiuMjau 7047, 122 cm - MiuMjau\",\"isPartOf\":{\"@id\":\"https:\\\/\\\/miumjau.ee\\\/#website\"},\"primaryImageOfPage\":{\"@id\":\"https:\\\/\\\/miumjau.ee\\\/lt\\\/produktas\\\/draskykle-laipiojimo-medis-miumjau-7047-122-cm\\\/#primaryimage\"},\"image\":{\"@id\":\"https:\\\/\\\/miumjau.ee\\\/lt\\\/produktas\\\/draskykle-laipiojimo-medis-miumjau-7047-122-cm\\\/#primaryimage\"},\"thumbnailUrl\":\"https:\\\/\\\/miumjau.ee\\\/wp-content\\\/uploads\\\/2025\\\/08\\\/ronimispuu-miumjau-7047.jpg\",\"datePublished\":\"2025-08-12T13:37:09+00:00\",\"dateModified\":\"2026-01-07T18:49:50+00:00\",\"breadcrumb\":{\"@id\":\"https:\\\/\\\/miumjau.ee\\\/lt\\\/produktas\\\/draskykle-laipiojimo-medis-miumjau-7047-122-cm\\\/#breadcrumb\"},\"inLanguage\":\"lt-LT\",\"potentialAction\":[{\"@type\":\"ReadAction\",\"target\":[\"https:\\\/\\\/miumjau.ee\\\/lt\\\/produktas\\\/draskykle-laipiojimo-medis-miumjau-7047-122-cm\\\/\"]}]},{\"@type\":\"ImageObject\",\"inLanguage\":\"lt-LT\",\"@id\":\"https:\\\/\\\/miumjau.ee\\\/lt\\\/produktas\\\/draskykle-laipiojimo-medis-miumjau-7047-122-cm\\\/#primaryimage\",\"url\":\"https:\\\/\\\/miumjau.ee\\\/wp-content\\\/uploads\\\/2025\\\/08\\\/ronimispuu-miumjau-7047.jpg\",\"contentUrl\":\"https:\\\/\\\/miumjau.ee\\\/wp-content\\\/uploads\\\/2025\\\/08\\\/ronimispuu-miumjau-7047.jpg\",\"width\":600,\"height\":800,\"caption\":\"Ronimispuu MiuMjau 7047, 122cm\"},{\"@type\":\"BreadcrumbList\",\"@id\":\"https:\\\/\\\/miumjau.ee\\\/lt\\\/produktas\\\/draskykle-laipiojimo-medis-miumjau-7047-122-cm\\\/#breadcrumb\",\"itemListElement\":[{\"@type\":\"ListItem\",\"position\":1,\"name\":\"Home\",\"item\":\"https:\\\/\\\/miumjau.ee\\\/lt\\\/\"},{\"@type\":\"ListItem\",\"position\":2,\"name\":\"Parduotuv\u0117\",\"item\":\"https:\\\/\\\/miumjau.ee\\\/lt\\\/parduotuve\\\/\"},{\"@type\":\"ListItem\",\"position\":3,\"name\":\"Draskykl\u0117\u2013laipiojimo medis MiuMjau 7047, 122 cm\"}]},{\"@type\":\"WebSite\",\"@id\":\"https:\\\/\\\/miumjau.ee\\\/#website\",\"url\":\"https:\\\/\\\/miumjau.ee\\\/\",\"name\":\"MiuMjau\",\"description\":\"Kraapimispuud kassidele\",\"publisher\":{\"@id\":\"https:\\\/\\\/miumjau.ee\\\/#organization\"},\"potentialAction\":[{\"@type\":\"SearchAction\",\"target\":{\"@type\":\"EntryPoint\",\"urlTemplate\":\"https:\\\/\\\/miumjau.ee\\\/?s={search_term_string}\"},\"query-input\":{\"@type\":\"PropertyValueSpecification\",\"valueRequired\":true,\"valueName\":\"search_term_string\"}}],\"inLanguage\":\"lt-LT\"},{\"@type\":\"Organization\",\"@id\":\"https:\\\/\\\/miumjau.ee\\\/#organization\",\"name\":\"MiuMjau O\u00dc\",\"url\":\"https:\\\/\\\/miumjau.ee\\\/\",\"logo\":{\"@type\":\"ImageObject\",\"inLanguage\":\"lt-LT\",\"@id\":\"https:\\\/\\\/miumjau.ee\\\/#\\\/schema\\\/logo\\\/image\\\/\",\"url\":\"https:\\\/\\\/miumjau.ee\\\/wp-content\\\/uploads\\\/2022\\\/04\\\/MiuMjau-logo-kollane.png\",\"contentUrl\":\"https:\\\/\\\/miumjau.ee\\\/wp-content\\\/uploads\\\/2022\\\/04\\\/MiuMjau-logo-kollane.png\",\"width\":219,\"height\":100,\"caption\":\"MiuMjau O\u00dc\"},\"image\":{\"@id\":\"https:\\\/\\\/miumjau.ee\\\/#\\\/schema\\\/logo\\\/image\\\/\"},\"sameAs\":[\"https:\\\/\\\/www.facebook.com\\\/miumjaupood\\\/\"]}]}<\/script>\n<!-- \/ Yoast SEO plugin. -->","yoast_head_json":{"title":"Draskykl\u0117\u2013laipiojimo medis MiuMjau 7047, 122 cm - MiuMjau","robots":{"index":"index","follow":"follow","max-snippet":"max-snippet:-1","max-image-preview":"max-image-preview:large","max-video-preview":"max-video-preview:-1"},"canonical":"https:\/\/miumjau.ee\/lt\/produktas\/draskykle-laipiojimo-medis-miumjau-7047-122-cm\/","og_locale":"lt_LT","og_type":"article","og_title":"Draskykl\u0117\u2013laipiojimo medis MiuMjau 7047, 122 cm - MiuMjau","og_description":"Katinams reikalinga draskykl\u0117, nes draskymas yra nat\u016bralus b\u016bdas pri\u017ei\u016br\u0117ti nagus, i\u0161tempti raumenis ir pa\u017eym\u0117ti teritorij\u0105. Be draskykl\u0117s jie gali tam naudoti sof\u0105 ar u\u017euolaidas, o tai gali sukelti brang\u0173 bald\u0173 remont\u0105. \u0160is gaminys taip pat suteikia \u017eaidimo ir laipiojimo galimybi\u0173, padeda katinui i\u0161likti aktyviam ir ma\u017eina nuobodul\u012f. Paprasta investicija, kuri u\u017etikrina laiming\u0105 kat\u0119 ir tvarkingus namus. Laipiojimo medis yra stilingas ir kompakti\u0161kas. Visas katinui reikalingas funkcijas rasite viename produkte. Tinka nuo ka\u010diuk\u0173 iki vidutinio dyd\u017eio ka\u010di\u0173. Produkto i\u0161matavimai:Auk\u0161tis: 122 cmStulp\u0173 skersmuo: 11 cmPagrindo dydis: 55 \u00d7 65 cmNamelis: 35 \u00d7 30 \u00d7 35 cmDid\u017eiausias plotis: 78 cm Produkto svoris: 29 kgProdukto svoris su pakuote: 29,5 kg","og_url":"https:\/\/miumjau.ee\/lt\/produktas\/draskykle-laipiojimo-medis-miumjau-7047-122-cm\/","og_site_name":"MiuMjau","article_publisher":"https:\/\/www.facebook.com\/miumjaupood\/","article_modified_time":"2026-01-07T18:49:50+00:00","og_image":[{"width":600,"height":800,"url":"https:\/\/miumjau.ee\/wp-content\/uploads\/2025\/08\/ronimispuu-miumjau-7047.jpg","type":"image\/jpeg"}],"twitter_card":"summary_large_image","schema":{"@context":"https:\/\/schema.org","@graph":[{"@type":"WebPage","@id":"https:\/\/miumjau.ee\/lt\/produktas\/draskykle-laipiojimo-medis-miumjau-7047-122-cm\/","url":"https:\/\/miumjau.ee\/lt\/produktas\/draskykle-laipiojimo-medis-miumjau-7047-122-cm\/","name":"Draskykl\u0117\u2013laipiojimo medis MiuMjau 7047, 122 cm - MiuMjau","isPartOf":{"@id":"https:\/\/miumjau.ee\/#website"},"primaryImageOfPage":{"@id":"https:\/\/miumjau.ee\/lt\/produktas\/draskykle-laipiojimo-medis-miumjau-7047-122-cm\/#primaryimage"},"image":{"@id":"https:\/\/miumjau.ee\/lt\/produktas\/draskykle-laipiojimo-medis-miumjau-7047-122-cm\/#primaryimage"},"thumbnailUrl":"https:\/\/miumjau.ee\/wp-content\/uploads\/2025\/08\/ronimispuu-miumjau-7047.jpg","datePublished":"2025-08-12T13:37:09+00:00","dateModified":"2026-01-07T18:49:50+00:00","breadcrumb":{"@id":"https:\/\/miumjau.ee\/lt\/produktas\/draskykle-laipiojimo-medis-miumjau-7047-122-cm\/#breadcrumb"},"inLanguage":"lt-LT","potentialAction":[{"@type":"ReadAction","target":["https:\/\/miumjau.ee\/lt\/produktas\/draskykle-laipiojimo-medis-miumjau-7047-122-cm\/"]}]},{"@type":"ImageObject","inLanguage":"lt-LT","@id":"https:\/\/miumjau.ee\/lt\/produktas\/draskykle-laipiojimo-medis-miumjau-7047-122-cm\/#primaryimage","url":"https:\/\/miumjau.ee\/wp-content\/uploads\/2025\/08\/ronimispuu-miumjau-7047.jpg","contentUrl":"https:\/\/miumjau.ee\/wp-content\/uploads\/2025\/08\/ronimispuu-miumjau-7047.jpg","width":600,"height":800,"caption":"Ronimispuu MiuMjau 7047, 122cm"},{"@type":"BreadcrumbList","@id":"https:\/\/miumjau.ee\/lt\/produktas\/draskykle-laipiojimo-medis-miumjau-7047-122-cm\/#breadcrumb","itemListElement":[{"@type":"ListItem","position":1,"name":"Home","item":"https:\/\/miumjau.ee\/lt\/"},{"@type":"ListItem","position":2,"name":"Parduotuv\u0117","item":"https:\/\/miumjau.ee\/lt\/parduotuve\/"},{"@type":"ListItem","position":3,"name":"Draskykl\u0117\u2013laipiojimo medis MiuMjau 7047, 122 cm"}]},{"@type":"WebSite","@id":"https:\/\/miumjau.ee\/#website","url":"https:\/\/miumjau.ee\/","name":"MiuMjau","description":"Kraapimispuud kassidele","publisher":{"@id":"https:\/\/miumjau.ee\/#organization"},"potentialAction":[{"@type":"SearchAction","target":{"@type":"EntryPoint","urlTemplate":"https:\/\/miumjau.ee\/?s={search_term_string}"},"query-input":{"@type":"PropertyValueSpecification","valueRequired":true,"valueName":"search_term_string"}}],"inLanguage":"lt-LT"},{"@type":"Organization","@id":"https:\/\/miumjau.ee\/#organization","name":"MiuMjau O\u00dc","url":"https:\/\/miumjau.ee\/","logo":{"@type":"ImageObject","inLanguage":"lt-LT","@id":"https:\/\/miumjau.ee\/#\/schema\/logo\/image\/","url":"https:\/\/miumjau.ee\/wp-content\/uploads\/2022\/04\/MiuMjau-logo-kollane.png","contentUrl":"https:\/\/miumjau.ee\/wp-content\/uploads\/2022\/04\/MiuMjau-logo-kollane.png","width":219,"height":100,"caption":"MiuMjau O\u00dc"},"image":{"@id":"https:\/\/miumjau.ee\/#\/schema\/logo\/image\/"},"sameAs":["https:\/\/www.facebook.com\/miumjaupood\/"]}]}},"_links":{"self":[{"href":"https:\/\/miumjau.ee\/lt\/wp-json\/wp\/v2\/product\/44728","targetHints":{"allow":["GET"]}}],"collection":[{"href":"https:\/\/miumjau.ee\/lt\/wp-json\/wp\/v2\/product"}],"about":[{"href":"https:\/\/miumjau.ee\/lt\/wp-json\/wp\/v2\/types\/product"}],"wp:featuredmedia":[{"embeddable":true,"href":"https:\/\/miumjau.ee\/lt\/wp-json\/wp\/v2\/media\/42241"}],"wp:attachment":[{"href":"https:\/\/miumjau.ee\/lt\/wp-json\/wp\/v2\/media?parent=44728"}],"wp:term":[{"taxonomy":"product_brand","embeddable":true,"href":"https:\/\/miumjau.ee\/lt\/wp-json\/wp\/v2\/product_brand?post=44728"},{"taxonomy":"product_cat","embeddable":true,"href":"https:\/\/miumjau.ee\/lt\/wp-json\/wp\/v2\/product_cat?post=44728"},{"taxonomy":"product_tag","embeddable":true,"href":"https:\/\/miumjau.ee\/lt\/wp-json\/wp\/v2\/product_tag?post=44728"}],"curies":[{"name":"wp","href":"https:\/\/api.w.org\/{rel}","templated":true}]}}