{"id":44720,"date":"2025-08-12T16:41:15","date_gmt":"2025-08-12T13:41:15","guid":{"rendered":"https:\/\/miumjau.ee\/toode\/draskykle-laipiojimo-medis-miumjau-7061-130-cm\/"},"modified":"2026-01-07T20:49:58","modified_gmt":"2026-01-07T18:49:58","slug":"draskykle-laipiojimo-medis-miumjau-7061-130-cm","status":"publish","type":"product","link":"https:\/\/miumjau.ee\/lt\/produktas\/draskykle-laipiojimo-medis-miumjau-7061-130-cm\/","title":{"rendered":"Draskykl\u0117\u2013laipiojimo medis MiuMjau 7061, 130 cm"},"content":{"rendered":"","protected":false},"excerpt":{"rendered":"<p data-start=\"852\" data-end=\"1267\">Katinams reikalinga draskykl\u0117, nes draskymas yra nat\u016bralus b\u016bdas pri\u017ei\u016br\u0117ti nagus, i\u0161tempti raumenis ir pa\u017eym\u0117ti teritorij\u0105. Be draskykl\u0117s jie gali tam naudoti sof\u0105 ar u\u017euolaidas, o tai gali sukelti brangius bald\u0173 pa\u017eeidimus. Ji taip pat suteikia \u017eaidimo ir laipiojimo galimybi\u0173, padeda katinui i\u0161likti aktyviam ir ma\u017eina nuobodul\u012f. Paprasta investicija, kuri padeda i\u0161laikyti katin\u0105 laiming\u0105, o namus \u2013 tvarkingus.<\/p>\n<p data-start=\"1269\" data-end=\"1338\">Laipiojimo medis tinka ka\u010diukams, ma\u017eiems ir vidutinio dyd\u017eio kat\u0117ms.<\/p>\n<p data-start=\"1340\" data-end=\"1464\"><strong data-start=\"1340\" data-end=\"1356\">I\u0161matavimai:<\/strong><br data-start=\"1356\" data-end=\"1359\" \/>Auk\u0161tis: 130 cm<br data-start=\"1374\" data-end=\"1377\" \/>Stulp\u0173 skersmuo: 9 cm<br data-start=\"1398\" data-end=\"1401\" \/>Pagrindo dydis: 70 \u00d7 45 cm<br data-start=\"1427\" data-end=\"1430\" \/>Pla\u010diausia produkto dalis: 88 cm<\/p>\n<p data-start=\"1466\" data-end=\"1526\" data-is-last-node=\"\" data-is-only-node=\"\">Produkto svoris: 23 kg<br data-start=\"1488\" data-end=\"1491\" \/>Produkto svoris su pakuote: 23,5 kg<\/p>\n","protected":false},"featured_media":42244,"template":"","meta":[],"product_brand":[],"product_cat":[511],"product_tag":[],"class_list":{"0":"post-44720","1":"product","2":"type-product","3":"status-publish","4":"has-post-thumbnail","6":"product_cat-vidutinio-dydzio-draskymo-medziai","7":"product_shipping_class-pakiautomaati-sobimatu-lt","9":"first","10":"instock","11":"sale","12":"taxable","13":"shipping-taxable","14":"purchasable","15":"product-type-simple"},"yoast_head":"<!-- This site is optimized with the Yoast SEO plugin v27.2 - https:\/\/yoast.com\/product\/yoast-seo-wordpress\/ -->\n<title>Draskykl\u0117\u2013laipiojimo medis MiuMjau 7061, 130 cm - MiuMjau<\/title>\n<meta name=\"robots\" content=\"index, follow, max-snippet:-1, max-image-preview:large, max-video-preview:-1\" \/>\n<link rel=\"canonical\" href=\"https:\/\/miumjau.ee\/lt\/produktas\/draskykle-laipiojimo-medis-miumjau-7061-130-cm\/\" \/>\n<meta property=\"og:locale\" content=\"lt_LT\" \/>\n<meta property=\"og:type\" content=\"article\" \/>\n<meta property=\"og:title\" content=\"Draskykl\u0117\u2013laipiojimo medis MiuMjau 7061, 130 cm - MiuMjau\" \/>\n<meta property=\"og:description\" content=\"Katinams reikalinga draskykl\u0117, nes draskymas yra nat\u016bralus b\u016bdas pri\u017ei\u016br\u0117ti nagus, i\u0161tempti raumenis ir pa\u017eym\u0117ti teritorij\u0105. Be draskykl\u0117s jie gali tam naudoti sof\u0105 ar u\u017euolaidas, o tai gali sukelti brangius bald\u0173 pa\u017eeidimus. Ji taip pat suteikia \u017eaidimo ir laipiojimo galimybi\u0173, padeda katinui i\u0161likti aktyviam ir ma\u017eina nuobodul\u012f. Paprasta investicija, kuri padeda i\u0161laikyti katin\u0105 laiming\u0105, o namus \u2013 tvarkingus. Laipiojimo medis tinka ka\u010diukams, ma\u017eiems ir vidutinio dyd\u017eio kat\u0117ms. I\u0161matavimai:Auk\u0161tis: 130 cmStulp\u0173 skersmuo: 9 cmPagrindo dydis: 70 \u00d7 45 cmPla\u010diausia produkto dalis: 88 cm Produkto svoris: 23 kgProdukto svoris su pakuote: 23,5 kg\" \/>\n<meta property=\"og:url\" content=\"https:\/\/miumjau.ee\/lt\/produktas\/draskykle-laipiojimo-medis-miumjau-7061-130-cm\/\" \/>\n<meta property=\"og:site_name\" content=\"MiuMjau\" \/>\n<meta property=\"article:publisher\" content=\"https:\/\/www.facebook.com\/miumjaupood\/\" \/>\n<meta property=\"article:modified_time\" content=\"2026-01-07T18:49:58+00:00\" \/>\n<meta property=\"og:image\" content=\"https:\/\/miumjau.ee\/wp-content\/uploads\/2025\/08\/ronimispuu-miumjau-70613.jpg\" \/>\n\t<meta property=\"og:image:width\" content=\"600\" \/>\n\t<meta property=\"og:image:height\" content=\"800\" \/>\n\t<meta property=\"og:image:type\" content=\"image\/jpeg\" \/>\n<meta name=\"twitter:card\" content=\"summary_large_image\" \/>\n<script type=\"application\/ld+json\" class=\"yoast-schema-graph\">{\"@context\":\"https:\/\/schema.org\",\"@graph\":[{\"@type\":\"WebPage\",\"@id\":\"https:\/\/miumjau.ee\/lt\/produktas\/draskykle-laipiojimo-medis-miumjau-7061-130-cm\/\",\"url\":\"https:\/\/miumjau.ee\/lt\/produktas\/draskykle-laipiojimo-medis-miumjau-7061-130-cm\/\",\"name\":\"Draskykl\u0117\u2013laipiojimo medis MiuMjau 7061, 130 cm - MiuMjau\",\"isPartOf\":{\"@id\":\"https:\/\/miumjau.ee\/#website\"},\"primaryImageOfPage\":{\"@id\":\"https:\/\/miumjau.ee\/lt\/produktas\/draskykle-laipiojimo-medis-miumjau-7061-130-cm\/#primaryimage\"},\"image\":{\"@id\":\"https:\/\/miumjau.ee\/lt\/produktas\/draskykle-laipiojimo-medis-miumjau-7061-130-cm\/#primaryimage\"},\"thumbnailUrl\":\"https:\/\/miumjau.ee\/wp-content\/uploads\/2025\/08\/ronimispuu-miumjau-70613.jpg\",\"datePublished\":\"2025-08-12T13:41:15+00:00\",\"dateModified\":\"2026-01-07T18:49:58+00:00\",\"breadcrumb\":{\"@id\":\"https:\/\/miumjau.ee\/lt\/produktas\/draskykle-laipiojimo-medis-miumjau-7061-130-cm\/#breadcrumb\"},\"inLanguage\":\"lt-LT\",\"potentialAction\":[{\"@type\":\"ReadAction\",\"target\":[\"https:\/\/miumjau.ee\/lt\/produktas\/draskykle-laipiojimo-medis-miumjau-7061-130-cm\/\"]}]},{\"@type\":\"ImageObject\",\"inLanguage\":\"lt-LT\",\"@id\":\"https:\/\/miumjau.ee\/lt\/produktas\/draskykle-laipiojimo-medis-miumjau-7061-130-cm\/#primaryimage\",\"url\":\"https:\/\/miumjau.ee\/wp-content\/uploads\/2025\/08\/ronimispuu-miumjau-70613.jpg\",\"contentUrl\":\"https:\/\/miumjau.ee\/wp-content\/uploads\/2025\/08\/ronimispuu-miumjau-70613.jpg\",\"width\":600,\"height\":800,\"caption\":\"Ronimispuu MiuMjau 7061, 130cm\"},{\"@type\":\"BreadcrumbList\",\"@id\":\"https:\/\/miumjau.ee\/lt\/produktas\/draskykle-laipiojimo-medis-miumjau-7061-130-cm\/#breadcrumb\",\"itemListElement\":[{\"@type\":\"ListItem\",\"position\":1,\"name\":\"Home\",\"item\":\"https:\/\/miumjau.ee\/lt\/\"},{\"@type\":\"ListItem\",\"position\":2,\"name\":\"Parduotuv\u0117\",\"item\":\"https:\/\/miumjau.ee\/lt\/parduotuve\/\"},{\"@type\":\"ListItem\",\"position\":3,\"name\":\"Draskykl\u0117\u2013laipiojimo medis MiuMjau 7061, 130 cm\"}]},{\"@type\":\"WebSite\",\"@id\":\"https:\/\/miumjau.ee\/#website\",\"url\":\"https:\/\/miumjau.ee\/\",\"name\":\"MiuMjau\",\"description\":\"Kraapimispuud kassidele\",\"publisher\":{\"@id\":\"https:\/\/miumjau.ee\/#organization\"},\"potentialAction\":[{\"@type\":\"SearchAction\",\"target\":{\"@type\":\"EntryPoint\",\"urlTemplate\":\"https:\/\/miumjau.ee\/?s={search_term_string}\"},\"query-input\":{\"@type\":\"PropertyValueSpecification\",\"valueRequired\":true,\"valueName\":\"search_term_string\"}}],\"inLanguage\":\"lt-LT\"},{\"@type\":\"Organization\",\"@id\":\"https:\/\/miumjau.ee\/#organization\",\"name\":\"MiuMjau O\u00dc\",\"url\":\"https:\/\/miumjau.ee\/\",\"logo\":{\"@type\":\"ImageObject\",\"inLanguage\":\"lt-LT\",\"@id\":\"https:\/\/miumjau.ee\/#\/schema\/logo\/image\/\",\"url\":\"https:\/\/miumjau.ee\/wp-content\/uploads\/2022\/04\/MiuMjau-logo-kollane.png\",\"contentUrl\":\"https:\/\/miumjau.ee\/wp-content\/uploads\/2022\/04\/MiuMjau-logo-kollane.png\",\"width\":219,\"height\":100,\"caption\":\"MiuMjau O\u00dc\"},\"image\":{\"@id\":\"https:\/\/miumjau.ee\/#\/schema\/logo\/image\/\"},\"sameAs\":[\"https:\/\/www.facebook.com\/miumjaupood\/\"]}]}<\/script>\n<!-- \/ Yoast SEO plugin. -->","yoast_head_json":{"title":"Draskykl\u0117\u2013laipiojimo medis MiuMjau 7061, 130 cm - MiuMjau","robots":{"index":"index","follow":"follow","max-snippet":"max-snippet:-1","max-image-preview":"max-image-preview:large","max-video-preview":"max-video-preview:-1"},"canonical":"https:\/\/miumjau.ee\/lt\/produktas\/draskykle-laipiojimo-medis-miumjau-7061-130-cm\/","og_locale":"lt_LT","og_type":"article","og_title":"Draskykl\u0117\u2013laipiojimo medis MiuMjau 7061, 130 cm - MiuMjau","og_description":"Katinams reikalinga draskykl\u0117, nes draskymas yra nat\u016bralus b\u016bdas pri\u017ei\u016br\u0117ti nagus, i\u0161tempti raumenis ir pa\u017eym\u0117ti teritorij\u0105. Be draskykl\u0117s jie gali tam naudoti sof\u0105 ar u\u017euolaidas, o tai gali sukelti brangius bald\u0173 pa\u017eeidimus. Ji taip pat suteikia \u017eaidimo ir laipiojimo galimybi\u0173, padeda katinui i\u0161likti aktyviam ir ma\u017eina nuobodul\u012f. Paprasta investicija, kuri padeda i\u0161laikyti katin\u0105 laiming\u0105, o namus \u2013 tvarkingus. Laipiojimo medis tinka ka\u010diukams, ma\u017eiems ir vidutinio dyd\u017eio kat\u0117ms. I\u0161matavimai:Auk\u0161tis: 130 cmStulp\u0173 skersmuo: 9 cmPagrindo dydis: 70 \u00d7 45 cmPla\u010diausia produkto dalis: 88 cm Produkto svoris: 23 kgProdukto svoris su pakuote: 23,5 kg","og_url":"https:\/\/miumjau.ee\/lt\/produktas\/draskykle-laipiojimo-medis-miumjau-7061-130-cm\/","og_site_name":"MiuMjau","article_publisher":"https:\/\/www.facebook.com\/miumjaupood\/","article_modified_time":"2026-01-07T18:49:58+00:00","og_image":[{"width":600,"height":800,"url":"https:\/\/miumjau.ee\/wp-content\/uploads\/2025\/08\/ronimispuu-miumjau-70613.jpg","type":"image\/jpeg"}],"twitter_card":"summary_large_image","schema":{"@context":"https:\/\/schema.org","@graph":[{"@type":"WebPage","@id":"https:\/\/miumjau.ee\/lt\/produktas\/draskykle-laipiojimo-medis-miumjau-7061-130-cm\/","url":"https:\/\/miumjau.ee\/lt\/produktas\/draskykle-laipiojimo-medis-miumjau-7061-130-cm\/","name":"Draskykl\u0117\u2013laipiojimo medis MiuMjau 7061, 130 cm - MiuMjau","isPartOf":{"@id":"https:\/\/miumjau.ee\/#website"},"primaryImageOfPage":{"@id":"https:\/\/miumjau.ee\/lt\/produktas\/draskykle-laipiojimo-medis-miumjau-7061-130-cm\/#primaryimage"},"image":{"@id":"https:\/\/miumjau.ee\/lt\/produktas\/draskykle-laipiojimo-medis-miumjau-7061-130-cm\/#primaryimage"},"thumbnailUrl":"https:\/\/miumjau.ee\/wp-content\/uploads\/2025\/08\/ronimispuu-miumjau-70613.jpg","datePublished":"2025-08-12T13:41:15+00:00","dateModified":"2026-01-07T18:49:58+00:00","breadcrumb":{"@id":"https:\/\/miumjau.ee\/lt\/produktas\/draskykle-laipiojimo-medis-miumjau-7061-130-cm\/#breadcrumb"},"inLanguage":"lt-LT","potentialAction":[{"@type":"ReadAction","target":["https:\/\/miumjau.ee\/lt\/produktas\/draskykle-laipiojimo-medis-miumjau-7061-130-cm\/"]}]},{"@type":"ImageObject","inLanguage":"lt-LT","@id":"https:\/\/miumjau.ee\/lt\/produktas\/draskykle-laipiojimo-medis-miumjau-7061-130-cm\/#primaryimage","url":"https:\/\/miumjau.ee\/wp-content\/uploads\/2025\/08\/ronimispuu-miumjau-70613.jpg","contentUrl":"https:\/\/miumjau.ee\/wp-content\/uploads\/2025\/08\/ronimispuu-miumjau-70613.jpg","width":600,"height":800,"caption":"Ronimispuu MiuMjau 7061, 130cm"},{"@type":"BreadcrumbList","@id":"https:\/\/miumjau.ee\/lt\/produktas\/draskykle-laipiojimo-medis-miumjau-7061-130-cm\/#breadcrumb","itemListElement":[{"@type":"ListItem","position":1,"name":"Home","item":"https:\/\/miumjau.ee\/lt\/"},{"@type":"ListItem","position":2,"name":"Parduotuv\u0117","item":"https:\/\/miumjau.ee\/lt\/parduotuve\/"},{"@type":"ListItem","position":3,"name":"Draskykl\u0117\u2013laipiojimo medis MiuMjau 7061, 130 cm"}]},{"@type":"WebSite","@id":"https:\/\/miumjau.ee\/#website","url":"https:\/\/miumjau.ee\/","name":"MiuMjau","description":"Kraapimispuud kassidele","publisher":{"@id":"https:\/\/miumjau.ee\/#organization"},"potentialAction":[{"@type":"SearchAction","target":{"@type":"EntryPoint","urlTemplate":"https:\/\/miumjau.ee\/?s={search_term_string}"},"query-input":{"@type":"PropertyValueSpecification","valueRequired":true,"valueName":"search_term_string"}}],"inLanguage":"lt-LT"},{"@type":"Organization","@id":"https:\/\/miumjau.ee\/#organization","name":"MiuMjau O\u00dc","url":"https:\/\/miumjau.ee\/","logo":{"@type":"ImageObject","inLanguage":"lt-LT","@id":"https:\/\/miumjau.ee\/#\/schema\/logo\/image\/","url":"https:\/\/miumjau.ee\/wp-content\/uploads\/2022\/04\/MiuMjau-logo-kollane.png","contentUrl":"https:\/\/miumjau.ee\/wp-content\/uploads\/2022\/04\/MiuMjau-logo-kollane.png","width":219,"height":100,"caption":"MiuMjau O\u00dc"},"image":{"@id":"https:\/\/miumjau.ee\/#\/schema\/logo\/image\/"},"sameAs":["https:\/\/www.facebook.com\/miumjaupood\/"]}]}},"_links":{"self":[{"href":"https:\/\/miumjau.ee\/lt\/wp-json\/wp\/v2\/product\/44720","targetHints":{"allow":["GET"]}}],"collection":[{"href":"https:\/\/miumjau.ee\/lt\/wp-json\/wp\/v2\/product"}],"about":[{"href":"https:\/\/miumjau.ee\/lt\/wp-json\/wp\/v2\/types\/product"}],"wp:featuredmedia":[{"embeddable":true,"href":"https:\/\/miumjau.ee\/lt\/wp-json\/wp\/v2\/media\/42244"}],"wp:attachment":[{"href":"https:\/\/miumjau.ee\/lt\/wp-json\/wp\/v2\/media?parent=44720"}],"wp:term":[{"taxonomy":"product_brand","embeddable":true,"href":"https:\/\/miumjau.ee\/lt\/wp-json\/wp\/v2\/product_brand?post=44720"},{"taxonomy":"product_cat","embeddable":true,"href":"https:\/\/miumjau.ee\/lt\/wp-json\/wp\/v2\/product_cat?post=44720"},{"taxonomy":"product_tag","embeddable":true,"href":"https:\/\/miumjau.ee\/lt\/wp-json\/wp\/v2\/product_tag?post=44720"}],"curies":[{"name":"wp","href":"https:\/\/api.w.org\/{rel}","templated":true}]}}