{"id":44702,"date":"2025-08-26T13:23:41","date_gmt":"2025-08-26T10:23:41","guid":{"rendered":"https:\/\/miumjau.ee\/toode\/beaphar-vit-bits-vitaminu-pasta-idarytas-kaciu-skanestas-35-g\/"},"modified":"2026-01-07T20:49:58","modified_gmt":"2026-01-07T18:49:58","slug":"beaphar-vit-bits-vitaminu-pasta-idarytas-kaciu-skanestas-35-g","status":"publish","type":"product","link":"https:\/\/miumjau.ee\/lt\/produktas\/beaphar-vit-bits-vitaminu-pasta-idarytas-kaciu-skanestas-35-g\/","title":{"rendered":"Beaphar Vit-Bits vitamin\u0173 pasta \u012fdarytas ka\u010di\u0173 skan\u0117stas 35 g"},"content":{"rendered":"","protected":false},"excerpt":{"rendered":"<p data-start=\"1078\" data-end=\"1380\">Beaphar Vit-Bits \u2013 pa\u0161aro papildas kat\u0117ms. Tra\u0161k\u016bs pagalv\u0117l\u0117s Vit-Bits yra pripildytos multivitamin\u0173 pasta \u2013 skanus ir naudingas papildas kat\u0117ms. Be kasdien reikaling\u0173 vitamin\u0173 tai taip pat suteikia taurino, kuris palaiko ka\u010di\u0173 reg\u0117jim\u0105 ir \u0161irdies veikl\u0105, bei B grup\u0117s vitamin\u0173, nauding\u0173 kailio b\u016bklei.<\/p>\n<p data-start=\"1382\" data-end=\"1512\"><strong data-start=\"1382\" data-end=\"1394\">Sud\u0117tis:<\/strong> gr\u016bdai, pienas ir pieno produktai, m\u0117sa ir gyv\u016bnin\u0117s kilm\u0117s subproduktai, aliejai ir riebalai, mineralin\u0117s med\u017eiagos.<\/p>\n<p data-start=\"1514\" data-end=\"1933\"><strong data-start=\"1514\" data-end=\"1536\">Analitin\u0117 sud\u0117tis:<\/strong> \u017eali baltymai 31%; \u017ealios skaidulos 2,8%; \u017eali riebalai 10%; \u017eali pelenai 2,4%; dr\u0117gm\u0117 8,9%; kalcis 0,15%; fosforas 0,62%; natris 0,17%; kalis 0,54%; magnis 0,13%.<br data-start=\"1700\" data-end=\"1703\" \/>Papildai 1 kg: A vitaminas 4580 TV; B1 vitaminas 58 mg; B2 vitaminas 17 mg; pantoteno r\u016bg\u0161tis 2,8 mg; nikotinamidas 160 mg; biotinas 62 mg; taurinas 660 mg; C vitaminas 870 mg; E vitaminas 100 TV; taurinas 1000 mg. Antioksidantai.<\/p>\n","protected":false},"featured_media":43856,"template":"","meta":[],"product_brand":[],"product_cat":[527,879],"product_tag":[],"class_list":{"0":"post-44702","1":"product","2":"type-product","3":"status-publish","4":"has-post-thumbnail","6":"product_cat-skanestai","7":"product_cat-vitaminai-ir-papildai-katems","9":"first","10":"instock","11":"taxable","12":"shipping-taxable","13":"purchasable","14":"product-type-simple"},"yoast_head":"<!-- This site is optimized with the Yoast SEO plugin v27.4 - https:\/\/yoast.com\/product\/yoast-seo-wordpress\/ -->\n<title>Beaphar Vit-Bits vitamin\u0173 pasta \u012fdarytas ka\u010di\u0173 skan\u0117stas 35 g - MiuMjau<\/title>\n<meta name=\"robots\" content=\"index, follow, max-snippet:-1, max-image-preview:large, max-video-preview:-1\" \/>\n<link rel=\"canonical\" href=\"https:\/\/miumjau.ee\/lt\/produktas\/beaphar-vit-bits-vitaminu-pasta-idarytas-kaciu-skanestas-35-g\/\" \/>\n<meta property=\"og:locale\" content=\"lt_LT\" \/>\n<meta property=\"og:type\" content=\"article\" \/>\n<meta property=\"og:title\" content=\"Beaphar Vit-Bits vitamin\u0173 pasta \u012fdarytas ka\u010di\u0173 skan\u0117stas 35 g - MiuMjau\" \/>\n<meta property=\"og:description\" content=\"Beaphar Vit-Bits \u2013 pa\u0161aro papildas kat\u0117ms. Tra\u0161k\u016bs pagalv\u0117l\u0117s Vit-Bits yra pripildytos multivitamin\u0173 pasta \u2013 skanus ir naudingas papildas kat\u0117ms. Be kasdien reikaling\u0173 vitamin\u0173 tai taip pat suteikia taurino, kuris palaiko ka\u010di\u0173 reg\u0117jim\u0105 ir \u0161irdies veikl\u0105, bei B grup\u0117s vitamin\u0173, nauding\u0173 kailio b\u016bklei. Sud\u0117tis: gr\u016bdai, pienas ir pieno produktai, m\u0117sa ir gyv\u016bnin\u0117s kilm\u0117s subproduktai, aliejai ir riebalai, mineralin\u0117s med\u017eiagos. Analitin\u0117 sud\u0117tis: \u017eali baltymai 31%; \u017ealios skaidulos 2,8%; \u017eali riebalai 10%; \u017eali pelenai 2,4%; dr\u0117gm\u0117 8,9%; kalcis 0,15%; fosforas 0,62%; natris 0,17%; kalis 0,54%; magnis 0,13%.Papildai 1 kg: A vitaminas 4580 TV; B1 vitaminas 58 mg; B2 vitaminas 17 mg; pantoteno r\u016bg\u0161tis 2,8 mg; nikotinamidas 160 mg; biotinas 62 mg; taurinas 660 mg; C vitaminas 870 mg; E vitaminas 100 TV; taurinas 1000 mg. Antioksidantai.\" \/>\n<meta property=\"og:url\" content=\"https:\/\/miumjau.ee\/lt\/produktas\/beaphar-vit-bits-vitaminu-pasta-idarytas-kaciu-skanestas-35-g\/\" \/>\n<meta property=\"og:site_name\" content=\"MiuMjau\" \/>\n<meta property=\"article:publisher\" content=\"https:\/\/www.facebook.com\/miumjaupood\/\" \/>\n<meta property=\"article:modified_time\" content=\"2026-01-07T18:49:58+00:00\" \/>\n<meta property=\"og:image\" content=\"https:\/\/miumjau.ee\/wp-content\/uploads\/2025\/08\/beaphar-vit-bits-vitamiini-maius.jpg\" \/>\n\t<meta property=\"og:image:width\" content=\"600\" \/>\n\t<meta property=\"og:image:height\" content=\"800\" \/>\n\t<meta property=\"og:image:type\" content=\"image\/jpeg\" \/>\n<meta name=\"twitter:card\" content=\"summary_large_image\" \/>\n<script type=\"application\/ld+json\" class=\"yoast-schema-graph\">{\"@context\":\"https:\\\/\\\/schema.org\",\"@graph\":[{\"@type\":\"WebPage\",\"@id\":\"https:\\\/\\\/miumjau.ee\\\/lt\\\/produktas\\\/beaphar-vit-bits-vitaminu-pasta-idarytas-kaciu-skanestas-35-g\\\/\",\"url\":\"https:\\\/\\\/miumjau.ee\\\/lt\\\/produktas\\\/beaphar-vit-bits-vitaminu-pasta-idarytas-kaciu-skanestas-35-g\\\/\",\"name\":\"Beaphar Vit-Bits vitamin\u0173 pasta \u012fdarytas ka\u010di\u0173 skan\u0117stas 35 g - MiuMjau\",\"isPartOf\":{\"@id\":\"https:\\\/\\\/miumjau.ee\\\/#website\"},\"primaryImageOfPage\":{\"@id\":\"https:\\\/\\\/miumjau.ee\\\/lt\\\/produktas\\\/beaphar-vit-bits-vitaminu-pasta-idarytas-kaciu-skanestas-35-g\\\/#primaryimage\"},\"image\":{\"@id\":\"https:\\\/\\\/miumjau.ee\\\/lt\\\/produktas\\\/beaphar-vit-bits-vitaminu-pasta-idarytas-kaciu-skanestas-35-g\\\/#primaryimage\"},\"thumbnailUrl\":\"https:\\\/\\\/miumjau.ee\\\/wp-content\\\/uploads\\\/2025\\\/08\\\/beaphar-vit-bits-vitamiini-maius.jpg\",\"datePublished\":\"2025-08-26T10:23:41+00:00\",\"dateModified\":\"2026-01-07T18:49:58+00:00\",\"breadcrumb\":{\"@id\":\"https:\\\/\\\/miumjau.ee\\\/lt\\\/produktas\\\/beaphar-vit-bits-vitaminu-pasta-idarytas-kaciu-skanestas-35-g\\\/#breadcrumb\"},\"inLanguage\":\"lt-LT\",\"potentialAction\":[{\"@type\":\"ReadAction\",\"target\":[\"https:\\\/\\\/miumjau.ee\\\/lt\\\/produktas\\\/beaphar-vit-bits-vitaminu-pasta-idarytas-kaciu-skanestas-35-g\\\/\"]}]},{\"@type\":\"ImageObject\",\"inLanguage\":\"lt-LT\",\"@id\":\"https:\\\/\\\/miumjau.ee\\\/lt\\\/produktas\\\/beaphar-vit-bits-vitaminu-pasta-idarytas-kaciu-skanestas-35-g\\\/#primaryimage\",\"url\":\"https:\\\/\\\/miumjau.ee\\\/wp-content\\\/uploads\\\/2025\\\/08\\\/beaphar-vit-bits-vitamiini-maius.jpg\",\"contentUrl\":\"https:\\\/\\\/miumjau.ee\\\/wp-content\\\/uploads\\\/2025\\\/08\\\/beaphar-vit-bits-vitamiini-maius.jpg\",\"width\":600,\"height\":800,\"caption\":\"Beaphar Vit-Bits vitamiinipastaga kassimaius 35g\"},{\"@type\":\"BreadcrumbList\",\"@id\":\"https:\\\/\\\/miumjau.ee\\\/lt\\\/produktas\\\/beaphar-vit-bits-vitaminu-pasta-idarytas-kaciu-skanestas-35-g\\\/#breadcrumb\",\"itemListElement\":[{\"@type\":\"ListItem\",\"position\":1,\"name\":\"Home\",\"item\":\"https:\\\/\\\/miumjau.ee\\\/lt\\\/\"},{\"@type\":\"ListItem\",\"position\":2,\"name\":\"Parduotuv\u0117\",\"item\":\"https:\\\/\\\/miumjau.ee\\\/lt\\\/parduotuve\\\/\"},{\"@type\":\"ListItem\",\"position\":3,\"name\":\"Beaphar Vit-Bits vitamin\u0173 pasta \u012fdarytas ka\u010di\u0173 skan\u0117stas 35 g\"}]},{\"@type\":\"WebSite\",\"@id\":\"https:\\\/\\\/miumjau.ee\\\/#website\",\"url\":\"https:\\\/\\\/miumjau.ee\\\/\",\"name\":\"MiuMjau\",\"description\":\"Kraapimispuud kassidele\",\"publisher\":{\"@id\":\"https:\\\/\\\/miumjau.ee\\\/#organization\"},\"potentialAction\":[{\"@type\":\"SearchAction\",\"target\":{\"@type\":\"EntryPoint\",\"urlTemplate\":\"https:\\\/\\\/miumjau.ee\\\/?s={search_term_string}\"},\"query-input\":{\"@type\":\"PropertyValueSpecification\",\"valueRequired\":true,\"valueName\":\"search_term_string\"}}],\"inLanguage\":\"lt-LT\"},{\"@type\":\"Organization\",\"@id\":\"https:\\\/\\\/miumjau.ee\\\/#organization\",\"name\":\"MiuMjau O\u00dc\",\"url\":\"https:\\\/\\\/miumjau.ee\\\/\",\"logo\":{\"@type\":\"ImageObject\",\"inLanguage\":\"lt-LT\",\"@id\":\"https:\\\/\\\/miumjau.ee\\\/#\\\/schema\\\/logo\\\/image\\\/\",\"url\":\"https:\\\/\\\/miumjau.ee\\\/wp-content\\\/uploads\\\/2022\\\/04\\\/MiuMjau-logo-kollane.png\",\"contentUrl\":\"https:\\\/\\\/miumjau.ee\\\/wp-content\\\/uploads\\\/2022\\\/04\\\/MiuMjau-logo-kollane.png\",\"width\":219,\"height\":100,\"caption\":\"MiuMjau O\u00dc\"},\"image\":{\"@id\":\"https:\\\/\\\/miumjau.ee\\\/#\\\/schema\\\/logo\\\/image\\\/\"},\"sameAs\":[\"https:\\\/\\\/www.facebook.com\\\/miumjaupood\\\/\"]}]}<\/script>\n<!-- \/ Yoast SEO plugin. -->","yoast_head_json":{"title":"Beaphar Vit-Bits vitamin\u0173 pasta \u012fdarytas ka\u010di\u0173 skan\u0117stas 35 g - MiuMjau","robots":{"index":"index","follow":"follow","max-snippet":"max-snippet:-1","max-image-preview":"max-image-preview:large","max-video-preview":"max-video-preview:-1"},"canonical":"https:\/\/miumjau.ee\/lt\/produktas\/beaphar-vit-bits-vitaminu-pasta-idarytas-kaciu-skanestas-35-g\/","og_locale":"lt_LT","og_type":"article","og_title":"Beaphar Vit-Bits vitamin\u0173 pasta \u012fdarytas ka\u010di\u0173 skan\u0117stas 35 g - MiuMjau","og_description":"Beaphar Vit-Bits \u2013 pa\u0161aro papildas kat\u0117ms. Tra\u0161k\u016bs pagalv\u0117l\u0117s Vit-Bits yra pripildytos multivitamin\u0173 pasta \u2013 skanus ir naudingas papildas kat\u0117ms. Be kasdien reikaling\u0173 vitamin\u0173 tai taip pat suteikia taurino, kuris palaiko ka\u010di\u0173 reg\u0117jim\u0105 ir \u0161irdies veikl\u0105, bei B grup\u0117s vitamin\u0173, nauding\u0173 kailio b\u016bklei. Sud\u0117tis: gr\u016bdai, pienas ir pieno produktai, m\u0117sa ir gyv\u016bnin\u0117s kilm\u0117s subproduktai, aliejai ir riebalai, mineralin\u0117s med\u017eiagos. Analitin\u0117 sud\u0117tis: \u017eali baltymai 31%; \u017ealios skaidulos 2,8%; \u017eali riebalai 10%; \u017eali pelenai 2,4%; dr\u0117gm\u0117 8,9%; kalcis 0,15%; fosforas 0,62%; natris 0,17%; kalis 0,54%; magnis 0,13%.Papildai 1 kg: A vitaminas 4580 TV; B1 vitaminas 58 mg; B2 vitaminas 17 mg; pantoteno r\u016bg\u0161tis 2,8 mg; nikotinamidas 160 mg; biotinas 62 mg; taurinas 660 mg; C vitaminas 870 mg; E vitaminas 100 TV; taurinas 1000 mg. Antioksidantai.","og_url":"https:\/\/miumjau.ee\/lt\/produktas\/beaphar-vit-bits-vitaminu-pasta-idarytas-kaciu-skanestas-35-g\/","og_site_name":"MiuMjau","article_publisher":"https:\/\/www.facebook.com\/miumjaupood\/","article_modified_time":"2026-01-07T18:49:58+00:00","og_image":[{"width":600,"height":800,"url":"https:\/\/miumjau.ee\/wp-content\/uploads\/2025\/08\/beaphar-vit-bits-vitamiini-maius.jpg","type":"image\/jpeg"}],"twitter_card":"summary_large_image","schema":{"@context":"https:\/\/schema.org","@graph":[{"@type":"WebPage","@id":"https:\/\/miumjau.ee\/lt\/produktas\/beaphar-vit-bits-vitaminu-pasta-idarytas-kaciu-skanestas-35-g\/","url":"https:\/\/miumjau.ee\/lt\/produktas\/beaphar-vit-bits-vitaminu-pasta-idarytas-kaciu-skanestas-35-g\/","name":"Beaphar Vit-Bits vitamin\u0173 pasta \u012fdarytas ka\u010di\u0173 skan\u0117stas 35 g - MiuMjau","isPartOf":{"@id":"https:\/\/miumjau.ee\/#website"},"primaryImageOfPage":{"@id":"https:\/\/miumjau.ee\/lt\/produktas\/beaphar-vit-bits-vitaminu-pasta-idarytas-kaciu-skanestas-35-g\/#primaryimage"},"image":{"@id":"https:\/\/miumjau.ee\/lt\/produktas\/beaphar-vit-bits-vitaminu-pasta-idarytas-kaciu-skanestas-35-g\/#primaryimage"},"thumbnailUrl":"https:\/\/miumjau.ee\/wp-content\/uploads\/2025\/08\/beaphar-vit-bits-vitamiini-maius.jpg","datePublished":"2025-08-26T10:23:41+00:00","dateModified":"2026-01-07T18:49:58+00:00","breadcrumb":{"@id":"https:\/\/miumjau.ee\/lt\/produktas\/beaphar-vit-bits-vitaminu-pasta-idarytas-kaciu-skanestas-35-g\/#breadcrumb"},"inLanguage":"lt-LT","potentialAction":[{"@type":"ReadAction","target":["https:\/\/miumjau.ee\/lt\/produktas\/beaphar-vit-bits-vitaminu-pasta-idarytas-kaciu-skanestas-35-g\/"]}]},{"@type":"ImageObject","inLanguage":"lt-LT","@id":"https:\/\/miumjau.ee\/lt\/produktas\/beaphar-vit-bits-vitaminu-pasta-idarytas-kaciu-skanestas-35-g\/#primaryimage","url":"https:\/\/miumjau.ee\/wp-content\/uploads\/2025\/08\/beaphar-vit-bits-vitamiini-maius.jpg","contentUrl":"https:\/\/miumjau.ee\/wp-content\/uploads\/2025\/08\/beaphar-vit-bits-vitamiini-maius.jpg","width":600,"height":800,"caption":"Beaphar Vit-Bits vitamiinipastaga kassimaius 35g"},{"@type":"BreadcrumbList","@id":"https:\/\/miumjau.ee\/lt\/produktas\/beaphar-vit-bits-vitaminu-pasta-idarytas-kaciu-skanestas-35-g\/#breadcrumb","itemListElement":[{"@type":"ListItem","position":1,"name":"Home","item":"https:\/\/miumjau.ee\/lt\/"},{"@type":"ListItem","position":2,"name":"Parduotuv\u0117","item":"https:\/\/miumjau.ee\/lt\/parduotuve\/"},{"@type":"ListItem","position":3,"name":"Beaphar Vit-Bits vitamin\u0173 pasta \u012fdarytas ka\u010di\u0173 skan\u0117stas 35 g"}]},{"@type":"WebSite","@id":"https:\/\/miumjau.ee\/#website","url":"https:\/\/miumjau.ee\/","name":"MiuMjau","description":"Kraapimispuud kassidele","publisher":{"@id":"https:\/\/miumjau.ee\/#organization"},"potentialAction":[{"@type":"SearchAction","target":{"@type":"EntryPoint","urlTemplate":"https:\/\/miumjau.ee\/?s={search_term_string}"},"query-input":{"@type":"PropertyValueSpecification","valueRequired":true,"valueName":"search_term_string"}}],"inLanguage":"lt-LT"},{"@type":"Organization","@id":"https:\/\/miumjau.ee\/#organization","name":"MiuMjau O\u00dc","url":"https:\/\/miumjau.ee\/","logo":{"@type":"ImageObject","inLanguage":"lt-LT","@id":"https:\/\/miumjau.ee\/#\/schema\/logo\/image\/","url":"https:\/\/miumjau.ee\/wp-content\/uploads\/2022\/04\/MiuMjau-logo-kollane.png","contentUrl":"https:\/\/miumjau.ee\/wp-content\/uploads\/2022\/04\/MiuMjau-logo-kollane.png","width":219,"height":100,"caption":"MiuMjau O\u00dc"},"image":{"@id":"https:\/\/miumjau.ee\/#\/schema\/logo\/image\/"},"sameAs":["https:\/\/www.facebook.com\/miumjaupood\/"]}]}},"_links":{"self":[{"href":"https:\/\/miumjau.ee\/lt\/wp-json\/wp\/v2\/product\/44702","targetHints":{"allow":["GET"]}}],"collection":[{"href":"https:\/\/miumjau.ee\/lt\/wp-json\/wp\/v2\/product"}],"about":[{"href":"https:\/\/miumjau.ee\/lt\/wp-json\/wp\/v2\/types\/product"}],"wp:featuredmedia":[{"embeddable":true,"href":"https:\/\/miumjau.ee\/lt\/wp-json\/wp\/v2\/media\/43856"}],"wp:attachment":[{"href":"https:\/\/miumjau.ee\/lt\/wp-json\/wp\/v2\/media?parent=44702"}],"wp:term":[{"taxonomy":"product_brand","embeddable":true,"href":"https:\/\/miumjau.ee\/lt\/wp-json\/wp\/v2\/product_brand?post=44702"},{"taxonomy":"product_cat","embeddable":true,"href":"https:\/\/miumjau.ee\/lt\/wp-json\/wp\/v2\/product_cat?post=44702"},{"taxonomy":"product_tag","embeddable":true,"href":"https:\/\/miumjau.ee\/lt\/wp-json\/wp\/v2\/product_tag?post=44702"}],"curies":[{"name":"wp","href":"https:\/\/api.w.org\/{rel}","templated":true}]}}